{"id":27535,"date":"2025-09-08T14:14:04","date_gmt":"2025-09-08T07:14:04","guid":{"rendered":"https:\/\/kawasan.vn\/?post_type=product&#038;p=27535"},"modified":"2025-12-16T13:53:51","modified_gmt":"2025-12-16T06:53:51","slug":"dau-beam-bao-trom-s20m","status":"publish","type":"product","link":"https:\/\/kawasan.vn\/en\/product\/dau-beam-bao-trom-s20m\/","title":{"rendered":"H\u00e0ng r\u00e0o ch\u1ed1ng tr\u1ed9m h\u1ed3ng ngo\u1ea1i 2 tia c\u00f3 d\u00e2y B20M \u2013 Kawasan"},"content":{"rendered":"<p data-start=\"222\" data-end=\"587\">B20M l\u00e0 thi\u1ebft b\u1ecb <strong data-start=\"239\" data-end=\"295\">h\u00e0ng r\u00e0o ch\u1ed1ng tr\u1ed9m h\u1ed3ng ngo\u1ea1i 2 tia thu\u2013ph\u00e1t c\u00f3 d\u00e2y<\/strong>, thu\u1ed9c d\u00f2ng s\u1ea3n ph\u1ea9m an ninh ch\u1ea5t l\u01b0\u1ee3ng cao c\u1ee7a Kawasan. \u0110\u01b0\u1ee3c thi\u1ebft k\u1ebf nh\u1ecf g\u1ecdn, ho\u1ea1t \u0111\u1ed9ng ch\u00ednh x\u00e1c v\u00e0 c\u00f3 \u0111\u1ed9 b\u1ec1n v\u01b0\u1ee3t tr\u1ed9i, B20M mang l\u1ea1i hi\u1ec7u qu\u1ea3 gi\u00e1m s\u00e1t an ninh t\u1ed1i \u01b0u cho c\u00e1c khu v\u1ef1c nh\u01b0 nh\u00e0 \u1edf, bi\u1ec7t th\u1ef1, kho b\u00e3i, c\u1ed5ng, v\u01b0\u1eddn \u2013 \u0111\u1eb7c bi\u1ec7t ph\u00f9 h\u1ee3p khi c\u1ea7n b\u1ea3o v\u1ec7 b\u1eb1ng h\u00e0ng r\u00e0o d\u00e2y d\u00e0i (20 m).<\/p>\n<p data-start=\"589\" data-end=\"850\">S\u1ea3n ph\u1ea9m k\u1ebf th\u1eeba \u01b0u \u0111i\u1ec3m c\u1ee7a B30M \u2013 nh\u01b0 ch\u1ed1ng ch\u1eadp, ch\u1ed1ng nhi\u1ec5u, ch\u1ed1ng b\u00e1o gi\u1ea3 \u2013 nh\u01b0ng t\u1ed1i \u01b0u h\u00f3a v\u1ec1 kho\u1ea3ng c\u00e1ch l\u1eafp \u0111\u1eb7t, ph\u00f9 h\u1ee3p h\u01a1n cho c\u00e1c khu v\u1ef1c c\u00f3 y\u00eau c\u1ea7u b\u1ea3o v\u1ec7 \u1edf t\u1ea7m ng\u1eafn v\u1eeba (kho\u1ea3ng 20 m ngo\u00e0i tr\u1eddi, 30 m trong nh\u00e0)<\/p>\n<h2 data-start=\"857\" data-end=\"887\"><span class=\"ez-toc-section\" id=\"Thong_so_ky_thuat_du_kien\"><\/span>Th\u00f4ng s\u1ed1 k\u1ef9 thu\u1eadt (d\u1ef1 ki\u1ebfn)<span class=\"ez-toc-section-end\"><\/span><\/h2><div id=\"ez-toc-container\" class=\"ez-toc-v2_0_69_1 counter-hierarchy ez-toc-counter ez-toc-grey ez-toc-container-direction\">\n<div class=\"ez-toc-title-container\">\n<p class=\"ez-toc-title\" >N\u1ed9i Dung B&agrave;i Vi\u1ebft<\/p>\n<span class=\"ez-toc-title-toggle\"><a href=\"#\" class=\"ez-toc-pull-right ez-toc-btn ez-toc-btn-xs ez-toc-btn-default ez-toc-toggle\" aria-label=\"Toggle Table of Content\"><span class=\"ez-toc-js-icon-con\"><span class=\"\"><span class=\"eztoc-hide\" style=\"display:none;\">Toggle<\/span><span class=\"ez-toc-icon-toggle-span\"><svg style=\"fill: #999;color:#999\" xmlns=\"http:\/\/www.w3.org\/2000\/svg\" class=\"list-377408\" width=\"20px\" height=\"20px\" viewbox=\"0 0 24 24\" fill=\"none\"><path d=\"M6 6H4v2h2V6zm14 0H8v2h12V6zM4 11h2v2H4v-2zm16 0H8v2h12v-2zM4 16h2v2H4v-2zm16 0H8v2h12v-2z\" fill=\"currentColor\"><\/path><\/svg><svg style=\"fill: #999;color:#999\" class=\"arrow-unsorted-368013\" xmlns=\"http:\/\/www.w3.org\/2000\/svg\" width=\"10px\" height=\"10px\" viewbox=\"0 0 24 24\" version=\"1.2\" baseprofile=\"tiny\"><path d=\"M18.2 9.3l-6.2-6.3-6.2 6.3c-.2.2-.3.4-.3.7s.1.5.3.7c.2.2.4.3.7.3h11c.3 0 .5-.1.7-.3.2-.2.3-.5.3-.7s-.1-.5-.3-.7zM5.8 14.7l6.2 6.3 6.2-6.3c.2-.2.3-.5.3-.7s-.1-.5-.3-.7c-.2-.2-.4-.3-.7-.3h-11c-.3 0-.5.1-.7.3-.2.2-.3.5-.3.7s.1.5.3.7z\"\/><\/svg><\/span><\/span><\/span><\/a><\/span><\/div>\n<nav><ul class='ez-toc-list ez-toc-list-level-1 eztoc-toggle-hide-by-default' ><li class='ez-toc-page-1 ez-toc-heading-level-2'><a class=\"ez-toc-link ez-toc-heading-1\" href=\"https:\/\/kawasan.vn\/en\/product\/dau-beam-bao-trom-s20m\/#Thong_so_ky_thuat_du_kien\" title=\"Th\u00f4ng s\u1ed1 k\u1ef9 thu\u1eadt (d\u1ef1 ki\u1ebfn)\">Th\u00f4ng s\u1ed1 k\u1ef9 thu\u1eadt (d\u1ef1 ki\u1ebfn)<\/a><\/li><li class='ez-toc-page-1 ez-toc-heading-level-2'><a class=\"ez-toc-link ez-toc-heading-2\" href=\"https:\/\/kawasan.vn\/en\/product\/dau-beam-bao-trom-s20m\/#Dac_tinh_noi_bat\" title=\"\u0110\u1eb7c t\u00ednh n\u1ed5i b\u1eadt\">\u0110\u1eb7c t\u00ednh n\u1ed5i b\u1eadt<\/a><\/li><li class='ez-toc-page-1 ez-toc-heading-level-2'><a class=\"ez-toc-link ez-toc-heading-3\" href=\"https:\/\/kawasan.vn\/en\/product\/dau-beam-bao-trom-s20m\/#Ung_dung\" title=\"\u1ee8ng d\u1ee5ng\">\u1ee8ng d\u1ee5ng<\/a><ul class='ez-toc-list-level-3' ><li class='ez-toc-heading-level-3'><a class=\"ez-toc-link ez-toc-heading-4\" href=\"https:\/\/kawasan.vn\/en\/product\/dau-beam-bao-trom-s20m\/#Tong_ket\" title=\"T\u1ed5ng k\u1ebft\">T\u1ed5ng k\u1ebft<\/a><\/li><\/ul><\/li><li class='ez-toc-page-1 ez-toc-heading-level-2'><a class=\"ez-toc-link ez-toc-heading-5\" href=\"https:\/\/kawasan.vn\/en\/product\/dau-beam-bao-trom-s20m\/#TAI_SAO_NEN_CHON_KAWASAN\" title=\"T\u1ea0I SAO N\u00caN CH\u1eccN KAWASAN?\">T\u1ea0I SAO N\u00caN CH\u1eccN KAWASAN?<\/a><\/li><li class='ez-toc-page-1 ez-toc-heading-level-2'><a class=\"ez-toc-link ez-toc-heading-6\" href=\"https:\/\/kawasan.vn\/en\/product\/dau-beam-bao-trom-s20m\/#Cam_ket_tu_Kawasan\" title=\"Cam k\u1ebft t\u1eeb Kawasan\">Cam k\u1ebft t\u1eeb Kawasan<\/a><\/li><\/ul><\/nav><\/div>\n\n<div class=\"_tableContainer_1rjym_1\">\n<div class=\"_tableWrapper_1rjym_13 group flex w-fit flex-col-reverse\" tabindex=\"-1\">\n<table class=\"w-fit min-w-(--thread-content-width)\" data-start=\"889\" data-end=\"1801\">\n<thead data-start=\"889\" data-end=\"960\">\n<tr data-start=\"889\" data-end=\"960\">\n<th data-start=\"889\" data-end=\"913\" data-col-size=\"sm\">Th\u00f4ng s\u1ed1<\/th>\n<th data-start=\"913\" data-end=\"960\" data-col-size=\"md\">Gi\u00e1 tr\u1ecb t\u01b0\u01a1ng \u0111\u01b0\u01a1ng B30M (d\u1ef1 ki\u1ebfn cho B20M)<\/th>\n<\/tr>\n<\/thead>\n<tbody data-start=\"1033\" data-end=\"1801\">\n<tr data-start=\"1033\" data-end=\"1133\">\n<td data-start=\"1033\" data-end=\"1057\" data-col-size=\"sm\">Kho\u1ea3ng c\u00e1ch thu\u2013ph\u00e1t<\/td>\n<td data-start=\"1057\" data-end=\"1133\" data-col-size=\"md\">~20 m<\/td>\n<\/tr>\n<tr data-start=\"1134\" data-end=\"1220\">\n<td data-start=\"1134\" data-end=\"1158\" data-col-size=\"sm\">G\u00f3c \u0111i\u1ec1u ch\u1ec9nh<\/td>\n<td data-start=\"1158\" data-end=\"1220\" data-col-size=\"md\">\u00b190\u00b0 ngang, \u00b115\u00b0 d\u1ecdc<\/td>\n<\/tr>\n<tr data-start=\"1221\" data-end=\"1298\">\n<td data-start=\"1221\" data-end=\"1245\" data-col-size=\"sm\">Th\u1eddi gian \u0111\u00e1p \u1ee9ng<\/td>\n<td data-start=\"1245\" data-end=\"1298\" data-col-size=\"md\">50 \u2013 700 ms<\/td>\n<\/tr>\n<tr data-start=\"1299\" data-end=\"1385\">\n<td data-start=\"1299\" data-end=\"1323\" data-col-size=\"sm\">Ng\u00f5 ra b\u00e1o \u0111\u1ed9ng<\/td>\n<td data-start=\"1323\" data-end=\"1385\" data-col-size=\"md\">NO \/ NC, 120 V \/ 1 A<\/td>\n<\/tr>\n<tr data-start=\"1386\" data-end=\"1468\">\n<td data-start=\"1386\" data-end=\"1411\" data-col-size=\"sm\">Ngu\u1ed3n c\u1ea5p<\/td>\n<td data-start=\"1411\" data-end=\"1468\" data-col-size=\"md\">AC\/DC 12 ~ 24 V<\/td>\n<\/tr>\n<tr data-start=\"1469\" data-end=\"1552\">\n<td data-start=\"1469\" data-end=\"1494\" data-col-size=\"sm\">K\u00edch th\u01b0\u1edbc (HxWxD)<\/td>\n<td data-start=\"1494\" data-end=\"1552\" data-col-size=\"md\">173 x 74 x 72 mm<\/td>\n<\/tr>\n<tr data-start=\"1553\" data-end=\"1631\">\n<td data-start=\"1553\" data-end=\"1576\" data-col-size=\"sm\">Tr\u1ecdng l\u01b0\u1ee3ng<\/td>\n<td data-col-size=\"md\" data-start=\"1576\" data-end=\"1631\">Kho\u1ea3ng 1.1 kg<\/td>\n<\/tr>\n<tr data-start=\"1632\" data-end=\"1727\">\n<td data-start=\"1632\" data-end=\"1663\" data-col-size=\"sm\">Ti\u00eau chu\u1ea9n b\u1ea3o v\u1ec7 m\u00f4i tr\u01b0\u1eddng<\/td>\n<td data-start=\"1663\" data-end=\"1727\" data-col-size=\"md\">IP66 (ch\u1ed1ng n\u01b0\u1edbc, b\u1ee5i)<\/td>\n<\/tr>\n<tr data-start=\"1728\" data-end=\"1801\">\n<td data-start=\"1728\" data-end=\"1752\" data-col-size=\"sm\">Tu\u1ed5i th\u1ecd thi\u1ebft b\u1ecb<\/td>\n<td data-start=\"1752\" data-end=\"1801\" data-col-size=\"md\">&gt; 5 n\u0103m<\/td>\n<\/tr>\n<\/tbody>\n<\/table>\n<\/div>\n<\/div>\n<h2 data-start=\"1958\" data-end=\"1977\"><span class=\"ez-toc-section\" id=\"Dac_tinh_noi_bat\"><\/span>\u0110\u1eb7c t\u00ednh n\u1ed5i b\u1eadt<span class=\"ez-toc-section-end\"><\/span><\/h2>\n<ul data-start=\"1979\" data-end=\"2946\">\n<li data-start=\"1979\" data-end=\"2211\">\n<p data-start=\"1981\" data-end=\"2211\"><strong data-start=\"1981\" data-end=\"2017\">Ch\u00ednh x\u00e1c cao, gi\u1ea3m b\u00e1o \u0111\u1ed9ng gi\u1ea3<\/strong>: C\u00f4ng ngh\u1ec7 x\u1eed l\u00fd t\u00edn hi\u1ec7u ti\u00ean ti\u1ebfn, s\u1eed d\u1ee5ng 2 tia h\u1ed3ng ngo\u1ea1i gi\u00fap ph\u00e2n bi\u1ec7t v\u1eadt th\u1ec3 nh\u1ecf nh\u01b0 \u0111\u1ed9ng v\u1eadt, l\u00e1 c\u00e2y r\u01a1i \u2013 nh\u1edd \u0111\u00f3 tr\u00e1nh b\u00e1o \u0111\u1ed9ng kh\u00f4ng c\u1ea7n thi\u1ebft<\/p>\n<\/li>\n<li data-start=\"2213\" data-end=\"2394\">\n<p data-start=\"2215\" data-end=\"2394\"><strong data-start=\"2215\" data-end=\"2251\">Ch\u1ed1ng ch\u1ecbu th\u1eddi ti\u1ebft kh\u1eafc nghi\u1ec7t<\/strong>: Thi\u1ebft b\u1ecb \u0111\u1ea1t chu\u1ea9n IP66 v\u1edbi v\u1ecf nh\u1ef1a ABS cao c\u1ea5p, ho\u1ea1t \u0111\u1ed9ng \u1ed5n \u0111\u1ecbnh ngo\u00e0i tr\u1eddi d\u00f9 m\u01b0a, gi\u00f3, b\u1ee5i hay \u1ea9m<\/p>\n<\/li>\n<li data-start=\"2396\" data-end=\"2537\">\n<p data-start=\"2398\" data-end=\"2537\"><strong data-start=\"2398\" data-end=\"2443\">\u0110\u1ed9 b\u1ec1n l\u00e2u d\u00e0i, ti\u1ebft ki\u1ec7m chi ph\u00ed b\u1ea3o tr\u00ec<\/strong>: Thi\u1ebft k\u1ebf ch\u1ea5t l\u01b0\u1ee3ng cao, tu\u1ed5i th\u1ecd l\u00ean \u0111\u1ebfn tr\u00ean 5 n\u0103m<\/p>\n<\/li>\n<li data-start=\"2539\" data-end=\"2767\">\n<p data-start=\"2541\" data-end=\"2767\"><strong data-start=\"2541\" data-end=\"2582\">T\u00edn hi\u1ec7u linh ho\u1ea1t \u2013 d\u1ec5 d\u00e0ng t\u00edch h\u1ee3p<\/strong>: C\u00f3 th\u1ec3 k\u1ebft n\u1ed1i d\u00e2y v\u1edbi h\u1ec7 th\u1ed1ng b\u00e1o \u0111\u1ed9ng, c\u00f2i, \u0111\u00e8n ho\u1eb7c trung t\u00e2m ki\u1ec3m so\u00e1t; ng\u00f5 ra b\u00e1o \u0111\u1ed9ng t\u01b0\u01a1ng th\u00edch chu\u1ea9n NO\/NC cho kh\u1ea3 n\u0103ng linh ho\u1ea1t<\/p>\n<\/li>\n<li data-start=\"2769\" data-end=\"2946\">\n<p data-start=\"2771\" data-end=\"2946\"><strong data-start=\"2771\" data-end=\"2809\">Thi\u1ebft k\u1ebf nh\u1ecf g\u1ecdn, t\u00ednh th\u1ea9m m\u1ef9 cao<\/strong>: D\u1ec5 d\u00e0ng g\u1eafn t\u1ea1i \u0111\u1ea7u t\u01b0\u1eddng, c\u1ed5ng ho\u1eb7c tr\u1ee5 b\u1ea3o v\u1ec7 m\u00e0 kh\u00f4ng l\u00e0m m\u1ea5t di\u1ec7n m\u1ea1o kh\u00f4ng gian xung quanh<\/p>\n<\/li>\n<\/ul>\n<h2 data-start=\"2953\" data-end=\"2964\"><span class=\"ez-toc-section\" id=\"Ung_dung\"><\/span>\u1ee8ng d\u1ee5ng<span class=\"ez-toc-section-end\"><\/span><\/h2>\n<p data-start=\"2966\" data-end=\"3034\">Thi\u1ebft b\u1ecb B20M th\u00edch h\u1ee3p s\u1eed d\u1ee5ng t\u1ea1i nhi\u1ec1u m\u00f4i tr\u01b0\u1eddng kh\u00e1c nhau, nh\u01b0:<\/p>\n<ul data-start=\"3036\" data-end=\"3348\">\n<li data-start=\"3036\" data-end=\"3079\">\n<p data-start=\"3038\" data-end=\"3079\">Nh\u00e0 \u1edf, bi\u1ec7t th\u1ef1, resort, ch\u00f9a, b\u1ec7nh vi\u1ec7n\u2026<\/p>\n<\/li>\n<li data-start=\"3080\" data-end=\"3124\">\n<p data-start=\"3082\" data-end=\"3124\">Kho b\u00e3i, nh\u00e0 x\u01b0\u1edfng, c\u00f4ng ty, s\u00e2n v\u1eadn \u0111\u1ed9ng\u2026<\/p>\n<\/li>\n<li data-start=\"3125\" data-end=\"3192\">\n<p data-start=\"3127\" data-end=\"3192\">V\u01b0\u1eddn tr\u00e1i c\u00e2y, v\u01b0\u1eddn hoa, trang tr\u1ea1i, khu v\u1ef1c nu\u00f4i tr\u1ed3ng th\u1ee7y s\u1ea3n\u2026<\/p>\n<\/li>\n<li data-start=\"3193\" data-end=\"3348\">\n<p data-start=\"3195\" data-end=\"3348\">Nh\u1eefng v\u1ecb tr\u00ed c\u00f3 nhu c\u1ea7u b\u1ea3o v\u1ec7 ng\u1eafn kho\u1ea3ng 20 m nh\u01b0 l\u1ed1i v\u00e0o ch\u00ednh, ban c\u00f4ng ho\u1eb7c khu v\u1ef1c tr\u1ecdng y\u1ebfu xung quanh nh\u00e0<\/p>\n<\/li>\n<\/ul>\n<h3 data-start=\"3355\" data-end=\"3368\"><span class=\"ez-toc-section\" id=\"Tong_ket\"><\/span>T\u1ed5ng k\u1ebft<span class=\"ez-toc-section-end\"><\/span><\/h3>\n<p data-start=\"3370\" data-end=\"3661\">B20M l\u00e0 gi\u1ea3i ph\u00e1p an ninh th\u00f4ng minh cho nh\u1eefng khu v\u1ef1c y\u00eau c\u1ea7u b\u1ea3o v\u1ec7 c\u1ef1 ly ng\u1eafn (kho\u1ea3ng 20 m ngo\u00e0i tr\u1eddi). V\u1edbi c\u01a1 ch\u1ebf ho\u1ea1t \u0111\u1ed9ng ch\u00ednh x\u00e1c, v\u1eadt li\u1ec7u b\u1ec1n b\u1ec9 v\u00e0 t\u00edch h\u1ee3p d\u1ec5 d\u00e0ng v\u1edbi h\u1ec7 th\u1ed1ng b\u00e1o \u0111\u1ed9ng, B20M \u0111\u1ea3m b\u1ea3o mang l\u1ea1i s\u1ef1 an t\u00e2m, hi\u1ec7u qu\u1ea3 v\u00e0 th\u1ea9m m\u1ef9 cho kh\u00f4ng gian s\u1ed1ng v\u00e0 l\u00e0m vi\u1ec7c c\u1ee7a b\u1ea1n.<\/p>\n<h2><span class=\"ez-toc-section\" id=\"TAI_SAO_NEN_CHON_KAWASAN\"><\/span><b>T\u1ea0I SAO N\u00caN CH\u1eccN KAWASAN?<\/b><span class=\"ez-toc-section-end\"><\/span><\/h2>\n<ul>\n<li style=\"font-weight: 400;\" aria-level=\"1\"><b>Th\u01b0\u01a1ng hi\u1ec7u h\u00e0ng \u0111\u1ea7u Vi\u1ec7t Nam <\/b><span style=\"font-weight: 400;\">trong l\u0129nh v\u1ef1c \u0111i\u1ec7n t\u1ef1 \u0111\u1ed9ng, an ninh, an to\u00e0n v\u00e0 \u0111i\u1ec7n th\u00f4ng minh t\u1eeb 2007 v\u00e0 \u0111\u00e8n led d\u00e2n d\u1ee5ng, \u0111\u00e8n n\u0103ng l\u01b0\u1ee3ng m\u1eb7t tr\u1eddi t\u1eeb n\u0103m 2012<\/span><\/li>\n<li style=\"font-weight: 400;\" aria-level=\"1\"><b>\u0110\u1ed9 b\u1ec1n cao, linh ki\u1ec7n ch\u1ecdn l\u1ecdc<\/b><span style=\"font-weight: 400;\">\u2013 Ho\u1ea1t \u0111\u1ed9ng \u1ed5n \u0111\u1ecbnh c\u1ea3 trong \u0111i\u1ec1u ki\u1ec7n th\u1eddi ti\u1ebft kh\u1eafc nghi\u1ec7t<\/span><\/li>\n<li style=\"font-weight: 400;\" aria-level=\"1\"><b>Ch\u00ednh s\u00e1ch b\u1ea3o h\u00e0nh v\u01b0\u1ee3t tr\u1ed9i<\/b><span style=\"font-weight: 400;\">\u2013 H\u1ed7 tr\u1ee3 s\u1eeda ch\u1eefa c\u1ea3 sau th\u1eddi gian b\u1ea3o h\u00e0nh n\u1ebfu c\u00f2n kh\u1ea3 n\u0103ng kh\u1eafc ph\u1ee5c<\/span><\/li>\n<li style=\"font-weight: 400;\" aria-level=\"1\"><b>Kawasan hi\u1ec7n c\u00f3 tr\u1ee5 s\u1edf t\u1ea1i HCM, chi nh\u00e1nh t\u1ea1i H\u00e0 N\u1ed9i, \u0110\u00e0 N\u1eb5ng v\u00e0 x\u01b0\u1edfng SX, L\u1eafp r\u00e1p t\u1ea1i Q12. HCM.<\/b><\/li>\n<li style=\"font-weight: 400;\" aria-level=\"1\"><b>D\u1ecbch v\u1ee5 h\u1ed7 tr\u1ee3 24\/7<\/b><span style=\"font-weight: 400;\">, m\u1ea1ng l\u01b0\u1edbi \u0111\u1ea1i l\u00fd ph\u1ee7 kh\u1eafp c\u1ea3 n\u01b0\u1edbc<\/span><\/li>\n<\/ul>\n<h2><span class=\"ez-toc-section\" id=\"Cam_ket_tu_Kawasan\"><\/span><b>Cam k\u1ebft t\u1eeb Kawasan<\/b><span class=\"ez-toc-section-end\"><\/span><\/h2>\n<p><span style=\"font-weight: 400;\">Kawasan cam k\u1ebft mang \u0111\u1ebfn s\u1ea3n ph\u1ea9m <\/span><b>ch\u00ednh h\u00e3ng \u2013 b\u1ec1n b\u1ec9 \u2013 an to\u00e0n<\/b><span style=\"font-weight: 400;\">, \u0111\u00e1p \u1ee9ng \u0111\u1ea7y \u0111\u1ee7 c\u00e1c ti\u00eau chu\u1ea9n k\u1ef9 thu\u1eadt v\u00e0 y\u00eau c\u1ea7u s\u1eed d\u1ee5ng th\u1ef1c t\u1ebf. T\u1ea5t c\u1ea3 s\u1ea3n ph\u1ea9m \u0111\u01b0\u1ee3c b\u1ea3o h\u00e0nh <\/span><b>mi\u1ec5n ph\u00ed 24 th\u00e1ng<\/b><span style=\"font-weight: 400;\">, 1 \u0111\u1ed5i 1 trong v\u00f2ng 30 ng\u00e0y n\u1ebfu l\u1ed7i k\u1ef9 thu\u1eadt. Ngo\u00e0i ra, kh\u00e1ch h\u00e0ng c\u00f2n \u0111\u01b0\u1ee3c h\u1ed7 tr\u1ee3 s\u1eeda ch\u1eefa sau khi h\u1ebft th\u1eddi gian b\u1ea3o h\u00e0nh n\u1ebfu s\u1ea3n ph\u1ea9m c\u00f2n kh\u1ea3 n\u0103ng ph\u1ee5c h\u1ed3i, <\/span><b>kh\u00f4ng t\u00ednh ph\u00ed<\/b><span style=\"font-weight: 400;\"> n\u1ebfu chi ph\u00ed linh ki\u1ec7n thay th\u1ebf kh\u00f4ng \u0111\u00e1ng k\u1ec3. <\/span><b>Kh\u00e1ch h\u00e0ng c\u00f3 th\u1ec3 t\u00ecm mua s\u1ea3n ph\u1ea9m t\u1ea1i c\u00e1c \u0111\u1ea1i l\u00fd thu\u1ed9c <\/b><a href=\"https:\/\/kawasan.vn\/en\/he-thong-phan-phoi\/\"><b>H\u1ec6 TH\u1ed0NG PH\u00c2N PH\u1ed0I TO\u00c0N QU\u1ed0C<\/b><\/a><b> t\u1ea1i c\u00e1c t\u1ec9nh th\u00e0nh ho\u1eb7c c\u00f3 th\u1ec3 d\u1eb7t h\u00e0ng tr\u00ean website.<\/b><\/p>\n<ul>\n<li style=\"list-style-type: none;\">\n<ul>\n<li><b>Thank you for trusting Kawasan products!<\/b><\/li>\n<li><b>T\u1ed5ng \u0110\u00e0i T\u01b0 V\u1ea5n Mi\u1ec5n C\u01b0\u1edbc: 1800 0058<\/b><\/li>\n<li><b>Trang web:\u00a0 <\/b><a href=\"https:\/\/kawasan.vn\/en\/\"><b>www.kawasan.vn<\/b><\/a><\/li>\n<li><b>Trang web:\u00a0 <\/b><a href=\"https:\/\/kawaled.com.vn\/\"><b>www.kawaled.com.vn<\/b><\/a><\/li>\n<\/ul>\n<\/li>\n<\/ul>\n<p>&nbsp;<\/p>","protected":false},"excerpt":{"rendered":"<p>B20M l\u00e0 thi\u1ebft b\u1ecb h\u00e0ng r\u00e0o ch\u1ed1ng tr\u1ed9m h\u1ed3ng ngo\u1ea1i 2 tia thu\u2013ph\u00e1t c\u00f3 d\u00e2y, thu\u1ed9c d\u00f2ng s\u1ea3n ph\u1ea9m an ninh ch\u1ea5t l\u01b0\u1ee3ng cao c\u1ee7a Kawasan. \u0110\u01b0\u1ee3c thi\u1ebft k\u1ebf nh\u1ecf g\u1ecdn, ho\u1ea1t \u0111\u1ed9ng ch\u00ednh x\u00e1c v\u00e0 c\u00f3 \u0111\u1ed9 b\u1ec1n v\u01b0\u1ee3t tr\u1ed9i, B20M mang l\u1ea1i hi\u1ec7u qu\u1ea3 gi\u00e1m s\u00e1t an ninh t\u1ed1i \u01b0u cho c\u00e1c khu [&hellip;]<\/p>","protected":false},"featured_media":27537,"comment_status":"open","ping_status":"closed","template":"","meta":{"_yoast_wpseo_focuskw":"ch\u1ed1ng tr\u1ed9m h\u1ed3ng ngo\u1ea1i","_yoast_wpseo_metadesc":"","_yoast_wpseo_focuskeywords":"","_yoast_wpseo_keyword_synonyms":""},"product_cat":[15],"product_tag":[],"class_list":["post-27535","product","type-product","status-publish","has-post-thumbnail","hentry","product_cat-cong-tac-cam-ung-chuyen-dong"],"acf":[],"yoast_head":"<!-- This site is optimized with the Yoast SEO Premium plugin v24.9 (Yoast SEO v24.9) - https:\/\/yoast.com\/wordpress\/plugins\/seo\/ -->\n<title>H\u00e0ng r\u00e0o ch\u1ed1ng tr\u1ed9m h\u1ed3ng ngo\u1ea1i 2 tia c\u00f3 d\u00e2y B20M \u2013 Kawasan - Kawasan<\/title>\n<meta name=\"robots\" content=\"index, follow, max-snippet:-1, max-image-preview:large, max-video-preview:-1\" \/>\n<link rel=\"canonical\" href=\"https:\/\/kawasan.vn\/en\/product\/dau-beam-bao-trom-s20m\/\" \/>\n<meta property=\"og:locale\" content=\"en_US\" \/>\n<meta property=\"og:type\" content=\"article\" \/>\n<meta property=\"og:title\" content=\"H\u00e0ng r\u00e0o ch\u1ed1ng tr\u1ed9m h\u1ed3ng ngo\u1ea1i 2 tia c\u00f3 d\u00e2y B20M \u2013 Kawasan\" \/>\n<meta property=\"og:description\" content=\"B20M l\u00e0 thi\u1ebft b\u1ecb h\u00e0ng r\u00e0o ch\u1ed1ng tr\u1ed9m h\u1ed3ng ngo\u1ea1i 2 tia thu\u2013ph\u00e1t c\u00f3 d\u00e2y, thu\u1ed9c d\u00f2ng s\u1ea3n ph\u1ea9m an ninh ch\u1ea5t l\u01b0\u1ee3ng cao c\u1ee7a Kawasan. \u0110\u01b0\u1ee3c thi\u1ebft k\u1ebf nh\u1ecf g\u1ecdn, ho\u1ea1t \u0111\u1ed9ng ch\u00ednh x\u00e1c v\u00e0 c\u00f3 \u0111\u1ed9 b\u1ec1n v\u01b0\u1ee3t tr\u1ed9i, B20M mang l\u1ea1i hi\u1ec7u qu\u1ea3 gi\u00e1m s\u00e1t an ninh t\u1ed1i \u01b0u cho c\u00e1c khu [&hellip;]\" \/>\n<meta property=\"og:url\" content=\"https:\/\/kawasan.vn\/en\/product\/dau-beam-bao-trom-s20m\/\" \/>\n<meta property=\"og:site_name\" content=\"Kawasan\" \/>\n<meta property=\"article:modified_time\" content=\"2025-12-16T06:53:51+00:00\" \/>\n<meta property=\"og:image\" content=\"https:\/\/kawasan.vn\/wp-content\/uploads\/2025\/09\/1.jpg\" \/>\n\t<meta property=\"og:image:width\" content=\"900\" \/>\n\t<meta property=\"og:image:height\" content=\"900\" \/>\n\t<meta property=\"og:image:type\" content=\"image\/jpeg\" \/>\n<meta name=\"twitter:card\" content=\"summary_large_image\" \/>\n<meta name=\"twitter:label1\" content=\"Est. reading time\" \/>\n\t<meta name=\"twitter:data1\" content=\"5 minutes\" \/>\n<script type=\"application\/ld+json\" class=\"yoast-schema-graph\">{\"@context\":\"https:\/\/schema.org\",\"@graph\":[{\"@type\":\"WebPage\",\"@id\":\"https:\/\/kawasan.vn\/san-pham\/dau-beam-bao-trom-s20m\/\",\"url\":\"https:\/\/kawasan.vn\/san-pham\/dau-beam-bao-trom-s20m\/\",\"name\":\"H\u00e0ng r\u00e0o ch\u1ed1ng tr\u1ed9m h\u1ed3ng ngo\u1ea1i 2 tia c\u00f3 d\u00e2y B20M \u2013 Kawasan - Kawasan\",\"isPartOf\":{\"@id\":\"https:\/\/kawasan.vn\/#website\"},\"primaryImageOfPage\":{\"@id\":\"https:\/\/kawasan.vn\/san-pham\/dau-beam-bao-trom-s20m\/#primaryimage\"},\"image\":{\"@id\":\"https:\/\/kawasan.vn\/san-pham\/dau-beam-bao-trom-s20m\/#primaryimage\"},\"thumbnailUrl\":\"https:\/\/kawasan.vn\/wp-content\/uploads\/2025\/09\/1.jpg\",\"datePublished\":\"2025-09-08T07:14:04+00:00\",\"dateModified\":\"2025-12-16T06:53:51+00:00\",\"breadcrumb\":{\"@id\":\"https:\/\/kawasan.vn\/san-pham\/dau-beam-bao-trom-s20m\/#breadcrumb\"},\"inLanguage\":\"en-US\",\"potentialAction\":[{\"@type\":\"ReadAction\",\"target\":[\"https:\/\/kawasan.vn\/san-pham\/dau-beam-bao-trom-s20m\/\"]}]},{\"@type\":\"ImageObject\",\"inLanguage\":\"en-US\",\"@id\":\"https:\/\/kawasan.vn\/san-pham\/dau-beam-bao-trom-s20m\/#primaryimage\",\"url\":\"https:\/\/kawasan.vn\/wp-content\/uploads\/2025\/09\/1.jpg\",\"contentUrl\":\"https:\/\/kawasan.vn\/wp-content\/uploads\/2025\/09\/1.jpg\",\"width\":900,\"height\":900},{\"@type\":\"BreadcrumbList\",\"@id\":\"https:\/\/kawasan.vn\/san-pham\/dau-beam-bao-trom-s20m\/#breadcrumb\",\"itemListElement\":[{\"@type\":\"ListItem\",\"position\":1,\"name\":\"Trang ch\u1ee7\",\"item\":\"https:\/\/kawasan.vn\/\"},{\"@type\":\"ListItem\",\"position\":2,\"name\":\"S\u1ea3n ph\u1ea9m\",\"item\":\"https:\/\/kawasan.vn\/san-pham\/\"},{\"@type\":\"ListItem\",\"position\":3,\"name\":\"H\u00e0ng r\u00e0o ch\u1ed1ng tr\u1ed9m h\u1ed3ng ngo\u1ea1i 2 tia c\u00f3 d\u00e2y B20M \u2013 Kawasan\"}]},{\"@type\":\"WebSite\",\"@id\":\"https:\/\/kawasan.vn\/#website\",\"url\":\"https:\/\/kawasan.vn\/\",\"name\":\"Kawasan\",\"description\":\"\",\"potentialAction\":[{\"@type\":\"SearchAction\",\"target\":{\"@type\":\"EntryPoint\",\"urlTemplate\":\"https:\/\/kawasan.vn\/?s={search_term_string}\"},\"query-input\":{\"@type\":\"PropertyValueSpecification\",\"valueRequired\":true,\"valueName\":\"search_term_string\"}}],\"inLanguage\":\"en-US\"}]}<\/script>\n<!-- \/ Yoast SEO Premium plugin. -->","yoast_head_json":{"title":"H\u00e0ng r\u00e0o ch\u1ed1ng tr\u1ed9m h\u1ed3ng ngo\u1ea1i 2 tia c\u00f3 d\u00e2y B20M \u2013 Kawasan - Kawasan","robots":{"index":"index","follow":"follow","max-snippet":"max-snippet:-1","max-image-preview":"max-image-preview:large","max-video-preview":"max-video-preview:-1"},"canonical":"https:\/\/kawasan.vn\/en\/product\/dau-beam-bao-trom-s20m\/","og_locale":"en_US","og_type":"article","og_title":"H\u00e0ng r\u00e0o ch\u1ed1ng tr\u1ed9m h\u1ed3ng ngo\u1ea1i 2 tia c\u00f3 d\u00e2y B20M \u2013 Kawasan","og_description":"B20M l\u00e0 thi\u1ebft b\u1ecb h\u00e0ng r\u00e0o ch\u1ed1ng tr\u1ed9m h\u1ed3ng ngo\u1ea1i 2 tia thu\u2013ph\u00e1t c\u00f3 d\u00e2y, thu\u1ed9c d\u00f2ng s\u1ea3n ph\u1ea9m an ninh ch\u1ea5t l\u01b0\u1ee3ng cao c\u1ee7a Kawasan. \u0110\u01b0\u1ee3c thi\u1ebft k\u1ebf nh\u1ecf g\u1ecdn, ho\u1ea1t \u0111\u1ed9ng ch\u00ednh x\u00e1c v\u00e0 c\u00f3 \u0111\u1ed9 b\u1ec1n v\u01b0\u1ee3t tr\u1ed9i, B20M mang l\u1ea1i hi\u1ec7u qu\u1ea3 gi\u00e1m s\u00e1t an ninh t\u1ed1i \u01b0u cho c\u00e1c khu [&hellip;]","og_url":"https:\/\/kawasan.vn\/en\/product\/dau-beam-bao-trom-s20m\/","og_site_name":"Kawasan","article_modified_time":"2025-12-16T06:53:51+00:00","og_image":[{"width":900,"height":900,"url":"https:\/\/kawasan.vn\/wp-content\/uploads\/2025\/09\/1.jpg","type":"image\/jpeg"}],"twitter_card":"summary_large_image","twitter_misc":{"Est. reading time":"5 minutes"},"schema":{"@context":"https:\/\/schema.org","@graph":[{"@type":"WebPage","@id":"https:\/\/kawasan.vn\/san-pham\/dau-beam-bao-trom-s20m\/","url":"https:\/\/kawasan.vn\/san-pham\/dau-beam-bao-trom-s20m\/","name":"H\u00e0ng r\u00e0o ch\u1ed1ng tr\u1ed9m h\u1ed3ng ngo\u1ea1i 2 tia c\u00f3 d\u00e2y B20M \u2013 Kawasan - Kawasan","isPartOf":{"@id":"https:\/\/kawasan.vn\/#website"},"primaryImageOfPage":{"@id":"https:\/\/kawasan.vn\/san-pham\/dau-beam-bao-trom-s20m\/#primaryimage"},"image":{"@id":"https:\/\/kawasan.vn\/san-pham\/dau-beam-bao-trom-s20m\/#primaryimage"},"thumbnailUrl":"https:\/\/kawasan.vn\/wp-content\/uploads\/2025\/09\/1.jpg","datePublished":"2025-09-08T07:14:04+00:00","dateModified":"2025-12-16T06:53:51+00:00","breadcrumb":{"@id":"https:\/\/kawasan.vn\/san-pham\/dau-beam-bao-trom-s20m\/#breadcrumb"},"inLanguage":"en-US","potentialAction":[{"@type":"ReadAction","target":["https:\/\/kawasan.vn\/san-pham\/dau-beam-bao-trom-s20m\/"]}]},{"@type":"ImageObject","inLanguage":"en-US","@id":"https:\/\/kawasan.vn\/san-pham\/dau-beam-bao-trom-s20m\/#primaryimage","url":"https:\/\/kawasan.vn\/wp-content\/uploads\/2025\/09\/1.jpg","contentUrl":"https:\/\/kawasan.vn\/wp-content\/uploads\/2025\/09\/1.jpg","width":900,"height":900},{"@type":"BreadcrumbList","@id":"https:\/\/kawasan.vn\/san-pham\/dau-beam-bao-trom-s20m\/#breadcrumb","itemListElement":[{"@type":"ListItem","position":1,"name":"Trang ch\u1ee7","item":"https:\/\/kawasan.vn\/"},{"@type":"ListItem","position":2,"name":"S\u1ea3n ph\u1ea9m","item":"https:\/\/kawasan.vn\/san-pham\/"},{"@type":"ListItem","position":3,"name":"H\u00e0ng r\u00e0o ch\u1ed1ng tr\u1ed9m h\u1ed3ng ngo\u1ea1i 2 tia c\u00f3 d\u00e2y B20M \u2013 Kawasan"}]},{"@type":"WebSite","@id":"https:\/\/kawasan.vn\/#website","url":"https:\/\/kawasan.vn\/","name":"Kawasan","description":"","potentialAction":[{"@type":"SearchAction","target":{"@type":"EntryPoint","urlTemplate":"https:\/\/kawasan.vn\/?s={search_term_string}"},"query-input":{"@type":"PropertyValueSpecification","valueRequired":true,"valueName":"search_term_string"}}],"inLanguage":"en-US"}]}},"_links":{"self":[{"href":"https:\/\/kawasan.vn\/en\/wp-json\/wp\/v2\/product\/27535","targetHints":{"allow":["GET"]}}],"collection":[{"href":"https:\/\/kawasan.vn\/en\/wp-json\/wp\/v2\/product"}],"about":[{"href":"https:\/\/kawasan.vn\/en\/wp-json\/wp\/v2\/types\/product"}],"replies":[{"embeddable":true,"href":"https:\/\/kawasan.vn\/en\/wp-json\/wp\/v2\/comments?post=27535"}],"version-history":[{"count":5,"href":"https:\/\/kawasan.vn\/en\/wp-json\/wp\/v2\/product\/27535\/revisions"}],"predecessor-version":[{"id":27559,"href":"https:\/\/kawasan.vn\/en\/wp-json\/wp\/v2\/product\/27535\/revisions\/27559"}],"wp:featuredmedia":[{"embeddable":true,"href":"https:\/\/kawasan.vn\/en\/wp-json\/wp\/v2\/media\/27537"}],"wp:attachment":[{"href":"https:\/\/kawasan.vn\/en\/wp-json\/wp\/v2\/media?parent=27535"}],"wp:term":[{"taxonomy":"product_cat","embeddable":true,"href":"https:\/\/kawasan.vn\/en\/wp-json\/wp\/v2\/product_cat?post=27535"},{"taxonomy":"product_tag","embeddable":true,"href":"https:\/\/kawasan.vn\/en\/wp-json\/wp\/v2\/product_tag?post=27535"}],"curies":[{"name":"wp","href":"https:\/\/api.w.org\/{rel}","templated":true}]}}