{"id":26780,"date":"2025-08-14T21:02:11","date_gmt":"2025-08-14T14:02:11","guid":{"rendered":"https:\/\/kawasan.vn\/?post_type=product&#038;p=26780"},"modified":"2026-01-17T15:27:24","modified_gmt":"2026-01-17T08:27:24","slug":"thiet-bi-giam-sat-dien-spm01","status":"publish","type":"product","link":"https:\/\/kawasan.vn\/en\/product\/thiet-bi-giam-sat-dien-spm01\/","title":{"rendered":"THI\u1ebeT B\u1eca GI\u00c1M S\u00c1T \u0110I\u1ec6N TH\u00d4NG MINH SPM01"},"content":{"rendered":"<h2><span class=\"ez-toc-section\" id=\"THIET_BI_GIAM_SAT_DIEN_THONG_MINH_SPM01\"><\/span><b>THI\u1ebeT B\u1eca GI\u00c1M S\u00c1T \u0110I\u1ec6N TH\u00d4NG MINH SPM01<\/b><span class=\"ez-toc-section-end\"><\/span><\/h2><div id=\"ez-toc-container\" class=\"ez-toc-v2_0_69_1 counter-hierarchy ez-toc-counter ez-toc-grey ez-toc-container-direction\">\n<div class=\"ez-toc-title-container\">\n<p class=\"ez-toc-title\" >N\u1ed9i Dung B&agrave;i Vi\u1ebft<\/p>\n<span class=\"ez-toc-title-toggle\"><a href=\"#\" class=\"ez-toc-pull-right ez-toc-btn ez-toc-btn-xs ez-toc-btn-default ez-toc-toggle\" aria-label=\"Toggle Table of Content\"><span class=\"ez-toc-js-icon-con\"><span class=\"\"><span class=\"eztoc-hide\" style=\"display:none;\">Toggle<\/span><span class=\"ez-toc-icon-toggle-span\"><svg style=\"fill: #999;color:#999\" xmlns=\"http:\/\/www.w3.org\/2000\/svg\" class=\"list-377408\" width=\"20px\" height=\"20px\" viewbox=\"0 0 24 24\" fill=\"none\"><path d=\"M6 6H4v2h2V6zm14 0H8v2h12V6zM4 11h2v2H4v-2zm16 0H8v2h12v-2zM4 16h2v2H4v-2zm16 0H8v2h12v-2z\" fill=\"currentColor\"><\/path><\/svg><svg style=\"fill: #999;color:#999\" class=\"arrow-unsorted-368013\" xmlns=\"http:\/\/www.w3.org\/2000\/svg\" width=\"10px\" height=\"10px\" viewbox=\"0 0 24 24\" version=\"1.2\" baseprofile=\"tiny\"><path d=\"M18.2 9.3l-6.2-6.3-6.2 6.3c-.2.2-.3.4-.3.7s.1.5.3.7c.2.2.4.3.7.3h11c.3 0 .5-.1.7-.3.2-.2.3-.5.3-.7s-.1-.5-.3-.7zM5.8 14.7l6.2 6.3 6.2-6.3c.2-.2.3-.5.3-.7s-.1-.5-.3-.7c-.2-.2-.4-.3-.7-.3h-11c-.3 0-.5.1-.7.3-.2.2-.3.5-.3.7s.1.5.3.7z\"\/><\/svg><\/span><\/span><\/span><\/a><\/span><\/div>\n<nav><ul class='ez-toc-list ez-toc-list-level-1 eztoc-toggle-hide-by-default' ><li class='ez-toc-page-1 ez-toc-heading-level-2'><a class=\"ez-toc-link ez-toc-heading-1\" href=\"https:\/\/kawasan.vn\/en\/product\/thiet-bi-giam-sat-dien-spm01\/#THIET_BI_GIAM_SAT_DIEN_THONG_MINH_SPM01\" title=\"THI\u1ebeT B\u1eca GI\u00c1M S\u00c1T \u0110I\u1ec6N TH\u00d4NG MINH SPM01\">THI\u1ebeT B\u1eca GI\u00c1M S\u00c1T \u0110I\u1ec6N TH\u00d4NG MINH SPM01<\/a><ul class='ez-toc-list-level-3' ><li class='ez-toc-heading-level-3'><a class=\"ez-toc-link ez-toc-heading-2\" href=\"https:\/\/kawasan.vn\/en\/product\/thiet-bi-giam-sat-dien-spm01\/#1_Gioi_thieu_san_pham\" title=\"1. Gi\u1edbi thi\u1ec7u s\u1ea3n ph\u1ea9m\">1. Gi\u1edbi thi\u1ec7u s\u1ea3n ph\u1ea9m<\/a><\/li><li class='ez-toc-page-1 ez-toc-heading-level-3'><a class=\"ez-toc-link ez-toc-heading-3\" href=\"https:\/\/kawasan.vn\/en\/product\/thiet-bi-giam-sat-dien-spm01\/#2Thong_so_ky_thuat\" title=\"2.Th\u00f4ng s\u1ed1 k\u1ef9 thu\u1eadt\">2.Th\u00f4ng s\u1ed1 k\u1ef9 thu\u1eadt<\/a><\/li><li class='ez-toc-page-1 ez-toc-heading-level-3'><a class=\"ez-toc-link ez-toc-heading-4\" href=\"https:\/\/kawasan.vn\/en\/product\/thiet-bi-giam-sat-dien-spm01\/#3_Tinh_nang_noi_bat\" title=\"3. T\u00ednh n\u0103ng n\u1ed5i b\u1eadt\">3. T\u00ednh n\u0103ng n\u1ed5i b\u1eadt<\/a><\/li><li class='ez-toc-page-1 ez-toc-heading-level-3'><a class=\"ez-toc-link ez-toc-heading-5\" href=\"https:\/\/kawasan.vn\/en\/product\/thiet-bi-giam-sat-dien-spm01\/#4_Ung_dung_thuc_te\" title=\"4. \u1ee8ng d\u1ee5ng th\u1ef1c t\u1ebf\">4. \u1ee8ng d\u1ee5ng th\u1ef1c t\u1ebf<\/a><\/li><li class='ez-toc-page-1 ez-toc-heading-level-3'><a class=\"ez-toc-link ez-toc-heading-6\" href=\"https:\/\/kawasan.vn\/en\/product\/thiet-bi-giam-sat-dien-spm01\/#5_Tai_sao_nen_chon_SPM01_cua_Kawasan\" title=\"5. T\u1ea1i sao n\u00ean ch\u1ecdn SPM01 c\u1ee7a Kawasan\">5. T\u1ea1i sao n\u00ean ch\u1ecdn SPM01 c\u1ee7a Kawasan<\/a><\/li><\/ul><\/li><\/ul><\/nav><\/div>\n\n<h3><span class=\"ez-toc-section\" id=\"1_Gioi_thieu_san_pham\"><\/span><b>1. Gi\u1edbi thi\u1ec7u s\u1ea3n ph\u1ea9m<\/b><span class=\"ez-toc-section-end\"><\/span><\/h3>\n<p><span style=\"font-weight: 400;\">SPM01 l\u00e0 thi\u1ebft b\u1ecb gi\u00e1m s\u00e1t \u0111i\u1ec7n th\u00f4ng minh \u0111\u01b0\u1ee3c thi\u1ebft k\u1ebf \u0111\u1ec3 gi\u00fap ng\u01b0\u1eddi d\u00f9ng qu\u1ea3n l\u00fd l\u01b0\u1ee3ng \u0111i\u1ec7n ti\u00eau th\u1ee5 m\u1ed9t c\u00e1ch ch\u00ednh x\u00e1c v\u00e0 hi\u1ec7u qu\u1ea3. V\u1edbi kh\u1ea3 n\u0103ng k\u1ebft n\u1ed1i WiFi, m\u00e0n h\u00ecnh hi\u1ec3n th\u1ecb \u0111\u1ea7y \u0111\u1ee7 c\u00e1c th\u00f4ng s\u1ed1 \u0111i\u1ec7n nh\u01b0 \u0111i\u1ec7n \u00e1p, d\u00f2ng \u0111i\u1ec7n, c\u00f4ng su\u1ea5t v\u00e0 \u0111i\u1ec7n n\u0103ng, SPM01 mang \u0111\u1ebfn s\u1ef1 ti\u1ec7n nghi, an to\u00e0n v\u00e0 ti\u1ebft ki\u1ec7m cho gia \u0111\u00ecnh ho\u1eb7c c\u01a1 s\u1edf kinh doanh nh\u1ecf.<\/span><\/p>\n<p><img loading=\"lazy\" decoding=\"async\" class=\"aligncenter\" src=\"https:\/\/kawasan.vn\/wp-content\/uploads\/2025\/08\/truoc.png\" alt=\"\" width=\"359\" height=\"359\" \/><\/p>\n<h3><span class=\"ez-toc-section\" id=\"2Thong_so_ky_thuat\"><\/span><b>2.Th\u00f4ng s\u1ed1 k\u1ef9 thu\u1eadt<\/b><span class=\"ez-toc-section-end\"><\/span><\/h3>\n<table>\n<tbody>\n<tr>\n<td><b>Th\u00f4ng s\u1ed1<\/b><\/td>\n<td><b>Gi\u00e1 tr\u1ecb<\/b><\/td>\n<\/tr>\n<tr>\n<td><span style=\"font-weight: 400;\">Ngu\u1ed3n \u0111i\u1ec7n<\/span><\/td>\n<td><span style=\"font-weight: 400;\">220-250 VAC \/ 50 Hz<\/span><\/td>\n<\/tr>\n<tr>\n<td><span style=\"font-weight: 400;\">D\u00f2ng \u0111i\u1ec7n t\u1ed1i \u0111a<\/span><\/td>\n<td><span style=\"font-weight: 400;\">5(63)A<\/span><\/td>\n<\/tr>\n<tr>\n<td><span style=\"font-weight: 400;\">K\u1ebft n\u1ed1i<\/span><\/td>\n<td><span style=\"font-weight: 400;\">WiFi 2.4 GHz b\/g\/n<\/span><\/td>\n<\/tr>\n<tr>\n<td><span style=\"font-weight: 400;\">M\u00e0n h\u00ecnh LCD hi\u1ec3n th\u1ecb<\/span><\/td>\n<td><span style=\"font-weight: 400;\">U (\u0111i\u1ec7n \u00e1p), I (d\u00f2ng \u0111i\u1ec7n), P (c\u00f4ng su\u1ea5t), mA, kWh (\u0111i\u1ec7n n\u0103ng ti\u00eau th\u1ee5)<\/span><\/td>\n<\/tr>\n<tr>\n<td><span style=\"font-weight: 400;\">K\u00edch th\u01b0\u1edbc<\/span><\/td>\n<td><span style=\"font-weight: 400;\">93 \u00d7 36 \u00d7 65 mm<\/span><\/td>\n<\/tr>\n<tr>\n<td><span style=\"font-weight: 400;\">H\u1eb1ng s\u1ed1 c\u00f4ng t\u01a1<\/span><\/td>\n<td><span style=\"font-weight: 400;\">1000 imp\/kWh<\/span><\/td>\n<\/tr>\n<tr>\n<td><span style=\"font-weight: 400;\">V\u1eadt li\u1ec7u<\/span><\/td>\n<td><span style=\"font-weight: 400;\">Nh\u1ef1a ABS ch\u1ed1ng ch\u00e1y<\/span><\/td>\n<\/tr>\n<\/tbody>\n<\/table>\n<p><img loading=\"lazy\" decoding=\"async\" class=\"aligncenter wp-image-28125\" src=\"https:\/\/kawasan.vn\/wp-content\/uploads\/2025\/08\/dac-diem-va-thong-so-ky-thuat-SPM01-PRO.png\" alt=\"\" width=\"451\" height=\"451\" \/><\/p>\n<h3><span class=\"ez-toc-section\" id=\"3_Tinh_nang_noi_bat\"><\/span><b>3. T\u00ednh n\u0103ng n\u1ed5i b\u1eadt<\/b><span class=\"ez-toc-section-end\"><\/span><\/h3>\n<ul>\n<li style=\"font-weight: 400;\" aria-level=\"1\"><span style=\"font-weight: 400;\">Hi\u1ec3n th\u1ecb \u0111\u1ea7y \u0111\u1ee7 c\u00e1c th\u00f4ng s\u1ed1 quan tr\u1ecdng: \u0111i\u1ec7n \u00e1p, d\u00f2ng \u0111i\u1ec7n, c\u00f4ng su\u1ea5t, d\u00f2ng r\u00f2 (n\u1ebfu \u00e1p d\u1ee5ng), \u0111i\u1ec7n n\u0103ng ti\u00eau th\u1ee5 gi\u00fap d\u1ec5 d\u00e0ng theo d\u00f5i v\u00e0 \u0111i\u1ec1u ch\u1ec9nh vi\u1ec7c s\u1eed d\u1ee5ng \u0111i\u1ec7n.<\/span><\/li>\n<li style=\"font-weight: 400;\" aria-level=\"1\"><span style=\"font-weight: 400;\">K\u1ebft n\u1ed1i WiFi 2.4 GHz \u0111\u1ec3 theo d\u00f5i t\u1eeb xa qua \u0111i\u1ec7n tho\u1ea1i\/m\u00e1y t\u00ednh b\u1ea3ng, b\u1ea5t c\u1ee9 l\u00fac n\u00e0o \u2013 m\u1ecdi n\u01a1i.<\/span><\/li>\n<li style=\"font-weight: 400;\" aria-level=\"1\"><span style=\"font-weight: 400;\">Thi\u1ebft k\u1ebf nh\u1ecf g\u1ecdn, d\u1ec5 l\u1eafp \u0111\u1eb7t trong t\u1ee7 \u0111i\u1ec7n ho\u1eb7c thanh ray.<\/span><\/li>\n<li style=\"font-weight: 400;\" aria-level=\"1\"><span style=\"font-weight: 400;\">V\u1eadt li\u1ec7u ch\u1ed1ng ch\u00e1y ABS, b\u1ec1n b\u1ec9 theo th\u1eddi gian, \u0111\u1ea3m b\u1ea3o an to\u00e0n trong khi s\u1eed d\u1ee5ng.<\/span><\/li>\n<li style=\"font-weight: 400;\" aria-level=\"1\"><span style=\"font-weight: 400;\">H\u1eb1ng s\u1ed1 c\u00f4ng t\u01a1 chu\u1ea9n 1000 imp\/kWh gi\u00fap \u0111o \u0111i\u1ec7n n\u0103ng v\u1edbi \u0111\u1ed9 ch\u00ednh x\u00e1c cao.<\/span><span style=\"font-weight: 400;\"><br \/>\n<\/span><\/li>\n<\/ul>\n<h3><span class=\"ez-toc-section\" id=\"4_Ung_dung_thuc_te\"><\/span><b>4. \u1ee8ng d\u1ee5ng th\u1ef1c t\u1ebf<\/b><span class=\"ez-toc-section-end\"><\/span><\/h3>\n<p><span style=\"font-weight: 400;\">SPM01 ph\u00f9 h\u1ee3p cho nhi\u1ec1u ho\u00e0n c\u1ea3nh s\u1eed d\u1ee5ng:<\/span><\/p>\n<ul>\n<li style=\"font-weight: 400;\" aria-level=\"1\"><b>Gia \u0111\u00ecnh<\/b><span style=\"font-weight: 400;\">: gi\u00e1m s\u00e1t \u0111i\u1ec7n cho ph\u00f2ng kh\u00e1ch, nh\u00e0 b\u1ebfp, ph\u00f2ng ng\u1ee7 \u0111\u1ec3 ph\u00e1t hi\u1ec7n thi\u1ebft b\u1ecb s\u1eed d\u1ee5ng \u0111i\u1ec7n nhi\u1ec1u b\u1ea5t th\u01b0\u1eddng.<\/span><\/li>\n<\/ul>\n<p><img loading=\"lazy\" decoding=\"async\" class=\"aligncenter size-full wp-image-28127\" src=\"https:\/\/kawasan.vn\/wp-content\/uploads\/2025\/08\/SPM01-PRO-6.png\" alt=\"\" width=\"900\" height=\"900\" srcset=\"https:\/\/kawasan.vn\/wp-content\/uploads\/2025\/08\/SPM01-PRO-6.png 900w, https:\/\/kawasan.vn\/wp-content\/uploads\/2025\/08\/SPM01-PRO-6-768x768.png 768w, https:\/\/kawasan.vn\/wp-content\/uploads\/2025\/08\/SPM01-PRO-6-640x640.png 640w, https:\/\/kawasan.vn\/wp-content\/uploads\/2025\/08\/SPM01-PRO-6-400x400.png 400w\" sizes=\"auto, (max-width: 900px) 100vw, 900px\" \/><\/p>\n<ul>\n<li style=\"font-weight: 400;\" aria-level=\"1\"><b>V\u0103n ph\u00f2ng \u2013 c\u1eeda h\u00e0ng nh\u1ecf<\/b><span style=\"font-weight: 400;\">: \u0111i\u1ec1u khi\u1ec3n thi\u1ebft b\u1ecb, chi\u1ebfu s\u00e1ng, m\u00e1y l\u1ea1nh\u2026 tr\u00e1nh l\u00e3ng ph\u00ed \u0111i\u1ec7n.<\/span><\/li>\n<\/ul>\n<p><img loading=\"lazy\" decoding=\"async\" class=\"aligncenter size-full wp-image-28128\" src=\"https:\/\/kawasan.vn\/wp-content\/uploads\/2025\/08\/SPM01-PRO-7.png\" alt=\"\" width=\"900\" height=\"900\" srcset=\"https:\/\/kawasan.vn\/wp-content\/uploads\/2025\/08\/SPM01-PRO-7.png 900w, https:\/\/kawasan.vn\/wp-content\/uploads\/2025\/08\/SPM01-PRO-7-768x768.png 768w, https:\/\/kawasan.vn\/wp-content\/uploads\/2025\/08\/SPM01-PRO-7-640x640.png 640w, https:\/\/kawasan.vn\/wp-content\/uploads\/2025\/08\/SPM01-PRO-7-400x400.png 400w\" sizes=\"auto, (max-width: 900px) 100vw, 900px\" \/><\/p>\n<ul>\n<li style=\"font-weight: 400;\" aria-level=\"1\"><b>Nh\u00e0 tr\u1ecd, c\u0103n h\u1ed9 cho thu\u00ea<\/b><span style=\"font-weight: 400;\">: theo d\u00f5i \u0111i\u1ec7n n\u0103ng ti\u00eau th\u1ee5 t\u1eebng ph\u00f2ng \u0111\u1ec3 minh b\u1ea1ch h\u00f3a chi ph\u00ed.<\/span><\/li>\n<\/ul>\n<p><img loading=\"lazy\" decoding=\"async\" class=\"aligncenter size-full wp-image-28129\" src=\"https:\/\/kawasan.vn\/wp-content\/uploads\/2025\/08\/SPM01-PRO-8.png\" alt=\"\" width=\"900\" height=\"900\" srcset=\"https:\/\/kawasan.vn\/wp-content\/uploads\/2025\/08\/SPM01-PRO-8.png 900w, https:\/\/kawasan.vn\/wp-content\/uploads\/2025\/08\/SPM01-PRO-8-768x768.png 768w, https:\/\/kawasan.vn\/wp-content\/uploads\/2025\/08\/SPM01-PRO-8-640x640.png 640w, https:\/\/kawasan.vn\/wp-content\/uploads\/2025\/08\/SPM01-PRO-8-400x400.png 400w\" sizes=\"auto, (max-width: 900px) 100vw, 900px\" \/><\/p>\n<ul>\n<li style=\"font-weight: 400;\" aria-level=\"1\"><b>X\u01b0\u1edfng nh\u1ecf, n\u01a1i s\u1ea3n xu\u1ea5t \u0111\u01a1n gi\u1ea3n<\/b><span style=\"font-weight: 400;\">: \u0111\u1ea3m b\u1ea3o thi\u1ebft b\u1ecb ho\u1ea1t \u0111\u1ed9ng trong gi\u1edbi h\u1ea1n an to\u00e0n, tr\u00e1nh qu\u00e1 t\u1ea3i \u0111i\u1ec7n.<\/span><\/li>\n<\/ul>\n<p><img loading=\"lazy\" decoding=\"async\" class=\"aligncenter size-full wp-image-28126\" src=\"https:\/\/kawasan.vn\/wp-content\/uploads\/2025\/08\/SPM01-PRO-5.png\" alt=\"\" width=\"900\" height=\"900\" srcset=\"https:\/\/kawasan.vn\/wp-content\/uploads\/2025\/08\/SPM01-PRO-5.png 900w, https:\/\/kawasan.vn\/wp-content\/uploads\/2025\/08\/SPM01-PRO-5-768x768.png 768w, https:\/\/kawasan.vn\/wp-content\/uploads\/2025\/08\/SPM01-PRO-5-640x640.png 640w, https:\/\/kawasan.vn\/wp-content\/uploads\/2025\/08\/SPM01-PRO-5-400x400.png 400w\" sizes=\"auto, (max-width: 900px) 100vw, 900px\" \/><\/p>\n<h3><span class=\"ez-toc-section\" id=\"5_Tai_sao_nen_chon_SPM01_cua_Kawasan\"><\/span><b>5. T\u1ea1i sao n\u00ean ch\u1ecdn SPM01 c\u1ee7a Kawasan<\/b><span class=\"ez-toc-section-end\"><\/span><\/h3>\n<ul>\n<li style=\"font-weight: 400;\" aria-level=\"1\"><span style=\"font-weight: 400;\">Th\u01b0\u01a1ng hi\u1ec7u uy t\u00edn trong l\u0129nh v\u1ef1c \u0111i\u1ec7n th\u00f4ng minh v\u00e0 thi\u1ebft b\u1ecb an to\u00e0n.<\/span><\/li>\n<li style=\"font-weight: 400;\" aria-level=\"1\"><span style=\"font-weight: 400;\">Thi\u1ebft b\u1ecb \u0111\u01b0\u1ee3c thi\u1ebft k\u1ebf v\u1edbi linh ki\u1ec7n ch\u1ea5t l\u01b0\u1ee3ng cao, \u0111\u00e1p \u1ee9ng ti\u00eau chu\u1ea9n an to\u00e0n v\u00e0 s\u1eed d\u1ee5ng l\u00e2u d\u00e0i.<\/span><\/li>\n<li style=\"font-weight: 400;\" aria-level=\"1\"><span style=\"font-weight: 400;\">D\u1ec5 d\u00e0ng b\u1ea3o tr\u00ec, h\u1ed7 tr\u1ee3 k\u1ef9 thu\u1eadt, d\u1ecbch v\u1ee5 kh\u00e1ch h\u00e0ng t\u1ed1t.<\/span><\/li>\n<li style=\"font-weight: 400;\" aria-level=\"1\"><span style=\"font-weight: 400;\">Gi\u00e1 th\u00e0nh h\u1ee3p l\u00fd so v\u1edbi t\u00ednh n\u0103ng, ph\u00f9 h\u1ee3p v\u1edbi nhu c\u1ea7u s\u1eed d\u1ee5ng c\u00e1 nh\u00e2n, h\u1ed9 gia \u0111\u00ecnh ho\u1eb7c c\u1eeda h\u00e0ng nh\u1ecf.<\/span><\/li>\n<\/ul>\n<p data-start=\"663\" data-end=\"733\">","protected":false},"excerpt":{"rendered":"<p>THI\u1ebeT B\u1eca GI\u00c1M S\u00c1T \u0110I\u1ec6N TH\u00d4NG MINH SPM01 1. Gi\u1edbi thi\u1ec7u s\u1ea3n ph\u1ea9m SPM01 l\u00e0 thi\u1ebft b\u1ecb gi\u00e1m s\u00e1t \u0111i\u1ec7n th\u00f4ng minh \u0111\u01b0\u1ee3c thi\u1ebft k\u1ebf \u0111\u1ec3 gi\u00fap ng\u01b0\u1eddi d\u00f9ng qu\u1ea3n l\u00fd l\u01b0\u1ee3ng \u0111i\u1ec7n ti\u00eau th\u1ee5 m\u1ed9t c\u00e1ch ch\u00ednh x\u00e1c v\u00e0 hi\u1ec7u qu\u1ea3. V\u1edbi kh\u1ea3 n\u0103ng k\u1ebft n\u1ed1i WiFi, m\u00e0n h\u00ecnh hi\u1ec3n th\u1ecb \u0111\u1ea7y \u0111\u1ee7 c\u00e1c [&hellip;]<\/p>","protected":false},"featured_media":28099,"comment_status":"open","ping_status":"closed","template":"","meta":{"_yoast_wpseo_focuskw":"THI\u1ebeT B\u1eca GI\u00c1M S\u00c1T \u0110I\u1ec6N","_yoast_wpseo_metadesc":"","_yoast_wpseo_focuskeywords":"","_yoast_wpseo_keyword_synonyms":""},"product_cat":[1862],"product_tag":[],"class_list":["post-26780","product","type-product","status-publish","has-post-thumbnail","hentry","product_cat-dong-ho-do-dien"],"acf":[],"yoast_head":"<!-- This site is optimized with the Yoast SEO Premium plugin v24.9 (Yoast SEO v24.9) - https:\/\/yoast.com\/wordpress\/plugins\/seo\/ -->\n<title>THI\u1ebeT B\u1eca GI\u00c1M S\u00c1T \u0110I\u1ec6N TH\u00d4NG MINH SPM01 - Kawasan<\/title>\n<meta name=\"robots\" content=\"index, follow, max-snippet:-1, max-image-preview:large, max-video-preview:-1\" \/>\n<link rel=\"canonical\" href=\"https:\/\/kawasan.vn\/en\/product\/thiet-bi-giam-sat-dien-spm01\/\" \/>\n<meta property=\"og:locale\" content=\"en_US\" \/>\n<meta property=\"og:type\" content=\"article\" \/>\n<meta property=\"og:title\" content=\"THI\u1ebeT B\u1eca GI\u00c1M S\u00c1T \u0110I\u1ec6N TH\u00d4NG MINH SPM01\" \/>\n<meta property=\"og:description\" content=\"THI\u1ebeT B\u1eca GI\u00c1M S\u00c1T \u0110I\u1ec6N TH\u00d4NG MINH SPM01 1. Gi\u1edbi thi\u1ec7u s\u1ea3n ph\u1ea9m SPM01 l\u00e0 thi\u1ebft b\u1ecb gi\u00e1m s\u00e1t \u0111i\u1ec7n th\u00f4ng minh \u0111\u01b0\u1ee3c thi\u1ebft k\u1ebf \u0111\u1ec3 gi\u00fap ng\u01b0\u1eddi d\u00f9ng qu\u1ea3n l\u00fd l\u01b0\u1ee3ng \u0111i\u1ec7n ti\u00eau th\u1ee5 m\u1ed9t c\u00e1ch ch\u00ednh x\u00e1c v\u00e0 hi\u1ec7u qu\u1ea3. V\u1edbi kh\u1ea3 n\u0103ng k\u1ebft n\u1ed1i WiFi, m\u00e0n h\u00ecnh hi\u1ec3n th\u1ecb \u0111\u1ea7y \u0111\u1ee7 c\u00e1c [&hellip;]\" \/>\n<meta property=\"og:url\" content=\"https:\/\/kawasan.vn\/en\/product\/thiet-bi-giam-sat-dien-spm01\/\" \/>\n<meta property=\"og:site_name\" content=\"Kawasan\" \/>\n<meta property=\"article:modified_time\" content=\"2026-01-17T08:27:24+00:00\" \/>\n<meta property=\"og:image\" content=\"https:\/\/kawasan.vn\/wp-content\/uploads\/2025\/08\/truoc.png\" \/>\n\t<meta property=\"og:image:width\" content=\"900\" \/>\n\t<meta property=\"og:image:height\" content=\"900\" \/>\n\t<meta property=\"og:image:type\" content=\"image\/png\" \/>\n<meta name=\"twitter:card\" content=\"summary_large_image\" \/>\n<meta name=\"twitter:label1\" content=\"Est. reading time\" \/>\n\t<meta name=\"twitter:data1\" content=\"4 minutes\" \/>\n<script type=\"application\/ld+json\" class=\"yoast-schema-graph\">{\"@context\":\"https:\/\/schema.org\",\"@graph\":[{\"@type\":\"WebPage\",\"@id\":\"https:\/\/kawasan.vn\/san-pham\/thiet-bi-giam-sat-dien-spm01\/\",\"url\":\"https:\/\/kawasan.vn\/san-pham\/thiet-bi-giam-sat-dien-spm01\/\",\"name\":\"THI\u1ebeT B\u1eca GI\u00c1M S\u00c1T \u0110I\u1ec6N TH\u00d4NG MINH SPM01 - Kawasan\",\"isPartOf\":{\"@id\":\"https:\/\/kawasan.vn\/#website\"},\"primaryImageOfPage\":{\"@id\":\"https:\/\/kawasan.vn\/san-pham\/thiet-bi-giam-sat-dien-spm01\/#primaryimage\"},\"image\":{\"@id\":\"https:\/\/kawasan.vn\/san-pham\/thiet-bi-giam-sat-dien-spm01\/#primaryimage\"},\"thumbnailUrl\":\"https:\/\/kawasan.vn\/wp-content\/uploads\/2025\/08\/truoc.png\",\"datePublished\":\"2025-08-14T14:02:11+00:00\",\"dateModified\":\"2026-01-17T08:27:24+00:00\",\"breadcrumb\":{\"@id\":\"https:\/\/kawasan.vn\/san-pham\/thiet-bi-giam-sat-dien-spm01\/#breadcrumb\"},\"inLanguage\":\"en-US\",\"potentialAction\":[{\"@type\":\"ReadAction\",\"target\":[\"https:\/\/kawasan.vn\/san-pham\/thiet-bi-giam-sat-dien-spm01\/\"]}]},{\"@type\":\"ImageObject\",\"inLanguage\":\"en-US\",\"@id\":\"https:\/\/kawasan.vn\/san-pham\/thiet-bi-giam-sat-dien-spm01\/#primaryimage\",\"url\":\"https:\/\/kawasan.vn\/wp-content\/uploads\/2025\/08\/truoc.png\",\"contentUrl\":\"https:\/\/kawasan.vn\/wp-content\/uploads\/2025\/08\/truoc.png\",\"width\":900,\"height\":900},{\"@type\":\"BreadcrumbList\",\"@id\":\"https:\/\/kawasan.vn\/san-pham\/thiet-bi-giam-sat-dien-spm01\/#breadcrumb\",\"itemListElement\":[{\"@type\":\"ListItem\",\"position\":1,\"name\":\"Trang ch\u1ee7\",\"item\":\"https:\/\/kawasan.vn\/\"},{\"@type\":\"ListItem\",\"position\":2,\"name\":\"S\u1ea3n ph\u1ea9m\",\"item\":\"https:\/\/kawasan.vn\/san-pham\/\"},{\"@type\":\"ListItem\",\"position\":3,\"name\":\"THI\u1ebeT B\u1eca GI\u00c1M S\u00c1T \u0110I\u1ec6N TH\u00d4NG MINH SPM01\"}]},{\"@type\":\"WebSite\",\"@id\":\"https:\/\/kawasan.vn\/#website\",\"url\":\"https:\/\/kawasan.vn\/\",\"name\":\"Kawasan\",\"description\":\"\",\"potentialAction\":[{\"@type\":\"SearchAction\",\"target\":{\"@type\":\"EntryPoint\",\"urlTemplate\":\"https:\/\/kawasan.vn\/?s={search_term_string}\"},\"query-input\":{\"@type\":\"PropertyValueSpecification\",\"valueRequired\":true,\"valueName\":\"search_term_string\"}}],\"inLanguage\":\"en-US\"}]}<\/script>\n<!-- \/ Yoast SEO Premium plugin. -->","yoast_head_json":{"title":"THI\u1ebeT B\u1eca GI\u00c1M S\u00c1T \u0110I\u1ec6N TH\u00d4NG MINH SPM01 - Kawasan","robots":{"index":"index","follow":"follow","max-snippet":"max-snippet:-1","max-image-preview":"max-image-preview:large","max-video-preview":"max-video-preview:-1"},"canonical":"https:\/\/kawasan.vn\/en\/product\/thiet-bi-giam-sat-dien-spm01\/","og_locale":"en_US","og_type":"article","og_title":"THI\u1ebeT B\u1eca GI\u00c1M S\u00c1T \u0110I\u1ec6N TH\u00d4NG MINH SPM01","og_description":"THI\u1ebeT B\u1eca GI\u00c1M S\u00c1T \u0110I\u1ec6N TH\u00d4NG MINH SPM01 1. Gi\u1edbi thi\u1ec7u s\u1ea3n ph\u1ea9m SPM01 l\u00e0 thi\u1ebft b\u1ecb gi\u00e1m s\u00e1t \u0111i\u1ec7n th\u00f4ng minh \u0111\u01b0\u1ee3c thi\u1ebft k\u1ebf \u0111\u1ec3 gi\u00fap ng\u01b0\u1eddi d\u00f9ng qu\u1ea3n l\u00fd l\u01b0\u1ee3ng \u0111i\u1ec7n ti\u00eau th\u1ee5 m\u1ed9t c\u00e1ch ch\u00ednh x\u00e1c v\u00e0 hi\u1ec7u qu\u1ea3. V\u1edbi kh\u1ea3 n\u0103ng k\u1ebft n\u1ed1i WiFi, m\u00e0n h\u00ecnh hi\u1ec3n th\u1ecb \u0111\u1ea7y \u0111\u1ee7 c\u00e1c [&hellip;]","og_url":"https:\/\/kawasan.vn\/en\/product\/thiet-bi-giam-sat-dien-spm01\/","og_site_name":"Kawasan","article_modified_time":"2026-01-17T08:27:24+00:00","og_image":[{"width":900,"height":900,"url":"https:\/\/kawasan.vn\/wp-content\/uploads\/2025\/08\/truoc.png","type":"image\/png"}],"twitter_card":"summary_large_image","twitter_misc":{"Est. reading time":"4 minutes"},"schema":{"@context":"https:\/\/schema.org","@graph":[{"@type":"WebPage","@id":"https:\/\/kawasan.vn\/san-pham\/thiet-bi-giam-sat-dien-spm01\/","url":"https:\/\/kawasan.vn\/san-pham\/thiet-bi-giam-sat-dien-spm01\/","name":"THI\u1ebeT B\u1eca GI\u00c1M S\u00c1T \u0110I\u1ec6N TH\u00d4NG MINH SPM01 - Kawasan","isPartOf":{"@id":"https:\/\/kawasan.vn\/#website"},"primaryImageOfPage":{"@id":"https:\/\/kawasan.vn\/san-pham\/thiet-bi-giam-sat-dien-spm01\/#primaryimage"},"image":{"@id":"https:\/\/kawasan.vn\/san-pham\/thiet-bi-giam-sat-dien-spm01\/#primaryimage"},"thumbnailUrl":"https:\/\/kawasan.vn\/wp-content\/uploads\/2025\/08\/truoc.png","datePublished":"2025-08-14T14:02:11+00:00","dateModified":"2026-01-17T08:27:24+00:00","breadcrumb":{"@id":"https:\/\/kawasan.vn\/san-pham\/thiet-bi-giam-sat-dien-spm01\/#breadcrumb"},"inLanguage":"en-US","potentialAction":[{"@type":"ReadAction","target":["https:\/\/kawasan.vn\/san-pham\/thiet-bi-giam-sat-dien-spm01\/"]}]},{"@type":"ImageObject","inLanguage":"en-US","@id":"https:\/\/kawasan.vn\/san-pham\/thiet-bi-giam-sat-dien-spm01\/#primaryimage","url":"https:\/\/kawasan.vn\/wp-content\/uploads\/2025\/08\/truoc.png","contentUrl":"https:\/\/kawasan.vn\/wp-content\/uploads\/2025\/08\/truoc.png","width":900,"height":900},{"@type":"BreadcrumbList","@id":"https:\/\/kawasan.vn\/san-pham\/thiet-bi-giam-sat-dien-spm01\/#breadcrumb","itemListElement":[{"@type":"ListItem","position":1,"name":"Trang ch\u1ee7","item":"https:\/\/kawasan.vn\/"},{"@type":"ListItem","position":2,"name":"S\u1ea3n ph\u1ea9m","item":"https:\/\/kawasan.vn\/san-pham\/"},{"@type":"ListItem","position":3,"name":"THI\u1ebeT B\u1eca GI\u00c1M S\u00c1T \u0110I\u1ec6N TH\u00d4NG MINH SPM01"}]},{"@type":"WebSite","@id":"https:\/\/kawasan.vn\/#website","url":"https:\/\/kawasan.vn\/","name":"Kawasan","description":"","potentialAction":[{"@type":"SearchAction","target":{"@type":"EntryPoint","urlTemplate":"https:\/\/kawasan.vn\/?s={search_term_string}"},"query-input":{"@type":"PropertyValueSpecification","valueRequired":true,"valueName":"search_term_string"}}],"inLanguage":"en-US"}]}},"_links":{"self":[{"href":"https:\/\/kawasan.vn\/en\/wp-json\/wp\/v2\/product\/26780","targetHints":{"allow":["GET"]}}],"collection":[{"href":"https:\/\/kawasan.vn\/en\/wp-json\/wp\/v2\/product"}],"about":[{"href":"https:\/\/kawasan.vn\/en\/wp-json\/wp\/v2\/types\/product"}],"replies":[{"embeddable":true,"href":"https:\/\/kawasan.vn\/en\/wp-json\/wp\/v2\/comments?post=26780"}],"version-history":[{"count":6,"href":"https:\/\/kawasan.vn\/en\/wp-json\/wp\/v2\/product\/26780\/revisions"}],"predecessor-version":[{"id":30020,"href":"https:\/\/kawasan.vn\/en\/wp-json\/wp\/v2\/product\/26780\/revisions\/30020"}],"wp:featuredmedia":[{"embeddable":true,"href":"https:\/\/kawasan.vn\/en\/wp-json\/wp\/v2\/media\/28099"}],"wp:attachment":[{"href":"https:\/\/kawasan.vn\/en\/wp-json\/wp\/v2\/media?parent=26780"}],"wp:term":[{"taxonomy":"product_cat","embeddable":true,"href":"https:\/\/kawasan.vn\/en\/wp-json\/wp\/v2\/product_cat?post=26780"},{"taxonomy":"product_tag","embeddable":true,"href":"https:\/\/kawasan.vn\/en\/wp-json\/wp\/v2\/product_tag?post=26780"}],"curies":[{"name":"wp","href":"https:\/\/api.w.org\/{rel}","templated":true}]}}