{"id":26219,"date":"2025-07-30T15:43:59","date_gmt":"2025-07-30T08:43:59","guid":{"rendered":"https:\/\/kawasan.vn\/?post_type=product&#038;p=26219"},"modified":"2026-04-08T11:08:26","modified_gmt":"2026-04-08T04:08:26","slug":"bien-tan-hybrid-6-3kw-kawasan-model-hfp63248","status":"publish","type":"product","link":"https:\/\/kawasan.vn\/en\/product\/bien-tan-hybrid-6-3kw-kawasan-model-hfp63248\/","title":{"rendered":"Bi\u1ebfn T\u1ea7n Hybrid 6.3Kw Kawasan, Model: HFP63248"},"content":{"rendered":"<h2><span class=\"ez-toc-section\" id=\"Gioi_thieu\"><\/span><b>Introduce<\/b><span class=\"ez-toc-section-end\"><\/span><\/h2><div id=\"ez-toc-container\" class=\"ez-toc-v2_0_69_1 counter-hierarchy ez-toc-counter ez-toc-grey ez-toc-container-direction\">\n<div class=\"ez-toc-title-container\">\n<p class=\"ez-toc-title\" >N\u1ed9i Dung B&agrave;i Vi\u1ebft<\/p>\n<span class=\"ez-toc-title-toggle\"><a href=\"#\" class=\"ez-toc-pull-right ez-toc-btn ez-toc-btn-xs ez-toc-btn-default ez-toc-toggle\" aria-label=\"Toggle Table of Content\"><span class=\"ez-toc-js-icon-con\"><span class=\"\"><span class=\"eztoc-hide\" style=\"display:none;\">Toggle<\/span><span class=\"ez-toc-icon-toggle-span\"><svg style=\"fill: #999;color:#999\" xmlns=\"http:\/\/www.w3.org\/2000\/svg\" class=\"list-377408\" width=\"20px\" height=\"20px\" viewbox=\"0 0 24 24\" fill=\"none\"><path d=\"M6 6H4v2h2V6zm14 0H8v2h12V6zM4 11h2v2H4v-2zm16 0H8v2h12v-2zM4 16h2v2H4v-2zm16 0H8v2h12v-2z\" fill=\"currentColor\"><\/path><\/svg><svg style=\"fill: #999;color:#999\" class=\"arrow-unsorted-368013\" xmlns=\"http:\/\/www.w3.org\/2000\/svg\" width=\"10px\" height=\"10px\" viewbox=\"0 0 24 24\" version=\"1.2\" baseprofile=\"tiny\"><path d=\"M18.2 9.3l-6.2-6.3-6.2 6.3c-.2.2-.3.4-.3.7s.1.5.3.7c.2.2.4.3.7.3h11c.3 0 .5-.1.7-.3.2-.2.3-.5.3-.7s-.1-.5-.3-.7zM5.8 14.7l6.2 6.3 6.2-6.3c.2-.2.3-.5.3-.7s-.1-.5-.3-.7c-.2-.2-.4-.3-.7-.3h-11c-.3 0-.5.1-.7.3-.2.2-.3.5-.3.7s.1.5.3.7z\"\/><\/svg><\/span><\/span><\/span><\/a><\/span><\/div>\n<nav><ul class='ez-toc-list ez-toc-list-level-1 eztoc-toggle-hide-by-default' ><li class='ez-toc-page-1 ez-toc-heading-level-2'><a class=\"ez-toc-link ez-toc-heading-1\" href=\"https:\/\/kawasan.vn\/en\/product\/bien-tan-hybrid-6-3kw-kawasan-model-hfp63248\/#Gioi_thieu\" title=\"Introduce\">Introduce<\/a><\/li><li class='ez-toc-page-1 ez-toc-heading-level-2'><a class=\"ez-toc-link ez-toc-heading-2\" href=\"https:\/\/kawasan.vn\/en\/product\/bien-tan-hybrid-6-3kw-kawasan-model-hfp63248\/#Tinh_nang_noi_bat\" title=\"T\u00ednh n\u0103ng n\u1ed5i b\u1eadt\">T\u00ednh n\u0103ng n\u1ed5i b\u1eadt<\/a><\/li><li class='ez-toc-page-1 ez-toc-heading-level-2'><a class=\"ez-toc-link ez-toc-heading-3\" href=\"https:\/\/kawasan.vn\/en\/product\/bien-tan-hybrid-6-3kw-kawasan-model-hfp63248\/#Ung_dung_san_pham\" title=\"\u1ee8ng d\u1ee5ng s\u1ea3n ph\u1ea9m\">\u1ee8ng d\u1ee5ng s\u1ea3n ph\u1ea9m<\/a><ul class='ez-toc-list-level-3' ><li class='ez-toc-heading-level-3'><a class=\"ez-toc-link ez-toc-heading-4\" href=\"https:\/\/kawasan.vn\/en\/product\/bien-tan-hybrid-6-3kw-kawasan-model-hfp63248\/#TAI_SAO_NEN_CHON_KAWASAN\" title=\"T\u1ea0I SAO N\u00caN CH\u1eccN KAWASAN?\">T\u1ea0I SAO N\u00caN CH\u1eccN KAWASAN?<\/a><ul class='ez-toc-list-level-4' ><li class='ez-toc-heading-level-4'><a class=\"ez-toc-link ez-toc-heading-5\" href=\"https:\/\/kawasan.vn\/en\/product\/bien-tan-hybrid-6-3kw-kawasan-model-hfp63248\/#CAM_KET_TU_KAWASAKAWASAN\" title=\"CAM K\u1ebeT T\u1eea KAWASAKAWASAN\">CAM K\u1ebeT T\u1eea KAWASAKAWASAN<\/a><\/li><li class='ez-toc-page-1 ez-toc-heading-level-4'><a class=\"ez-toc-link ez-toc-heading-6\" href=\"https:\/\/kawasan.vn\/en\/product\/bien-tan-hybrid-6-3kw-kawasan-model-hfp63248\/#Mua_chinh_hang_tai\" title=\"Mua ch\u00ednh h\u00e3ng t\u1ea1i:\">Mua ch\u00ednh h\u00e3ng t\u1ea1i:<\/a><\/li><\/ul><\/li><\/ul><\/li><\/ul><\/nav><\/div>\n\n<p>Bi\u1ebfn t\u1ea7n n\u0103ng l\u01b0\u1ee3ng m\u1eb7t tr\u1eddi hybrid 6.3Kw l\u00e0 gi\u1ea3i ph\u00e1p th\u00f4ng minh gi\u00fap k\u1ebft h\u1ee3p linh ho\u1ea1t gi\u1eefa \u0111i\u1ec7n l\u01b0\u1edbi, n\u0103ng l\u01b0\u1ee3ng m\u1eb7t tr\u1eddi v\u00e0 \u1eafc quy l\u01b0u tr\u1eef. S\u1ea3n ph\u1ea9m \u0111\u01b0\u1ee3c thi\u1ebft k\u1ebf t\u1ed1i \u01b0u cho c\u00e1c h\u1ec7 th\u1ed1ng \u0111i\u1ec7n h\u1ed9 gia \u0111\u00ecnh, doanh nghi\u1ec7p v\u1eeba v\u00e0 nh\u1ecf, v\u1edbi kh\u1ea3 n\u0103ng ho\u1ea1t \u0111\u1ed9ng \u1ed5n \u0111\u1ecbnh, hi\u1ec7u su\u1ea5t cao, d\u1ec5 d\u00e0ng l\u1eafp \u0111\u1eb7t v\u00e0 gi\u00e1m s\u00e1t t\u1eeb xa qua \u1ee9ng d\u1ee5ng di \u0111\u1ed9ng.\u00a0V\u1edbi c\u00f4ng su\u1ea5t \u0111\u1ecbnh m\u1ee9c 6.3kW, model HFP63248 \u0111\u00e1p \u1ee9ng \u0111a d\u1ea1ng nhu c\u1ea7u s\u1eed d\u1ee5ng, t\u1eeb h\u00f2a l\u01b0\u1edbi, v\u1eadn h\u00e0nh \u0111\u1ed9c l\u1eadp \u0111\u1ebfn ch\u1ebf \u0111\u1ed9 hybrid, mang \u0111\u1ebfn s\u1ef1 ch\u1ee7\u00a0 \u0111\u1ed9ng v\u00e0 ti\u1ebft ki\u1ec7m t\u1ed1i \u0111a cho ng\u01b0\u1eddi d\u00f9ng.\u00a0<b>Th\u00f4ng s\u1ed1 k\u1ef9 thu\u1eadt ch\u00ednh<\/b><\/p>\n<p><img loading=\"lazy\" decoding=\"async\" class=\"size-medium wp-image-18332 aligncenter\" src=\"https:\/\/kawasan.vn\/wp-content\/uploads\/2026\/01\/Noi-dung-doan-van-ban-cua-ban-8-600x400.png\" alt=\"\" width=\"600\" height=\"400\" \/><\/p>\n<ul>\n<li><b>\u0110\u1ea7u v\u00e0o PV (t\u1ea5m pin):<\/b>\n<ul>\n<li>C\u00f4ng su\u1ea5t t\u1ed1i \u0111a: 7000W<\/li>\n<li>D\u1ea3i \u0111i\u1ec7n \u00e1p d\u00f2 MPPT: 80Vdc ~ 450Vdc<\/li>\n<li>\u0110i\u1ec7n \u00e1p \u0111\u1ecbnh m\u1ee9c: 360Vdc<\/li>\n<li>\u0110i\u1ec7n \u00e1p h\u1edf m\u1ea1ch t\u1ed1i \u0111a: 500Vdc<\/li>\n<li>D\u00f2ng \u0111i\u1ec7n t\u1ed1i \u0111a: 22A<\/li>\n<li>S\u1ed1 k\u00eanh MPPT: 1 k\u00eanh<\/li>\n<\/ul>\n<\/li>\n<li><b>Pin l\u01b0u tr\u1eef &amp; s\u1ea1c:<\/b>\n<ul>\n<li>H\u1ed7 tr\u1ee3 pin ch\u00ec-axit, pin lithium, v\u00e0 pin t\u00f9y ch\u1ec9nh<\/li>\n<li>\u0110i\u1ec7n \u00e1p \u0111\u1ecbnh m\u1ee9c: 48Vdc<\/li>\n<li>D\u1ea3i \u0111i\u1ec7n \u00e1p: 42~60Vdc<\/li>\n<li>D\u00f2ng s\u1ea1c PV t\u1ed1i \u0111a: 120A<\/li>\n<li>D\u00f2ng s\u1ea1c AC t\u1ed1i \u0111a: 80A<\/li>\n<\/ul>\n<\/li>\n<li><b>Ch\u1ebf \u0111\u1ed9 h\u00f2a l\u01b0\u1edbi (\u0111\u1ea7u ra AC):<\/b>\n<ul>\n<li>C\u00f4ng su\u1ea5t \u0111\u1ecbnh m\u1ee9c: 6300W<\/li>\n<li>\u0110i\u1ec7n \u00e1p: 220\/230\/240Vac<\/li>\n<li>T\u1ea7n s\u1ed1: 50Hz\/60Hz<\/li>\n<li>H\u1ec7 s\u1ed1 c\u00f4ng su\u1ea5t: &gt;0.98<\/li>\n<li>S\u00f3ng \u0111\u1ea7u ra: S\u00f3ng sin chu\u1ea9n<\/li>\n<\/ul>\n<\/li>\n<li><b>Hi\u1ec7u su\u1ea5t &amp; hi\u1ec3n th\u1ecb:<\/b>\n<ul>\n<li>Hi\u1ec7u su\u1ea5t chuy\u1ec3n \u0111\u1ed5i t\u1ed1i \u0111a: 94%<\/li>\n<li>Hi\u1ec7u su\u1ea5t d\u00f2 MPPT: \u226599.9%<\/li>\n<li>Th\u1eddi gian chuy\u1ec3n m\u1ea1ch: 10ms<\/li>\n<li>M\u00e0n h\u00ecnh: LCD + LED<\/li>\n<li>K\u1ebft n\u1ed1i: RS485, Wifi\/GPRS (t\u00f9y ch\u1ecdn)<\/li>\n<\/ul>\n<\/li>\n<li><b>B\u1ea3o v\u1ec7 &amp; m\u00f4i tr\u01b0\u1eddng:<\/b>\n<ul>\n<li>B\u1ea3o v\u1ec7 qu\u00e1 t\u1ea3i, ch\u1eadp \u0111i\u1ec7n, qu\u00e1 nhi\u1ec7t, \u0111\u1ea3o l\u01b0\u1edbi<\/li>\n<li>Nhi\u1ec7t \u0111\u1ed9 l\u00e0m vi\u1ec7c: -10\u00b0C ~ 50\u00b0C<\/li>\n<li>\u0110\u1ed9 \u1ed3n: \u226455dB<\/li>\n<li>Chu\u1ea9n b\u1ea3o v\u1ec7: IP20<\/li>\n<li>L\u1eafp \u0111\u1eb7t: Treo t\u01b0\u1eddng<\/li>\n<\/ul>\n<\/li>\n<li><b>K\u00edch th\u01b0\u1edbc &amp; kh\u1ed1i l\u01b0\u1ee3ng:<\/b>\n<ul>\n<li>K\u00edch th\u01b0\u1edbc: 390 x 320 x 112 mm<\/li>\n<li>Tr\u1ecdng l\u01b0\u1ee3ng: 10.5 kg<\/li>\n<\/ul>\n<\/li>\n<\/ul>\n<h2><span class=\"ez-toc-section\" id=\"Tinh_nang_noi_bat\"><\/span><b>T\u00ednh n\u0103ng n\u1ed5i b\u1eadt<\/b><span class=\"ez-toc-section-end\"><\/span><\/h2>\n<ul>\n<li><b>Thi\u1ebft k\u1ebf hi\u1ec7n \u0111\u1ea1i, hi\u1ec7u su\u1ea5t cao:<\/b>\u00a0Bi\u1ebfn t\u1ea7n \u0111\u01b0\u1ee3c t\u1ed1i \u01b0u v\u1edbi t\u1ea7n s\u1ed1 cao, m\u1eadt \u0111\u1ed9 c\u00f4ng su\u1ea5t l\u1edbn, k\u00edch th\u01b0\u1edbc nh\u1ecf g\u1ecdn nh\u01b0ng v\u1eabn \u0111\u1ea3m b\u1ea3o hi\u1ec7u su\u1ea5t v\u1eadn h\u00e0nh v\u01b0\u1ee3t tr\u1ed9i, ti\u1ebft ki\u1ec7m kh\u00f4ng gian l\u1eafp \u0111\u1eb7t.<\/li>\n<li><b>H\u1ed7 tr\u1ee3 l\u01b0u tr\u1eef linh ho\u1ea1t:<\/b>\u00a0T\u00edch h\u1ee3p ch\u1ee9c n\u0103ng l\u01b0u tr\u1eef n\u0103ng l\u01b0\u1ee3ng hai chi\u1ec1u, cho ph\u00e9p v\u1eeba n\u1ea1p \u0111i\u1ec7n t\u1eeb t\u1ea5m pin m\u1eb7t tr\u1eddi, v\u1eeba s\u1ea1c t\u1eeb l\u01b0\u1edbi \u0111i\u1ec7n v\u00e0o pin khi c\u1ea7n. \u0110i\u1ec1u n\u00e0y gi\u00fap ng\u01b0\u1eddi d\u00f9ng ch\u1ee7 \u0111\u1ed9ng ngu\u1ed3n \u0111i\u1ec7n c\u1ea3 ng\u00e0y l\u1eabn \u0111\u00eam.<\/li>\n<li><b>C\u00f4ng ngh\u1ec7 MPPT th\u00f4ng minh:<\/b>\u00a0D\u1ea3i MPPT r\u1ed9ng, ho\u1ea1t \u0111\u1ed9ng \u1ed5n \u0111\u1ecbnh t\u1eeb 40Vdc (cho model 24V) v\u00e0 80Vdc (cho model 48V), \u0111\u1ea3m b\u1ea3o khai th\u00e1c t\u1ed1i \u0111a c\u00f4ng su\u1ea5t t\u1eeb t\u1ea5m pin trong nhi\u1ec1u \u0111i\u1ec1u ki\u1ec7n th\u1eddi ti\u1ebft kh\u00e1c nhau.<\/li>\n<li><b>\u0110a ch\u1ebf \u0111\u1ed9 ho\u1ea1t \u0111\u1ed9ng:<\/b>\u00a0H\u1ed7 tr\u1ee3 c\u00e1c ch\u1ebf \u0111\u1ed9 h\u00f2a l\u01b0\u1edbi, \u0111\u1ed9c l\u1eadp v\u00e0 hybrid (k\u1ebft h\u1ee3p), ph\u00f9 h\u1ee3p cho nhi\u1ec1u nhu c\u1ea7u: s\u1eed d\u1ee5ng \u0111i\u1ec7n gia \u0111\u00ecnh, v\u0103n ph\u00f2ng, s\u1ea3n xu\u1ea5t ho\u1eb7c v\u00f9ng s\u00e2u ch\u01b0a c\u00f3 \u0111i\u1ec7n l\u01b0\u1edbi \u1ed5n \u0111\u1ecbnh.<\/li>\n<li><b>C\u00e0i \u0111\u1eb7t linh ho\u1ea1t:<\/b>\u00a0Ng\u01b0\u1eddi d\u00f9ng c\u00f3 th\u1ec3 ch\u1ee7 \u0111\u1ed9ng thi\u1ebft l\u1eadp c\u00e1c th\u00f4ng s\u1ed1 \u0111\u1ea7u v\u00e0o, \u0111\u1ea7u ra, \u01b0u ti\u00ean ngu\u1ed3n \u0111i\u1ec7n l\u01b0\u1edbi hay ngu\u1ed3n pin t\u00f9y theo m\u1ee5c \u0111\u00edch s\u1eed d\u1ee5ng.<\/li>\n<li><b>T\u1ed1i \u01b0u qu\u1ea3n l\u00fd pin:<\/b>\u00a0C\u00f3 ch\u1ee9c n\u0103ng c\u00e0i \u0111\u1eb7t \u01b0u ti\u00ean s\u1ea1c pin, b\u1ea3o v\u1ec7 pin v\u00e0 h\u1ed7 tr\u1ee3 giao ti\u1ebfp v\u1edbi pin Lithium th\u00f4ng qua BMS, gi\u00fap k\u00e9o d\u00e0i tu\u1ed5i th\u1ecd v\u00e0 t\u0103ng hi\u1ec7u qu\u1ea3 l\u01b0u tr\u1eef.<\/li>\n<li><b>Ho\u1ea1t \u0111\u1ed9ng kh\u00f4ng c\u1ea7n pin:<\/b>\u00a0V\u1eabn c\u00f3 th\u1ec3 v\u1eadn h\u00e0nh ngay c\u1ea3 khi kh\u00f4ng k\u1ebft n\u1ed1i \u1eafc quy, ph\u00f9 h\u1ee3p v\u1edbi c\u00e1c h\u1ec7 th\u1ed1ng ch\u1ec9 c\u1ea7n h\u00f2a l\u01b0\u1edbi, ti\u1ebft ki\u1ec7m chi ph\u00ed \u0111\u1ea7u t\u01b0 ban \u0111\u1ea7u.<\/li>\n<\/ul>\n<p><img loading=\"lazy\" decoding=\"async\" class=\"wp-image-18333 aligncenter\" src=\"https:\/\/kawasan.vn\/wp-content\/uploads\/2026\/01\/Noi-dung-doan-van-ban-cua-ban-7-600x400.png\" alt=\"\" width=\"668\" height=\"445\" \/><\/p>\n<h2><span class=\"ez-toc-section\" id=\"Ung_dung_san_pham\"><\/span><b>\u1ee8ng d\u1ee5ng s\u1ea3n ph\u1ea9m<\/b><span class=\"ez-toc-section-end\"><\/span><\/h2>\n<ul>\n<li><b>H\u1ed9 gia \u0111\u00ecnh:<\/b>\u00a0cung c\u1ea5p \u0111i\u1ec7n \u1ed5n \u0111\u1ecbnh, gi\u1ea3m chi ph\u00ed ti\u1ec1n \u0111i\u1ec7n h\u00e0ng th\u00e1ng.<\/li>\n<\/ul>\n<p><img loading=\"lazy\" decoding=\"async\" class=\"alignnone size-medium wp-image-18334\" src=\"https:\/\/kawasan.vn\/wp-content\/uploads\/2026\/01\/Thiet-ke-chua-co-ten-35-1-600x400.png\" alt=\"\" width=\"600\" height=\"400\" \/><\/p>\n<ul>\n<li><b>C\u1eeda h\u00e0ng, v\u0103n ph\u00f2ng nh\u1ecf:<\/b>\u00a0\u0111\u1ea3m b\u1ea3o ho\u1ea1t \u0111\u1ed9ng li\u00ean t\u1ee5c ngay c\u1ea3 khi m\u1ea5t \u0111i\u1ec7n.<\/li>\n<\/ul>\n<p><img loading=\"lazy\" decoding=\"async\" class=\"alignnone size-medium wp-image-18337\" src=\"https:\/\/kawasan.vn\/wp-content\/uploads\/2026\/01\/Noi-dung-doan-van-ban-cua-ban-9-600x400.png\" alt=\"\" width=\"600\" height=\"400\" \/><\/p>\n<p>&nbsp;<\/p>\n<p>&nbsp;<\/p>\n<p>&nbsp;<\/p>\n<ul>\n<li><b>Nh\u00e0 m\u00e1y, x\u01b0\u1edfng s\u1ea3n xu\u1ea5t v\u1eeba v\u00e0 nh\u1ecf:<\/b>\u00a0t\u1ed1i \u01b0u chi ph\u00ed v\u1eadn h\u00e0nh, ch\u1ee7 \u0111\u1ed9ng ngu\u1ed3n \u0111i\u1ec7n.<\/li>\n<\/ul>\n<p><img loading=\"lazy\" decoding=\"async\" class=\"alignnone size-medium wp-image-18336\" src=\"https:\/\/kawasan.vn\/wp-content\/uploads\/2026\/01\/screenshot_1758611544-600x400.png\" alt=\"\" width=\"600\" height=\"400\" \/><\/p>\n<ul>\n<li><b>Khu v\u1ef1c v\u00f9ng s\u00e2u, v\u00f9ng xa:<\/b>\u00a0n\u01a1i \u0111i\u1ec7n l\u01b0\u1edbi kh\u00f4ng \u1ed5n \u0111\u1ecbnh ho\u1eb7c kh\u00f4ng c\u00f3 \u0111i\u1ec7n l\u01b0\u1edbi.<\/li>\n<\/ul>\n<p><img loading=\"lazy\" decoding=\"async\" class=\"alignnone wp-image-18335\" src=\"https:\/\/kawasan.vn\/wp-content\/uploads\/2026\/01\/Thiet-ke-chua-co-ten-34-1-600x400.png\" alt=\"\" width=\"698\" height=\"465\" \/><\/p>\n<h3><span class=\"ez-toc-section\" id=\"TAI_SAO_NEN_CHON_KAWASAN\"><\/span><b>T\u1ea0I SAO N\u00caN CH\u1eccN KAWASAN?<\/b><span class=\"ez-toc-section-end\"><\/span><\/h3>\n<ul>\n<li>Th\u01b0\u01a1ng hi\u1ec7u h\u00e0ng \u0111\u1ea7u Vi\u1ec7t Nam trong l\u0129nh v\u1ef1c \u0111i\u1ec7n t\u1ef1 \u0111\u1ed9ng, an ninh, an to\u00e0n v\u00e0 \u0111i\u1ec7n th\u00f4ng minh t\u1eeb 2007 v\u00e0 \u0111\u00e8n led d\u00e2n d\u1ee5ng, \u0111\u00e8n n\u0103ng l\u01b0\u1ee3ng m\u1eb7t tr\u1eddi t\u1eeb n\u0103m 2012<\/li>\n<li>\u0110\u1ed9 b\u1ec1n cao, linh ki\u1ec7n ch\u1ecdn l\u1ecdc \u2013 Ho\u1ea1t \u0111\u1ed9ng \u1ed5n \u0111\u1ecbnh c\u1ea3 trong \u0111i\u1ec1u ki\u1ec7n th\u1eddi ti\u1ebft kh\u1eafc nghi\u1ec7t<\/li>\n<li>Ch\u00ednh s\u00e1ch b\u1ea3o h\u00e0nh v\u01b0\u1ee3t tr\u1ed9i \u2013 H\u1ed7 tr\u1ee3 s\u1eeda ch\u1eefa c\u1ea3 sau th\u1eddi gian b\u1ea3o h\u00e0nh n\u1ebfu c\u00f2n kh\u1ea3 n\u0103ng kh\u1eafc ph\u1ee5c<\/li>\n<li>Kawasan hi\u1ec7n c\u00f3 tr\u1ee5 s\u1edf t\u1ea1i HCM, chi nh\u00e1nh t\u1ea1i H\u00e0 N\u1ed9i, \u0110\u00e0 N\u1eb5ng v\u00e0 x\u01b0\u1edfng SX, L\u1eafp r\u00e1p t\u1ea1i Q12. HCM.<\/li>\n<li>D\u1ecbch v\u1ee5 h\u1ed7 tr\u1ee3 24\/7, m\u1ea1ng l\u01b0\u1edbi \u0111\u1ea1i l\u00fd ph\u1ee7 kh\u1eafp c\u1ea3 n\u01b0\u1edbc<\/li>\n<\/ul>\n<h4><span class=\"ez-toc-section\" id=\"CAM_KET_TU_KAWASAKAWASAN\"><\/span><b>CAM K\u1ebeT T\u1eea KAWASAKAWASAN<\/b><span class=\"ez-toc-section-end\"><\/span><\/h4>\n<p>Kawasan cam k\u1ebft mang \u0111\u1ebfn s\u1ea3n ph\u1ea9m\u00a0<b>ch\u00ednh h\u00e3ng \u2013 b\u1ec1n b\u1ec9 \u2013 an to\u00e0n<\/b>, \u0111\u00e1p \u1ee9ng \u0111\u1ea7y \u0111\u1ee7 c\u00e1c ti\u00eau chu\u1ea9n k\u1ef9 thu\u1eadt v\u00e0 y\u00eau c\u1ea7u s\u1eed d\u1ee5ng th\u1ef1c t\u1ebf. T\u1ea5t c\u1ea3 s\u1ea3n ph\u1ea9m \u0111\u01b0\u1ee3c b\u1ea3o h\u00e0nh\u00a0<b>mi\u1ec5n ph\u00ed 24 th\u00e1ng<\/b>,\u00a0<b>1 \u0111\u1ed5i 1 trong v\u00f2ng 30 ng\u00e0y<\/b>\u00a0n\u1ebfu l\u1ed7i k\u1ef9 thu\u1eadt. Ngo\u00e0i ra, kh\u00e1ch h\u00e0ng c\u00f2n \u0111\u01b0\u1ee3c h\u1ed7 tr\u1ee3 s\u1eeda ch\u1eefa sau khi h\u1ebft th\u1eddi gian b\u1ea3o h\u00e0nh n\u1ebfu s\u1ea3n ph\u1ea9m c\u00f2n kh\u1ea3 n\u0103ng ph\u1ee5c h\u1ed3i,\u00a0<b>kh\u00f4ng t\u00ednh ph\u00ed<\/b>\u00a0n\u1ebfu chi ph\u00ed linh ki\u1ec7n thay th\u1ebf kh\u00f4ng \u0111\u00e1ng k\u1ec3. Kh\u00e1ch h\u00e0ng c\u00f3 th\u1ec3 t\u00ecm mua s\u1ea3n ph\u1ea9m t\u1ea1i c\u00e1c \u0111\u1ea1i l\u00fd t\u1ea1i c\u00e1c t\u1ec9nh th\u00e0nh ho\u1eb7c c\u00f3 th\u1ec3 \u0111\u1eb7t h\u00e0ng tr\u00ean website.<\/p>\n<h4><span class=\"ez-toc-section\" id=\"Mua_chinh_hang_tai\"><\/span><b>Mua ch\u00ednh h\u00e3ng t\u1ea1i:<\/b><span class=\"ez-toc-section-end\"><\/span><\/h4>\n<ul>\n<li>Li\u00ean h\u1ec7 tr\u1ef1c ti\u1ebfp ph\u00f2ng kinh doanh \u0111\u1ec3 \u0111\u01b0\u1ee3c b\u00e1o gi\u00e1 s\u1ec9, gi\u00e1 \u0111\u1ea1i l\u00fd \/ NPP:\u00a0<b>0825 411 408 \/ 0911 757234<\/b><\/li>\n<li>Website:<a href=\"https:\/\/kawasan.vn\/en\/?_gl=1*105adfi*_gcl_aw*R0NMLjE3NTIwMzE4NzkuQ2p3S0NBandnN1BEQmhCeEVpd0FmMUNWdV9YNVk5RVVUUU5jeFRHZFlNak5VdGd5OEdlM2M1YlNNbHZWaW9qMFNZengtN0VQMk1yVFdSb0NCM2dRQXZEX0J3RQ..*_gcl_au*MTcyOTk0ODg3Ny4xNzU2ODY1NTgwLjExOTQzNDk4NzkuMTc1NzQ5MTY0MS4xNzU3NDkxNjQw\">\u00a0www.kawasan.vn<\/a>\u00a0(\u0110\u1ed1i v\u1edbi s\u1ea3n ph\u1ea9m Kawasan)<\/li>\n<li>Website:<a href=\"https:\/\/www.kawaled.com.vn\/\">\u00a0www.kawaled.com.vn<\/a>\u00a0(\u0110\u1ed1i v\u1edbi s\u1ea3n ph\u1ea9m Kawaled)<\/li>\n<\/ul>","protected":false},"excerpt":{"rendered":"<p>Gi\u1edbi thi\u1ec7u Bi\u1ebfn t\u1ea7n n\u0103ng l\u01b0\u1ee3ng m\u1eb7t tr\u1eddi hybrid 6.3Kw l\u00e0 gi\u1ea3i ph\u00e1p th\u00f4ng minh gi\u00fap k\u1ebft h\u1ee3p linh ho\u1ea1t gi\u1eefa \u0111i\u1ec7n l\u01b0\u1edbi, n\u0103ng l\u01b0\u1ee3ng m\u1eb7t tr\u1eddi v\u00e0 \u1eafc quy l\u01b0u tr\u1eef. S\u1ea3n ph\u1ea9m \u0111\u01b0\u1ee3c thi\u1ebft k\u1ebf t\u1ed1i \u01b0u cho c\u00e1c h\u1ec7 th\u1ed1ng \u0111i\u1ec7n h\u1ed9 gia \u0111\u00ecnh, doanh nghi\u1ec7p v\u1eeba v\u00e0 nh\u1ecf, v\u1edbi kh\u1ea3 n\u0103ng [&hellip;]<\/p>","protected":false},"featured_media":26221,"comment_status":"open","ping_status":"closed","template":"","meta":{"_yoast_wpseo_focuskw":"","_yoast_wpseo_metadesc":"","_yoast_wpseo_focuskeywords":"","_yoast_wpseo_keyword_synonyms":""},"product_cat":[2603],"product_tag":[],"class_list":["post-26219","product","type-product","status-publish","has-post-thumbnail","hentry","product_cat-bien-tan-hybrid-nang-luong-mat-troi"],"acf":[],"yoast_head":"<!-- This site is optimized with the Yoast SEO Premium plugin v24.9 (Yoast SEO v24.9) - https:\/\/yoast.com\/wordpress\/plugins\/seo\/ -->\n<title>Bi\u1ebfn T\u1ea7n Hybrid 6.3Kw Kawasan, Model: HFP63248 - Kawasan<\/title>\n<meta name=\"robots\" content=\"index, follow, max-snippet:-1, max-image-preview:large, max-video-preview:-1\" \/>\n<link rel=\"canonical\" href=\"https:\/\/kawasan.vn\/en\/product\/bien-tan-hybrid-6-3kw-kawasan-model-hfp63248\/\" \/>\n<meta property=\"og:locale\" content=\"en_US\" \/>\n<meta property=\"og:type\" content=\"article\" \/>\n<meta property=\"og:title\" content=\"Bi\u1ebfn T\u1ea7n Hybrid 6.3Kw Kawasan, Model: HFP63248\" \/>\n<meta property=\"og:description\" content=\"Gi\u1edbi thi\u1ec7u Bi\u1ebfn t\u1ea7n n\u0103ng l\u01b0\u1ee3ng m\u1eb7t tr\u1eddi hybrid 6.3Kw l\u00e0 gi\u1ea3i ph\u00e1p th\u00f4ng minh gi\u00fap k\u1ebft h\u1ee3p linh ho\u1ea1t gi\u1eefa \u0111i\u1ec7n l\u01b0\u1edbi, n\u0103ng l\u01b0\u1ee3ng m\u1eb7t tr\u1eddi v\u00e0 \u1eafc quy l\u01b0u tr\u1eef. S\u1ea3n ph\u1ea9m \u0111\u01b0\u1ee3c thi\u1ebft k\u1ebf t\u1ed1i \u01b0u cho c\u00e1c h\u1ec7 th\u1ed1ng \u0111i\u1ec7n h\u1ed9 gia \u0111\u00ecnh, doanh nghi\u1ec7p v\u1eeba v\u00e0 nh\u1ecf, v\u1edbi kh\u1ea3 n\u0103ng [&hellip;]\" \/>\n<meta property=\"og:url\" content=\"https:\/\/kawasan.vn\/en\/product\/bien-tan-hybrid-6-3kw-kawasan-model-hfp63248\/\" \/>\n<meta property=\"og:site_name\" content=\"Kawasan\" \/>\n<meta property=\"article:modified_time\" content=\"2026-04-08T04:08:26+00:00\" \/>\n<meta property=\"og:image\" content=\"https:\/\/kawasan.vn\/wp-content\/uploads\/2025\/07\/Magic-Studio-Magic-Grab-LP.png\" \/>\n\t<meta property=\"og:image:width\" content=\"1080\" \/>\n\t<meta property=\"og:image:height\" content=\"1080\" \/>\n\t<meta property=\"og:image:type\" content=\"image\/png\" \/>\n<meta name=\"twitter:card\" content=\"summary_large_image\" \/>\n<meta name=\"twitter:label1\" content=\"Est. reading time\" \/>\n\t<meta name=\"twitter:data1\" content=\"7 minutes\" \/>\n<script type=\"application\/ld+json\" class=\"yoast-schema-graph\">{\"@context\":\"https:\/\/schema.org\",\"@graph\":[{\"@type\":\"WebPage\",\"@id\":\"https:\/\/kawasan.vn\/san-pham\/bien-tan-hybrid-6-3kw-kawasan-model-hfp63248\/\",\"url\":\"https:\/\/kawasan.vn\/san-pham\/bien-tan-hybrid-6-3kw-kawasan-model-hfp63248\/\",\"name\":\"Bi\u1ebfn T\u1ea7n Hybrid 6.3Kw Kawasan, Model: HFP63248 - Kawasan\",\"isPartOf\":{\"@id\":\"https:\/\/kawasan.vn\/#website\"},\"primaryImageOfPage\":{\"@id\":\"https:\/\/kawasan.vn\/san-pham\/bien-tan-hybrid-6-3kw-kawasan-model-hfp63248\/#primaryimage\"},\"image\":{\"@id\":\"https:\/\/kawasan.vn\/san-pham\/bien-tan-hybrid-6-3kw-kawasan-model-hfp63248\/#primaryimage\"},\"thumbnailUrl\":\"https:\/\/kawasan.vn\/wp-content\/uploads\/2025\/07\/Magic-Studio-Magic-Grab-LP.png\",\"datePublished\":\"2025-07-30T08:43:59+00:00\",\"dateModified\":\"2026-04-08T04:08:26+00:00\",\"breadcrumb\":{\"@id\":\"https:\/\/kawasan.vn\/san-pham\/bien-tan-hybrid-6-3kw-kawasan-model-hfp63248\/#breadcrumb\"},\"inLanguage\":\"en-US\",\"potentialAction\":[{\"@type\":\"ReadAction\",\"target\":[\"https:\/\/kawasan.vn\/san-pham\/bien-tan-hybrid-6-3kw-kawasan-model-hfp63248\/\"]}]},{\"@type\":\"ImageObject\",\"inLanguage\":\"en-US\",\"@id\":\"https:\/\/kawasan.vn\/san-pham\/bien-tan-hybrid-6-3kw-kawasan-model-hfp63248\/#primaryimage\",\"url\":\"https:\/\/kawasan.vn\/wp-content\/uploads\/2025\/07\/Magic-Studio-Magic-Grab-LP.png\",\"contentUrl\":\"https:\/\/kawasan.vn\/wp-content\/uploads\/2025\/07\/Magic-Studio-Magic-Grab-LP.png\",\"width\":1080,\"height\":1080},{\"@type\":\"BreadcrumbList\",\"@id\":\"https:\/\/kawasan.vn\/san-pham\/bien-tan-hybrid-6-3kw-kawasan-model-hfp63248\/#breadcrumb\",\"itemListElement\":[{\"@type\":\"ListItem\",\"position\":1,\"name\":\"Trang ch\u1ee7\",\"item\":\"https:\/\/kawasan.vn\/\"},{\"@type\":\"ListItem\",\"position\":2,\"name\":\"S\u1ea3n ph\u1ea9m\",\"item\":\"https:\/\/kawasan.vn\/san-pham\/\"},{\"@type\":\"ListItem\",\"position\":3,\"name\":\"Bi\u1ebfn T\u1ea7n Hybrid 6.3Kw Kawasan, Model: HFP63248\"}]},{\"@type\":\"WebSite\",\"@id\":\"https:\/\/kawasan.vn\/#website\",\"url\":\"https:\/\/kawasan.vn\/\",\"name\":\"Kawasan\",\"description\":\"\",\"potentialAction\":[{\"@type\":\"SearchAction\",\"target\":{\"@type\":\"EntryPoint\",\"urlTemplate\":\"https:\/\/kawasan.vn\/?s={search_term_string}\"},\"query-input\":{\"@type\":\"PropertyValueSpecification\",\"valueRequired\":true,\"valueName\":\"search_term_string\"}}],\"inLanguage\":\"en-US\"}]}<\/script>\n<!-- \/ Yoast SEO Premium plugin. -->","yoast_head_json":{"title":"Bi\u1ebfn T\u1ea7n Hybrid 6.3Kw Kawasan, Model: HFP63248 - Kawasan","robots":{"index":"index","follow":"follow","max-snippet":"max-snippet:-1","max-image-preview":"max-image-preview:large","max-video-preview":"max-video-preview:-1"},"canonical":"https:\/\/kawasan.vn\/en\/product\/bien-tan-hybrid-6-3kw-kawasan-model-hfp63248\/","og_locale":"en_US","og_type":"article","og_title":"Bi\u1ebfn T\u1ea7n Hybrid 6.3Kw Kawasan, Model: HFP63248","og_description":"Gi\u1edbi thi\u1ec7u Bi\u1ebfn t\u1ea7n n\u0103ng l\u01b0\u1ee3ng m\u1eb7t tr\u1eddi hybrid 6.3Kw l\u00e0 gi\u1ea3i ph\u00e1p th\u00f4ng minh gi\u00fap k\u1ebft h\u1ee3p linh ho\u1ea1t gi\u1eefa \u0111i\u1ec7n l\u01b0\u1edbi, n\u0103ng l\u01b0\u1ee3ng m\u1eb7t tr\u1eddi v\u00e0 \u1eafc quy l\u01b0u tr\u1eef. S\u1ea3n ph\u1ea9m \u0111\u01b0\u1ee3c thi\u1ebft k\u1ebf t\u1ed1i \u01b0u cho c\u00e1c h\u1ec7 th\u1ed1ng \u0111i\u1ec7n h\u1ed9 gia \u0111\u00ecnh, doanh nghi\u1ec7p v\u1eeba v\u00e0 nh\u1ecf, v\u1edbi kh\u1ea3 n\u0103ng [&hellip;]","og_url":"https:\/\/kawasan.vn\/en\/product\/bien-tan-hybrid-6-3kw-kawasan-model-hfp63248\/","og_site_name":"Kawasan","article_modified_time":"2026-04-08T04:08:26+00:00","og_image":[{"width":1080,"height":1080,"url":"https:\/\/kawasan.vn\/wp-content\/uploads\/2025\/07\/Magic-Studio-Magic-Grab-LP.png","type":"image\/png"}],"twitter_card":"summary_large_image","twitter_misc":{"Est. reading time":"7 minutes"},"schema":{"@context":"https:\/\/schema.org","@graph":[{"@type":"WebPage","@id":"https:\/\/kawasan.vn\/san-pham\/bien-tan-hybrid-6-3kw-kawasan-model-hfp63248\/","url":"https:\/\/kawasan.vn\/san-pham\/bien-tan-hybrid-6-3kw-kawasan-model-hfp63248\/","name":"Bi\u1ebfn T\u1ea7n Hybrid 6.3Kw Kawasan, Model: HFP63248 - Kawasan","isPartOf":{"@id":"https:\/\/kawasan.vn\/#website"},"primaryImageOfPage":{"@id":"https:\/\/kawasan.vn\/san-pham\/bien-tan-hybrid-6-3kw-kawasan-model-hfp63248\/#primaryimage"},"image":{"@id":"https:\/\/kawasan.vn\/san-pham\/bien-tan-hybrid-6-3kw-kawasan-model-hfp63248\/#primaryimage"},"thumbnailUrl":"https:\/\/kawasan.vn\/wp-content\/uploads\/2025\/07\/Magic-Studio-Magic-Grab-LP.png","datePublished":"2025-07-30T08:43:59+00:00","dateModified":"2026-04-08T04:08:26+00:00","breadcrumb":{"@id":"https:\/\/kawasan.vn\/san-pham\/bien-tan-hybrid-6-3kw-kawasan-model-hfp63248\/#breadcrumb"},"inLanguage":"en-US","potentialAction":[{"@type":"ReadAction","target":["https:\/\/kawasan.vn\/san-pham\/bien-tan-hybrid-6-3kw-kawasan-model-hfp63248\/"]}]},{"@type":"ImageObject","inLanguage":"en-US","@id":"https:\/\/kawasan.vn\/san-pham\/bien-tan-hybrid-6-3kw-kawasan-model-hfp63248\/#primaryimage","url":"https:\/\/kawasan.vn\/wp-content\/uploads\/2025\/07\/Magic-Studio-Magic-Grab-LP.png","contentUrl":"https:\/\/kawasan.vn\/wp-content\/uploads\/2025\/07\/Magic-Studio-Magic-Grab-LP.png","width":1080,"height":1080},{"@type":"BreadcrumbList","@id":"https:\/\/kawasan.vn\/san-pham\/bien-tan-hybrid-6-3kw-kawasan-model-hfp63248\/#breadcrumb","itemListElement":[{"@type":"ListItem","position":1,"name":"Trang ch\u1ee7","item":"https:\/\/kawasan.vn\/"},{"@type":"ListItem","position":2,"name":"S\u1ea3n ph\u1ea9m","item":"https:\/\/kawasan.vn\/san-pham\/"},{"@type":"ListItem","position":3,"name":"Bi\u1ebfn T\u1ea7n Hybrid 6.3Kw Kawasan, Model: HFP63248"}]},{"@type":"WebSite","@id":"https:\/\/kawasan.vn\/#website","url":"https:\/\/kawasan.vn\/","name":"Kawasan","description":"","potentialAction":[{"@type":"SearchAction","target":{"@type":"EntryPoint","urlTemplate":"https:\/\/kawasan.vn\/?s={search_term_string}"},"query-input":{"@type":"PropertyValueSpecification","valueRequired":true,"valueName":"search_term_string"}}],"inLanguage":"en-US"}]}},"_links":{"self":[{"href":"https:\/\/kawasan.vn\/en\/wp-json\/wp\/v2\/product\/26219","targetHints":{"allow":["GET"]}}],"collection":[{"href":"https:\/\/kawasan.vn\/en\/wp-json\/wp\/v2\/product"}],"about":[{"href":"https:\/\/kawasan.vn\/en\/wp-json\/wp\/v2\/types\/product"}],"replies":[{"embeddable":true,"href":"https:\/\/kawasan.vn\/en\/wp-json\/wp\/v2\/comments?post=26219"}],"version-history":[{"count":8,"href":"https:\/\/kawasan.vn\/en\/wp-json\/wp\/v2\/product\/26219\/revisions"}],"predecessor-version":[{"id":30108,"href":"https:\/\/kawasan.vn\/en\/wp-json\/wp\/v2\/product\/26219\/revisions\/30108"}],"wp:featuredmedia":[{"embeddable":true,"href":"https:\/\/kawasan.vn\/en\/wp-json\/wp\/v2\/media\/26221"}],"wp:attachment":[{"href":"https:\/\/kawasan.vn\/en\/wp-json\/wp\/v2\/media?parent=26219"}],"wp:term":[{"taxonomy":"product_cat","embeddable":true,"href":"https:\/\/kawasan.vn\/en\/wp-json\/wp\/v2\/product_cat?post=26219"},{"taxonomy":"product_tag","embeddable":true,"href":"https:\/\/kawasan.vn\/en\/wp-json\/wp\/v2\/product_tag?post=26219"}],"curies":[{"name":"wp","href":"https:\/\/api.w.org\/{rel}","templated":true}]}}