{"id":26218,"date":"2025-07-30T15:46:15","date_gmt":"2025-07-30T08:46:15","guid":{"rendered":"https:\/\/kawasan.vn\/?post_type=product&#038;p=26218"},"modified":"2026-04-24T08:38:56","modified_gmt":"2026-04-24T01:38:56","slug":"pin-lithium-kawasan-lifepo4-300ah-15360kwh-model-51-2v300ah","status":"publish","type":"product","link":"https:\/\/kawasan.vn\/en\/product\/pin-lithium-kawasan-lifepo4-300ah-15360kwh-model-51-2v300ah\/","title":{"rendered":"Pin Lithium KAWASAN LiFePo4 300Ah (15,360Kwh), Model: 51.2V300AH"},"content":{"rendered":"<p><b>Pin Lithium KAWASAN LiFePO\u2084 300Ah (15.36kWh) \u2013 Model: 51.2V300AH<\/b><\/p>\n<h3><b>L\u01b0u tr\u1eef \u0111i\u1ec7n c\u00f4ng su\u1ea5t l\u1edbn \u2013 B\u1ec1n b\u1ec9 \u2013 An to\u00e0n cho bi\u1ec7t th\u1ef1 v\u00e0 doanh nghi\u1ec7p<\/b><\/h3>\n<p><b>KAWASAN 51.2V300AH<\/b><span style=\"font-weight: 400;\"> l\u00e0 s\u1ea3n ph\u1ea9m chi\u1ebfn l\u01b0\u1ee3c d\u00e0nh cho c\u00e1c h\u1ec7 th\u1ed1ng \u0111i\u1ec7n m\u1eb7t tr\u1eddi c\u00f4ng su\u1ea5t cao, y\u00eau c\u1ea7u l\u01b0u tr\u1eef \u0111i\u1ec7n l\u1edbn v\u00e0 v\u1eadn h\u00e0nh li\u00ean t\u1ee5c c\u1ea3 ng\u00e0y l\u1eabn \u0111\u00eam. V\u1edbi dung l\u01b0\u1ee3ng l\u00ean \u0111\u1ebfn 15.36kWh, pin c\u00f3 th\u1ec3 cung c\u1ea5p \u0111i\u1ec7n cho to\u00e0n b\u1ed9 h\u1ec7 th\u1ed1ng \u0111i\u1ec7n trong bi\u1ec7t th\u1ef1, nh\u00e0 x\u01b0\u1edfng ho\u1eb7c v\u0103n ph\u00f2ng trong nhi\u1ec1u gi\u1edd m\u00e0 kh\u00f4ng c\u1ea7n ph\u1ee5 thu\u1ed9c v\u00e0o l\u01b0\u1edbi \u0111i\u1ec7n.<\/span><\/p>\n<p><img loading=\"lazy\" decoding=\"async\" class=\"aligncenter wp-image-30071\" src=\"https:\/\/kawasan.vn\/wp-content\/uploads\/2025\/07\/PIN-LITHIUM-LUU-TRU-he-dien-nang-luong-mat-troi-1.png\" alt=\"\" width=\"567\" height=\"567\" \/><\/p>\n<p><span style=\"font-weight: 400;\">S\u1eed d\u1ee5ng l\u00f5i pin LiFePO\u2084 cao c\u1ea5p, s\u1ea3n ph\u1ea9m mang l\u1ea1i \u0111\u1ed9 an to\u00e0n tuy\u1ec7t \u0111\u1ed1i, tu\u1ed5i th\u1ecd cao v\u00e0 kh\u1ea3 n\u0103ng ch\u1ecbu t\u1ea3i l\u1edbn \u2013 s\u1eb5n s\u00e0ng v\u1eadn h\u00e0nh trong \u0111i\u1ec1u ki\u1ec7n kh\u1eafc nghi\u1ec7t nh\u1ea5t.<\/span><\/p>\n<p><b>\u01afu \u0111i\u1ec3m v\u01b0\u1ee3t tr\u1ed9i c\u1ee7a 51.2V300AH<\/b><\/p>\n<ul>\n<li><b>Dung l\u01b0\u1ee3ng 15.36kWh \u2013 gi\u1ea3i ph\u00f3ng kh\u1ecfi n\u1ed7i lo m\u1ea5t \u0111i\u1ec7n:<\/b><span style=\"font-weight: 400;\"> \u0110\u00e1p \u1ee9ng \u0111\u1ee7 nhu c\u1ea7u cho nh\u00e0 c\u00f3 \u0111i\u1ec1u h\u00f2a, b\u1ebfp \u0111i\u1ec7n, m\u00e1y gi\u1eb7t, m\u00e1y b\u01a1m\u2026<\/span><\/li>\n<li><b>Ch\u1ecbu t\u1ea3i cao:<\/b><span style=\"font-weight: 400;\"> D\u00f2ng x\u1ea3 li\u00ean t\u1ee5c \u0111\u1ebfn 200A \u2013 s\u1eed d\u1ee5ng \u0111\u1ed3ng th\u1eddi nhi\u1ec1u thi\u1ebft b\u1ecb \u0111i\u1ec7n c\u00f4ng su\u1ea5t l\u1edbn m\u00e0 kh\u00f4ng b\u1ecb s\u1ee5t \u00e1p.<\/span><\/li>\n<li style=\"font-weight: 400;\" aria-level=\"1\"><b>Qu\u1ea3n l\u00fd t\u1eeb xa \u2013 gi\u00e1m s\u00e1t chuy\u00ean s\u00e2u:<\/b><span style=\"font-weight: 400;\"> T\u00edch h\u1ee3p RS485\/CAN \u2013 k\u1ebft n\u1ed1i v\u1edbi ph\u1ea7n m\u1ec1m qu\u1ea3n l\u00fd n\u0103ng l\u01b0\u1ee3ng EMS c\u1ee7a h\u1ec7 th\u1ed1ng \u0111i\u1ec7n m\u1eb7t tr\u1eddi.<\/span><\/li>\n<li style=\"font-weight: 400;\" aria-level=\"1\"><b>T\u1ea3n nhi\u1ec7t t\u1ef1 nhi\u00ean \u2013 ho\u1ea1t \u0111\u1ed9ng b\u1ec1n b\u1ec9:<\/b><span style=\"font-weight: 400;\"> Kh\u00f4ng c\u1ea7n qu\u1ea1t, gi\u1ea3m r\u1ee7i ro h\u1ecfng h\u00f3c do b\u1ee5i v\u00e0 \u1ea9m.<\/span><\/li>\n<li style=\"font-weight: 400;\" aria-level=\"1\"><b>T\u00edch h\u1ee3p \u0111\u1ea7y \u0111\u1ee7 t\u00ednh n\u0103ng b\u1ea3o v\u1ec7:<\/b><span style=\"font-weight: 400;\"> Ch\u1ed1ng ng\u1eafn m\u1ea1ch, qu\u00e1 \u00e1p, qu\u00e1 nhi\u1ec7t, t\u1ef1 \u0111\u1ed9ng ng\u1eaft khi c\u00f3 s\u1ef1 c\u1ed1.<\/span><\/li>\n<\/ul>\n<p><img loading=\"lazy\" decoding=\"async\" class=\"aligncenter wp-image-30067\" src=\"https:\/\/kawasan.vn\/wp-content\/uploads\/2025\/07\/Cum-coc-dau-B-B-2.png\" alt=\"\" width=\"842\" height=\"474\" srcset=\"https:\/\/kawasan.vn\/wp-content\/uploads\/2025\/07\/Cum-coc-dau-B-B-2-768x432.png 768w, https:\/\/kawasan.vn\/wp-content\/uploads\/2025\/07\/Cum-coc-dau-B-B-2-640x360.png 640w, https:\/\/kawasan.vn\/wp-content\/uploads\/2025\/07\/Cum-coc-dau-B-B-2-400x225.png 400w\" sizes=\"auto, (max-width: 842px) 100vw, 842px\" \/><\/p>\n<p><b>Th\u00f4ng s\u1ed1 k\u1ef9 thu\u1eadt chi ti\u1ebft<\/b><\/p>\n<table>\n<tbody>\n<tr>\n<td><b>H\u1ea1ng m\u1ee5c<\/b><\/td>\n<td><b>Th\u00f4ng s\u1ed1<\/b><\/td>\n<\/tr>\n<tr>\n<td><span style=\"font-weight: 400;\">Lo\u1ea1i pin<\/span><\/td>\n<td><span style=\"font-weight: 400;\">Lithium s\u1eaft phosphate (LiFePO\u2084)<\/span><\/td>\n<\/tr>\n<tr>\n<td><span style=\"font-weight: 400;\">\u0110i\u1ec7n \u00e1p danh \u0111\u1ecbnh<\/span><\/td>\n<td><span style=\"font-weight: 400;\">51.2V<\/span><\/td>\n<\/tr>\n<tr>\n<td><span style=\"font-weight: 400;\">Dung l\u01b0\u1ee3ng danh \u0111\u1ecbnh<\/span><\/td>\n<td><span style=\"font-weight: 400;\">300Ah<\/span><\/td>\n<\/tr>\n<tr>\n<td><span style=\"font-weight: 400;\">N\u0103ng l\u01b0\u1ee3ng l\u01b0u tr\u1eef<\/span><\/td>\n<td><span style=\"font-weight: 400;\">15.36kWh<\/span><\/td>\n<\/tr>\n<tr>\n<td><span style=\"font-weight: 400;\">Chu k\u1ef3 s\u1ea1c x\u1ea3<\/span><\/td>\n<td><span style=\"font-weight: 400;\">&gt;6000 chu k\u1ef3<\/span><\/td>\n<\/tr>\n<tr>\n<td><span style=\"font-weight: 400;\">Hi\u1ec7u su\u1ea5t n\u1ea1p\/x\u1ea3<\/span><\/td>\n<td><span style=\"font-weight: 400;\">96\u201398%<\/span><\/td>\n<\/tr>\n<tr>\n<td><span style=\"font-weight: 400;\">K\u00edch th\u01b0\u1edbc<\/span><\/td>\n<td><span style=\"font-weight: 400;\">850 x 525 x 255mm<\/span><\/td>\n<\/tr>\n<tr>\n<td><span style=\"font-weight: 400;\">Tr\u1ecdng l\u01b0\u1ee3ng<\/span><\/td>\n<td><span style=\"font-weight: 400;\">125kg \u00b13kg<\/span><\/td>\n<\/tr>\n<tr>\n<td><span style=\"font-weight: 400;\">Giao ti\u1ebfp truy\u1ec1n th\u00f4ng<\/span><\/td>\n<td><span style=\"font-weight: 400;\">RS485 \/ CAN<\/span><\/td>\n<\/tr>\n<tr>\n<td><span style=\"font-weight: 400;\">D\u1ea3i nhi\u1ec7t \u0111\u1ed9 s\u1ea1c<\/span><\/td>\n<td><span style=\"font-weight: 400;\">0\u00b0C \u2013 55\u00b0C<\/span><\/td>\n<\/tr>\n<tr>\n<td><span style=\"font-weight: 400;\">D\u1ea3i nhi\u1ec7t \u0111\u1ed9 x\u1ea3<\/span><\/td>\n<td><span style=\"font-weight: 400;\">-20\u00b0C \u2013 60\u00b0C<\/span><\/td>\n<\/tr>\n<tr>\n<td><span style=\"font-weight: 400;\">B\u1ea3o v\u1ec7<\/span><\/td>\n<td><span style=\"font-weight: 400;\">Qu\u00e1 \u00e1p, qu\u00e1 d\u00f2ng, \u0111o\u1ea3n m\u1ea1ch, qu\u00e1 nhi\u1ec7t<\/span><\/td>\n<\/tr>\n<\/tbody>\n<\/table>\n<p><b>\u1ee8ng d\u1ee5ng th\u1ef1c t\u1ebf<\/b><\/p>\n<ul>\n<li style=\"font-weight: 400;\" aria-level=\"1\"><span style=\"font-weight: 400;\">H\u1ec7 th\u1ed1ng \u0111i\u1ec7n m\u1eb7t tr\u1eddi 8kW\u201315kW<\/span><\/li>\n<\/ul>\n<p><img loading=\"lazy\" decoding=\"async\" class=\"aligncenter wp-image-29996\" src=\"https:\/\/kawasan.vn\/wp-content\/uploads\/2026\/01\/3-1.png\" alt=\"\" width=\"602\" height=\"602\" \/><\/p>\n<ul>\n<li style=\"font-weight: 400;\" aria-level=\"1\"><span style=\"font-weight: 400;\">Bi\u1ec7t th\u1ef1, villa ngh\u1ec9 d\u01b0\u1ee1ng c\u00f3 s\u1eed d\u1ee5ng m\u00e1y l\u1ea1nh \u2013 m\u00e1y b\u01a1m \u2013 m\u00e1y n\u01b0\u1edbc n\u00f3ng \u0111i\u1ec7n<\/span><\/li>\n<\/ul>\n<p><img loading=\"lazy\" decoding=\"async\" class=\"aligncenter wp-image-30074\" src=\"https:\/\/kawasan.vn\/wp-content\/uploads\/2025\/07\/PIN-LITHIUM-LUU-TRU-he-dien-nang-luong-mat-troi-2.png\" alt=\"\" width=\"604\" height=\"604\" \/><\/p>\n<ul>\n<li style=\"font-weight: 400;\" aria-level=\"1\"><span style=\"font-weight: 400;\">Nh\u00e0 m\u00e1y, showroom, v\u0103n ph\u00f2ng ho\u1ea1t \u0111\u1ed9ng \u0111\u1ed9c l\u1eadp<\/span><\/li>\n<\/ul>\n<p><img loading=\"lazy\" decoding=\"async\" class=\"aligncenter wp-image-29997\" src=\"https:\/\/kawasan.vn\/wp-content\/uploads\/2026\/01\/4-1.png\" alt=\"\" width=\"604\" height=\"604\" \/><\/p>\n<ul>\n<li style=\"font-weight: 400;\" aria-level=\"1\"><span style=\"font-weight: 400;\">Khu v\u1ef1c v\u00f9ng s\u00e2u, v\u00f9ng n\u00fai \u2013 n\u01a1i \u0111i\u1ec7n l\u01b0\u1edbi kh\u00f4ng \u1ed5n \u0111\u1ecbnh<\/span><\/li>\n<\/ul>\n<p><img loading=\"lazy\" decoding=\"async\" class=\"aligncenter wp-image-29995\" src=\"https:\/\/kawasan.vn\/wp-content\/uploads\/2026\/01\/2-2.png\" alt=\"\" width=\"616\" height=\"616\" \/><\/p>\n<p><b>K\u1ebft lu\u1eadn<\/b><\/p>\n<p><span style=\"font-weight: 400;\">V\u1edbi thi\u1ebft k\u1ebf m\u1ea1nh m\u1ebd, l\u01b0u tr\u1eef cao v\u00e0 an to\u00e0n h\u00e0ng \u0111\u1ea7u, <\/span><b>KAWASAN 51.2V300AH<\/b><span style=\"font-weight: 400;\"> l\u00e0 l\u1ef1a ch\u1ecdn l\u00fd t\u01b0\u1edfng cho nh\u1eefng c\u00f4ng tr\u00ecnh y\u00eau c\u1ea7u kh\u1ea3 n\u0103ng ho\u1ea1t \u0111\u1ed9ng li\u00ean t\u1ee5c, \u1ed5n \u0111\u1ecbnh v\u00e0 kh\u00f4ng ph\u1ee5 thu\u1ed9c \u0111i\u1ec7n l\u01b0\u1edbi. S\u1ea3n ph\u1ea9m kh\u00f4ng ch\u1ec9 gi\u00fap ti\u1ebft ki\u1ec7m chi ph\u00ed v\u1eadn h\u00e0nh m\u00e0 c\u00f2n mang \u0111\u1ebfn s\u1ef1 ch\u1ee7 \u0111\u1ed9ng tuy\u1ec7t \u0111\u1ed1i trong m\u1ecdi ho\u00e0n c\u1ea3nh.<\/span><span style=\"font-weight: 400;\"><br \/>\n<\/span> <b>M\u1ed9t kho\u1ea3n \u0111\u1ea7u t\u01b0 x\u1ee9ng \u0111\u00e1ng cho ng\u00f4i nh\u00e0 v\u00e0 doanh nghi\u1ec7p n\u0103ng l\u01b0\u1ee3ng s\u1ea1ch c\u1ee7a b\u1ea1n.<\/b><\/p>\n<p style=\"text-align: center;\"><strong>Thank you for trusting Kawasan products!<\/strong><\/p>\n<p style=\"text-align: center;\"><strong>Toll-Free Consulting Hotline:\u00a0<\/strong><strong>1800 0058<\/strong><\/p>\n<p style=\"text-align: center;\" align=\"center\"><strong>Trang web:\u00a0\u00a0<\/strong><a href=\"https:\/\/kawasan.vn\/en\/\"><strong>www.kawasan.vn<\/strong><\/a><\/p>\n<p style=\"text-align: center;\" align=\"center\"><strong>Trang web:\u00a0\u00a0<\/strong><a href=\"https:\/\/kawaled.com.vn\/\"><strong>www.kawaled.com.vn<\/strong><\/a><\/p>\n<p>&nbsp;<\/p>","protected":false},"excerpt":{"rendered":"<p>Pin Lithium KAWASAN LiFePO\u2084 300Ah (15.36kWh) \u2013 Model: 51.2V300AH L\u01b0u tr\u1eef \u0111i\u1ec7n c\u00f4ng su\u1ea5t l\u1edbn \u2013 B\u1ec1n b\u1ec9 \u2013 An to\u00e0n cho bi\u1ec7t th\u1ef1 v\u00e0 doanh nghi\u1ec7p KAWASAN 51.2V300AH l\u00e0 s\u1ea3n ph\u1ea9m chi\u1ebfn l\u01b0\u1ee3c d\u00e0nh cho c\u00e1c h\u1ec7 th\u1ed1ng \u0111i\u1ec7n m\u1eb7t tr\u1eddi c\u00f4ng su\u1ea5t cao, y\u00eau c\u1ea7u l\u01b0u tr\u1eef \u0111i\u1ec7n l\u1edbn v\u00e0 v\u1eadn h\u00e0nh li\u00ean [&hellip;]<\/p>","protected":false},"featured_media":30072,"comment_status":"open","ping_status":"closed","template":"","meta":{"_yoast_wpseo_focuskw":"","_yoast_wpseo_metadesc":"","_yoast_wpseo_focuskeywords":"","_yoast_wpseo_keyword_synonyms":""},"product_cat":[2602],"product_tag":[],"class_list":["post-26218","product","type-product","status-publish","has-post-thumbnail","hentry","product_cat-pin-luu-tru-lithium-lifepo4"],"acf":[],"yoast_head":"<!-- This site is optimized with the Yoast SEO Premium plugin v24.9 (Yoast SEO v24.9) - https:\/\/yoast.com\/wordpress\/plugins\/seo\/ -->\n<title>Pin Lithium KAWASAN LiFePo4 300Ah (15,360Kwh), Model: 51.2V300AH - Kawasan<\/title>\n<meta name=\"robots\" content=\"index, follow, max-snippet:-1, max-image-preview:large, max-video-preview:-1\" \/>\n<link rel=\"canonical\" href=\"https:\/\/kawasan.vn\/en\/product\/pin-lithium-kawasan-lifepo4-300ah-15360kwh-model-51-2v300ah\/\" \/>\n<meta property=\"og:locale\" content=\"en_US\" \/>\n<meta property=\"og:type\" content=\"article\" \/>\n<meta property=\"og:title\" content=\"Pin Lithium KAWASAN LiFePo4 300Ah (15,360Kwh), Model: 51.2V300AH\" \/>\n<meta property=\"og:description\" content=\"Pin Lithium KAWASAN LiFePO\u2084 300Ah (15.36kWh) \u2013 Model: 51.2V300AH L\u01b0u tr\u1eef \u0111i\u1ec7n c\u00f4ng su\u1ea5t l\u1edbn \u2013 B\u1ec1n b\u1ec9 \u2013 An to\u00e0n cho bi\u1ec7t th\u1ef1 v\u00e0 doanh nghi\u1ec7p KAWASAN 51.2V300AH l\u00e0 s\u1ea3n ph\u1ea9m chi\u1ebfn l\u01b0\u1ee3c d\u00e0nh cho c\u00e1c h\u1ec7 th\u1ed1ng \u0111i\u1ec7n m\u1eb7t tr\u1eddi c\u00f4ng su\u1ea5t cao, y\u00eau c\u1ea7u l\u01b0u tr\u1eef \u0111i\u1ec7n l\u1edbn v\u00e0 v\u1eadn h\u00e0nh li\u00ean [&hellip;]\" \/>\n<meta property=\"og:url\" content=\"https:\/\/kawasan.vn\/en\/product\/pin-lithium-kawasan-lifepo4-300ah-15360kwh-model-51-2v300ah\/\" \/>\n<meta property=\"og:site_name\" content=\"Kawasan\" \/>\n<meta property=\"article:modified_time\" content=\"2026-04-24T01:38:56+00:00\" \/>\n<meta property=\"og:image\" content=\"https:\/\/kawasan.vn\/wp-content\/uploads\/2025\/07\/PIN-LITHIUM-LUU-TRU-he-dien-nang-luong-mat-troi.png\" \/>\n\t<meta property=\"og:image:width\" content=\"900\" \/>\n\t<meta property=\"og:image:height\" content=\"900\" \/>\n\t<meta property=\"og:image:type\" content=\"image\/png\" \/>\n<meta name=\"twitter:card\" content=\"summary_large_image\" \/>\n<meta name=\"twitter:label1\" content=\"Est. reading time\" \/>\n\t<meta name=\"twitter:data1\" content=\"5 minutes\" \/>\n<script type=\"application\/ld+json\" class=\"yoast-schema-graph\">{\"@context\":\"https:\/\/schema.org\",\"@graph\":[{\"@type\":\"WebPage\",\"@id\":\"https:\/\/kawasan.vn\/san-pham\/pin-lithium-kawasan-lifepo4-300ah-15360kwh-model-51-2v300ah\/\",\"url\":\"https:\/\/kawasan.vn\/san-pham\/pin-lithium-kawasan-lifepo4-300ah-15360kwh-model-51-2v300ah\/\",\"name\":\"Pin Lithium KAWASAN LiFePo4 300Ah (15,360Kwh), Model: 51.2V300AH - Kawasan\",\"isPartOf\":{\"@id\":\"https:\/\/kawasan.vn\/#website\"},\"primaryImageOfPage\":{\"@id\":\"https:\/\/kawasan.vn\/san-pham\/pin-lithium-kawasan-lifepo4-300ah-15360kwh-model-51-2v300ah\/#primaryimage\"},\"image\":{\"@id\":\"https:\/\/kawasan.vn\/san-pham\/pin-lithium-kawasan-lifepo4-300ah-15360kwh-model-51-2v300ah\/#primaryimage\"},\"thumbnailUrl\":\"https:\/\/kawasan.vn\/wp-content\/uploads\/2025\/07\/PIN-LITHIUM-LUU-TRU-he-dien-nang-luong-mat-troi.png\",\"datePublished\":\"2025-07-30T08:46:15+00:00\",\"dateModified\":\"2026-04-24T01:38:56+00:00\",\"breadcrumb\":{\"@id\":\"https:\/\/kawasan.vn\/san-pham\/pin-lithium-kawasan-lifepo4-300ah-15360kwh-model-51-2v300ah\/#breadcrumb\"},\"inLanguage\":\"en-US\",\"potentialAction\":[{\"@type\":\"ReadAction\",\"target\":[\"https:\/\/kawasan.vn\/san-pham\/pin-lithium-kawasan-lifepo4-300ah-15360kwh-model-51-2v300ah\/\"]}]},{\"@type\":\"ImageObject\",\"inLanguage\":\"en-US\",\"@id\":\"https:\/\/kawasan.vn\/san-pham\/pin-lithium-kawasan-lifepo4-300ah-15360kwh-model-51-2v300ah\/#primaryimage\",\"url\":\"https:\/\/kawasan.vn\/wp-content\/uploads\/2025\/07\/PIN-LITHIUM-LUU-TRU-he-dien-nang-luong-mat-troi.png\",\"contentUrl\":\"https:\/\/kawasan.vn\/wp-content\/uploads\/2025\/07\/PIN-LITHIUM-LUU-TRU-he-dien-nang-luong-mat-troi.png\",\"width\":900,\"height\":900},{\"@type\":\"BreadcrumbList\",\"@id\":\"https:\/\/kawasan.vn\/san-pham\/pin-lithium-kawasan-lifepo4-300ah-15360kwh-model-51-2v300ah\/#breadcrumb\",\"itemListElement\":[{\"@type\":\"ListItem\",\"position\":1,\"name\":\"Trang ch\u1ee7\",\"item\":\"https:\/\/kawasan.vn\/\"},{\"@type\":\"ListItem\",\"position\":2,\"name\":\"S\u1ea3n ph\u1ea9m\",\"item\":\"https:\/\/kawasan.vn\/san-pham\/\"},{\"@type\":\"ListItem\",\"position\":3,\"name\":\"Pin Lithium KAWASAN LiFePo4 300Ah (15,360Kwh), Model: 51.2V300AH\"}]},{\"@type\":\"WebSite\",\"@id\":\"https:\/\/kawasan.vn\/#website\",\"url\":\"https:\/\/kawasan.vn\/\",\"name\":\"Kawasan\",\"description\":\"\",\"potentialAction\":[{\"@type\":\"SearchAction\",\"target\":{\"@type\":\"EntryPoint\",\"urlTemplate\":\"https:\/\/kawasan.vn\/?s={search_term_string}\"},\"query-input\":{\"@type\":\"PropertyValueSpecification\",\"valueRequired\":true,\"valueName\":\"search_term_string\"}}],\"inLanguage\":\"en-US\"}]}<\/script>\n<!-- \/ Yoast SEO Premium plugin. -->","yoast_head_json":{"title":"Pin Lithium KAWASAN LiFePo4 300Ah (15,360Kwh), Model: 51.2V300AH - Kawasan","robots":{"index":"index","follow":"follow","max-snippet":"max-snippet:-1","max-image-preview":"max-image-preview:large","max-video-preview":"max-video-preview:-1"},"canonical":"https:\/\/kawasan.vn\/en\/product\/pin-lithium-kawasan-lifepo4-300ah-15360kwh-model-51-2v300ah\/","og_locale":"en_US","og_type":"article","og_title":"Pin Lithium KAWASAN LiFePo4 300Ah (15,360Kwh), Model: 51.2V300AH","og_description":"Pin Lithium KAWASAN LiFePO\u2084 300Ah (15.36kWh) \u2013 Model: 51.2V300AH L\u01b0u tr\u1eef \u0111i\u1ec7n c\u00f4ng su\u1ea5t l\u1edbn \u2013 B\u1ec1n b\u1ec9 \u2013 An to\u00e0n cho bi\u1ec7t th\u1ef1 v\u00e0 doanh nghi\u1ec7p KAWASAN 51.2V300AH l\u00e0 s\u1ea3n ph\u1ea9m chi\u1ebfn l\u01b0\u1ee3c d\u00e0nh cho c\u00e1c h\u1ec7 th\u1ed1ng \u0111i\u1ec7n m\u1eb7t tr\u1eddi c\u00f4ng su\u1ea5t cao, y\u00eau c\u1ea7u l\u01b0u tr\u1eef \u0111i\u1ec7n l\u1edbn v\u00e0 v\u1eadn h\u00e0nh li\u00ean [&hellip;]","og_url":"https:\/\/kawasan.vn\/en\/product\/pin-lithium-kawasan-lifepo4-300ah-15360kwh-model-51-2v300ah\/","og_site_name":"Kawasan","article_modified_time":"2026-04-24T01:38:56+00:00","og_image":[{"width":900,"height":900,"url":"https:\/\/kawasan.vn\/wp-content\/uploads\/2025\/07\/PIN-LITHIUM-LUU-TRU-he-dien-nang-luong-mat-troi.png","type":"image\/png"}],"twitter_card":"summary_large_image","twitter_misc":{"Est. reading time":"5 minutes"},"schema":{"@context":"https:\/\/schema.org","@graph":[{"@type":"WebPage","@id":"https:\/\/kawasan.vn\/san-pham\/pin-lithium-kawasan-lifepo4-300ah-15360kwh-model-51-2v300ah\/","url":"https:\/\/kawasan.vn\/san-pham\/pin-lithium-kawasan-lifepo4-300ah-15360kwh-model-51-2v300ah\/","name":"Pin Lithium KAWASAN LiFePo4 300Ah (15,360Kwh), Model: 51.2V300AH - Kawasan","isPartOf":{"@id":"https:\/\/kawasan.vn\/#website"},"primaryImageOfPage":{"@id":"https:\/\/kawasan.vn\/san-pham\/pin-lithium-kawasan-lifepo4-300ah-15360kwh-model-51-2v300ah\/#primaryimage"},"image":{"@id":"https:\/\/kawasan.vn\/san-pham\/pin-lithium-kawasan-lifepo4-300ah-15360kwh-model-51-2v300ah\/#primaryimage"},"thumbnailUrl":"https:\/\/kawasan.vn\/wp-content\/uploads\/2025\/07\/PIN-LITHIUM-LUU-TRU-he-dien-nang-luong-mat-troi.png","datePublished":"2025-07-30T08:46:15+00:00","dateModified":"2026-04-24T01:38:56+00:00","breadcrumb":{"@id":"https:\/\/kawasan.vn\/san-pham\/pin-lithium-kawasan-lifepo4-300ah-15360kwh-model-51-2v300ah\/#breadcrumb"},"inLanguage":"en-US","potentialAction":[{"@type":"ReadAction","target":["https:\/\/kawasan.vn\/san-pham\/pin-lithium-kawasan-lifepo4-300ah-15360kwh-model-51-2v300ah\/"]}]},{"@type":"ImageObject","inLanguage":"en-US","@id":"https:\/\/kawasan.vn\/san-pham\/pin-lithium-kawasan-lifepo4-300ah-15360kwh-model-51-2v300ah\/#primaryimage","url":"https:\/\/kawasan.vn\/wp-content\/uploads\/2025\/07\/PIN-LITHIUM-LUU-TRU-he-dien-nang-luong-mat-troi.png","contentUrl":"https:\/\/kawasan.vn\/wp-content\/uploads\/2025\/07\/PIN-LITHIUM-LUU-TRU-he-dien-nang-luong-mat-troi.png","width":900,"height":900},{"@type":"BreadcrumbList","@id":"https:\/\/kawasan.vn\/san-pham\/pin-lithium-kawasan-lifepo4-300ah-15360kwh-model-51-2v300ah\/#breadcrumb","itemListElement":[{"@type":"ListItem","position":1,"name":"Trang ch\u1ee7","item":"https:\/\/kawasan.vn\/"},{"@type":"ListItem","position":2,"name":"S\u1ea3n ph\u1ea9m","item":"https:\/\/kawasan.vn\/san-pham\/"},{"@type":"ListItem","position":3,"name":"Pin Lithium KAWASAN LiFePo4 300Ah (15,360Kwh), Model: 51.2V300AH"}]},{"@type":"WebSite","@id":"https:\/\/kawasan.vn\/#website","url":"https:\/\/kawasan.vn\/","name":"Kawasan","description":"","potentialAction":[{"@type":"SearchAction","target":{"@type":"EntryPoint","urlTemplate":"https:\/\/kawasan.vn\/?s={search_term_string}"},"query-input":{"@type":"PropertyValueSpecification","valueRequired":true,"valueName":"search_term_string"}}],"inLanguage":"en-US"}]}},"_links":{"self":[{"href":"https:\/\/kawasan.vn\/en\/wp-json\/wp\/v2\/product\/26218","targetHints":{"allow":["GET"]}}],"collection":[{"href":"https:\/\/kawasan.vn\/en\/wp-json\/wp\/v2\/product"}],"about":[{"href":"https:\/\/kawasan.vn\/en\/wp-json\/wp\/v2\/types\/product"}],"replies":[{"embeddable":true,"href":"https:\/\/kawasan.vn\/en\/wp-json\/wp\/v2\/comments?post=26218"}],"version-history":[{"count":12,"href":"https:\/\/kawasan.vn\/en\/wp-json\/wp\/v2\/product\/26218\/revisions"}],"predecessor-version":[{"id":30225,"href":"https:\/\/kawasan.vn\/en\/wp-json\/wp\/v2\/product\/26218\/revisions\/30225"}],"wp:featuredmedia":[{"embeddable":true,"href":"https:\/\/kawasan.vn\/en\/wp-json\/wp\/v2\/media\/30072"}],"wp:attachment":[{"href":"https:\/\/kawasan.vn\/en\/wp-json\/wp\/v2\/media?parent=26218"}],"wp:term":[{"taxonomy":"product_cat","embeddable":true,"href":"https:\/\/kawasan.vn\/en\/wp-json\/wp\/v2\/product_cat?post=26218"},{"taxonomy":"product_tag","embeddable":true,"href":"https:\/\/kawasan.vn\/en\/wp-json\/wp\/v2\/product_tag?post=26218"}],"curies":[{"name":"wp","href":"https:\/\/api.w.org\/{rel}","templated":true}]}}