{"id":26217,"date":"2025-07-30T15:22:09","date_gmt":"2025-07-30T08:22:09","guid":{"rendered":"https:\/\/kawasan.vn\/?post_type=product&#038;p=26217"},"modified":"2026-04-20T08:30:02","modified_gmt":"2026-04-20T01:30:02","slug":"pin-lithium-kawasan-lifepo4-100ah5120kwh-model-51-2v100ah","status":"publish","type":"product","link":"https:\/\/kawasan.vn\/en\/product\/pin-lithium-kawasan-lifepo4-100ah5120kwh-model-51-2v100ah\/","title":{"rendered":"Pin Lithium KAWASAN LiFePo4 100Ah(5,120Kwh) Model: 51.2V100AH"},"content":{"rendered":"<h2><b>Pin Lithium KAWASAN LiFePO\u2084 100Ah (5.12kWh) \u2013 Model: 51.2V100AH<\/b><\/h2>\n<h3><b>Gi\u1ea3i ph\u00e1p l\u01b0u tr\u1eef \u0111i\u1ec7n t\u1ed1i \u01b0u cho h\u1ec7 th\u1ed1ng \u0111i\u1ec7n m\u1eb7t tr\u1eddi h\u1ed9 gia \u0111\u00ecnh<\/b><\/h3>\n<p><span style=\"font-weight: 400;\">Trong xu h\u01b0\u1edbng chuy\u1ec3n \u0111\u1ed5i sang n\u0103ng l\u01b0\u1ee3ng t\u00e1i t\u1ea1o, vi\u1ec7c \u0111\u1ea7u t\u01b0 v\u00e0o m\u1ed9t <\/span><b>b\u1ed9 l\u01b0u tr\u1eef \u0111i\u1ec7n th\u00f4ng minh v\u00e0 b\u1ec1n b\u1ec9<\/b><span style=\"font-weight: 400;\"> l\u00e0 y\u1ebfu t\u1ed1 then ch\u1ed1t \u0111\u1ec3 t\u1ed1i \u01b0u h\u00f3a hi\u1ec7u qu\u1ea3 s\u1eed d\u1ee5ng. <\/span><b>Pin Lithium KAWASAN 51.2V100AH<\/b><span style=\"font-weight: 400;\"> s\u1eed d\u1ee5ng c\u00f4ng ngh\u1ec7 LiFePO\u2084 \u2013 lo\u1ea1i pin lithium an to\u00e0n v\u00e0 b\u1ec1n nh\u1ea5t hi\u1ec7n nay, mang \u0111\u1ebfn kh\u1ea3 n\u0103ng l\u01b0u tr\u1eef \u0111i\u1ec7n \u0111\u00e1ng tin c\u1eady v\u1edbi hi\u1ec7u su\u1ea5t cao v\u00e0 tu\u1ed5i th\u1ecd v\u01b0\u1ee3t tr\u1ed9i.<\/span><\/p>\n<p><img loading=\"lazy\" decoding=\"async\" class=\"aligncenter\" src=\"https:\/\/kawasan.vn\/wp-content\/uploads\/2025\/07\/1-1.png\" width=\"461\" height=\"461\" \/><\/p>\n<p><span style=\"font-weight: 400;\">V\u1edbi dung l\u01b0\u1ee3ng 5.12kWh, \u0111\u00e2y l\u00e0 l\u1ef1a ch\u1ecdn l\u00fd t\u01b0\u1edfng cho c\u00e1c h\u1ec7 th\u1ed1ng \u0111i\u1ec7n m\u1eb7t tr\u1eddi d\u00e2n d\u1ee5ng, gi\u00fap b\u1ea1n s\u1eed d\u1ee5ng \u0111i\u1ec7n v\u00e0o ban \u0111\u00eam, th\u1eddi \u0111i\u1ec3m m\u1ea5t \u0111i\u1ec7n ho\u1eb7c khi s\u1ea3n l\u01b0\u1ee3ng \u0111i\u1ec7n m\u1eb7t tr\u1eddi gi\u1ea3m.<\/span><\/p>\n<p><b>L\u00fd do n\u00ean ch\u1ecdn 51.2V100AH c\u1ee7a KAWASAN<\/b><\/p>\n<ul>\n<li style=\"font-weight: 400;\" aria-level=\"1\"><b>Dung l\u01b0\u1ee3ng ph\u00f9 h\u1ee3p \u2013 hi\u1ec7u su\u1ea5t v\u01b0\u1ee3t tr\u1ed9i:<\/b><span style=\"font-weight: 400;\"> L\u01b0u tr\u1eef \u0111\u01b0\u1ee3c \u0111\u1ebfn 5.12kWh \u2013 \u0111\u1ee7 d\u00f9ng cho chi\u1ebfu s\u00e1ng, qu\u1ea1t, m\u00e1y t\u00ednh, t\u1ee7 l\u1ea1nh, TV trong 6\u201310 gi\u1edd.<\/span><\/li>\n<li style=\"font-weight: 400;\" aria-level=\"1\"><b>C\u00f4ng ngh\u1ec7 BMS th\u00f4ng minh:<\/b><span style=\"font-weight: 400;\"> Theo d\u00f5i v\u00e0 \u0111i\u1ec1u ch\u1ec9nh \u0111i\u1ec7n \u00e1p, nhi\u1ec7t \u0111\u1ed9, ch\u1ed1ng qu\u00e1 t\u1ea3i \u2013 t\u0103ng tu\u1ed5i th\u1ecd pin l\u00ean \u0111\u1ebfn h\u01a1n 10 n\u0103m.<\/span><\/li>\n<li style=\"font-weight: 400;\" aria-level=\"1\"><b>Chi ph\u00ed \u0111\u1ea7u t\u01b0 \u2013 hi\u1ec7u qu\u1ea3 s\u1eed d\u1ee5ng:<\/b><span style=\"font-weight: 400;\"> Gi\u00e1 th\u00e0nh h\u1ee3p l\u00fd, v\u00f2ng \u0111\u1eddi tr\u00ean 8000 chu k\u1ef3 s\u1ea1c, gi\u00fap gi\u1ea3m chi ph\u00ed thay pin v\u1ec1 l\u00e2u d\u00e0i.<\/span><\/li>\n<li style=\"font-weight: 400;\" aria-level=\"1\"><b>K\u1ebft n\u1ed1i d\u1ec5 d\u00e0ng:<\/b><span style=\"font-weight: 400;\"> T\u01b0\u01a1ng th\u00edch v\u1edbi c\u00e1c h\u1ec7 inverter ph\u1ed5 bi\u1ebfn tr\u00ean th\u1ecb tr\u01b0\u1eddng nh\u01b0 Growatt, Deye, Sofar, SMA, Hybrid Kawasan,&#8230;<\/span><\/li>\n<li style=\"font-weight: 400;\" aria-level=\"1\"><b>Qu\u1ea3n l\u00fd h\u1ec7 th\u1ed1ng d\u1ec5 d\u00e0ng:<\/b><span style=\"font-weight: 400;\"> H\u1ed7 tr\u1ee3 truy\u1ec1n th\u00f4ng RS485 \/ Bluetooth \/ CAN \u2013 d\u1ec5 t\u00edch h\u1ee3p v\u00e0o h\u1ec7 th\u1ed1ng gi\u00e1m s\u00e1t trung t\u00e2m.<\/span><\/li>\n<\/ul>\n<p><img loading=\"lazy\" decoding=\"async\" class=\"aligncenter\" src=\"https:\/\/kawasan.vn\/wp-content\/uploads\/2025\/07\/4-1.png\" width=\"494\" height=\"494\" \/><\/p>\n<p><b>Th\u00f4ng s\u1ed1 k\u1ef9 thu\u1eadt chi ti\u1ebft<\/b><\/p>\n<table>\n<tbody>\n<tr>\n<td><b>H\u1ea1ng m\u1ee5c<\/b><\/td>\n<td><b>Th\u00f4ng s\u1ed1<\/b><\/td>\n<\/tr>\n<tr>\n<td><span style=\"font-weight: 400;\">Lo\u1ea1i pin<\/span><\/td>\n<td><span style=\"font-weight: 400;\">Lithium s\u1eaft phosphate (LiFePO\u2084)<\/span><\/td>\n<\/tr>\n<tr>\n<td><span style=\"font-weight: 400;\">\u0110i\u1ec7n \u00e1p danh \u0111\u1ecbnh<\/span><\/td>\n<td><span style=\"font-weight: 400;\">51.2V<\/span><\/td>\n<\/tr>\n<tr>\n<td><span style=\"font-weight: 400;\">Dung l\u01b0\u1ee3ng danh \u0111\u1ecbnh<\/span><\/td>\n<td><span style=\"font-weight: 400;\">100Ah<\/span><\/td>\n<\/tr>\n<tr>\n<td><span style=\"font-weight: 400;\">N\u0103ng l\u01b0\u1ee3ng l\u01b0u tr\u1eef<\/span><\/td>\n<td><span style=\"font-weight: 400;\">5.12kWh<\/span><\/td>\n<\/tr>\n<tr>\n<td><span style=\"font-weight: 400;\">Chu k\u1ef3 s\u1ea1c x\u1ea3<\/span><\/td>\n<td><span style=\"font-weight: 400;\">&gt;8000 chu k\u1ef3 (\u1edf 80% DOD)<\/span><\/td>\n<\/tr>\n<tr>\n<td><span style=\"font-weight: 400;\">Hi\u1ec7u su\u1ea5t n\u1ea1p\/x\u1ea3<\/span><\/td>\n<td><span style=\"font-weight: 400;\">96\u201398%<\/span><\/td>\n<\/tr>\n<tr>\n<td><span style=\"font-weight: 400;\">K\u00edch th\u01b0\u1edbc<\/span><\/td>\n<td><span style=\"font-weight: 400;\">610 x 441 x 210mm<\/span><\/td>\n<\/tr>\n<tr>\n<td><span style=\"font-weight: 400;\">Tr\u1ecdng l\u01b0\u1ee3ng<\/span><\/td>\n<td><span style=\"font-weight: 400;\">47kg \u00b12kg<\/span><\/td>\n<\/tr>\n<tr>\n<td><span style=\"font-weight: 400;\">Giao ti\u1ebfp truy\u1ec1n th\u00f4ng<\/span><\/td>\n<td><span style=\"font-weight: 400;\">RS485 \/ CAN<\/span><\/td>\n<\/tr>\n<tr>\n<td><span style=\"font-weight: 400;\">D\u1ea3i nhi\u1ec7t \u0111\u1ed9 ho\u1ea1t \u0111\u1ed9ng<\/span><\/td>\n<td><span style=\"font-weight: 400;\">-10\u00b0C \u0111\u1ebfn 60\u00b0C<\/span><\/td>\n<\/tr>\n<tr>\n<td><span style=\"font-weight: 400;\">B\u1ea3o v\u1ec7<\/span><\/td>\n<td><span style=\"font-weight: 400;\">Qu\u00e1 \u00e1p, qu\u00e1 d\u00f2ng, ng\u1eafn m\u1ea1ch, qu\u00e1 nhi\u1ec7t<\/span><\/td>\n<\/tr>\n<\/tbody>\n<\/table>\n<p><b>\u1ee8ng d\u1ee5ng th\u1ef1c t\u1ebf<\/b><\/p>\n<ul>\n<li style=\"font-weight: 400;\" aria-level=\"1\"><span style=\"font-weight: 400;\">H\u1ec7 th\u1ed1ng \u0111i\u1ec7n m\u1eb7t tr\u1eddi d\u00e2n d\u1ee5ng 3kW\u20135kW<\/span><\/li>\n<\/ul>\n<p><img loading=\"lazy\" decoding=\"async\" class=\"aligncenter wp-image-30065\" src=\"https:\/\/kawasan.vn\/wp-content\/uploads\/2025\/07\/pIN-100AH.png\" alt=\"\" width=\"484\" height=\"484\" \/><\/p>\n<ul>\n<li style=\"font-weight: 400;\" aria-level=\"1\"><span style=\"font-weight: 400;\">Bi\u1ec7t th\u1ef1 mini, nh\u00e0 ph\u1ed1, homestay<\/span><\/li>\n<\/ul>\n<p><img loading=\"lazy\" decoding=\"async\" class=\"aligncenter wp-image-30021\" src=\"https:\/\/kawasan.vn\/wp-content\/uploads\/2026\/01\/tao-anh-de-anh-nen-trang-va-lam-anh-moi-hon-3.png\" alt=\"\" width=\"476\" height=\"476\" \/><\/p>\n<ul>\n<li style=\"font-weight: 400;\" aria-level=\"1\"><span style=\"font-weight: 400;\">H\u1ec7 th\u1ed1ng \u0111\u00e8n n\u0103ng l\u01b0\u1ee3ng m\u1eb7t tr\u1eddi \u0111\u1ed9c l\u1eadp<\/span><\/li>\n<\/ul>\n<ul>\n<li style=\"font-weight: 400;\" aria-level=\"1\"><span style=\"font-weight: 400;\">C\u00e1c v\u0103n ph\u00f2ng nh\u1ecf c\u1ea7n l\u01b0u \u0111i\u1ec7n d\u1ef1 ph\u00f2ng<\/span><\/li>\n<\/ul>\n<p><img loading=\"lazy\" decoding=\"async\" class=\"aligncenter wp-image-30023\" src=\"https:\/\/kawasan.vn\/wp-content\/uploads\/2026\/01\/unnamed-59.jpg\" alt=\"\" width=\"470\" height=\"470\" \/><\/p>\n<p><b>K\u1ebft lu\u1eadn<\/b><\/p>\n<p><b>KAWASAN 51.2V100AH<\/b><span style=\"font-weight: 400;\"> l\u00e0 gi\u1ea3i ph\u00e1p pin l\u01b0u tr\u1eef l\u00fd t\u01b0\u1edfng cho nh\u1eefng ai mong mu\u1ed1n s\u1eed d\u1ee5ng n\u0103ng l\u01b0\u1ee3ng s\u1ea1ch m\u1ed9t c\u00e1ch th\u00f4ng minh v\u00e0 ti\u1ebft ki\u1ec7m. V\u1edbi \u0111\u1ed9 b\u1ec1n cao, hi\u1ec7u su\u1ea5t \u1ed5n \u0111\u1ecbnh v\u00e0 kh\u1ea3 n\u0103ng t\u01b0\u01a1ng th\u00edch linh ho\u1ea1t, s\u1ea3n ph\u1ea9m n\u00e0y kh\u00f4ng ch\u1ec9 gi\u00fap gi\u1ea3m h\u00f3a \u0111\u01a1n \u0111i\u1ec7n m\u00e0 c\u00f2n mang l\u1ea1i s\u1ef1 y\u00ean t\u00e2m khi m\u1ea5t \u0111i\u1ec7n l\u01b0\u1edbi.<\/span><span style=\"font-weight: 400;\"><br \/>\n<\/span> <b>\u0110\u00e2y l\u00e0 b\u01b0\u1edbc kh\u1edfi \u0111\u1ea7u ho\u00e0n h\u1ea3o cho m\u1ed9t ng\u00f4i nh\u00e0 th\u00f4ng minh v\u00e0 t\u1ef1 ch\u1ee7 n\u0103ng l\u01b0\u1ee3ng.<\/b><\/p>\n<p>&nbsp;<\/p>","protected":false},"excerpt":{"rendered":"<p>Pin Lithium KAWASAN LiFePO\u2084 100Ah (5.12kWh) \u2013 Model: 51.2V100AH Gi\u1ea3i ph\u00e1p l\u01b0u tr\u1eef \u0111i\u1ec7n t\u1ed1i \u01b0u cho h\u1ec7 th\u1ed1ng \u0111i\u1ec7n m\u1eb7t tr\u1eddi h\u1ed9 gia \u0111\u00ecnh Trong xu h\u01b0\u1edbng chuy\u1ec3n \u0111\u1ed5i sang n\u0103ng l\u01b0\u1ee3ng t\u00e1i t\u1ea1o, vi\u1ec7c \u0111\u1ea7u t\u01b0 v\u00e0o m\u1ed9t b\u1ed9 l\u01b0u tr\u1eef \u0111i\u1ec7n th\u00f4ng minh v\u00e0 b\u1ec1n b\u1ec9 l\u00e0 y\u1ebfu t\u1ed1 then ch\u1ed1t \u0111\u1ec3 [&hellip;]<\/p>","protected":false},"featured_media":29500,"comment_status":"open","ping_status":"closed","template":"","meta":{"_yoast_wpseo_focuskw":"","_yoast_wpseo_metadesc":"","_yoast_wpseo_focuskeywords":"","_yoast_wpseo_keyword_synonyms":""},"product_cat":[2602],"product_tag":[],"class_list":["post-26217","product","type-product","status-publish","has-post-thumbnail","hentry","product_cat-pin-luu-tru-lithium-lifepo4"],"acf":[],"yoast_head":"<!-- This site is optimized with the Yoast SEO Premium plugin v24.9 (Yoast SEO v24.9) - https:\/\/yoast.com\/wordpress\/plugins\/seo\/ -->\n<title>Pin Lithium KAWASAN LiFePo4 100Ah(5,120Kwh) Model: 51.2V100AH - Kawasan<\/title>\n<meta name=\"robots\" content=\"index, follow, max-snippet:-1, max-image-preview:large, max-video-preview:-1\" \/>\n<link rel=\"canonical\" href=\"https:\/\/kawasan.vn\/en\/product\/pin-lithium-kawasan-lifepo4-100ah5120kwh-model-51-2v100ah\/\" \/>\n<meta property=\"og:locale\" content=\"en_US\" \/>\n<meta property=\"og:type\" content=\"article\" \/>\n<meta property=\"og:title\" content=\"Pin Lithium KAWASAN LiFePo4 100Ah(5,120Kwh) Model: 51.2V100AH\" \/>\n<meta property=\"og:description\" content=\"Pin Lithium KAWASAN LiFePO\u2084 100Ah (5.12kWh) \u2013 Model: 51.2V100AH Gi\u1ea3i ph\u00e1p l\u01b0u tr\u1eef \u0111i\u1ec7n t\u1ed1i \u01b0u cho h\u1ec7 th\u1ed1ng \u0111i\u1ec7n m\u1eb7t tr\u1eddi h\u1ed9 gia \u0111\u00ecnh Trong xu h\u01b0\u1edbng chuy\u1ec3n \u0111\u1ed5i sang n\u0103ng l\u01b0\u1ee3ng t\u00e1i t\u1ea1o, vi\u1ec7c \u0111\u1ea7u t\u01b0 v\u00e0o m\u1ed9t b\u1ed9 l\u01b0u tr\u1eef \u0111i\u1ec7n th\u00f4ng minh v\u00e0 b\u1ec1n b\u1ec9 l\u00e0 y\u1ebfu t\u1ed1 then ch\u1ed1t \u0111\u1ec3 [&hellip;]\" \/>\n<meta property=\"og:url\" content=\"https:\/\/kawasan.vn\/en\/product\/pin-lithium-kawasan-lifepo4-100ah5120kwh-model-51-2v100ah\/\" \/>\n<meta property=\"og:site_name\" content=\"Kawasan\" \/>\n<meta property=\"article:modified_time\" content=\"2026-04-20T01:30:02+00:00\" \/>\n<meta property=\"og:image\" content=\"https:\/\/kawasan.vn\/wp-content\/uploads\/2025\/07\/1-1.png\" \/>\n\t<meta property=\"og:image:width\" content=\"900\" \/>\n\t<meta property=\"og:image:height\" content=\"900\" \/>\n\t<meta property=\"og:image:type\" content=\"image\/png\" \/>\n<meta name=\"twitter:card\" content=\"summary_large_image\" \/>\n<meta name=\"twitter:label1\" content=\"Est. reading time\" \/>\n\t<meta name=\"twitter:data1\" content=\"4 minutes\" \/>\n<script type=\"application\/ld+json\" class=\"yoast-schema-graph\">{\"@context\":\"https:\/\/schema.org\",\"@graph\":[{\"@type\":\"WebPage\",\"@id\":\"https:\/\/kawasan.vn\/san-pham\/pin-lithium-kawasan-lifepo4-100ah5120kwh-model-51-2v100ah\/\",\"url\":\"https:\/\/kawasan.vn\/san-pham\/pin-lithium-kawasan-lifepo4-100ah5120kwh-model-51-2v100ah\/\",\"name\":\"Pin Lithium KAWASAN LiFePo4 100Ah(5,120Kwh) Model: 51.2V100AH - Kawasan\",\"isPartOf\":{\"@id\":\"https:\/\/kawasan.vn\/#website\"},\"primaryImageOfPage\":{\"@id\":\"https:\/\/kawasan.vn\/san-pham\/pin-lithium-kawasan-lifepo4-100ah5120kwh-model-51-2v100ah\/#primaryimage\"},\"image\":{\"@id\":\"https:\/\/kawasan.vn\/san-pham\/pin-lithium-kawasan-lifepo4-100ah5120kwh-model-51-2v100ah\/#primaryimage\"},\"thumbnailUrl\":\"https:\/\/kawasan.vn\/wp-content\/uploads\/2025\/07\/1-1.png\",\"datePublished\":\"2025-07-30T08:22:09+00:00\",\"dateModified\":\"2026-04-20T01:30:02+00:00\",\"breadcrumb\":{\"@id\":\"https:\/\/kawasan.vn\/san-pham\/pin-lithium-kawasan-lifepo4-100ah5120kwh-model-51-2v100ah\/#breadcrumb\"},\"inLanguage\":\"en-US\",\"potentialAction\":[{\"@type\":\"ReadAction\",\"target\":[\"https:\/\/kawasan.vn\/san-pham\/pin-lithium-kawasan-lifepo4-100ah5120kwh-model-51-2v100ah\/\"]}]},{\"@type\":\"ImageObject\",\"inLanguage\":\"en-US\",\"@id\":\"https:\/\/kawasan.vn\/san-pham\/pin-lithium-kawasan-lifepo4-100ah5120kwh-model-51-2v100ah\/#primaryimage\",\"url\":\"https:\/\/kawasan.vn\/wp-content\/uploads\/2025\/07\/1-1.png\",\"contentUrl\":\"https:\/\/kawasan.vn\/wp-content\/uploads\/2025\/07\/1-1.png\",\"width\":900,\"height\":900},{\"@type\":\"BreadcrumbList\",\"@id\":\"https:\/\/kawasan.vn\/san-pham\/pin-lithium-kawasan-lifepo4-100ah5120kwh-model-51-2v100ah\/#breadcrumb\",\"itemListElement\":[{\"@type\":\"ListItem\",\"position\":1,\"name\":\"Trang ch\u1ee7\",\"item\":\"https:\/\/kawasan.vn\/\"},{\"@type\":\"ListItem\",\"position\":2,\"name\":\"S\u1ea3n ph\u1ea9m\",\"item\":\"https:\/\/kawasan.vn\/san-pham\/\"},{\"@type\":\"ListItem\",\"position\":3,\"name\":\"Pin Lithium KAWASAN LiFePo4 100Ah(5,120Kwh) Model: 51.2V100AH\"}]},{\"@type\":\"WebSite\",\"@id\":\"https:\/\/kawasan.vn\/#website\",\"url\":\"https:\/\/kawasan.vn\/\",\"name\":\"Kawasan\",\"description\":\"\",\"potentialAction\":[{\"@type\":\"SearchAction\",\"target\":{\"@type\":\"EntryPoint\",\"urlTemplate\":\"https:\/\/kawasan.vn\/?s={search_term_string}\"},\"query-input\":{\"@type\":\"PropertyValueSpecification\",\"valueRequired\":true,\"valueName\":\"search_term_string\"}}],\"inLanguage\":\"en-US\"}]}<\/script>\n<!-- \/ Yoast SEO Premium plugin. -->","yoast_head_json":{"title":"Pin Lithium KAWASAN LiFePo4 100Ah(5,120Kwh) Model: 51.2V100AH - Kawasan","robots":{"index":"index","follow":"follow","max-snippet":"max-snippet:-1","max-image-preview":"max-image-preview:large","max-video-preview":"max-video-preview:-1"},"canonical":"https:\/\/kawasan.vn\/en\/product\/pin-lithium-kawasan-lifepo4-100ah5120kwh-model-51-2v100ah\/","og_locale":"en_US","og_type":"article","og_title":"Pin Lithium KAWASAN LiFePo4 100Ah(5,120Kwh) Model: 51.2V100AH","og_description":"Pin Lithium KAWASAN LiFePO\u2084 100Ah (5.12kWh) \u2013 Model: 51.2V100AH Gi\u1ea3i ph\u00e1p l\u01b0u tr\u1eef \u0111i\u1ec7n t\u1ed1i \u01b0u cho h\u1ec7 th\u1ed1ng \u0111i\u1ec7n m\u1eb7t tr\u1eddi h\u1ed9 gia \u0111\u00ecnh Trong xu h\u01b0\u1edbng chuy\u1ec3n \u0111\u1ed5i sang n\u0103ng l\u01b0\u1ee3ng t\u00e1i t\u1ea1o, vi\u1ec7c \u0111\u1ea7u t\u01b0 v\u00e0o m\u1ed9t b\u1ed9 l\u01b0u tr\u1eef \u0111i\u1ec7n th\u00f4ng minh v\u00e0 b\u1ec1n b\u1ec9 l\u00e0 y\u1ebfu t\u1ed1 then ch\u1ed1t \u0111\u1ec3 [&hellip;]","og_url":"https:\/\/kawasan.vn\/en\/product\/pin-lithium-kawasan-lifepo4-100ah5120kwh-model-51-2v100ah\/","og_site_name":"Kawasan","article_modified_time":"2026-04-20T01:30:02+00:00","og_image":[{"width":900,"height":900,"url":"https:\/\/kawasan.vn\/wp-content\/uploads\/2025\/07\/1-1.png","type":"image\/png"}],"twitter_card":"summary_large_image","twitter_misc":{"Est. reading time":"4 minutes"},"schema":{"@context":"https:\/\/schema.org","@graph":[{"@type":"WebPage","@id":"https:\/\/kawasan.vn\/san-pham\/pin-lithium-kawasan-lifepo4-100ah5120kwh-model-51-2v100ah\/","url":"https:\/\/kawasan.vn\/san-pham\/pin-lithium-kawasan-lifepo4-100ah5120kwh-model-51-2v100ah\/","name":"Pin Lithium KAWASAN LiFePo4 100Ah(5,120Kwh) Model: 51.2V100AH - Kawasan","isPartOf":{"@id":"https:\/\/kawasan.vn\/#website"},"primaryImageOfPage":{"@id":"https:\/\/kawasan.vn\/san-pham\/pin-lithium-kawasan-lifepo4-100ah5120kwh-model-51-2v100ah\/#primaryimage"},"image":{"@id":"https:\/\/kawasan.vn\/san-pham\/pin-lithium-kawasan-lifepo4-100ah5120kwh-model-51-2v100ah\/#primaryimage"},"thumbnailUrl":"https:\/\/kawasan.vn\/wp-content\/uploads\/2025\/07\/1-1.png","datePublished":"2025-07-30T08:22:09+00:00","dateModified":"2026-04-20T01:30:02+00:00","breadcrumb":{"@id":"https:\/\/kawasan.vn\/san-pham\/pin-lithium-kawasan-lifepo4-100ah5120kwh-model-51-2v100ah\/#breadcrumb"},"inLanguage":"en-US","potentialAction":[{"@type":"ReadAction","target":["https:\/\/kawasan.vn\/san-pham\/pin-lithium-kawasan-lifepo4-100ah5120kwh-model-51-2v100ah\/"]}]},{"@type":"ImageObject","inLanguage":"en-US","@id":"https:\/\/kawasan.vn\/san-pham\/pin-lithium-kawasan-lifepo4-100ah5120kwh-model-51-2v100ah\/#primaryimage","url":"https:\/\/kawasan.vn\/wp-content\/uploads\/2025\/07\/1-1.png","contentUrl":"https:\/\/kawasan.vn\/wp-content\/uploads\/2025\/07\/1-1.png","width":900,"height":900},{"@type":"BreadcrumbList","@id":"https:\/\/kawasan.vn\/san-pham\/pin-lithium-kawasan-lifepo4-100ah5120kwh-model-51-2v100ah\/#breadcrumb","itemListElement":[{"@type":"ListItem","position":1,"name":"Trang ch\u1ee7","item":"https:\/\/kawasan.vn\/"},{"@type":"ListItem","position":2,"name":"S\u1ea3n ph\u1ea9m","item":"https:\/\/kawasan.vn\/san-pham\/"},{"@type":"ListItem","position":3,"name":"Pin Lithium KAWASAN LiFePo4 100Ah(5,120Kwh) Model: 51.2V100AH"}]},{"@type":"WebSite","@id":"https:\/\/kawasan.vn\/#website","url":"https:\/\/kawasan.vn\/","name":"Kawasan","description":"","potentialAction":[{"@type":"SearchAction","target":{"@type":"EntryPoint","urlTemplate":"https:\/\/kawasan.vn\/?s={search_term_string}"},"query-input":{"@type":"PropertyValueSpecification","valueRequired":true,"valueName":"search_term_string"}}],"inLanguage":"en-US"}]}},"_links":{"self":[{"href":"https:\/\/kawasan.vn\/en\/wp-json\/wp\/v2\/product\/26217","targetHints":{"allow":["GET"]}}],"collection":[{"href":"https:\/\/kawasan.vn\/en\/wp-json\/wp\/v2\/product"}],"about":[{"href":"https:\/\/kawasan.vn\/en\/wp-json\/wp\/v2\/types\/product"}],"replies":[{"embeddable":true,"href":"https:\/\/kawasan.vn\/en\/wp-json\/wp\/v2\/comments?post=26217"}],"version-history":[{"count":11,"href":"https:\/\/kawasan.vn\/en\/wp-json\/wp\/v2\/product\/26217\/revisions"}],"predecessor-version":[{"id":30223,"href":"https:\/\/kawasan.vn\/en\/wp-json\/wp\/v2\/product\/26217\/revisions\/30223"}],"wp:featuredmedia":[{"embeddable":true,"href":"https:\/\/kawasan.vn\/en\/wp-json\/wp\/v2\/media\/29500"}],"wp:attachment":[{"href":"https:\/\/kawasan.vn\/en\/wp-json\/wp\/v2\/media?parent=26217"}],"wp:term":[{"taxonomy":"product_cat","embeddable":true,"href":"https:\/\/kawasan.vn\/en\/wp-json\/wp\/v2\/product_cat?post=26217"},{"taxonomy":"product_tag","embeddable":true,"href":"https:\/\/kawasan.vn\/en\/wp-json\/wp\/v2\/product_tag?post=26217"}],"curies":[{"name":"wp","href":"https:\/\/api.w.org\/{rel}","templated":true}]}}