{"id":26147,"date":"2025-07-29T10:46:04","date_gmt":"2025-07-29T03:46:04","guid":{"rendered":"https:\/\/kawasan.vn\/?post_type=product&#038;p=26147"},"modified":"2025-08-06T11:41:28","modified_gmt":"2025-08-06T04:41:28","slug":"he-thong-goi-phuc-vu-khong-day-cs1b-6n","status":"publish","type":"product","link":"https:\/\/kawasan.vn\/en\/product\/he-thong-goi-phuc-vu-khong-day-cs1b-6n\/","title":{"rendered":"H\u1ec6 TH\u1ed0NG G\u1eccI PH\u1ee4C V\u1ee4 KH\u00d4NG D\u00c2Y CS1B-6N-10N-20N"},"content":{"rendered":"<p><span style=\"font-weight: 400;\">B\u1ed9 s\u1ea3n ph\u1ea9m <\/span><b>CS1B-6N-10N-20N<\/b><span style=\"font-weight: 400;\">\u00a0l\u00e0 h\u1ec7 th\u1ed1ng g\u1ecdi ph\u1ee5c v\u1ee5 kh\u00f4ng d\u00e2y g\u1ed3m <\/span><b>01 m\u00e0n h\u00ecnh hi\u1ec3n th\u1ecb trung t\u00e2m CS1B<\/b><span style=\"font-weight: 400;\"> v\u00e0 06-10-20<\/span><b>\u00a0n\u00fat b\u1ea5m chu\u00f4ng kh\u00f4ng d\u00e2y D66D<\/b><span style=\"font-weight: 400;\">, ph\u00f9 h\u1ee3p cho c\u00e1c m\u00f4 h\u00ecnh kinh doanh nh\u01b0 nh\u00e0 h\u00e0ng, qu\u00e1n \u0103n, qu\u00e1n cafe, qu\u00e1n karaoke, ph\u00f2ng kh\u00e1m, spa,&#8230; gi\u00fap kh\u00e1ch h\u00e0ng d\u1ec5 d\u00e0ng g\u1eedi t\u00edn hi\u1ec7u y\u00eau c\u1ea7u ph\u1ee5c v\u1ee5 ch\u1ec9 b\u1eb1ng m\u1ed9t l\u1ea7n nh\u1ea5n.<\/span><\/p>\n<p><b>\u0110I\u1ec2M N\u1ed4I B\u1eacT C\u1ee6A H\u1ec6 TH\u1ed0NG<\/b><\/p>\n<h4><span class=\"ez-toc-section\" id=\"MAN_HINH_HIEN_THI_CS1B\"><\/span><b>M\u00c0N H\u00ccNH HI\u1ec2N TH\u1eca CS1B:<\/b><span class=\"ez-toc-section-end\"><\/span><\/h4><div id=\"ez-toc-container\" class=\"ez-toc-v2_0_69_1 counter-hierarchy ez-toc-counter ez-toc-grey ez-toc-container-direction\">\n<div class=\"ez-toc-title-container\">\n<p class=\"ez-toc-title\" >N\u1ed9i Dung B&agrave;i Vi\u1ebft<\/p>\n<span class=\"ez-toc-title-toggle\"><a href=\"#\" class=\"ez-toc-pull-right ez-toc-btn ez-toc-btn-xs ez-toc-btn-default ez-toc-toggle\" aria-label=\"Toggle Table of Content\"><span class=\"ez-toc-js-icon-con\"><span class=\"\"><span class=\"eztoc-hide\" style=\"display:none;\">Toggle<\/span><span class=\"ez-toc-icon-toggle-span\"><svg style=\"fill: #999;color:#999\" xmlns=\"http:\/\/www.w3.org\/2000\/svg\" class=\"list-377408\" width=\"20px\" height=\"20px\" viewbox=\"0 0 24 24\" fill=\"none\"><path d=\"M6 6H4v2h2V6zm14 0H8v2h12V6zM4 11h2v2H4v-2zm16 0H8v2h12v-2zM4 16h2v2H4v-2zm16 0H8v2h12v-2z\" fill=\"currentColor\"><\/path><\/svg><svg style=\"fill: #999;color:#999\" class=\"arrow-unsorted-368013\" xmlns=\"http:\/\/www.w3.org\/2000\/svg\" width=\"10px\" height=\"10px\" viewbox=\"0 0 24 24\" version=\"1.2\" baseprofile=\"tiny\"><path d=\"M18.2 9.3l-6.2-6.3-6.2 6.3c-.2.2-.3.4-.3.7s.1.5.3.7c.2.2.4.3.7.3h11c.3 0 .5-.1.7-.3.2-.2.3-.5.3-.7s-.1-.5-.3-.7zM5.8 14.7l6.2 6.3 6.2-6.3c.2-.2.3-.5.3-.7s-.1-.5-.3-.7c-.2-.2-.4-.3-.7-.3h-11c-.3 0-.5.1-.7.3-.2.2-.3.5-.3.7s.1.5.3.7z\"\/><\/svg><\/span><\/span><\/span><\/a><\/span><\/div>\n<nav><ul class='ez-toc-list ez-toc-list-level-1 eztoc-toggle-hide-by-default' ><ul class='ez-toc-list-level-4' ><li class='ez-toc-heading-level-4'><ul class='ez-toc-list-level-4' ><li class='ez-toc-heading-level-4'><a class=\"ez-toc-link ez-toc-heading-1\" href=\"https:\/\/kawasan.vn\/en\/product\/he-thong-goi-phuc-vu-khong-day-cs1b-6n\/#MAN_HINH_HIEN_THI_CS1B\" title=\"M\u00c0N H\u00ccNH HI\u1ec2N TH\u1eca CS1B:\">M\u00c0N H\u00ccNH HI\u1ec2N TH\u1eca CS1B:<\/a><\/li><li class='ez-toc-page-1 ez-toc-heading-level-4'><a class=\"ez-toc-link ez-toc-heading-2\" href=\"https:\/\/kawasan.vn\/en\/product\/he-thong-goi-phuc-vu-khong-day-cs1b-6n\/#06_NUT_BAM_CHUONG_D66D\" title=\"06 N\u00daT B\u1ea4M CHU\u00d4NG D66D:\">06 N\u00daT B\u1ea4M CHU\u00d4NG D66D:<\/a><\/li><\/ul><\/li><\/ul><\/li><li class='ez-toc-page-1 ez-toc-heading-level-2'><a class=\"ez-toc-link ez-toc-heading-3\" href=\"https:\/\/kawasan.vn\/en\/product\/he-thong-goi-phuc-vu-khong-day-cs1b-6n\/#TAI_SAO_NEN_CHON_KAWASAN\" title=\"T\u1ea0I SAO N\u00caN CH\u1eccN KAWASAN?\">T\u1ea0I SAO N\u00caN CH\u1eccN KAWASAN?<\/a><\/li><li class='ez-toc-page-1 ez-toc-heading-level-2'><a class=\"ez-toc-link ez-toc-heading-4\" href=\"https:\/\/kawasan.vn\/en\/product\/he-thong-goi-phuc-vu-khong-day-cs1b-6n\/#Cam_ket_tu_Kawasan\" title=\"Cam k\u1ebft t\u1eeb Kawasan\">Cam k\u1ebft t\u1eeb Kawasan<\/a><\/li><\/ul><\/nav><\/div>\n\n<figure style=\"width: 415px\" class=\"wp-caption aligncenter\"><img loading=\"lazy\" decoding=\"async\" src=\"https:\/\/kawasan.vn\/wp-content\/uploads\/2023\/11\/he-thong-chuong-goi-phuc-vu-CS1B-2.jpg\" alt=\"m\u00e0n h\u00ecnh hi\u1ec3n th\u1ecb trung t\u00e2m CS1B\" width=\"415\" height=\"415\" \/><figcaption class=\"wp-caption-text\">M\u00e0n h\u00ecnh hi\u1ec3n th\u1ecb trung t\u00e2m CS1B<\/figcaption><\/figure>\n<ul>\n<li style=\"font-weight: 400;\" aria-level=\"1\"><b>Hi\u1ec3n th\u1ecb r\u00f5 r\u00e0ng<\/b><span style=\"font-weight: 400;\">: LED \u0111\u1ecf n\u1ed5i b\u1eadt, hi\u1ec3n th\u1ecb \u0111\u01b0\u1ee3c <\/span><b>2 s\u1ed1 2 ch\u1eef s\u1ed1<\/b><span style=\"font-weight: 400;\"> (t\u1eeb 01 \u0111\u1ebfn 99), gi\u00fap x\u00e1c \u0111\u1ecbnh ch\u00ednh x\u00e1c b\u00e0n\/ph\u00f2ng \u0111ang g\u1ecdi.<\/span><\/li>\n<li style=\"font-weight: 400;\" aria-level=\"1\"><b>\u00c2m b\u00e1o \u0111a d\u1ea1ng<\/b><span style=\"font-weight: 400;\">: C\u00f3 th\u1ec3 ch\u1ecdn \u00e2m l\u01b0\u1ee3ng v\u00e0 ki\u1ec3u chu\u00f4ng theo nhu c\u1ea7u s\u1eed d\u1ee5ng.<\/span><\/li>\n<li style=\"font-weight: 400;\" aria-level=\"1\"><b>L\u01b0u tr\u1eef \u0111\u1ebfn 30 s\u1ed1 g\u1ecdi g\u1ea7n nh\u1ea5t<\/b><span style=\"font-weight: 400;\">, kh\u00f4ng b\u1ecf s\u00f3t y\u00eau c\u1ea7u c\u1ee7a kh\u00e1ch.<\/span><\/li>\n<li style=\"font-weight: 400;\" aria-level=\"1\"><b>Ch\u1ebf \u0111\u1ed9 quay v\u00f2ng s\u1ed1<\/b><span style=\"font-weight: 400;\">: Khi c\u00f3 nhi\u1ec1u y\u00eau c\u1ea7u, s\u1ed1 g\u1ecdi s\u1ebd hi\u1ec3n th\u1ecb lu\u00e2n phi\u00ean, gi\u00fap nh\u00e2n vi\u00ean kh\u00f4ng b\u1ecb r\u1ed1i.<\/span><\/li>\n<\/ul>\n<h4><span class=\"ez-toc-section\" id=\"06_NUT_BAM_CHUONG_D66D\"><\/span><b>06 N\u00daT B\u1ea4M CHU\u00d4NG D66D:<\/b><span class=\"ez-toc-section-end\"><\/span><\/h4>\n<figure id=\"attachment_26165\" aria-describedby=\"caption-attachment-26165\" style=\"width: 451px\" class=\"wp-caption aligncenter\"><img loading=\"lazy\" decoding=\"async\" class=\"wp-image-26165 size-full\" src=\"https:\/\/kawasan.vn\/wp-content\/uploads\/2025\/07\/screenshot_1753763786.png\" alt=\"N\u00fat b\u1ea5m chu\u00f4ng kh\u00f4ng d\u00e2y D66D\" width=\"451\" height=\"352\" srcset=\"https:\/\/kawasan.vn\/wp-content\/uploads\/2025\/07\/screenshot_1753763786.png 451w, https:\/\/kawasan.vn\/wp-content\/uploads\/2025\/07\/screenshot_1753763786-400x312.png 400w\" sizes=\"auto, (max-width: 451px) 100vw, 451px\" \/><figcaption id=\"caption-attachment-26165\" class=\"wp-caption-text\">N\u00fat b\u1ea5m chu\u00f4ng kh\u00f4ng d\u00e2y D66D<\/figcaption><\/figure>\n<ul>\n<li style=\"font-weight: 400;\" aria-level=\"1\"><b>Kh\u00f4ng d\u00e2y \u2013 s\u1eed d\u1ee5ng pin 12V<\/b><span style=\"font-weight: 400;\">: Ho\u1ea1t \u0111\u1ed9ng \u0111\u1ed9c l\u1eadp, kh\u00f4ng c\u1ea7n \u0111i d\u00e2y \u0111i\u1ec7n.<\/span><\/li>\n<li style=\"font-weight: 400;\" aria-level=\"1\"><b>Thi\u1ebft k\u1ebf nh\u1ecf g\u1ecdn, d\u1ec5 l\u1eafp \u0111\u1eb7t<\/b><span style=\"font-weight: 400;\"> t\u1ea1i b\u00e0n \u0103n, ph\u00f2ng ch\u1edd, t\u01b0\u1eddng ho\u1eb7c v\u1ecb tr\u00ed c\u1ed1 \u0111\u1ecbnh.<\/span><\/li>\n<li style=\"font-weight: 400;\" aria-level=\"1\"><b>Kh\u1ea3 n\u0103ng truy\u1ec1n t\u00edn hi\u1ec7u m\u1ea1nh m\u1ebd<\/b><span style=\"font-weight: 400;\"> l\u00ean t\u1edbi 30\u201350m (trong m\u00f4i tr\u01b0\u1eddng m\u1edf).<\/span><\/li>\n<li style=\"font-weight: 400;\" aria-level=\"1\"><b>Kh\u00e1ng n\u01b0\u1edbc nh\u1eb9<\/b><span style=\"font-weight: 400;\">, ph\u00f9 h\u1ee3p l\u1eafp \u0111\u1eb7t \u1edf khu v\u1ef1c c\u00f3 \u0111\u1ed9 \u1ea9m cao nh\u01b0 ban c\u00f4ng, h\u00e0nh lang, s\u00e2n th\u01b0\u1ee3ng.<\/span><\/li>\n<li style=\"font-weight: 400;\" aria-level=\"1\"><b>D\u1ec5 thay pin, \u0111\u1ed9 b\u1ec1n cao<\/b><span style=\"font-weight: 400;\"> \u2013 s\u1eed d\u1ee5ng pin A23 12V, tu\u1ed5i th\u1ecd kho\u1ea3ng 6 th\u00e1ng \u0111\u1ebfn 1 n\u0103m.<\/span><\/li>\n<\/ul>\n<p><b>TH\u00d4NG S\u1ed0 K\u1ef8 THU\u1eacT<\/b><\/p>\n<table>\n<tbody>\n<tr>\n<td><b>Th\u00e0nh ph\u1ea7n<\/b><\/td>\n<td><b>Th\u00f4ng s\u1ed1 chi ti\u1ebft<\/b><\/td>\n<\/tr>\n<tr>\n<td><span style=\"font-weight: 400;\">M\u00e0n h\u00ecnh CS1B<\/span><\/td>\n<td><span style=\"font-weight: 400;\">\u0110i\u1ec7n \u00e1p: 12VDC \u2013 Hi\u1ec3n th\u1ecb LED \u2013 2 s\u1ed1 x 2 ch\u1eef s\u1ed1<\/span><\/td>\n<\/tr>\n<tr>\n<td><span style=\"font-weight: 400;\">N\u00fat D66D<\/span><\/td>\n<td><span style=\"font-weight: 400;\">Pin A23 12V \u2013 Kho\u1ea3ng c\u00e1ch ho\u1ea1t \u0111\u1ed9ng 30\u201350m<\/span><\/td>\n<\/tr>\n<tr>\n<td><span style=\"font-weight: 400;\">T\u1ea7n s\u1ed1 truy\u1ec1n<\/span><\/td>\n<td><span style=\"font-weight: 400;\">433 MHz<\/span><\/td>\n<\/tr>\n<tr>\n<td><span style=\"font-weight: 400;\">S\u1ed1 n\u00fat t\u1ed1i \u0111a<\/span><\/td>\n<td><span style=\"font-weight: 400;\">CS1B h\u1ed7 tr\u1ee3 k\u1ebft n\u1ed1i t\u1edbi 99 n\u00fat kh\u00f4ng d\u00e2y<\/span><\/td>\n<\/tr>\n<tr>\n<td><span style=\"font-weight: 400;\">Ph\u1ee5 ki\u1ec7n \u0111i k\u00e8m<\/span><\/td>\n<td><span style=\"font-weight: 400;\">Adapter, gi\u00e1 treo, \u1ed1c v\u00edt, h\u01b0\u1edbng d\u1eabn<\/span><\/td>\n<\/tr>\n<\/tbody>\n<\/table>\n<p><b>\u1ee8NG D\u1ee4NG LINH HO\u1ea0T<\/b><\/p>\n<ul>\n<li style=\"font-weight: 400;\" aria-level=\"1\"><b>Nh\u00e0 h\u00e0ng \u2013 Qu\u00e1n \u0103n &#8211; Karaoke<\/b><span style=\"font-weight: 400;\">: G\u1ecdi ph\u1ee5c v\u1ee5 d\u1ec5 d\u00e0ng, kh\u00f4ng c\u1ea7n gi\u01a1 tay ho\u1eb7c la l\u1edbn.<\/span><\/li>\n<\/ul>\n<figure id=\"attachment_26163\" aria-describedby=\"caption-attachment-26163\" style=\"width: 507px\" class=\"wp-caption aligncenter\"><img loading=\"lazy\" decoding=\"async\" class=\"wp-image-26163\" src=\"https:\/\/kawasan.vn\/wp-content\/uploads\/2025\/07\/screenshot_1753763633.png\" alt=\"Bi\u1ebft \u0111\u01b0\u1ee3c v\u1ecb t\u00ed c\u1ea7n ph\u1ee5c v\u1ee5 nhanh ch\u00f3ng\" width=\"507\" height=\"379\" \/><figcaption id=\"caption-attachment-26163\" class=\"wp-caption-text\">Bi\u1ebft \u0111\u01b0\u1ee3c v\u1ecb t\u00ed c\u1ea7n ph\u1ee5c v\u1ee5 nhanh ch\u00f3ng<\/figcaption><\/figure>\n<ul>\n<li style=\"font-weight: 400;\" aria-level=\"1\"><b>Ph\u00f2ng kh\u00e1m \u2013 Spa \u2013 V\u0103n ph\u00f2ng<\/b><span style=\"font-weight: 400;\">: G\u1ecdi h\u1ed7 tr\u1ee3 nhanh ch\u00f3ng trong kh\u00f4ng gian c\u1ea7n y\u00ean t\u0129nh.<\/span><\/li>\n<\/ul>\n<figure id=\"attachment_26167\" aria-describedby=\"caption-attachment-26167\" style=\"width: 506px\" class=\"wp-caption aligncenter\"><img loading=\"lazy\" decoding=\"async\" class=\"wp-image-26167\" src=\"https:\/\/kawasan.vn\/wp-content\/uploads\/2025\/07\/cs2b-4.png\" alt=\"H\u1ed7 tr\u1ee3 b\u1ec7nh nh\u00e2n k\u1ecbp th\u1eddi\" width=\"506\" height=\"506\" \/><figcaption id=\"caption-attachment-26167\" class=\"wp-caption-text\">H\u1ed7 tr\u1ee3 b\u1ec7nh nh\u00e2n k\u1ecbp th\u1eddi<\/figcaption><\/figure>\n<ul>\n<li style=\"font-weight: 400;\" aria-level=\"1\"><b>C\u0103n h\u1ed9 \u2013 Khu ngh\u1ec9 d\u01b0\u1ee1ng \u2013 Ph\u00f2ng h\u1ecdp ri\u00eang<\/b><span style=\"font-weight: 400;\">: Gi\u1eef s\u1ef1 ri\u00eang t\u01b0 v\u00e0 chuy\u00ean nghi\u1ec7p.<\/span><\/li>\n<\/ul>\n<figure id=\"attachment_26168\" aria-describedby=\"caption-attachment-26168\" style=\"width: 510px\" class=\"wp-caption aligncenter\"><img loading=\"lazy\" decoding=\"async\" class=\"wp-image-26168\" src=\"https:\/\/kawasan.vn\/wp-content\/uploads\/2025\/07\/screenshot_1753763965.png\" alt=\"Kh\u00f4ng gian sang tr\u1ecdng, d\u1ec3 d\u00e0ng ki\u1ec3m so\u00e1t\" width=\"510\" height=\"322\" \/><figcaption id=\"caption-attachment-26168\" class=\"wp-caption-text\">Kh\u00f4ng gian sang tr\u1ecdng, d\u1ec3 d\u00e0ng ki\u1ec3m so\u00e1t<\/figcaption><\/figure>\n<p><b>TR\u1eccN B\u1ed8 CS1B-6N BAO G\u1ed2M<\/b><\/p>\n<table>\n<thead>\n<tr>\n<th><b>Thi\u1ebft b\u1ecb<\/b><\/th>\n<th><b>S\u1ed1 l\u01b0\u1ee3ng<\/b><\/th>\n<\/tr>\n<\/thead>\n<tbody>\n<tr>\n<td><span style=\"font-weight: 400;\">M\u00e0n h\u00ecnh g\u1ecdi ph\u1ee5c v\u1ee5 CS1B<\/span><\/td>\n<td><span style=\"font-weight: 400;\">01 c\u00e1i<\/span><\/td>\n<\/tr>\n<tr>\n<td><span style=\"font-weight: 400;\">N\u00fat b\u1ea5m chu\u00f4ng kh\u00f4ng d\u00e2y D66D<\/span><\/td>\n<td><span style=\"font-weight: 400;\">06-10-20 c\u00e1i<\/span><\/td>\n<\/tr>\n<tr>\n<td><span style=\"font-weight: 400;\">Ph\u1ee5 ki\u1ec7n g\u1eafn, pin, ngu\u1ed3n<\/span><\/td>\n<td><span style=\"font-weight: 400;\">\u0110\u1ea7y \u0111\u1ee7<\/span><\/td>\n<\/tr>\n<\/tbody>\n<\/table>\n<h2><span class=\"ez-toc-section\" id=\"TAI_SAO_NEN_CHON_KAWASAN\"><\/span>T\u1ea0I SAO N\u00caN CH\u1eccN KAWASAN?<span class=\"ez-toc-section-end\"><\/span><\/h2>\n<ul>\n<li><strong>Th\u01b0\u01a1ng hi\u1ec7u h\u00e0ng \u0111\u1ea7u Vi\u1ec7t Nam <\/strong>trong l\u0129nh v\u1ef1c \u0111i\u1ec7n t\u1ef1 \u0111\u1ed9ng, an ninh, an to\u00e0n v\u00e0 \u0111i\u1ec7n th\u00f4ng minh t\u1eeb 2007 v\u00e0 \u0111\u00e8n led d\u00e2n d\u1ee5ng, \u0111\u00e8n n\u0103ng l\u01b0\u1ee3ng m\u1eb7t tr\u1eddi t\u1eeb n\u0103m 2012<\/li>\n<li><strong>\u0110\u1ed9 b\u1ec1n cao, linh ki\u1ec7n ch\u1ecdn l\u1ecdc<\/strong>\u2013 Ho\u1ea1t \u0111\u1ed9ng \u1ed5n \u0111\u1ecbnh c\u1ea3 trong \u0111i\u1ec1u ki\u1ec7n th\u1eddi ti\u1ebft kh\u1eafc nghi\u1ec7t<\/li>\n<li><strong>Ch\u00ednh s\u00e1ch b\u1ea3o h\u00e0nh v\u01b0\u1ee3t tr\u1ed9i<\/strong>\u2013 H\u1ed7 tr\u1ee3 s\u1eeda ch\u1eefa c\u1ea3 sau th\u1eddi gian b\u1ea3o h\u00e0nh n\u1ebfu c\u00f2n kh\u1ea3 n\u0103ng kh\u1eafc ph\u1ee5c<\/li>\n<li><strong>Kawasan hi\u1ec7n c\u00f3 tr\u1ee5 s\u1edf t\u1ea1i HCM, chi nh\u00e1nh t\u1ea1i H\u00e0 N\u1ed9i, \u0110\u00e0 N\u1eb5ng v\u00e0 x\u01b0\u1edfng SX, L\u1eafp r\u00e1p t\u1ea1i Q12. HCM.<\/strong><\/li>\n<li><strong>D\u1ecbch v\u1ee5 h\u1ed7 tr\u1ee3 24\/7<\/strong>, m\u1ea1ng l\u01b0\u1edbi \u0111\u1ea1i l\u00fd ph\u1ee7 kh\u1eafp c\u1ea3 n\u01b0\u1edbc<\/li>\n<\/ul>\n<h2><span class=\"ez-toc-section\" id=\"Cam_ket_tu_Kawasan\"><\/span><strong>Cam k\u1ebft t\u1eeb Kawasan<\/strong><span class=\"ez-toc-section-end\"><\/span><\/h2>\n<p>Kawasan cam k\u1ebft mang \u0111\u1ebfn s\u1ea3n ph\u1ea9m\u00a0<strong>ch\u00ednh h\u00e3ng \u2013 b\u1ec1n b\u1ec9 \u2013 an to\u00e0n<\/strong>, \u0111\u00e1p \u1ee9ng \u0111\u1ea7y \u0111\u1ee7 c\u00e1c ti\u00eau chu\u1ea9n k\u1ef9 thu\u1eadt v\u00e0 y\u00eau c\u1ea7u s\u1eed d\u1ee5ng th\u1ef1c t\u1ebf.<br \/>\nT\u1ea5t c\u1ea3 s\u1ea3n ph\u1ea9m \u0111\u01b0\u1ee3c b\u1ea3o h\u00e0nh\u00a0<strong>mi\u1ec5n ph\u00ed 24 th\u00e1ng<\/strong>, 1 \u0111\u1ed5i 1 trong v\u00f2ng 30 ng\u00e0y n\u1ebfu l\u1ed7i k\u1ef9 thu\u1eadt. Ngo\u00e0i ra, kh\u00e1ch h\u00e0ng c\u00f2n \u0111\u01b0\u1ee3c h\u1ed7 tr\u1ee3 s\u1eeda ch\u1eefa sau khi h\u1ebft th\u1eddi gian b\u1ea3o h\u00e0nh n\u1ebfu s\u1ea3n ph\u1ea9m c\u00f2n kh\u1ea3 n\u0103ng ph\u1ee5c h\u1ed3i,\u00a0<strong>kh\u00f4ng t\u00ednh ph\u00ed<\/strong>\u00a0n\u1ebfu chi ph\u00ed linh ki\u1ec7n thay th\u1ebf kh\u00f4ng \u0111\u00e1ng k\u1ec3.<\/p>\n<p><strong>Kh\u00e1ch h\u00e0ng c\u00f3 th\u1ec3 t\u00ecm mua s\u1ea3n ph\u1ea9m t\u1ea1i c\u00e1c \u0111\u1ea1i l\u00fd thu\u1ed9c <\/strong><a href=\"https:\/\/kawasan.vn\/en\/he-thong-phan-phoi\/\"><strong>H\u1ec6 TH\u1ed0NG PH\u00c2N PH\u1ed0I TO\u00c0N QU\u1ed0C<\/strong><\/a><strong> t\u1ea1i c\u00e1c t\u1ec9nh th\u00e0nh ho\u1eb7c c\u00f3 th\u1ec3 d\u1eb7t h\u00e0ng tr\u00ean website.<\/strong><\/p>\n<p style=\"text-align: center;\"><strong>Thank you for trusting Kawasan products!<\/strong><\/p>\n<p style=\"text-align: center;\"><strong>Toll-Free Consulting Hotline:\u00a0<\/strong><strong>1800 0058<\/strong><\/p>\n<p style=\"text-align: center;\" align=\"center\"><strong>Trang web:\u00a0\u00a0<\/strong><a href=\"https:\/\/kawasan.vn\/en\/\"><strong>www.kawasan.vn<\/strong><\/a><\/p>\n<p style=\"text-align: center;\" align=\"center\"><strong>Trang web:\u00a0\u00a0<\/strong><a href=\"https:\/\/kawaled.com.vn\/\"><strong>www.kawaled.com.vn<\/strong><\/a><\/p>","protected":false},"excerpt":{"rendered":"<p>B\u1ed9 s\u1ea3n ph\u1ea9m CS1B-6N-10N-20N\u00a0l\u00e0 h\u1ec7 th\u1ed1ng g\u1ecdi ph\u1ee5c v\u1ee5 kh\u00f4ng d\u00e2y g\u1ed3m 01 m\u00e0n h\u00ecnh hi\u1ec3n th\u1ecb trung t\u00e2m CS1B v\u00e0 06-10-20\u00a0n\u00fat b\u1ea5m chu\u00f4ng kh\u00f4ng d\u00e2y D66D, ph\u00f9 h\u1ee3p cho c\u00e1c m\u00f4 h\u00ecnh kinh doanh nh\u01b0 nh\u00e0 h\u00e0ng, qu\u00e1n \u0103n, qu\u00e1n cafe, qu\u00e1n karaoke, ph\u00f2ng kh\u00e1m, spa,&#8230; gi\u00fap kh\u00e1ch h\u00e0ng d\u1ec5 d\u00e0ng g\u1eedi t\u00edn hi\u1ec7u [&hellip;]<\/p>","protected":false},"featured_media":26153,"comment_status":"open","ping_status":"closed","template":"","meta":{"_yoast_wpseo_focuskw":"G\u1eccI PH\u1ee4C V\u1ee4 KH\u00d4NG D\u00c2Y","_yoast_wpseo_metadesc":"B\u1ed9 s\u1ea3n ph\u1ea9m CS1B-6N l\u00e0 h\u1ec7 th\u1ed1ng g\u1ecdi ph\u1ee5c v\u1ee5 kh\u00f4ng d\u00e2y g\u1ed3m 01 m\u00e0n h\u00ecnh hi\u1ec3n th\u1ecb trung t\u00e2m CS1B v\u00e0 06 n\u00fat b\u1ea5m chu\u00f4ng kh\u00f4ng d\u00e2y D66D","_yoast_wpseo_focuskeywords":"","_yoast_wpseo_keyword_synonyms":""},"product_cat":[15],"product_tag":[],"class_list":["post-26147","product","type-product","status-publish","has-post-thumbnail","hentry","product_cat-cong-tac-cam-ung-chuyen-dong"],"acf":[],"yoast_head":"<!-- This site is optimized with the Yoast SEO Premium plugin v24.9 (Yoast SEO v24.9) - https:\/\/yoast.com\/wordpress\/plugins\/seo\/ -->\n<title>H\u1ec6 TH\u1ed0NG G\u1eccI PH\u1ee4C V\u1ee4 KH\u00d4NG D\u00c2Y CS1B-6N-10N-20N - Kawasan<\/title>\n<meta name=\"description\" content=\"B\u1ed9 s\u1ea3n ph\u1ea9m CS1B-6N l\u00e0 h\u1ec7 th\u1ed1ng g\u1ecdi ph\u1ee5c v\u1ee5 kh\u00f4ng d\u00e2y g\u1ed3m 01 m\u00e0n h\u00ecnh hi\u1ec3n th\u1ecb trung t\u00e2m CS1B v\u00e0 06 n\u00fat b\u1ea5m chu\u00f4ng kh\u00f4ng d\u00e2y D66D\" \/>\n<meta name=\"robots\" content=\"index, follow, max-snippet:-1, max-image-preview:large, max-video-preview:-1\" \/>\n<link rel=\"canonical\" href=\"https:\/\/kawasan.vn\/en\/product\/he-thong-goi-phuc-vu-khong-day-cs1b-6n\/\" \/>\n<meta property=\"og:locale\" content=\"en_US\" \/>\n<meta property=\"og:type\" content=\"article\" \/>\n<meta property=\"og:title\" content=\"H\u1ec6 TH\u1ed0NG G\u1eccI PH\u1ee4C V\u1ee4 KH\u00d4NG D\u00c2Y CS1B-6N-10N-20N\" \/>\n<meta property=\"og:description\" content=\"B\u1ed9 s\u1ea3n ph\u1ea9m CS1B-6N l\u00e0 h\u1ec7 th\u1ed1ng g\u1ecdi ph\u1ee5c v\u1ee5 kh\u00f4ng d\u00e2y g\u1ed3m 01 m\u00e0n h\u00ecnh hi\u1ec3n th\u1ecb trung t\u00e2m CS1B v\u00e0 06 n\u00fat b\u1ea5m chu\u00f4ng kh\u00f4ng d\u00e2y D66D\" \/>\n<meta property=\"og:url\" content=\"https:\/\/kawasan.vn\/en\/product\/he-thong-goi-phuc-vu-khong-day-cs1b-6n\/\" \/>\n<meta property=\"og:site_name\" content=\"Kawasan\" \/>\n<meta property=\"article:modified_time\" content=\"2025-08-06T04:41:28+00:00\" \/>\n<meta property=\"og:image\" content=\"https:\/\/kawasan.vn\/wp-content\/uploads\/2025\/07\/CS1B-5N.png\" \/>\n\t<meta property=\"og:image:width\" content=\"900\" \/>\n\t<meta property=\"og:image:height\" content=\"900\" \/>\n\t<meta property=\"og:image:type\" content=\"image\/png\" \/>\n<meta name=\"twitter:card\" content=\"summary_large_image\" \/>\n<meta name=\"twitter:label1\" content=\"Est. reading time\" \/>\n\t<meta name=\"twitter:data1\" content=\"6 minutes\" \/>\n<script type=\"application\/ld+json\" class=\"yoast-schema-graph\">{\"@context\":\"https:\/\/schema.org\",\"@graph\":[{\"@type\":\"WebPage\",\"@id\":\"https:\/\/kawasan.vn\/san-pham\/he-thong-goi-phuc-vu-khong-day-cs1b-6n\/\",\"url\":\"https:\/\/kawasan.vn\/san-pham\/he-thong-goi-phuc-vu-khong-day-cs1b-6n\/\",\"name\":\"H\u1ec6 TH\u1ed0NG G\u1eccI PH\u1ee4C V\u1ee4 KH\u00d4NG D\u00c2Y CS1B-6N-10N-20N - Kawasan\",\"isPartOf\":{\"@id\":\"https:\/\/kawasan.vn\/#website\"},\"primaryImageOfPage\":{\"@id\":\"https:\/\/kawasan.vn\/san-pham\/he-thong-goi-phuc-vu-khong-day-cs1b-6n\/#primaryimage\"},\"image\":{\"@id\":\"https:\/\/kawasan.vn\/san-pham\/he-thong-goi-phuc-vu-khong-day-cs1b-6n\/#primaryimage\"},\"thumbnailUrl\":\"https:\/\/kawasan.vn\/wp-content\/uploads\/2025\/07\/CS1B-5N.png\",\"datePublished\":\"2025-07-29T03:46:04+00:00\",\"dateModified\":\"2025-08-06T04:41:28+00:00\",\"description\":\"B\u1ed9 s\u1ea3n ph\u1ea9m CS1B-6N l\u00e0 h\u1ec7 th\u1ed1ng g\u1ecdi ph\u1ee5c v\u1ee5 kh\u00f4ng d\u00e2y g\u1ed3m 01 m\u00e0n h\u00ecnh hi\u1ec3n th\u1ecb trung t\u00e2m CS1B v\u00e0 06 n\u00fat b\u1ea5m chu\u00f4ng kh\u00f4ng d\u00e2y D66D\",\"breadcrumb\":{\"@id\":\"https:\/\/kawasan.vn\/san-pham\/he-thong-goi-phuc-vu-khong-day-cs1b-6n\/#breadcrumb\"},\"inLanguage\":\"en-US\",\"potentialAction\":[{\"@type\":\"ReadAction\",\"target\":[\"https:\/\/kawasan.vn\/san-pham\/he-thong-goi-phuc-vu-khong-day-cs1b-6n\/\"]}]},{\"@type\":\"ImageObject\",\"inLanguage\":\"en-US\",\"@id\":\"https:\/\/kawasan.vn\/san-pham\/he-thong-goi-phuc-vu-khong-day-cs1b-6n\/#primaryimage\",\"url\":\"https:\/\/kawasan.vn\/wp-content\/uploads\/2025\/07\/CS1B-5N.png\",\"contentUrl\":\"https:\/\/kawasan.vn\/wp-content\/uploads\/2025\/07\/CS1B-5N.png\",\"width\":900,\"height\":900},{\"@type\":\"BreadcrumbList\",\"@id\":\"https:\/\/kawasan.vn\/san-pham\/he-thong-goi-phuc-vu-khong-day-cs1b-6n\/#breadcrumb\",\"itemListElement\":[{\"@type\":\"ListItem\",\"position\":1,\"name\":\"Trang ch\u1ee7\",\"item\":\"https:\/\/kawasan.vn\/\"},{\"@type\":\"ListItem\",\"position\":2,\"name\":\"S\u1ea3n ph\u1ea9m\",\"item\":\"https:\/\/kawasan.vn\/san-pham\/\"},{\"@type\":\"ListItem\",\"position\":3,\"name\":\"H\u1ec6 TH\u1ed0NG G\u1eccI PH\u1ee4C V\u1ee4 KH\u00d4NG D\u00c2Y CS1B-6N-10N-20N\"}]},{\"@type\":\"WebSite\",\"@id\":\"https:\/\/kawasan.vn\/#website\",\"url\":\"https:\/\/kawasan.vn\/\",\"name\":\"Kawasan\",\"description\":\"\",\"potentialAction\":[{\"@type\":\"SearchAction\",\"target\":{\"@type\":\"EntryPoint\",\"urlTemplate\":\"https:\/\/kawasan.vn\/?s={search_term_string}\"},\"query-input\":{\"@type\":\"PropertyValueSpecification\",\"valueRequired\":true,\"valueName\":\"search_term_string\"}}],\"inLanguage\":\"en-US\"}]}<\/script>\n<!-- \/ Yoast SEO Premium plugin. -->","yoast_head_json":{"title":"H\u1ec6 TH\u1ed0NG G\u1eccI PH\u1ee4C V\u1ee4 KH\u00d4NG D\u00c2Y CS1B-6N-10N-20N - Kawasan","description":"B\u1ed9 s\u1ea3n ph\u1ea9m CS1B-6N l\u00e0 h\u1ec7 th\u1ed1ng g\u1ecdi ph\u1ee5c v\u1ee5 kh\u00f4ng d\u00e2y g\u1ed3m 01 m\u00e0n h\u00ecnh hi\u1ec3n th\u1ecb trung t\u00e2m CS1B v\u00e0 06 n\u00fat b\u1ea5m chu\u00f4ng kh\u00f4ng d\u00e2y D66D","robots":{"index":"index","follow":"follow","max-snippet":"max-snippet:-1","max-image-preview":"max-image-preview:large","max-video-preview":"max-video-preview:-1"},"canonical":"https:\/\/kawasan.vn\/en\/product\/he-thong-goi-phuc-vu-khong-day-cs1b-6n\/","og_locale":"en_US","og_type":"article","og_title":"H\u1ec6 TH\u1ed0NG G\u1eccI PH\u1ee4C V\u1ee4 KH\u00d4NG D\u00c2Y CS1B-6N-10N-20N","og_description":"B\u1ed9 s\u1ea3n ph\u1ea9m CS1B-6N l\u00e0 h\u1ec7 th\u1ed1ng g\u1ecdi ph\u1ee5c v\u1ee5 kh\u00f4ng d\u00e2y g\u1ed3m 01 m\u00e0n h\u00ecnh hi\u1ec3n th\u1ecb trung t\u00e2m CS1B v\u00e0 06 n\u00fat b\u1ea5m chu\u00f4ng kh\u00f4ng d\u00e2y D66D","og_url":"https:\/\/kawasan.vn\/en\/product\/he-thong-goi-phuc-vu-khong-day-cs1b-6n\/","og_site_name":"Kawasan","article_modified_time":"2025-08-06T04:41:28+00:00","og_image":[{"width":900,"height":900,"url":"https:\/\/kawasan.vn\/wp-content\/uploads\/2025\/07\/CS1B-5N.png","type":"image\/png"}],"twitter_card":"summary_large_image","twitter_misc":{"Est. reading time":"6 minutes"},"schema":{"@context":"https:\/\/schema.org","@graph":[{"@type":"WebPage","@id":"https:\/\/kawasan.vn\/san-pham\/he-thong-goi-phuc-vu-khong-day-cs1b-6n\/","url":"https:\/\/kawasan.vn\/san-pham\/he-thong-goi-phuc-vu-khong-day-cs1b-6n\/","name":"H\u1ec6 TH\u1ed0NG G\u1eccI PH\u1ee4C V\u1ee4 KH\u00d4NG D\u00c2Y CS1B-6N-10N-20N - Kawasan","isPartOf":{"@id":"https:\/\/kawasan.vn\/#website"},"primaryImageOfPage":{"@id":"https:\/\/kawasan.vn\/san-pham\/he-thong-goi-phuc-vu-khong-day-cs1b-6n\/#primaryimage"},"image":{"@id":"https:\/\/kawasan.vn\/san-pham\/he-thong-goi-phuc-vu-khong-day-cs1b-6n\/#primaryimage"},"thumbnailUrl":"https:\/\/kawasan.vn\/wp-content\/uploads\/2025\/07\/CS1B-5N.png","datePublished":"2025-07-29T03:46:04+00:00","dateModified":"2025-08-06T04:41:28+00:00","description":"B\u1ed9 s\u1ea3n ph\u1ea9m CS1B-6N l\u00e0 h\u1ec7 th\u1ed1ng g\u1ecdi ph\u1ee5c v\u1ee5 kh\u00f4ng d\u00e2y g\u1ed3m 01 m\u00e0n h\u00ecnh hi\u1ec3n th\u1ecb trung t\u00e2m CS1B v\u00e0 06 n\u00fat b\u1ea5m chu\u00f4ng kh\u00f4ng d\u00e2y D66D","breadcrumb":{"@id":"https:\/\/kawasan.vn\/san-pham\/he-thong-goi-phuc-vu-khong-day-cs1b-6n\/#breadcrumb"},"inLanguage":"en-US","potentialAction":[{"@type":"ReadAction","target":["https:\/\/kawasan.vn\/san-pham\/he-thong-goi-phuc-vu-khong-day-cs1b-6n\/"]}]},{"@type":"ImageObject","inLanguage":"en-US","@id":"https:\/\/kawasan.vn\/san-pham\/he-thong-goi-phuc-vu-khong-day-cs1b-6n\/#primaryimage","url":"https:\/\/kawasan.vn\/wp-content\/uploads\/2025\/07\/CS1B-5N.png","contentUrl":"https:\/\/kawasan.vn\/wp-content\/uploads\/2025\/07\/CS1B-5N.png","width":900,"height":900},{"@type":"BreadcrumbList","@id":"https:\/\/kawasan.vn\/san-pham\/he-thong-goi-phuc-vu-khong-day-cs1b-6n\/#breadcrumb","itemListElement":[{"@type":"ListItem","position":1,"name":"Trang ch\u1ee7","item":"https:\/\/kawasan.vn\/"},{"@type":"ListItem","position":2,"name":"S\u1ea3n ph\u1ea9m","item":"https:\/\/kawasan.vn\/san-pham\/"},{"@type":"ListItem","position":3,"name":"H\u1ec6 TH\u1ed0NG G\u1eccI PH\u1ee4C V\u1ee4 KH\u00d4NG D\u00c2Y CS1B-6N-10N-20N"}]},{"@type":"WebSite","@id":"https:\/\/kawasan.vn\/#website","url":"https:\/\/kawasan.vn\/","name":"Kawasan","description":"","potentialAction":[{"@type":"SearchAction","target":{"@type":"EntryPoint","urlTemplate":"https:\/\/kawasan.vn\/?s={search_term_string}"},"query-input":{"@type":"PropertyValueSpecification","valueRequired":true,"valueName":"search_term_string"}}],"inLanguage":"en-US"}]}},"_links":{"self":[{"href":"https:\/\/kawasan.vn\/en\/wp-json\/wp\/v2\/product\/26147","targetHints":{"allow":["GET"]}}],"collection":[{"href":"https:\/\/kawasan.vn\/en\/wp-json\/wp\/v2\/product"}],"about":[{"href":"https:\/\/kawasan.vn\/en\/wp-json\/wp\/v2\/types\/product"}],"replies":[{"embeddable":true,"href":"https:\/\/kawasan.vn\/en\/wp-json\/wp\/v2\/comments?post=26147"}],"version-history":[{"count":6,"href":"https:\/\/kawasan.vn\/en\/wp-json\/wp\/v2\/product\/26147\/revisions"}],"predecessor-version":[{"id":26441,"href":"https:\/\/kawasan.vn\/en\/wp-json\/wp\/v2\/product\/26147\/revisions\/26441"}],"wp:featuredmedia":[{"embeddable":true,"href":"https:\/\/kawasan.vn\/en\/wp-json\/wp\/v2\/media\/26153"}],"wp:attachment":[{"href":"https:\/\/kawasan.vn\/en\/wp-json\/wp\/v2\/media?parent=26147"}],"wp:term":[{"taxonomy":"product_cat","embeddable":true,"href":"https:\/\/kawasan.vn\/en\/wp-json\/wp\/v2\/product_cat?post=26147"},{"taxonomy":"product_tag","embeddable":true,"href":"https:\/\/kawasan.vn\/en\/wp-json\/wp\/v2\/product_tag?post=26147"}],"curies":[{"name":"wp","href":"https:\/\/api.w.org\/{rel}","templated":true}]}}