{"id":25562,"date":"2025-07-03T16:34:54","date_gmt":"2025-07-03T09:34:54","guid":{"rendered":"https:\/\/kawasan.vn\/?post_type=product&#038;p=25562"},"modified":"2025-12-08T11:34:28","modified_gmt":"2025-12-08T04:34:28","slug":"o-cam-dien-5-lo-day-dai-2m-5m-kawasan-cong-suat-lon-da-dung-an-toan-cho-phong-game-hoi-thao-van-phong","status":"publish","type":"product","link":"https:\/\/kawasan.vn\/en\/product\/o-cam-dien-5-lo-day-dai-2m-5m-kawasan-cong-suat-lon-da-dung-an-toan-cho-phong-game-hoi-thao-van-phong\/","title":{"rendered":"\u1ed4 C\u1eafm \u0110i\u1ec7n 5 L\u1ed7 D\u00e2y D\u00e0i 2M \/ 5M Kawasan \u2013 C\u00f4ng Su\u1ea5t L\u1edbn, \u0110a D\u1ee5ng, An To\u00e0n Cho Ph\u00f2ng Game, H\u1ed9i Th\u1ea3o &#038; V\u0103n Ph\u00f2ng"},"content":{"rendered":"<p><strong>\u1ed4 c\u1eafm \u0111i\u1ec7n 5 l\u1ed7 \u0111a n\u0103ng Kawasan d\u00e2y d\u00e0i 2 m\u00e9t \/ 5 m\u00e9t<\/strong> l\u00e0 gi\u1ea3i ph\u00e1p l\u00fd t\u01b0\u1edfng cho c\u00e1c kh\u00f4ng gian c\u1ea7n <strong>k\u1ebft n\u1ed1i nhi\u1ec1u thi\u1ebft b\u1ecb \u0111i\u1ec7n c\u00f9ng l\u00fac<\/strong> nh\u01b0 <strong>ph\u00f2ng game, ph\u00f2ng h\u1ecdp, h\u1ed9i th\u1ea3o, showroom ho\u1eb7c c\u00e1c s\u1ef1 ki\u1ec7n, h\u1ed9i ch\u1ee3<\/strong>. Thi\u1ebft k\u1ebf ch\u1eafc ch\u1eafn, linh ki\u1ec7n cao c\u1ea5p v\u00e0 kh\u1ea3 n\u0103ng <strong>ch\u1ed1ng qu\u00e1 t\u1ea3i th\u00f4ng minh<\/strong> mang l\u1ea1i s\u1ef1 an to\u00e0n t\u1ed1i \u0111a cho m\u1ecdi thi\u1ebft b\u1ecb.<\/p>\n<p><img loading=\"lazy\" decoding=\"async\" class=\"aligncenter wp-image-25622\" src=\"https:\/\/kawasan.vn\/wp-content\/uploads\/2025\/07\/screenshot_1751618755.png\" alt=\"\" width=\"668\" height=\"430\" srcset=\"https:\/\/kawasan.vn\/wp-content\/uploads\/2025\/07\/screenshot_1751618755-640x412.png 640w, https:\/\/kawasan.vn\/wp-content\/uploads\/2025\/07\/screenshot_1751618755-400x257.png 400w\" sizes=\"auto, (max-width: 668px) 100vw, 668px\" \/><\/p>\n<h2><span class=\"ez-toc-section\" id=\"DAC_DIEM_NOI_BAT\"><\/span><strong>\u0110\u1eb6C \u0110I\u1ec2M N\u1ed4I B\u1eacT<\/strong><span class=\"ez-toc-section-end\"><\/span><\/h2><div id=\"ez-toc-container\" class=\"ez-toc-v2_0_69_1 counter-hierarchy ez-toc-counter ez-toc-grey ez-toc-container-direction\">\n<div class=\"ez-toc-title-container\">\n<p class=\"ez-toc-title\" >N\u1ed9i Dung B&agrave;i Vi\u1ebft<\/p>\n<span class=\"ez-toc-title-toggle\"><a href=\"#\" class=\"ez-toc-pull-right ez-toc-btn ez-toc-btn-xs ez-toc-btn-default ez-toc-toggle\" aria-label=\"Toggle Table of Content\"><span class=\"ez-toc-js-icon-con\"><span class=\"\"><span class=\"eztoc-hide\" style=\"display:none;\">Toggle<\/span><span class=\"ez-toc-icon-toggle-span\"><svg style=\"fill: #999;color:#999\" xmlns=\"http:\/\/www.w3.org\/2000\/svg\" class=\"list-377408\" width=\"20px\" height=\"20px\" viewbox=\"0 0 24 24\" fill=\"none\"><path d=\"M6 6H4v2h2V6zm14 0H8v2h12V6zM4 11h2v2H4v-2zm16 0H8v2h12v-2zM4 16h2v2H4v-2zm16 0H8v2h12v-2z\" fill=\"currentColor\"><\/path><\/svg><svg style=\"fill: #999;color:#999\" class=\"arrow-unsorted-368013\" xmlns=\"http:\/\/www.w3.org\/2000\/svg\" width=\"10px\" height=\"10px\" viewbox=\"0 0 24 24\" version=\"1.2\" baseprofile=\"tiny\"><path d=\"M18.2 9.3l-6.2-6.3-6.2 6.3c-.2.2-.3.4-.3.7s.1.5.3.7c.2.2.4.3.7.3h11c.3 0 .5-.1.7-.3.2-.2.3-.5.3-.7s-.1-.5-.3-.7zM5.8 14.7l6.2 6.3 6.2-6.3c.2-.2.3-.5.3-.7s-.1-.5-.3-.7c-.2-.2-.4-.3-.7-.3h-11c-.3 0-.5.1-.7.3-.2.2-.3.5-.3.7s.1.5.3.7z\"\/><\/svg><\/span><\/span><\/span><\/a><\/span><\/div>\n<nav><ul class='ez-toc-list ez-toc-list-level-1 eztoc-toggle-hide-by-default' ><li class='ez-toc-page-1 ez-toc-heading-level-2'><a class=\"ez-toc-link ez-toc-heading-1\" href=\"https:\/\/kawasan.vn\/en\/product\/o-cam-dien-5-lo-day-dai-2m-5m-kawasan-cong-suat-lon-da-dung-an-toan-cho-phong-game-hoi-thao-van-phong\/#DAC_DIEM_NOI_BAT\" title=\"\u0110\u1eb6C \u0110I\u1ec2M N\u1ed4I B\u1eacT\">\u0110\u1eb6C \u0110I\u1ec2M N\u1ed4I B\u1eacT<\/a><\/li><li class='ez-toc-page-1 ez-toc-heading-level-2'><a class=\"ez-toc-link ez-toc-heading-2\" href=\"https:\/\/kawasan.vn\/en\/product\/o-cam-dien-5-lo-day-dai-2m-5m-kawasan-cong-suat-lon-da-dung-an-toan-cho-phong-game-hoi-thao-van-phong\/#UNG_DUNG_DAC_BIET\" title=\"\u1ee8NG D\u1ee4NG \u0110\u1eb6C BI\u1ec6T\">\u1ee8NG D\u1ee4NG \u0110\u1eb6C BI\u1ec6T<\/a><\/li><li class='ez-toc-page-1 ez-toc-heading-level-2'><a class=\"ez-toc-link ez-toc-heading-3\" href=\"https:\/\/kawasan.vn\/en\/product\/o-cam-dien-5-lo-day-dai-2m-5m-kawasan-cong-suat-lon-da-dung-an-toan-cho-phong-game-hoi-thao-van-phong\/#LOI_ICH_KHI_SU_DUNG\" title=\"L\u1ee2I \u00cdCH KHI S\u1eec D\u1ee4NG\">L\u1ee2I \u00cdCH KHI S\u1eec D\u1ee4NG<\/a><\/li><li class='ez-toc-page-1 ez-toc-heading-level-2'><a class=\"ez-toc-link ez-toc-heading-4\" href=\"https:\/\/kawasan.vn\/en\/product\/o-cam-dien-5-lo-day-dai-2m-5m-kawasan-cong-suat-lon-da-dung-an-toan-cho-phong-game-hoi-thao-van-phong\/#THONG_SO_KY_THUAT\" title=\"TH\u00d4NG S\u1ed0 K\u1ef8 THU\u1eacT\">TH\u00d4NG S\u1ed0 K\u1ef8 THU\u1eacT<\/a><\/li><li class='ez-toc-page-1 ez-toc-heading-level-2'><a class=\"ez-toc-link ez-toc-heading-5\" href=\"https:\/\/kawasan.vn\/en\/product\/o-cam-dien-5-lo-day-dai-2m-5m-kawasan-cong-suat-lon-da-dung-an-toan-cho-phong-game-hoi-thao-van-phong\/#CAM_KET_TU_KAWASAN\" title=\"CAM K\u1ebeT T\u1eea KAWASAN\">CAM K\u1ebeT T\u1eea KAWASAN<\/a><\/li><\/ul><\/nav><\/div>\n\n<ul>\n<li><strong>5 l\u1ed7 c\u1eafm \u0111a n\u0103ng<\/strong>: C\u1eafm \u0111\u01b0\u1ee3c m\u1ecdi lo\u1ea1i ph\u00edch \u0111i\u1ec7n th\u00f4ng d\u1ee5ng (2 ch\u1ea5u, 3 ch\u1ea5u, d\u1eb9t, tr\u00f2n), ti\u1ec7n l\u1ee3i cho nhi\u1ec1u thi\u1ebft b\u1ecb \u0111i\u1ec7n t\u1eed c\u00f9ng l\u00fac.<\/li>\n<li><strong>D\u00e2y d\u00e0i 2 m\u00e9t \/ 5 m\u00e9t<\/strong>: Linh ho\u1ea1t b\u1ed1 tr\u00ed t\u1ea1i b\u00e0n h\u1ecdp, ph\u00f2ng ch\u1edd, s\u1ea3nh l\u1edbn ho\u1eb7c d\u1ecdc theo ch\u00e2n t\u01b0\u1eddng.<\/li>\n<li><strong>D\u00e2y d\u1eabn \u0111\u1ed3ng nguy\u00ean ch\u1ea5t 1.25mm\u00b2<\/strong>: Ch\u1ecbu t\u1ea3i \u0111\u1ebfn <strong>3250W<\/strong>, \u1ed5n \u0111\u1ecbnh d\u00f2ng \u0111i\u1ec7n, kh\u00f4ng b\u1ecb n\u00f3ng ch\u1ea3y nh\u01b0 d\u00e2y h\u1ee3p kim.<\/li>\n<li><strong>Ti\u1ebfp \u0111i\u1ec3m b\u1eb1ng \u0111\u1ed3ng c\u00f3 l\u00f2 xo \u0111\u00e0n h\u1ed3i<\/strong>: Gi\u1eef ph\u00edch c\u1eafm ch\u1eafc ch\u1eafn, ch\u1ed1ng tia l\u1eeda \u0111i\u1ec7n, t\u0103ng tu\u1ed5i th\u1ecd ti\u1ebfp x\u00fac.<\/li>\n<li><strong>T\u1ef1 \u0111\u1ed9ng ng\u1eaft khi qu\u00e1 t\u1ea3i<\/strong>: B\u1ea3o v\u1ec7 thi\u1ebft b\u1ecb \u0111i\u1ec7n, ng\u0103n nguy c\u01a1 ch\u00e1y n\u1ed5, ch\u1eadp m\u1ea1ch.<\/li>\n<li><strong>V\u1ecf nh\u1ef1a ABS ch\u1ed1ng ch\u00e1y cao c\u1ea5p<\/strong>: An to\u00e0n, c\u00e1ch \u0111i\u1ec7n t\u1ed1t, kh\u00f4ng b\u1ecb l\u00e3o h\u00f3a theo th\u1eddi gian.<\/li>\n<li><strong>Thi\u1ebft k\u1ebf l\u1ed7 treo hai \u0111\u1ea7u<\/strong>: Gi\u00fap g\u1eafn c\u1ed1 \u0111\u1ecbnh v\u00e0o t\u01b0\u1eddng, b\u00e0n h\u1ecdp ho\u1eb7c b\u1ea3ng \u0111i\u1ec7n.<\/li>\n<\/ul>\n<h2><span class=\"ez-toc-section\" id=\"UNG_DUNG_DAC_BIET\"><\/span><strong>\u1ee8NG D\u1ee4NG \u0110\u1eb6C BI\u1ec6T<\/strong><span class=\"ez-toc-section-end\"><\/span><\/h2>\n<ul>\n<li><strong>Ph\u00f2ng game \u2013 qu\u00e1n net<\/strong>: C\u1ea5p ngu\u1ed3n \u0111\u1ed3ng th\u1eddi cho <strong>m\u00e1y t\u00ednh \u2013 m\u00e0n h\u00ecnh \u2013 tai nghe \u2013 loa \u2013 \u0111\u00e8n trang tr\u00ed<\/strong>.<\/li>\n<\/ul>\n<p><img loading=\"lazy\" decoding=\"async\" class=\"aligncenter wp-image-25623\" src=\"https:\/\/kawasan.vn\/wp-content\/uploads\/2025\/07\/screenshot_1751620092.png\" alt=\"\" width=\"624\" height=\"500\" srcset=\"https:\/\/kawasan.vn\/wp-content\/uploads\/2025\/07\/screenshot_1751620092.png 499w, https:\/\/kawasan.vn\/wp-content\/uploads\/2025\/07\/screenshot_1751620092-400x321.png 400w\" sizes=\"auto, (max-width: 624px) 100vw, 624px\" \/><\/p>\n<ul>\n<li><strong>Ph\u00f2ng h\u1ecdp \u2013 v\u0103n ph\u00f2ng<\/strong>: C\u1eafm <strong>m\u00e1y chi\u1ebfu \u2013 laptop \u2013 mic \u2013 loa h\u1ed9i ngh\u1ecb \u2013 b\u1ed9 ph\u00e1t wifi<\/strong>.<\/li>\n<\/ul>\n<p><img loading=\"lazy\" decoding=\"async\" class=\"aligncenter size-full wp-image-25624\" src=\"https:\/\/kawasan.vn\/wp-content\/uploads\/2025\/07\/screenshot_1751620303.png\" alt=\"\" width=\"592\" height=\"489\" srcset=\"https:\/\/kawasan.vn\/wp-content\/uploads\/2025\/07\/screenshot_1751620303.png 592w, https:\/\/kawasan.vn\/wp-content\/uploads\/2025\/07\/screenshot_1751620303-400x330.png 400w\" sizes=\"auto, (max-width: 592px) 100vw, 592px\" \/><\/p>\n<ul>\n<li><strong>H\u1ed9i ch\u1ee3 \u2013 showroom \u2013 s\u1ef1 ki\u1ec7n<\/strong>: D\u00f9ng cho <strong>\u0111\u00e8n led, m\u00e1y qu\u1ea1t, tivi tr\u00ecnh chi\u1ebfu, m\u00e1y \u0111\u1ebfm kh\u00e1ch h\u00e0ng<\/strong>.<\/li>\n<\/ul>\n<p><img loading=\"lazy\" decoding=\"async\" class=\"aligncenter size-full wp-image-25625\" src=\"https:\/\/kawasan.vn\/wp-content\/uploads\/2025\/07\/screenshot_1751620463.png\" alt=\"\" width=\"591\" height=\"390\" srcset=\"https:\/\/kawasan.vn\/wp-content\/uploads\/2025\/07\/screenshot_1751620463.png 591w, https:\/\/kawasan.vn\/wp-content\/uploads\/2025\/07\/screenshot_1751620463-400x264.png 400w\" sizes=\"auto, (max-width: 591px) 100vw, 591px\" \/><\/p>\n<ul>\n<li><strong>L\u1edbp h\u1ecdc \u2013 h\u1ed9i th\u1ea3o \u2013 ph\u00f2ng \u0111\u00e0o t\u1ea1o<\/strong>: C\u1ea5p \u0111i\u1ec7n cho <strong>m\u00e1y in, laptop, h\u1ec7 th\u1ed1ng chi\u1ebfu s\u00e1ng, camera livestream<\/strong>.<\/li>\n<\/ul>\n<p><img loading=\"lazy\" decoding=\"async\" class=\"aligncenter wp-image-25626\" src=\"https:\/\/kawasan.vn\/wp-content\/uploads\/2025\/07\/screenshot_1751620743.png\" alt=\"\" width=\"584\" height=\"401\" srcset=\"https:\/\/kawasan.vn\/wp-content\/uploads\/2025\/07\/screenshot_1751620743.png 517w, https:\/\/kawasan.vn\/wp-content\/uploads\/2025\/07\/screenshot_1751620743-400x275.png 400w\" sizes=\"auto, (max-width: 584px) 100vw, 584px\" \/><\/p>\n<h2><span class=\"ez-toc-section\" id=\"LOI_ICH_KHI_SU_DUNG\"><\/span><strong>L\u1ee2I \u00cdCH KHI S\u1eec D\u1ee4NG<\/strong><span class=\"ez-toc-section-end\"><\/span><\/h2>\n<ul>\n<li><strong>C\u1eafm 5 thi\u1ebft b\u1ecb c\u00f9ng l\u00fac<\/strong> \u2013 kh\u00f4ng c\u1ea7n chia \u1ed5 ho\u1eb7c mua th\u00eam d\u00e2y \u0111i\u1ec7n ph\u1ee5.<\/li>\n<li><strong>An to\u00e0n tuy\u1ec7t \u0111\u1ed1i<\/strong>, h\u1ea1n ch\u1ebf r\u1ee7i ro ch\u1eadp ch\u00e1y nh\u1edd t\u00ednh n\u0103ng t\u1ef1 ng\u1eaft th\u00f4ng minh.<\/li>\n<li><strong>B\u1ec1n b\u1ec9, ti\u1ebft ki\u1ec7m l\u00e2u d\u00e0i<\/strong> \u2013 kh\u00f4ng h\u1ecfng v\u1eb7t nh\u01b0 c\u00e1c lo\u1ea1i \u1ed5 c\u1eafm gi\u00e1 r\u1ebb.<\/li>\n<li><strong>Gi\u1ea3i ph\u00e1p chuy\u00ean nghi\u1ec7p cho kh\u00f4ng gian l\u00e0m vi\u1ec7c v\u00e0 s\u1ef1 ki\u1ec7n \u0111\u00f4ng ng\u01b0\u1eddi<\/strong>.<\/li>\n<li><strong>Thi\u1ebft k\u1ebf g\u1ecdn g\u00e0ng, d\u1ec5 treo c\u1ed1 \u0111\u1ecbnh<\/strong>, gi\u1eef kh\u00f4ng gian s\u1ea1ch s\u1ebd v\u00e0 an to\u00e0n.<\/li>\n<\/ul>\n<h2><span class=\"ez-toc-section\" id=\"THONG_SO_KY_THUAT\"><\/span><strong>TH\u00d4NG S\u1ed0 K\u1ef8 THU\u1eacT<\/strong><span class=\"ez-toc-section-end\"><\/span><\/h2>\n<table>\n<thead>\n<tr>\n<td><strong>Th\u00f4ng tin<\/strong><\/td>\n<td><strong>Chi ti\u1ebft<\/strong><\/td>\n<\/tr>\n<\/thead>\n<tbody>\n<tr>\n<td>Lo\u1ea1i \u1ed5 c\u1eafm<\/td>\n<td>\u1ed4 c\u1eafm 5 l\u1ed7 ch\u1ed1ng qu\u00e1 t\u1ea3i<\/td>\n<\/tr>\n<tr>\n<td>Chi\u1ec1u d\u00e0i d\u00e2y<\/td>\n<td>2 m\u00e9t \/ 5 m\u00e9t<\/td>\n<\/tr>\n<tr>\n<td>C\u00f4ng su\u1ea5t t\u1ed1i \u0111a<\/td>\n<td>3250W<\/td>\n<\/tr>\n<tr>\n<td>D\u00e2y d\u1eabn \u0111i\u1ec7n<\/td>\n<td>\u0110\u1ed3ng nguy\u00ean ch\u1ea5t 100% \u2013 ti\u1ebft di\u1ec7n 1.25mm\u00b2<\/td>\n<\/tr>\n<tr>\n<td>Ch\u1ea5t li\u1ec7u v\u1ecf<\/td>\n<td>Nh\u1ef1a ABS cao c\u1ea5p ch\u1ed1ng ch\u00e1y<\/td>\n<\/tr>\n<tr>\n<td>M\u00e0u s\u1eafc<\/td>\n<td>Tr\u1eafng<\/td>\n<\/tr>\n<tr>\n<td>B\u1ea3o h\u00e0nh<\/td>\n<td>24 th\u00e1ng ch\u00ednh h\u00e3ng Kawasan<\/td>\n<\/tr>\n<\/tbody>\n<\/table>\n<h2><span class=\"ez-toc-section\" id=\"CAM_KET_TU_KAWASAN\"><\/span><strong>CAM K\u1ebeT T\u1eea KAWASAN<\/strong><span class=\"ez-toc-section-end\"><\/span><\/h2>\n<ul>\n<li>\u2705 <strong>B\u1ea3o h\u00e0nh 24 th\u00e1ng<\/strong> \u2013 \u0110\u1ed5i m\u1edbi trong v\u00f2ng 30 ng\u00e0y n\u1ebfu c\u00f3 l\u1ed7i k\u1ef9 thu\u1eadt.<\/li>\n<li>\u2705 <strong>S\u1ea3n ph\u1ea9m ch\u00ednh h\u00e3ng<\/strong> \u2013 \u0110\u00e3 ki\u1ec3m \u0111\u1ecbnh an to\u00e0n \u0111i\u1ec7n, c\u00f3 tem ch\u1ed1ng gi\u1ea3.<\/li>\n<li>\u2705 <strong>H\u1ed7 tr\u1ee3 s\u1eeda ch\u1eefa sau b\u1ea3o h\u00e0nh<\/strong> n\u1ebfu linh ki\u1ec7n c\u00f2n ph\u1ee5c h\u1ed3i \u0111\u01b0\u1ee3c.<\/li>\n<li>\u2705 Giao h\u00e0ng nhanh to\u00e0n qu\u1ed1c \u2013 \u0110\u00f3ng g\u00f3i k\u1ef9 \u2013 T\u01b0 v\u1ea5n t\u1eadn t\u00e2m.<\/li>\n<\/ul>\n<p style=\"text-align: center;\"><strong>Thank you for trusting Kawasan products!<\/strong><\/p>\n<p style=\"text-align: center;\"><strong>Toll-Free Consulting Hotline:\u00a0<\/strong><strong>1800 0058<\/strong><\/p>\n<p style=\"text-align: center;\" align=\"center\"><strong>Trang web:\u00a0\u00a0<\/strong><a href=\"https:\/\/kawasan.vn\/en\/\"><strong>www.kawasan.vn<\/strong><\/a><\/p>\n<p style=\"text-align: center;\" align=\"center\"><strong>Trang web:\u00a0\u00a0<\/strong><a href=\"https:\/\/kawaled.com.vn\/\"><strong>www.kawaled.com.vn<\/strong><\/a><\/p>","protected":false},"excerpt":{"rendered":"<p>\u1ed4 c\u1eafm \u0111i\u1ec7n 5 l\u1ed7 \u0111a n\u0103ng Kawasan d\u00e2y d\u00e0i 2 m\u00e9t \/ 5 m\u00e9t l\u00e0 gi\u1ea3i ph\u00e1p l\u00fd t\u01b0\u1edfng cho c\u00e1c kh\u00f4ng gian c\u1ea7n k\u1ebft n\u1ed1i nhi\u1ec1u thi\u1ebft b\u1ecb \u0111i\u1ec7n c\u00f9ng l\u00fac nh\u01b0 ph\u00f2ng game, ph\u00f2ng h\u1ecdp, h\u1ed9i th\u1ea3o, showroom ho\u1eb7c c\u00e1c s\u1ef1 ki\u1ec7n, h\u1ed9i ch\u1ee3. Thi\u1ebft k\u1ebf ch\u1eafc ch\u1eafn, linh ki\u1ec7n cao c\u1ea5p [&hellip;]<\/p>","protected":false},"featured_media":21416,"comment_status":"open","ping_status":"closed","template":"","meta":{"_yoast_wpseo_focuskw":"\u1ed5 c\u1eafm 5 l\u1ed7","_yoast_wpseo_metadesc":"\u1ed4 c\u1eafm \u0111i\u1ec7n 5 l\u1ed7 \u0111a n\u0103ng Kawasan d\u00e2y d\u00e0i 2 m\u00e9t \/ 5 m\u00e9t l\u00e0 gi\u1ea3i ph\u00e1p l\u00fd t\u01b0\u1edfng cho c\u00e1c kh\u00f4ng gian c\u1ea7n k\u1ebft n\u1ed1i nhi\u1ec1u thi\u1ebft b\u1ecb \u0111i\u1ec7n c\u00f9ng l\u00fac","_yoast_wpseo_focuskeywords":"","_yoast_wpseo_keyword_synonyms":""},"product_cat":[514,515],"product_tag":[],"class_list":["post-25562","product","type-product","status-publish","has-post-thumbnail","hentry","product_cat-o-cam-dien","product_cat-o-cam-dien-dan-dung"],"acf":[],"yoast_head":"<!-- This site is optimized with the Yoast SEO Premium plugin v24.9 (Yoast SEO v24.9) - https:\/\/yoast.com\/wordpress\/plugins\/seo\/ -->\n<title>\u1ed4 C\u1eafm \u0110i\u1ec7n 5 L\u1ed7 D\u00e2y D\u00e0i 2M \/ 5M Kawasan \u2013 C\u00f4ng Su\u1ea5t L\u1edbn, \u0110a D\u1ee5ng, An To\u00e0n Cho Ph\u00f2ng Game, H\u1ed9i Th\u1ea3o &amp; V\u0103n Ph\u00f2ng - Kawasan<\/title>\n<meta name=\"description\" content=\"\u1ed4 c\u1eafm \u0111i\u1ec7n 5 l\u1ed7 \u0111a n\u0103ng Kawasan d\u00e2y d\u00e0i 2 m\u00e9t \/ 5 m\u00e9t l\u00e0 gi\u1ea3i ph\u00e1p l\u00fd t\u01b0\u1edfng cho c\u00e1c kh\u00f4ng gian c\u1ea7n k\u1ebft n\u1ed1i nhi\u1ec1u thi\u1ebft b\u1ecb \u0111i\u1ec7n c\u00f9ng l\u00fac\" \/>\n<meta name=\"robots\" content=\"index, follow, max-snippet:-1, max-image-preview:large, max-video-preview:-1\" \/>\n<link rel=\"canonical\" href=\"https:\/\/kawasan.vn\/en\/product\/o-cam-dien-5-lo-day-dai-2m-5m-kawasan-cong-suat-lon-da-dung-an-toan-cho-phong-game-hoi-thao-van-phong\/\" \/>\n<meta property=\"og:locale\" content=\"en_US\" \/>\n<meta property=\"og:type\" content=\"article\" \/>\n<meta property=\"og:title\" content=\"\u1ed4 C\u1eafm \u0110i\u1ec7n 5 L\u1ed7 D\u00e2y D\u00e0i 2M \/ 5M Kawasan \u2013 C\u00f4ng Su\u1ea5t L\u1edbn, \u0110a D\u1ee5ng, An To\u00e0n Cho Ph\u00f2ng Game, H\u1ed9i Th\u1ea3o &amp; V\u0103n Ph\u00f2ng\" \/>\n<meta property=\"og:description\" content=\"\u1ed4 c\u1eafm \u0111i\u1ec7n 5 l\u1ed7 \u0111a n\u0103ng Kawasan d\u00e2y d\u00e0i 2 m\u00e9t \/ 5 m\u00e9t l\u00e0 gi\u1ea3i ph\u00e1p l\u00fd t\u01b0\u1edfng cho c\u00e1c kh\u00f4ng gian c\u1ea7n k\u1ebft n\u1ed1i nhi\u1ec1u thi\u1ebft b\u1ecb \u0111i\u1ec7n c\u00f9ng l\u00fac\" \/>\n<meta property=\"og:url\" content=\"https:\/\/kawasan.vn\/en\/product\/o-cam-dien-5-lo-day-dai-2m-5m-kawasan-cong-suat-lon-da-dung-an-toan-cho-phong-game-hoi-thao-van-phong\/\" \/>\n<meta property=\"og:site_name\" content=\"Kawasan\" \/>\n<meta property=\"article:modified_time\" content=\"2025-12-08T04:34:28+00:00\" \/>\n<meta property=\"og:image\" content=\"https:\/\/kawasan.vn\/wp-content\/uploads\/2024\/03\/o-cam-dien-dan-dung-2m5.jpg\" \/>\n\t<meta property=\"og:image:width\" content=\"1512\" \/>\n\t<meta property=\"og:image:height\" content=\"1512\" \/>\n\t<meta property=\"og:image:type\" content=\"image\/jpeg\" \/>\n<meta name=\"twitter:card\" content=\"summary_large_image\" \/>\n<meta name=\"twitter:label1\" content=\"Est. reading time\" \/>\n\t<meta name=\"twitter:data1\" content=\"5 minutes\" \/>\n<script type=\"application\/ld+json\" class=\"yoast-schema-graph\">{\"@context\":\"https:\/\/schema.org\",\"@graph\":[{\"@type\":\"WebPage\",\"@id\":\"https:\/\/kawasan.vn\/san-pham\/o-cam-dien-5-lo-day-dai-2m-5m-kawasan-cong-suat-lon-da-dung-an-toan-cho-phong-game-hoi-thao-van-phong\/\",\"url\":\"https:\/\/kawasan.vn\/san-pham\/o-cam-dien-5-lo-day-dai-2m-5m-kawasan-cong-suat-lon-da-dung-an-toan-cho-phong-game-hoi-thao-van-phong\/\",\"name\":\"\u1ed4 C\u1eafm \u0110i\u1ec7n 5 L\u1ed7 D\u00e2y D\u00e0i 2M \/ 5M Kawasan \u2013 C\u00f4ng Su\u1ea5t L\u1edbn, \u0110a D\u1ee5ng, An To\u00e0n Cho Ph\u00f2ng Game, H\u1ed9i Th\u1ea3o & V\u0103n Ph\u00f2ng - Kawasan\",\"isPartOf\":{\"@id\":\"https:\/\/kawasan.vn\/#website\"},\"primaryImageOfPage\":{\"@id\":\"https:\/\/kawasan.vn\/san-pham\/o-cam-dien-5-lo-day-dai-2m-5m-kawasan-cong-suat-lon-da-dung-an-toan-cho-phong-game-hoi-thao-van-phong\/#primaryimage\"},\"image\":{\"@id\":\"https:\/\/kawasan.vn\/san-pham\/o-cam-dien-5-lo-day-dai-2m-5m-kawasan-cong-suat-lon-da-dung-an-toan-cho-phong-game-hoi-thao-van-phong\/#primaryimage\"},\"thumbnailUrl\":\"https:\/\/kawasan.vn\/wp-content\/uploads\/2024\/03\/o-cam-dien-dan-dung-2m5.jpg\",\"datePublished\":\"2025-07-03T09:34:54+00:00\",\"dateModified\":\"2025-12-08T04:34:28+00:00\",\"description\":\"\u1ed4 c\u1eafm \u0111i\u1ec7n 5 l\u1ed7 \u0111a n\u0103ng Kawasan d\u00e2y d\u00e0i 2 m\u00e9t \/ 5 m\u00e9t l\u00e0 gi\u1ea3i ph\u00e1p l\u00fd t\u01b0\u1edfng cho c\u00e1c kh\u00f4ng gian c\u1ea7n k\u1ebft n\u1ed1i nhi\u1ec1u thi\u1ebft b\u1ecb \u0111i\u1ec7n c\u00f9ng l\u00fac\",\"breadcrumb\":{\"@id\":\"https:\/\/kawasan.vn\/san-pham\/o-cam-dien-5-lo-day-dai-2m-5m-kawasan-cong-suat-lon-da-dung-an-toan-cho-phong-game-hoi-thao-van-phong\/#breadcrumb\"},\"inLanguage\":\"en-US\",\"potentialAction\":[{\"@type\":\"ReadAction\",\"target\":[\"https:\/\/kawasan.vn\/san-pham\/o-cam-dien-5-lo-day-dai-2m-5m-kawasan-cong-suat-lon-da-dung-an-toan-cho-phong-game-hoi-thao-van-phong\/\"]}]},{\"@type\":\"ImageObject\",\"inLanguage\":\"en-US\",\"@id\":\"https:\/\/kawasan.vn\/san-pham\/o-cam-dien-5-lo-day-dai-2m-5m-kawasan-cong-suat-lon-da-dung-an-toan-cho-phong-game-hoi-thao-van-phong\/#primaryimage\",\"url\":\"https:\/\/kawasan.vn\/wp-content\/uploads\/2024\/03\/o-cam-dien-dan-dung-2m5.jpg\",\"contentUrl\":\"https:\/\/kawasan.vn\/wp-content\/uploads\/2024\/03\/o-cam-dien-dan-dung-2m5.jpg\",\"width\":1512,\"height\":1512},{\"@type\":\"BreadcrumbList\",\"@id\":\"https:\/\/kawasan.vn\/san-pham\/o-cam-dien-5-lo-day-dai-2m-5m-kawasan-cong-suat-lon-da-dung-an-toan-cho-phong-game-hoi-thao-van-phong\/#breadcrumb\",\"itemListElement\":[{\"@type\":\"ListItem\",\"position\":1,\"name\":\"Trang ch\u1ee7\",\"item\":\"https:\/\/kawasan.vn\/\"},{\"@type\":\"ListItem\",\"position\":2,\"name\":\"S\u1ea3n ph\u1ea9m\",\"item\":\"https:\/\/kawasan.vn\/san-pham\/\"},{\"@type\":\"ListItem\",\"position\":3,\"name\":\"\u1ed4 C\u1eafm \u0110i\u1ec7n 5 L\u1ed7 D\u00e2y D\u00e0i 2M \/ 5M Kawasan \u2013 C\u00f4ng Su\u1ea5t L\u1edbn, \u0110a D\u1ee5ng, An To\u00e0n Cho Ph\u00f2ng Game, H\u1ed9i Th\u1ea3o &#038; V\u0103n Ph\u00f2ng\"}]},{\"@type\":\"WebSite\",\"@id\":\"https:\/\/kawasan.vn\/#website\",\"url\":\"https:\/\/kawasan.vn\/\",\"name\":\"Kawasan\",\"description\":\"\",\"potentialAction\":[{\"@type\":\"SearchAction\",\"target\":{\"@type\":\"EntryPoint\",\"urlTemplate\":\"https:\/\/kawasan.vn\/?s={search_term_string}\"},\"query-input\":{\"@type\":\"PropertyValueSpecification\",\"valueRequired\":true,\"valueName\":\"search_term_string\"}}],\"inLanguage\":\"en-US\"}]}<\/script>\n<!-- \/ Yoast SEO Premium plugin. -->","yoast_head_json":{"title":"\u1ed4 C\u1eafm \u0110i\u1ec7n 5 L\u1ed7 D\u00e2y D\u00e0i 2M \/ 5M Kawasan \u2013 C\u00f4ng Su\u1ea5t L\u1edbn, \u0110a D\u1ee5ng, An To\u00e0n Cho Ph\u00f2ng Game, H\u1ed9i Th\u1ea3o & V\u0103n Ph\u00f2ng - Kawasan","description":"\u1ed4 c\u1eafm \u0111i\u1ec7n 5 l\u1ed7 \u0111a n\u0103ng Kawasan d\u00e2y d\u00e0i 2 m\u00e9t \/ 5 m\u00e9t l\u00e0 gi\u1ea3i ph\u00e1p l\u00fd t\u01b0\u1edfng cho c\u00e1c kh\u00f4ng gian c\u1ea7n k\u1ebft n\u1ed1i nhi\u1ec1u thi\u1ebft b\u1ecb \u0111i\u1ec7n c\u00f9ng l\u00fac","robots":{"index":"index","follow":"follow","max-snippet":"max-snippet:-1","max-image-preview":"max-image-preview:large","max-video-preview":"max-video-preview:-1"},"canonical":"https:\/\/kawasan.vn\/en\/product\/o-cam-dien-5-lo-day-dai-2m-5m-kawasan-cong-suat-lon-da-dung-an-toan-cho-phong-game-hoi-thao-van-phong\/","og_locale":"en_US","og_type":"article","og_title":"\u1ed4 C\u1eafm \u0110i\u1ec7n 5 L\u1ed7 D\u00e2y D\u00e0i 2M \/ 5M Kawasan \u2013 C\u00f4ng Su\u1ea5t L\u1edbn, \u0110a D\u1ee5ng, An To\u00e0n Cho Ph\u00f2ng Game, H\u1ed9i Th\u1ea3o & V\u0103n Ph\u00f2ng","og_description":"\u1ed4 c\u1eafm \u0111i\u1ec7n 5 l\u1ed7 \u0111a n\u0103ng Kawasan d\u00e2y d\u00e0i 2 m\u00e9t \/ 5 m\u00e9t l\u00e0 gi\u1ea3i ph\u00e1p l\u00fd t\u01b0\u1edfng cho c\u00e1c kh\u00f4ng gian c\u1ea7n k\u1ebft n\u1ed1i nhi\u1ec1u thi\u1ebft b\u1ecb \u0111i\u1ec7n c\u00f9ng l\u00fac","og_url":"https:\/\/kawasan.vn\/en\/product\/o-cam-dien-5-lo-day-dai-2m-5m-kawasan-cong-suat-lon-da-dung-an-toan-cho-phong-game-hoi-thao-van-phong\/","og_site_name":"Kawasan","article_modified_time":"2025-12-08T04:34:28+00:00","og_image":[{"width":1512,"height":1512,"url":"https:\/\/kawasan.vn\/wp-content\/uploads\/2024\/03\/o-cam-dien-dan-dung-2m5.jpg","type":"image\/jpeg"}],"twitter_card":"summary_large_image","twitter_misc":{"Est. reading time":"5 minutes"},"schema":{"@context":"https:\/\/schema.org","@graph":[{"@type":"WebPage","@id":"https:\/\/kawasan.vn\/san-pham\/o-cam-dien-5-lo-day-dai-2m-5m-kawasan-cong-suat-lon-da-dung-an-toan-cho-phong-game-hoi-thao-van-phong\/","url":"https:\/\/kawasan.vn\/san-pham\/o-cam-dien-5-lo-day-dai-2m-5m-kawasan-cong-suat-lon-da-dung-an-toan-cho-phong-game-hoi-thao-van-phong\/","name":"\u1ed4 C\u1eafm \u0110i\u1ec7n 5 L\u1ed7 D\u00e2y D\u00e0i 2M \/ 5M Kawasan \u2013 C\u00f4ng Su\u1ea5t L\u1edbn, \u0110a D\u1ee5ng, An To\u00e0n Cho Ph\u00f2ng Game, H\u1ed9i Th\u1ea3o & V\u0103n Ph\u00f2ng - Kawasan","isPartOf":{"@id":"https:\/\/kawasan.vn\/#website"},"primaryImageOfPage":{"@id":"https:\/\/kawasan.vn\/san-pham\/o-cam-dien-5-lo-day-dai-2m-5m-kawasan-cong-suat-lon-da-dung-an-toan-cho-phong-game-hoi-thao-van-phong\/#primaryimage"},"image":{"@id":"https:\/\/kawasan.vn\/san-pham\/o-cam-dien-5-lo-day-dai-2m-5m-kawasan-cong-suat-lon-da-dung-an-toan-cho-phong-game-hoi-thao-van-phong\/#primaryimage"},"thumbnailUrl":"https:\/\/kawasan.vn\/wp-content\/uploads\/2024\/03\/o-cam-dien-dan-dung-2m5.jpg","datePublished":"2025-07-03T09:34:54+00:00","dateModified":"2025-12-08T04:34:28+00:00","description":"\u1ed4 c\u1eafm \u0111i\u1ec7n 5 l\u1ed7 \u0111a n\u0103ng Kawasan d\u00e2y d\u00e0i 2 m\u00e9t \/ 5 m\u00e9t l\u00e0 gi\u1ea3i ph\u00e1p l\u00fd t\u01b0\u1edfng cho c\u00e1c kh\u00f4ng gian c\u1ea7n k\u1ebft n\u1ed1i nhi\u1ec1u thi\u1ebft b\u1ecb \u0111i\u1ec7n c\u00f9ng l\u00fac","breadcrumb":{"@id":"https:\/\/kawasan.vn\/san-pham\/o-cam-dien-5-lo-day-dai-2m-5m-kawasan-cong-suat-lon-da-dung-an-toan-cho-phong-game-hoi-thao-van-phong\/#breadcrumb"},"inLanguage":"en-US","potentialAction":[{"@type":"ReadAction","target":["https:\/\/kawasan.vn\/san-pham\/o-cam-dien-5-lo-day-dai-2m-5m-kawasan-cong-suat-lon-da-dung-an-toan-cho-phong-game-hoi-thao-van-phong\/"]}]},{"@type":"ImageObject","inLanguage":"en-US","@id":"https:\/\/kawasan.vn\/san-pham\/o-cam-dien-5-lo-day-dai-2m-5m-kawasan-cong-suat-lon-da-dung-an-toan-cho-phong-game-hoi-thao-van-phong\/#primaryimage","url":"https:\/\/kawasan.vn\/wp-content\/uploads\/2024\/03\/o-cam-dien-dan-dung-2m5.jpg","contentUrl":"https:\/\/kawasan.vn\/wp-content\/uploads\/2024\/03\/o-cam-dien-dan-dung-2m5.jpg","width":1512,"height":1512},{"@type":"BreadcrumbList","@id":"https:\/\/kawasan.vn\/san-pham\/o-cam-dien-5-lo-day-dai-2m-5m-kawasan-cong-suat-lon-da-dung-an-toan-cho-phong-game-hoi-thao-van-phong\/#breadcrumb","itemListElement":[{"@type":"ListItem","position":1,"name":"Trang ch\u1ee7","item":"https:\/\/kawasan.vn\/"},{"@type":"ListItem","position":2,"name":"S\u1ea3n ph\u1ea9m","item":"https:\/\/kawasan.vn\/san-pham\/"},{"@type":"ListItem","position":3,"name":"\u1ed4 C\u1eafm \u0110i\u1ec7n 5 L\u1ed7 D\u00e2y D\u00e0i 2M \/ 5M Kawasan \u2013 C\u00f4ng Su\u1ea5t L\u1edbn, \u0110a D\u1ee5ng, An To\u00e0n Cho Ph\u00f2ng Game, H\u1ed9i Th\u1ea3o &#038; V\u0103n Ph\u00f2ng"}]},{"@type":"WebSite","@id":"https:\/\/kawasan.vn\/#website","url":"https:\/\/kawasan.vn\/","name":"Kawasan","description":"","potentialAction":[{"@type":"SearchAction","target":{"@type":"EntryPoint","urlTemplate":"https:\/\/kawasan.vn\/?s={search_term_string}"},"query-input":{"@type":"PropertyValueSpecification","valueRequired":true,"valueName":"search_term_string"}}],"inLanguage":"en-US"}]}},"_links":{"self":[{"href":"https:\/\/kawasan.vn\/en\/wp-json\/wp\/v2\/product\/25562","targetHints":{"allow":["GET"]}}],"collection":[{"href":"https:\/\/kawasan.vn\/en\/wp-json\/wp\/v2\/product"}],"about":[{"href":"https:\/\/kawasan.vn\/en\/wp-json\/wp\/v2\/types\/product"}],"replies":[{"embeddable":true,"href":"https:\/\/kawasan.vn\/en\/wp-json\/wp\/v2\/comments?post=25562"}],"version-history":[{"count":6,"href":"https:\/\/kawasan.vn\/en\/wp-json\/wp\/v2\/product\/25562\/revisions"}],"predecessor-version":[{"id":26519,"href":"https:\/\/kawasan.vn\/en\/wp-json\/wp\/v2\/product\/25562\/revisions\/26519"}],"wp:featuredmedia":[{"embeddable":true,"href":"https:\/\/kawasan.vn\/en\/wp-json\/wp\/v2\/media\/21416"}],"wp:attachment":[{"href":"https:\/\/kawasan.vn\/en\/wp-json\/wp\/v2\/media?parent=25562"}],"wp:term":[{"taxonomy":"product_cat","embeddable":true,"href":"https:\/\/kawasan.vn\/en\/wp-json\/wp\/v2\/product_cat?post=25562"},{"taxonomy":"product_tag","embeddable":true,"href":"https:\/\/kawasan.vn\/en\/wp-json\/wp\/v2\/product_tag?post=25562"}],"curies":[{"name":"wp","href":"https:\/\/api.w.org\/{rel}","templated":true}]}}