{"id":25548,"date":"2025-07-03T16:29:34","date_gmt":"2025-07-03T09:29:34","guid":{"rendered":"https:\/\/kawasan.vn\/?post_type=product&#038;p=25548"},"modified":"2025-12-08T11:31:42","modified_gmt":"2025-12-08T04:31:42","slug":"o-cam-dien-4-lo-day-dai-2m-5m-kawasan-tien-loi-gap-boi-an-toan-moi-ngay","status":"publish","type":"product","link":"https:\/\/kawasan.vn\/en\/product\/o-cam-dien-4-lo-day-dai-2m-5m-kawasan-tien-loi-gap-boi-an-toan-moi-ngay\/","title":{"rendered":"\u1ed4 C\u1eafm \u0110i\u1ec7n 4 L\u1ed7 D\u00e2y D\u00e0i 2M \/ 5m Kawasan \u2013 Ti\u1ec7n L\u1ee3i G\u1ea5p B\u1ed9i, An To\u00e0n M\u1ed7i Ng\u00e0y"},"content":{"rendered":"<p>B\u1ea1n \u0111ang t\u00ecm ki\u1ebfm m\u1ed9t \u1ed5 c\u1eafm <strong>v\u1eeba g\u1ecdn \u2013 v\u1eeba b\u1ec1n \u2013 v\u1eeba ti\u1ec7n<\/strong> cho kh\u00f4ng gian nhi\u1ec1u thi\u1ebft b\u1ecb nh\u01b0 <strong>ph\u00f2ng h\u1ecdp, ph\u00f2ng game, l\u1edbp h\u1ecdc hay khu v\u1ef1c t\u1ed5 ch\u1ee9c s\u1ef1 ki\u1ec7n<\/strong>?<br \/>\nPower socket <strong>4 l\u1ed7 \u0111a n\u0103ng d\u00e2y d\u00e0i 2 m\u00e9t ho\u1eb7c 5 m\u00e9t Kawasan<\/strong> ch\u00ednh l\u00e0 \u201cc\u00e1nh tay n\u1ed1i d\u00e0i\u201d l\u00fd t\u01b0\u1edfng \u0111\u1ec3 k\u1ebft n\u1ed1i m\u1ecdi thi\u1ebft b\u1ecb \u0111i\u1ec7n trong t\u1ea7m tay, <strong>\u0111\u1ea3m b\u1ea3o an to\u00e0n, ti\u1ebft ki\u1ec7m v\u00e0 chuy\u00ean nghi\u1ec7p<\/strong>.<\/p>\n<h2><span class=\"ez-toc-section\" id=\"DAC_DIEM_NOI_BAT\"><\/span><strong>\u0110\u1eb6C \u0110I\u1ec2M N\u1ed4I B\u1eacT<\/strong><span class=\"ez-toc-section-end\"><\/span><\/h2><div id=\"ez-toc-container\" class=\"ez-toc-v2_0_69_1 counter-hierarchy ez-toc-counter ez-toc-grey ez-toc-container-direction\">\n<div class=\"ez-toc-title-container\">\n<p class=\"ez-toc-title\" >N\u1ed9i Dung B&agrave;i Vi\u1ebft<\/p>\n<span class=\"ez-toc-title-toggle\"><a href=\"#\" class=\"ez-toc-pull-right ez-toc-btn ez-toc-btn-xs ez-toc-btn-default ez-toc-toggle\" aria-label=\"Toggle Table of Content\"><span class=\"ez-toc-js-icon-con\"><span class=\"\"><span class=\"eztoc-hide\" style=\"display:none;\">Toggle<\/span><span class=\"ez-toc-icon-toggle-span\"><svg style=\"fill: #999;color:#999\" xmlns=\"http:\/\/www.w3.org\/2000\/svg\" class=\"list-377408\" width=\"20px\" height=\"20px\" viewbox=\"0 0 24 24\" fill=\"none\"><path d=\"M6 6H4v2h2V6zm14 0H8v2h12V6zM4 11h2v2H4v-2zm16 0H8v2h12v-2zM4 16h2v2H4v-2zm16 0H8v2h12v-2z\" fill=\"currentColor\"><\/path><\/svg><svg style=\"fill: #999;color:#999\" class=\"arrow-unsorted-368013\" xmlns=\"http:\/\/www.w3.org\/2000\/svg\" width=\"10px\" height=\"10px\" viewbox=\"0 0 24 24\" version=\"1.2\" baseprofile=\"tiny\"><path d=\"M18.2 9.3l-6.2-6.3-6.2 6.3c-.2.2-.3.4-.3.7s.1.5.3.7c.2.2.4.3.7.3h11c.3 0 .5-.1.7-.3.2-.2.3-.5.3-.7s-.1-.5-.3-.7zM5.8 14.7l6.2 6.3 6.2-6.3c.2-.2.3-.5.3-.7s-.1-.5-.3-.7c-.2-.2-.4-.3-.7-.3h-11c-.3 0-.5.1-.7.3-.2.2-.3.5-.3.7s.1.5.3.7z\"\/><\/svg><\/span><\/span><\/span><\/a><\/span><\/div>\n<nav><ul class='ez-toc-list ez-toc-list-level-1 eztoc-toggle-hide-by-default' ><li class='ez-toc-page-1 ez-toc-heading-level-2'><a class=\"ez-toc-link ez-toc-heading-1\" href=\"https:\/\/kawasan.vn\/en\/product\/o-cam-dien-4-lo-day-dai-2m-5m-kawasan-tien-loi-gap-boi-an-toan-moi-ngay\/#DAC_DIEM_NOI_BAT\" title=\"\u0110\u1eb6C \u0110I\u1ec2M N\u1ed4I B\u1eacT\">\u0110\u1eb6C \u0110I\u1ec2M N\u1ed4I B\u1eacT<\/a><\/li><li class='ez-toc-page-1 ez-toc-heading-level-2'><a class=\"ez-toc-link ez-toc-heading-2\" href=\"https:\/\/kawasan.vn\/en\/product\/o-cam-dien-4-lo-day-dai-2m-5m-kawasan-tien-loi-gap-boi-an-toan-moi-ngay\/#UNG_DUNG_DA_NANG\" title=\"\u1ee8NG D\u1ee4NG \u0110A N\u0102NG\">\u1ee8NG D\u1ee4NG \u0110A N\u0102NG<\/a><\/li><li class='ez-toc-page-1 ez-toc-heading-level-2'><a class=\"ez-toc-link ez-toc-heading-3\" href=\"https:\/\/kawasan.vn\/en\/product\/o-cam-dien-4-lo-day-dai-2m-5m-kawasan-tien-loi-gap-boi-an-toan-moi-ngay\/#LOI_ICH_KHI_SU_DUNG\" title=\"L\u1ee2I \u00cdCH KHI S\u1eec D\u1ee4NG\">L\u1ee2I \u00cdCH KHI S\u1eec D\u1ee4NG<\/a><\/li><li class='ez-toc-page-1 ez-toc-heading-level-2'><a class=\"ez-toc-link ez-toc-heading-4\" href=\"https:\/\/kawasan.vn\/en\/product\/o-cam-dien-4-lo-day-dai-2m-5m-kawasan-tien-loi-gap-boi-an-toan-moi-ngay\/#THONG_SO_KY_THUAT\" title=\"TH\u00d4NG S\u1ed0 K\u1ef8 THU\u1eacT\">TH\u00d4NG S\u1ed0 K\u1ef8 THU\u1eacT<\/a><\/li><li class='ez-toc-page-1 ez-toc-heading-level-2'><a class=\"ez-toc-link ez-toc-heading-5\" href=\"https:\/\/kawasan.vn\/en\/product\/o-cam-dien-4-lo-day-dai-2m-5m-kawasan-tien-loi-gap-boi-an-toan-moi-ngay\/#CAM_KET_TU_KAWASAN\" title=\"CAM K\u1ebeT T\u1eea KAWASAN\">CAM K\u1ebeT T\u1eea KAWASAN<\/a><\/li><\/ul><\/nav><\/div>\n\n<ul>\n<li><strong>4 l\u1ed7 c\u1eafm \u0111a n\u0103ng<\/strong>: H\u1ed7 tr\u1ee3 h\u1ea7u h\u1ebft c\u00e1c lo\u1ea1i ph\u00edch c\u1eafm (2 ch\u1ea5u, 3 ch\u1ea5u, d\u1eb9t, tr\u00f2n), s\u1eed d\u1ee5ng \u0111\u1ed3ng th\u1eddi nhi\u1ec1u thi\u1ebft b\u1ecb m\u00e0 kh\u00f4ng c\u1ea7n th\u00eam \u0111\u1ea7u chuy\u1ec3n.<\/li>\n<li><strong>D\u00e2y d\u00e0i 2m \/ 5m linh ho\u1ea1t<\/strong>: Cho ph\u00e9p d\u1ec5 d\u00e0ng b\u1ed1 tr\u00ed \u1ed5 c\u1eafm \u1edf v\u1ecb tr\u00ed t\u1ed1i \u01b0u m\u00e0 kh\u00f4ng b\u1ecb gi\u1edbi h\u1ea1n b\u1edfi kho\u1ea3ng c\u00e1ch ngu\u1ed3n \u0111i\u1ec7n.<\/li>\n<li><strong>D\u00e2y \u0111\u1ed3ng nguy\u00ean ch\u1ea5t 1.25mm\u00b2<\/strong>: D\u1eabn \u0111i\u1ec7n \u1ed5n \u0111\u1ecbnh, <strong>ch\u1ecbu t\u1ea3i l\u00ean \u0111\u1ebfn 3250W<\/strong> \u2013 d\u00f9ng tho\u1ea3i m\u00e1i v\u1edbi nhi\u1ec1u thi\u1ebft b\u1ecb \u0111i\u1ec7n t\u1eed c\u00f4ng su\u1ea5t l\u1edbn.<\/li>\n<li><strong>Ti\u1ebfp \u0111i\u1ec3m b\u1eb1ng \u0111\u1ed3ng + l\u00f2 xo \u0111\u00e0n h\u1ed3i<\/strong>: Gi\u1eef ph\u00edch c\u1eafm ch\u1eafc ch\u1eafn, ch\u1ed1ng ch\u1eadp \u0111i\u1ec7n v\u00e0 ng\u0103n h\u1ed3 quang g\u00e2y ch\u00e1y n\u1ed5.<\/li>\n<li><strong>T\u1ef1 ng\u1eaft khi qu\u00e1 t\u1ea3i<\/strong>: H\u1ec7 th\u1ed1ng b\u1ea3o v\u1ec7 th\u00f4ng minh gi\u00fap \u1ed5 c\u1eafm t\u1ef1 ng\u1eaft khi c\u00f4ng su\u1ea5t v\u01b0\u1ee3t m\u1ee9c an to\u00e0n \u2013 b\u1ea3o v\u1ec7 thi\u1ebft b\u1ecb v\u00e0 ng\u01b0\u1eddi d\u00f9ng.<\/li>\n<li><strong>V\u1ecf nh\u1ef1a ABS ch\u1ed1ng ch\u00e1y cao c\u1ea5p<\/strong>: C\u00e1ch \u0111i\u1ec7n t\u1ed1t, ch\u1ed1ng n\u1ee9t v\u1ee1, gi\u1eef an to\u00e0n tuy\u1ec7t \u0111\u1ed1i khi s\u1eed d\u1ee5ng l\u00e2u d\u00e0i.<\/li>\n<li><strong>L\u1ed7 treo hai \u0111\u1ea7u ti\u1ec7n l\u1ee3i<\/strong>: D\u1ec5 d\u00e0ng c\u1ed1 \u0111\u1ecbnh l\u00ean t\u01b0\u1eddng, b\u00e0n l\u00e0m vi\u1ec7c ho\u1eb7c c\u1ea1nh k\u1ec7 \u2013 g\u1ecdn g\u00e0ng, th\u1ea9m m\u1ef9.<\/li>\n<\/ul>\n<h2><span class=\"ez-toc-section\" id=\"UNG_DUNG_DA_NANG\"><\/span><strong>\u1ee8NG D\u1ee4NG \u0110A N\u0102NG<\/strong><span class=\"ez-toc-section-end\"><\/span><\/h2>\n<ul>\n<li><strong>Ph\u00f2ng game \u2013 cyber net<\/strong>: K\u1ebft n\u1ed1i <strong>m\u00e1y t\u00ednh \u2013 m\u00e0n h\u00ecnh \u2013 tai nghe \u2013 b\u00e0n ph\u00edm c\u01a1 \u2013 loa RGB<\/strong> g\u1ecdn g\u00e0ng.<\/li>\n<\/ul>\n<p><img loading=\"lazy\" decoding=\"async\" class=\"aligncenter wp-image-25629\" src=\"https:\/\/kawasan.vn\/wp-content\/uploads\/2025\/07\/screenshot_1751621480.png\" alt=\"\" width=\"527\" height=\"396\" srcset=\"https:\/\/kawasan.vn\/wp-content\/uploads\/2025\/07\/screenshot_1751621480-463x348.png 463w, https:\/\/kawasan.vn\/wp-content\/uploads\/2025\/07\/screenshot_1751621480-400x300.png 400w\" sizes=\"auto, (max-width: 527px) 100vw, 527px\" \/><\/p>\n<ul>\n<li><strong>Ph\u00f2ng h\u1ecdp \u2013 v\u0103n ph\u00f2ng<\/strong>: C\u1ea5p \u0111i\u1ec7n cho <strong>laptop \u2013 m\u00e1y chi\u1ebfu \u2013 loa \u2013 b\u1ea3ng \u0111i\u1ec7n t\u1eed \u2013 wifi router<\/strong>.<\/li>\n<\/ul>\n<p><img loading=\"lazy\" decoding=\"async\" class=\"aligncenter size-full wp-image-25630\" src=\"https:\/\/kawasan.vn\/wp-content\/uploads\/2025\/07\/screenshot_1751621606.png\" alt=\"\" width=\"496\" height=\"452\" srcset=\"https:\/\/kawasan.vn\/wp-content\/uploads\/2025\/07\/screenshot_1751621606.png 496w, https:\/\/kawasan.vn\/wp-content\/uploads\/2025\/07\/screenshot_1751621606-400x365.png 400w\" sizes=\"auto, (max-width: 496px) 100vw, 496px\" \/><\/p>\n<ul>\n<li><strong>H\u1ed9i th\u1ea3o \u2013 s\u1ef1 ki\u1ec7n \u2013 showroom<\/strong>: S\u1eed d\u1ee5ng cho <strong>\u0111\u00e8n chi\u1ebfu, TV tr\u00ecnh chi\u1ebfu, m\u00e1y in, thi\u1ebft b\u1ecb livestream<\/strong>.<\/li>\n<\/ul>\n<p>&nbsp;<\/p>\n<ul>\n<li><strong>L\u1edbp h\u1ecdc \u2013 \u0111\u00e0o t\u1ea1o \u2013 trung t\u00e2m k\u1ef9 n\u0103ng<\/strong>: C\u1eafm <strong>m\u00e1y t\u00ednh, loa gi\u1ea3ng d\u1ea1y, m\u00e1y chi\u1ebfu, h\u1ec7 th\u1ed1ng chi\u1ebfu s\u00e1ng<\/strong>.<\/li>\n<\/ul>\n<h2><span class=\"ez-toc-section\" id=\"LOI_ICH_KHI_SU_DUNG\"><\/span><strong>L\u1ee2I \u00cdCH KHI S\u1eec D\u1ee4NG<\/strong><span class=\"ez-toc-section-end\"><\/span><\/h2>\n<ul>\n<li><strong>K\u1ebft n\u1ed1i 4 thi\u1ebft b\u1ecb c\u00f9ng l\u00fac<\/strong> \u2013 Kh\u00f4ng c\u1ea7n \u1ed5 chia ph\u1ee5.<\/li>\n<li><strong>An to\u00e0n tuy\u1ec7t \u0111\u1ed1i<\/strong> \u2013 Ch\u1ed1ng qu\u00e1 t\u1ea3i, h\u1ea1n ch\u1ebf nguy c\u01a1 ch\u1eadp ch\u00e1y.<\/li>\n<li><strong>B\u1ec1n ch\u1eafc \u2013 ti\u1ebft ki\u1ec7m chi ph\u00ed thay th\u1ebf trong th\u1eddi gian d\u00e0i<\/strong>.<\/li>\n<li><strong>Thi\u1ebft k\u1ebf g\u1ecdn g\u00e0ng, th\u1ea9m m\u1ef9<\/strong>, d\u1ec5 c\u1ed1 \u0111\u1ecbnh t\u1ea1i m\u1ecdi v\u1ecb tr\u00ed l\u00e0m vi\u1ec7c.<\/li>\n<li><strong>T\u1ed1i \u01b0u h\u00f3a hi\u1ec7u su\u1ea5t l\u00e0m vi\u1ec7c v\u00e0 s\u1ef1 ki\u1ec7n chuy\u00ean nghi\u1ec7p<\/strong>.<\/li>\n<\/ul>\n<h2><span class=\"ez-toc-section\" id=\"THONG_SO_KY_THUAT\"><\/span><strong>TH\u00d4NG S\u1ed0 K\u1ef8 THU\u1eacT<\/strong><span class=\"ez-toc-section-end\"><\/span><\/h2>\n<table>\n<thead>\n<tr>\n<td><strong>Th\u00f4ng tin<\/strong><\/td>\n<td><strong>Chi ti\u1ebft<\/strong><\/td>\n<\/tr>\n<\/thead>\n<tbody>\n<tr>\n<td>Lo\u1ea1i \u1ed5 c\u1eafm<\/td>\n<td>\u1ed4 c\u1eafm 4 l\u1ed7 ch\u1ed1ng qu\u00e1 t\u1ea3i<\/td>\n<\/tr>\n<tr>\n<td>Chi\u1ec1u d\u00e0i d\u00e2y<\/td>\n<td>2 m\u00e9t \/ 5 m\u00e9t<\/td>\n<\/tr>\n<tr>\n<td>C\u00f4ng su\u1ea5t t\u1ed1i \u0111a<\/td>\n<td>3250W<\/td>\n<\/tr>\n<tr>\n<td>D\u00e2y d\u1eabn \u0111i\u1ec7n<\/td>\n<td>\u0110\u1ed3ng nguy\u00ean ch\u1ea5t 100% \u2013 1.25mm\u00b2<\/td>\n<\/tr>\n<tr>\n<td>V\u1ecf ngo\u00e0i<\/td>\n<td>Nh\u1ef1a ABS cao c\u1ea5p, ch\u1ed1ng ch\u00e1y<\/td>\n<\/tr>\n<tr>\n<td>M\u00e0u s\u1eafc<\/td>\n<td>Tr\u1eafng<\/td>\n<\/tr>\n<tr>\n<td>B\u1ea3o h\u00e0nh<\/td>\n<td>24 th\u00e1ng ch\u00ednh h\u00e3ng Kawasan<\/td>\n<\/tr>\n<\/tbody>\n<\/table>\n<h2><span class=\"ez-toc-section\" id=\"CAM_KET_TU_KAWASAN\"><\/span><strong>CAM K\u1ebeT T\u1eea KAWASAN<\/strong><span class=\"ez-toc-section-end\"><\/span><\/h2>\n<ul>\n<li>\u2705 <strong>B\u1ea3o h\u00e0nh 24 th\u00e1ng<\/strong> \u2013 \u0110\u1ed5i m\u1edbi n\u1ebfu l\u1ed7i k\u1ef9 thu\u1eadt trong 30 ng\u00e0y.<\/li>\n<li>\u2705 <strong>S\u1ea3n ph\u1ea9m ch\u00ednh h\u00e3ng 100%<\/strong>, c\u00f3 tem ch\u1ed1ng gi\u1ea3, ki\u1ec3m \u0111\u1ecbnh ch\u1ea5t l\u01b0\u1ee3ng an to\u00e0n.<\/li>\n<li>\u2705 <strong>H\u1ed7 tr\u1ee3 s\u1eeda ch\u1eefa mi\u1ec5n ph\u00ed sau b\u1ea3o h\u00e0nh<\/strong>, n\u1ebfu c\u00f2n kh\u1ea3 n\u0103ng ph\u1ee5c h\u1ed3i linh ki\u1ec7n.<\/li>\n<li>\u2705 <strong>Giao h\u00e0ng nhanh, \u0111\u00f3ng g\u00f3i k\u1ef9<\/strong>, t\u01b0 v\u1ea5n t\u1eadn t\u00e2m to\u00e0n qu\u1ed1c.<\/li>\n<\/ul>\n<p style=\"text-align: center;\"><strong>Thank you for trusting Kawasan products!<\/strong><\/p>\n<p style=\"text-align: center;\"><strong>Toll-Free Consulting Hotline:\u00a0<\/strong><strong>1800 0058<\/strong><\/p>\n<p style=\"text-align: center;\" align=\"center\"><strong>Trang web:\u00a0\u00a0<\/strong><a href=\"https:\/\/kawasan.vn\/en\/\"><strong>www.kawasan.vn<\/strong><\/a><\/p>\n<p style=\"text-align: center;\" align=\"center\"><strong>Trang web:\u00a0\u00a0<\/strong><a href=\"https:\/\/kawaled.com.vn\/\"><strong>www.kawaled.com.vn<\/strong><\/a><\/p>\n<p>&nbsp;<\/p>","protected":false},"excerpt":{"rendered":"<p>B\u1ea1n \u0111ang t\u00ecm ki\u1ebfm m\u1ed9t \u1ed5 c\u1eafm v\u1eeba g\u1ecdn \u2013 v\u1eeba b\u1ec1n \u2013 v\u1eeba ti\u1ec7n cho kh\u00f4ng gian nhi\u1ec1u thi\u1ebft b\u1ecb nh\u01b0 ph\u00f2ng h\u1ecdp, ph\u00f2ng game, l\u1edbp h\u1ecdc hay khu v\u1ef1c t\u1ed5 ch\u1ee9c s\u1ef1 ki\u1ec7n? \u1ed4 c\u1eafm \u0111i\u1ec7n 4 l\u1ed7 \u0111a n\u0103ng d\u00e2y d\u00e0i 2 m\u00e9t ho\u1eb7c 5 m\u00e9t Kawasan ch\u00ednh l\u00e0 \u201cc\u00e1nh tay n\u1ed1i [&hellip;]<\/p>","protected":false},"featured_media":21420,"comment_status":"open","ping_status":"closed","template":"","meta":{"_yoast_wpseo_focuskw":"\u1ed4 C\u1eafm \u0110i\u1ec7n 4 L\u1ed7","_yoast_wpseo_metadesc":"\u1ed4 c\u1eafm \u0111i\u1ec7n 4 l\u1ed7 \u0111a n\u0103ng d\u00e2y d\u00e0i 2 m\u00e9t ho\u1eb7c 5 m\u00e9t Kawasan ch\u00ednh l\u00e0 \u201cc\u00e1nh tay n\u1ed1i d\u00e0i\u201d l\u00fd t\u01b0\u1edfng \u0111\u1ec3 k\u1ebft n\u1ed1i m\u1ecdi thi\u1ebft b\u1ecb \u0111i\u1ec7n trong t\u1ea7m tay, \u0111\u1ea3m b\u1ea3o an to\u00e0n","_yoast_wpseo_focuskeywords":"[{\"keyword\":\"\u1ed5 c\u1eafm ph\u00f2ng h\u1ecdp\",\"score\":69},{\"keyword\":\"\u1ed5 c\u1eafm k\u00e9o d\u00e0i 2m\",\"score\":56}]","_yoast_wpseo_keyword_synonyms":""},"product_cat":[514,515],"product_tag":[],"class_list":["post-25548","product","type-product","status-publish","has-post-thumbnail","hentry","product_cat-o-cam-dien","product_cat-o-cam-dien-dan-dung"],"acf":[],"yoast_head":"<!-- This site is optimized with the Yoast SEO Premium plugin v24.9 (Yoast SEO v24.9) - https:\/\/yoast.com\/wordpress\/plugins\/seo\/ -->\n<title>\u1ed4 C\u1eafm \u0110i\u1ec7n 4 L\u1ed7 D\u00e2y D\u00e0i 2M \/ 5m Kawasan<\/title>\n<meta name=\"description\" content=\"\u1ed4 c\u1eafm \u0111i\u1ec7n 4 l\u1ed7 \u0111a n\u0103ng d\u00e2y d\u00e0i 2 m\u00e9t ho\u1eb7c 5 m\u00e9t Kawasan ch\u00ednh l\u00e0 \u201cc\u00e1nh tay n\u1ed1i d\u00e0i\u201d l\u00fd t\u01b0\u1edfng \u0111\u1ec3 k\u1ebft n\u1ed1i m\u1ecdi thi\u1ebft b\u1ecb \u0111i\u1ec7n trong t\u1ea7m tay, \u0111\u1ea3m b\u1ea3o an to\u00e0n\" \/>\n<meta name=\"robots\" content=\"index, follow, max-snippet:-1, max-image-preview:large, max-video-preview:-1\" \/>\n<link rel=\"canonical\" href=\"https:\/\/kawasan.vn\/en\/product\/o-cam-dien-4-lo-day-dai-2m-5m-kawasan-tien-loi-gap-boi-an-toan-moi-ngay\/\" \/>\n<meta property=\"og:locale\" content=\"en_US\" \/>\n<meta property=\"og:type\" content=\"article\" \/>\n<meta property=\"og:title\" content=\"\u1ed4 C\u1eafm \u0110i\u1ec7n 4 L\u1ed7 D\u00e2y D\u00e0i 2M \/ 5m Kawasan \u2013 Ti\u1ec7n L\u1ee3i G\u1ea5p B\u1ed9i, An To\u00e0n M\u1ed7i Ng\u00e0y\" \/>\n<meta property=\"og:description\" content=\"\u1ed4 c\u1eafm \u0111i\u1ec7n 4 l\u1ed7 \u0111a n\u0103ng d\u00e2y d\u00e0i 2 m\u00e9t ho\u1eb7c 5 m\u00e9t Kawasan ch\u00ednh l\u00e0 \u201cc\u00e1nh tay n\u1ed1i d\u00e0i\u201d l\u00fd t\u01b0\u1edfng \u0111\u1ec3 k\u1ebft n\u1ed1i m\u1ecdi thi\u1ebft b\u1ecb \u0111i\u1ec7n trong t\u1ea7m tay, \u0111\u1ea3m b\u1ea3o an to\u00e0n\" \/>\n<meta property=\"og:url\" content=\"https:\/\/kawasan.vn\/en\/product\/o-cam-dien-4-lo-day-dai-2m-5m-kawasan-tien-loi-gap-boi-an-toan-moi-ngay\/\" \/>\n<meta property=\"og:site_name\" content=\"Kawasan\" \/>\n<meta property=\"article:modified_time\" content=\"2025-12-08T04:31:42+00:00\" \/>\n<meta property=\"og:image\" content=\"https:\/\/kawasan.vn\/wp-content\/uploads\/2024\/03\/o-cam-dien-dan-dung-5m4.jpg\" \/>\n\t<meta property=\"og:image:width\" content=\"1512\" \/>\n\t<meta property=\"og:image:height\" content=\"1512\" \/>\n\t<meta property=\"og:image:type\" content=\"image\/jpeg\" \/>\n<meta name=\"twitter:card\" content=\"summary_large_image\" \/>\n<meta name=\"twitter:label1\" content=\"Est. reading time\" \/>\n\t<meta name=\"twitter:data1\" content=\"4 minutes\" \/>\n<script type=\"application\/ld+json\" class=\"yoast-schema-graph\">{\"@context\":\"https:\/\/schema.org\",\"@graph\":[{\"@type\":\"WebPage\",\"@id\":\"https:\/\/kawasan.vn\/san-pham\/o-cam-dien-4-lo-day-dai-2m-5m-kawasan-tien-loi-gap-boi-an-toan-moi-ngay\/\",\"url\":\"https:\/\/kawasan.vn\/san-pham\/o-cam-dien-4-lo-day-dai-2m-5m-kawasan-tien-loi-gap-boi-an-toan-moi-ngay\/\",\"name\":\"\u1ed4 C\u1eafm \u0110i\u1ec7n 4 L\u1ed7 D\u00e2y D\u00e0i 2M \/ 5m Kawasan\",\"isPartOf\":{\"@id\":\"https:\/\/kawasan.vn\/#website\"},\"primaryImageOfPage\":{\"@id\":\"https:\/\/kawasan.vn\/san-pham\/o-cam-dien-4-lo-day-dai-2m-5m-kawasan-tien-loi-gap-boi-an-toan-moi-ngay\/#primaryimage\"},\"image\":{\"@id\":\"https:\/\/kawasan.vn\/san-pham\/o-cam-dien-4-lo-day-dai-2m-5m-kawasan-tien-loi-gap-boi-an-toan-moi-ngay\/#primaryimage\"},\"thumbnailUrl\":\"https:\/\/kawasan.vn\/wp-content\/uploads\/2024\/03\/o-cam-dien-dan-dung-5m4.jpg\",\"datePublished\":\"2025-07-03T09:29:34+00:00\",\"dateModified\":\"2025-12-08T04:31:42+00:00\",\"description\":\"\u1ed4 c\u1eafm \u0111i\u1ec7n 4 l\u1ed7 \u0111a n\u0103ng d\u00e2y d\u00e0i 2 m\u00e9t ho\u1eb7c 5 m\u00e9t Kawasan ch\u00ednh l\u00e0 \u201cc\u00e1nh tay n\u1ed1i d\u00e0i\u201d l\u00fd t\u01b0\u1edfng \u0111\u1ec3 k\u1ebft n\u1ed1i m\u1ecdi thi\u1ebft b\u1ecb \u0111i\u1ec7n trong t\u1ea7m tay, \u0111\u1ea3m b\u1ea3o an to\u00e0n\",\"breadcrumb\":{\"@id\":\"https:\/\/kawasan.vn\/san-pham\/o-cam-dien-4-lo-day-dai-2m-5m-kawasan-tien-loi-gap-boi-an-toan-moi-ngay\/#breadcrumb\"},\"inLanguage\":\"en-US\",\"potentialAction\":[{\"@type\":\"ReadAction\",\"target\":[\"https:\/\/kawasan.vn\/san-pham\/o-cam-dien-4-lo-day-dai-2m-5m-kawasan-tien-loi-gap-boi-an-toan-moi-ngay\/\"]}]},{\"@type\":\"ImageObject\",\"inLanguage\":\"en-US\",\"@id\":\"https:\/\/kawasan.vn\/san-pham\/o-cam-dien-4-lo-day-dai-2m-5m-kawasan-tien-loi-gap-boi-an-toan-moi-ngay\/#primaryimage\",\"url\":\"https:\/\/kawasan.vn\/wp-content\/uploads\/2024\/03\/o-cam-dien-dan-dung-5m4.jpg\",\"contentUrl\":\"https:\/\/kawasan.vn\/wp-content\/uploads\/2024\/03\/o-cam-dien-dan-dung-5m4.jpg\",\"width\":1512,\"height\":1512},{\"@type\":\"BreadcrumbList\",\"@id\":\"https:\/\/kawasan.vn\/san-pham\/o-cam-dien-4-lo-day-dai-2m-5m-kawasan-tien-loi-gap-boi-an-toan-moi-ngay\/#breadcrumb\",\"itemListElement\":[{\"@type\":\"ListItem\",\"position\":1,\"name\":\"Trang ch\u1ee7\",\"item\":\"https:\/\/kawasan.vn\/\"},{\"@type\":\"ListItem\",\"position\":2,\"name\":\"S\u1ea3n ph\u1ea9m\",\"item\":\"https:\/\/kawasan.vn\/san-pham\/\"},{\"@type\":\"ListItem\",\"position\":3,\"name\":\"\u1ed4 C\u1eafm \u0110i\u1ec7n 4 L\u1ed7 D\u00e2y D\u00e0i 2M \/ 5m Kawasan \u2013 Ti\u1ec7n L\u1ee3i G\u1ea5p B\u1ed9i, An To\u00e0n M\u1ed7i Ng\u00e0y\"}]},{\"@type\":\"WebSite\",\"@id\":\"https:\/\/kawasan.vn\/#website\",\"url\":\"https:\/\/kawasan.vn\/\",\"name\":\"Kawasan\",\"description\":\"\",\"potentialAction\":[{\"@type\":\"SearchAction\",\"target\":{\"@type\":\"EntryPoint\",\"urlTemplate\":\"https:\/\/kawasan.vn\/?s={search_term_string}\"},\"query-input\":{\"@type\":\"PropertyValueSpecification\",\"valueRequired\":true,\"valueName\":\"search_term_string\"}}],\"inLanguage\":\"en-US\"}]}<\/script>\n<!-- \/ Yoast SEO Premium plugin. -->","yoast_head_json":{"title":"\u1ed4 C\u1eafm \u0110i\u1ec7n 4 L\u1ed7 D\u00e2y D\u00e0i 2M \/ 5m Kawasan","description":"\u1ed4 c\u1eafm \u0111i\u1ec7n 4 l\u1ed7 \u0111a n\u0103ng d\u00e2y d\u00e0i 2 m\u00e9t ho\u1eb7c 5 m\u00e9t Kawasan ch\u00ednh l\u00e0 \u201cc\u00e1nh tay n\u1ed1i d\u00e0i\u201d l\u00fd t\u01b0\u1edfng \u0111\u1ec3 k\u1ebft n\u1ed1i m\u1ecdi thi\u1ebft b\u1ecb \u0111i\u1ec7n trong t\u1ea7m tay, \u0111\u1ea3m b\u1ea3o an to\u00e0n","robots":{"index":"index","follow":"follow","max-snippet":"max-snippet:-1","max-image-preview":"max-image-preview:large","max-video-preview":"max-video-preview:-1"},"canonical":"https:\/\/kawasan.vn\/en\/product\/o-cam-dien-4-lo-day-dai-2m-5m-kawasan-tien-loi-gap-boi-an-toan-moi-ngay\/","og_locale":"en_US","og_type":"article","og_title":"\u1ed4 C\u1eafm \u0110i\u1ec7n 4 L\u1ed7 D\u00e2y D\u00e0i 2M \/ 5m Kawasan \u2013 Ti\u1ec7n L\u1ee3i G\u1ea5p B\u1ed9i, An To\u00e0n M\u1ed7i Ng\u00e0y","og_description":"\u1ed4 c\u1eafm \u0111i\u1ec7n 4 l\u1ed7 \u0111a n\u0103ng d\u00e2y d\u00e0i 2 m\u00e9t ho\u1eb7c 5 m\u00e9t Kawasan ch\u00ednh l\u00e0 \u201cc\u00e1nh tay n\u1ed1i d\u00e0i\u201d l\u00fd t\u01b0\u1edfng \u0111\u1ec3 k\u1ebft n\u1ed1i m\u1ecdi thi\u1ebft b\u1ecb \u0111i\u1ec7n trong t\u1ea7m tay, \u0111\u1ea3m b\u1ea3o an to\u00e0n","og_url":"https:\/\/kawasan.vn\/en\/product\/o-cam-dien-4-lo-day-dai-2m-5m-kawasan-tien-loi-gap-boi-an-toan-moi-ngay\/","og_site_name":"Kawasan","article_modified_time":"2025-12-08T04:31:42+00:00","og_image":[{"width":1512,"height":1512,"url":"https:\/\/kawasan.vn\/wp-content\/uploads\/2024\/03\/o-cam-dien-dan-dung-5m4.jpg","type":"image\/jpeg"}],"twitter_card":"summary_large_image","twitter_misc":{"Est. reading time":"4 minutes"},"schema":{"@context":"https:\/\/schema.org","@graph":[{"@type":"WebPage","@id":"https:\/\/kawasan.vn\/san-pham\/o-cam-dien-4-lo-day-dai-2m-5m-kawasan-tien-loi-gap-boi-an-toan-moi-ngay\/","url":"https:\/\/kawasan.vn\/san-pham\/o-cam-dien-4-lo-day-dai-2m-5m-kawasan-tien-loi-gap-boi-an-toan-moi-ngay\/","name":"\u1ed4 C\u1eafm \u0110i\u1ec7n 4 L\u1ed7 D\u00e2y D\u00e0i 2M \/ 5m Kawasan","isPartOf":{"@id":"https:\/\/kawasan.vn\/#website"},"primaryImageOfPage":{"@id":"https:\/\/kawasan.vn\/san-pham\/o-cam-dien-4-lo-day-dai-2m-5m-kawasan-tien-loi-gap-boi-an-toan-moi-ngay\/#primaryimage"},"image":{"@id":"https:\/\/kawasan.vn\/san-pham\/o-cam-dien-4-lo-day-dai-2m-5m-kawasan-tien-loi-gap-boi-an-toan-moi-ngay\/#primaryimage"},"thumbnailUrl":"https:\/\/kawasan.vn\/wp-content\/uploads\/2024\/03\/o-cam-dien-dan-dung-5m4.jpg","datePublished":"2025-07-03T09:29:34+00:00","dateModified":"2025-12-08T04:31:42+00:00","description":"\u1ed4 c\u1eafm \u0111i\u1ec7n 4 l\u1ed7 \u0111a n\u0103ng d\u00e2y d\u00e0i 2 m\u00e9t ho\u1eb7c 5 m\u00e9t Kawasan ch\u00ednh l\u00e0 \u201cc\u00e1nh tay n\u1ed1i d\u00e0i\u201d l\u00fd t\u01b0\u1edfng \u0111\u1ec3 k\u1ebft n\u1ed1i m\u1ecdi thi\u1ebft b\u1ecb \u0111i\u1ec7n trong t\u1ea7m tay, \u0111\u1ea3m b\u1ea3o an to\u00e0n","breadcrumb":{"@id":"https:\/\/kawasan.vn\/san-pham\/o-cam-dien-4-lo-day-dai-2m-5m-kawasan-tien-loi-gap-boi-an-toan-moi-ngay\/#breadcrumb"},"inLanguage":"en-US","potentialAction":[{"@type":"ReadAction","target":["https:\/\/kawasan.vn\/san-pham\/o-cam-dien-4-lo-day-dai-2m-5m-kawasan-tien-loi-gap-boi-an-toan-moi-ngay\/"]}]},{"@type":"ImageObject","inLanguage":"en-US","@id":"https:\/\/kawasan.vn\/san-pham\/o-cam-dien-4-lo-day-dai-2m-5m-kawasan-tien-loi-gap-boi-an-toan-moi-ngay\/#primaryimage","url":"https:\/\/kawasan.vn\/wp-content\/uploads\/2024\/03\/o-cam-dien-dan-dung-5m4.jpg","contentUrl":"https:\/\/kawasan.vn\/wp-content\/uploads\/2024\/03\/o-cam-dien-dan-dung-5m4.jpg","width":1512,"height":1512},{"@type":"BreadcrumbList","@id":"https:\/\/kawasan.vn\/san-pham\/o-cam-dien-4-lo-day-dai-2m-5m-kawasan-tien-loi-gap-boi-an-toan-moi-ngay\/#breadcrumb","itemListElement":[{"@type":"ListItem","position":1,"name":"Trang ch\u1ee7","item":"https:\/\/kawasan.vn\/"},{"@type":"ListItem","position":2,"name":"S\u1ea3n ph\u1ea9m","item":"https:\/\/kawasan.vn\/san-pham\/"},{"@type":"ListItem","position":3,"name":"\u1ed4 C\u1eafm \u0110i\u1ec7n 4 L\u1ed7 D\u00e2y D\u00e0i 2M \/ 5m Kawasan \u2013 Ti\u1ec7n L\u1ee3i G\u1ea5p B\u1ed9i, An To\u00e0n M\u1ed7i Ng\u00e0y"}]},{"@type":"WebSite","@id":"https:\/\/kawasan.vn\/#website","url":"https:\/\/kawasan.vn\/","name":"Kawasan","description":"","potentialAction":[{"@type":"SearchAction","target":{"@type":"EntryPoint","urlTemplate":"https:\/\/kawasan.vn\/?s={search_term_string}"},"query-input":{"@type":"PropertyValueSpecification","valueRequired":true,"valueName":"search_term_string"}}],"inLanguage":"en-US"}]}},"_links":{"self":[{"href":"https:\/\/kawasan.vn\/en\/wp-json\/wp\/v2\/product\/25548","targetHints":{"allow":["GET"]}}],"collection":[{"href":"https:\/\/kawasan.vn\/en\/wp-json\/wp\/v2\/product"}],"about":[{"href":"https:\/\/kawasan.vn\/en\/wp-json\/wp\/v2\/types\/product"}],"replies":[{"embeddable":true,"href":"https:\/\/kawasan.vn\/en\/wp-json\/wp\/v2\/comments?post=25548"}],"version-history":[{"count":5,"href":"https:\/\/kawasan.vn\/en\/wp-json\/wp\/v2\/product\/25548\/revisions"}],"predecessor-version":[{"id":26520,"href":"https:\/\/kawasan.vn\/en\/wp-json\/wp\/v2\/product\/25548\/revisions\/26520"}],"wp:featuredmedia":[{"embeddable":true,"href":"https:\/\/kawasan.vn\/en\/wp-json\/wp\/v2\/media\/21420"}],"wp:attachment":[{"href":"https:\/\/kawasan.vn\/en\/wp-json\/wp\/v2\/media?parent=25548"}],"wp:term":[{"taxonomy":"product_cat","embeddable":true,"href":"https:\/\/kawasan.vn\/en\/wp-json\/wp\/v2\/product_cat?post=25548"},{"taxonomy":"product_tag","embeddable":true,"href":"https:\/\/kawasan.vn\/en\/wp-json\/wp\/v2\/product_tag?post=25548"}],"curies":[{"name":"wp","href":"https:\/\/api.w.org\/{rel}","templated":true}]}}