{"id":25544,"date":"2025-07-03T16:22:01","date_gmt":"2025-07-03T09:22:01","guid":{"rendered":"https:\/\/kawasan.vn\/?post_type=product&#038;p=25544"},"modified":"2025-12-08T11:28:28","modified_gmt":"2025-12-08T04:28:28","slug":"o-cam-dien-3-lo-day-dai-2m-5m-kawasan-dat-chuan-an-toan-sieu-ben-dung-xa-nguon-dien-thoai-mai","status":"publish","type":"product","link":"https:\/\/kawasan.vn\/en\/product\/o-cam-dien-3-lo-day-dai-2m-5m-kawasan-dat-chuan-an-toan-sieu-ben-dung-xa-nguon-dien-thoai-mai\/","title":{"rendered":"\u1ed4 C\u1eafm \u0110i\u1ec7n 3 L\u1ed7 D\u00e2y D\u00e0i 2M, 5M Kawasan \u2013 \u0110\u1ea1t Chu\u1ea9n An To\u00e0n, Si\u00eau B\u1ec1n, D\u00f9ng Xa Ngu\u1ed3n \u0110i\u1ec7n Tho\u1ea3i M\u00e1i"},"content":{"rendered":"<p><strong>\u1ed4 c\u1eafm \u0111i\u1ec7n 3 l\u1ed7 \u0111a n\u0103ng d\u00e2y d\u00e0i 2 m\u00e9t \/ 5 m\u00e9t Kawasan<\/strong> l\u00e0 l\u1ef1a ch\u1ecdn l\u00fd t\u01b0\u1edfng cho nh\u1eefng kh\u00f4ng gian c\u1ea7n k\u00e9o \u0111i\u1ec7n xa nh\u01b0 v\u0103n ph\u00f2ng l\u1edbn, nh\u00e0 x\u01b0\u1edfng, s\u00e2n v\u01b0\u1eddn, ho\u1eb7c nh\u1eefng n\u01a1i kh\u00f4ng c\u00f3 \u1ed5 \u0111i\u1ec7n g\u1ea7n. S\u1ea3n ph\u1ea9m gi\u00fap <strong>k\u1ebft n\u1ed1i ngu\u1ed3n \u0111i\u1ec7n linh ho\u1ea1t, an to\u00e0n tuy\u1ec7t \u0111\u1ed1i<\/strong> v\u00e0 b\u1ec1n b\u1ec9 theo th\u1eddi gian.<\/p>\n<p><img loading=\"lazy\" decoding=\"async\" class=\"aligncenter wp-image-25580\" src=\"https:\/\/kawasan.vn\/wp-content\/uploads\/2025\/07\/screenshot_1751598031.png\" alt=\"\" width=\"650\" height=\"313\" srcset=\"https:\/\/kawasan.vn\/wp-content\/uploads\/2025\/07\/screenshot_1751598031-640x308.png 640w, https:\/\/kawasan.vn\/wp-content\/uploads\/2025\/07\/screenshot_1751598031-400x193.png 400w\" sizes=\"auto, (max-width: 650px) 100vw, 650px\" \/><\/p>\n<h2><span class=\"ez-toc-section\" id=\"DAC_DIEM_NOI_BAT\"><\/span><strong>\u0110\u1eb6C \u0110I\u1ec2M N\u1ed4I B\u1eacT<\/strong><span class=\"ez-toc-section-end\"><\/span><\/h2><div id=\"ez-toc-container\" class=\"ez-toc-v2_0_69_1 counter-hierarchy ez-toc-counter ez-toc-grey ez-toc-container-direction\">\n<div class=\"ez-toc-title-container\">\n<p class=\"ez-toc-title\" >N\u1ed9i Dung B&agrave;i Vi\u1ebft<\/p>\n<span class=\"ez-toc-title-toggle\"><a href=\"#\" class=\"ez-toc-pull-right ez-toc-btn ez-toc-btn-xs ez-toc-btn-default ez-toc-toggle\" aria-label=\"Toggle Table of Content\"><span class=\"ez-toc-js-icon-con\"><span class=\"\"><span class=\"eztoc-hide\" style=\"display:none;\">Toggle<\/span><span class=\"ez-toc-icon-toggle-span\"><svg style=\"fill: #999;color:#999\" xmlns=\"http:\/\/www.w3.org\/2000\/svg\" class=\"list-377408\" width=\"20px\" height=\"20px\" viewbox=\"0 0 24 24\" fill=\"none\"><path d=\"M6 6H4v2h2V6zm14 0H8v2h12V6zM4 11h2v2H4v-2zm16 0H8v2h12v-2zM4 16h2v2H4v-2zm16 0H8v2h12v-2z\" fill=\"currentColor\"><\/path><\/svg><svg style=\"fill: #999;color:#999\" class=\"arrow-unsorted-368013\" xmlns=\"http:\/\/www.w3.org\/2000\/svg\" width=\"10px\" height=\"10px\" viewbox=\"0 0 24 24\" version=\"1.2\" baseprofile=\"tiny\"><path d=\"M18.2 9.3l-6.2-6.3-6.2 6.3c-.2.2-.3.4-.3.7s.1.5.3.7c.2.2.4.3.7.3h11c.3 0 .5-.1.7-.3.2-.2.3-.5.3-.7s-.1-.5-.3-.7zM5.8 14.7l6.2 6.3 6.2-6.3c.2-.2.3-.5.3-.7s-.1-.5-.3-.7c-.2-.2-.4-.3-.7-.3h-11c-.3 0-.5.1-.7.3-.2.2-.3.5-.3.7s.1.5.3.7z\"\/><\/svg><\/span><\/span><\/span><\/a><\/span><\/div>\n<nav><ul class='ez-toc-list ez-toc-list-level-1 eztoc-toggle-hide-by-default' ><li class='ez-toc-page-1 ez-toc-heading-level-2'><a class=\"ez-toc-link ez-toc-heading-1\" href=\"https:\/\/kawasan.vn\/en\/product\/o-cam-dien-3-lo-day-dai-2m-5m-kawasan-dat-chuan-an-toan-sieu-ben-dung-xa-nguon-dien-thoai-mai\/#DAC_DIEM_NOI_BAT\" title=\"\u0110\u1eb6C \u0110I\u1ec2M N\u1ed4I B\u1eacT\">\u0110\u1eb6C \u0110I\u1ec2M N\u1ed4I B\u1eacT<\/a><\/li><li class='ez-toc-page-1 ez-toc-heading-level-2'><a class=\"ez-toc-link ez-toc-heading-2\" href=\"https:\/\/kawasan.vn\/en\/product\/o-cam-dien-3-lo-day-dai-2m-5m-kawasan-dat-chuan-an-toan-sieu-ben-dung-xa-nguon-dien-thoai-mai\/#UNG_DUNG_THUC_TE_CUA_O_CAM_DAY_DAI_5_MET\" title=\"\u1ee8NG D\u1ee4NG TH\u1ef0C T\u1ebe C\u1ee6A \u1ed4 C\u1eaeM D\u00c2Y D\u00c0I 5 M\u00c9T\">\u1ee8NG D\u1ee4NG TH\u1ef0C T\u1ebe C\u1ee6A \u1ed4 C\u1eaeM D\u00c2Y D\u00c0I 5 M\u00c9T<\/a><\/li><li class='ez-toc-page-1 ez-toc-heading-level-2'><a class=\"ez-toc-link ez-toc-heading-3\" href=\"https:\/\/kawasan.vn\/en\/product\/o-cam-dien-3-lo-day-dai-2m-5m-kawasan-dat-chuan-an-toan-sieu-ben-dung-xa-nguon-dien-thoai-mai\/#LOI_ICH_KHI_SU_DUNG\" title=\"L\u1ee2I \u00cdCH KHI S\u1eec D\u1ee4NG:\">L\u1ee2I \u00cdCH KHI S\u1eec D\u1ee4NG:<\/a><\/li><li class='ez-toc-page-1 ez-toc-heading-level-2'><a class=\"ez-toc-link ez-toc-heading-4\" href=\"https:\/\/kawasan.vn\/en\/product\/o-cam-dien-3-lo-day-dai-2m-5m-kawasan-dat-chuan-an-toan-sieu-ben-dung-xa-nguon-dien-thoai-mai\/#THONG_SO_KY_THUAT\" title=\"TH\u00d4NG S\u1ed0 K\u1ef8 THU\u1eacT:\">TH\u00d4NG S\u1ed0 K\u1ef8 THU\u1eacT:<\/a><\/li><li class='ez-toc-page-1 ez-toc-heading-level-2'><a class=\"ez-toc-link ez-toc-heading-5\" href=\"https:\/\/kawasan.vn\/en\/product\/o-cam-dien-3-lo-day-dai-2m-5m-kawasan-dat-chuan-an-toan-sieu-ben-dung-xa-nguon-dien-thoai-mai\/#CAM_KET_TU_KAWASAN\" title=\"CAM K\u1ebeT T\u1eea KAWASAN\">CAM K\u1ebeT T\u1eea KAWASAN<\/a><\/li><\/ul><\/nav><\/div>\n\n<ul>\n<li><strong>3 l\u1ed7 c\u1eafm \u0111a n\u0103ng<\/strong>: T\u01b0\u01a1ng th\u00edch m\u1ecdi lo\u1ea1i ph\u00edch c\u1eafm ph\u1ed5 bi\u1ebfn (2 ch\u1ea5u, 3 ch\u1ea5u, tr\u00f2n, d\u1eb9t).<\/li>\n<li><strong>D\u00e2y d\u00e0i 2 &#8211; 5 m\u00e9t<\/strong>: D\u1ec5 d\u00e0ng c\u1ea5p \u0111i\u1ec7n cho c\u00e1c khu v\u1ef1c xa ngu\u1ed3n \u0111i\u1ec7n, ph\u00f9 h\u1ee3p trong c\u00e1c h\u1ed9i tr\u01b0\u1eddng, studio, nh\u00e0 h\u00e0ng, ti\u1ec7m l\u00e0m t\u00f3c, c\u1eeda h\u00e0ng&#8230;<\/li>\n<li><strong>D\u00e2y \u0111\u1ed3ng nguy\u00ean ch\u1ea5t ti\u1ebft di\u1ec7n 1.25mm\u00b2<\/strong>: \u0110\u1ea3m b\u1ea3o truy\u1ec1n d\u1eabn \u1ed5n \u0111\u1ecbnh, ch\u1ecbu t\u1ea3i \u0111\u1ebfn <strong>3250W<\/strong>, kh\u00f4ng n\u00f3ng ch\u1ea3y d\u00e2y.<\/li>\n<li><strong>Ti\u1ebfp \u0111i\u1ec3m \u0111\u1ed3ng + l\u00f2 xo \u0111\u00e0n h\u1ed3i<\/strong>: Gi\u1eef ch\u1eb7t ph\u00edch c\u1eafm, ch\u1ed1ng l\u1ecfng l\u1ebbo \u2013 h\u1ea1n ch\u1ebf tia l\u1eeda \u0111i\u1ec7n.<\/li>\n<li><strong>T\u1ef1 \u0111\u1ed9ng ng\u1eaft khi qu\u00e1 t\u1ea3i<\/strong>: B\u1ea3o v\u1ec7 thi\u1ebft b\u1ecb, ch\u1ed1ng ch\u1eadp ch\u00e1y, n\u00e2ng cao tu\u1ed5i th\u1ecd s\u1eed d\u1ee5ng.<\/li>\n<li><strong>V\u1ecf ABS cao c\u1ea5p ch\u1ed1ng ch\u00e1y<\/strong>: An to\u00e0n, c\u00e1ch \u0111i\u1ec7n t\u1ed1t, b\u1ec1n m\u00e0u theo th\u1eddi gian.<\/li>\n<li><strong>Thi\u1ebft k\u1ebf ti\u1ec7n l\u1ee3i<\/strong>: C\u00f3 l\u1ed7 treo \u1edf hai \u0111\u1ea7u \u2013 d\u1ec5 c\u1ed1 \u0111\u1ecbnh l\u00ean t\u01b0\u1eddng, b\u00e0n l\u00e0m vi\u1ec7c ho\u1eb7c c\u1ea1nh t\u1ee7.<\/li>\n<\/ul>\n<h2><span class=\"ez-toc-section\" id=\"UNG_DUNG_THUC_TE_CUA_O_CAM_DAY_DAI_5_MET\"><\/span><strong>\u1ee8NG D\u1ee4NG TH\u1ef0C T\u1ebe C\u1ee6A \u1ed4 C\u1eaeM D\u00c2Y D\u00c0I 5 M\u00c9T<\/strong><span class=\"ez-toc-section-end\"><\/span><\/h2>\n<ul>\n<li>C\u1eafm <strong>m\u00e1y t\u00ednh \u0111\u1ec3 b\u00e0n<\/strong>, t\u1ee7 l\u1ea1nh, TV, loa t\u1ea1i c\u00e1c khu v\u1ef1c xa ngu\u1ed3n.<\/li>\n<\/ul>\n<figure id=\"attachment_25584\" aria-describedby=\"caption-attachment-25584\" style=\"width: 478px\" class=\"wp-caption aligncenter\"><img loading=\"lazy\" decoding=\"async\" class=\"wp-image-25584\" src=\"https:\/\/kawasan.vn\/wp-content\/uploads\/2025\/07\/screenshot_1751601353.png\" alt=\"\u0110\u1ec3 v\u1ecb tr\u00ed b\u00e0n TiVi, b\u00e0n l\u00e0m vi\u1ec7c\" width=\"478\" height=\"469\" srcset=\"https:\/\/kawasan.vn\/wp-content\/uploads\/2025\/07\/screenshot_1751601353.png 444w, https:\/\/kawasan.vn\/wp-content\/uploads\/2025\/07\/screenshot_1751601353-400x393.png 400w\" sizes=\"auto, (max-width: 478px) 100vw, 478px\" \/><figcaption id=\"caption-attachment-25584\" class=\"wp-caption-text\">\u0110\u1ec3 v\u1ecb tr\u00ed b\u00e0n TiVi, b\u00e0n l\u00e0m vi\u1ec7c<\/figcaption><\/figure>\n<ul>\n<li>K\u00e9o \u0111i\u1ec7n \u0111\u1ebfn <strong>b\u1ebfp t\u1eeb, l\u00f2 vi s\u00f3ng, n\u1ed3i c\u01a1m \u0111i\u1ec7n<\/strong> trong b\u1ebfp.<\/li>\n<\/ul>\n<figure id=\"attachment_25581\" aria-describedby=\"caption-attachment-25581\" style=\"width: 520px\" class=\"wp-caption aligncenter\"><img loading=\"lazy\" decoding=\"async\" class=\"wp-image-25581 size-full\" src=\"https:\/\/kawasan.vn\/wp-content\/uploads\/2025\/07\/screenshot_1751599267.png\" alt=\"D\u00f9ng cho c\u00e1c thi\u1ebft b\u1ecb nh\u00e0 b\u1ebfp\" width=\"520\" height=\"408\" srcset=\"https:\/\/kawasan.vn\/wp-content\/uploads\/2025\/07\/screenshot_1751599267.png 520w, https:\/\/kawasan.vn\/wp-content\/uploads\/2025\/07\/screenshot_1751599267-400x314.png 400w\" sizes=\"auto, (max-width: 520px) 100vw, 520px\" \/><figcaption id=\"caption-attachment-25581\" class=\"wp-caption-text\">D\u00f9ng cho c\u00e1c thi\u1ebft b\u1ecb nh\u00e0 b\u1ebfp<\/figcaption><\/figure>\n<ul>\n<li>D\u00f9ng cho <strong>qu\u1ea1t c\u00f4ng nghi\u1ec7p, m\u00e1y s\u01b0\u1edfi, m\u00e1y in, m\u00e1y \u00e9p nh\u1ef1a mini<\/strong>.<\/li>\n<\/ul>\n<figure id=\"attachment_25583\" aria-describedby=\"caption-attachment-25583\" style=\"width: 524px\" class=\"wp-caption aligncenter\"><img loading=\"lazy\" decoding=\"async\" class=\"wp-image-25583 size-full\" src=\"https:\/\/kawasan.vn\/wp-content\/uploads\/2025\/07\/screenshot_1751601290.png\" alt=\"\u0110\u1ec3 ph\u00f2ng kh\u00e1ch cho m\u00e1y s\u01b0\u1edfi\" width=\"524\" height=\"439\" srcset=\"https:\/\/kawasan.vn\/wp-content\/uploads\/2025\/07\/screenshot_1751601290.png 524w, https:\/\/kawasan.vn\/wp-content\/uploads\/2025\/07\/screenshot_1751601290-400x335.png 400w\" sizes=\"auto, (max-width: 524px) 100vw, 524px\" \/><figcaption id=\"caption-attachment-25583\" class=\"wp-caption-text\">\u0110\u1ec3 ph\u00f2ng kh\u00e1ch cho m\u00e1y s\u01b0\u1edfi<\/figcaption><\/figure>\n<ul>\n<li><strong>Mang theo khi \u0111i h\u1ed9i ch\u1ee3, thi c\u00f4ng c\u00f4ng tr\u00ecnh, l\u1eafp gian h\u00e0ng s\u1ef1 ki\u1ec7n<\/strong>.<\/li>\n<li>S\u1eed d\u1ee5ng t\u1ea1i <strong>studio ch\u1ee5p \u1ea3nh<\/strong>, l\u1edbp h\u1ecdc k\u1ef9 n\u0103ng, ti\u1ec7m l\u00e0m m\u00f3ng, ti\u1ec7m t\u00f3c.<\/li>\n<\/ul>\n<figure id=\"attachment_25582\" aria-describedby=\"caption-attachment-25582\" style=\"width: 526px\" class=\"wp-caption aligncenter\"><img loading=\"lazy\" decoding=\"async\" class=\"wp-image-25582\" src=\"https:\/\/kawasan.vn\/wp-content\/uploads\/2025\/07\/screenshot_1751600690.png\" alt=\"\u1ee8ng d\u1ee5ng studio\" width=\"526\" height=\"347\" \/><figcaption id=\"caption-attachment-25582\" class=\"wp-caption-text\">\u1ee8ng d\u1ee5ng studio<\/figcaption><\/figure>\n<h2><span class=\"ez-toc-section\" id=\"LOI_ICH_KHI_SU_DUNG\"><\/span><strong>L\u1ee2I \u00cdCH KHI S\u1eec D\u1ee4NG:<\/strong><span class=\"ez-toc-section-end\"><\/span><\/h2>\n<ul>\n<li><strong>An to\u00e0n tuy\u1ec7t \u0111\u1ed1i cho thi\u1ebft b\u1ecb \u0111i\u1ec7n t\u1eed \u0111\u1eaft ti\u1ec1n<\/strong> \u2013 kh\u00f4ng lo ch\u00e1y n\u1ed5.<\/li>\n<li><strong>Linh ho\u1ea1t v\u1ecb tr\u00ed s\u1eed d\u1ee5ng \u0111i\u1ec7n<\/strong> \u2013 kh\u00f4ng c\u1ea7n \u1ed5 c\u1eafm ph\u1ee5 hay d\u00e2y n\u1ed1i.<\/li>\n<li><strong>Gi\u1eef kh\u00f4ng gian g\u1ecdn g\u00e0ng<\/strong>, c\u1ed1 \u0111\u1ecbnh d\u1ec5 d\u00e0ng v\u1edbi thi\u1ebft k\u1ebf l\u1ed7 treo 2 \u0111\u1ea7u.<\/li>\n<li><strong>Ti\u1ebft ki\u1ec7m chi ph\u00ed l\u00e2u d\u00e0i<\/strong> \u2013 b\u1ec1n b\u1ec9, ch\u1ed1ng l\u00e3o h\u00f3a d\u00e2y \u0111i\u1ec7n.<\/li>\n<li><strong>Y\u00ean t\u00e2m khi s\u1eed d\u1ee5ng cho tr\u1ebb nh\u1ecf<\/strong> \u2013 c\u00f3 n\u1eafp che an to\u00e0n.<\/li>\n<\/ul>\n<h2><span class=\"ez-toc-section\" id=\"THONG_SO_KY_THUAT\"><\/span><strong>TH\u00d4NG S\u1ed0 K\u1ef8 THU\u1eacT:<\/strong><span class=\"ez-toc-section-end\"><\/span><\/h2>\n<table>\n<thead>\n<tr>\n<td><strong>Th\u00f4ng tin<\/strong><\/td>\n<td><strong>Chi ti\u1ebft<\/strong><\/td>\n<\/tr>\n<\/thead>\n<tbody>\n<tr>\n<td>Lo\u1ea1i \u1ed5 c\u1eafm<\/td>\n<td>\u1ed4 c\u1eafm 3 l\u1ed7 ch\u1ed1ng qu\u00e1 t\u1ea3i<\/td>\n<\/tr>\n<tr>\n<td>D\u00e2y d\u00e0i<\/td>\n<td>2 m\u00e9t \/ 5 m\u00e9t<\/td>\n<\/tr>\n<tr>\n<td>C\u00f4ng su\u1ea5t ch\u1ecbu t\u1ea3i<\/td>\n<td>T\u1ed1i \u0111a 3250W<\/td>\n<\/tr>\n<tr>\n<td>D\u00e2y d\u1eabn \u0111i\u1ec7n<\/td>\n<td>\u0110\u1ed3ng nguy\u00ean ch\u1ea5t 100% \u2013 1.25mm\u00b2<\/td>\n<\/tr>\n<tr>\n<td>M\u00e0u s\u1eafc<\/td>\n<td>Tr\u1eafng<\/td>\n<\/tr>\n<tr>\n<td>V\u1ecf ngo\u00e0i<\/td>\n<td>Nh\u1ef1a ABS ch\u1ed1ng ch\u00e1y, c\u00e1ch \u0111i\u1ec7n t\u1ed1t<\/td>\n<\/tr>\n<tr>\n<td>B\u1ea3o h\u00e0nh<\/td>\n<td>24 th\u00e1ng ch\u00ednh h\u00e3ng Kawasan<\/td>\n<\/tr>\n<\/tbody>\n<\/table>\n<h2><span class=\"ez-toc-section\" id=\"CAM_KET_TU_KAWASAN\"><\/span><strong>CAM K\u1ebeT T\u1eea KAWASAN<\/strong><span class=\"ez-toc-section-end\"><\/span><\/h2>\n<ul>\n<li>\u2705 <strong>B\u1ea3o h\u00e0nh 24 th\u00e1ng<\/strong>, 1 \u0111\u1ed5i 1 n\u1ebfu l\u1ed7i k\u1ef9 thu\u1eadt trong 30 ng\u00e0y.<\/li>\n<li>\u2705 H\u1ed7 tr\u1ee3 s\u1eeda ch\u1eefa <strong>sau b\u1ea3o h\u00e0nh<\/strong> n\u1ebfu c\u00f2n kh\u1ea3 n\u0103ng ph\u1ee5c h\u1ed3i, kh\u00f4ng t\u00ednh ph\u00ed n\u1ebfu thay th\u1ebf linh ki\u1ec7n nh\u1ecf.<\/li>\n<li>\u2705 S\u1ea3n ph\u1ea9m ch\u00ednh h\u00e3ng 100%, c\u00f3 tem ch\u1ed1ng gi\u1ea3 v\u00e0 phi\u1ebfu b\u1ea3o h\u00e0nh.<\/li>\n<li>\u2705 \u0110\u01b0\u1ee3c ki\u1ec3m \u0111\u1ecbnh ch\u1ea5t l\u01b0\u1ee3ng tr\u01b0\u1edbc khi xu\u1ea5t x\u01b0\u1edfng.<\/li>\n<\/ul>\n<p style=\"text-align: center;\"><strong>Thank you for trusting Kawasan products!<\/strong><\/p>\n<p style=\"text-align: center;\"><strong>Toll-Free Consulting Hotline:\u00a0<\/strong><strong>1800 0058<\/strong><\/p>\n<p style=\"text-align: center;\" align=\"center\"><strong>Trang web:\u00a0\u00a0<\/strong><a href=\"https:\/\/kawasan.vn\/en\/\"><strong>www.kawasan.vn<\/strong><\/a><\/p>\n<p style=\"text-align: center;\" align=\"center\"><strong>Trang web:\u00a0\u00a0<\/strong><a href=\"https:\/\/kawaled.com.vn\/\"><strong>www.kawaled.com.vn<\/strong><\/a><\/p>","protected":false},"excerpt":{"rendered":"<p>\u1ed4 c\u1eafm \u0111i\u1ec7n 3 l\u1ed7 \u0111a n\u0103ng d\u00e2y d\u00e0i 2 m\u00e9t \/ 5 m\u00e9t Kawasan l\u00e0 l\u1ef1a ch\u1ecdn l\u00fd t\u01b0\u1edfng cho nh\u1eefng kh\u00f4ng gian c\u1ea7n k\u00e9o \u0111i\u1ec7n xa nh\u01b0 v\u0103n ph\u00f2ng l\u1edbn, nh\u00e0 x\u01b0\u1edfng, s\u00e2n v\u01b0\u1eddn, ho\u1eb7c nh\u1eefng n\u01a1i kh\u00f4ng c\u00f3 \u1ed5 \u0111i\u1ec7n g\u1ea7n. S\u1ea3n ph\u1ea9m gi\u00fap k\u1ebft n\u1ed1i ngu\u1ed3n \u0111i\u1ec7n linh ho\u1ea1t, an to\u00e0n [&hellip;]<\/p>","protected":false},"featured_media":25549,"comment_status":"open","ping_status":"closed","template":"","meta":{"_yoast_wpseo_focuskw":"\u1ed5 c\u1eafm 3 l\u1ed7","_yoast_wpseo_metadesc":"\u1ed4 c\u1eafm \u0111i\u1ec7n 3 l\u1ed7 \u0111a n\u0103ng d\u00e2y d\u00e0i 2 m\u00e9t \/ 5 m\u00e9t Kawasan l\u00e0 l\u1ef1a ch\u1ecdn l\u00fd t\u01b0\u1edfng cho nh\u1eefng kh\u00f4ng gian c\u1ea7n k\u00e9o \u0111i\u1ec7n xa nh\u01b0 v\u0103n ph\u00f2ng l\u1edbn, nh\u00e0 x\u01b0\u1edfng","_yoast_wpseo_focuskeywords":"","_yoast_wpseo_keyword_synonyms":""},"product_cat":[514,515],"product_tag":[],"class_list":["post-25544","product","type-product","status-publish","has-post-thumbnail","hentry","product_cat-o-cam-dien","product_cat-o-cam-dien-dan-dung"],"acf":[],"yoast_head":"<!-- This site is optimized with the Yoast SEO Premium plugin v24.9 (Yoast SEO v24.9) - https:\/\/yoast.com\/wordpress\/plugins\/seo\/ -->\n<title>\u1ed4 C\u1eafm \u0110i\u1ec7n 3 L\u1ed7 D\u00e2y D\u00e0i 2M, 5M Kawasan \u2013 \u0110\u1ea1t Chu\u1ea9n An To\u00e0n<\/title>\n<meta name=\"description\" content=\"\u1ed4 c\u1eafm \u0111i\u1ec7n 3 l\u1ed7 \u0111a n\u0103ng d\u00e2y d\u00e0i 2 m\u00e9t \/ 5 m\u00e9t Kawasan l\u00e0 l\u1ef1a ch\u1ecdn l\u00fd t\u01b0\u1edfng cho nh\u1eefng kh\u00f4ng gian c\u1ea7n k\u00e9o \u0111i\u1ec7n xa nh\u01b0 v\u0103n ph\u00f2ng l\u1edbn, nh\u00e0 x\u01b0\u1edfng\" \/>\n<meta name=\"robots\" content=\"index, follow, max-snippet:-1, max-image-preview:large, max-video-preview:-1\" \/>\n<link rel=\"canonical\" href=\"https:\/\/kawasan.vn\/en\/product\/o-cam-dien-3-lo-day-dai-2m-5m-kawasan-dat-chuan-an-toan-sieu-ben-dung-xa-nguon-dien-thoai-mai\/\" \/>\n<meta property=\"og:locale\" content=\"en_US\" \/>\n<meta property=\"og:type\" content=\"article\" \/>\n<meta property=\"og:title\" content=\"\u1ed4 C\u1eafm \u0110i\u1ec7n 3 L\u1ed7 D\u00e2y D\u00e0i 2M, 5M Kawasan \u2013 \u0110\u1ea1t Chu\u1ea9n An To\u00e0n, Si\u00eau B\u1ec1n, D\u00f9ng Xa Ngu\u1ed3n \u0110i\u1ec7n Tho\u1ea3i M\u00e1i\" \/>\n<meta property=\"og:description\" content=\"\u1ed4 c\u1eafm \u0111i\u1ec7n 3 l\u1ed7 \u0111a n\u0103ng d\u00e2y d\u00e0i 2 m\u00e9t \/ 5 m\u00e9t Kawasan l\u00e0 l\u1ef1a ch\u1ecdn l\u00fd t\u01b0\u1edfng cho nh\u1eefng kh\u00f4ng gian c\u1ea7n k\u00e9o \u0111i\u1ec7n xa nh\u01b0 v\u0103n ph\u00f2ng l\u1edbn, nh\u00e0 x\u01b0\u1edfng\" \/>\n<meta property=\"og:url\" content=\"https:\/\/kawasan.vn\/en\/product\/o-cam-dien-3-lo-day-dai-2m-5m-kawasan-dat-chuan-an-toan-sieu-ben-dung-xa-nguon-dien-thoai-mai\/\" \/>\n<meta property=\"og:site_name\" content=\"Kawasan\" \/>\n<meta property=\"article:modified_time\" content=\"2025-12-08T04:28:28+00:00\" \/>\n<meta property=\"og:image\" content=\"https:\/\/kawasan.vn\/wp-content\/uploads\/2025\/07\/SG36S-3.png\" \/>\n\t<meta property=\"og:image:width\" content=\"900\" \/>\n\t<meta property=\"og:image:height\" content=\"900\" \/>\n\t<meta property=\"og:image:type\" content=\"image\/png\" \/>\n<meta name=\"twitter:card\" content=\"summary_large_image\" \/>\n<meta name=\"twitter:label1\" content=\"Est. reading time\" \/>\n\t<meta name=\"twitter:data1\" content=\"5 minutes\" \/>\n<script type=\"application\/ld+json\" class=\"yoast-schema-graph\">{\"@context\":\"https:\/\/schema.org\",\"@graph\":[{\"@type\":\"WebPage\",\"@id\":\"https:\/\/kawasan.vn\/san-pham\/o-cam-dien-3-lo-day-dai-2m-5m-kawasan-dat-chuan-an-toan-sieu-ben-dung-xa-nguon-dien-thoai-mai\/\",\"url\":\"https:\/\/kawasan.vn\/san-pham\/o-cam-dien-3-lo-day-dai-2m-5m-kawasan-dat-chuan-an-toan-sieu-ben-dung-xa-nguon-dien-thoai-mai\/\",\"name\":\"\u1ed4 C\u1eafm \u0110i\u1ec7n 3 L\u1ed7 D\u00e2y D\u00e0i 2M, 5M Kawasan \u2013 \u0110\u1ea1t Chu\u1ea9n An To\u00e0n\",\"isPartOf\":{\"@id\":\"https:\/\/kawasan.vn\/#website\"},\"primaryImageOfPage\":{\"@id\":\"https:\/\/kawasan.vn\/san-pham\/o-cam-dien-3-lo-day-dai-2m-5m-kawasan-dat-chuan-an-toan-sieu-ben-dung-xa-nguon-dien-thoai-mai\/#primaryimage\"},\"image\":{\"@id\":\"https:\/\/kawasan.vn\/san-pham\/o-cam-dien-3-lo-day-dai-2m-5m-kawasan-dat-chuan-an-toan-sieu-ben-dung-xa-nguon-dien-thoai-mai\/#primaryimage\"},\"thumbnailUrl\":\"https:\/\/kawasan.vn\/wp-content\/uploads\/2025\/07\/SG36S-3.png\",\"datePublished\":\"2025-07-03T09:22:01+00:00\",\"dateModified\":\"2025-12-08T04:28:28+00:00\",\"description\":\"\u1ed4 c\u1eafm \u0111i\u1ec7n 3 l\u1ed7 \u0111a n\u0103ng d\u00e2y d\u00e0i 2 m\u00e9t \/ 5 m\u00e9t Kawasan l\u00e0 l\u1ef1a ch\u1ecdn l\u00fd t\u01b0\u1edfng cho nh\u1eefng kh\u00f4ng gian c\u1ea7n k\u00e9o \u0111i\u1ec7n xa nh\u01b0 v\u0103n ph\u00f2ng l\u1edbn, nh\u00e0 x\u01b0\u1edfng\",\"breadcrumb\":{\"@id\":\"https:\/\/kawasan.vn\/san-pham\/o-cam-dien-3-lo-day-dai-2m-5m-kawasan-dat-chuan-an-toan-sieu-ben-dung-xa-nguon-dien-thoai-mai\/#breadcrumb\"},\"inLanguage\":\"en-US\",\"potentialAction\":[{\"@type\":\"ReadAction\",\"target\":[\"https:\/\/kawasan.vn\/san-pham\/o-cam-dien-3-lo-day-dai-2m-5m-kawasan-dat-chuan-an-toan-sieu-ben-dung-xa-nguon-dien-thoai-mai\/\"]}]},{\"@type\":\"ImageObject\",\"inLanguage\":\"en-US\",\"@id\":\"https:\/\/kawasan.vn\/san-pham\/o-cam-dien-3-lo-day-dai-2m-5m-kawasan-dat-chuan-an-toan-sieu-ben-dung-xa-nguon-dien-thoai-mai\/#primaryimage\",\"url\":\"https:\/\/kawasan.vn\/wp-content\/uploads\/2025\/07\/SG36S-3.png\",\"contentUrl\":\"https:\/\/kawasan.vn\/wp-content\/uploads\/2025\/07\/SG36S-3.png\",\"width\":900,\"height\":900},{\"@type\":\"BreadcrumbList\",\"@id\":\"https:\/\/kawasan.vn\/san-pham\/o-cam-dien-3-lo-day-dai-2m-5m-kawasan-dat-chuan-an-toan-sieu-ben-dung-xa-nguon-dien-thoai-mai\/#breadcrumb\",\"itemListElement\":[{\"@type\":\"ListItem\",\"position\":1,\"name\":\"Trang ch\u1ee7\",\"item\":\"https:\/\/kawasan.vn\/\"},{\"@type\":\"ListItem\",\"position\":2,\"name\":\"S\u1ea3n ph\u1ea9m\",\"item\":\"https:\/\/kawasan.vn\/san-pham\/\"},{\"@type\":\"ListItem\",\"position\":3,\"name\":\"\u1ed4 C\u1eafm \u0110i\u1ec7n 3 L\u1ed7 D\u00e2y D\u00e0i 2M, 5M Kawasan \u2013 \u0110\u1ea1t Chu\u1ea9n An To\u00e0n, Si\u00eau B\u1ec1n, D\u00f9ng Xa Ngu\u1ed3n \u0110i\u1ec7n Tho\u1ea3i M\u00e1i\"}]},{\"@type\":\"WebSite\",\"@id\":\"https:\/\/kawasan.vn\/#website\",\"url\":\"https:\/\/kawasan.vn\/\",\"name\":\"Kawasan\",\"description\":\"\",\"potentialAction\":[{\"@type\":\"SearchAction\",\"target\":{\"@type\":\"EntryPoint\",\"urlTemplate\":\"https:\/\/kawasan.vn\/?s={search_term_string}\"},\"query-input\":{\"@type\":\"PropertyValueSpecification\",\"valueRequired\":true,\"valueName\":\"search_term_string\"}}],\"inLanguage\":\"en-US\"}]}<\/script>\n<!-- \/ Yoast SEO Premium plugin. -->","yoast_head_json":{"title":"\u1ed4 C\u1eafm \u0110i\u1ec7n 3 L\u1ed7 D\u00e2y D\u00e0i 2M, 5M Kawasan \u2013 \u0110\u1ea1t Chu\u1ea9n An To\u00e0n","description":"\u1ed4 c\u1eafm \u0111i\u1ec7n 3 l\u1ed7 \u0111a n\u0103ng d\u00e2y d\u00e0i 2 m\u00e9t \/ 5 m\u00e9t Kawasan l\u00e0 l\u1ef1a ch\u1ecdn l\u00fd t\u01b0\u1edfng cho nh\u1eefng kh\u00f4ng gian c\u1ea7n k\u00e9o \u0111i\u1ec7n xa nh\u01b0 v\u0103n ph\u00f2ng l\u1edbn, nh\u00e0 x\u01b0\u1edfng","robots":{"index":"index","follow":"follow","max-snippet":"max-snippet:-1","max-image-preview":"max-image-preview:large","max-video-preview":"max-video-preview:-1"},"canonical":"https:\/\/kawasan.vn\/en\/product\/o-cam-dien-3-lo-day-dai-2m-5m-kawasan-dat-chuan-an-toan-sieu-ben-dung-xa-nguon-dien-thoai-mai\/","og_locale":"en_US","og_type":"article","og_title":"\u1ed4 C\u1eafm \u0110i\u1ec7n 3 L\u1ed7 D\u00e2y D\u00e0i 2M, 5M Kawasan \u2013 \u0110\u1ea1t Chu\u1ea9n An To\u00e0n, Si\u00eau B\u1ec1n, D\u00f9ng Xa Ngu\u1ed3n \u0110i\u1ec7n Tho\u1ea3i M\u00e1i","og_description":"\u1ed4 c\u1eafm \u0111i\u1ec7n 3 l\u1ed7 \u0111a n\u0103ng d\u00e2y d\u00e0i 2 m\u00e9t \/ 5 m\u00e9t Kawasan l\u00e0 l\u1ef1a ch\u1ecdn l\u00fd t\u01b0\u1edfng cho nh\u1eefng kh\u00f4ng gian c\u1ea7n k\u00e9o \u0111i\u1ec7n xa nh\u01b0 v\u0103n ph\u00f2ng l\u1edbn, nh\u00e0 x\u01b0\u1edfng","og_url":"https:\/\/kawasan.vn\/en\/product\/o-cam-dien-3-lo-day-dai-2m-5m-kawasan-dat-chuan-an-toan-sieu-ben-dung-xa-nguon-dien-thoai-mai\/","og_site_name":"Kawasan","article_modified_time":"2025-12-08T04:28:28+00:00","og_image":[{"width":900,"height":900,"url":"https:\/\/kawasan.vn\/wp-content\/uploads\/2025\/07\/SG36S-3.png","type":"image\/png"}],"twitter_card":"summary_large_image","twitter_misc":{"Est. reading time":"5 minutes"},"schema":{"@context":"https:\/\/schema.org","@graph":[{"@type":"WebPage","@id":"https:\/\/kawasan.vn\/san-pham\/o-cam-dien-3-lo-day-dai-2m-5m-kawasan-dat-chuan-an-toan-sieu-ben-dung-xa-nguon-dien-thoai-mai\/","url":"https:\/\/kawasan.vn\/san-pham\/o-cam-dien-3-lo-day-dai-2m-5m-kawasan-dat-chuan-an-toan-sieu-ben-dung-xa-nguon-dien-thoai-mai\/","name":"\u1ed4 C\u1eafm \u0110i\u1ec7n 3 L\u1ed7 D\u00e2y D\u00e0i 2M, 5M Kawasan \u2013 \u0110\u1ea1t Chu\u1ea9n An To\u00e0n","isPartOf":{"@id":"https:\/\/kawasan.vn\/#website"},"primaryImageOfPage":{"@id":"https:\/\/kawasan.vn\/san-pham\/o-cam-dien-3-lo-day-dai-2m-5m-kawasan-dat-chuan-an-toan-sieu-ben-dung-xa-nguon-dien-thoai-mai\/#primaryimage"},"image":{"@id":"https:\/\/kawasan.vn\/san-pham\/o-cam-dien-3-lo-day-dai-2m-5m-kawasan-dat-chuan-an-toan-sieu-ben-dung-xa-nguon-dien-thoai-mai\/#primaryimage"},"thumbnailUrl":"https:\/\/kawasan.vn\/wp-content\/uploads\/2025\/07\/SG36S-3.png","datePublished":"2025-07-03T09:22:01+00:00","dateModified":"2025-12-08T04:28:28+00:00","description":"\u1ed4 c\u1eafm \u0111i\u1ec7n 3 l\u1ed7 \u0111a n\u0103ng d\u00e2y d\u00e0i 2 m\u00e9t \/ 5 m\u00e9t Kawasan l\u00e0 l\u1ef1a ch\u1ecdn l\u00fd t\u01b0\u1edfng cho nh\u1eefng kh\u00f4ng gian c\u1ea7n k\u00e9o \u0111i\u1ec7n xa nh\u01b0 v\u0103n ph\u00f2ng l\u1edbn, nh\u00e0 x\u01b0\u1edfng","breadcrumb":{"@id":"https:\/\/kawasan.vn\/san-pham\/o-cam-dien-3-lo-day-dai-2m-5m-kawasan-dat-chuan-an-toan-sieu-ben-dung-xa-nguon-dien-thoai-mai\/#breadcrumb"},"inLanguage":"en-US","potentialAction":[{"@type":"ReadAction","target":["https:\/\/kawasan.vn\/san-pham\/o-cam-dien-3-lo-day-dai-2m-5m-kawasan-dat-chuan-an-toan-sieu-ben-dung-xa-nguon-dien-thoai-mai\/"]}]},{"@type":"ImageObject","inLanguage":"en-US","@id":"https:\/\/kawasan.vn\/san-pham\/o-cam-dien-3-lo-day-dai-2m-5m-kawasan-dat-chuan-an-toan-sieu-ben-dung-xa-nguon-dien-thoai-mai\/#primaryimage","url":"https:\/\/kawasan.vn\/wp-content\/uploads\/2025\/07\/SG36S-3.png","contentUrl":"https:\/\/kawasan.vn\/wp-content\/uploads\/2025\/07\/SG36S-3.png","width":900,"height":900},{"@type":"BreadcrumbList","@id":"https:\/\/kawasan.vn\/san-pham\/o-cam-dien-3-lo-day-dai-2m-5m-kawasan-dat-chuan-an-toan-sieu-ben-dung-xa-nguon-dien-thoai-mai\/#breadcrumb","itemListElement":[{"@type":"ListItem","position":1,"name":"Trang ch\u1ee7","item":"https:\/\/kawasan.vn\/"},{"@type":"ListItem","position":2,"name":"S\u1ea3n ph\u1ea9m","item":"https:\/\/kawasan.vn\/san-pham\/"},{"@type":"ListItem","position":3,"name":"\u1ed4 C\u1eafm \u0110i\u1ec7n 3 L\u1ed7 D\u00e2y D\u00e0i 2M, 5M Kawasan \u2013 \u0110\u1ea1t Chu\u1ea9n An To\u00e0n, Si\u00eau B\u1ec1n, D\u00f9ng Xa Ngu\u1ed3n \u0110i\u1ec7n Tho\u1ea3i M\u00e1i"}]},{"@type":"WebSite","@id":"https:\/\/kawasan.vn\/#website","url":"https:\/\/kawasan.vn\/","name":"Kawasan","description":"","potentialAction":[{"@type":"SearchAction","target":{"@type":"EntryPoint","urlTemplate":"https:\/\/kawasan.vn\/?s={search_term_string}"},"query-input":{"@type":"PropertyValueSpecification","valueRequired":true,"valueName":"search_term_string"}}],"inLanguage":"en-US"}]}},"_links":{"self":[{"href":"https:\/\/kawasan.vn\/en\/wp-json\/wp\/v2\/product\/25544","targetHints":{"allow":["GET"]}}],"collection":[{"href":"https:\/\/kawasan.vn\/en\/wp-json\/wp\/v2\/product"}],"about":[{"href":"https:\/\/kawasan.vn\/en\/wp-json\/wp\/v2\/types\/product"}],"replies":[{"embeddable":true,"href":"https:\/\/kawasan.vn\/en\/wp-json\/wp\/v2\/comments?post=25544"}],"version-history":[{"count":8,"href":"https:\/\/kawasan.vn\/en\/wp-json\/wp\/v2\/product\/25544\/revisions"}],"predecessor-version":[{"id":26521,"href":"https:\/\/kawasan.vn\/en\/wp-json\/wp\/v2\/product\/25544\/revisions\/26521"}],"wp:featuredmedia":[{"embeddable":true,"href":"https:\/\/kawasan.vn\/en\/wp-json\/wp\/v2\/media\/25549"}],"wp:attachment":[{"href":"https:\/\/kawasan.vn\/en\/wp-json\/wp\/v2\/media?parent=25544"}],"wp:term":[{"taxonomy":"product_cat","embeddable":true,"href":"https:\/\/kawasan.vn\/en\/wp-json\/wp\/v2\/product_cat?post=25544"},{"taxonomy":"product_tag","embeddable":true,"href":"https:\/\/kawasan.vn\/en\/wp-json\/wp\/v2\/product_tag?post=25544"}],"curies":[{"name":"wp","href":"https:\/\/api.w.org\/{rel}","templated":true}]}}