{"id":25270,"date":"2025-06-23T16:42:48","date_gmt":"2025-06-23T09:42:48","guid":{"rendered":"https:\/\/kawasan.vn\/?post_type=product&#038;p=25270"},"modified":"2025-10-27T13:51:27","modified_gmt":"2025-10-27T06:51:27","slug":"combo-6-o-cam-dieu-khien-tu-xa-tb01d-1-remote-rm12d-giai-phap-tien-loi-cho-quan-cafe-quan-an","status":"publish","type":"product","link":"https:\/\/kawasan.vn\/en\/product\/combo-6-o-cam-dieu-khien-tu-xa-tb01d-1-remote-rm12d-giai-phap-tien-loi-cho-quan-cafe-quan-an\/","title":{"rendered":"Combo 6 \u1ed4 C\u1eafm \u0110i\u1ec1u Khi\u1ec3n T\u1eeb Xa TB01D + 1 Remote RM12D \u2013 Gi\u1ea3i Ph\u00e1p Ti\u1ec7n L\u1ee3i Cho Qu\u00e1n Cafe, Qu\u00e1n \u0102n"},"content":{"rendered":"<p>\u0110i\u1ec1u Khi\u1ec3n Nhanh \u2013 Ph\u1ee5c V\u1ee5 Chuy\u00ean Nghi\u1ec7p \u2013 Ti\u1ebft Ki\u1ec7m Th\u1eddi Gian<\/p>\n<p>B\u1ea1n \u0111ang t\u00ecm ki\u1ebfm gi\u1ea3i ph\u00e1p b\u1eadt\/t\u1eaft qu\u1ea1t treo t\u01b0\u1eddng cho t\u1eebng b\u00e0n kh\u00e1ch m\u00e0 kh\u00f4ng c\u1ea7n \u0111i l\u1ea1i? Combo 6-12 \u1ed5 c\u1eafm \u0111i\u1ec1u khi\u1ec3n t\u1eeb xa TB01D k\u1ebft h\u1ee3p c\u00f9ng remote 12 n\u00fat RM12D l\u00e0 l\u1ef1a ch\u1ecdn ho\u00e0n h\u1ea3o cho c\u00e1c qu\u00e1n cafe, qu\u00e1n \u0103n hi\u1ec7n \u0111\u1ea1i t\u1ea1i Vi\u1ec7t Nam.<\/p>\n<p><img loading=\"lazy\" decoding=\"async\" class=\"aligncenter wp-image-25271\" src=\"https:\/\/kawasan.vn\/wp-content\/uploads\/2025\/06\/NBH.png\" alt=\"\" width=\"616\" height=\"616\" \/><\/p>\n<ol>\n<li>T\u00ednh N\u0103ng N\u1ed5i B\u1eadt<\/li>\n<\/ol>\n<ul>\n<li>\u0110i\u1ec1u khi\u1ec3n t\u1eeb xa ti\u1ec7n l\u1ee3i: Remote RM12D v\u1edbi anten d\u00e0i cho ph\u00e9p \u0111i\u1ec1u khi\u1ec3n \u1ed5 c\u1eafm TB01D t\u1eeb kho\u1ea3ng c\u00e1ch xa (l\u00ean \u0111\u1ebfn 30\u201350m, t\u00f9y kh\u00f4ng gian).<\/li>\n<li>K\u1ebft n\u1ed1i \u0111\u1ed3ng b\u1ed9: 1 remote RM12D c\u00f3 th\u1ec3 \u0111i\u1ec1u khi\u1ec3n c\u00f9ng l\u00fac 6-12 \u1ed5 c\u1eafm TB01D t\u01b0\u01a1ng \u1ee9ng v\u1edbi 6-12 thi\u1ebft b\u1ecb \u0111\u1ed9c l\u1eadp.<\/li>\n<li>C\u00f4ng su\u1ea5t t\u1ed1i \u0111a m\u1ed7i \u1ed5 c\u1eafm: 500W \u2013 ph\u00f9 h\u1ee3p cho c\u00e1c thi\u1ebft b\u1ecb nh\u01b0 qu\u1ea1t treo t\u01b0\u1eddng, \u0111\u00e8n trang tr\u00ed&#8230;<\/li>\n<li>D\u1ec5 d\u00e0ng l\u1eafp \u0111\u1eb7t: C\u1eafm l\u00e0 d\u00f9ng, kh\u00f4ng c\u1ea7n \u0111i d\u00e2y ph\u1ee9c t\u1ea1p hay khoan \u0111\u1ee5c t\u01b0\u1eddng.<\/li>\n<\/ul>\n<p><img loading=\"lazy\" decoding=\"async\" class=\"aligncenter wp-image-25277\" src=\"https:\/\/kawasan.vn\/wp-content\/uploads\/2025\/06\/TRUNG-TAM-BAO-TROM-BAO-KHOI-THONG-MINH-1.png\" alt=\"\" width=\"406\" height=\"406\" \/><\/p>\n<ol start=\"2\">\n<li>\u1ee8ng D\u1ee5ng Th\u1ef1c T\u1ebf<\/li>\n<\/ol>\n<p>Combo n\u00e0y \u0111\u01b0\u1ee3c thi\u1ebft k\u1ebf t\u1ed1i \u01b0u cho m\u00f4 h\u00ecnh qu\u00e1n \u0103n, qu\u00e1n cafe nh\u1ecf (6 b\u00e0n):<\/p>\n<p><img loading=\"lazy\" decoding=\"async\" class=\"aligncenter wp-image-25288\" src=\"https:\/\/kawasan.vn\/wp-content\/uploads\/2025\/06\/TRUNG-TAM-BAO-TROM-BAO-KHOI-THONG-MINH-3.png\" alt=\"\" width=\"628\" height=\"628\" \/><\/p>\n<p>M\u1ed7i b\u00e0n \u0111\u01b0\u1ee3c l\u1eafp 1 qu\u1ea1t treo t\u01b0\u1eddng \u2013 c\u1eafm v\u00e0o \u1ed5 c\u1eafm TB01D.<br \/>\nKhi kh\u00e1ch \u0111\u1ebfn, nh\u00e2n vi\u00ean ph\u1ee5c v\u1ee5 ch\u1ec9 c\u1ea7n ng\u1ed3i t\u1ea1i qu\u1ea7y, nh\u1ea5n n\u00fat tr\u00ean remote RM12D \u0111\u1ec3 b\u1eadt qu\u1ea1t cho b\u00e0n t\u01b0\u01a1ng \u1ee9ng.<br \/>\nKhi kh\u00e1ch r\u1eddi \u0111i, c\u00f3 th\u1ec3 t\u1eaft ngay b\u1eb1ng 1 thao t\u00e1c duy nh\u1ea5t, kh\u00f4ng c\u1ea7n di chuy\u1ec3n.<br \/>\nTi\u1ebft ki\u1ec7m th\u1eddi gian \u2013 chuy\u00ean nghi\u1ec7p \u2013 ki\u1ec3m so\u00e1t linh ho\u1ea1t.<\/p>\n<ol start=\"3\">\n<li>Th\u00f4ng S\u1ed1 K\u1ef9 Thu\u1eadt<\/li>\n<\/ol>\n<p>\u1ed4 c\u1eafm TB01D:<\/p>\n<ul>\n<li>C\u00f4ng su\u1ea5t t\u1ea3i: 500W<\/li>\n<li>\u0110i\u1ec7n \u00e1p: 220V \u2013 50Hz<\/li>\n<li>T\u1ea7n s\u1ed1 ho\u1ea1t \u0111\u1ed9ng: RF 433MHz<\/li>\n<li>Kho\u1ea3ng c\u00e1ch \u0111i\u1ec1u khi\u1ec3n: l\u00ean \u0111\u1ebfn 30m-100m (kh\u00f4ng v\u1eadt c\u1ea3n)<\/li>\n<\/ul>\n<p>Remote RM12D:<\/p>\n<ul>\n<li>12 n\u00fat \u0111i\u1ec1u khi\u1ec3n ri\u00eang bi\u1ec7t<\/li>\n<li>\u0102ng-ten k\u00e9o d\u00e0i \u2013 gi\u00fap m\u1edf r\u1ed9ng v\u00f9ng ph\u00e1t s\u00f3ng<\/li>\n<li>S\u1eed d\u1ee5ng pin 12V \u2013 d\u1ec5 thay th\u1ebf<\/li>\n<li>Thi\u1ebft k\u1ebf nh\u1ecf g\u1ecdn, ch\u1eafc ch\u1eafn<\/li>\n<\/ul>\n<ol start=\"4\">\n<li>L\u1ee3i \u00cdch Khi S\u1eed D\u1ee5ng Combo<\/li>\n<\/ol>\n<p>Ti\u1ec7n l\u1ee3i: Qu\u1ea3n l\u00fd nhi\u1ec1u thi\u1ebft b\u1ecb c\u00f9ng l\u00fac ch\u1ec9 b\u1eb1ng m\u1ed9t tay \u0111i\u1ec1u khi\u1ec3n<br \/>\nTi\u1ebft ki\u1ec7m \u0111i\u1ec7n: T\u1eaft ngay khi kh\u00e1ch r\u1eddi b\u00e0n, tr\u00e1nh l\u00e3ng ph\u00ed<br \/>\nTh\u1ea9m m\u1ef9: Kh\u00f4ng c\u1ea7n \u0111i d\u00e2y c\u00f4ng t\u1eafc ph\u1ee9c t\u1ea1p<br \/>\nN\u00e2ng t\u1ea7m d\u1ecbch v\u1ee5: Kh\u00e1ch h\u00e0ng s\u1ebd h\u00e0i l\u00f2ng h\u01a1n v\u1edbi s\u1ef1 chuy\u00ean nghi\u1ec7p, chu \u0111\u00e1o<\/p>\n<ol start=\"5\">\n<li>Mua 1 L\u1ea7n \u2013 D\u00f9ng L\u00e2u D\u00e0i<\/li>\n<\/ol>\n<p>S\u1ea3n ph\u1ea9m \u0111\u01b0\u1ee3c s\u1ea3n xu\u1ea5t v\u00e0 ph\u00e2n ph\u1ed1i b\u1edfi Kawasan \u2013 th\u01b0\u01a1ng hi\u1ec7u thi\u1ebft b\u1ecb \u0111i\u1ec7n th\u00f4ng minh h\u00e0ng \u0111\u1ea7u Vi\u1ec7t Nam, c\u00f3 b\u1ea3o h\u00e0nh ch\u00ednh h\u00e3ng v\u00e0 h\u1ed7 tr\u1ee3 k\u1ef9 thu\u1eadt t\u1eadn t\u00ecnh.<\/p>\n<p>\u0110\u1eb7t mua ngay combo 6 \u1ed5 c\u1eafm TB01D + 1 remote RM12D \u0111\u1ec3 n\u00e2ng c\u1ea5p kh\u00f4ng gian qu\u00e1n c\u1ee7a b\u1ea1n l\u00ean m\u1ed9t t\u1ea7m cao m\u1edbi!<\/p>\n<p>Giao h\u00e0ng to\u00e0n qu\u1ed1c \u2013 B\u1ea3o h\u00e0nh ch\u00ednh h\u00e3ng \u2013 H\u1ed7 tr\u1ee3 k\u1ef9 thu\u1eadt 24\/7<\/p>\n<p>Tham kh\u1ea3o s\u1ea3n ph\u1ea9m chi ti\u1ebft t\u1ea1i:<\/p>\n<ul>\n<li>\u1ed4 c\u1eafm TB01D: <a href=\"https:\/\/kawasan.vn\/en\/product\/o-cam-dieu-khien-tu-xa-500w-tb01d\/\">https:\/\/kawasan.vn\/san-pham\/o-cam-dieu-khien-tu-xa-500w-tb01d<\/a><\/li>\n<li>Remote RM12D: <a href=\"https:\/\/kawasan.vn\/en\/product\/remote-dieu-khien-tu-xa-12-nut-anten-dai-rm12d\/\">https:\/\/kawasan.vn\/san-pham\/remote-dieu-khien-tu-xa-12-nut-anten-dai-rm12d<\/a><\/li>\n<\/ul>\n<p>T\u1ea0I SAO N\u00caN CH\u1eccN KAWASAN?<\/p>\n<ul>\n<li><strong>Th\u01b0\u01a1ng hi\u1ec7u h\u00e0ng \u0111\u1ea7u Vi\u1ec7t Nam <\/strong>trong l\u0129nh v\u1ef1c \u0111i\u1ec7n t\u1ef1 \u0111\u1ed9ng, an ninh, an to\u00e0n v\u00e0 \u0111i\u1ec7n th\u00f4ng minh t\u1eeb 2007 v\u00e0 \u0111\u00e8n led d\u00e2n d\u1ee5ng, \u0111\u00e8n n\u0103ng l\u01b0\u1ee3ng m\u1eb7t tr\u1eddi t\u1eeb n\u0103m 2012<\/li>\n<li><strong>\u0110\u1ed9 b\u1ec1n cao, linh ki\u1ec7n ch\u1ecdn l\u1ecdc<\/strong>\u2013 Ho\u1ea1t \u0111\u1ed9ng \u1ed5n \u0111\u1ecbnh c\u1ea3 trong \u0111i\u1ec1u ki\u1ec7n th\u1eddi ti\u1ebft kh\u1eafc nghi\u1ec7t<\/li>\n<li><strong>Ch\u00ednh s\u00e1ch b\u1ea3o h\u00e0nh v\u01b0\u1ee3t tr\u1ed9i<\/strong>\u2013 H\u1ed7 tr\u1ee3 s\u1eeda ch\u1eefa c\u1ea3 sau th\u1eddi gian b\u1ea3o h\u00e0nh n\u1ebfu c\u00f2n kh\u1ea3 n\u0103ng kh\u1eafc ph\u1ee5c<\/li>\n<li><strong>Kawasan hi\u1ec7n c\u00f3 tr\u1ee5 s\u1edf t\u1ea1i HCM, chi nh\u00e1nh t\u1ea1i H\u00e0 N\u1ed9i, \u0110\u00e0 N\u1eb5ng v\u00e0 x\u01b0\u1edfng SX, L\u1eafp r\u00e1p t\u1ea1i Q12. HCM.<\/strong><\/li>\n<li><strong>D\u1ecbch v\u1ee5 h\u1ed7 tr\u1ee3 24\/7<\/strong>, m\u1ea1ng l\u01b0\u1edbi \u0111\u1ea1i l\u00fd ph\u1ee7 kh\u1eafp c\u1ea3 n\u01b0\u1edbc<\/li>\n<\/ul>\n<p><strong>Cam k\u1ebft t\u1eeb Kawasan<\/strong><\/p>\n<p>Kawasan cam k\u1ebft mang \u0111\u1ebfn s\u1ea3n ph\u1ea9m\u00a0<strong>ch\u00ednh h\u00e3ng \u2013 b\u1ec1n b\u1ec9 \u2013 an to\u00e0n<\/strong>, \u0111\u00e1p \u1ee9ng \u0111\u1ea7y \u0111\u1ee7 c\u00e1c ti\u00eau chu\u1ea9n k\u1ef9 thu\u1eadt v\u00e0 y\u00eau c\u1ea7u s\u1eed d\u1ee5ng th\u1ef1c t\u1ebf.<br \/>\nT\u1ea5t c\u1ea3 s\u1ea3n ph\u1ea9m \u0111\u01b0\u1ee3c b\u1ea3o h\u00e0nh\u00a0<strong>mi\u1ec5n ph\u00ed 24 th\u00e1ng<\/strong>, 1 \u0111\u1ed5i 1 trong v\u00f2ng 30 ng\u00e0y n\u1ebfu l\u1ed7i k\u1ef9 thu\u1eadt. Ngo\u00e0i ra, kh\u00e1ch h\u00e0ng c\u00f2n \u0111\u01b0\u1ee3c h\u1ed7 tr\u1ee3 s\u1eeda ch\u1eefa sau khi h\u1ebft th\u1eddi gian b\u1ea3o h\u00e0nh n\u1ebfu s\u1ea3n ph\u1ea9m c\u00f2n kh\u1ea3 n\u0103ng ph\u1ee5c h\u1ed3i,\u00a0<strong>kh\u00f4ng t\u00ednh ph\u00ed<\/strong>\u00a0n\u1ebfu chi ph\u00ed linh ki\u1ec7n thay th\u1ebf kh\u00f4ng \u0111\u00e1ng k\u1ec3.<\/p>\n<p><strong>Kh\u00e1ch h\u00e0ng c\u00f3 th\u1ec3 t\u00ecm mua s\u1ea3n ph\u1ea9m t\u1ea1i c\u00e1c \u0111\u1ea1i l\u00fd thu\u1ed9c <\/strong><a href=\"https:\/\/kawasan.vn\/en\/he-thong-phan-phoi\/\"><strong>H\u1ec6 TH\u1ed0NG PH\u00c2N PH\u1ed0I TO\u00c0N QU\u1ed0C<\/strong><\/a><strong> t\u1ea1i c\u00e1c t\u1ec9nh th\u00e0nh ho\u1eb7c c\u00f3 th\u1ec3 d\u1eb7t h\u00e0ng tr\u00ean website.<\/strong><\/p>\n<p><strong>Mua ch\u00ednh h\u00e3ng t\u1ea1i:<\/strong><\/p>\n<p style=\"text-align: center;\"><strong>Thank you for trusting Kawasan products!<\/strong><\/p>\n<p style=\"text-align: center;\"><strong>Toll-Free Consulting Hotline:\u00a0<\/strong><strong>1800 0058<\/strong><\/p>\n<p style=\"text-align: center;\" align=\"center\"><strong>Trang web:\u00a0\u00a0<\/strong><a href=\"https:\/\/kawasan.vn\/en\/\"><strong>www.kawasan.vn<\/strong><\/a><\/p>\n<p style=\"text-align: center;\" align=\"center\"><strong>Trang web:\u00a0\u00a0<\/strong><a href=\"https:\/\/kawaled.com.vn\/\"><strong>www.kawaled.com.vn<\/strong><\/a><\/p>","protected":false},"excerpt":{"rendered":"<p>\u0110i\u1ec1u Khi\u1ec3n Nhanh \u2013 Ph\u1ee5c V\u1ee5 Chuy\u00ean Nghi\u1ec7p \u2013 Ti\u1ebft Ki\u1ec7m Th\u1eddi Gian B\u1ea1n \u0111ang t\u00ecm ki\u1ebfm gi\u1ea3i ph\u00e1p b\u1eadt\/t\u1eaft qu\u1ea1t treo t\u01b0\u1eddng cho t\u1eebng b\u00e0n kh\u00e1ch m\u00e0 kh\u00f4ng c\u1ea7n \u0111i l\u1ea1i? Combo 6-12 \u1ed5 c\u1eafm \u0111i\u1ec1u khi\u1ec3n t\u1eeb xa TB01D k\u1ebft h\u1ee3p c\u00f9ng remote 12 n\u00fat RM12D l\u00e0 l\u1ef1a ch\u1ecdn ho\u00e0n h\u1ea3o cho c\u00e1c [&hellip;]<\/p>","protected":false},"featured_media":25271,"comment_status":"open","ping_status":"closed","template":"","meta":{"_yoast_wpseo_focuskw":"\u1ed4 C\u1eafm \u0110i\u1ec1u Khi\u1ec3n T\u1eeb Xa","_yoast_wpseo_metadesc":"Combo 6-12 \u1ed5 c\u1eafm \u0111i\u1ec1u khi\u1ec3n t\u1eeb xa TB01D k\u1ebft h\u1ee3p c\u00f9ng remote 12 n\u00fat RM12D l\u00e0 l\u1ef1a ch\u1ecdn ho\u00e0n h\u1ea3o cho c\u00e1c qu\u00e1n cafe, qu\u00e1n \u0103n hi\u1ec7n \u0111\u1ea1i t\u1ea1i Vi\u1ec7t Nam.","_yoast_wpseo_focuskeywords":"","_yoast_wpseo_keyword_synonyms":""},"product_cat":[15],"product_tag":[],"class_list":["post-25270","product","type-product","status-publish","has-post-thumbnail","hentry","product_cat-cong-tac-cam-ung-chuyen-dong"],"acf":[],"yoast_head":"<!-- This site is optimized with the Yoast SEO Premium plugin v24.9 (Yoast SEO v24.9) - https:\/\/yoast.com\/wordpress\/plugins\/seo\/ -->\n<title>Combo 6 \u1ed4 C\u1eafm \u0110i\u1ec1u Khi\u1ec3n T\u1eeb Xa TB01D + 1 Remote RM12D<\/title>\n<meta name=\"description\" content=\"Combo 6-12 \u1ed5 c\u1eafm \u0111i\u1ec1u khi\u1ec3n t\u1eeb xa TB01D k\u1ebft h\u1ee3p c\u00f9ng remote 12 n\u00fat RM12D l\u00e0 l\u1ef1a ch\u1ecdn ho\u00e0n h\u1ea3o cho c\u00e1c qu\u00e1n cafe, qu\u00e1n \u0103n hi\u1ec7n \u0111\u1ea1i t\u1ea1i Vi\u1ec7t Nam.\" \/>\n<meta name=\"robots\" content=\"index, follow, max-snippet:-1, max-image-preview:large, max-video-preview:-1\" \/>\n<link rel=\"canonical\" href=\"https:\/\/kawasan.vn\/en\/product\/combo-6-o-cam-dieu-khien-tu-xa-tb01d-1-remote-rm12d-giai-phap-tien-loi-cho-quan-cafe-quan-an\/\" \/>\n<meta property=\"og:locale\" content=\"en_US\" \/>\n<meta property=\"og:type\" content=\"article\" \/>\n<meta property=\"og:title\" content=\"Combo 6 \u1ed4 C\u1eafm \u0110i\u1ec1u Khi\u1ec3n T\u1eeb Xa TB01D + 1 Remote RM12D \u2013 Gi\u1ea3i Ph\u00e1p Ti\u1ec7n L\u1ee3i Cho Qu\u00e1n Cafe, Qu\u00e1n \u0102n\" \/>\n<meta property=\"og:description\" content=\"Combo 6-12 \u1ed5 c\u1eafm \u0111i\u1ec1u khi\u1ec3n t\u1eeb xa TB01D k\u1ebft h\u1ee3p c\u00f9ng remote 12 n\u00fat RM12D l\u00e0 l\u1ef1a ch\u1ecdn ho\u00e0n h\u1ea3o cho c\u00e1c qu\u00e1n cafe, qu\u00e1n \u0103n hi\u1ec7n \u0111\u1ea1i t\u1ea1i Vi\u1ec7t Nam.\" \/>\n<meta property=\"og:url\" content=\"https:\/\/kawasan.vn\/en\/product\/combo-6-o-cam-dieu-khien-tu-xa-tb01d-1-remote-rm12d-giai-phap-tien-loi-cho-quan-cafe-quan-an\/\" \/>\n<meta property=\"og:site_name\" content=\"Kawasan\" \/>\n<meta property=\"article:modified_time\" content=\"2025-10-27T06:51:27+00:00\" \/>\n<meta property=\"og:image\" content=\"https:\/\/kawasan.vn\/wp-content\/uploads\/2025\/06\/NBH.png\" \/>\n\t<meta property=\"og:image:width\" content=\"900\" \/>\n\t<meta property=\"og:image:height\" content=\"900\" \/>\n\t<meta property=\"og:image:type\" content=\"image\/png\" \/>\n<meta name=\"twitter:card\" content=\"summary_large_image\" \/>\n<meta name=\"twitter:label1\" content=\"Est. reading time\" \/>\n\t<meta name=\"twitter:data1\" content=\"5 minutes\" \/>\n<script type=\"application\/ld+json\" class=\"yoast-schema-graph\">{\"@context\":\"https:\/\/schema.org\",\"@graph\":[{\"@type\":\"WebPage\",\"@id\":\"https:\/\/kawasan.vn\/san-pham\/combo-6-o-cam-dieu-khien-tu-xa-tb01d-1-remote-rm12d-giai-phap-tien-loi-cho-quan-cafe-quan-an\/\",\"url\":\"https:\/\/kawasan.vn\/san-pham\/combo-6-o-cam-dieu-khien-tu-xa-tb01d-1-remote-rm12d-giai-phap-tien-loi-cho-quan-cafe-quan-an\/\",\"name\":\"Combo 6 \u1ed4 C\u1eafm \u0110i\u1ec1u Khi\u1ec3n T\u1eeb Xa TB01D + 1 Remote RM12D\",\"isPartOf\":{\"@id\":\"https:\/\/kawasan.vn\/#website\"},\"primaryImageOfPage\":{\"@id\":\"https:\/\/kawasan.vn\/san-pham\/combo-6-o-cam-dieu-khien-tu-xa-tb01d-1-remote-rm12d-giai-phap-tien-loi-cho-quan-cafe-quan-an\/#primaryimage\"},\"image\":{\"@id\":\"https:\/\/kawasan.vn\/san-pham\/combo-6-o-cam-dieu-khien-tu-xa-tb01d-1-remote-rm12d-giai-phap-tien-loi-cho-quan-cafe-quan-an\/#primaryimage\"},\"thumbnailUrl\":\"https:\/\/kawasan.vn\/wp-content\/uploads\/2025\/06\/NBH.png\",\"datePublished\":\"2025-06-23T09:42:48+00:00\",\"dateModified\":\"2025-10-27T06:51:27+00:00\",\"description\":\"Combo 6-12 \u1ed5 c\u1eafm \u0111i\u1ec1u khi\u1ec3n t\u1eeb xa TB01D k\u1ebft h\u1ee3p c\u00f9ng remote 12 n\u00fat RM12D l\u00e0 l\u1ef1a ch\u1ecdn ho\u00e0n h\u1ea3o cho c\u00e1c qu\u00e1n cafe, qu\u00e1n \u0103n hi\u1ec7n \u0111\u1ea1i t\u1ea1i Vi\u1ec7t Nam.\",\"breadcrumb\":{\"@id\":\"https:\/\/kawasan.vn\/san-pham\/combo-6-o-cam-dieu-khien-tu-xa-tb01d-1-remote-rm12d-giai-phap-tien-loi-cho-quan-cafe-quan-an\/#breadcrumb\"},\"inLanguage\":\"en-US\",\"potentialAction\":[{\"@type\":\"ReadAction\",\"target\":[\"https:\/\/kawasan.vn\/san-pham\/combo-6-o-cam-dieu-khien-tu-xa-tb01d-1-remote-rm12d-giai-phap-tien-loi-cho-quan-cafe-quan-an\/\"]}]},{\"@type\":\"ImageObject\",\"inLanguage\":\"en-US\",\"@id\":\"https:\/\/kawasan.vn\/san-pham\/combo-6-o-cam-dieu-khien-tu-xa-tb01d-1-remote-rm12d-giai-phap-tien-loi-cho-quan-cafe-quan-an\/#primaryimage\",\"url\":\"https:\/\/kawasan.vn\/wp-content\/uploads\/2025\/06\/NBH.png\",\"contentUrl\":\"https:\/\/kawasan.vn\/wp-content\/uploads\/2025\/06\/NBH.png\",\"width\":900,\"height\":900},{\"@type\":\"BreadcrumbList\",\"@id\":\"https:\/\/kawasan.vn\/san-pham\/combo-6-o-cam-dieu-khien-tu-xa-tb01d-1-remote-rm12d-giai-phap-tien-loi-cho-quan-cafe-quan-an\/#breadcrumb\",\"itemListElement\":[{\"@type\":\"ListItem\",\"position\":1,\"name\":\"Trang ch\u1ee7\",\"item\":\"https:\/\/kawasan.vn\/\"},{\"@type\":\"ListItem\",\"position\":2,\"name\":\"S\u1ea3n ph\u1ea9m\",\"item\":\"https:\/\/kawasan.vn\/san-pham\/\"},{\"@type\":\"ListItem\",\"position\":3,\"name\":\"Combo 6 \u1ed4 C\u1eafm \u0110i\u1ec1u Khi\u1ec3n T\u1eeb Xa TB01D + 1 Remote RM12D \u2013 Gi\u1ea3i Ph\u00e1p Ti\u1ec7n L\u1ee3i Cho Qu\u00e1n Cafe, Qu\u00e1n \u0102n\"}]},{\"@type\":\"WebSite\",\"@id\":\"https:\/\/kawasan.vn\/#website\",\"url\":\"https:\/\/kawasan.vn\/\",\"name\":\"Kawasan\",\"description\":\"\",\"potentialAction\":[{\"@type\":\"SearchAction\",\"target\":{\"@type\":\"EntryPoint\",\"urlTemplate\":\"https:\/\/kawasan.vn\/?s={search_term_string}\"},\"query-input\":{\"@type\":\"PropertyValueSpecification\",\"valueRequired\":true,\"valueName\":\"search_term_string\"}}],\"inLanguage\":\"en-US\"}]}<\/script>\n<!-- \/ Yoast SEO Premium plugin. -->","yoast_head_json":{"title":"Combo 6 \u1ed4 C\u1eafm \u0110i\u1ec1u Khi\u1ec3n T\u1eeb Xa TB01D + 1 Remote RM12D","description":"Combo 6-12 \u1ed5 c\u1eafm \u0111i\u1ec1u khi\u1ec3n t\u1eeb xa TB01D k\u1ebft h\u1ee3p c\u00f9ng remote 12 n\u00fat RM12D l\u00e0 l\u1ef1a ch\u1ecdn ho\u00e0n h\u1ea3o cho c\u00e1c qu\u00e1n cafe, qu\u00e1n \u0103n hi\u1ec7n \u0111\u1ea1i t\u1ea1i Vi\u1ec7t Nam.","robots":{"index":"index","follow":"follow","max-snippet":"max-snippet:-1","max-image-preview":"max-image-preview:large","max-video-preview":"max-video-preview:-1"},"canonical":"https:\/\/kawasan.vn\/en\/product\/combo-6-o-cam-dieu-khien-tu-xa-tb01d-1-remote-rm12d-giai-phap-tien-loi-cho-quan-cafe-quan-an\/","og_locale":"en_US","og_type":"article","og_title":"Combo 6 \u1ed4 C\u1eafm \u0110i\u1ec1u Khi\u1ec3n T\u1eeb Xa TB01D + 1 Remote RM12D \u2013 Gi\u1ea3i Ph\u00e1p Ti\u1ec7n L\u1ee3i Cho Qu\u00e1n Cafe, Qu\u00e1n \u0102n","og_description":"Combo 6-12 \u1ed5 c\u1eafm \u0111i\u1ec1u khi\u1ec3n t\u1eeb xa TB01D k\u1ebft h\u1ee3p c\u00f9ng remote 12 n\u00fat RM12D l\u00e0 l\u1ef1a ch\u1ecdn ho\u00e0n h\u1ea3o cho c\u00e1c qu\u00e1n cafe, qu\u00e1n \u0103n hi\u1ec7n \u0111\u1ea1i t\u1ea1i Vi\u1ec7t Nam.","og_url":"https:\/\/kawasan.vn\/en\/product\/combo-6-o-cam-dieu-khien-tu-xa-tb01d-1-remote-rm12d-giai-phap-tien-loi-cho-quan-cafe-quan-an\/","og_site_name":"Kawasan","article_modified_time":"2025-10-27T06:51:27+00:00","og_image":[{"width":900,"height":900,"url":"https:\/\/kawasan.vn\/wp-content\/uploads\/2025\/06\/NBH.png","type":"image\/png"}],"twitter_card":"summary_large_image","twitter_misc":{"Est. reading time":"5 minutes"},"schema":{"@context":"https:\/\/schema.org","@graph":[{"@type":"WebPage","@id":"https:\/\/kawasan.vn\/san-pham\/combo-6-o-cam-dieu-khien-tu-xa-tb01d-1-remote-rm12d-giai-phap-tien-loi-cho-quan-cafe-quan-an\/","url":"https:\/\/kawasan.vn\/san-pham\/combo-6-o-cam-dieu-khien-tu-xa-tb01d-1-remote-rm12d-giai-phap-tien-loi-cho-quan-cafe-quan-an\/","name":"Combo 6 \u1ed4 C\u1eafm \u0110i\u1ec1u Khi\u1ec3n T\u1eeb Xa TB01D + 1 Remote RM12D","isPartOf":{"@id":"https:\/\/kawasan.vn\/#website"},"primaryImageOfPage":{"@id":"https:\/\/kawasan.vn\/san-pham\/combo-6-o-cam-dieu-khien-tu-xa-tb01d-1-remote-rm12d-giai-phap-tien-loi-cho-quan-cafe-quan-an\/#primaryimage"},"image":{"@id":"https:\/\/kawasan.vn\/san-pham\/combo-6-o-cam-dieu-khien-tu-xa-tb01d-1-remote-rm12d-giai-phap-tien-loi-cho-quan-cafe-quan-an\/#primaryimage"},"thumbnailUrl":"https:\/\/kawasan.vn\/wp-content\/uploads\/2025\/06\/NBH.png","datePublished":"2025-06-23T09:42:48+00:00","dateModified":"2025-10-27T06:51:27+00:00","description":"Combo 6-12 \u1ed5 c\u1eafm \u0111i\u1ec1u khi\u1ec3n t\u1eeb xa TB01D k\u1ebft h\u1ee3p c\u00f9ng remote 12 n\u00fat RM12D l\u00e0 l\u1ef1a ch\u1ecdn ho\u00e0n h\u1ea3o cho c\u00e1c qu\u00e1n cafe, qu\u00e1n \u0103n hi\u1ec7n \u0111\u1ea1i t\u1ea1i Vi\u1ec7t Nam.","breadcrumb":{"@id":"https:\/\/kawasan.vn\/san-pham\/combo-6-o-cam-dieu-khien-tu-xa-tb01d-1-remote-rm12d-giai-phap-tien-loi-cho-quan-cafe-quan-an\/#breadcrumb"},"inLanguage":"en-US","potentialAction":[{"@type":"ReadAction","target":["https:\/\/kawasan.vn\/san-pham\/combo-6-o-cam-dieu-khien-tu-xa-tb01d-1-remote-rm12d-giai-phap-tien-loi-cho-quan-cafe-quan-an\/"]}]},{"@type":"ImageObject","inLanguage":"en-US","@id":"https:\/\/kawasan.vn\/san-pham\/combo-6-o-cam-dieu-khien-tu-xa-tb01d-1-remote-rm12d-giai-phap-tien-loi-cho-quan-cafe-quan-an\/#primaryimage","url":"https:\/\/kawasan.vn\/wp-content\/uploads\/2025\/06\/NBH.png","contentUrl":"https:\/\/kawasan.vn\/wp-content\/uploads\/2025\/06\/NBH.png","width":900,"height":900},{"@type":"BreadcrumbList","@id":"https:\/\/kawasan.vn\/san-pham\/combo-6-o-cam-dieu-khien-tu-xa-tb01d-1-remote-rm12d-giai-phap-tien-loi-cho-quan-cafe-quan-an\/#breadcrumb","itemListElement":[{"@type":"ListItem","position":1,"name":"Trang ch\u1ee7","item":"https:\/\/kawasan.vn\/"},{"@type":"ListItem","position":2,"name":"S\u1ea3n ph\u1ea9m","item":"https:\/\/kawasan.vn\/san-pham\/"},{"@type":"ListItem","position":3,"name":"Combo 6 \u1ed4 C\u1eafm \u0110i\u1ec1u Khi\u1ec3n T\u1eeb Xa TB01D + 1 Remote RM12D \u2013 Gi\u1ea3i Ph\u00e1p Ti\u1ec7n L\u1ee3i Cho Qu\u00e1n Cafe, Qu\u00e1n \u0102n"}]},{"@type":"WebSite","@id":"https:\/\/kawasan.vn\/#website","url":"https:\/\/kawasan.vn\/","name":"Kawasan","description":"","potentialAction":[{"@type":"SearchAction","target":{"@type":"EntryPoint","urlTemplate":"https:\/\/kawasan.vn\/?s={search_term_string}"},"query-input":{"@type":"PropertyValueSpecification","valueRequired":true,"valueName":"search_term_string"}}],"inLanguage":"en-US"}]}},"_links":{"self":[{"href":"https:\/\/kawasan.vn\/en\/wp-json\/wp\/v2\/product\/25270","targetHints":{"allow":["GET"]}}],"collection":[{"href":"https:\/\/kawasan.vn\/en\/wp-json\/wp\/v2\/product"}],"about":[{"href":"https:\/\/kawasan.vn\/en\/wp-json\/wp\/v2\/types\/product"}],"replies":[{"embeddable":true,"href":"https:\/\/kawasan.vn\/en\/wp-json\/wp\/v2\/comments?post=25270"}],"version-history":[{"count":7,"href":"https:\/\/kawasan.vn\/en\/wp-json\/wp\/v2\/product\/25270\/revisions"}],"predecessor-version":[{"id":26357,"href":"https:\/\/kawasan.vn\/en\/wp-json\/wp\/v2\/product\/25270\/revisions\/26357"}],"wp:featuredmedia":[{"embeddable":true,"href":"https:\/\/kawasan.vn\/en\/wp-json\/wp\/v2\/media\/25271"}],"wp:attachment":[{"href":"https:\/\/kawasan.vn\/en\/wp-json\/wp\/v2\/media?parent=25270"}],"wp:term":[{"taxonomy":"product_cat","embeddable":true,"href":"https:\/\/kawasan.vn\/en\/wp-json\/wp\/v2\/product_cat?post=25270"},{"taxonomy":"product_tag","embeddable":true,"href":"https:\/\/kawasan.vn\/en\/wp-json\/wp\/v2\/product_tag?post=25270"}],"curies":[{"name":"wp","href":"https:\/\/api.w.org\/{rel}","templated":true}]}}