{"id":25119,"date":"2025-06-18T09:54:52","date_gmt":"2025-06-18T02:54:52","guid":{"rendered":"https:\/\/kawasan.vn\/?post_type=product&#038;p=25119"},"modified":"2026-03-20T15:21:57","modified_gmt":"2026-03-20T08:21:57","slug":"cong-tac-dieu-khien-tu-xa-khong-pin","status":"publish","type":"product","link":"https:\/\/kawasan.vn\/en\/product\/cong-tac-dieu-khien-tu-xa-khong-pin\/","title":{"rendered":"C\u00f4ng T\u1eafc \u0110i\u1ec1u Khi\u1ec3n T\u1eeb Xa Kh\u00f4ng D\u00e2y KAWASAN \u2013 N\u00fat Nh\u1ea5n Kh\u00f4ng C\u1ea7n PIN"},"content":{"rendered":"<h2><b>1. Gi\u1edbi thi\u1ec7u s\u1ea3n ph\u1ea9m<\/b><\/h2>\n<p><span style=\"font-weight: 400;\">Trong cu\u1ed9c s\u1ed1ng hi\u1ec7n \u0111\u1ea1i, vi\u1ec7c \u0111i\u1ec1u khi\u1ec3n thi\u1ebft b\u1ecb \u0111i\u1ec7n t\u1eeb xa kh\u00f4ng c\u00f2n l\u00e0 \u0111i\u1ec1u xa l\u1ea1. Tuy nhi\u00ean, v\u1edbi <\/span><b>C\u00f4ng t\u1eafc \u0111i\u1ec1u khi\u1ec3n t\u1eeb xa n\u00fat nh\u1ea5n kh\u00f4ng PIN c\u1ee7a KAWASAN<\/b><span style=\"font-weight: 400;\">, ng\u01b0\u1eddi d\u00f9ng c\u00f2n nh\u1eadn \u0111\u01b0\u1ee3c nhi\u1ec1u l\u1ee3i \u00edch v\u01b0\u1ee3t tr\u1ed9i: <\/span><b>kh\u00f4ng c\u1ea7n thay pin<\/b><span style=\"font-weight: 400;\">, <\/span><b>tu\u1ed5i th\u1ecd cao<\/b><span style=\"font-weight: 400;\">, <\/span><b>l\u1eafp \u0111\u1eb7t d\u1ec5 d\u00e0ng<\/b><span style=\"font-weight: 400;\">, l\u1ea1i <\/span><b>an to\u00e0n v\u00e0 ti\u1ebft ki\u1ec7m \u0111i\u1ec7n<\/b><span style=\"font-weight: 400;\">.<\/span><\/p>\n<p><span style=\"font-weight: 400;\">S\u1ea3n ph\u1ea9m c\u00f3 3 phi\u00ean b\u1ea3n:<\/span><\/p>\n<ul>\n<li style=\"font-weight: 400;\" aria-level=\"1\"><b>C1K \u2013 R1K<\/b><span style=\"font-weight: 400;\">: c\u00f4ng t\u1eafc 1 k\u00eanh, n\u00fat nh\u1ea5n 1 n\u00fat.<\/span><\/li>\n<\/ul>\n<table style=\"height: 52px;\" width=\"513\">\n<tbody>\n<tr>\n<td><img loading=\"lazy\" decoding=\"async\" class=\"aligncenter size-full wp-image-28313\" src=\"https:\/\/kawasan.vn\/wp-content\/uploads\/2025\/06\/C1K-R1K.png\" alt=\"\" width=\"900\" height=\"900\" srcset=\"https:\/\/kawasan.vn\/wp-content\/uploads\/2025\/06\/C1K-R1K.png 900w, https:\/\/kawasan.vn\/wp-content\/uploads\/2025\/06\/C1K-R1K-768x768.png 768w, https:\/\/kawasan.vn\/wp-content\/uploads\/2025\/06\/C1K-R1K-640x640.png 640w, https:\/\/kawasan.vn\/wp-content\/uploads\/2025\/06\/C1K-R1K-400x400.png 400w\" sizes=\"auto, (max-width: 900px) 100vw, 900px\" \/><\/td>\n<td><img loading=\"lazy\" decoding=\"async\" class=\"aligncenter size-full wp-image-28322\" src=\"https:\/\/kawasan.vn\/wp-content\/uploads\/2025\/06\/8.png\" alt=\"\" width=\"900\" height=\"900\" srcset=\"https:\/\/kawasan.vn\/wp-content\/uploads\/2025\/06\/8.png 900w, https:\/\/kawasan.vn\/wp-content\/uploads\/2025\/06\/8-768x768.png 768w, https:\/\/kawasan.vn\/wp-content\/uploads\/2025\/06\/8-640x640.png 640w, https:\/\/kawasan.vn\/wp-content\/uploads\/2025\/06\/8-400x400.png 400w\" sizes=\"auto, (max-width: 900px) 100vw, 900px\" \/><\/td>\n<td><b><img loading=\"lazy\" decoding=\"async\" class=\"aligncenter size-full wp-image-28323\" style=\"font-weight: 400;\" src=\"https:\/\/kawasan.vn\/wp-content\/uploads\/2025\/06\/9.png\" alt=\"\" width=\"900\" height=\"900\" srcset=\"https:\/\/kawasan.vn\/wp-content\/uploads\/2025\/06\/9.png 900w, https:\/\/kawasan.vn\/wp-content\/uploads\/2025\/06\/9-768x768.png 768w, https:\/\/kawasan.vn\/wp-content\/uploads\/2025\/06\/9-640x640.png 640w, https:\/\/kawasan.vn\/wp-content\/uploads\/2025\/06\/9-400x400.png 400w\" sizes=\"auto, (max-width: 900px) 100vw, 900px\" \/><\/b><\/td>\n<\/tr>\n<\/tbody>\n<\/table>\n<ul>\n<li style=\"font-weight: 400;\" aria-level=\"1\"><b>C2K \u2013 R2K<\/b><span style=\"font-weight: 400;\">: c\u00f4ng t\u1eafc 2 k\u00eanh, n\u00fat nh\u1ea5n 2 n\u00fat.<\/span><\/li>\n<\/ul>\n<table style=\"height: 38px;\" width=\"514\">\n<tbody>\n<tr>\n<td><img loading=\"lazy\" decoding=\"async\" class=\"aligncenter size-full wp-image-28314\" src=\"https:\/\/kawasan.vn\/wp-content\/uploads\/2025\/06\/C2K-R2K.png\" alt=\"\" width=\"900\" height=\"900\" srcset=\"https:\/\/kawasan.vn\/wp-content\/uploads\/2025\/06\/C2K-R2K.png 900w, https:\/\/kawasan.vn\/wp-content\/uploads\/2025\/06\/C2K-R2K-768x768.png 768w, https:\/\/kawasan.vn\/wp-content\/uploads\/2025\/06\/C2K-R2K-640x640.png 640w, https:\/\/kawasan.vn\/wp-content\/uploads\/2025\/06\/C2K-R2K-400x400.png 400w\" sizes=\"auto, (max-width: 900px) 100vw, 900px\" \/><\/td>\n<td><img loading=\"lazy\" decoding=\"async\" class=\"aligncenter size-full wp-image-28324\" src=\"https:\/\/kawasan.vn\/wp-content\/uploads\/2025\/06\/C2K-R2K-2.png\" alt=\"\" width=\"900\" height=\"900\" srcset=\"https:\/\/kawasan.vn\/wp-content\/uploads\/2025\/06\/C2K-R2K-2.png 900w, https:\/\/kawasan.vn\/wp-content\/uploads\/2025\/06\/C2K-R2K-2-768x768.png 768w, https:\/\/kawasan.vn\/wp-content\/uploads\/2025\/06\/C2K-R2K-2-640x640.png 640w, https:\/\/kawasan.vn\/wp-content\/uploads\/2025\/06\/C2K-R2K-2-400x400.png 400w\" sizes=\"auto, (max-width: 900px) 100vw, 900px\" \/><\/td>\n<td><img loading=\"lazy\" decoding=\"async\" class=\"aligncenter size-full wp-image-28325\" src=\"https:\/\/kawasan.vn\/wp-content\/uploads\/2025\/06\/C2K-R2K-3.png\" alt=\"\" width=\"900\" height=\"900\" srcset=\"https:\/\/kawasan.vn\/wp-content\/uploads\/2025\/06\/C2K-R2K-3.png 900w, https:\/\/kawasan.vn\/wp-content\/uploads\/2025\/06\/C2K-R2K-3-768x768.png 768w, https:\/\/kawasan.vn\/wp-content\/uploads\/2025\/06\/C2K-R2K-3-640x640.png 640w, https:\/\/kawasan.vn\/wp-content\/uploads\/2025\/06\/C2K-R2K-3-400x400.png 400w\" sizes=\"auto, (max-width: 900px) 100vw, 900px\" \/><\/td>\n<\/tr>\n<\/tbody>\n<\/table>\n<ul>\n<li style=\"font-weight: 400;\" aria-level=\"1\"><b>C3K \u2013 R3K<\/b><span style=\"font-weight: 400;\">: c\u00f4ng t\u1eafc 3 k\u00eanh, n\u00fat nh\u1ea5n 3 n\u00fat.<\/span><\/li>\n<\/ul>\n<table style=\"height: 45px;\" width=\"514\">\n<tbody>\n<tr>\n<td><img loading=\"lazy\" decoding=\"async\" class=\"aligncenter size-full wp-image-28312\" src=\"https:\/\/kawasan.vn\/wp-content\/uploads\/2025\/06\/C3K-R3K-2.png\" alt=\"\" width=\"900\" height=\"900\" srcset=\"https:\/\/kawasan.vn\/wp-content\/uploads\/2025\/06\/C3K-R3K-2.png 900w, https:\/\/kawasan.vn\/wp-content\/uploads\/2025\/06\/C3K-R3K-2-768x768.png 768w, https:\/\/kawasan.vn\/wp-content\/uploads\/2025\/06\/C3K-R3K-2-640x640.png 640w, https:\/\/kawasan.vn\/wp-content\/uploads\/2025\/06\/C3K-R3K-2-400x400.png 400w\" sizes=\"auto, (max-width: 900px) 100vw, 900px\" \/><\/td>\n<td><img loading=\"lazy\" decoding=\"async\" class=\"aligncenter size-full wp-image-28327\" src=\"https:\/\/kawasan.vn\/wp-content\/uploads\/2025\/06\/C3K-R3K.png\" alt=\"\" width=\"900\" height=\"900\" srcset=\"https:\/\/kawasan.vn\/wp-content\/uploads\/2025\/06\/C3K-R3K.png 900w, https:\/\/kawasan.vn\/wp-content\/uploads\/2025\/06\/C3K-R3K-768x768.png 768w, https:\/\/kawasan.vn\/wp-content\/uploads\/2025\/06\/C3K-R3K-640x640.png 640w, https:\/\/kawasan.vn\/wp-content\/uploads\/2025\/06\/C3K-R3K-400x400.png 400w\" sizes=\"auto, (max-width: 900px) 100vw, 900px\" \/><\/td>\n<td><img loading=\"lazy\" decoding=\"async\" class=\"aligncenter size-full wp-image-28326\" src=\"https:\/\/kawasan.vn\/wp-content\/uploads\/2025\/06\/C3K-R3K-3.png\" alt=\"\" width=\"900\" height=\"900\" srcset=\"https:\/\/kawasan.vn\/wp-content\/uploads\/2025\/06\/C3K-R3K-3.png 900w, https:\/\/kawasan.vn\/wp-content\/uploads\/2025\/06\/C3K-R3K-3-768x768.png 768w, https:\/\/kawasan.vn\/wp-content\/uploads\/2025\/06\/C3K-R3K-3-640x640.png 640w, https:\/\/kawasan.vn\/wp-content\/uploads\/2025\/06\/C3K-R3K-3-400x400.png 400w\" sizes=\"auto, (max-width: 900px) 100vw, 900px\" \/><\/td>\n<\/tr>\n<\/tbody>\n<\/table>\n<p><span style=\"font-weight: 400;\">M\u1ed7i d\u00f2ng s\u1ea3n ph\u1ea9m ph\u00f9 h\u1ee3p v\u1edbi t\u1eebng nhu c\u1ea7u c\u1ee5 th\u1ec3, gi\u00fap b\u1ea1n d\u1ec5 d\u00e0ng l\u1ef1a ch\u1ecdn cho kh\u00f4ng gian s\u1ed1ng v\u00e0 l\u00e0m vi\u1ec7c.<\/span><\/p>\n<ol start=\"2\">\n<li><b> Specifications<\/b><\/li>\n<\/ol>\n<p><b>C\u00f4ng t\u1eafc (C1K\/C2K\/C3K):<\/b><\/p>\n<ul>\n<li style=\"font-weight: 400;\" aria-level=\"1\"><span style=\"font-weight: 400;\">Ngu\u1ed3n: AC 110\u2013240V, 50Hz<\/span><\/li>\n<li style=\"font-weight: 400;\" aria-level=\"1\"><span style=\"font-weight: 400;\">T\u1ea3i t\u1ed1i \u0111a: &lt;300W\/k\u00eanh<\/span><\/li>\n<li style=\"font-weight: 400;\" aria-level=\"1\"><span style=\"font-weight: 400;\">C\u00f4ng su\u1ea5t ch\u1edd: &lt;0.3W<\/span><\/li>\n<li style=\"font-weight: 400;\" aria-level=\"1\"><span style=\"font-weight: 400;\">T\u1ea7n s\u1ed1: 433MHz<\/span><\/li>\n<li style=\"font-weight: 400;\" aria-level=\"1\"><span style=\"font-weight: 400;\">K\u00edch th\u01b0\u1edbc: 55 x 45 x 25 mm<\/span><\/li>\n<li style=\"font-weight: 400;\" aria-level=\"1\"><span style=\"font-weight: 400;\">Ch\u1ec9 s\u1ed1 b\u1ea3o v\u1ec7: IP20<\/span><\/li>\n<\/ul>\n<p><b>N\u00fat nh\u1ea5n (R1K\/R2K\/R3K):<\/b><\/p>\n<ul>\n<li style=\"font-weight: 400;\" aria-level=\"1\"><span style=\"font-weight: 400;\">Lo\u1ea1i: 1, 2 ho\u1eb7c 3 n\u00fat nh\u1ea5n<\/span><\/li>\n<li style=\"font-weight: 400;\" aria-level=\"1\"><span style=\"font-weight: 400;\">K\u00edch th\u01b0\u1edbc: 86 x 86 x 15 mm<\/span><\/li>\n<li style=\"font-weight: 400;\" aria-level=\"1\"><span style=\"font-weight: 400;\">Tu\u1ed5i th\u1ecd: &gt;100.000 l\u1ea7n nh\u1ea5n<\/span><\/li>\n<li style=\"font-weight: 400;\" aria-level=\"1\"><span style=\"font-weight: 400;\">T\u1ea7n s\u1ed1: 433MHz<\/span><\/li>\n<li style=\"font-weight: 400;\" aria-level=\"1\"><span style=\"font-weight: 400;\">Ch\u1ec9 s\u1ed1 b\u1ea3o v\u1ec7: IP44<\/span><\/li>\n<\/ul>\n<ol start=\"3\">\n<li><b> \u0110\u1eb7c t\u00ednh n\u1ed5i b\u1eadt<\/b><\/li>\n<\/ol>\n<ul>\n<li style=\"font-weight: 400;\" aria-level=\"1\"><b>N\u00fat nh\u1ea5n kh\u00f4ng c\u1ea7n PIN<\/b><span style=\"font-weight: 400;\">: Ho\u1ea1t \u0111\u1ed9ng d\u1ef1a tr\u00ean c\u01a1 ch\u1ebf t\u1ea1o n\u0103ng l\u01b0\u1ee3ng khi nh\u1ea5n, gi\u00fap lo\u1ea1i b\u1ecf s\u1ef1 b\u1ea5t ti\u1ec7n thay pin, th\u00e2n thi\u1ec7n v\u1edbi m\u00f4i tr\u01b0\u1eddng.<\/span><\/li>\n<li style=\"font-weight: 400;\" aria-level=\"1\"><b>K\u1ebft n\u1ed1i \u1ed5n \u0111\u1ecbnh<\/b><span style=\"font-weight: 400;\">: S\u1eed d\u1ee5ng s\u00f3ng RF 433MHz, t\u00edn hi\u1ec7u m\u1ea1nh, xuy\u00ean t\u01b0\u1eddng t\u1ed1t.<\/span><\/li>\n<li style=\"font-weight: 400;\" aria-level=\"1\"><b>Tu\u1ed5i th\u1ecd cao<\/b><span style=\"font-weight: 400;\">: &gt;100.000 l\u1ea7n nh\u1ea5n, \u0111\u1ea3m b\u1ea3o b\u1ec1n b\u1ec9 l\u00e2u d\u00e0i.<\/span><\/li>\n<li style=\"font-weight: 400;\" aria-level=\"1\"><b>Ti\u1ebft ki\u1ec7m \u0111i\u1ec7n<\/b><span style=\"font-weight: 400;\">: C\u00f4ng su\u1ea5t ch\u1edd th\u1ea5p &lt;0.3W.<\/span><\/li>\n<li style=\"font-weight: 400;\" aria-level=\"1\"><b>L\u1eafp \u0111\u1eb7t linh ho\u1ea1t<\/b><span style=\"font-weight: 400;\">: C\u00f3 th\u1ec3 d\u00e1n b\u1eb1ng keo 2 m\u1eb7t ho\u1eb7c b\u1eaft v\u00edt c\u1ed1 \u0111\u1ecbnh.<\/span><\/li>\n<li style=\"font-weight: 400;\" aria-level=\"1\"><b>An to\u00e0n s\u1eed d\u1ee5ng<\/b><span style=\"font-weight: 400;\">: C\u00f4ng t\u1eafc ch\u1ecbu t\u1ea3i \u0111\u1ebfn 300W\/k\u00eanh, ph\u00f9 h\u1ee3p cho nhi\u1ec1u thi\u1ebft b\u1ecb chi\u1ebfu s\u00e1ng v\u00e0 gia d\u1ee5ng.<\/span><\/li>\n<\/ul>\n<ol start=\"4\">\n<li><b> \u0110i\u1ec3m kh\u00e1c nhau gi\u1eefa 3 phi\u00ean b\u1ea3n<\/b><\/li>\n<\/ol>\n<table>\n<tbody>\n<tr>\n<td><b>Phi\u00ean b\u1ea3n<\/b><\/td>\n<td><b>C\u00f4ng t\u1eafc<\/b><\/td>\n<td><b>N\u00fat nh\u1ea5n<\/b><\/td>\n<td><b>S\u1ed1 thi\u1ebft b\u1ecb \u0111i\u1ec1u khi\u1ec3n<\/b><\/td>\n<td><b>\u1ee8ng d\u1ee5ng g\u1ee3i \u00fd<\/b><\/td>\n<\/tr>\n<tr>\n<td><b>C1K \u2013 R1K<\/b><\/td>\n<td><span style=\"font-weight: 400;\">1 k\u00eanh<\/span><\/td>\n<td><span style=\"font-weight: 400;\">1 n\u00fat<\/span><\/td>\n<td><span style=\"font-weight: 400;\">1 thi\u1ebft b\u1ecb<\/span><\/td>\n<td><span style=\"font-weight: 400;\">\u0110\u00e8n \u0111\u01a1n, qu\u1ea1t nh\u1ecf, \u0111\u00e8n ng\u1ee7, thi\u1ebft b\u1ecb ri\u00eang l\u1ebb<\/span><\/td>\n<\/tr>\n<tr>\n<td><b>C2K \u2013 R2K<\/b><\/td>\n<td><span style=\"font-weight: 400;\">2 k\u00eanh<\/span><\/td>\n<td><span style=\"font-weight: 400;\">2 n\u00fat<\/span><\/td>\n<td><span style=\"font-weight: 400;\">2 thi\u1ebft b\u1ecb<\/span><\/td>\n<td><span style=\"font-weight: 400;\">Ph\u00f2ng kh\u00e1ch\/ ph\u00f2ng ng\u1ee7: \u0111\u00e8n tr\u1ea7n + qu\u1ea1t, \u0111\u00e8n ch\u00ednh + \u0111\u00e8n ph\u1ee5<\/span><\/td>\n<\/tr>\n<tr>\n<td><b>C3K \u2013 R3K<\/b><\/td>\n<td><span style=\"font-weight: 400;\">3 k\u00eanh<\/span><\/td>\n<td><span style=\"font-weight: 400;\">3 n\u00fat<\/span><\/td>\n<td><span style=\"font-weight: 400;\">3 thi\u1ebft b\u1ecb<\/span><\/td>\n<td><span style=\"font-weight: 400;\">Ph\u00f2ng kh\u00e1ch l\u1edbn, c\u1eeda h\u00e0ng, v\u0103n ph\u00f2ng: \u0111\u00e8n ch\u00ednh + \u0111\u00e8n h\u1eaft t\u01b0\u1eddng + qu\u1ea1t tr\u1ea7n<\/span><\/td>\n<\/tr>\n<\/tbody>\n<\/table>\n<p><span style=\"font-weight: 400;\">\ud83d\udc49 Nh\u01b0 v\u1eady, \u0111i\u1ec3m kh\u00e1c bi\u1ec7t ch\u00ednh gi\u1eefa 3 s\u1ea3n ph\u1ea9m l\u00e0 <\/span><b>s\u1ed1 k\u00eanh \u0111i\u1ec1u khi\u1ec3n v\u00e0 s\u1ed1 n\u00fat nh\u1ea5n<\/b><span style=\"font-weight: 400;\">, gi\u00fap kh\u00e1ch h\u00e0ng d\u1ec5 d\u00e0ng l\u1ef1a ch\u1ecdn t\u00f9y theo s\u1ed1 l\u01b0\u1ee3ng thi\u1ebft b\u1ecb c\u1ea7n b\u1eadt\/t\u1eaft.<\/span><\/p>\n<ol start=\"5\">\n<li><b> \u1ee8ng d\u1ee5ng th\u1ef1c t\u1ebf<\/b><\/li>\n<\/ol>\n<ul>\n<li style=\"font-weight: 400;\" aria-level=\"1\"><b>Gia \u0111\u00ecnh<\/b><span style=\"font-weight: 400;\">: B\u1eadt t\u1eaft \u0111\u00e8n ph\u00f2ng kh\u00e1ch, ph\u00f2ng ng\u1ee7, h\u00e0nh lang, ban c\u00f4ng.<\/span><\/li>\n<li style=\"font-weight: 400;\" aria-level=\"1\"><b>C\u1eeda h\u00e0ng\/Showroom<\/b><span style=\"font-weight: 400;\">: \u0110i\u1ec1u khi\u1ec3n b\u1ea3ng hi\u1ec7u, \u0111\u00e8n tr\u01b0ng b\u00e0y, qu\u1ea1t treo t\u01b0\u1eddng.<\/span><\/li>\n<li style=\"font-weight: 400;\" aria-level=\"1\"><b>V\u0103n ph\u00f2ng<\/b><span style=\"font-weight: 400;\">: Qu\u1ea3n l\u00fd nhi\u1ec1u nh\u00f3m \u0111\u00e8n chi\u1ebfu s\u00e1ng trong m\u1ed9t kh\u00f4ng gian l\u1edbn.<\/span><\/li>\n<li style=\"font-weight: 400;\" aria-level=\"1\"><b>Nh\u00e0 kho\/Nh\u00e0 x\u01b0\u1edfng nh\u1ecf<\/b><span style=\"font-weight: 400;\">: \u0110i\u1ec1u khi\u1ec3n h\u1ec7 th\u1ed1ng \u0111\u00e8n t\u1eeb xa, kh\u00f4ng c\u1ea7n \u0111i l\u1ea1i nhi\u1ec1u.<\/span><\/li>\n<\/ul>\n<p><b>K\u1ebft lu\u1eadn<\/b><\/p>\n<p><span style=\"font-weight: 400;\">V\u1edbi thi\u1ebft k\u1ebf th\u00f4ng minh, ho\u1ea1t \u0111\u1ed9ng b\u1ec1n b\u1ec9, <\/span><b>C\u00f4ng t\u1eafc \u0111i\u1ec1u khi\u1ec3n t\u1eeb xa n\u00fat nh\u1ea5n kh\u00f4ng PIN KAWASAN<\/b><span style=\"font-weight: 400;\"> mang \u0111\u1ebfn s\u1ef1 ti\u1ec7n nghi, an to\u00e0n v\u00e0 ti\u1ebft ki\u1ec7m. Ba l\u1ef1a ch\u1ecdn <\/span><b>C1K-R1K, C2K-R2K, C3K-R3K<\/b><span style=\"font-weight: 400;\"> gi\u00fap b\u1ea1n linh ho\u1ea1t t\u00f9y bi\u1ebfn cho t\u1eebng kh\u00f4ng gian s\u1eed d\u1ee5ng.<\/span><\/p>\n<p><span style=\"font-weight: 400;\">\ud83d\udc49 H\u00e3y ch\u1ecdn ngay phi\u00ean b\u1ea3n ph\u00f9 h\u1ee3p \u0111\u1ec3 bi\u1ebfn ng\u00f4i nh\u00e0 hay n\u01a1i l\u00e0m vi\u1ec7c c\u1ee7a b\u1ea1n tr\u1edf n\u00ean <\/span><b>th\u00f4ng minh v\u00e0 hi\u1ec7n \u0111\u1ea1i h\u01a1n<\/b><span style=\"font-weight: 400;\">.<\/span><\/p>\n<p>&nbsp;<\/p>","protected":false},"excerpt":{"rendered":"<p>1. Gi\u1edbi thi\u1ec7u s\u1ea3n ph\u1ea9m Trong cu\u1ed9c s\u1ed1ng hi\u1ec7n \u0111\u1ea1i, vi\u1ec7c \u0111i\u1ec1u khi\u1ec3n thi\u1ebft b\u1ecb \u0111i\u1ec7n t\u1eeb xa kh\u00f4ng c\u00f2n l\u00e0 \u0111i\u1ec1u xa l\u1ea1. Tuy nhi\u00ean, v\u1edbi C\u00f4ng t\u1eafc \u0111i\u1ec1u khi\u1ec3n t\u1eeb xa n\u00fat nh\u1ea5n kh\u00f4ng PIN c\u1ee7a KAWASAN, ng\u01b0\u1eddi d\u00f9ng c\u00f2n nh\u1eadn \u0111\u01b0\u1ee3c nhi\u1ec1u l\u1ee3i \u00edch v\u01b0\u1ee3t tr\u1ed9i: kh\u00f4ng c\u1ea7n thay pin, tu\u1ed5i th\u1ecd [&hellip;]<\/p>","protected":false},"featured_media":28312,"comment_status":"open","ping_status":"closed","template":"","meta":{"_yoast_wpseo_focuskw":"C\u00f4ng T\u1eafc \u0110i\u1ec1u Khi\u1ec3n T\u1eeb Xa Kh\u00f4ng D\u00e2y","_yoast_wpseo_metadesc":"","_yoast_wpseo_focuskeywords":"[{\"keyword\":\"N\u00fat nh\u1ea5n c\u00f4ng t\u1eafc kh\u00f4ng d\u00e2y\",\"score\":61}]","_yoast_wpseo_keyword_synonyms":""},"product_cat":[2523,63],"product_tag":[],"class_list":["post-25119","product","type-product","status-publish","has-post-thumbnail","hentry","product_cat-cong-tac-dieu-khien-tu-xa-nut-nhan-khong-can-pin","product_cat-cong-tac-dieu-khien-tu-xa"],"acf":[],"yoast_head":"<!-- This site is optimized with the Yoast SEO Premium plugin v24.9 (Yoast SEO v24.9) - https:\/\/yoast.com\/wordpress\/plugins\/seo\/ -->\n<title>C\u00f4ng T\u1eafc \u0110i\u1ec1u Khi\u1ec3n T\u1eeb Xa Kh\u00f4ng D\u00e2y Kh\u00f4ng Pin KAWASAN<\/title>\n<meta name=\"robots\" content=\"index, follow, max-snippet:-1, max-image-preview:large, max-video-preview:-1\" \/>\n<link rel=\"canonical\" href=\"https:\/\/kawasan.vn\/en\/product\/cong-tac-dieu-khien-tu-xa-khong-pin\/\" \/>\n<meta property=\"og:locale\" content=\"en_US\" \/>\n<meta property=\"og:type\" content=\"article\" \/>\n<meta property=\"og:title\" content=\"C\u00f4ng T\u1eafc \u0110i\u1ec1u Khi\u1ec3n T\u1eeb Xa Kh\u00f4ng D\u00e2y KAWASAN \u2013 N\u00fat Nh\u1ea5n Kh\u00f4ng C\u1ea7n PIN\" \/>\n<meta property=\"og:description\" content=\"1. Gi\u1edbi thi\u1ec7u s\u1ea3n ph\u1ea9m Trong cu\u1ed9c s\u1ed1ng hi\u1ec7n \u0111\u1ea1i, vi\u1ec7c \u0111i\u1ec1u khi\u1ec3n thi\u1ebft b\u1ecb \u0111i\u1ec7n t\u1eeb xa kh\u00f4ng c\u00f2n l\u00e0 \u0111i\u1ec1u xa l\u1ea1. Tuy nhi\u00ean, v\u1edbi C\u00f4ng t\u1eafc \u0111i\u1ec1u khi\u1ec3n t\u1eeb xa n\u00fat nh\u1ea5n kh\u00f4ng PIN c\u1ee7a KAWASAN, ng\u01b0\u1eddi d\u00f9ng c\u00f2n nh\u1eadn \u0111\u01b0\u1ee3c nhi\u1ec1u l\u1ee3i \u00edch v\u01b0\u1ee3t tr\u1ed9i: kh\u00f4ng c\u1ea7n thay pin, tu\u1ed5i th\u1ecd [&hellip;]\" \/>\n<meta property=\"og:url\" content=\"https:\/\/kawasan.vn\/en\/product\/cong-tac-dieu-khien-tu-xa-khong-pin\/\" \/>\n<meta property=\"og:site_name\" content=\"Kawasan\" \/>\n<meta property=\"article:modified_time\" content=\"2026-03-20T08:21:57+00:00\" \/>\n<meta property=\"og:image\" content=\"https:\/\/kawasan.vn\/wp-content\/uploads\/2025\/06\/C3K-R3K-2.png\" \/>\n\t<meta property=\"og:image:width\" content=\"900\" \/>\n\t<meta property=\"og:image:height\" content=\"900\" \/>\n\t<meta property=\"og:image:type\" content=\"image\/png\" \/>\n<meta name=\"twitter:card\" content=\"summary_large_image\" \/>\n<meta name=\"twitter:label1\" content=\"Est. reading time\" \/>\n\t<meta name=\"twitter:data1\" content=\"6 minutes\" \/>\n<script type=\"application\/ld+json\" class=\"yoast-schema-graph\">{\"@context\":\"https:\/\/schema.org\",\"@graph\":[{\"@type\":\"WebPage\",\"@id\":\"https:\/\/kawasan.vn\/san-pham\/cong-tac-dieu-khien-tu-xa-khong-pin\/\",\"url\":\"https:\/\/kawasan.vn\/san-pham\/cong-tac-dieu-khien-tu-xa-khong-pin\/\",\"name\":\"C\u00f4ng T\u1eafc \u0110i\u1ec1u Khi\u1ec3n T\u1eeb Xa Kh\u00f4ng D\u00e2y Kh\u00f4ng Pin KAWASAN\",\"isPartOf\":{\"@id\":\"https:\/\/kawasan.vn\/#website\"},\"primaryImageOfPage\":{\"@id\":\"https:\/\/kawasan.vn\/san-pham\/cong-tac-dieu-khien-tu-xa-khong-pin\/#primaryimage\"},\"image\":{\"@id\":\"https:\/\/kawasan.vn\/san-pham\/cong-tac-dieu-khien-tu-xa-khong-pin\/#primaryimage\"},\"thumbnailUrl\":\"https:\/\/kawasan.vn\/wp-content\/uploads\/2025\/06\/C3K-R3K-2.png\",\"datePublished\":\"2025-06-18T02:54:52+00:00\",\"dateModified\":\"2026-03-20T08:21:57+00:00\",\"breadcrumb\":{\"@id\":\"https:\/\/kawasan.vn\/san-pham\/cong-tac-dieu-khien-tu-xa-khong-pin\/#breadcrumb\"},\"inLanguage\":\"en-US\",\"potentialAction\":[{\"@type\":\"ReadAction\",\"target\":[\"https:\/\/kawasan.vn\/san-pham\/cong-tac-dieu-khien-tu-xa-khong-pin\/\"]}]},{\"@type\":\"ImageObject\",\"inLanguage\":\"en-US\",\"@id\":\"https:\/\/kawasan.vn\/san-pham\/cong-tac-dieu-khien-tu-xa-khong-pin\/#primaryimage\",\"url\":\"https:\/\/kawasan.vn\/wp-content\/uploads\/2025\/06\/C3K-R3K-2.png\",\"contentUrl\":\"https:\/\/kawasan.vn\/wp-content\/uploads\/2025\/06\/C3K-R3K-2.png\",\"width\":900,\"height\":900},{\"@type\":\"BreadcrumbList\",\"@id\":\"https:\/\/kawasan.vn\/san-pham\/cong-tac-dieu-khien-tu-xa-khong-pin\/#breadcrumb\",\"itemListElement\":[{\"@type\":\"ListItem\",\"position\":1,\"name\":\"Trang ch\u1ee7\",\"item\":\"https:\/\/kawasan.vn\/\"},{\"@type\":\"ListItem\",\"position\":2,\"name\":\"S\u1ea3n ph\u1ea9m\",\"item\":\"https:\/\/kawasan.vn\/san-pham\/\"},{\"@type\":\"ListItem\",\"position\":3,\"name\":\"C\u00f4ng T\u1eafc \u0110i\u1ec1u Khi\u1ec3n T\u1eeb Xa Kh\u00f4ng D\u00e2y KAWASAN \u2013 N\u00fat Nh\u1ea5n Kh\u00f4ng C\u1ea7n PIN\"}]},{\"@type\":\"WebSite\",\"@id\":\"https:\/\/kawasan.vn\/#website\",\"url\":\"https:\/\/kawasan.vn\/\",\"name\":\"Kawasan\",\"description\":\"\",\"potentialAction\":[{\"@type\":\"SearchAction\",\"target\":{\"@type\":\"EntryPoint\",\"urlTemplate\":\"https:\/\/kawasan.vn\/?s={search_term_string}\"},\"query-input\":{\"@type\":\"PropertyValueSpecification\",\"valueRequired\":true,\"valueName\":\"search_term_string\"}}],\"inLanguage\":\"en-US\"}]}<\/script>\n<!-- \/ Yoast SEO Premium plugin. -->","yoast_head_json":{"title":"C\u00f4ng T\u1eafc \u0110i\u1ec1u Khi\u1ec3n T\u1eeb Xa Kh\u00f4ng D\u00e2y Kh\u00f4ng Pin KAWASAN","robots":{"index":"index","follow":"follow","max-snippet":"max-snippet:-1","max-image-preview":"max-image-preview:large","max-video-preview":"max-video-preview:-1"},"canonical":"https:\/\/kawasan.vn\/en\/product\/cong-tac-dieu-khien-tu-xa-khong-pin\/","og_locale":"en_US","og_type":"article","og_title":"C\u00f4ng T\u1eafc \u0110i\u1ec1u Khi\u1ec3n T\u1eeb Xa Kh\u00f4ng D\u00e2y KAWASAN \u2013 N\u00fat Nh\u1ea5n Kh\u00f4ng C\u1ea7n PIN","og_description":"1. Gi\u1edbi thi\u1ec7u s\u1ea3n ph\u1ea9m Trong cu\u1ed9c s\u1ed1ng hi\u1ec7n \u0111\u1ea1i, vi\u1ec7c \u0111i\u1ec1u khi\u1ec3n thi\u1ebft b\u1ecb \u0111i\u1ec7n t\u1eeb xa kh\u00f4ng c\u00f2n l\u00e0 \u0111i\u1ec1u xa l\u1ea1. Tuy nhi\u00ean, v\u1edbi C\u00f4ng t\u1eafc \u0111i\u1ec1u khi\u1ec3n t\u1eeb xa n\u00fat nh\u1ea5n kh\u00f4ng PIN c\u1ee7a KAWASAN, ng\u01b0\u1eddi d\u00f9ng c\u00f2n nh\u1eadn \u0111\u01b0\u1ee3c nhi\u1ec1u l\u1ee3i \u00edch v\u01b0\u1ee3t tr\u1ed9i: kh\u00f4ng c\u1ea7n thay pin, tu\u1ed5i th\u1ecd [&hellip;]","og_url":"https:\/\/kawasan.vn\/en\/product\/cong-tac-dieu-khien-tu-xa-khong-pin\/","og_site_name":"Kawasan","article_modified_time":"2026-03-20T08:21:57+00:00","og_image":[{"width":900,"height":900,"url":"https:\/\/kawasan.vn\/wp-content\/uploads\/2025\/06\/C3K-R3K-2.png","type":"image\/png"}],"twitter_card":"summary_large_image","twitter_misc":{"Est. reading time":"6 minutes"},"schema":{"@context":"https:\/\/schema.org","@graph":[{"@type":"WebPage","@id":"https:\/\/kawasan.vn\/san-pham\/cong-tac-dieu-khien-tu-xa-khong-pin\/","url":"https:\/\/kawasan.vn\/san-pham\/cong-tac-dieu-khien-tu-xa-khong-pin\/","name":"C\u00f4ng T\u1eafc \u0110i\u1ec1u Khi\u1ec3n T\u1eeb Xa Kh\u00f4ng D\u00e2y Kh\u00f4ng Pin KAWASAN","isPartOf":{"@id":"https:\/\/kawasan.vn\/#website"},"primaryImageOfPage":{"@id":"https:\/\/kawasan.vn\/san-pham\/cong-tac-dieu-khien-tu-xa-khong-pin\/#primaryimage"},"image":{"@id":"https:\/\/kawasan.vn\/san-pham\/cong-tac-dieu-khien-tu-xa-khong-pin\/#primaryimage"},"thumbnailUrl":"https:\/\/kawasan.vn\/wp-content\/uploads\/2025\/06\/C3K-R3K-2.png","datePublished":"2025-06-18T02:54:52+00:00","dateModified":"2026-03-20T08:21:57+00:00","breadcrumb":{"@id":"https:\/\/kawasan.vn\/san-pham\/cong-tac-dieu-khien-tu-xa-khong-pin\/#breadcrumb"},"inLanguage":"en-US","potentialAction":[{"@type":"ReadAction","target":["https:\/\/kawasan.vn\/san-pham\/cong-tac-dieu-khien-tu-xa-khong-pin\/"]}]},{"@type":"ImageObject","inLanguage":"en-US","@id":"https:\/\/kawasan.vn\/san-pham\/cong-tac-dieu-khien-tu-xa-khong-pin\/#primaryimage","url":"https:\/\/kawasan.vn\/wp-content\/uploads\/2025\/06\/C3K-R3K-2.png","contentUrl":"https:\/\/kawasan.vn\/wp-content\/uploads\/2025\/06\/C3K-R3K-2.png","width":900,"height":900},{"@type":"BreadcrumbList","@id":"https:\/\/kawasan.vn\/san-pham\/cong-tac-dieu-khien-tu-xa-khong-pin\/#breadcrumb","itemListElement":[{"@type":"ListItem","position":1,"name":"Trang ch\u1ee7","item":"https:\/\/kawasan.vn\/"},{"@type":"ListItem","position":2,"name":"S\u1ea3n ph\u1ea9m","item":"https:\/\/kawasan.vn\/san-pham\/"},{"@type":"ListItem","position":3,"name":"C\u00f4ng T\u1eafc \u0110i\u1ec1u Khi\u1ec3n T\u1eeb Xa Kh\u00f4ng D\u00e2y KAWASAN \u2013 N\u00fat Nh\u1ea5n Kh\u00f4ng C\u1ea7n PIN"}]},{"@type":"WebSite","@id":"https:\/\/kawasan.vn\/#website","url":"https:\/\/kawasan.vn\/","name":"Kawasan","description":"","potentialAction":[{"@type":"SearchAction","target":{"@type":"EntryPoint","urlTemplate":"https:\/\/kawasan.vn\/?s={search_term_string}"},"query-input":{"@type":"PropertyValueSpecification","valueRequired":true,"valueName":"search_term_string"}}],"inLanguage":"en-US"}]}},"_links":{"self":[{"href":"https:\/\/kawasan.vn\/en\/wp-json\/wp\/v2\/product\/25119","targetHints":{"allow":["GET"]}}],"collection":[{"href":"https:\/\/kawasan.vn\/en\/wp-json\/wp\/v2\/product"}],"about":[{"href":"https:\/\/kawasan.vn\/en\/wp-json\/wp\/v2\/types\/product"}],"replies":[{"embeddable":true,"href":"https:\/\/kawasan.vn\/en\/wp-json\/wp\/v2\/comments?post=25119"}],"version-history":[{"count":6,"href":"https:\/\/kawasan.vn\/en\/wp-json\/wp\/v2\/product\/25119\/revisions"}],"predecessor-version":[{"id":28321,"href":"https:\/\/kawasan.vn\/en\/wp-json\/wp\/v2\/product\/25119\/revisions\/28321"}],"wp:featuredmedia":[{"embeddable":true,"href":"https:\/\/kawasan.vn\/en\/wp-json\/wp\/v2\/media\/28312"}],"wp:attachment":[{"href":"https:\/\/kawasan.vn\/en\/wp-json\/wp\/v2\/media?parent=25119"}],"wp:term":[{"taxonomy":"product_cat","embeddable":true,"href":"https:\/\/kawasan.vn\/en\/wp-json\/wp\/v2\/product_cat?post=25119"},{"taxonomy":"product_tag","embeddable":true,"href":"https:\/\/kawasan.vn\/en\/wp-json\/wp\/v2\/product_tag?post=25119"}],"curies":[{"name":"wp","href":"https:\/\/api.w.org\/{rel}","templated":true}]}}