{"id":24763,"date":"2025-06-07T09:10:37","date_gmt":"2025-06-07T02:10:37","guid":{"rendered":"https:\/\/kawasan.vn\/?post_type=product&#038;p=24763"},"modified":"2025-08-23T08:31:42","modified_gmt":"2025-08-23T01:31:42","slug":"bo-bao-khoi-khong-day-co-dieu-khien-tu-xa-3sal03a-r","status":"publish","type":"product","link":"https:\/\/kawasan.vn\/en\/product\/bo-bao-khoi-khong-day-co-dieu-khien-tu-xa-3sal03a-r\/","title":{"rendered":"B\u1ed9 B\u00e1o Kh\u00f3i Kh\u00f4ng D\u00e2y, C\u00f3 \u0110i\u1ec1u Khi\u1ec3n T\u1eeb Xa 3SAL03A-R"},"content":{"rendered":"<h2><b>B\u1ed9 b\u00e1o kh\u00f3i kh\u00f4ng d\u00e2y c\u00f3 \u0111i\u1ec1u khi\u1ec3n t\u1eeb xa 3SAL03-R<\/b><\/h2>\n<p><b>B\u00e1o \u0111\u1ed9ng ch\u00e1y nhanh \u2013 B\u1ea3o v\u1ec7 k\u1ecbp th\u1eddi \u2013 An t\u00e2m m\u1ecdi l\u00fac m\u1ecdi n\u01a1i<\/b><\/p>\n<p><span style=\"font-weight: 400;\">B\u1ea1n \u0111ang t\u00ecm ki\u1ebfm m\u1ed9t gi\u1ea3i ph\u00e1p <\/span><b>ph\u00f2ng ch\u00e1y an to\u00e0n<\/b><span style=\"font-weight: 400;\">, <\/span><b>l\u1eafp \u0111\u1eb7t nhanh ch\u00f3ng<\/b><span style=\"font-weight: 400;\">, ho\u1ea1t \u0111\u1ed9ng <\/span><b>\u1ed5n \u0111\u1ecbnh<\/b><span style=\"font-weight: 400;\"> m\u00e0 <\/span><b>kh\u00f4ng c\u1ea7n \u0111i d\u00e2y ph\u1ee9c t\u1ea1p<\/b><span style=\"font-weight: 400;\">? B\u1ed9 b\u00e1o kh\u00f3i kh\u00f4ng d\u00e2y c\u00f3 \u0111i\u1ec1u khi\u1ec3n t\u1eeb xa <\/span><b>3SAL03-R<\/b><span style=\"font-weight: 400;\"> ch\u00ednh l\u00e0 ng\u01b0\u1eddi b\u1ea1n \u0111\u1ed3ng h\u00e0nh \u0111\u00e1ng tin c\u1eady \u0111\u1ec3 b\u1ea3o v\u1ec7 ng\u00f4i nh\u00e0, kho h\u00e0ng, hay c\u1eeda h\u00e0ng c\u1ee7a b\u1ea1n kh\u1ecfi c\u00e1c s\u1ef1 c\u1ed1 ch\u00e1y n\u1ed5 b\u1ea5t ng\u1edd.<\/span><\/p>\n<p><span style=\"font-weight: 400;\">S\u1ea3n ph\u1ea9m l\u00e0 s\u1ef1 k\u1ebft h\u1ee3p th\u00f4ng minh gi\u1eefa <\/span><b>c\u00f2i b\u00e1o \u0111\u1ed9ng \u0111i\u1ec1u khi\u1ec3n t\u1eeb xa AL03A-R<\/b><span style=\"font-weight: 400;\"> and <\/span><b>3 c\u1ea3m bi\u1ebfn kh\u00f3i SM03<\/b><span style=\"font-weight: 400;\">, thi\u1ebft k\u1ebf hi\u1ec7n \u0111\u1ea1i, d\u1ec5 s\u1eed d\u1ee5ng, mang l\u1ea1i <\/span><b>hi\u1ec7u qu\u1ea3 c\u1ea3nh b\u00e1o v\u01b0\u1ee3t tr\u1ed9i<\/b><span style=\"font-weight: 400;\">.<\/span><\/p>\n<figure id=\"attachment_24774\" aria-describedby=\"caption-attachment-24774\" style=\"width: 662px\" class=\"wp-caption aligncenter\"><img loading=\"lazy\" decoding=\"async\" class=\"wp-image-24774\" src=\"https:\/\/kawasan.vn\/wp-content\/uploads\/2025\/06\/den-cam-ung-anh-sst2-web-1.png\" alt=\"B\u1ed9 b\u00e1o kh\u00f3i kh\u00f4ng d\u00e2y\" width=\"662\" height=\"662\" srcset=\"https:\/\/kawasan.vn\/wp-content\/uploads\/2025\/06\/den-cam-ung-anh-sst2-web-1-640x640.png 640w, https:\/\/kawasan.vn\/wp-content\/uploads\/2025\/06\/den-cam-ung-anh-sst2-web-1-400x400.png 400w\" sizes=\"auto, (max-width: 662px) 100vw, 662px\" \/><figcaption id=\"caption-attachment-24774\" class=\"wp-caption-text\">B\u1ed9 b\u00e1o kh\u00f3i kh\u00f4ng d\u00e2y<\/figcaption><\/figure>\n<h3><b>T\u00cdNH N\u0102NG N\u1ed4I B\u1eacT\u00a0<\/b><\/h3>\n<ul>\n<li style=\"font-weight: 400;\" aria-level=\"1\"><b>C\u1ea3nh b\u00e1o ch\u00e1y nhanh ch\u00f3ng, kh\u00f4ng c\u1ea7n \u0111i d\u00e2y<\/b><b><br \/>\n<\/b><span style=\"font-weight: 400;\"> C\u00e1c \u0111\u1ea7u b\u00e1o kh\u00f3i SM03 c\u00f3 th\u1ec3 <\/span><b>ph\u00e1t hi\u1ec7n kh\u00f3i s\u1edbm<\/b><span style=\"font-weight: 400;\"> v\u00e0 g\u1eedi t\u00edn hi\u1ec7u <\/span><b>kh\u00f4ng d\u00e2y<\/b><span style=\"font-weight: 400;\"> ngay v\u1ec1 c\u00f2i b\u00e1o \u0111\u1ed9ng AL03A, gi\u00fap b\u1ea1n x\u1eed l\u00fd t\u00ecnh hu\u1ed1ng k\u1ecbp th\u1eddi.<\/span><span style=\"font-weight: 400;\"><br \/>\n<\/span><\/li>\n<li style=\"font-weight: 400;\" aria-level=\"1\"><b>Trang b\u1ecb 3 \u0111\u1ea7u b\u00e1o kh\u00f3i linh ho\u1ea1t<\/b><b><br \/>\n<\/b><span style=\"font-weight: 400;\"> B\u1ed9 s\u1ea3n ph\u1ea9m \u0111i k\u00e8m <\/span><b>03 c\u1ea3m bi\u1ebfn kh\u00f3i<\/b><span style=\"font-weight: 400;\">:<\/span><span style=\"font-weight: 400;\"><br \/>\n<\/span><span style=\"font-weight: 400;\"> \u25aa\ufe0f 01 \u0111\u1ea7u \u0111\u1eb7t \u1edf <\/span><b>nh\u00e0 b\u1ebfp<\/b><span style=\"font-weight: 400;\"> \u2013 n\u01a1i d\u1ec5 ph\u00e1t sinh kh\u00f3i.<\/span><span style=\"font-weight: 400;\"><br \/>\n<\/span><span style=\"font-weight: 400;\"> \u25aa\ufe0f 02 \u0111\u1ea7u \u0111\u1eb7t \u1edf <\/span><b>nh\u00e0 xe ho\u1eb7c kho ch\u1ee9a h\u00e0ng<\/b><span style=\"font-weight: 400;\"> \u2013 n\u01a1i th\u01b0\u1eddng ti\u1ec1m \u1ea9n r\u1ee7i ro v\u1ec1 \u0111i\u1ec7n ho\u1eb7c x\u0103ng d\u1ea7u.<\/span><span style=\"font-weight: 400;\"><br \/>\n<\/span><\/li>\n<li style=\"font-weight: 400;\" aria-level=\"1\"><b>C\u00f2i h\u00fa c\u1ef1c l\u1edbn, \u0111i\u1ec1u ch\u1ec9nh \u00e2m l\u01b0\u1ee3ng d\u1ec5 d\u00e0ng<\/b><b><br \/>\n<\/b><span style=\"font-weight: 400;\"> C\u00f2i AL03A-R ph\u00e1t ra \u00e2m thanh b\u00e1o \u0111\u1ed9ng l\u00ean \u0111\u1ebfn <\/span><b>150dB<\/b><span style=\"font-weight: 400;\">, c\u00f3 th\u1ec3 <\/span><b>t\u0103ng gi\u1ea3m \u00e2m l\u01b0\u1ee3ng<\/b><span style=\"font-weight: 400;\"> linh ho\u1ea1t \u2013 \u0111\u1ee7 l\u1edbn \u0111\u1ec3 c\u1ea3nh b\u00e1o trong kh\u00f4ng gian r\u1ed9ng.<\/span><span style=\"font-weight: 400;\"><br \/>\n<\/span><\/li>\n<li style=\"font-weight: 400;\" aria-level=\"1\"><b>Th\u00eam n\u00fat nh\u1ea5n kh\u1ea9n c\u1ea5p (t\u00f9y ch\u1ecdn)<\/b><b><br \/>\n<\/b><span style=\"font-weight: 400;\"> H\u1ec7 th\u1ed1ng h\u1ed7 tr\u1ee3 g\u1eafn <\/span><b>n\u00fat nh\u1ea5n kh\u1ea9n<\/b><span style=\"font-weight: 400;\">, gi\u00fap ng\u01b0\u1eddi d\u00f9ng <\/span><b>b\u1ea5m b\u00e1o \u0111\u1ed9ng th\u1ee7 c\u00f4ng<\/b><span style=\"font-weight: 400;\"> khi ph\u00e1t hi\u1ec7n ch\u00e1y ho\u1eb7c c\u1ea7n h\u1ed7 tr\u1ee3 kh\u1ea9n c\u1ea5p.<\/span><span style=\"font-weight: 400;\"><br \/>\n<\/span><\/li>\n<li style=\"font-weight: 400;\" aria-level=\"1\"><b>\u0110i\u1ec1u khi\u1ec3n t\u1eeb xa ti\u1ec7n l\u1ee3i<\/b><b><br \/>\n<\/b><span style=\"font-weight: 400;\"> C\u00f3 th\u1ec3 <\/span><b>th\u00eam remote \u0111i\u1ec1u khi\u1ec3n t\u1eeb xa<\/b><span style=\"font-weight: 400;\"> \u0111\u1ec3 ch\u1ee7 \u0111\u1ed9ng <\/span><b>b\u1eadt\/t\u1eaft c\u00f2i<\/b><span style=\"font-weight: 400;\"> b\u1ea5t c\u1ee9 l\u00fac n\u00e0o \u2013 \u0111\u01a1n gi\u1ea3n, ti\u1ec7n l\u1ee3i, \u0111\u1eb7c bi\u1ec7t ph\u00f9 h\u1ee3p v\u1edbi ng\u01b0\u1eddi l\u1edbn tu\u1ed5i.<\/span><span style=\"font-weight: 400;\"><br \/>\n<\/span><\/li>\n<li style=\"font-weight: 400;\" aria-level=\"1\"><b>Ch\u1ebf \u0111\u1ed9 h\u00fa c\u00f2i linh ho\u1ea1t<\/b><b><br \/>\n<\/b><span style=\"font-weight: 400;\"> Ng\u01b0\u1eddi d\u00f9ng c\u00f3 th\u1ec3 t\u00f9y ch\u1ecdn:<\/span><span style=\"font-weight: 400;\"><br \/>\n<\/span><span style=\"font-weight: 400;\"> \u25aa\ufe0f C\u00f2i h\u00fa <\/span><b>li\u00ean t\u1ee5c cho \u0111\u1ebfn khi c\u00f3 ng\u01b0\u1eddi t\u1eaft<\/b><span style=\"font-weight: 400;\">.<\/span><span style=\"font-weight: 400;\"><br \/>\n<\/span><span style=\"font-weight: 400;\"> \u25aa\ufe0f Ho\u1eb7c h\u00fa trong <\/span><b>60 gi\u00e2y r\u1ed3i t\u1ef1 t\u1eaft<\/b><span style=\"font-weight: 400;\"> \u2013 ph\u00f9 h\u1ee3p cho nhi\u1ec1u t\u00ecnh hu\u1ed1ng th\u1ef1c t\u1ebf.<\/span><span style=\"font-weight: 400;\"><br \/>\n<\/span><\/li>\n<li style=\"font-weight: 400;\" aria-level=\"1\"><b>H\u1ec7 th\u1ed1ng m\u1edf r\u1ed9ng d\u1ec5 d\u00e0ng<\/b><b><br \/>\n<\/b><span style=\"font-weight: 400;\"> C\u00f2i AL03A-R h\u1ed7 tr\u1ee3 k\u1ebft n\u1ed1i v\u1edbi <\/span><b>t\u1ed1i \u0111a 25 \u0111\u1ea7u b\u00e1o kh\u00f3i<\/b><span style=\"font-weight: 400;\">, d\u1ec5 d\u00e0ng n\u00e2ng c\u1ea5p h\u1ec7 th\u1ed1ng b\u1ea5t c\u1ee9 l\u00fac n\u00e0o.<\/span><span style=\"font-weight: 400;\"><br \/>\n<\/span><\/li>\n<li style=\"font-weight: 400;\" aria-level=\"1\"><b>Ngu\u1ed3n \u0111i\u1ec7n k\u00e9p \u2013 lu\u00f4n s\u1eb5n s\u00e0ng ho\u1ea1t \u0111\u1ed9ng<\/b><b><br \/>\n<\/b><span style=\"font-weight: 400;\"> \u25aa\ufe0f D\u00f9ng <\/span><b>Adaptor 220V \u2013 12V<\/b><span style=\"font-weight: 400;\"> \u0111i k\u00e8m \u0111\u1ec3 v\u1eadn h\u00e0nh th\u01b0\u1eddng xuy\u00ean.<\/span><span style=\"font-weight: 400;\"><br \/>\n<\/span><span style=\"font-weight: 400;\"> \u25aa\ufe0f D\u1ef1 ph\u00f2ng b\u1eb1ng <\/span><b>b\u00ecnh \u0111i\u1ec7n 12V-10A<\/b><span style=\"font-weight: 400;\">, duy tr\u00ec ho\u1ea1t \u0111\u1ed9ng <\/span><b>li\u00ean t\u1ee5c \u0111\u1ebfn 3 th\u00e1ng<\/b><span style=\"font-weight: 400;\"> khi m\u1ea5t \u0111i\u1ec7n (ch\u1ec9 c\u1ea7n s\u1ea1c \u0111\u1ecbnh k\u1ef3).<\/span><span style=\"font-weight: 400;\"><br \/>\n<\/span><\/li>\n<\/ul>\n<figure id=\"attachment_24768\" aria-describedby=\"caption-attachment-24768\" style=\"width: 625px\" class=\"wp-caption aligncenter\"><img loading=\"lazy\" decoding=\"async\" class=\"wp-image-24768 size-full\" src=\"https:\/\/kawasan.vn\/wp-content\/uploads\/2025\/06\/screenshot_1749204337.png\" alt=\"\" width=\"625\" height=\"594\" srcset=\"https:\/\/kawasan.vn\/wp-content\/uploads\/2025\/06\/screenshot_1749204337.png 625w, https:\/\/kawasan.vn\/wp-content\/uploads\/2025\/06\/screenshot_1749204337-400x380.png 400w\" sizes=\"auto, (max-width: 625px) 100vw, 625px\" \/><figcaption id=\"caption-attachment-24768\" class=\"wp-caption-text\">L\u1eafp \u0111\u1eb7t cho nh\u00e0 b\u1ebfp<\/figcaption><\/figure>\n<p><b>L\u1ee2I \u00cdCH KHI S\u1ede H\u1eeeU 3SAL03-R\u00a0<\/b><\/p>\n<ul>\n<li><b>T\u0103ng c\u01b0\u1eddng an to\u00e0n ch\u00e1y n\u1ed5<\/b><span style=\"font-weight: 400;\"> cho c\u1ea3 gia \u0111\u00ecnh, c\u1eeda h\u00e0ng, kho x\u01b0\u1edfng.<\/span><\/li>\n<li><b>L\u1eafp \u0111\u1eb7t nhanh ch\u00f3ng<\/b><span style=\"font-weight: 400;\">, kh\u00f4ng c\u1ea7n thi c\u00f4ng r\u01b0\u1eddm r\u00e0 \u2013 ai c\u0169ng t\u1ef1 l\u1eafp \u0111\u01b0\u1ee3c.<\/span><\/li>\n<li><b>Ti\u1ebft ki\u1ec7m chi ph\u00ed<\/b><span style=\"font-weight: 400;\">, kh\u00f4ng c\u1ea7n \u0111\u1ea7u t\u01b0 h\u1ec7 th\u1ed1ng c\u00f3 d\u00e2y \u0111\u1eaft \u0111\u1ecf.<\/span><\/li>\n<li><b>D\u1ec5 s\u1eed d\u1ee5ng v\u00e0 \u0111i\u1ec1u khi\u1ec3n<\/b><span style=\"font-weight: 400;\">, k\u1ec3 c\u1ea3 ng\u01b0\u1eddi kh\u00f4ng r\u00e0nh c\u00f4ng ngh\u1ec7.<\/span><\/li>\n<li><b>An t\u00e2m tuy\u1ec7t \u0111\u1ed1i khi v\u1eafng nh\u00e0<\/b><span style=\"font-weight: 400;\"> \u2013 h\u1ec7 th\u1ed1ng v\u1eabn ho\u1ea1t \u0111\u1ed9ng v\u00e0 ph\u00e1t c\u00f2i nh\u1edd pin d\u1ef1 ph\u00f2ng.<\/span><\/li>\n<li><b>B\u1ea3o v\u1ec7 ch\u1ee7 \u0111\u1ed9ng \u2013 ph\u1ea3n \u1ee9ng nhanh<\/b><span style=\"font-weight: 400;\"> ngay khi ph\u00e1t hi\u1ec7n kh\u00f3i.<\/span><\/li>\n<\/ul>\n<figure id=\"attachment_24766\" aria-describedby=\"caption-attachment-24766\" style=\"width: 633px\" class=\"wp-caption aligncenter\"><img loading=\"lazy\" decoding=\"async\" class=\"wp-image-24766 size-full\" src=\"https:\/\/kawasan.vn\/wp-content\/uploads\/2025\/06\/screenshot_1749204077.png\" alt=\"L\u1eafp \u0111\u1eb7t cho nh\u00e0 kho\" width=\"633\" height=\"631\" srcset=\"https:\/\/kawasan.vn\/wp-content\/uploads\/2025\/06\/screenshot_1749204077.png 633w, https:\/\/kawasan.vn\/wp-content\/uploads\/2025\/06\/screenshot_1749204077-400x399.png 400w\" sizes=\"auto, (max-width: 633px) 100vw, 633px\" \/><figcaption id=\"caption-attachment-24766\" class=\"wp-caption-text\">L\u1eafp \u0111\u1eb7t cho nh\u00e0 kho<\/figcaption><\/figure>\n<p><b>V\u00cc SAO B\u1ea0N N\u00caN CH\u1eccN 3SAL03-R?<\/b><\/p>\n<ul>\n<li><span style=\"font-weight: 400;\">S\u1ea3n ph\u1ea9m thu\u1ed9c th\u01b0\u01a1ng hi\u1ec7u <\/span><b>Kawasan<\/b><span style=\"font-weight: 400;\"> \u2013 chuy\u00ean thi\u1ebft b\u1ecb \u0111i\u1ec7n th\u00f4ng minh, an to\u00e0n h\u00e0ng \u0111\u1ea7u Vi\u1ec7t Nam.<\/span><\/li>\n<li><b>C\u00f4ng ngh\u1ec7 kh\u00f4ng d\u00e2y \u1ed5n \u0111\u1ecbnh<\/b><span style=\"font-weight: 400;\">, d\u1ec5 d\u00e0ng m\u1edf r\u1ed9ng th\u00eam \u0111\u1ea7u b\u00e1o ho\u1eb7c thi\u1ebft b\u1ecb \u0111i\u1ec1u khi\u1ec3n.<\/span><\/li>\n<li><b>Thi\u1ebft k\u1ebf hi\u1ec7n \u0111\u1ea1i<\/b><span style=\"font-weight: 400;\">, nh\u1ecf g\u1ecdn, ph\u00f9 h\u1ee3p v\u1edbi m\u1ecdi kh\u00f4ng gian s\u1ed1ng ho\u1eb7c kinh doanh.<\/span><\/li>\n<li><b>Ch\u00ednh s\u00e1ch b\u1ea3o h\u00e0nh ch\u00ednh h\u00e3ng<\/b><span style=\"font-weight: 400;\">, h\u1ed7 tr\u1ee3 k\u1ef9 thu\u1eadt nhanh ch\u00f3ng.<\/span><\/li>\n<li><span style=\"font-weight: 400;\">Gi\u1ea3i ph\u00e1p t\u1ed1i \u01b0u cho c\u1ea3 <\/span><b>nhu c\u1ea7u c\u00e1 nh\u00e2n l\u1eabn chuy\u00ean nghi\u1ec7p<\/b><span style=\"font-weight: 400;\">.<\/span><\/li>\n<\/ul>\n<p><b>B\u1ed8 S\u1ea2N PH\u1ea8M BAO G\u1ed2M<\/b><\/p>\n<ul>\n<li style=\"font-weight: 400;\" aria-level=\"1\"><span style=\"font-weight: 400;\">01 C\u00f2i b\u00e1o \u0111\u1ed9ng \u0111i\u1ec1u khi\u1ec3n t\u1eeb xa AL03A-R<\/span><span style=\"font-weight: 400;\"><br \/>\n<\/span><\/li>\n<li style=\"font-weight: 400;\" aria-level=\"1\"><span style=\"font-weight: 400;\">03 \u0110\u1ea7u b\u00e1o kh\u00f3i SM03<\/span><span style=\"font-weight: 400;\"><br \/>\n<\/span><\/li>\n<li style=\"font-weight: 400;\" aria-level=\"1\"><span style=\"font-weight: 400;\">01 Adaptor chuy\u1ec3n ngu\u1ed3n 220V \u2013 12V<\/span><span style=\"font-weight: 400;\"><br \/>\n<\/span><\/li>\n<li style=\"font-weight: 400;\" aria-level=\"1\"><span style=\"font-weight: 400;\">H\u01b0\u1edbng d\u1eabn s\u1eed d\u1ee5ng chi ti\u1ebft + ph\u1ee5 ki\u1ec7n l\u1eafp \u0111\u1eb7t<\/span><span style=\"font-weight: 400;\"><br \/>\n<\/span><\/li>\n<\/ul>\n<p><span style=\"font-weight: 400;\">\ud83d\udc49 <\/span><b>M\u00e3 s\u1ea3n ph\u1ea9m:<\/b><span style=\"font-weight: 400;\"> 3SAL03-R<\/span><span style=\"font-weight: 400;\"><br \/>\n<\/span><span style=\"font-weight: 400;\"> \ud83d\udc49 <\/span><b>Th\u01b0\u01a1ng hi\u1ec7u:<\/b><span style=\"font-weight: 400;\"> Kawasan<\/span><span style=\"font-weight: 400;\"><br \/>\n<\/span><span style=\"font-weight: 400;\"> \ud83d\udc49 <\/span><b>B\u1ea3o h\u00e0nh:<\/b><span style=\"font-weight: 400;\"> Ch\u00ednh h\u00e3ng 12 th\u00e1ng<\/span><\/p>\n<p style=\"text-align: center;\"><strong>Thank you for trusting Kawasan products!<\/strong><\/p>\n<p style=\"text-align: center;\"><strong>Toll-Free Consulting Hotline:\u00a0<\/strong><strong>1800 0058<\/strong><\/p>\n<p style=\"text-align: center;\" align=\"center\"><strong>Trang web:\u00a0\u00a0<\/strong><a href=\"https:\/\/kawasan.vn\/en\/\"><strong>www.kawasan.vn<\/strong><\/a><\/p>\n<p style=\"text-align: center;\" align=\"center\"><strong>Trang web:\u00a0\u00a0<\/strong><a href=\"https:\/\/kawaled.com.vn\/\"><strong>www.kawaled.com.vn<\/strong><\/a><\/p>","protected":false},"excerpt":{"rendered":"<p>B\u1ed9 b\u00e1o kh\u00f3i kh\u00f4ng d\u00e2y c\u00f3 \u0111i\u1ec1u khi\u1ec3n t\u1eeb xa 3SAL03-R B\u00e1o \u0111\u1ed9ng ch\u00e1y nhanh \u2013 B\u1ea3o v\u1ec7 k\u1ecbp th\u1eddi \u2013 An t\u00e2m m\u1ecdi l\u00fac m\u1ecdi n\u01a1i B\u1ea1n \u0111ang t\u00ecm ki\u1ebfm m\u1ed9t gi\u1ea3i ph\u00e1p ph\u00f2ng ch\u00e1y an to\u00e0n, l\u1eafp \u0111\u1eb7t nhanh ch\u00f3ng, ho\u1ea1t \u0111\u1ed9ng \u1ed5n \u0111\u1ecbnh m\u00e0 kh\u00f4ng c\u1ea7n \u0111i d\u00e2y ph\u1ee9c t\u1ea1p? B\u1ed9 b\u00e1o [&hellip;]<\/p>","protected":false},"featured_media":24774,"comment_status":"open","ping_status":"closed","template":"","meta":{"_yoast_wpseo_focuskw":"B\u1ed9 b\u00e1o kh\u00f3i kh\u00f4ng d\u00e2y","_yoast_wpseo_metadesc":"S\u1ea3n ph\u1ea9m l\u00e0 s\u1ef1 k\u1ebft h\u1ee3p th\u00f4ng minh gi\u1eefa c\u00f2i b\u00e1o \u0111\u1ed9ng \u0111i\u1ec1u khi\u1ec3n t\u1eeb xa AL03A-R v\u00e0 3 c\u1ea3m bi\u1ebfn kh\u00f3i SM03, thi\u1ebft k\u1ebf hi\u1ec7n \u0111\u1ea1i, d\u1ec5 s\u1eed d\u1ee5ng, mang l\u1ea1i hi\u1ec7u qu\u1ea3","_yoast_wpseo_focuskeywords":"[{\"keyword\":\" c\u00f2i b\u00e1o \u0111\u1ed9ng \u0111i\u1ec1u khi\u1ec3n t\u1eeb xa\",\"score\":73},{\"keyword\":\"c\u1ea3m bi\u1ebfn kh\u00f3i\",\"score\":69}]","_yoast_wpseo_keyword_synonyms":""},"product_cat":[15],"product_tag":[],"class_list":["post-24763","product","type-product","status-publish","has-post-thumbnail","hentry","product_cat-cong-tac-cam-ung-chuyen-dong"],"acf":[],"yoast_head":"<!-- This site is optimized with the Yoast SEO Premium plugin v24.9 (Yoast SEO v24.9) - https:\/\/yoast.com\/wordpress\/plugins\/seo\/ -->\n<title>B\u1ed9 B\u00e1o Kh\u00f3i Kh\u00f4ng D\u00e2y, C\u00f3 \u0110i\u1ec1u Khi\u1ec3n T\u1eeb Xa 3SAL03A-R - Kawasan<\/title>\n<meta name=\"description\" content=\"S\u1ea3n ph\u1ea9m l\u00e0 s\u1ef1 k\u1ebft h\u1ee3p th\u00f4ng minh gi\u1eefa c\u00f2i b\u00e1o \u0111\u1ed9ng \u0111i\u1ec1u khi\u1ec3n t\u1eeb xa AL03A-R v\u00e0 3 c\u1ea3m bi\u1ebfn kh\u00f3i SM03, thi\u1ebft k\u1ebf hi\u1ec7n \u0111\u1ea1i, d\u1ec5 s\u1eed d\u1ee5ng, mang l\u1ea1i hi\u1ec7u qu\u1ea3\" \/>\n<meta name=\"robots\" content=\"index, follow, max-snippet:-1, max-image-preview:large, max-video-preview:-1\" \/>\n<link rel=\"canonical\" href=\"https:\/\/kawasan.vn\/en\/product\/bo-bao-khoi-khong-day-co-dieu-khien-tu-xa-3sal03a-r\/\" \/>\n<meta property=\"og:locale\" content=\"en_US\" \/>\n<meta property=\"og:type\" content=\"article\" \/>\n<meta property=\"og:title\" content=\"B\u1ed9 B\u00e1o Kh\u00f3i Kh\u00f4ng D\u00e2y, C\u00f3 \u0110i\u1ec1u Khi\u1ec3n T\u1eeb Xa 3SAL03A-R\" \/>\n<meta property=\"og:description\" content=\"S\u1ea3n ph\u1ea9m l\u00e0 s\u1ef1 k\u1ebft h\u1ee3p th\u00f4ng minh gi\u1eefa c\u00f2i b\u00e1o \u0111\u1ed9ng \u0111i\u1ec1u khi\u1ec3n t\u1eeb xa AL03A-R v\u00e0 3 c\u1ea3m bi\u1ebfn kh\u00f3i SM03, thi\u1ebft k\u1ebf hi\u1ec7n \u0111\u1ea1i, d\u1ec5 s\u1eed d\u1ee5ng, mang l\u1ea1i hi\u1ec7u qu\u1ea3\" \/>\n<meta property=\"og:url\" content=\"https:\/\/kawasan.vn\/en\/product\/bo-bao-khoi-khong-day-co-dieu-khien-tu-xa-3sal03a-r\/\" \/>\n<meta property=\"og:site_name\" content=\"Kawasan\" \/>\n<meta property=\"article:modified_time\" content=\"2025-08-23T01:31:42+00:00\" \/>\n<meta property=\"og:image\" content=\"https:\/\/kawasan.vn\/wp-content\/uploads\/2025\/06\/den-cam-ung-anh-sst2-web-1.png\" \/>\n\t<meta property=\"og:image:width\" content=\"1080\" \/>\n\t<meta property=\"og:image:height\" content=\"1080\" \/>\n\t<meta property=\"og:image:type\" content=\"image\/png\" \/>\n<meta name=\"twitter:card\" content=\"summary_large_image\" \/>\n<meta name=\"twitter:label1\" content=\"Est. reading time\" \/>\n\t<meta name=\"twitter:data1\" content=\"5 minutes\" \/>\n<script type=\"application\/ld+json\" class=\"yoast-schema-graph\">{\"@context\":\"https:\/\/schema.org\",\"@graph\":[{\"@type\":\"WebPage\",\"@id\":\"https:\/\/kawasan.vn\/san-pham\/bo-bao-khoi-khong-day-co-dieu-khien-tu-xa-3sal03a-r\/\",\"url\":\"https:\/\/kawasan.vn\/san-pham\/bo-bao-khoi-khong-day-co-dieu-khien-tu-xa-3sal03a-r\/\",\"name\":\"B\u1ed9 B\u00e1o Kh\u00f3i Kh\u00f4ng D\u00e2y, C\u00f3 \u0110i\u1ec1u Khi\u1ec3n T\u1eeb Xa 3SAL03A-R - Kawasan\",\"isPartOf\":{\"@id\":\"https:\/\/kawasan.vn\/#website\"},\"primaryImageOfPage\":{\"@id\":\"https:\/\/kawasan.vn\/san-pham\/bo-bao-khoi-khong-day-co-dieu-khien-tu-xa-3sal03a-r\/#primaryimage\"},\"image\":{\"@id\":\"https:\/\/kawasan.vn\/san-pham\/bo-bao-khoi-khong-day-co-dieu-khien-tu-xa-3sal03a-r\/#primaryimage\"},\"thumbnailUrl\":\"https:\/\/kawasan.vn\/wp-content\/uploads\/2025\/06\/den-cam-ung-anh-sst2-web-1.png\",\"datePublished\":\"2025-06-07T02:10:37+00:00\",\"dateModified\":\"2025-08-23T01:31:42+00:00\",\"description\":\"S\u1ea3n ph\u1ea9m l\u00e0 s\u1ef1 k\u1ebft h\u1ee3p th\u00f4ng minh gi\u1eefa c\u00f2i b\u00e1o \u0111\u1ed9ng \u0111i\u1ec1u khi\u1ec3n t\u1eeb xa AL03A-R v\u00e0 3 c\u1ea3m bi\u1ebfn kh\u00f3i SM03, thi\u1ebft k\u1ebf hi\u1ec7n \u0111\u1ea1i, d\u1ec5 s\u1eed d\u1ee5ng, mang l\u1ea1i hi\u1ec7u qu\u1ea3\",\"breadcrumb\":{\"@id\":\"https:\/\/kawasan.vn\/san-pham\/bo-bao-khoi-khong-day-co-dieu-khien-tu-xa-3sal03a-r\/#breadcrumb\"},\"inLanguage\":\"en-US\",\"potentialAction\":[{\"@type\":\"ReadAction\",\"target\":[\"https:\/\/kawasan.vn\/san-pham\/bo-bao-khoi-khong-day-co-dieu-khien-tu-xa-3sal03a-r\/\"]}]},{\"@type\":\"ImageObject\",\"inLanguage\":\"en-US\",\"@id\":\"https:\/\/kawasan.vn\/san-pham\/bo-bao-khoi-khong-day-co-dieu-khien-tu-xa-3sal03a-r\/#primaryimage\",\"url\":\"https:\/\/kawasan.vn\/wp-content\/uploads\/2025\/06\/den-cam-ung-anh-sst2-web-1.png\",\"contentUrl\":\"https:\/\/kawasan.vn\/wp-content\/uploads\/2025\/06\/den-cam-ung-anh-sst2-web-1.png\",\"width\":1080,\"height\":1080,\"caption\":\"B\u1ed9 b\u00e1o kh\u00f3i kh\u00f4ng d\u00e2y\"},{\"@type\":\"BreadcrumbList\",\"@id\":\"https:\/\/kawasan.vn\/san-pham\/bo-bao-khoi-khong-day-co-dieu-khien-tu-xa-3sal03a-r\/#breadcrumb\",\"itemListElement\":[{\"@type\":\"ListItem\",\"position\":1,\"name\":\"Trang ch\u1ee7\",\"item\":\"https:\/\/kawasan.vn\/\"},{\"@type\":\"ListItem\",\"position\":2,\"name\":\"S\u1ea3n ph\u1ea9m\",\"item\":\"https:\/\/kawasan.vn\/san-pham\/\"},{\"@type\":\"ListItem\",\"position\":3,\"name\":\"B\u1ed9 B\u00e1o Kh\u00f3i Kh\u00f4ng D\u00e2y, C\u00f3 \u0110i\u1ec1u Khi\u1ec3n T\u1eeb Xa 3SAL03A-R\"}]},{\"@type\":\"WebSite\",\"@id\":\"https:\/\/kawasan.vn\/#website\",\"url\":\"https:\/\/kawasan.vn\/\",\"name\":\"Kawasan\",\"description\":\"\",\"potentialAction\":[{\"@type\":\"SearchAction\",\"target\":{\"@type\":\"EntryPoint\",\"urlTemplate\":\"https:\/\/kawasan.vn\/?s={search_term_string}\"},\"query-input\":{\"@type\":\"PropertyValueSpecification\",\"valueRequired\":true,\"valueName\":\"search_term_string\"}}],\"inLanguage\":\"en-US\"}]}<\/script>\n<!-- \/ Yoast SEO Premium plugin. -->","yoast_head_json":{"title":"B\u1ed9 B\u00e1o Kh\u00f3i Kh\u00f4ng D\u00e2y, C\u00f3 \u0110i\u1ec1u Khi\u1ec3n T\u1eeb Xa 3SAL03A-R - Kawasan","description":"S\u1ea3n ph\u1ea9m l\u00e0 s\u1ef1 k\u1ebft h\u1ee3p th\u00f4ng minh gi\u1eefa c\u00f2i b\u00e1o \u0111\u1ed9ng \u0111i\u1ec1u khi\u1ec3n t\u1eeb xa AL03A-R v\u00e0 3 c\u1ea3m bi\u1ebfn kh\u00f3i SM03, thi\u1ebft k\u1ebf hi\u1ec7n \u0111\u1ea1i, d\u1ec5 s\u1eed d\u1ee5ng, mang l\u1ea1i hi\u1ec7u qu\u1ea3","robots":{"index":"index","follow":"follow","max-snippet":"max-snippet:-1","max-image-preview":"max-image-preview:large","max-video-preview":"max-video-preview:-1"},"canonical":"https:\/\/kawasan.vn\/en\/product\/bo-bao-khoi-khong-day-co-dieu-khien-tu-xa-3sal03a-r\/","og_locale":"en_US","og_type":"article","og_title":"B\u1ed9 B\u00e1o Kh\u00f3i Kh\u00f4ng D\u00e2y, C\u00f3 \u0110i\u1ec1u Khi\u1ec3n T\u1eeb Xa 3SAL03A-R","og_description":"S\u1ea3n ph\u1ea9m l\u00e0 s\u1ef1 k\u1ebft h\u1ee3p th\u00f4ng minh gi\u1eefa c\u00f2i b\u00e1o \u0111\u1ed9ng \u0111i\u1ec1u khi\u1ec3n t\u1eeb xa AL03A-R v\u00e0 3 c\u1ea3m bi\u1ebfn kh\u00f3i SM03, thi\u1ebft k\u1ebf hi\u1ec7n \u0111\u1ea1i, d\u1ec5 s\u1eed d\u1ee5ng, mang l\u1ea1i hi\u1ec7u qu\u1ea3","og_url":"https:\/\/kawasan.vn\/en\/product\/bo-bao-khoi-khong-day-co-dieu-khien-tu-xa-3sal03a-r\/","og_site_name":"Kawasan","article_modified_time":"2025-08-23T01:31:42+00:00","og_image":[{"width":1080,"height":1080,"url":"https:\/\/kawasan.vn\/wp-content\/uploads\/2025\/06\/den-cam-ung-anh-sst2-web-1.png","type":"image\/png"}],"twitter_card":"summary_large_image","twitter_misc":{"Est. reading time":"5 minutes"},"schema":{"@context":"https:\/\/schema.org","@graph":[{"@type":"WebPage","@id":"https:\/\/kawasan.vn\/san-pham\/bo-bao-khoi-khong-day-co-dieu-khien-tu-xa-3sal03a-r\/","url":"https:\/\/kawasan.vn\/san-pham\/bo-bao-khoi-khong-day-co-dieu-khien-tu-xa-3sal03a-r\/","name":"B\u1ed9 B\u00e1o Kh\u00f3i Kh\u00f4ng D\u00e2y, C\u00f3 \u0110i\u1ec1u Khi\u1ec3n T\u1eeb Xa 3SAL03A-R - Kawasan","isPartOf":{"@id":"https:\/\/kawasan.vn\/#website"},"primaryImageOfPage":{"@id":"https:\/\/kawasan.vn\/san-pham\/bo-bao-khoi-khong-day-co-dieu-khien-tu-xa-3sal03a-r\/#primaryimage"},"image":{"@id":"https:\/\/kawasan.vn\/san-pham\/bo-bao-khoi-khong-day-co-dieu-khien-tu-xa-3sal03a-r\/#primaryimage"},"thumbnailUrl":"https:\/\/kawasan.vn\/wp-content\/uploads\/2025\/06\/den-cam-ung-anh-sst2-web-1.png","datePublished":"2025-06-07T02:10:37+00:00","dateModified":"2025-08-23T01:31:42+00:00","description":"S\u1ea3n ph\u1ea9m l\u00e0 s\u1ef1 k\u1ebft h\u1ee3p th\u00f4ng minh gi\u1eefa c\u00f2i b\u00e1o \u0111\u1ed9ng \u0111i\u1ec1u khi\u1ec3n t\u1eeb xa AL03A-R v\u00e0 3 c\u1ea3m bi\u1ebfn kh\u00f3i SM03, thi\u1ebft k\u1ebf hi\u1ec7n \u0111\u1ea1i, d\u1ec5 s\u1eed d\u1ee5ng, mang l\u1ea1i hi\u1ec7u qu\u1ea3","breadcrumb":{"@id":"https:\/\/kawasan.vn\/san-pham\/bo-bao-khoi-khong-day-co-dieu-khien-tu-xa-3sal03a-r\/#breadcrumb"},"inLanguage":"en-US","potentialAction":[{"@type":"ReadAction","target":["https:\/\/kawasan.vn\/san-pham\/bo-bao-khoi-khong-day-co-dieu-khien-tu-xa-3sal03a-r\/"]}]},{"@type":"ImageObject","inLanguage":"en-US","@id":"https:\/\/kawasan.vn\/san-pham\/bo-bao-khoi-khong-day-co-dieu-khien-tu-xa-3sal03a-r\/#primaryimage","url":"https:\/\/kawasan.vn\/wp-content\/uploads\/2025\/06\/den-cam-ung-anh-sst2-web-1.png","contentUrl":"https:\/\/kawasan.vn\/wp-content\/uploads\/2025\/06\/den-cam-ung-anh-sst2-web-1.png","width":1080,"height":1080,"caption":"B\u1ed9 b\u00e1o kh\u00f3i kh\u00f4ng d\u00e2y"},{"@type":"BreadcrumbList","@id":"https:\/\/kawasan.vn\/san-pham\/bo-bao-khoi-khong-day-co-dieu-khien-tu-xa-3sal03a-r\/#breadcrumb","itemListElement":[{"@type":"ListItem","position":1,"name":"Trang ch\u1ee7","item":"https:\/\/kawasan.vn\/"},{"@type":"ListItem","position":2,"name":"S\u1ea3n ph\u1ea9m","item":"https:\/\/kawasan.vn\/san-pham\/"},{"@type":"ListItem","position":3,"name":"B\u1ed9 B\u00e1o Kh\u00f3i Kh\u00f4ng D\u00e2y, C\u00f3 \u0110i\u1ec1u Khi\u1ec3n T\u1eeb Xa 3SAL03A-R"}]},{"@type":"WebSite","@id":"https:\/\/kawasan.vn\/#website","url":"https:\/\/kawasan.vn\/","name":"Kawasan","description":"","potentialAction":[{"@type":"SearchAction","target":{"@type":"EntryPoint","urlTemplate":"https:\/\/kawasan.vn\/?s={search_term_string}"},"query-input":{"@type":"PropertyValueSpecification","valueRequired":true,"valueName":"search_term_string"}}],"inLanguage":"en-US"}]}},"_links":{"self":[{"href":"https:\/\/kawasan.vn\/en\/wp-json\/wp\/v2\/product\/24763","targetHints":{"allow":["GET"]}}],"collection":[{"href":"https:\/\/kawasan.vn\/en\/wp-json\/wp\/v2\/product"}],"about":[{"href":"https:\/\/kawasan.vn\/en\/wp-json\/wp\/v2\/types\/product"}],"replies":[{"embeddable":true,"href":"https:\/\/kawasan.vn\/en\/wp-json\/wp\/v2\/comments?post=24763"}],"version-history":[{"count":3,"href":"https:\/\/kawasan.vn\/en\/wp-json\/wp\/v2\/product\/24763\/revisions"}],"predecessor-version":[{"id":26341,"href":"https:\/\/kawasan.vn\/en\/wp-json\/wp\/v2\/product\/24763\/revisions\/26341"}],"wp:featuredmedia":[{"embeddable":true,"href":"https:\/\/kawasan.vn\/en\/wp-json\/wp\/v2\/media\/24774"}],"wp:attachment":[{"href":"https:\/\/kawasan.vn\/en\/wp-json\/wp\/v2\/media?parent=24763"}],"wp:term":[{"taxonomy":"product_cat","embeddable":true,"href":"https:\/\/kawasan.vn\/en\/wp-json\/wp\/v2\/product_cat?post=24763"},{"taxonomy":"product_tag","embeddable":true,"href":"https:\/\/kawasan.vn\/en\/wp-json\/wp\/v2\/product_tag?post=24763"}],"curies":[{"name":"wp","href":"https:\/\/api.w.org\/{rel}","templated":true}]}}