{"id":24760,"date":"2025-06-06T17:08:02","date_gmt":"2025-06-06T10:08:02","guid":{"rendered":"https:\/\/kawasan.vn\/?post_type=product&#038;p=24760"},"modified":"2025-08-28T08:00:26","modified_gmt":"2025-08-28T01:00:26","slug":"bo-bao-khoi-dieu-khien-tu-xa-sal03a-r","status":"publish","type":"product","link":"https:\/\/kawasan.vn\/en\/product\/bo-bao-khoi-dieu-khien-tu-xa-sal03a-r\/","title":{"rendered":"B\u1ed9 B\u00e1o Kh\u00f3i \u0110i\u1ec1u Khi\u1ec3n T\u1eeb Xa SAL03A-R"},"content":{"rendered":"<p><strong>B\u1ed8 B\u00c1O KH\u00d3I KH\u00d4NG D\u00c2Y C\u00d3 \u0110I\u1ec0U KHI\u1ec2N T\u1eea XA SAL03-R \u2013 PH\u00c1T HI\u1ec6N KH\u00d3I NHANH, C\u1ea2NH B\u00c1O K\u1ecaP TH\u1edcI, AN TO\u00c0N TUY\u1ec6T \u0110\u1ed0I<\/strong><\/p>\n<p><strong>M\u00e3 s\u1ea3n ph\u1ea9m:<\/strong> SAL03-R<br \/>\n<strong>Th\u01b0\u01a1ng hi\u1ec7u:<\/strong> KAWASAN<br \/>\n<strong>Bao g\u1ed3m:<\/strong> 1 c\u00f2i b\u00e1o \u0111\u1ed9ng \u0111i\u1ec1u khi\u1ec3n t\u1eeb xa AL03A-R + 1 \u0111\u1ea7u b\u00e1o kh\u00f3i kh\u00f4ng d\u00e2y SM03<\/p>\n<figure id=\"attachment_24767\" aria-describedby=\"caption-attachment-24767\" style=\"width: 619px\" class=\"wp-caption aligncenter\"><img loading=\"lazy\" decoding=\"async\" class=\"wp-image-24767 size-full\" src=\"https:\/\/kawasan.vn\/wp-content\/uploads\/2025\/06\/screenshot_1749204259.png\" alt=\"B\u1ed9 B\u00e1o Kh\u00f3i \u0110i\u1ec1u Khi\u1ec3n T\u1eeb Xa SAL03A-R\" width=\"619\" height=\"378\" srcset=\"https:\/\/kawasan.vn\/wp-content\/uploads\/2025\/06\/screenshot_1749204259.png 619w, https:\/\/kawasan.vn\/wp-content\/uploads\/2025\/06\/screenshot_1749204259-400x244.png 400w\" sizes=\"auto, (max-width: 619px) 100vw, 619px\" \/><figcaption id=\"caption-attachment-24767\" class=\"wp-caption-text\">B\u1ed9 B\u00e1o Kh\u00f3i \u0110i\u1ec1u Khi\u1ec3n T\u1eeb Xa SAL03A-R<\/figcaption><\/figure>\n<ol>\n<li><strong> T\u00cdNH N\u0102NG N\u1ed4I B\u1eacT<\/strong><\/li>\n<\/ol>\n<p><strong>C\u1ea3nh b\u00e1o kh\u00f3i ho\u00e0n to\u00e0n kh\u00f4ng d\u00e2y:<\/strong><br \/>\n\u0110\u1ea7u b\u00e1o kh\u00f3i SM03 t\u1ef1 \u0111\u1ed9ng ph\u00e1t hi\u1ec7n kh\u00f3i v\u00e0 truy\u1ec1n t\u00edn hi\u1ec7u \u0111\u1ebfn c\u00f2i h\u00fa AL03A-R, gi\u00fap c\u1ea3nh b\u00e1o nhanh ch\u00f3ng m\u00e0 kh\u00f4ng c\u1ea7n \u0111i d\u00e2y r\u01b0\u1eddm r\u00e0.<\/p>\n<p><strong>\u00c2m l\u01b0\u1ee3ng c\u00f2i c\u1ef1c l\u1edbn \u2013 \u0111i\u1ec1u ch\u1ec9nh linh ho\u1ea1t:<\/strong><br \/>\nC\u00f2i b\u00e1o \u0111\u1ed9ng AL03A-R c\u00f3 th\u1ec3 ph\u00e1t \u00e2m thanh b\u00e1o \u0111\u1ed9ng l\u1edbn l\u00ean \u0111\u1ebfn <strong>150dB<\/strong>, \u0111\u1ed3ng th\u1eddi cho ph\u00e9p <strong>t\u0103ng\/gi\u1ea3m \u00e2m l\u01b0\u1ee3ng t\u00f9y \u00fd<\/strong> \u0111\u1ec3 ph\u00f9 h\u1ee3p v\u1edbi kh\u00f4ng gian l\u1eafp \u0111\u1eb7t (nh\u00e0 \u1edf, v\u0103n ph\u00f2ng, ph\u00f2ng tr\u1ecd&#8230;).<\/p>\n<p><strong>T\u00edch h\u1ee3p \u0111i\u1ec1u khi\u1ec3n t\u1eeb xa:<\/strong><br \/>\nB\u1ed9 s\u1ea3n ph\u1ea9m \u0111i k\u00e8m remote gi\u00fap <strong>b\u1eadt\/t\u1eaft c\u00f2i<\/strong> d\u1ec5 d\u00e0ng ch\u1ec9 v\u1edbi 1 n\u00fat nh\u1ea5n \u2013 c\u1ef1c k\u1ef3 ti\u1ec7n l\u1ee3i trong c\u00e1c t\u00ecnh hu\u1ed1ng kh\u1ea9n c\u1ea5p ho\u1eb7c khi c\u1ea7n d\u1eebng b\u00e1o \u0111\u1ed9ng.<\/p>\n<p><strong>H\u1ed7 tr\u1ee3 th\u00eam n\u00fat nh\u1ea5n kh\u1ea9n c\u1ea5p:<\/strong><br \/>\nC\u00f3 th\u1ec3 k\u1ebft n\u1ed1i th\u00eam n\u00fat nh\u1ea5n ngo\u00e0i \u0111\u1ec3 ch\u1ee7 \u0111\u1ed9ng <strong>g\u1eedi t\u00edn hi\u1ec7u b\u00e1o \u0111\u1ed9ng b\u1eb1ng tay<\/strong>, ph\u00f9 h\u1ee3p v\u1edbi ng\u01b0\u1eddi gi\u00e0, tr\u1ebb nh\u1ecf ho\u1eb7c nh\u00e2n vi\u00ean ph\u00e1t hi\u1ec7n s\u1ef1 c\u1ed1 s\u1edbm.<\/p>\n<p><strong>M\u1edf r\u1ed9ng l\u00ean \u0111\u1ebfn 25 \u0111\u1ea7u b\u00e1o kh\u00f3i:<\/strong><br \/>\nM\u1ed9t c\u00f2i AL03A-R c\u00f3 th\u1ec3 nh\u1eadn t\u00edn hi\u1ec7u t\u1eeb <strong>t\u1ed1i \u0111a 25 c\u1ea3m bi\u1ebfn b\u00e1o kh\u00f3i SM03<\/strong>, th\u00edch h\u1ee3p cho h\u1ec7 th\u1ed1ng b\u00e1o ch\u00e1y \u0111\u01a1n gi\u1ea3n trong nh\u00e0 tr\u1ecd, v\u0103n ph\u00f2ng nh\u1ecf ho\u1eb7c c\u1eeda h\u00e0ng.<\/p>\n<p><strong>T\u00f9y ch\u1ecdn ch\u1ebf \u0111\u1ed9 h\u00fa c\u00f2i:<\/strong><br \/>\nNg\u01b0\u1eddi d\u00f9ng c\u00f3 th\u1ec3 ch\u1ecdn <strong>h\u00fa li\u00ean t\u1ee5c<\/strong> ho\u1eb7c <strong>h\u00fa trong 60 gi\u00e2y r\u1ed3i t\u1ef1 t\u1eaft<\/strong>, ph\u00f9 h\u1ee3p v\u1edbi t\u1eebng k\u1ecbch b\u1ea3n s\u1eed d\u1ee5ng.<\/p>\n<p><strong>Linh ho\u1ea1t ngu\u1ed3n c\u1ea5p:<\/strong><br \/>\n\u2013 S\u1eed d\u1ee5ng <strong>ngu\u1ed3n adaptor 220V \u2013 12VDC<\/strong> (c\u00f3 s\u1eb5n trong b\u1ed9 s\u1ea3n ph\u1ea9m)<br \/>\n\u2013 Ho\u1eb7c d\u00f9ng <strong>b\u00ecnh \u1eafc quy 12V\u201310A<\/strong>, ho\u1ea1t \u0111\u1ed9ng li\u00ean t\u1ee5c trong <strong>3 th\u00e1ng<\/strong>, \u0111\u1ea3m b\u1ea3o c\u1ea3nh b\u00e1o ngay c\u1ea3 khi m\u1ea5t \u0111i\u1ec7n (c\u1ea7n s\u1ea1c l\u1ea1i \u0111\u1ecbnh k\u1ef3 sau 3 th\u00e1ng).<\/p>\n<ol start=\"2\">\n<li><strong>L\u1ee3i \u00cdch Khi S\u1eed D\u1ee5ng B\u1ed9 B\u00e1o Kh\u00f3i \u0110i\u1ec1u Khi\u1ec3n T\u1eeb Xa SAL03A-R\u00a0<\/strong><\/li>\n<\/ol>\n<p><strong>An to\u00e0n ch\u1ee7 \u0111\u1ed9ng cho gia \u0111\u00ecnh v\u00e0 t\u00e0i s\u1ea3n:<\/strong><br \/>\nPh\u00e1t hi\u1ec7n kh\u00f3i s\u1edbm \u2013 c\u1ea3nh b\u00e1o k\u1ecbp th\u1eddi \u2013 h\u1ea1n ch\u1ebf r\u1ee7i ro ch\u00e1y lan nguy hi\u1ec3m.<\/p>\n<p><strong>Kh\u00f4ng c\u1ea7n h\u1ec7 th\u1ed1ng b\u00e1o ch\u00e1y ph\u1ee9c t\u1ea1p:<\/strong><br \/>\nCh\u1ec9 c\u1ea7n g\u1eafn thi\u1ebft b\u1ecb v\u00e0 k\u1ebft n\u1ed1i kh\u00f4ng d\u00e2y, b\u1ed9 SAL03-R ho\u1ea1t \u0111\u1ed9ng hi\u1ec7u qu\u1ea3 ngay, kh\u00f4ng c\u1ea7n l\u1eafp \u0111\u1eb7t d\u00e2y \u0111i\u1ec7n hay h\u1ec7 th\u1ed1ng trung t\u00e2m c\u1ed3ng k\u1ec1nh.<\/p>\n<p><strong>Ti\u1ebft ki\u1ec7m chi ph\u00ed \u0111\u1ea7u t\u01b0:<\/strong><br \/>\nKh\u00f4ng ph\u1ea3i thu\u00ea k\u1ef9 thu\u1eadt vi\u00ean, kh\u00f4ng c\u1ea7n \u0111i d\u00e2y, ph\u00f9 h\u1ee3p cho <strong>c\u00e1c ph\u00f2ng tr\u1ecd, nh\u00e0 d\u00e2n, v\u0103n ph\u00f2ng, c\u1eeda h\u00e0ng nh\u1ecf<\/strong>.<\/p>\n<figure id=\"attachment_24768\" aria-describedby=\"caption-attachment-24768\" style=\"width: 625px\" class=\"wp-caption aligncenter\"><img loading=\"lazy\" decoding=\"async\" class=\"wp-image-24768 size-full\" src=\"https:\/\/kawasan.vn\/wp-content\/uploads\/2025\/06\/screenshot_1749204337.png\" alt=\"L\u1eafp \u0111\u1eb7t cho nh\u00e0 b\u1ebfp\" width=\"625\" height=\"594\" srcset=\"https:\/\/kawasan.vn\/wp-content\/uploads\/2025\/06\/screenshot_1749204337.png 625w, https:\/\/kawasan.vn\/wp-content\/uploads\/2025\/06\/screenshot_1749204337-400x380.png 400w\" sizes=\"auto, (max-width: 625px) 100vw, 625px\" \/><figcaption id=\"caption-attachment-24768\" class=\"wp-caption-text\">L\u1eafp \u0111\u1eb7t cho nh\u00e0 b\u1ebfp<\/figcaption><\/figure>\n<p><strong>Th\u00edch h\u1ee3p nhi\u1ec1u \u0111\u1ed1i t\u01b0\u1ee3ng s\u1eed d\u1ee5ng:<\/strong><br \/>\nNg\u01b0\u1eddi l\u1edbn tu\u1ed5i, tr\u1ebb em ho\u1eb7c nh\u00e2n vi\u00ean b\u1ea3o v\u1ec7 \u0111\u1ec1u c\u00f3 th\u1ec3 d\u1ec5 d\u00e0ng thao t\u00e1c qua n\u00fat nh\u1ea5n ho\u1eb7c remote \u0111i\u1ec1u khi\u1ec3n t\u1eeb xa.<\/p>\n<p><strong>L\u1eafp \u0111\u1eb7t linh ho\u1ea1t nhi\u1ec1u v\u1ecb tr\u00ed:<\/strong><br \/>\nT\u1eeb h\u00e0nh lang, ph\u00f2ng ng\u1ee7, b\u1ebfp \u0111\u1ebfn nh\u00e0 kho \u2013 ch\u1ec9 c\u1ea7n c\u00f3 ngu\u1ed3n \u0111i\u1ec7n ho\u1eb7c b\u00ecnh \u1eafc quy l\u00e0 c\u00f3 th\u1ec3 s\u1eed d\u1ee5ng.<\/p>\n<figure id=\"attachment_24766\" aria-describedby=\"caption-attachment-24766\" style=\"width: 633px\" class=\"wp-caption aligncenter\"><img loading=\"lazy\" decoding=\"async\" class=\"wp-image-24766 size-full\" src=\"https:\/\/kawasan.vn\/wp-content\/uploads\/2025\/06\/screenshot_1749204077.png\" alt=\"L\u1eafp \u0111\u1eb7t cho nh\u00e0 kho\" width=\"633\" height=\"631\" srcset=\"https:\/\/kawasan.vn\/wp-content\/uploads\/2025\/06\/screenshot_1749204077.png 633w, https:\/\/kawasan.vn\/wp-content\/uploads\/2025\/06\/screenshot_1749204077-400x399.png 400w\" sizes=\"auto, (max-width: 633px) 100vw, 633px\" \/><figcaption id=\"caption-attachment-24766\" class=\"wp-caption-text\">L\u1eafp \u0111\u1eb7t cho nh\u00e0 kho<\/figcaption><\/figure>\n<ol start=\"3\">\n<li><strong> L\u00dd DO N\u00caN CH\u1eccN SAL03-R<\/strong><\/li>\n<\/ol>\n<p>\ud83d\udd39 <strong>S\u1ea3n ph\u1ea9m ch\u00ednh h\u00e3ng t\u1eeb KAWASAN \u2013 th\u01b0\u01a1ng hi\u1ec7u thi\u1ebft b\u1ecb \u0111i\u1ec7n th\u00f4ng minh h\u01a1n 17 n\u0103m kinh nghi\u1ec7m<\/strong><br \/>\n\ud83d\udd39 <strong>C\u1ea3nh b\u00e1o nhanh \u2013 kh\u00f4ng d\u00e2y \u2013 kh\u00f4ng c\u1ea7n h\u1ec7 th\u1ed1ng trung t\u00e2m<\/strong><br \/>\n\ud83d\udd39 <strong>\u0110i\u1ec1u khi\u1ec3n t\u1eeb xa ti\u1ec7n l\u1ee3i \u2013 thao t\u00e1c d\u1ec5 d\u00e0ng ngay c\u1ea3 v\u1edbi ng\u01b0\u1eddi kh\u00f4ng r\u00e0nh k\u1ef9 thu\u1eadt<\/strong><br \/>\n\ud83d\udd39 <strong>Linh ho\u1ea1t m\u1edf r\u1ed9ng \u2013 t\u00f9y bi\u1ebfn theo nhu c\u1ea7u s\u1eed d\u1ee5ng<\/strong><br \/>\n\ud83d\udd39 <strong>Gi\u1ea3i ph\u00e1p hi\u1ec7u qu\u1ea3 cho ng\u01b0\u1eddi thu\u00ea nh\u00e0, ch\u1ee7 tr\u1ecd, h\u1ed9 gia \u0111\u00ecnh nh\u1ecf v\u00e0 v\u0103n ph\u00f2ng v\u1eeba<\/strong><br \/>\n\ud83d\udd39 <strong>\u0110\u1eb7c bi\u1ec7t ph\u00f9 h\u1ee3p v\u00f9ng \u0111i\u1ec7n y\u1ebfu ho\u1eb7c hay c\u00fap \u0111i\u1ec7n nh\u1edd h\u1ed7 tr\u1ee3 b\u00ecnh \u1eafc quy 12V<\/strong><\/p>\n<ol start=\"4\">\n<li><strong> TH\u00d4NG S\u1ed0 K\u1ef8 THU\u1eacT T\u00d3M T\u1eaeT<\/strong><\/li>\n<\/ol>\n<table>\n<thead>\n<tr>\n<td><strong>Th\u00e0nh ph\u1ea7n<\/strong><\/td>\n<td><strong>Th\u00f4ng tin ch\u00ednh<\/strong><\/td>\n<\/tr>\n<\/thead>\n<tbody>\n<tr>\n<td>C\u1ea3m bi\u1ebfn SM03<\/td>\n<td>Ph\u00e1t hi\u1ec7n kh\u00f3i, k\u1ebft n\u1ed1i kh\u00f4ng d\u00e2y<\/td>\n<\/tr>\n<tr>\n<td>C\u00f2i AL03A-R<\/td>\n<td>\u00c2m l\u01b0\u1ee3ng l\u1edbn 120\u2013150dB, remote \u0111i\u1ec1u khi\u1ec3n<\/td>\n<\/tr>\n<tr>\n<td>Ngu\u1ed3n s\u1eed d\u1ee5ng<\/td>\n<td>Adapter 220V-12V ho\u1eb7c b\u00ecnh \u1eafc quy 12V-10A<\/td>\n<\/tr>\n<tr>\n<td>Kh\u1ea3 n\u0103ng m\u1edf r\u1ed9ng<\/td>\n<td>Th\u00eam t\u1ed1i \u0111a 25 \u0111\u1ea7u b\u00e1o SM03\/ 1 c\u00f2i<\/td>\n<\/tr>\n<tr>\n<td>\u0110i\u1ec1u khi\u1ec3n<\/td>\n<td>B\u1eadt\/t\u1eaft c\u00f2i b\u1eb1ng remote, th\u00eam n\u00fat nh\u1ea5n kh\u1ea9n<\/td>\n<\/tr>\n<tr>\n<td>T\u00f9y ch\u1ec9nh ch\u1ebf \u0111\u1ed9<\/td>\n<td>C\u00f2i h\u00fa 60s ho\u1eb7c h\u00fa li\u00ean t\u1ee5c<\/td>\n<\/tr>\n<\/tbody>\n<\/table>\n<h2>T\u1ea0I SAO N\u00caN CH\u1eccN KAWASAN?<\/h2>\n<ul>\n<li><strong>Th\u01b0\u01a1ng hi\u1ec7u h\u00e0ng \u0111\u1ea7u Vi\u1ec7t Nam <\/strong>trong l\u0129nh v\u1ef1c \u0111i\u1ec7n t\u1ef1 \u0111\u1ed9ng, an ninh, an to\u00e0n v\u00e0 \u0111i\u1ec7n th\u00f4ng minh t\u1eeb 2007 v\u00e0 \u0111\u00e8n led d\u00e2n d\u1ee5ng, \u0111\u00e8n n\u0103ng l\u01b0\u1ee3ng m\u1eb7t tr\u1eddi t\u1eeb n\u0103m 2012<\/li>\n<li><strong>\u0110\u1ed9 b\u1ec1n cao, linh ki\u1ec7n ch\u1ecdn l\u1ecdc<\/strong>\u2013 Ho\u1ea1t \u0111\u1ed9ng \u1ed5n \u0111\u1ecbnh c\u1ea3 trong \u0111i\u1ec1u ki\u1ec7n th\u1eddi ti\u1ebft kh\u1eafc nghi\u1ec7t<\/li>\n<li><strong>Ch\u00ednh s\u00e1ch b\u1ea3o h\u00e0nh v\u01b0\u1ee3t tr\u1ed9i<\/strong>\u2013 H\u1ed7 tr\u1ee3 s\u1eeda ch\u1eefa c\u1ea3 sau th\u1eddi gian b\u1ea3o h\u00e0nh n\u1ebfu c\u00f2n kh\u1ea3 n\u0103ng kh\u1eafc ph\u1ee5c<\/li>\n<li><strong>Kawasan hi\u1ec7n c\u00f3 tr\u1ee5 s\u1edf t\u1ea1i HCM, chi nh\u00e1nh t\u1ea1i H\u00e0 N\u1ed9i, \u0110\u00e0 N\u1eb5ng v\u00e0 x\u01b0\u1edfng SX, L\u1eafp r\u00e1p t\u1ea1i Q12. HCM.<\/strong><\/li>\n<li><strong>D\u1ecbch v\u1ee5 h\u1ed7 tr\u1ee3 24\/7<\/strong>, m\u1ea1ng l\u01b0\u1edbi \u0111\u1ea1i l\u00fd ph\u1ee7 kh\u1eafp c\u1ea3 n\u01b0\u1edbc<\/li>\n<\/ul>\n<h2><strong>Cam k\u1ebft t\u1eeb Kawasan<\/strong><\/h2>\n<p>Kawasan cam k\u1ebft mang \u0111\u1ebfn s\u1ea3n ph\u1ea9m\u00a0<strong>ch\u00ednh h\u00e3ng \u2013 b\u1ec1n b\u1ec9 \u2013 an to\u00e0n<\/strong>, \u0111\u00e1p \u1ee9ng \u0111\u1ea7y \u0111\u1ee7 c\u00e1c ti\u00eau chu\u1ea9n k\u1ef9 thu\u1eadt v\u00e0 y\u00eau c\u1ea7u s\u1eed d\u1ee5ng th\u1ef1c t\u1ebf.<br \/>\nT\u1ea5t c\u1ea3 s\u1ea3n ph\u1ea9m \u0111\u01b0\u1ee3c b\u1ea3o h\u00e0nh\u00a0<strong>mi\u1ec5n ph\u00ed 24 th\u00e1ng<\/strong>, 1 \u0111\u1ed5i 1 trong v\u00f2ng 30 ng\u00e0y n\u1ebfu l\u1ed7i k\u1ef9 thu\u1eadt. Ngo\u00e0i ra, kh\u00e1ch h\u00e0ng c\u00f2n \u0111\u01b0\u1ee3c h\u1ed7 tr\u1ee3 s\u1eeda ch\u1eefa sau khi h\u1ebft th\u1eddi gian b\u1ea3o h\u00e0nh n\u1ebfu s\u1ea3n ph\u1ea9m c\u00f2n kh\u1ea3 n\u0103ng ph\u1ee5c h\u1ed3i,\u00a0<strong>kh\u00f4ng t\u00ednh ph\u00ed<\/strong>\u00a0n\u1ebfu chi ph\u00ed linh ki\u1ec7n thay th\u1ebf kh\u00f4ng \u0111\u00e1ng k\u1ec3.<\/p>\n<p><strong>Kh\u00e1ch h\u00e0ng c\u00f3 th\u1ec3 t\u00ecm mua s\u1ea3n ph\u1ea9m t\u1ea1i c\u00e1c \u0111\u1ea1i l\u00fd thu\u1ed9c <\/strong><a href=\"https:\/\/kawasan.vn\/en\/he-thong-phan-phoi\/\"><strong>H\u1ec6 TH\u1ed0NG PH\u00c2N PH\u1ed0I TO\u00c0N QU\u1ed0C<\/strong><\/a><strong> t\u1ea1i c\u00e1c t\u1ec9nh th\u00e0nh ho\u1eb7c c\u00f3 th\u1ec3 d\u1eb7t h\u00e0ng tr\u00ean website.<\/strong><\/p>\n<p><strong>Mua ch\u00ednh h\u00e3ng t\u1ea1i:<\/strong><\/p>\n<p style=\"text-align: center;\"><strong>Thank you for trusting Kawasan products!<\/strong><\/p>\n<p style=\"text-align: center;\"><strong>Toll-Free Consulting Hotline:\u00a0<\/strong><strong>1800 0058<\/strong><\/p>\n<p style=\"text-align: center;\" align=\"center\"><strong>Trang web:\u00a0\u00a0<\/strong><a href=\"https:\/\/kawasan.vn\/en\/\"><strong>www.kawasan.vn<\/strong><\/a><\/p>\n<p style=\"text-align: center;\" align=\"center\"><strong>Trang web:\u00a0\u00a0<\/strong><a href=\"https:\/\/kawaled.com.vn\/\"><strong>www.kawaled.com.vn<\/strong><\/a><\/p>","protected":false},"excerpt":{"rendered":"<p>B\u1ed8 B\u00c1O KH\u00d3I KH\u00d4NG D\u00c2Y C\u00d3 \u0110I\u1ec0U KHI\u1ec2N T\u1eea XA SAL03-R \u2013 PH\u00c1T HI\u1ec6N KH\u00d3I NHANH, C\u1ea2NH B\u00c1O K\u1ecaP TH\u1edcI, AN TO\u00c0N TUY\u1ec6T \u0110\u1ed0I M\u00e3 s\u1ea3n ph\u1ea9m: SAL03-R Th\u01b0\u01a1ng hi\u1ec7u: KAWASAN Bao g\u1ed3m: 1 c\u00f2i b\u00e1o \u0111\u1ed9ng \u0111i\u1ec1u khi\u1ec3n t\u1eeb xa AL03A-R + 1 \u0111\u1ea7u b\u00e1o kh\u00f3i kh\u00f4ng d\u00e2y SM03 T\u00cdNH N\u0102NG N\u1ed4I B\u1eacT C\u1ea3nh [&hellip;]<\/p>","protected":false},"featured_media":24770,"comment_status":"open","ping_status":"closed","template":"","meta":{"_yoast_wpseo_focuskw":"B\u1ed9 B\u00e1o Kh\u00f3i \u0110i\u1ec1u Khi\u1ec3n T\u1eeb Xa SAL03A-R","_yoast_wpseo_metadesc":"\u0110\u1ea7u b\u00e1o kh\u00f3i SM03 t\u1ef1 \u0111\u1ed9ng ph\u00e1t hi\u1ec7n kh\u00f3i v\u00e0 truy\u1ec1n t\u00edn hi\u1ec7u \u0111\u1ebfn c\u00f2i h\u00fa AL03A-R, gi\u00fap c\u1ea3nh b\u00e1o nhanh ch\u00f3ng m\u00e0 kh\u00f4ng c\u1ea7n \u0111i d\u00e2y r\u01b0\u1eddm r\u00e0.","_yoast_wpseo_focuskeywords":"","_yoast_wpseo_keyword_synonyms":""},"product_cat":[15],"product_tag":[],"class_list":["post-24760","product","type-product","status-publish","has-post-thumbnail","hentry","product_cat-cong-tac-cam-ung-chuyen-dong"],"acf":[],"yoast_head":"<!-- This site is optimized with the Yoast SEO Premium plugin v24.9 (Yoast SEO v24.9) - https:\/\/yoast.com\/wordpress\/plugins\/seo\/ -->\n<title>B\u1ed9 B\u00e1o Kh\u00f3i \u0110i\u1ec1u Khi\u1ec3n T\u1eeb Xa SAL03A-R - Kawasan<\/title>\n<meta name=\"description\" content=\"\u0110\u1ea7u b\u00e1o kh\u00f3i SM03 t\u1ef1 \u0111\u1ed9ng ph\u00e1t hi\u1ec7n kh\u00f3i v\u00e0 truy\u1ec1n t\u00edn hi\u1ec7u \u0111\u1ebfn c\u00f2i h\u00fa AL03A-R, gi\u00fap c\u1ea3nh b\u00e1o nhanh ch\u00f3ng m\u00e0 kh\u00f4ng c\u1ea7n \u0111i d\u00e2y r\u01b0\u1eddm r\u00e0.\" \/>\n<meta name=\"robots\" content=\"index, follow, max-snippet:-1, max-image-preview:large, max-video-preview:-1\" \/>\n<link rel=\"canonical\" href=\"https:\/\/kawasan.vn\/en\/product\/bo-bao-khoi-dieu-khien-tu-xa-sal03a-r\/\" \/>\n<meta property=\"og:locale\" content=\"en_US\" \/>\n<meta property=\"og:type\" content=\"article\" \/>\n<meta property=\"og:title\" content=\"B\u1ed9 B\u00e1o Kh\u00f3i \u0110i\u1ec1u Khi\u1ec3n T\u1eeb Xa SAL03A-R\" \/>\n<meta property=\"og:description\" content=\"\u0110\u1ea7u b\u00e1o kh\u00f3i SM03 t\u1ef1 \u0111\u1ed9ng ph\u00e1t hi\u1ec7n kh\u00f3i v\u00e0 truy\u1ec1n t\u00edn hi\u1ec7u \u0111\u1ebfn c\u00f2i h\u00fa AL03A-R, gi\u00fap c\u1ea3nh b\u00e1o nhanh ch\u00f3ng m\u00e0 kh\u00f4ng c\u1ea7n \u0111i d\u00e2y r\u01b0\u1eddm r\u00e0.\" \/>\n<meta property=\"og:url\" content=\"https:\/\/kawasan.vn\/en\/product\/bo-bao-khoi-dieu-khien-tu-xa-sal03a-r\/\" \/>\n<meta property=\"og:site_name\" content=\"Kawasan\" \/>\n<meta property=\"article:modified_time\" content=\"2025-08-28T01:00:26+00:00\" \/>\n<meta property=\"og:image\" content=\"https:\/\/kawasan.vn\/wp-content\/uploads\/2025\/06\/screenshot_1749204259-1.png\" \/>\n\t<meta property=\"og:image:width\" content=\"619\" \/>\n\t<meta property=\"og:image:height\" content=\"378\" \/>\n\t<meta property=\"og:image:type\" content=\"image\/png\" \/>\n<meta name=\"twitter:card\" content=\"summary_large_image\" \/>\n<meta name=\"twitter:label1\" content=\"Est. reading time\" \/>\n\t<meta name=\"twitter:data1\" content=\"7 minutes\" \/>\n<script type=\"application\/ld+json\" class=\"yoast-schema-graph\">{\"@context\":\"https:\/\/schema.org\",\"@graph\":[{\"@type\":\"WebPage\",\"@id\":\"https:\/\/kawasan.vn\/san-pham\/bo-bao-khoi-dieu-khien-tu-xa-sal03a-r\/\",\"url\":\"https:\/\/kawasan.vn\/san-pham\/bo-bao-khoi-dieu-khien-tu-xa-sal03a-r\/\",\"name\":\"B\u1ed9 B\u00e1o Kh\u00f3i \u0110i\u1ec1u Khi\u1ec3n T\u1eeb Xa SAL03A-R - Kawasan\",\"isPartOf\":{\"@id\":\"https:\/\/kawasan.vn\/#website\"},\"primaryImageOfPage\":{\"@id\":\"https:\/\/kawasan.vn\/san-pham\/bo-bao-khoi-dieu-khien-tu-xa-sal03a-r\/#primaryimage\"},\"image\":{\"@id\":\"https:\/\/kawasan.vn\/san-pham\/bo-bao-khoi-dieu-khien-tu-xa-sal03a-r\/#primaryimage\"},\"thumbnailUrl\":\"https:\/\/kawasan.vn\/wp-content\/uploads\/2025\/06\/screenshot_1749204259-1.png\",\"datePublished\":\"2025-06-06T10:08:02+00:00\",\"dateModified\":\"2025-08-28T01:00:26+00:00\",\"description\":\"\u0110\u1ea7u b\u00e1o kh\u00f3i SM03 t\u1ef1 \u0111\u1ed9ng ph\u00e1t hi\u1ec7n kh\u00f3i v\u00e0 truy\u1ec1n t\u00edn hi\u1ec7u \u0111\u1ebfn c\u00f2i h\u00fa AL03A-R, gi\u00fap c\u1ea3nh b\u00e1o nhanh ch\u00f3ng m\u00e0 kh\u00f4ng c\u1ea7n \u0111i d\u00e2y r\u01b0\u1eddm r\u00e0.\",\"breadcrumb\":{\"@id\":\"https:\/\/kawasan.vn\/san-pham\/bo-bao-khoi-dieu-khien-tu-xa-sal03a-r\/#breadcrumb\"},\"inLanguage\":\"en-US\",\"potentialAction\":[{\"@type\":\"ReadAction\",\"target\":[\"https:\/\/kawasan.vn\/san-pham\/bo-bao-khoi-dieu-khien-tu-xa-sal03a-r\/\"]}]},{\"@type\":\"ImageObject\",\"inLanguage\":\"en-US\",\"@id\":\"https:\/\/kawasan.vn\/san-pham\/bo-bao-khoi-dieu-khien-tu-xa-sal03a-r\/#primaryimage\",\"url\":\"https:\/\/kawasan.vn\/wp-content\/uploads\/2025\/06\/screenshot_1749204259-1.png\",\"contentUrl\":\"https:\/\/kawasan.vn\/wp-content\/uploads\/2025\/06\/screenshot_1749204259-1.png\",\"width\":619,\"height\":378},{\"@type\":\"BreadcrumbList\",\"@id\":\"https:\/\/kawasan.vn\/san-pham\/bo-bao-khoi-dieu-khien-tu-xa-sal03a-r\/#breadcrumb\",\"itemListElement\":[{\"@type\":\"ListItem\",\"position\":1,\"name\":\"Trang ch\u1ee7\",\"item\":\"https:\/\/kawasan.vn\/\"},{\"@type\":\"ListItem\",\"position\":2,\"name\":\"S\u1ea3n ph\u1ea9m\",\"item\":\"https:\/\/kawasan.vn\/san-pham\/\"},{\"@type\":\"ListItem\",\"position\":3,\"name\":\"B\u1ed9 B\u00e1o Kh\u00f3i \u0110i\u1ec1u Khi\u1ec3n T\u1eeb Xa SAL03A-R\"}]},{\"@type\":\"WebSite\",\"@id\":\"https:\/\/kawasan.vn\/#website\",\"url\":\"https:\/\/kawasan.vn\/\",\"name\":\"Kawasan\",\"description\":\"\",\"potentialAction\":[{\"@type\":\"SearchAction\",\"target\":{\"@type\":\"EntryPoint\",\"urlTemplate\":\"https:\/\/kawasan.vn\/?s={search_term_string}\"},\"query-input\":{\"@type\":\"PropertyValueSpecification\",\"valueRequired\":true,\"valueName\":\"search_term_string\"}}],\"inLanguage\":\"en-US\"}]}<\/script>\n<!-- \/ Yoast SEO Premium plugin. -->","yoast_head_json":{"title":"B\u1ed9 B\u00e1o Kh\u00f3i \u0110i\u1ec1u Khi\u1ec3n T\u1eeb Xa SAL03A-R - Kawasan","description":"\u0110\u1ea7u b\u00e1o kh\u00f3i SM03 t\u1ef1 \u0111\u1ed9ng ph\u00e1t hi\u1ec7n kh\u00f3i v\u00e0 truy\u1ec1n t\u00edn hi\u1ec7u \u0111\u1ebfn c\u00f2i h\u00fa AL03A-R, gi\u00fap c\u1ea3nh b\u00e1o nhanh ch\u00f3ng m\u00e0 kh\u00f4ng c\u1ea7n \u0111i d\u00e2y r\u01b0\u1eddm r\u00e0.","robots":{"index":"index","follow":"follow","max-snippet":"max-snippet:-1","max-image-preview":"max-image-preview:large","max-video-preview":"max-video-preview:-1"},"canonical":"https:\/\/kawasan.vn\/en\/product\/bo-bao-khoi-dieu-khien-tu-xa-sal03a-r\/","og_locale":"en_US","og_type":"article","og_title":"B\u1ed9 B\u00e1o Kh\u00f3i \u0110i\u1ec1u Khi\u1ec3n T\u1eeb Xa SAL03A-R","og_description":"\u0110\u1ea7u b\u00e1o kh\u00f3i SM03 t\u1ef1 \u0111\u1ed9ng ph\u00e1t hi\u1ec7n kh\u00f3i v\u00e0 truy\u1ec1n t\u00edn hi\u1ec7u \u0111\u1ebfn c\u00f2i h\u00fa AL03A-R, gi\u00fap c\u1ea3nh b\u00e1o nhanh ch\u00f3ng m\u00e0 kh\u00f4ng c\u1ea7n \u0111i d\u00e2y r\u01b0\u1eddm r\u00e0.","og_url":"https:\/\/kawasan.vn\/en\/product\/bo-bao-khoi-dieu-khien-tu-xa-sal03a-r\/","og_site_name":"Kawasan","article_modified_time":"2025-08-28T01:00:26+00:00","og_image":[{"width":619,"height":378,"url":"https:\/\/kawasan.vn\/wp-content\/uploads\/2025\/06\/screenshot_1749204259-1.png","type":"image\/png"}],"twitter_card":"summary_large_image","twitter_misc":{"Est. reading time":"7 minutes"},"schema":{"@context":"https:\/\/schema.org","@graph":[{"@type":"WebPage","@id":"https:\/\/kawasan.vn\/san-pham\/bo-bao-khoi-dieu-khien-tu-xa-sal03a-r\/","url":"https:\/\/kawasan.vn\/san-pham\/bo-bao-khoi-dieu-khien-tu-xa-sal03a-r\/","name":"B\u1ed9 B\u00e1o Kh\u00f3i \u0110i\u1ec1u Khi\u1ec3n T\u1eeb Xa SAL03A-R - Kawasan","isPartOf":{"@id":"https:\/\/kawasan.vn\/#website"},"primaryImageOfPage":{"@id":"https:\/\/kawasan.vn\/san-pham\/bo-bao-khoi-dieu-khien-tu-xa-sal03a-r\/#primaryimage"},"image":{"@id":"https:\/\/kawasan.vn\/san-pham\/bo-bao-khoi-dieu-khien-tu-xa-sal03a-r\/#primaryimage"},"thumbnailUrl":"https:\/\/kawasan.vn\/wp-content\/uploads\/2025\/06\/screenshot_1749204259-1.png","datePublished":"2025-06-06T10:08:02+00:00","dateModified":"2025-08-28T01:00:26+00:00","description":"\u0110\u1ea7u b\u00e1o kh\u00f3i SM03 t\u1ef1 \u0111\u1ed9ng ph\u00e1t hi\u1ec7n kh\u00f3i v\u00e0 truy\u1ec1n t\u00edn hi\u1ec7u \u0111\u1ebfn c\u00f2i h\u00fa AL03A-R, gi\u00fap c\u1ea3nh b\u00e1o nhanh ch\u00f3ng m\u00e0 kh\u00f4ng c\u1ea7n \u0111i d\u00e2y r\u01b0\u1eddm r\u00e0.","breadcrumb":{"@id":"https:\/\/kawasan.vn\/san-pham\/bo-bao-khoi-dieu-khien-tu-xa-sal03a-r\/#breadcrumb"},"inLanguage":"en-US","potentialAction":[{"@type":"ReadAction","target":["https:\/\/kawasan.vn\/san-pham\/bo-bao-khoi-dieu-khien-tu-xa-sal03a-r\/"]}]},{"@type":"ImageObject","inLanguage":"en-US","@id":"https:\/\/kawasan.vn\/san-pham\/bo-bao-khoi-dieu-khien-tu-xa-sal03a-r\/#primaryimage","url":"https:\/\/kawasan.vn\/wp-content\/uploads\/2025\/06\/screenshot_1749204259-1.png","contentUrl":"https:\/\/kawasan.vn\/wp-content\/uploads\/2025\/06\/screenshot_1749204259-1.png","width":619,"height":378},{"@type":"BreadcrumbList","@id":"https:\/\/kawasan.vn\/san-pham\/bo-bao-khoi-dieu-khien-tu-xa-sal03a-r\/#breadcrumb","itemListElement":[{"@type":"ListItem","position":1,"name":"Trang ch\u1ee7","item":"https:\/\/kawasan.vn\/"},{"@type":"ListItem","position":2,"name":"S\u1ea3n ph\u1ea9m","item":"https:\/\/kawasan.vn\/san-pham\/"},{"@type":"ListItem","position":3,"name":"B\u1ed9 B\u00e1o Kh\u00f3i \u0110i\u1ec1u Khi\u1ec3n T\u1eeb Xa SAL03A-R"}]},{"@type":"WebSite","@id":"https:\/\/kawasan.vn\/#website","url":"https:\/\/kawasan.vn\/","name":"Kawasan","description":"","potentialAction":[{"@type":"SearchAction","target":{"@type":"EntryPoint","urlTemplate":"https:\/\/kawasan.vn\/?s={search_term_string}"},"query-input":{"@type":"PropertyValueSpecification","valueRequired":true,"valueName":"search_term_string"}}],"inLanguage":"en-US"}]}},"_links":{"self":[{"href":"https:\/\/kawasan.vn\/en\/wp-json\/wp\/v2\/product\/24760","targetHints":{"allow":["GET"]}}],"collection":[{"href":"https:\/\/kawasan.vn\/en\/wp-json\/wp\/v2\/product"}],"about":[{"href":"https:\/\/kawasan.vn\/en\/wp-json\/wp\/v2\/types\/product"}],"replies":[{"embeddable":true,"href":"https:\/\/kawasan.vn\/en\/wp-json\/wp\/v2\/comments?post=24760"}],"version-history":[{"count":3,"href":"https:\/\/kawasan.vn\/en\/wp-json\/wp\/v2\/product\/24760\/revisions"}],"predecessor-version":[{"id":26345,"href":"https:\/\/kawasan.vn\/en\/wp-json\/wp\/v2\/product\/24760\/revisions\/26345"}],"wp:featuredmedia":[{"embeddable":true,"href":"https:\/\/kawasan.vn\/en\/wp-json\/wp\/v2\/media\/24770"}],"wp:attachment":[{"href":"https:\/\/kawasan.vn\/en\/wp-json\/wp\/v2\/media?parent=24760"}],"wp:term":[{"taxonomy":"product_cat","embeddable":true,"href":"https:\/\/kawasan.vn\/en\/wp-json\/wp\/v2\/product_cat?post=24760"},{"taxonomy":"product_tag","embeddable":true,"href":"https:\/\/kawasan.vn\/en\/wp-json\/wp\/v2\/product_tag?post=24760"}],"curies":[{"name":"wp","href":"https:\/\/api.w.org\/{rel}","templated":true}]}}