{"id":23090,"date":"2025-04-29T13:22:23","date_gmt":"2025-04-29T06:22:23","guid":{"rendered":"https:\/\/kawasan.vn\/?post_type=product&#038;p=23090"},"modified":"2026-04-06T17:01:22","modified_gmt":"2026-04-06T10:01:22","slug":"cong-tac-dieu-khien-dao-chieu-dong-co-tu-xa-rf15c-rm3c","status":"publish","type":"product","link":"https:\/\/kawasan.vn\/en\/product\/cong-tac-dieu-khien-dao-chieu-dong-co-tu-xa-rf15c-rm3c\/","title":{"rendered":"Thi\u1ebft B\u1ecb \u0110i\u1ec1u Khi\u1ec3n \u0110\u1ea3o Chi\u1ec1u \u0110\u1ed9ng C\u01a1 T\u1eeb Xa RF15C-RM3C"},"content":{"rendered":"<h2 style=\"font-weight: 400;\"><span class=\"ez-toc-section\" id=\"1_THIET_BI_DIEU_KHIEN_DAO_CHIEU_DONG_CO_TU_XA_KAWASAN\"><\/span><b>1. THI\u1ebeT B\u1eca \u0110I\u1ec0U KHI\u1ec2N \u0110\u1ea2O CHI\u1ec0U \u0110\u1ed8NG C\u01a0 T\u1eea XA KAWASAN<\/b><span class=\"ez-toc-section-end\"><\/span><\/h2><div id=\"ez-toc-container\" class=\"ez-toc-v2_0_69_1 counter-hierarchy ez-toc-counter ez-toc-grey ez-toc-container-direction\">\n<div class=\"ez-toc-title-container\">\n<p class=\"ez-toc-title\" >N\u1ed9i Dung B&agrave;i Vi\u1ebft<\/p>\n<span class=\"ez-toc-title-toggle\"><a href=\"#\" class=\"ez-toc-pull-right ez-toc-btn ez-toc-btn-xs ez-toc-btn-default ez-toc-toggle\" aria-label=\"Toggle Table of Content\"><span class=\"ez-toc-js-icon-con\"><span class=\"\"><span class=\"eztoc-hide\" style=\"display:none;\">Toggle<\/span><span class=\"ez-toc-icon-toggle-span\"><svg style=\"fill: #999;color:#999\" xmlns=\"http:\/\/www.w3.org\/2000\/svg\" class=\"list-377408\" width=\"20px\" height=\"20px\" viewbox=\"0 0 24 24\" fill=\"none\"><path d=\"M6 6H4v2h2V6zm14 0H8v2h12V6zM4 11h2v2H4v-2zm16 0H8v2h12v-2zM4 16h2v2H4v-2zm16 0H8v2h12v-2z\" fill=\"currentColor\"><\/path><\/svg><svg style=\"fill: #999;color:#999\" class=\"arrow-unsorted-368013\" xmlns=\"http:\/\/www.w3.org\/2000\/svg\" width=\"10px\" height=\"10px\" viewbox=\"0 0 24 24\" version=\"1.2\" baseprofile=\"tiny\"><path d=\"M18.2 9.3l-6.2-6.3-6.2 6.3c-.2.2-.3.4-.3.7s.1.5.3.7c.2.2.4.3.7.3h11c.3 0 .5-.1.7-.3.2-.2.3-.5.3-.7s-.1-.5-.3-.7zM5.8 14.7l6.2 6.3 6.2-6.3c.2-.2.3-.5.3-.7s-.1-.5-.3-.7c-.2-.2-.4-.3-.7-.3h-11c-.3 0-.5.1-.7.3-.2.2-.3.5-.3.7s.1.5.3.7z\"\/><\/svg><\/span><\/span><\/span><\/a><\/span><\/div>\n<nav><ul class='ez-toc-list ez-toc-list-level-1 eztoc-toggle-hide-by-default' ><li class='ez-toc-page-1 ez-toc-heading-level-2'><a class=\"ez-toc-link ez-toc-heading-1\" href=\"https:\/\/kawasan.vn\/en\/product\/cong-tac-dieu-khien-dao-chieu-dong-co-tu-xa-rf15c-rm3c\/#1_THIET_BI_DIEU_KHIEN_DAO_CHIEU_DONG_CO_TU_XA_KAWASAN\" title=\"1. THI\u1ebeT B\u1eca \u0110I\u1ec0U KHI\u1ec2N \u0110\u1ea2O CHI\u1ec0U \u0110\u1ed8NG C\u01a0 T\u1eea XA KAWASAN\">1. THI\u1ebeT B\u1eca \u0110I\u1ec0U KHI\u1ec2N \u0110\u1ea2O CHI\u1ec0U \u0110\u1ed8NG C\u01a0 T\u1eea XA KAWASAN<\/a><\/li><li class='ez-toc-page-1 ez-toc-heading-level-2'><a class=\"ez-toc-link ez-toc-heading-2\" href=\"https:\/\/kawasan.vn\/en\/product\/cong-tac-dieu-khien-dao-chieu-dong-co-tu-xa-rf15c-rm3c\/#2_LOI_ICH_KHI_DUNG_CONG_TAC_DIEU_KHIEN_TU_XA_220V_RF15C\" title=\"2. L\u1ee2I \u00cdCH KHI D\u00d9NG C\u00d4NG T\u1eaeC \u0110I\u1ec0U KHI\u1ec2N T\u1eea XA 220V RF15C\">2. L\u1ee2I \u00cdCH KHI D\u00d9NG C\u00d4NG T\u1eaeC \u0110I\u1ec0U KHI\u1ec2N T\u1eea XA 220V RF15C<\/a><\/li><li class='ez-toc-page-1 ez-toc-heading-level-2'><a class=\"ez-toc-link ez-toc-heading-3\" href=\"https:\/\/kawasan.vn\/en\/product\/cong-tac-dieu-khien-dao-chieu-dong-co-tu-xa-rf15c-rm3c\/#3_CONG_TAC_DAO_CHIEU_DONG_CO_DUOC_UNG_DUNG_CHO_THIET_BI\" title=\"3. C\u00d4NG T\u1eaeC \u0110\u1ea2O CHI\u1ec0U \u0110\u1ed8NG C\u01a0 \u0110\u01af\u1ee2C \u1ee8NG D\u1ee4NG CHO THI\u1ebeT B\u1eca\">3. C\u00d4NG T\u1eaeC \u0110\u1ea2O CHI\u1ec0U \u0110\u1ed8NG C\u01a0 \u0110\u01af\u1ee2C \u1ee8NG D\u1ee4NG CHO THI\u1ebeT B\u1eca<\/a><\/li><li class='ez-toc-page-1 ez-toc-heading-level-2'><a class=\"ez-toc-link ez-toc-heading-4\" href=\"https:\/\/kawasan.vn\/en\/product\/cong-tac-dieu-khien-dao-chieu-dong-co-tu-xa-rf15c-rm3c\/#4_Vi_sao_nen_chon_thiet_bi_dieu_khien_tu_xa_cua_Kawasan\" title=\"4. V\u00ec sao n\u00ean ch\u1ecdn thi\u1ebft b\u1ecb \u0111i\u1ec1u khi\u1ec3n t\u1eeb xa c\u1ee7a Kawasan?\">4. V\u00ec sao n\u00ean ch\u1ecdn thi\u1ebft b\u1ecb \u0111i\u1ec1u khi\u1ec3n t\u1eeb xa c\u1ee7a Kawasan?<\/a><\/li><li class='ez-toc-page-1 ez-toc-heading-level-2'><a class=\"ez-toc-link ez-toc-heading-5\" href=\"https:\/\/kawasan.vn\/en\/product\/cong-tac-dieu-khien-dao-chieu-dong-co-tu-xa-rf15c-rm3c\/#5_Cam_ket_tu_Kawasan\" title=\"5. Cam k\u1ebft t\u1eeb Kawasan\">5. Cam k\u1ebft t\u1eeb Kawasan<\/a><\/li><\/ul><\/nav><\/div>\n\n<p style=\"font-weight: 400;\">Thi\u1ebft b\u1ecb \u0111i\u1ec1u khi\u1ec3n \u0111\u1ea3o chi\u1ec1u RF15C-RM3C, ho\u1ea1t \u0111\u1ed9ng v\u1edbi t\u1ea7n s\u1ed1 RF433 Mhz. Ch\u1ee9c n\u0103ng \u0111i\u1ec1u khi\u1ec3n \u0111\u1ed9ng c\u01a1 xoay chi\u1ec1u \u1ee9ng d\u1ee5ng cho c\u1eeda cu\u1ed1n, c\u1ed5ng x\u1ebfp. Ho\u1ea1t \u0111\u1ed9ng \u1ed5n \u0111\u1ecbnh, ch\u00ednh x\u00e1c qua Chip Vi X\u1eed L\u00fd cao c\u1ea5p c\u1ee7a M\u1ef9. \u0110\u1ec3 t\u0103ng t\u00ednh n\u0103ng ti\u1ec7n l\u1ee3i ng\u01b0\u1eddi d\u00f9ng c\u00f3 th\u1ec3 t\u00edch h\u1ee3p remote d\u1ec5 d\u00e0ng ch\u1ec9 c\u1ea7n b\u1ea5m n\u00fat SET c\u00e0i \u0111\u1eb7t th\u00eam Remote \u0111i\u1ec1u khi\u1ec3n.C\u00f3 th\u1ec3 \u0111i\u1ec1u khi\u1ec3n xuy\u00ean v\u1eadt c\u1ea3n t\u1ed1t nh\u01b0: g\u1ed7, k\u00ednh, t\u01b0\u1eddng m\u1ecfng\u2026<\/p>\n<figure style=\"width: 356px\" class=\"wp-caption aligncenter\"><img loading=\"lazy\" decoding=\"async\" src=\"https:\/\/kawasan.com.vn\/image\/data\/RF15C-RM3C\/thiet-b%E1%BB%8B-dieu-khien-dong-co-dao-chieu-rf15c-rm3c%20(2).jpg\" alt=\"Thi\u1ebft b\u1ecb \u0111i\u1ec1u khi\u1ec3n \u0111\u1ed9ng c\u01a1 \u0111\u1ea3o chi\u1ec1u RF15C-RM3C\" width=\"356\" height=\"267\" data-cke-saved-src=\"https:\/\/kawasan.vn\/wp-content\/uploads\/2025\/04\/thiet-bi-dieu-khien-dong-co-dao-chieu-rf15c-rm3c-2.jpg\" \/><figcaption class=\"wp-caption-text\">Thi\u1ebft b\u1ecb \u0111i\u1ec1u khi\u1ec3n \u0111\u1ea3o chi\u1ec1u RF15C-RM3C<\/figcaption><\/figure>\n<h2 style=\"font-weight: 400;\"><span class=\"ez-toc-section\" id=\"2_LOI_ICH_KHI_DUNG_CONG_TAC_DIEU_KHIEN_TU_XA_220V_RF15C\"><\/span><b>2. L\u1ee2I \u00cdCH KHI D\u00d9NG C\u00d4NG T\u1eaeC \u0110I\u1ec0U KHI\u1ec2N T\u1eea XA 220V RF15C<\/b><span class=\"ez-toc-section-end\"><\/span><\/h2>\n<ul style=\"font-weight: 400;\">\n<li>Ti\u1ebft ki\u1ec7m th\u1eddi gian \u0111i l\u1ea1i b\u1eadt \u2013 t\u1eaft thi\u1ebft b\u1ecb b\u1eb1ng tay.<\/li>\n<li>\u0110\u1ed9 an to\u00e0n cao, gi\u1ea3m nguy c\u01a1 gi\u1eadt \u0111i\u1ec7n khi ch\u1ea1m tr\u1ef1c ti\u1ebfp v\u00e0o c\u00f4ng t\u1eafc c\u01a1 truy\u1ec1n th\u1ed1ng.<\/li>\n<li>\u0110\u1ed9 b\u1ec1n c\u00f4ng t\u1eafc \u0111i\u1ec1u khi\u1ec3n t\u1eeb xa &gt; 5 n\u0103m, ti\u1ebft ki\u1ec7m chi ph\u00ed thay m\u1edbi thi\u1ebft b\u1ecb.<\/li>\n<\/ul>\n<h2 style=\"font-weight: 400;\"><span class=\"ez-toc-section\" id=\"3_CONG_TAC_DAO_CHIEU_DONG_CO_DUOC_UNG_DUNG_CHO_THIET_BI\"><\/span><b>3. C\u00d4NG T\u1eaeC \u0110\u1ea2O CHI\u1ec0U \u0110\u1ed8NG C\u01a0 \u0110\u01af\u1ee2C \u1ee8NG D\u1ee4NG CHO THI\u1ebeT B\u1eca<\/b><span class=\"ez-toc-section-end\"><\/span><\/h2>\n<ul style=\"font-weight: 400;\">\n<li>\u0110i\u1ec1u khi\u1ec3n \u0111\u1ed9ng c\u01a1 c\u1eeda cu\u1ed1n gia \u0111\u00ecnh, c\u1eeda h\u00e0ng, kho, x\u01b0\u1edfng\u2026<\/li>\n<\/ul>\n<figure style=\"width: 350px\" class=\"wp-caption aligncenter\"><img loading=\"lazy\" decoding=\"async\" src=\"https:\/\/kawasan.com.vn\/image\/data\/RF15C-RM3C\/thiet-b%E1%BB%8B-dieu-khien-dong-co-dao-chieu-rf15c-rm3c%20(6).jpg\" alt=\"\u0110i\u1ec1u khi\u1ec3n \u0111\u1ea3o chi\u1ec1u \u0111\u1ed9ng c\u01a1 c\u1eeda cu\u1ed1n\" width=\"350\" height=\"362\" data-cke-saved-src=\"https:\/\/kawasan.vn\/wp-content\/uploads\/2025\/04\/thiet-bi-dieu-khien-dong-co-dao-chieu-rf15c-rm3c-6.jpg\" \/><figcaption class=\"wp-caption-text\">\u0110i\u1ec1u khi\u1ec3n \u0111\u1ea3o chi\u1ec1u \u0111\u1ed9ng c\u01a1 c\u1eeda cu\u1ed1n<\/figcaption><\/figure>\n<ul style=\"font-weight: 400;\">\n<li>\u0110i\u1ec1u khi\u1ec3n \u0111\u1ed9ng c\u01a1 b\u0103ng chuy\u1ec3n h\u00e0ng<\/li>\n<\/ul>\n<figure style=\"width: 349px\" class=\"wp-caption aligncenter\"><img loading=\"lazy\" decoding=\"async\" src=\"https:\/\/kawasan.com.vn\/image\/data\/RF15C-RM3C\/thiet-b%E1%BB%8B-dieu-khien-dong-co-dao-chieu-rf15c-rm3c%20(4).jpg\" alt=\"\u0110i\u1ec1u khi\u1ec3n \u0111\u1ea3o chi\u1ec1u \u0111\u1ed9ng c\u01a1 b\u0103ng chuy\u1ec1n h\u00e0ng\" width=\"349\" height=\"251\" data-cke-saved-src=\"https:\/\/kawasan.vn\/wp-content\/uploads\/2025\/04\/thiet-bi-dieu-khien-dong-co-dao-chieu-rf15c-rm3c-4.jpg\" \/><figcaption class=\"wp-caption-text\">\u0110i\u1ec1u khi\u1ec3n \u0111\u1ea3o chi\u1ec1u \u0111\u1ed9ng c\u01a1 b\u0103ng chuy\u1ec1n h\u00e0ng<\/figcaption><\/figure>\n<ul style=\"font-weight: 400;\">\n<li>\u0110i\u1ec1u khi\u1ec3n \u0111\u1ed9ng c\u01a1 c\u1eeda\/c\u1ed5ng l\u00f9a nh\u00e0 x\u01b0\u1edfng, kho b\u00e3i, c\u00f4ng ty,\u2026<\/li>\n<\/ul>\n<figure style=\"width: 353px\" class=\"wp-caption aligncenter\"><img loading=\"lazy\" decoding=\"async\" src=\"https:\/\/kawasan.com.vn\/image\/data\/RF15C-RM3C\/thiet-b%E1%BB%8B-dieu-khien-dong-co-dao-chieu-rf15c-rm3c%20(5).jpg\" alt=\"\u0110i\u1ec1u khi\u1ec3n \u0111\u1ea3o chi\u1ec1u \u0111\u1ed9ng c\u01a1 c\u1ed5ng l\u00f9a\" width=\"353\" height=\"222\" data-cke-saved-src=\"https:\/\/kawasan.vn\/wp-content\/uploads\/2025\/04\/thiet-bi-dieu-khien-dong-co-dao-chieu-rf15c-rm3c-5.jpg\" \/><figcaption class=\"wp-caption-text\">\u0110i\u1ec1u khi\u1ec3n \u0111\u1ea3o chi\u1ec1u \u0111\u1ed9ng c\u01a1 c\u1ed5ng l\u00f9a<\/figcaption><\/figure>\n<h2 data-start=\"1729\" data-end=\"1793\"><span class=\"ez-toc-section\" id=\"4_Vi_sao_nen_chon_thiet_bi_dieu_khien_tu_xa_cua_Kawasan\"><\/span><strong data-start=\"1732\" data-end=\"1793\">4. V\u00ec sao n\u00ean ch\u1ecdn thi\u1ebft b\u1ecb \u0111i\u1ec1u khi\u1ec3n t\u1eeb xa c\u1ee7a Kawasan?<\/strong><span class=\"ez-toc-section-end\"><\/span><\/h2>\n<ul data-start=\"1795\" data-end=\"2253\">\n<li data-start=\"1795\" data-end=\"1869\">\n<p data-start=\"1797\" data-end=\"1869\"><strong data-start=\"1797\" data-end=\"1820\">Th\u01b0\u01a1ng hi\u1ec7u Kawasan<\/strong> chuy\u00ean v\u1ec1 thi\u1ebft b\u1ecb \u0111i\u1ec7n th\u00f4ng minh t\u1eeb n\u0103m 2007<\/p>\n<\/li>\n<li data-start=\"1870\" data-end=\"1956\">\n<p data-start=\"1872\" data-end=\"1956\">S\u1eed d\u1ee5ng linh ki\u1ec7n cao c\u1ea5p: <strong data-start=\"1899\" data-end=\"1954\">chip Microchip USA, chip RF433Mhz nh\u1eadp kh\u1ea9u t\u1eeb Ph\u00e1p<\/strong><\/p>\n<\/li>\n<li data-start=\"1957\" data-end=\"2035\">\n<p data-start=\"1959\" data-end=\"2035\">S\u1ea3n ph\u1ea9m \u0111\u01b0\u1ee3c ki\u1ec3m \u0111\u1ecbnh ch\u1ea5t l\u01b0\u1ee3ng ch\u1eb7t ch\u1ebd, ho\u1ea1t \u0111\u1ed9ng \u1ed5n \u0111\u1ecbnh, \u0111\u1ed9 b\u1ec1n cao<\/p>\n<\/li>\n<li data-start=\"2036\" data-end=\"2111\">\n<p data-start=\"2038\" data-end=\"2111\">H\u1ec7 th\u1ed1ng <strong data-start=\"2047\" data-end=\"2069\">b\u1ea3o h\u00e0nh to\u00e0n qu\u1ed1c<\/strong> t\u1ea1i H\u00e0 N\u1ed9i, \u0110\u00e0 N\u1eb5ng, TP.HCM, Nha Trang\u2026<\/p>\n<\/li>\n<li data-start=\"2112\" data-end=\"2198\">\n<p data-start=\"2114\" data-end=\"2198\">D\u1ec5 d\u00e0ng mua h\u00e0ng v\u00e0 \u0111\u1ed5i tr\u1ea3 t\u1ea1i c\u00e1c <strong data-start=\"2150\" data-end=\"2196\">\u0111\u1ea1i l\u00fd ph\u00e2n ph\u1ed1i ch\u00ednh h\u00e3ng tr\u00ean to\u00e0n qu\u1ed1c<\/strong><\/p>\n<\/li>\n<li data-start=\"2199\" data-end=\"2253\">\n<p data-start=\"2201\" data-end=\"2253\">H\u1ed7 tr\u1ee3 k\u1ef9 thu\u1eadt tr\u1ef1c ti\u1ebfp, nhanh ch\u00f3ng, \u0111\u00fang cam k\u1ebft<\/p>\n<\/li>\n<\/ul>\n<h2 data-start=\"2260\" data-end=\"2288\"><span class=\"ez-toc-section\" id=\"5_Cam_ket_tu_Kawasan\"><\/span><strong data-start=\"2263\" data-end=\"2288\">5. Cam k\u1ebft t\u1eeb Kawasan<\/strong><span class=\"ez-toc-section-end\"><\/span><\/h2>\n<p data-start=\"2290\" data-end=\"2632\">Kawasan cam k\u1ebft mang \u0111\u1ebfn s\u1ea3n ph\u1ea9m <strong data-start=\"2324\" data-end=\"2357\">ch\u00ednh h\u00e3ng \u2013 b\u1ec1n b\u1ec9 \u2013 an to\u00e0n<\/strong>, \u0111\u00e1p \u1ee9ng \u0111\u1ea7y \u0111\u1ee7 c\u00e1c ti\u00eau chu\u1ea9n k\u1ef9 thu\u1eadt v\u00e0 y\u00eau c\u1ea7u s\u1eed d\u1ee5ng th\u1ef1c t\u1ebf.<br data-start=\"2425\" data-end=\"2428\" \/>T\u1ea5t c\u1ea3 s\u1ea3n ph\u1ea9m \u0111\u01b0\u1ee3c b\u1ea3o h\u00e0nh <strong data-start=\"2458\" data-end=\"2479\">mi\u1ec5n ph\u00ed 24 th\u00e1ng<\/strong>, v\u00e0 v\u1eabn ti\u1ebfp t\u1ee5c \u0111\u01b0\u1ee3c h\u1ed7 tr\u1ee3 s\u1eeda ch\u1eefa sau th\u1eddi gian b\u1ea3o h\u00e0nh n\u1ebfu c\u00f2n kh\u1ea3 n\u0103ng ph\u1ee5c h\u1ed3i, <strong data-start=\"2568\" data-end=\"2586\">kh\u00f4ng t\u00ednh ph\u00ed<\/strong> n\u1ebfu chi ph\u00ed linh ki\u1ec7n thay th\u1ebf kh\u00f4ng \u0111\u00e1ng k\u1ec3.<\/p>\n<p data-start=\"2634\" data-end=\"2657\"><strong data-start=\"2634\" data-end=\"2657\">Mua ch\u00ednh h\u00e3ng t\u1ea1i:<\/strong><\/p>\n<ul data-start=\"2658\" data-end=\"2798\">\n<li data-start=\"2658\" data-end=\"2711\">\n<p data-start=\"2660\" data-end=\"2711\">Website: <a class=\"\" href=\"https:\/\/kawasan.vn\/en\/\" target=\"_new\" rel=\"noopener\" data-start=\"2669\" data-end=\"2709\">www.kawasan.vn<\/a><\/p>\n<\/li>\n<li data-start=\"2712\" data-end=\"2798\">\n<p data-start=\"2714\" data-end=\"2798\">\u0110\u00e8n LED \u2013 thi\u1ebft b\u1ecb \u0111i\u1ec7n th\u00f4ng minh: <a class=\"\" href=\"https:\/\/www.kawaled.com.vn\" target=\"_new\" rel=\"noopener\" data-start=\"2750\" data-end=\"2798\">www.kawaled.com.vn<\/a><\/p>\n<\/li>\n<\/ul>","protected":false},"excerpt":{"rendered":"<p>1. THI\u1ebeT B\u1eca \u0110I\u1ec0U KHI\u1ec2N \u0110\u1ea2O CHI\u1ec0U \u0110\u1ed8NG C\u01a0 T\u1eea XA KAWASAN Thi\u1ebft b\u1ecb \u0111i\u1ec1u khi\u1ec3n \u0111\u1ea3o chi\u1ec1u RF15C-RM3C, ho\u1ea1t \u0111\u1ed9ng v\u1edbi t\u1ea7n s\u1ed1 RF433 Mhz. Ch\u1ee9c n\u0103ng \u0111i\u1ec1u khi\u1ec3n \u0111\u1ed9ng c\u01a1 xoay chi\u1ec1u \u1ee9ng d\u1ee5ng cho c\u1eeda cu\u1ed1n, c\u1ed5ng x\u1ebfp. Ho\u1ea1t \u0111\u1ed9ng \u1ed5n \u0111\u1ecbnh, ch\u00ednh x\u00e1c qua Chip Vi X\u1eed L\u00fd cao c\u1ea5p c\u1ee7a [&hellip;]<\/p>","protected":false},"featured_media":29082,"comment_status":"open","ping_status":"closed","template":"","meta":{"_yoast_wpseo_focuskw":"Thi\u1ebft b\u1ecb \u0111i\u1ec1u khi\u1ec3n \u0111\u1ea3o chi\u1ec1u","_yoast_wpseo_metadesc":"Thi\u1ebft b\u1ecb \u0111i\u1ec1u khi\u1ec3n \u0111\u1ea3o chi\u1ec1u RF15C-RM3C, ho\u1ea1t \u0111\u1ed9ng v\u1edbi t\u1ea7n s\u1ed1 RF433 Mhz. Ch\u1ee9c n\u0103ng \u0111i\u1ec1u khi\u1ec3n \u0111\u1ed9ng c\u01a1 xoay chi\u1ec1u \u1ee9ng d\u1ee5ng cho c\u1eeda cu\u1ed1n, c\u1ed5ng x\u1ebfp","_yoast_wpseo_focuskeywords":"[{\"keyword\":\"Thi\u1ebft b\u1ecb \u0111i\u1ec1u khi\u1ec3n\",\"score\":100}]","_yoast_wpseo_keyword_synonyms":""},"product_cat":[509],"product_tag":[],"class_list":["post-23090","product","type-product","status-publish","has-post-thumbnail","hentry","product_cat-cong-tac-dieu-khien-tu-xa-bang-remote"],"acf":[],"yoast_head":"<!-- This site is optimized with the Yoast SEO Premium plugin v24.9 (Yoast SEO v24.9) - https:\/\/yoast.com\/wordpress\/plugins\/seo\/ -->\n<title>Thi\u1ebft B\u1ecb \u0110i\u1ec1u Khi\u1ec3n \u0110\u1ea3o Chi\u1ec1u \u0110\u1ed9ng C\u01a1 T\u1eeb Xa RF15C-RM3C - Kawasan<\/title>\n<meta name=\"description\" content=\"Thi\u1ebft b\u1ecb \u0111i\u1ec1u khi\u1ec3n \u0111\u1ea3o chi\u1ec1u RF15C-RM3C, ho\u1ea1t \u0111\u1ed9ng v\u1edbi t\u1ea7n s\u1ed1 RF433 Mhz. Ch\u1ee9c n\u0103ng \u0111i\u1ec1u khi\u1ec3n \u0111\u1ed9ng c\u01a1 xoay chi\u1ec1u \u1ee9ng d\u1ee5ng cho c\u1eeda cu\u1ed1n, c\u1ed5ng x\u1ebfp\" \/>\n<meta name=\"robots\" content=\"index, follow, max-snippet:-1, max-image-preview:large, max-video-preview:-1\" \/>\n<link rel=\"canonical\" href=\"https:\/\/kawasan.vn\/en\/product\/cong-tac-dieu-khien-dao-chieu-dong-co-tu-xa-rf15c-rm3c\/\" \/>\n<meta property=\"og:locale\" content=\"en_US\" \/>\n<meta property=\"og:type\" content=\"article\" \/>\n<meta property=\"og:title\" content=\"Thi\u1ebft B\u1ecb \u0110i\u1ec1u Khi\u1ec3n \u0110\u1ea3o Chi\u1ec1u \u0110\u1ed9ng C\u01a1 T\u1eeb Xa RF15C-RM3C\" \/>\n<meta property=\"og:description\" content=\"Thi\u1ebft b\u1ecb \u0111i\u1ec1u khi\u1ec3n \u0111\u1ea3o chi\u1ec1u RF15C-RM3C, ho\u1ea1t \u0111\u1ed9ng v\u1edbi t\u1ea7n s\u1ed1 RF433 Mhz. Ch\u1ee9c n\u0103ng \u0111i\u1ec1u khi\u1ec3n \u0111\u1ed9ng c\u01a1 xoay chi\u1ec1u \u1ee9ng d\u1ee5ng cho c\u1eeda cu\u1ed1n, c\u1ed5ng x\u1ebfp\" \/>\n<meta property=\"og:url\" content=\"https:\/\/kawasan.vn\/en\/product\/cong-tac-dieu-khien-dao-chieu-dong-co-tu-xa-rf15c-rm3c\/\" \/>\n<meta property=\"og:site_name\" content=\"Kawasan\" \/>\n<meta property=\"article:modified_time\" content=\"2026-04-06T10:01:22+00:00\" \/>\n<meta property=\"og:image\" content=\"https:\/\/kawasan.vn\/wp-content\/uploads\/2025\/04\/1-6.png\" \/>\n\t<meta property=\"og:image:width\" content=\"900\" \/>\n\t<meta property=\"og:image:height\" content=\"900\" \/>\n\t<meta property=\"og:image:type\" content=\"image\/png\" \/>\n<meta name=\"twitter:card\" content=\"summary_large_image\" \/>\n<meta name=\"twitter:label1\" content=\"Est. reading time\" \/>\n\t<meta name=\"twitter:data1\" content=\"4 minutes\" \/>\n<script type=\"application\/ld+json\" class=\"yoast-schema-graph\">{\"@context\":\"https:\/\/schema.org\",\"@graph\":[{\"@type\":\"WebPage\",\"@id\":\"https:\/\/kawasan.vn\/san-pham\/cong-tac-dieu-khien-dao-chieu-dong-co-tu-xa-rf15c-rm3c\/\",\"url\":\"https:\/\/kawasan.vn\/san-pham\/cong-tac-dieu-khien-dao-chieu-dong-co-tu-xa-rf15c-rm3c\/\",\"name\":\"Thi\u1ebft B\u1ecb \u0110i\u1ec1u Khi\u1ec3n \u0110\u1ea3o Chi\u1ec1u \u0110\u1ed9ng C\u01a1 T\u1eeb Xa RF15C-RM3C - Kawasan\",\"isPartOf\":{\"@id\":\"https:\/\/kawasan.vn\/#website\"},\"primaryImageOfPage\":{\"@id\":\"https:\/\/kawasan.vn\/san-pham\/cong-tac-dieu-khien-dao-chieu-dong-co-tu-xa-rf15c-rm3c\/#primaryimage\"},\"image\":{\"@id\":\"https:\/\/kawasan.vn\/san-pham\/cong-tac-dieu-khien-dao-chieu-dong-co-tu-xa-rf15c-rm3c\/#primaryimage\"},\"thumbnailUrl\":\"https:\/\/kawasan.vn\/wp-content\/uploads\/2025\/04\/1-6.png\",\"datePublished\":\"2025-04-29T06:22:23+00:00\",\"dateModified\":\"2026-04-06T10:01:22+00:00\",\"description\":\"Thi\u1ebft b\u1ecb \u0111i\u1ec1u khi\u1ec3n \u0111\u1ea3o chi\u1ec1u RF15C-RM3C, ho\u1ea1t \u0111\u1ed9ng v\u1edbi t\u1ea7n s\u1ed1 RF433 Mhz. Ch\u1ee9c n\u0103ng \u0111i\u1ec1u khi\u1ec3n \u0111\u1ed9ng c\u01a1 xoay chi\u1ec1u \u1ee9ng d\u1ee5ng cho c\u1eeda cu\u1ed1n, c\u1ed5ng x\u1ebfp\",\"breadcrumb\":{\"@id\":\"https:\/\/kawasan.vn\/san-pham\/cong-tac-dieu-khien-dao-chieu-dong-co-tu-xa-rf15c-rm3c\/#breadcrumb\"},\"inLanguage\":\"en-US\",\"potentialAction\":[{\"@type\":\"ReadAction\",\"target\":[\"https:\/\/kawasan.vn\/san-pham\/cong-tac-dieu-khien-dao-chieu-dong-co-tu-xa-rf15c-rm3c\/\"]}]},{\"@type\":\"ImageObject\",\"inLanguage\":\"en-US\",\"@id\":\"https:\/\/kawasan.vn\/san-pham\/cong-tac-dieu-khien-dao-chieu-dong-co-tu-xa-rf15c-rm3c\/#primaryimage\",\"url\":\"https:\/\/kawasan.vn\/wp-content\/uploads\/2025\/04\/1-6.png\",\"contentUrl\":\"https:\/\/kawasan.vn\/wp-content\/uploads\/2025\/04\/1-6.png\",\"width\":900,\"height\":900},{\"@type\":\"BreadcrumbList\",\"@id\":\"https:\/\/kawasan.vn\/san-pham\/cong-tac-dieu-khien-dao-chieu-dong-co-tu-xa-rf15c-rm3c\/#breadcrumb\",\"itemListElement\":[{\"@type\":\"ListItem\",\"position\":1,\"name\":\"Trang ch\u1ee7\",\"item\":\"https:\/\/kawasan.vn\/\"},{\"@type\":\"ListItem\",\"position\":2,\"name\":\"S\u1ea3n ph\u1ea9m\",\"item\":\"https:\/\/kawasan.vn\/san-pham\/\"},{\"@type\":\"ListItem\",\"position\":3,\"name\":\"Thi\u1ebft B\u1ecb \u0110i\u1ec1u Khi\u1ec3n \u0110\u1ea3o Chi\u1ec1u \u0110\u1ed9ng C\u01a1 T\u1eeb Xa RF15C-RM3C\"}]},{\"@type\":\"WebSite\",\"@id\":\"https:\/\/kawasan.vn\/#website\",\"url\":\"https:\/\/kawasan.vn\/\",\"name\":\"Kawasan\",\"description\":\"\",\"potentialAction\":[{\"@type\":\"SearchAction\",\"target\":{\"@type\":\"EntryPoint\",\"urlTemplate\":\"https:\/\/kawasan.vn\/?s={search_term_string}\"},\"query-input\":{\"@type\":\"PropertyValueSpecification\",\"valueRequired\":true,\"valueName\":\"search_term_string\"}}],\"inLanguage\":\"en-US\"}]}<\/script>\n<!-- \/ Yoast SEO Premium plugin. -->","yoast_head_json":{"title":"Thi\u1ebft B\u1ecb \u0110i\u1ec1u Khi\u1ec3n \u0110\u1ea3o Chi\u1ec1u \u0110\u1ed9ng C\u01a1 T\u1eeb Xa RF15C-RM3C - Kawasan","description":"Thi\u1ebft b\u1ecb \u0111i\u1ec1u khi\u1ec3n \u0111\u1ea3o chi\u1ec1u RF15C-RM3C, ho\u1ea1t \u0111\u1ed9ng v\u1edbi t\u1ea7n s\u1ed1 RF433 Mhz. Ch\u1ee9c n\u0103ng \u0111i\u1ec1u khi\u1ec3n \u0111\u1ed9ng c\u01a1 xoay chi\u1ec1u \u1ee9ng d\u1ee5ng cho c\u1eeda cu\u1ed1n, c\u1ed5ng x\u1ebfp","robots":{"index":"index","follow":"follow","max-snippet":"max-snippet:-1","max-image-preview":"max-image-preview:large","max-video-preview":"max-video-preview:-1"},"canonical":"https:\/\/kawasan.vn\/en\/product\/cong-tac-dieu-khien-dao-chieu-dong-co-tu-xa-rf15c-rm3c\/","og_locale":"en_US","og_type":"article","og_title":"Thi\u1ebft B\u1ecb \u0110i\u1ec1u Khi\u1ec3n \u0110\u1ea3o Chi\u1ec1u \u0110\u1ed9ng C\u01a1 T\u1eeb Xa RF15C-RM3C","og_description":"Thi\u1ebft b\u1ecb \u0111i\u1ec1u khi\u1ec3n \u0111\u1ea3o chi\u1ec1u RF15C-RM3C, ho\u1ea1t \u0111\u1ed9ng v\u1edbi t\u1ea7n s\u1ed1 RF433 Mhz. Ch\u1ee9c n\u0103ng \u0111i\u1ec1u khi\u1ec3n \u0111\u1ed9ng c\u01a1 xoay chi\u1ec1u \u1ee9ng d\u1ee5ng cho c\u1eeda cu\u1ed1n, c\u1ed5ng x\u1ebfp","og_url":"https:\/\/kawasan.vn\/en\/product\/cong-tac-dieu-khien-dao-chieu-dong-co-tu-xa-rf15c-rm3c\/","og_site_name":"Kawasan","article_modified_time":"2026-04-06T10:01:22+00:00","og_image":[{"width":900,"height":900,"url":"https:\/\/kawasan.vn\/wp-content\/uploads\/2025\/04\/1-6.png","type":"image\/png"}],"twitter_card":"summary_large_image","twitter_misc":{"Est. reading time":"4 minutes"},"schema":{"@context":"https:\/\/schema.org","@graph":[{"@type":"WebPage","@id":"https:\/\/kawasan.vn\/san-pham\/cong-tac-dieu-khien-dao-chieu-dong-co-tu-xa-rf15c-rm3c\/","url":"https:\/\/kawasan.vn\/san-pham\/cong-tac-dieu-khien-dao-chieu-dong-co-tu-xa-rf15c-rm3c\/","name":"Thi\u1ebft B\u1ecb \u0110i\u1ec1u Khi\u1ec3n \u0110\u1ea3o Chi\u1ec1u \u0110\u1ed9ng C\u01a1 T\u1eeb Xa RF15C-RM3C - Kawasan","isPartOf":{"@id":"https:\/\/kawasan.vn\/#website"},"primaryImageOfPage":{"@id":"https:\/\/kawasan.vn\/san-pham\/cong-tac-dieu-khien-dao-chieu-dong-co-tu-xa-rf15c-rm3c\/#primaryimage"},"image":{"@id":"https:\/\/kawasan.vn\/san-pham\/cong-tac-dieu-khien-dao-chieu-dong-co-tu-xa-rf15c-rm3c\/#primaryimage"},"thumbnailUrl":"https:\/\/kawasan.vn\/wp-content\/uploads\/2025\/04\/1-6.png","datePublished":"2025-04-29T06:22:23+00:00","dateModified":"2026-04-06T10:01:22+00:00","description":"Thi\u1ebft b\u1ecb \u0111i\u1ec1u khi\u1ec3n \u0111\u1ea3o chi\u1ec1u RF15C-RM3C, ho\u1ea1t \u0111\u1ed9ng v\u1edbi t\u1ea7n s\u1ed1 RF433 Mhz. Ch\u1ee9c n\u0103ng \u0111i\u1ec1u khi\u1ec3n \u0111\u1ed9ng c\u01a1 xoay chi\u1ec1u \u1ee9ng d\u1ee5ng cho c\u1eeda cu\u1ed1n, c\u1ed5ng x\u1ebfp","breadcrumb":{"@id":"https:\/\/kawasan.vn\/san-pham\/cong-tac-dieu-khien-dao-chieu-dong-co-tu-xa-rf15c-rm3c\/#breadcrumb"},"inLanguage":"en-US","potentialAction":[{"@type":"ReadAction","target":["https:\/\/kawasan.vn\/san-pham\/cong-tac-dieu-khien-dao-chieu-dong-co-tu-xa-rf15c-rm3c\/"]}]},{"@type":"ImageObject","inLanguage":"en-US","@id":"https:\/\/kawasan.vn\/san-pham\/cong-tac-dieu-khien-dao-chieu-dong-co-tu-xa-rf15c-rm3c\/#primaryimage","url":"https:\/\/kawasan.vn\/wp-content\/uploads\/2025\/04\/1-6.png","contentUrl":"https:\/\/kawasan.vn\/wp-content\/uploads\/2025\/04\/1-6.png","width":900,"height":900},{"@type":"BreadcrumbList","@id":"https:\/\/kawasan.vn\/san-pham\/cong-tac-dieu-khien-dao-chieu-dong-co-tu-xa-rf15c-rm3c\/#breadcrumb","itemListElement":[{"@type":"ListItem","position":1,"name":"Trang ch\u1ee7","item":"https:\/\/kawasan.vn\/"},{"@type":"ListItem","position":2,"name":"S\u1ea3n ph\u1ea9m","item":"https:\/\/kawasan.vn\/san-pham\/"},{"@type":"ListItem","position":3,"name":"Thi\u1ebft B\u1ecb \u0110i\u1ec1u Khi\u1ec3n \u0110\u1ea3o Chi\u1ec1u \u0110\u1ed9ng C\u01a1 T\u1eeb Xa RF15C-RM3C"}]},{"@type":"WebSite","@id":"https:\/\/kawasan.vn\/#website","url":"https:\/\/kawasan.vn\/","name":"Kawasan","description":"","potentialAction":[{"@type":"SearchAction","target":{"@type":"EntryPoint","urlTemplate":"https:\/\/kawasan.vn\/?s={search_term_string}"},"query-input":{"@type":"PropertyValueSpecification","valueRequired":true,"valueName":"search_term_string"}}],"inLanguage":"en-US"}]}},"_links":{"self":[{"href":"https:\/\/kawasan.vn\/en\/wp-json\/wp\/v2\/product\/23090","targetHints":{"allow":["GET"]}}],"collection":[{"href":"https:\/\/kawasan.vn\/en\/wp-json\/wp\/v2\/product"}],"about":[{"href":"https:\/\/kawasan.vn\/en\/wp-json\/wp\/v2\/types\/product"}],"replies":[{"embeddable":true,"href":"https:\/\/kawasan.vn\/en\/wp-json\/wp\/v2\/comments?post=23090"}],"version-history":[{"count":6,"href":"https:\/\/kawasan.vn\/en\/wp-json\/wp\/v2\/product\/23090\/revisions"}],"predecessor-version":[{"id":30707,"href":"https:\/\/kawasan.vn\/en\/wp-json\/wp\/v2\/product\/23090\/revisions\/30707"}],"wp:featuredmedia":[{"embeddable":true,"href":"https:\/\/kawasan.vn\/en\/wp-json\/wp\/v2\/media\/29082"}],"wp:attachment":[{"href":"https:\/\/kawasan.vn\/en\/wp-json\/wp\/v2\/media?parent=23090"}],"wp:term":[{"taxonomy":"product_cat","embeddable":true,"href":"https:\/\/kawasan.vn\/en\/wp-json\/wp\/v2\/product_cat?post=23090"},{"taxonomy":"product_tag","embeddable":true,"href":"https:\/\/kawasan.vn\/en\/wp-json\/wp\/v2\/product_tag?post=23090"}],"curies":[{"name":"wp","href":"https:\/\/api.w.org\/{rel}","templated":true}]}}