{"id":23026,"date":"2025-04-29T12:36:47","date_gmt":"2025-04-29T05:36:47","guid":{"rendered":"https:\/\/kawasan.vn\/?post_type=product&#038;p=23026"},"modified":"2026-02-02T16:05:12","modified_gmt":"2026-02-02T09:05:12","slug":"cong-tac-cam-ung-cham-kw-ct2-r","status":"publish","type":"product","link":"https:\/\/kawasan.vn\/en\/product\/cong-tac-cam-ung-cham-kw-ct2-r\/","title":{"rendered":"TOUCH SWITCH KW-CT2-R"},"content":{"rendered":"<h2><span class=\"ez-toc-section\" id=\"1_Thong_tin_san_pham\"><\/span>1. Th\u00f4ng tin s\u1ea3n ph\u1ea9m:<span class=\"ez-toc-section-end\"><\/span><\/h2><div id=\"ez-toc-container\" class=\"ez-toc-v2_0_69_1 counter-hierarchy ez-toc-counter ez-toc-grey ez-toc-container-direction\">\n<div class=\"ez-toc-title-container\">\n<p class=\"ez-toc-title\" >N\u1ed9i Dung B&agrave;i Vi\u1ebft<\/p>\n<span class=\"ez-toc-title-toggle\"><a href=\"#\" class=\"ez-toc-pull-right ez-toc-btn ez-toc-btn-xs ez-toc-btn-default ez-toc-toggle\" aria-label=\"Toggle Table of Content\"><span class=\"ez-toc-js-icon-con\"><span class=\"\"><span class=\"eztoc-hide\" style=\"display:none;\">Toggle<\/span><span class=\"ez-toc-icon-toggle-span\"><svg style=\"fill: #999;color:#999\" xmlns=\"http:\/\/www.w3.org\/2000\/svg\" class=\"list-377408\" width=\"20px\" height=\"20px\" viewbox=\"0 0 24 24\" fill=\"none\"><path d=\"M6 6H4v2h2V6zm14 0H8v2h12V6zM4 11h2v2H4v-2zm16 0H8v2h12v-2zM4 16h2v2H4v-2zm16 0H8v2h12v-2z\" fill=\"currentColor\"><\/path><\/svg><svg style=\"fill: #999;color:#999\" class=\"arrow-unsorted-368013\" xmlns=\"http:\/\/www.w3.org\/2000\/svg\" width=\"10px\" height=\"10px\" viewbox=\"0 0 24 24\" version=\"1.2\" baseprofile=\"tiny\"><path d=\"M18.2 9.3l-6.2-6.3-6.2 6.3c-.2.2-.3.4-.3.7s.1.5.3.7c.2.2.4.3.7.3h11c.3 0 .5-.1.7-.3.2-.2.3-.5.3-.7s-.1-.5-.3-.7zM5.8 14.7l6.2 6.3 6.2-6.3c.2-.2.3-.5.3-.7s-.1-.5-.3-.7c-.2-.2-.4-.3-.7-.3h-11c-.3 0-.5.1-.7.3-.2.2-.3.5-.3.7s.1.5.3.7z\"\/><\/svg><\/span><\/span><\/span><\/a><\/span><\/div>\n<nav><ul class='ez-toc-list ez-toc-list-level-1 eztoc-toggle-hide-by-default' ><li class='ez-toc-page-1 ez-toc-heading-level-2'><a class=\"ez-toc-link ez-toc-heading-1\" href=\"https:\/\/kawasan.vn\/en\/product\/cong-tac-cam-ung-cham-kw-ct2-r\/#1_Thong_tin_san_pham\" title=\"1. Th\u00f4ng tin s\u1ea3n ph\u1ea9m:\">1. Th\u00f4ng tin s\u1ea3n ph\u1ea9m:<\/a><\/li><li class='ez-toc-page-1 ez-toc-heading-level-2'><a class=\"ez-toc-link ez-toc-heading-2\" href=\"https:\/\/kawasan.vn\/en\/product\/cong-tac-cam-ung-cham-kw-ct2-r\/#2_LOI_ICH\" title=\"2. L\u1ee2I \u00cdCH:\">2. L\u1ee2I \u00cdCH:<\/a><\/li><li class='ez-toc-page-1 ez-toc-heading-level-2'><a class=\"ez-toc-link ez-toc-heading-3\" href=\"https:\/\/kawasan.vn\/en\/product\/cong-tac-cam-ung-cham-kw-ct2-r\/#3_UNG_DUNG\" title=\"3. \u1ee8NG D\u1ee4NG:\">3. \u1ee8NG D\u1ee4NG:<\/a><\/li><li class='ez-toc-page-1 ez-toc-heading-level-2'><a class=\"ez-toc-link ez-toc-heading-4\" href=\"https:\/\/kawasan.vn\/en\/product\/cong-tac-cam-ung-cham-kw-ct2-r\/#4_Cam_ket_tu_Kawasan\" title=\"4. Cam k\u1ebft t\u1eeb Kawasan\">4. Cam k\u1ebft t\u1eeb Kawasan<\/a><\/li><\/ul><\/nav><\/div>\n\n<p style=\"padding-left: 40px;\">\u0110\u00e2y l\u00e0 c\u00f4ng t\u1eafc c\u1ea3m \u1ee9ng ch\u1ea1m \u0111\u1ec3 b\u1eadt\/ t\u1eaft \u0111\u00e8n d\u00f9ng c\u00f4ng ngh\u1ec7 c\u1ea3m \u1ee9ng \u0111\u1ec7n dung . V\u1edbi b\u1ec1 m\u1eb7t k\u00ednh sang tr\u1ecdng, ch\u1ed1ng x\u01b0\u1edbc, ch\u1ed1ng va \u0111\u1eadp, k\u1ebft h\u1ee3p v\u1edbi v\u00f2ng s\u00e1ng LED bao quanh \u0111\u00e3 t\u1ea1o n\u00ean s\u1ef1 tinh t\u1ebf, cu\u1ed1n h\u00fat c\u1ee7a c\u00f4ng t\u1eafc c\u1ea3m \u1ee9ng . M\u1ed7i n\u00fat c\u1ea3m \u1ee9ng tr\u00ean b\u1ec1 m\u1eb7t c\u00f4ng t\u1eafc \u0111\u01b0\u1ee3c hi\u1ec3n th\u1ecb v\u00f2ng tr\u00f2n m\u00e0u xanh . K\u1ebft h\u1ee3p v\u1edbi t\u00ednh n\u0103ng m\u1edf r\u1ed9ng \u0111\u1ec3 \u0111i\u1ec1u khi\u1ec3n t\u1eeb xa, gi\u1edd \u0111\u00e2y b\u1ea1n c\u00f3 th\u1ec3 \u0111i\u1ec1u khi\u1ec3n b\u1eadt t\u1eaft \u0111\u00e8n t\u1eeb xa qua remote \/smart phone (k\u1ebft h\u1ee3p trung t\u00e2m nh\u00e0 th\u00f4ng minh kawasan)<\/p>\n<h2><span class=\"ez-toc-section\" id=\"2_LOI_ICH\"><\/span>2. L\u1ee2I \u00cdCH:<span class=\"ez-toc-section-end\"><\/span><\/h2>\n<ul>\n<li>An to\u00e0n v\u1ec1 \u0111i\u1ec7n cho tr\u1ebb em v\u00e0 ng\u01b0\u1eddi gi\u00e0 v\u00ec tr\u1ebb em kh\u00f4ng ph\u1ea3i ti\u1ebfp x\u00fac v\u1edbi lo\u1ea1i c\u00f4ng t\u1eafc c\u01a1 h\u1edf truy\u1ec1n th\u1ed1ng, ng\u01b0\u1eddi gi\u00e0 th\u00ec kh\u00f4ng ph\u1ea3i m\u00f2 t\u00ecm c\u00f4ng t\u00e1c trong \u0111\u00eam t\u1ed1i khi ph\u1ea3i \u0111i v\u1ec7 sinh l\u00fac \u0111\u00eam khuya v\u00ec tr\u00ean m\u1eb7t c\u00f4ng t\u00e1c c\u00f3 \u0111\u00e8n s\u00e1ng b\u00e1o v\u1ecb tr\u00ed c\u00f4ng t\u1eafc gi\u00fap d\u1ec5 d\u00e0ng x\u00e1c \u0111\u1ecbnh v\u1ecb tr\u00ed c\u1ea7n b\u1eadt \u0111\u00e8n.<\/li>\n<li>Khi tay \u01b0\u1edbt v\u1eabn c\u00f3 th\u1ec3 t\u1eaft \/ m\u1edf \u0111\u00e8n m\u00e0 kh\u00f4ng s\u1ee3 n\u01b0\u1edbc truy\u1ec1n \u0111i\u1ec7n nguy hi\u1ec3m.<\/li>\n<li>Gi\u00fap ng\u00f4i nh\u00e0 sang tr\u1ecdng v\u00e0 th\u1ec3 hi\u1ec7n \u0111\u01b0\u1ee3c s\u1ef1 tinh t\u1ebf, sang tr\u1ecdng c\u1ee7a gia ch\u1ee7<\/li>\n<\/ul>\n<h2><span class=\"ez-toc-section\" id=\"3_UNG_DUNG\"><\/span>3. \u1ee8NG D\u1ee4NG:<span class=\"ez-toc-section-end\"><\/span><\/h2>\n<ul>\n<li>Thay th\u1ebf c\u00e1c c\u00f4ng t\u1eafc c\u01a1 truy\u1ec1n th\u1ed1ng t\u1ea1i c\u00e1c gia \u0111\u00ecnh hi\u1ec7n t\u1ea1i<\/li>\n<li>D\u00f9ng l\u1eafp m\u1edbi cho c\u00e1c ng\u00f4i nh\u00e0 m\u1edbi x\u00e2y v\u1edbi phong c\u00e1ch hi\u1ec7n \u0111\u1ea1i v\u00e0 c\u00f3 t\u00edch h\u1ee3p \u0111i\u1ec1u khi\u1ec3n t\u1eeb xa qua remote\/smartphone<\/li>\n<\/ul>\n<figure style=\"width: 595px\" class=\"wp-caption aligncenter\"><img loading=\"lazy\" decoding=\"async\" src=\"http:\/\/kawasan.com.vn\/image\/data\/CAM%20UNG\/CONG%20TAC%20CAM%20UNG%20CHAM\/KW-%20CTR2\/CT2_R.jpg\" alt=\"C\u00d4NG T\u1eaeC C\u1ea2M \u1ee8NG CH\u1ea0M\" width=\"595\" height=\"842\" data-cke-saved-src=\"https:\/\/kawasan.vn\/wp-content\/uploads\/2025\/04\/CT2_R.jpg\" \/><figcaption class=\"wp-caption-text\">C\u00d4NG T\u1eaeC C\u1ea2M \u1ee8NG CH\u1ea0M<\/figcaption><\/figure>\n<figure style=\"width: 567px\" class=\"wp-caption aligncenter\"><img loading=\"lazy\" decoding=\"async\" class=\"\" src=\"http:\/\/kawasan.com.vn\/image\/data\/CAM%20UNG\/CONG%20TAC%20CAM%20UNG%20CHAM\/KW-%20CTR2\/CT2R_.jpg\" alt=\"K\u00edch th\u01b0\u1edbc\" width=\"567\" height=\"796\" data-cke-saved-src=\"https:\/\/kawasan.vn\/wp-content\/uploads\/2025\/04\/CT2R.jpg\" \/><figcaption class=\"wp-caption-text\">K\u00edch th\u01b0\u1edbc<\/figcaption><\/figure>\n<figure style=\"width: 570px\" class=\"wp-caption aligncenter\"><img loading=\"lazy\" decoding=\"async\" class=\"\" src=\"http:\/\/kawasan.com.vn\/image\/data\/CAM%20UNG\/CONG%20TAC%20CAM%20UNG%20CHAM\/KW-%20CTR2\/Thiet-bi-nha-thong-minh-123.jpg\" alt=\"Th\u00edch h\u1ee3p nhi\u1ec1u ch\u1ee9c n\u0103ng\" width=\"570\" height=\"255\" data-cke-saved-src=\"https:\/\/kawasan.vn\/wp-content\/uploads\/2025\/04\/Thiet-bi-nha-thong-minh-123.jpg\" \/><figcaption class=\"wp-caption-text\">Th\u00edch h\u1ee3p nhi\u1ec1u ch\u1ee9c n\u0103ng<\/figcaption><\/figure>\n<figure style=\"width: 641px\" class=\"wp-caption aligncenter\"><img loading=\"lazy\" decoding=\"async\" src=\"http:\/\/kawasan.com.vn\/image\/data\/CAM%20UNG\/CONG%20TAC%20CAM%20UNG%20CHAM\/KW%20-%20CT1\/Broad%20link.jpg\" alt=\"D\u00f9ng s\u00f3ng h\u1ed3ng ngo\u1ea1i v\u00e0 s\u00f3ng RF515\/ 433 MHz\" width=\"641\" height=\"608\" data-cke-saved-src=\"https:\/\/kawasan.vn\/wp-content\/uploads\/2025\/04\/Broad-link.jpg\" \/><figcaption class=\"wp-caption-text\">D\u00f9ng s\u00f3ng h\u1ed3ng ngo\u1ea1i v\u00e0 s\u00f3ng RF515\/ 433 MHz<\/figcaption><\/figure>\n<p>&nbsp;<\/p>\n<h2 data-start=\"2260\" data-end=\"2288\"><span class=\"ez-toc-section\" id=\"4_Cam_ket_tu_Kawasan\"><\/span><strong data-start=\"2263\" data-end=\"2288\">4. Cam k\u1ebft t\u1eeb Kawasan<\/strong><span class=\"ez-toc-section-end\"><\/span><\/h2>\n<p data-start=\"2290\" data-end=\"2632\">Kawasan cam k\u1ebft mang \u0111\u1ebfn s\u1ea3n ph\u1ea9m <strong data-start=\"2324\" data-end=\"2357\">ch\u00ednh h\u00e3ng \u2013 b\u1ec1n b\u1ec9 \u2013 an to\u00e0n<\/strong>, \u0111\u00e1p \u1ee9ng \u0111\u1ea7y \u0111\u1ee7 c\u00e1c ti\u00eau chu\u1ea9n k\u1ef9 thu\u1eadt v\u00e0 y\u00eau c\u1ea7u s\u1eed d\u1ee5ng th\u1ef1c t\u1ebf.<br data-start=\"2425\" data-end=\"2428\" \/>T\u1ea5t c\u1ea3 s\u1ea3n ph\u1ea9m \u0111\u01b0\u1ee3c b\u1ea3o h\u00e0nh <strong data-start=\"2458\" data-end=\"2479\">mi\u1ec5n ph\u00ed 24 th\u00e1ng<\/strong>, v\u00e0 v\u1eabn ti\u1ebfp t\u1ee5c \u0111\u01b0\u1ee3c h\u1ed7 tr\u1ee3 s\u1eeda ch\u1eefa sau th\u1eddi gian b\u1ea3o h\u00e0nh n\u1ebfu c\u00f2n kh\u1ea3 n\u0103ng ph\u1ee5c h\u1ed3i, <strong data-start=\"2568\" data-end=\"2586\">kh\u00f4ng t\u00ednh ph\u00ed<\/strong> n\u1ebfu chi ph\u00ed linh ki\u1ec7n thay th\u1ebf kh\u00f4ng \u0111\u00e1ng k\u1ec3.<\/p>\n<p data-start=\"2634\" data-end=\"2657\"><strong data-start=\"2634\" data-end=\"2657\">Mua ch\u00ednh h\u00e3ng t\u1ea1i:<\/strong><\/p>\n<ul data-start=\"2658\" data-end=\"2798\">\n<li data-start=\"2658\" data-end=\"2711\">\n<p data-start=\"2660\" data-end=\"2711\">Website: <a class=\"\" href=\"https:\/\/kawasan.vn\/en\/\" target=\"_new\" rel=\"noopener\" data-start=\"2669\" data-end=\"2709\">www.kawasan.vn<\/a><\/p>\n<\/li>\n<li data-start=\"2712\" data-end=\"2798\">\n<p data-start=\"2714\" data-end=\"2798\">\u0110\u00e8n LED \u2013 thi\u1ebft b\u1ecb \u0111i\u1ec7n th\u00f4ng minh: <a class=\"\" href=\"https:\/\/www.kawaled.com.vn\" target=\"_new\" rel=\"noopener\" data-start=\"2750\" data-end=\"2798\">www.kawaled.com.vn<\/a><\/p>\n<\/li>\n<\/ul>","protected":false},"excerpt":{"rendered":"<p>1. Th\u00f4ng tin s\u1ea3n ph\u1ea9m: \u0110\u00e2y l\u00e0 c\u00f4ng t\u1eafc c\u1ea3m \u1ee9ng ch\u1ea1m \u0111\u1ec3 b\u1eadt\/ t\u1eaft \u0111\u00e8n d\u00f9ng c\u00f4ng ngh\u1ec7 c\u1ea3m \u1ee9ng \u0111\u1ec7n dung . V\u1edbi b\u1ec1 m\u1eb7t k\u00ednh sang tr\u1ecdng, ch\u1ed1ng x\u01b0\u1edbc, ch\u1ed1ng va \u0111\u1eadp, k\u1ebft h\u1ee3p v\u1edbi v\u00f2ng s\u00e1ng LED bao quanh \u0111\u00e3 t\u1ea1o n\u00ean s\u1ef1 tinh t\u1ebf, cu\u1ed1n h\u00fat c\u1ee7a c\u00f4ng t\u1eafc c\u1ea3m [&hellip;]<\/p>","protected":false},"featured_media":11744,"comment_status":"open","ping_status":"closed","template":"","meta":{"_yoast_wpseo_focuskw":"c\u00f4ng t\u1eafc c\u1ea3m \u1ee9ng ch\u1ea1m","_yoast_wpseo_metadesc":"\u0110\u00e2y l\u00e0 c\u00f4ng t\u1eafc c\u1ea3m \u1ee9ng ch\u1ea1m \u0111\u1ec3 b\u1eadt\/ t\u1eaft \u0111\u00e8n d\u00f9ng c\u00f4ng ngh\u1ec7 c\u1ea3m \u1ee9ng ti\u1ec7n dung . V\u1edbi b\u1ec1 m\u1eb7t k\u00ednh sang tr\u1ecdng, ch\u1ed1ng x\u01b0\u1edbc, ch\u1ed1ng va \u0111\u1eadp","_yoast_wpseo_focuskeywords":"[{\"keyword\":\"c\u00f4ng ngh\u1ec7 c\u1ea3m \u1ee9ng ti\u1ec7n dung\",\"score\":69},{\"keyword\":\"c\u00f4ng t\u1eafc c\u1ea3m \u1ee9ng ch\u1ea1m \u0111\u1ec3 b\u1eadt\/ t\u1eaft \u0111\u00e8n\",\"score\":76},{\"keyword\":\"b\u1ec1 m\u1eb7t k\u00ednh sang tr\u1ecdng\",\"score\":82}]","_yoast_wpseo_keyword_synonyms":""},"product_cat":[38],"product_tag":[],"class_list":["post-23026","product","type-product","status-publish","has-post-thumbnail","hentry","product_cat-cong-tac-thong-minh"],"acf":[],"yoast_head":"<!-- This site is optimized with the Yoast SEO Premium plugin v24.9 (Yoast SEO v24.9) - https:\/\/yoast.com\/wordpress\/plugins\/seo\/ -->\n<title>C\u00d4NG T\u1eaeC C\u1ea2M \u1ee8NG CH\u1ea0M KW-CT2-R - Kawasan<\/title>\n<meta name=\"description\" content=\"\u0110\u00e2y l\u00e0 c\u00f4ng t\u1eafc c\u1ea3m \u1ee9ng ch\u1ea1m \u0111\u1ec3 b\u1eadt\/ t\u1eaft \u0111\u00e8n d\u00f9ng c\u00f4ng ngh\u1ec7 c\u1ea3m \u1ee9ng ti\u1ec7n dung . V\u1edbi b\u1ec1 m\u1eb7t k\u00ednh sang tr\u1ecdng, ch\u1ed1ng x\u01b0\u1edbc, ch\u1ed1ng va \u0111\u1eadp\" \/>\n<meta name=\"robots\" content=\"index, follow, max-snippet:-1, max-image-preview:large, max-video-preview:-1\" \/>\n<link rel=\"canonical\" href=\"https:\/\/kawasan.vn\/en\/product\/cong-tac-cam-ung-cham-kw-ct2-r\/\" \/>\n<meta property=\"og:locale\" content=\"en_US\" \/>\n<meta property=\"og:type\" content=\"article\" \/>\n<meta property=\"og:title\" content=\"C\u00d4NG T\u1eaeC C\u1ea2M \u1ee8NG CH\u1ea0M KW-CT2-R\" \/>\n<meta property=\"og:description\" content=\"\u0110\u00e2y l\u00e0 c\u00f4ng t\u1eafc c\u1ea3m \u1ee9ng ch\u1ea1m \u0111\u1ec3 b\u1eadt\/ t\u1eaft \u0111\u00e8n d\u00f9ng c\u00f4ng ngh\u1ec7 c\u1ea3m \u1ee9ng ti\u1ec7n dung . V\u1edbi b\u1ec1 m\u1eb7t k\u00ednh sang tr\u1ecdng, ch\u1ed1ng x\u01b0\u1edbc, ch\u1ed1ng va \u0111\u1eadp\" \/>\n<meta property=\"og:url\" content=\"https:\/\/kawasan.vn\/en\/product\/cong-tac-cam-ung-cham-kw-ct2-r\/\" \/>\n<meta property=\"og:site_name\" content=\"Kawasan\" \/>\n<meta property=\"article:modified_time\" content=\"2026-02-02T09:05:12+00:00\" \/>\n<meta property=\"og:image\" content=\"https:\/\/kawasan.vn\/wp-content\/uploads\/2023\/11\/cong-tac-cam-ung-cham-kw-ct2-r_6555e1b1b88f6.jpeg\" \/>\n\t<meta property=\"og:image:width\" content=\"600\" \/>\n\t<meta property=\"og:image:height\" content=\"600\" \/>\n\t<meta property=\"og:image:type\" content=\"image\/jpeg\" \/>\n<meta name=\"twitter:card\" content=\"summary_large_image\" \/>\n<meta name=\"twitter:label1\" content=\"Est. reading time\" \/>\n\t<meta name=\"twitter:data1\" content=\"4 minutes\" \/>\n<script type=\"application\/ld+json\" class=\"yoast-schema-graph\">{\"@context\":\"https:\/\/schema.org\",\"@graph\":[{\"@type\":\"WebPage\",\"@id\":\"https:\/\/kawasan.vn\/san-pham\/cong-tac-cam-ung-cham-kw-ct2-r\/\",\"url\":\"https:\/\/kawasan.vn\/san-pham\/cong-tac-cam-ung-cham-kw-ct2-r\/\",\"name\":\"C\u00d4NG T\u1eaeC C\u1ea2M \u1ee8NG CH\u1ea0M KW-CT2-R - Kawasan\",\"isPartOf\":{\"@id\":\"https:\/\/kawasan.vn\/#website\"},\"primaryImageOfPage\":{\"@id\":\"https:\/\/kawasan.vn\/san-pham\/cong-tac-cam-ung-cham-kw-ct2-r\/#primaryimage\"},\"image\":{\"@id\":\"https:\/\/kawasan.vn\/san-pham\/cong-tac-cam-ung-cham-kw-ct2-r\/#primaryimage\"},\"thumbnailUrl\":\"https:\/\/kawasan.vn\/wp-content\/uploads\/2023\/11\/cong-tac-cam-ung-cham-kw-ct2-r_6555e1b1b88f6.jpeg\",\"datePublished\":\"2025-04-29T05:36:47+00:00\",\"dateModified\":\"2026-02-02T09:05:12+00:00\",\"description\":\"\u0110\u00e2y l\u00e0 c\u00f4ng t\u1eafc c\u1ea3m \u1ee9ng ch\u1ea1m \u0111\u1ec3 b\u1eadt\/ t\u1eaft \u0111\u00e8n d\u00f9ng c\u00f4ng ngh\u1ec7 c\u1ea3m \u1ee9ng ti\u1ec7n dung . V\u1edbi b\u1ec1 m\u1eb7t k\u00ednh sang tr\u1ecdng, ch\u1ed1ng x\u01b0\u1edbc, ch\u1ed1ng va \u0111\u1eadp\",\"breadcrumb\":{\"@id\":\"https:\/\/kawasan.vn\/san-pham\/cong-tac-cam-ung-cham-kw-ct2-r\/#breadcrumb\"},\"inLanguage\":\"en-US\",\"potentialAction\":[{\"@type\":\"ReadAction\",\"target\":[\"https:\/\/kawasan.vn\/san-pham\/cong-tac-cam-ung-cham-kw-ct2-r\/\"]}]},{\"@type\":\"ImageObject\",\"inLanguage\":\"en-US\",\"@id\":\"https:\/\/kawasan.vn\/san-pham\/cong-tac-cam-ung-cham-kw-ct2-r\/#primaryimage\",\"url\":\"https:\/\/kawasan.vn\/wp-content\/uploads\/2023\/11\/cong-tac-cam-ung-cham-kw-ct2-r_6555e1b1b88f6.jpeg\",\"contentUrl\":\"https:\/\/kawasan.vn\/wp-content\/uploads\/2023\/11\/cong-tac-cam-ung-cham-kw-ct2-r_6555e1b1b88f6.jpeg\",\"width\":600,\"height\":600,\"caption\":\"KW-CT2-R\"},{\"@type\":\"BreadcrumbList\",\"@id\":\"https:\/\/kawasan.vn\/san-pham\/cong-tac-cam-ung-cham-kw-ct2-r\/#breadcrumb\",\"itemListElement\":[{\"@type\":\"ListItem\",\"position\":1,\"name\":\"Trang ch\u1ee7\",\"item\":\"https:\/\/kawasan.vn\/\"},{\"@type\":\"ListItem\",\"position\":2,\"name\":\"S\u1ea3n ph\u1ea9m\",\"item\":\"https:\/\/kawasan.vn\/san-pham\/\"},{\"@type\":\"ListItem\",\"position\":3,\"name\":\"C\u00d4NG T\u1eaeC C\u1ea2M \u1ee8NG CH\u1ea0M KW-CT2-R\"}]},{\"@type\":\"WebSite\",\"@id\":\"https:\/\/kawasan.vn\/#website\",\"url\":\"https:\/\/kawasan.vn\/\",\"name\":\"Kawasan\",\"description\":\"\",\"potentialAction\":[{\"@type\":\"SearchAction\",\"target\":{\"@type\":\"EntryPoint\",\"urlTemplate\":\"https:\/\/kawasan.vn\/?s={search_term_string}\"},\"query-input\":{\"@type\":\"PropertyValueSpecification\",\"valueRequired\":true,\"valueName\":\"search_term_string\"}}],\"inLanguage\":\"en-US\"}]}<\/script>\n<!-- \/ Yoast SEO Premium plugin. -->","yoast_head_json":{"title":"C\u00d4NG T\u1eaeC C\u1ea2M \u1ee8NG CH\u1ea0M KW-CT2-R - Kawasan","description":"\u0110\u00e2y l\u00e0 c\u00f4ng t\u1eafc c\u1ea3m \u1ee9ng ch\u1ea1m \u0111\u1ec3 b\u1eadt\/ t\u1eaft \u0111\u00e8n d\u00f9ng c\u00f4ng ngh\u1ec7 c\u1ea3m \u1ee9ng ti\u1ec7n dung . V\u1edbi b\u1ec1 m\u1eb7t k\u00ednh sang tr\u1ecdng, ch\u1ed1ng x\u01b0\u1edbc, ch\u1ed1ng va \u0111\u1eadp","robots":{"index":"index","follow":"follow","max-snippet":"max-snippet:-1","max-image-preview":"max-image-preview:large","max-video-preview":"max-video-preview:-1"},"canonical":"https:\/\/kawasan.vn\/en\/product\/cong-tac-cam-ung-cham-kw-ct2-r\/","og_locale":"en_US","og_type":"article","og_title":"C\u00d4NG T\u1eaeC C\u1ea2M \u1ee8NG CH\u1ea0M KW-CT2-R","og_description":"\u0110\u00e2y l\u00e0 c\u00f4ng t\u1eafc c\u1ea3m \u1ee9ng ch\u1ea1m \u0111\u1ec3 b\u1eadt\/ t\u1eaft \u0111\u00e8n d\u00f9ng c\u00f4ng ngh\u1ec7 c\u1ea3m \u1ee9ng ti\u1ec7n dung . V\u1edbi b\u1ec1 m\u1eb7t k\u00ednh sang tr\u1ecdng, ch\u1ed1ng x\u01b0\u1edbc, ch\u1ed1ng va \u0111\u1eadp","og_url":"https:\/\/kawasan.vn\/en\/product\/cong-tac-cam-ung-cham-kw-ct2-r\/","og_site_name":"Kawasan","article_modified_time":"2026-02-02T09:05:12+00:00","og_image":[{"width":600,"height":600,"url":"https:\/\/kawasan.vn\/wp-content\/uploads\/2023\/11\/cong-tac-cam-ung-cham-kw-ct2-r_6555e1b1b88f6.jpeg","type":"image\/jpeg"}],"twitter_card":"summary_large_image","twitter_misc":{"Est. reading time":"4 minutes"},"schema":{"@context":"https:\/\/schema.org","@graph":[{"@type":"WebPage","@id":"https:\/\/kawasan.vn\/san-pham\/cong-tac-cam-ung-cham-kw-ct2-r\/","url":"https:\/\/kawasan.vn\/san-pham\/cong-tac-cam-ung-cham-kw-ct2-r\/","name":"C\u00d4NG T\u1eaeC C\u1ea2M \u1ee8NG CH\u1ea0M KW-CT2-R - Kawasan","isPartOf":{"@id":"https:\/\/kawasan.vn\/#website"},"primaryImageOfPage":{"@id":"https:\/\/kawasan.vn\/san-pham\/cong-tac-cam-ung-cham-kw-ct2-r\/#primaryimage"},"image":{"@id":"https:\/\/kawasan.vn\/san-pham\/cong-tac-cam-ung-cham-kw-ct2-r\/#primaryimage"},"thumbnailUrl":"https:\/\/kawasan.vn\/wp-content\/uploads\/2023\/11\/cong-tac-cam-ung-cham-kw-ct2-r_6555e1b1b88f6.jpeg","datePublished":"2025-04-29T05:36:47+00:00","dateModified":"2026-02-02T09:05:12+00:00","description":"\u0110\u00e2y l\u00e0 c\u00f4ng t\u1eafc c\u1ea3m \u1ee9ng ch\u1ea1m \u0111\u1ec3 b\u1eadt\/ t\u1eaft \u0111\u00e8n d\u00f9ng c\u00f4ng ngh\u1ec7 c\u1ea3m \u1ee9ng ti\u1ec7n dung . V\u1edbi b\u1ec1 m\u1eb7t k\u00ednh sang tr\u1ecdng, ch\u1ed1ng x\u01b0\u1edbc, ch\u1ed1ng va \u0111\u1eadp","breadcrumb":{"@id":"https:\/\/kawasan.vn\/san-pham\/cong-tac-cam-ung-cham-kw-ct2-r\/#breadcrumb"},"inLanguage":"en-US","potentialAction":[{"@type":"ReadAction","target":["https:\/\/kawasan.vn\/san-pham\/cong-tac-cam-ung-cham-kw-ct2-r\/"]}]},{"@type":"ImageObject","inLanguage":"en-US","@id":"https:\/\/kawasan.vn\/san-pham\/cong-tac-cam-ung-cham-kw-ct2-r\/#primaryimage","url":"https:\/\/kawasan.vn\/wp-content\/uploads\/2023\/11\/cong-tac-cam-ung-cham-kw-ct2-r_6555e1b1b88f6.jpeg","contentUrl":"https:\/\/kawasan.vn\/wp-content\/uploads\/2023\/11\/cong-tac-cam-ung-cham-kw-ct2-r_6555e1b1b88f6.jpeg","width":600,"height":600,"caption":"KW-CT2-R"},{"@type":"BreadcrumbList","@id":"https:\/\/kawasan.vn\/san-pham\/cong-tac-cam-ung-cham-kw-ct2-r\/#breadcrumb","itemListElement":[{"@type":"ListItem","position":1,"name":"Trang ch\u1ee7","item":"https:\/\/kawasan.vn\/"},{"@type":"ListItem","position":2,"name":"S\u1ea3n ph\u1ea9m","item":"https:\/\/kawasan.vn\/san-pham\/"},{"@type":"ListItem","position":3,"name":"C\u00d4NG T\u1eaeC C\u1ea2M \u1ee8NG CH\u1ea0M KW-CT2-R"}]},{"@type":"WebSite","@id":"https:\/\/kawasan.vn\/#website","url":"https:\/\/kawasan.vn\/","name":"Kawasan","description":"","potentialAction":[{"@type":"SearchAction","target":{"@type":"EntryPoint","urlTemplate":"https:\/\/kawasan.vn\/?s={search_term_string}"},"query-input":{"@type":"PropertyValueSpecification","valueRequired":true,"valueName":"search_term_string"}}],"inLanguage":"en-US"}]}},"_links":{"self":[{"href":"https:\/\/kawasan.vn\/en\/wp-json\/wp\/v2\/product\/23026","targetHints":{"allow":["GET"]}}],"collection":[{"href":"https:\/\/kawasan.vn\/en\/wp-json\/wp\/v2\/product"}],"about":[{"href":"https:\/\/kawasan.vn\/en\/wp-json\/wp\/v2\/types\/product"}],"replies":[{"embeddable":true,"href":"https:\/\/kawasan.vn\/en\/wp-json\/wp\/v2\/comments?post=23026"}],"version-history":[{"count":3,"href":"https:\/\/kawasan.vn\/en\/wp-json\/wp\/v2\/product\/23026\/revisions"}],"predecessor-version":[{"id":24345,"href":"https:\/\/kawasan.vn\/en\/wp-json\/wp\/v2\/product\/23026\/revisions\/24345"}],"wp:featuredmedia":[{"embeddable":true,"href":"https:\/\/kawasan.vn\/en\/wp-json\/wp\/v2\/media\/11744"}],"wp:attachment":[{"href":"https:\/\/kawasan.vn\/en\/wp-json\/wp\/v2\/media?parent=23026"}],"wp:term":[{"taxonomy":"product_cat","embeddable":true,"href":"https:\/\/kawasan.vn\/en\/wp-json\/wp\/v2\/product_cat?post=23026"},{"taxonomy":"product_tag","embeddable":true,"href":"https:\/\/kawasan.vn\/en\/wp-json\/wp\/v2\/product_tag?post=23026"}],"curies":[{"name":"wp","href":"https:\/\/api.w.org\/{rel}","templated":true}]}}