{"id":23014,"date":"2025-04-29T11:11:04","date_gmt":"2025-04-29T04:11:04","guid":{"rendered":"https:\/\/kawasan.vn\/?post_type=product&#038;p=23014"},"modified":"2025-12-18T14:46:32","modified_gmt":"2025-12-18T07:46:32","slug":"coi-bao-dong-khong-day-kem-remote-al21-rm126","status":"publish","type":"product","link":"https:\/\/kawasan.vn\/en\/product\/coi-bao-dong-khong-day-kem-remote-al21-rm126\/","title":{"rendered":"C\u00f2i B\u00e1o \u0110\u1ed9ng Kh\u00f4ng D\u00e2y K\u00e8m Remote AL21-RM126"},"content":{"rendered":"<p><strong>GI\u1edaI THI\u1ec6U:<\/strong><\/p>\n<ul>\n<li>C\u00f2i b\u00e1o \u0111\u1ed9c l\u1eadp ho\u1eb7c k\u1ebft h\u1ee3p v\u1edbi b\u00e1o \u0111\u1ed9ng trung t\u00e2m \u0111\u1ec3 ph\u00e1t ra \u00e2m thanh b\u00e1o \u0111\u1ed9ng, t\u00edch h\u1ee3p \u0111\u01b0\u1ee3c v\u1edbi \u0111\u1ea7u d\u00f2, c\u1eeda t\u1eeb, b\u00e1o ga b\u00e1o kh\u00f3i v\u00e0 remote RM126\u00a0\u0111i\u1ec1u khi\u1ec3n t\u1eeb xa<\/li>\n<\/ul>\n<p><img decoding=\"async\" src=\"http:\/\/kawasan.com.vn\/image\/data\/BAO%20TROM%20QUA%20DIEN%20THOAI\/AL21\/AL21_2018.jpg\" alt=\"\" data-cke-saved-src=\"https:\/\/kawasan.vn\/wp-content\/uploads\/2025\/04\/AL21_2018.jpg\" \/><\/p>\n<p><img decoding=\"async\" src=\"http:\/\/kawasan.com.vn\/image\/data\/BAO%20TROM%20QUA%20DIEN%20THOAI\/AL21\/AL21_4.jpg\" alt=\"\" data-cke-saved-src=\"https:\/\/kawasan.vn\/wp-content\/uploads\/2025\/04\/AL21_4.jpg\" \/><\/p>\n<p><img decoding=\"async\" src=\"http:\/\/kawasan.com.vn\/image\/data\/BAO%20TROM%20QUA%20DIEN%20THOAI\/AL21\/AL21.jpg\" alt=\"\" data-cke-saved-src=\"https:\/\/kawasan.vn\/wp-content\/uploads\/2025\/04\/AL21.jpg\" \/><\/p>\n<p><img decoding=\"async\" src=\"http:\/\/kawasan.com.vn\/image\/data\/BAO%20TROM%20QUA%20DIEN%20THOAI\/AL21\/al21_12.jpg\" alt=\"\" data-cke-saved-src=\"https:\/\/kawasan.vn\/wp-content\/uploads\/2025\/04\/al21_12.jpg\" \/><\/p>\n<p><img decoding=\"async\" src=\"https:\/\/kawasan.vn\/wp-content\/uploads\/2025\/04\/anh-2.png\" alt=\"\" data-cke-saved-src=\"https:\/\/kawasan.vn\/wp-content\/uploads\/2025\/04\/anh-2.png\" \/><\/p>","protected":false},"excerpt":{"rendered":"<p>GI\u1edaI THI\u1ec6U: C\u00f2i b\u00e1o \u0111\u1ed9c l\u1eadp ho\u1eb7c k\u1ebft h\u1ee3p v\u1edbi b\u00e1o \u0111\u1ed9ng trung t\u00e2m \u0111\u1ec3 ph\u00e1t ra \u00e2m thanh b\u00e1o \u0111\u1ed9ng, t\u00edch h\u1ee3p \u0111\u01b0\u1ee3c v\u1edbi \u0111\u1ea7u d\u00f2, c\u1eeda t\u1eeb, b\u00e1o ga b\u00e1o kh\u00f3i v\u00e0 remote RM126\u00a0\u0111i\u1ec1u khi\u1ec3n t\u1eeb xa<\/p>","protected":false},"featured_media":6230,"comment_status":"open","ping_status":"closed","template":"","meta":{"_yoast_wpseo_focuskw":"","_yoast_wpseo_metadesc":"","_yoast_wpseo_focuskeywords":"","_yoast_wpseo_keyword_synonyms":""},"product_cat":[500,45],"product_tag":[],"class_list":["post-23014","product","type-product","status-publish","has-post-thumbnail","hentry","product_cat-coi-bao-dong-khong-day","product_cat-phu-kien-bao-dong"],"acf":[],"yoast_head":"<!-- This site is optimized with the Yoast SEO Premium plugin v24.9 (Yoast SEO v24.9) - https:\/\/yoast.com\/wordpress\/plugins\/seo\/ -->\n<title>C\u00f2i B\u00e1o \u0110\u1ed9ng Kh\u00f4ng D\u00e2y K\u00e8m Remote AL21-RM126 - Kawasan<\/title>\n<meta name=\"robots\" content=\"index, follow, max-snippet:-1, max-image-preview:large, max-video-preview:-1\" \/>\n<link rel=\"canonical\" href=\"https:\/\/kawasan.vn\/en\/product\/coi-bao-dong-khong-day-kem-remote-al21-rm126\/\" \/>\n<meta property=\"og:locale\" content=\"en_US\" \/>\n<meta property=\"og:type\" content=\"article\" \/>\n<meta property=\"og:title\" content=\"C\u00f2i B\u00e1o \u0110\u1ed9ng Kh\u00f4ng D\u00e2y K\u00e8m Remote AL21-RM126\" \/>\n<meta property=\"og:description\" content=\"GI\u1edaI THI\u1ec6U: C\u00f2i b\u00e1o \u0111\u1ed9c l\u1eadp ho\u1eb7c k\u1ebft h\u1ee3p v\u1edbi b\u00e1o \u0111\u1ed9ng trung t\u00e2m \u0111\u1ec3 ph\u00e1t ra \u00e2m thanh b\u00e1o \u0111\u1ed9ng, t\u00edch h\u1ee3p \u0111\u01b0\u1ee3c v\u1edbi \u0111\u1ea7u d\u00f2, c\u1eeda t\u1eeb, b\u00e1o ga b\u00e1o kh\u00f3i v\u00e0 remote RM126\u00a0\u0111i\u1ec1u khi\u1ec3n t\u1eeb xa\" \/>\n<meta property=\"og:url\" content=\"https:\/\/kawasan.vn\/en\/product\/coi-bao-dong-khong-day-kem-remote-al21-rm126\/\" \/>\n<meta property=\"og:site_name\" content=\"Kawasan\" \/>\n<meta property=\"article:modified_time\" content=\"2025-12-18T07:46:32+00:00\" \/>\n<meta property=\"og:image\" content=\"https:\/\/kawasan.vn\/wp-content\/uploads\/2023\/11\/coi-bao-dong-khong-day-kem-remote-al21-rm126_6541d89989c59.png\" \/>\n\t<meta property=\"og:image:width\" content=\"270\" \/>\n\t<meta property=\"og:image:height\" content=\"270\" \/>\n\t<meta property=\"og:image:type\" content=\"image\/png\" \/>\n<meta name=\"twitter:card\" content=\"summary_large_image\" \/>\n<meta name=\"twitter:label1\" content=\"Est. reading time\" \/>\n\t<meta name=\"twitter:data1\" content=\"2 minutes\" \/>\n<script type=\"application\/ld+json\" class=\"yoast-schema-graph\">{\"@context\":\"https:\/\/schema.org\",\"@graph\":[{\"@type\":\"WebPage\",\"@id\":\"https:\/\/kawasan.vn\/san-pham\/coi-bao-dong-khong-day-kem-remote-al21-rm126\/\",\"url\":\"https:\/\/kawasan.vn\/san-pham\/coi-bao-dong-khong-day-kem-remote-al21-rm126\/\",\"name\":\"C\u00f2i B\u00e1o \u0110\u1ed9ng Kh\u00f4ng D\u00e2y K\u00e8m Remote AL21-RM126 - Kawasan\",\"isPartOf\":{\"@id\":\"https:\/\/kawasan.vn\/#website\"},\"primaryImageOfPage\":{\"@id\":\"https:\/\/kawasan.vn\/san-pham\/coi-bao-dong-khong-day-kem-remote-al21-rm126\/#primaryimage\"},\"image\":{\"@id\":\"https:\/\/kawasan.vn\/san-pham\/coi-bao-dong-khong-day-kem-remote-al21-rm126\/#primaryimage\"},\"thumbnailUrl\":\"https:\/\/kawasan.vn\/wp-content\/uploads\/2023\/11\/coi-bao-dong-khong-day-kem-remote-al21-rm126_6541d89989c59.png\",\"datePublished\":\"2025-04-29T04:11:04+00:00\",\"dateModified\":\"2025-12-18T07:46:32+00:00\",\"breadcrumb\":{\"@id\":\"https:\/\/kawasan.vn\/san-pham\/coi-bao-dong-khong-day-kem-remote-al21-rm126\/#breadcrumb\"},\"inLanguage\":\"en-US\",\"potentialAction\":[{\"@type\":\"ReadAction\",\"target\":[\"https:\/\/kawasan.vn\/san-pham\/coi-bao-dong-khong-day-kem-remote-al21-rm126\/\"]}]},{\"@type\":\"ImageObject\",\"inLanguage\":\"en-US\",\"@id\":\"https:\/\/kawasan.vn\/san-pham\/coi-bao-dong-khong-day-kem-remote-al21-rm126\/#primaryimage\",\"url\":\"https:\/\/kawasan.vn\/wp-content\/uploads\/2023\/11\/coi-bao-dong-khong-day-kem-remote-al21-rm126_6541d89989c59.png\",\"contentUrl\":\"https:\/\/kawasan.vn\/wp-content\/uploads\/2023\/11\/coi-bao-dong-khong-day-kem-remote-al21-rm126_6541d89989c59.png\",\"width\":270,\"height\":270,\"caption\":\"C\u00f2i B\u00e1o \u0110\u1ed9ng AL21 - RM126B Kh\u00f4ng D\u00e2y\"},{\"@type\":\"BreadcrumbList\",\"@id\":\"https:\/\/kawasan.vn\/san-pham\/coi-bao-dong-khong-day-kem-remote-al21-rm126\/#breadcrumb\",\"itemListElement\":[{\"@type\":\"ListItem\",\"position\":1,\"name\":\"Trang ch\u1ee7\",\"item\":\"https:\/\/kawasan.vn\/\"},{\"@type\":\"ListItem\",\"position\":2,\"name\":\"S\u1ea3n ph\u1ea9m\",\"item\":\"https:\/\/kawasan.vn\/san-pham\/\"},{\"@type\":\"ListItem\",\"position\":3,\"name\":\"C\u00f2i B\u00e1o \u0110\u1ed9ng Kh\u00f4ng D\u00e2y K\u00e8m Remote AL21-RM126\"}]},{\"@type\":\"WebSite\",\"@id\":\"https:\/\/kawasan.vn\/#website\",\"url\":\"https:\/\/kawasan.vn\/\",\"name\":\"Kawasan\",\"description\":\"\",\"potentialAction\":[{\"@type\":\"SearchAction\",\"target\":{\"@type\":\"EntryPoint\",\"urlTemplate\":\"https:\/\/kawasan.vn\/?s={search_term_string}\"},\"query-input\":{\"@type\":\"PropertyValueSpecification\",\"valueRequired\":true,\"valueName\":\"search_term_string\"}}],\"inLanguage\":\"en-US\"}]}<\/script>\n<!-- \/ Yoast SEO Premium plugin. -->","yoast_head_json":{"title":"C\u00f2i B\u00e1o \u0110\u1ed9ng Kh\u00f4ng D\u00e2y K\u00e8m Remote AL21-RM126 - Kawasan","robots":{"index":"index","follow":"follow","max-snippet":"max-snippet:-1","max-image-preview":"max-image-preview:large","max-video-preview":"max-video-preview:-1"},"canonical":"https:\/\/kawasan.vn\/en\/product\/coi-bao-dong-khong-day-kem-remote-al21-rm126\/","og_locale":"en_US","og_type":"article","og_title":"C\u00f2i B\u00e1o \u0110\u1ed9ng Kh\u00f4ng D\u00e2y K\u00e8m Remote AL21-RM126","og_description":"GI\u1edaI THI\u1ec6U: C\u00f2i b\u00e1o \u0111\u1ed9c l\u1eadp ho\u1eb7c k\u1ebft h\u1ee3p v\u1edbi b\u00e1o \u0111\u1ed9ng trung t\u00e2m \u0111\u1ec3 ph\u00e1t ra \u00e2m thanh b\u00e1o \u0111\u1ed9ng, t\u00edch h\u1ee3p \u0111\u01b0\u1ee3c v\u1edbi \u0111\u1ea7u d\u00f2, c\u1eeda t\u1eeb, b\u00e1o ga b\u00e1o kh\u00f3i v\u00e0 remote RM126\u00a0\u0111i\u1ec1u khi\u1ec3n t\u1eeb xa","og_url":"https:\/\/kawasan.vn\/en\/product\/coi-bao-dong-khong-day-kem-remote-al21-rm126\/","og_site_name":"Kawasan","article_modified_time":"2025-12-18T07:46:32+00:00","og_image":[{"width":270,"height":270,"url":"https:\/\/kawasan.vn\/wp-content\/uploads\/2023\/11\/coi-bao-dong-khong-day-kem-remote-al21-rm126_6541d89989c59.png","type":"image\/png"}],"twitter_card":"summary_large_image","twitter_misc":{"Est. reading time":"2 minutes"},"schema":{"@context":"https:\/\/schema.org","@graph":[{"@type":"WebPage","@id":"https:\/\/kawasan.vn\/san-pham\/coi-bao-dong-khong-day-kem-remote-al21-rm126\/","url":"https:\/\/kawasan.vn\/san-pham\/coi-bao-dong-khong-day-kem-remote-al21-rm126\/","name":"C\u00f2i B\u00e1o \u0110\u1ed9ng Kh\u00f4ng D\u00e2y K\u00e8m Remote AL21-RM126 - Kawasan","isPartOf":{"@id":"https:\/\/kawasan.vn\/#website"},"primaryImageOfPage":{"@id":"https:\/\/kawasan.vn\/san-pham\/coi-bao-dong-khong-day-kem-remote-al21-rm126\/#primaryimage"},"image":{"@id":"https:\/\/kawasan.vn\/san-pham\/coi-bao-dong-khong-day-kem-remote-al21-rm126\/#primaryimage"},"thumbnailUrl":"https:\/\/kawasan.vn\/wp-content\/uploads\/2023\/11\/coi-bao-dong-khong-day-kem-remote-al21-rm126_6541d89989c59.png","datePublished":"2025-04-29T04:11:04+00:00","dateModified":"2025-12-18T07:46:32+00:00","breadcrumb":{"@id":"https:\/\/kawasan.vn\/san-pham\/coi-bao-dong-khong-day-kem-remote-al21-rm126\/#breadcrumb"},"inLanguage":"en-US","potentialAction":[{"@type":"ReadAction","target":["https:\/\/kawasan.vn\/san-pham\/coi-bao-dong-khong-day-kem-remote-al21-rm126\/"]}]},{"@type":"ImageObject","inLanguage":"en-US","@id":"https:\/\/kawasan.vn\/san-pham\/coi-bao-dong-khong-day-kem-remote-al21-rm126\/#primaryimage","url":"https:\/\/kawasan.vn\/wp-content\/uploads\/2023\/11\/coi-bao-dong-khong-day-kem-remote-al21-rm126_6541d89989c59.png","contentUrl":"https:\/\/kawasan.vn\/wp-content\/uploads\/2023\/11\/coi-bao-dong-khong-day-kem-remote-al21-rm126_6541d89989c59.png","width":270,"height":270,"caption":"C\u00f2i B\u00e1o \u0110\u1ed9ng AL21 - RM126B Kh\u00f4ng D\u00e2y"},{"@type":"BreadcrumbList","@id":"https:\/\/kawasan.vn\/san-pham\/coi-bao-dong-khong-day-kem-remote-al21-rm126\/#breadcrumb","itemListElement":[{"@type":"ListItem","position":1,"name":"Trang ch\u1ee7","item":"https:\/\/kawasan.vn\/"},{"@type":"ListItem","position":2,"name":"S\u1ea3n ph\u1ea9m","item":"https:\/\/kawasan.vn\/san-pham\/"},{"@type":"ListItem","position":3,"name":"C\u00f2i B\u00e1o \u0110\u1ed9ng Kh\u00f4ng D\u00e2y K\u00e8m Remote AL21-RM126"}]},{"@type":"WebSite","@id":"https:\/\/kawasan.vn\/#website","url":"https:\/\/kawasan.vn\/","name":"Kawasan","description":"","potentialAction":[{"@type":"SearchAction","target":{"@type":"EntryPoint","urlTemplate":"https:\/\/kawasan.vn\/?s={search_term_string}"},"query-input":{"@type":"PropertyValueSpecification","valueRequired":true,"valueName":"search_term_string"}}],"inLanguage":"en-US"}]}},"_links":{"self":[{"href":"https:\/\/kawasan.vn\/en\/wp-json\/wp\/v2\/product\/23014","targetHints":{"allow":["GET"]}}],"collection":[{"href":"https:\/\/kawasan.vn\/en\/wp-json\/wp\/v2\/product"}],"about":[{"href":"https:\/\/kawasan.vn\/en\/wp-json\/wp\/v2\/types\/product"}],"replies":[{"embeddable":true,"href":"https:\/\/kawasan.vn\/en\/wp-json\/wp\/v2\/comments?post=23014"}],"version-history":[{"count":1,"href":"https:\/\/kawasan.vn\/en\/wp-json\/wp\/v2\/product\/23014\/revisions"}],"predecessor-version":[{"id":23021,"href":"https:\/\/kawasan.vn\/en\/wp-json\/wp\/v2\/product\/23014\/revisions\/23021"}],"wp:featuredmedia":[{"embeddable":true,"href":"https:\/\/kawasan.vn\/en\/wp-json\/wp\/v2\/media\/6230"}],"wp:attachment":[{"href":"https:\/\/kawasan.vn\/en\/wp-json\/wp\/v2\/media?parent=23014"}],"wp:term":[{"taxonomy":"product_cat","embeddable":true,"href":"https:\/\/kawasan.vn\/en\/wp-json\/wp\/v2\/product_cat?post=23014"},{"taxonomy":"product_tag","embeddable":true,"href":"https:\/\/kawasan.vn\/en\/wp-json\/wp\/v2\/product_tag?post=23014"}],"curies":[{"name":"wp","href":"https:\/\/api.w.org\/{rel}","templated":true}]}}