{"id":22994,"date":"2025-04-29T11:03:12","date_gmt":"2025-04-29T04:03:12","guid":{"rendered":"https:\/\/kawasan.vn\/?post_type=product&#038;p=22994"},"modified":"2025-12-01T09:43:23","modified_gmt":"2025-12-01T02:43:23","slug":"camera-ong-nhom-va-chuong-cua-kw-dv001-2","status":"publish","type":"product","link":"https:\/\/kawasan.vn\/en\/product\/camera-ong-nhom-va-chuong-cua-kw-dv001-2\/","title":{"rendered":"Camera \u1ed0ng Nh\u00f2m V\u00e0 Chu\u00f4ng C\u1eeda Kw-DV001"},"content":{"rendered":"<h3 data-start=\"272\" data-end=\"297\"><span class=\"ez-toc-section\" id=\"1_Camera_Ong_Nhom_va_Chuong_Cua_KW-DV001\"><\/span><strong data-start=\"276\" data-end=\"297\">1. <\/strong><strong data-start=\"177\" data-end=\"270\">Camera \u1ed0ng Nh\u00f2m v\u00e0 Chu\u00f4ng C\u1eeda KW-DV001<\/strong><span class=\"ez-toc-section-end\"><\/span><\/h3><div id=\"ez-toc-container\" class=\"ez-toc-v2_0_69_1 counter-hierarchy ez-toc-counter ez-toc-grey ez-toc-container-direction\">\n<div class=\"ez-toc-title-container\">\n<p class=\"ez-toc-title\" >N\u1ed9i Dung B&agrave;i Vi\u1ebft<\/p>\n<span class=\"ez-toc-title-toggle\"><a href=\"#\" class=\"ez-toc-pull-right ez-toc-btn ez-toc-btn-xs ez-toc-btn-default ez-toc-toggle\" aria-label=\"Toggle Table of Content\"><span class=\"ez-toc-js-icon-con\"><span class=\"\"><span class=\"eztoc-hide\" style=\"display:none;\">Toggle<\/span><span class=\"ez-toc-icon-toggle-span\"><svg style=\"fill: #999;color:#999\" xmlns=\"http:\/\/www.w3.org\/2000\/svg\" class=\"list-377408\" width=\"20px\" height=\"20px\" viewbox=\"0 0 24 24\" fill=\"none\"><path d=\"M6 6H4v2h2V6zm14 0H8v2h12V6zM4 11h2v2H4v-2zm16 0H8v2h12v-2zM4 16h2v2H4v-2zm16 0H8v2h12v-2z\" fill=\"currentColor\"><\/path><\/svg><svg style=\"fill: #999;color:#999\" class=\"arrow-unsorted-368013\" xmlns=\"http:\/\/www.w3.org\/2000\/svg\" width=\"10px\" height=\"10px\" viewbox=\"0 0 24 24\" version=\"1.2\" baseprofile=\"tiny\"><path d=\"M18.2 9.3l-6.2-6.3-6.2 6.3c-.2.2-.3.4-.3.7s.1.5.3.7c.2.2.4.3.7.3h11c.3 0 .5-.1.7-.3.2-.2.3-.5.3-.7s-.1-.5-.3-.7zM5.8 14.7l6.2 6.3 6.2-6.3c.2-.2.3-.5.3-.7s-.1-.5-.3-.7c-.2-.2-.4-.3-.7-.3h-11c-.3 0-.5.1-.7.3-.2.2-.3.5-.3.7s.1.5.3.7z\"\/><\/svg><\/span><\/span><\/span><\/a><\/span><\/div>\n<nav><ul class='ez-toc-list ez-toc-list-level-1 eztoc-toggle-hide-by-default' ><ul class='ez-toc-list-level-3' ><li class='ez-toc-heading-level-3'><a class=\"ez-toc-link ez-toc-heading-1\" href=\"https:\/\/kawasan.vn\/en\/product\/camera-ong-nhom-va-chuong-cua-kw-dv001-2\/#1_Camera_Ong_Nhom_va_Chuong_Cua_KW-DV001\" title=\"1. Camera \u1ed0ng Nh\u00f2m v\u00e0 Chu\u00f4ng C\u1eeda KW-DV001\">1. Camera \u1ed0ng Nh\u00f2m v\u00e0 Chu\u00f4ng C\u1eeda KW-DV001<\/a><\/li><li class='ez-toc-page-1 ez-toc-heading-level-3'><a class=\"ez-toc-link ez-toc-heading-2\" href=\"https:\/\/kawasan.vn\/en\/product\/camera-ong-nhom-va-chuong-cua-kw-dv001-2\/#2_Tinh_nang_chi_tiet_cua_san_pham\" title=\"2. T\u00ednh n\u0103ng chi ti\u1ebft c\u1ee7a s\u1ea3n ph\u1ea9m\">2. T\u00ednh n\u0103ng chi ti\u1ebft c\u1ee7a s\u1ea3n ph\u1ea9m<\/a><\/li><li class='ez-toc-page-1 ez-toc-heading-level-3'><a class=\"ez-toc-link ez-toc-heading-3\" href=\"https:\/\/kawasan.vn\/en\/product\/camera-ong-nhom-va-chuong-cua-kw-dv001-2\/#3_Ung_dung_thuc_te\" title=\"3. \u1ee8ng d\u1ee5ng th\u1ef1c t\u1ebf\">3. \u1ee8ng d\u1ee5ng th\u1ef1c t\u1ebf<\/a><\/li><\/ul><\/li><li class='ez-toc-page-1 ez-toc-heading-level-2'><a class=\"ez-toc-link ez-toc-heading-4\" href=\"https:\/\/kawasan.vn\/en\/product\/camera-ong-nhom-va-chuong-cua-kw-dv001-2\/#4_Cam_ket_tu_Kawasan\" title=\"4. Cam k\u1ebft t\u1eeb Kawasan\">4. Cam k\u1ebft t\u1eeb Kawasan<\/a><\/li><\/ul><\/nav><\/div>\n\n<p data-start=\"299\" data-end=\"578\"><strong data-start=\"299\" data-end=\"311\">KW-DV001<\/strong> l\u00e0 thi\u1ebft b\u1ecb chu\u00f4ng c\u1eeda th\u00f4ng minh t\u00edch h\u1ee3p <strong data-start=\"355\" data-end=\"374\">camera quan s\u00e1t<\/strong> and <strong data-start=\"378\" data-end=\"412\">m\u00e0n h\u00ecnh hi\u1ec3n th\u1ecb LCD 2.5 inch<\/strong>, gi\u00fap ng\u01b0\u1eddi d\u00f9ng d\u1ec5 d\u00e0ng quan s\u00e1t v\u00e0 ki\u1ec3m so\u00e1t ng\u01b0\u1eddi \u0111\u1ebfn tr\u01b0\u1edbc c\u1eeda. N\u00fat nh\u1ea5n chu\u00f4ng thi\u1ebft k\u1ebf <strong data-start=\"506\" data-end=\"526\">nh\u1ecf g\u1ecdn, tinh t\u1ebf<\/strong>, d\u1ec5 l\u1eafp b\u00ean ngo\u00e0i c\u1eeda nh\u01b0 m\u1ed9t \u1ed1ng nh\u00f2m k\u1ef9 thu\u1eadt s\u1ed1.<\/p>\n<p data-start=\"580\" data-end=\"733\">Thi\u1ebft b\u1ecb <strong data-start=\"589\" data-end=\"644\">k\u1ebft n\u1ed1i tr\u1ef1c ti\u1ebfp gi\u1eefa camera v\u00e0 m\u00e0n h\u00ecnh trong nh\u00e0<\/strong>, ho\u1ea1t \u0111\u1ed9ng ho\u00e0n to\u00e0n kh\u00f4ng d\u00e2y, mang \u0111\u1ebfn s\u1ef1 ti\u1ec7n l\u1ee3i v\u00e0 \u0111\u1ea3m b\u1ea3o ri\u00eang t\u01b0 cho ng\u01b0\u1eddi d\u00f9ng.<\/p>\n<h3 data-start=\"740\" data-end=\"782\"><span class=\"ez-toc-section\" id=\"2_Tinh_nang_chi_tiet_cua_san_pham\"><\/span><strong data-start=\"744\" data-end=\"782\">2. T\u00ednh n\u0103ng chi ti\u1ebft c\u1ee7a s\u1ea3n ph\u1ea9m<\/strong><span class=\"ez-toc-section-end\"><\/span><\/h3>\n<ul data-start=\"784\" data-end=\"1339\">\n<li data-start=\"784\" data-end=\"867\">\n<p data-start=\"786\" data-end=\"867\"><strong data-start=\"786\" data-end=\"811\">Th\u01b0\u01a1ng hi\u1ec7u s\u1ea3n xu\u1ea5t:<\/strong> Kawasan \u2013 chuy\u00ean thi\u1ebft b\u1ecb \u0111i\u1ec7n th\u00f4ng minh t\u1eeb n\u0103m 2007<\/p>\n<\/li>\n<li data-start=\"868\" data-end=\"961\">\n<p data-start=\"870\" data-end=\"961\"><strong data-start=\"870\" data-end=\"910\">Camera t\u00edch h\u1ee3p ngay n\u00fat nh\u1ea5n chu\u00f4ng<\/strong>, k\u1ebft n\u1ed1i v\u1edbi m\u00e0n h\u00ecnh LCD 2.5 inch b\u00ean trong nh\u00e0<\/p>\n<\/li>\n<li data-start=\"962\" data-end=\"1052\">\n<p data-start=\"964\" data-end=\"1052\"><strong data-start=\"964\" data-end=\"984\">L\u01b0u tr\u1eef h\u00ecnh \u1ea3nh<\/strong> l\u00ean \u0111\u1ebfn 1000 \u1ea3nh v\u00e0 nh\u1eadt k\u00fd kh\u00e1ch \u0111\u1ebfn th\u0103m nh\u1edd b\u1ed9 nh\u1edb trong 125MB<\/p>\n<\/li>\n<li data-start=\"1053\" data-end=\"1135\">\n<p data-start=\"1055\" data-end=\"1135\"><strong data-start=\"1055\" data-end=\"1088\">Thi\u1ebft k\u1ebf t\u1ed1i gi\u1ea3n, d\u1ec5 l\u1eafp \u0111\u1eb7t<\/strong>, thay th\u1ebf ho\u00e0n h\u1ea3o cho \u1ed1ng nh\u00f2m truy\u1ec1n th\u1ed1ng<\/p>\n<\/li>\n<li data-start=\"1136\" data-end=\"1213\">\n<p data-start=\"1138\" data-end=\"1213\">Ho\u1ea1t \u0111\u1ed9ng b\u1eb1ng <strong data-start=\"1153\" data-end=\"1175\">2 vi\u00ean pin ti\u1ec3u AA<\/strong> (kh\u00f4ng c\u1ea7n \u0111i d\u00e2y, \u0111\u1ea3m b\u1ea3o th\u1ea9m m\u1ef9)<\/p>\n<\/li>\n<li data-start=\"1214\" data-end=\"1270\">\n<p data-start=\"1216\" data-end=\"1270\">T\u00edch h\u1ee3p c\u1ea3 ch\u1ee9c n\u0103ng chu\u00f4ng c\u1eeda v\u00e0 quan s\u00e1t an ninh<\/p>\n<\/li>\n<li data-start=\"1271\" data-end=\"1339\">\n<p data-start=\"1273\" data-end=\"1339\">D\u1ec5 d\u00e0ng quan s\u00e1t ng\u01b0\u1eddi ngo\u00e0i m\u00e0 kh\u00f4ng c\u1ea7n m\u1edf c\u1eeda ho\u1eb7c ti\u1ebfn \u0111\u1ebfn g\u1ea7n<\/p>\n<\/li>\n<\/ul>\n<figure style=\"width: 681px\" class=\"wp-caption aligncenter\"><img loading=\"lazy\" decoding=\"async\" src=\"http:\/\/kawasan.com.vn\/image\/data\/BAO%20KHACH\/DV001\/demo%204d1.jpg\" alt=\"T\u00ednh n\u0103ng Chu\u00f4ng C\u1eeda KW-DV001\" width=\"681\" height=\"316\" data-cke-saved-src=\"https:\/\/kawasan.vn\/wp-content\/uploads\/2025\/04\/demo-4d1.jpg\" \/><figcaption class=\"wp-caption-text\">T\u00ednh n\u0103ng Chu\u00f4ng C\u1eeda KW-DV001<\/figcaption><\/figure>\n<h3 data-start=\"1346\" data-end=\"1373\"><span class=\"ez-toc-section\" id=\"3_Ung_dung_thuc_te\"><\/span><strong data-start=\"1350\" data-end=\"1373\">3. \u1ee8ng d\u1ee5ng th\u1ef1c t\u1ebf<\/strong><span class=\"ez-toc-section-end\"><\/span><\/h3>\n<ul data-start=\"1375\" data-end=\"1714\">\n<li data-start=\"1375\" data-end=\"1475\">\n<p data-start=\"1377\" data-end=\"1475\">Ph\u00f9 h\u1ee3p cho <strong data-start=\"1389\" data-end=\"1427\">c\u0103n h\u1ed9 chung c\u01b0, nh\u00e0 ph\u1ed1, bi\u1ec7t th\u1ef1<\/strong>, khu cao c\u1ea5p c\u1ea7n b\u1ea3o m\u1eadt v\u00e0 ki\u1ec3m so\u00e1t an ninh<\/p>\n<\/li>\n<li data-start=\"1476\" data-end=\"1554\">\n<p data-start=\"1478\" data-end=\"1554\">Thay th\u1ebf \u1ed1ng nh\u00f2m truy\u1ec1n th\u1ed1ng, gi\u00fap <strong data-start=\"1515\" data-end=\"1552\">gia t\u0103ng t\u00ednh ri\u00eang t\u01b0 v\u00e0 an to\u00e0n<\/strong><\/p>\n<\/li>\n<li data-start=\"1555\" data-end=\"1657\">\n<p data-start=\"1557\" data-end=\"1657\">L\u00fd t\u01b0\u1edfng cho <strong data-start=\"1570\" data-end=\"1608\">gia \u0111\u00ecnh c\u00f3 ng\u01b0\u1eddi gi\u00e0 ho\u1eb7c tr\u1ebb nh\u1ecf<\/strong>, d\u1ec5 s\u1eed d\u1ee5ng, quan s\u00e1t r\u00f5 r\u00e0ng tr\u01b0\u1edbc khi m\u1edf c\u1eeda<\/p>\n<\/li>\n<li data-start=\"1658\" data-end=\"1714\">\n<p data-start=\"1660\" data-end=\"1714\">\u1ee8ng d\u1ee5ng trong nh\u00e0 ri\u00eang, v\u0103n ph\u00f2ng, ph\u00f2ng tr\u1ecd cao c\u1ea5p<\/p>\n<\/li>\n<\/ul>\n<figure style=\"width: 705px\" class=\"wp-caption aligncenter\"><img loading=\"lazy\" decoding=\"async\" src=\"http:\/\/kawasan.com.vn\/image\/data\/BAO%20KHACH\/DV001\/demo%20_3_1.jpg\" alt=\"Th\u00edch h\u1ee3p cho c\u0103n h\u1ed9 cao c\u1ea5p, t\u00f2a nh\u00e0 cao\" width=\"705\" height=\"529\" data-cke-saved-src=\"https:\/\/kawasan.vn\/wp-content\/uploads\/2025\/04\/demo-_3_1.jpg\" \/><figcaption class=\"wp-caption-text\">Th\u00edch h\u1ee3p cho c\u0103n h\u1ed9 cao c\u1ea5p, t\u00f2a nh\u00e0 cao<\/figcaption><\/figure>\n<p><img loading=\"lazy\" decoding=\"async\" class=\"aligncenter\" src=\"http:\/\/kawasan.com.vn\/image\/data\/BAO%20KHACH\/DV001\/DV001_MOI.jpg\" alt=\"\" width=\"346\" height=\"329\" data-cke-saved-src=\"https:\/\/kawasan.vn\/wp-content\/uploads\/2025\/04\/DV001_MOI.jpg\" \/><img loading=\"lazy\" decoding=\"async\" class=\"aligncenter\" src=\"http:\/\/kawasan.com.vn\/image\/data\/BAO%20KHACH\/DV001\/moi1e.jpg\" alt=\"\" width=\"362\" height=\"322\" data-cke-saved-src=\"https:\/\/kawasan.vn\/wp-content\/uploads\/2025\/04\/moi1e.jpg\" \/><\/p>\n<h2 data-start=\"2260\" data-end=\"2288\"><span class=\"ez-toc-section\" id=\"4_Cam_ket_tu_Kawasan\"><\/span><strong data-start=\"2263\" data-end=\"2288\">4. Cam k\u1ebft t\u1eeb Kawasan<\/strong><span class=\"ez-toc-section-end\"><\/span><\/h2>\n<p data-start=\"2290\" data-end=\"2632\">Kawasan cam k\u1ebft mang \u0111\u1ebfn s\u1ea3n ph\u1ea9m <strong data-start=\"2324\" data-end=\"2357\">ch\u00ednh h\u00e3ng \u2013 b\u1ec1n b\u1ec9 \u2013 an to\u00e0n<\/strong>, \u0111\u00e1p \u1ee9ng \u0111\u1ea7y \u0111\u1ee7 c\u00e1c ti\u00eau chu\u1ea9n k\u1ef9 thu\u1eadt v\u00e0 y\u00eau c\u1ea7u s\u1eed d\u1ee5ng th\u1ef1c t\u1ebf.<br data-start=\"2425\" data-end=\"2428\" \/>T\u1ea5t c\u1ea3 s\u1ea3n ph\u1ea9m \u0111\u01b0\u1ee3c b\u1ea3o h\u00e0nh <strong data-start=\"2458\" data-end=\"2479\">mi\u1ec5n ph\u00ed 24 th\u00e1ng<\/strong>, v\u00e0 v\u1eabn ti\u1ebfp t\u1ee5c \u0111\u01b0\u1ee3c h\u1ed7 tr\u1ee3 s\u1eeda ch\u1eefa sau th\u1eddi gian b\u1ea3o h\u00e0nh n\u1ebfu c\u00f2n kh\u1ea3 n\u0103ng ph\u1ee5c h\u1ed3i, <strong data-start=\"2568\" data-end=\"2586\">kh\u00f4ng t\u00ednh ph\u00ed<\/strong> n\u1ebfu chi ph\u00ed linh ki\u1ec7n thay th\u1ebf kh\u00f4ng \u0111\u00e1ng k\u1ec3.<\/p>\n<p data-start=\"2634\" data-end=\"2657\"><strong data-start=\"2634\" data-end=\"2657\">Mua ch\u00ednh h\u00e3ng t\u1ea1i:<\/strong><\/p>\n<ul data-start=\"2658\" data-end=\"2798\">\n<li data-start=\"2658\" data-end=\"2711\">\n<p data-start=\"2660\" data-end=\"2711\">Website: <a class=\"\" href=\"\/en\/\" target=\"_new\" rel=\"noopener\" data-start=\"2669\" data-end=\"2709\">www.kawasan.vn<\/a><\/p>\n<\/li>\n<li data-start=\"2712\" data-end=\"2798\">\n<p data-start=\"2714\" data-end=\"2798\">\u0110\u00e8n LED \u2013 thi\u1ebft b\u1ecb \u0111i\u1ec7n th\u00f4ng minh: <a class=\"\" href=\"https:\/\/www.kawaled.com.vn\" target=\"_new\" rel=\"noopener\" data-start=\"2750\" data-end=\"2798\">www.kawaled.com.vn<\/a><\/p>\n<\/li>\n<\/ul>","protected":false},"excerpt":{"rendered":"<p>1. Camera \u1ed0ng Nh\u00f2m v\u00e0 Chu\u00f4ng C\u1eeda KW-DV001 KW-DV001 l\u00e0 thi\u1ebft b\u1ecb chu\u00f4ng c\u1eeda th\u00f4ng minh t\u00edch h\u1ee3p camera quan s\u00e1t v\u00e0 m\u00e0n h\u00ecnh hi\u1ec3n th\u1ecb LCD 2.5 inch, gi\u00fap ng\u01b0\u1eddi d\u00f9ng d\u1ec5 d\u00e0ng quan s\u00e1t v\u00e0 ki\u1ec3m so\u00e1t ng\u01b0\u1eddi \u0111\u1ebfn tr\u01b0\u1edbc c\u1eeda. N\u00fat nh\u1ea5n chu\u00f4ng thi\u1ebft k\u1ebf nh\u1ecf g\u1ecdn, tinh t\u1ebf, d\u1ec5 l\u1eafp b\u00ean [&hellip;]<\/p>","protected":false},"featured_media":22972,"comment_status":"open","ping_status":"closed","template":"","meta":{"_yoast_wpseo_focuskw":"thi\u1ebft b\u1ecb chu\u00f4ng c\u1eeda","_yoast_wpseo_metadesc":"KW-DV001 l\u00e0 thi\u1ebft b\u1ecb chu\u00f4ng c\u1eeda th\u00f4ng minh t\u00edch h\u1ee3p camera quan s\u00e1t v\u00e0 m\u00e0n h\u00ecnh hi\u1ec3n th\u1ecb LCD 2.5 inch, gi\u00fap ng\u01b0\u1eddi d\u00f9ng d\u1ec5 d\u00e0ng quan s\u00e1t","_yoast_wpseo_focuskeywords":"[{\"keyword\":\"chu\u00f4ng c\u1eeda th\u00f4ng minh\",\"score\":82},{\"keyword\":\"m\u00e0n h\u00ecnh hi\u1ec3n th\u1ecb LCD 2.5 inch\",\"score\":76}]","_yoast_wpseo_keyword_synonyms":""},"product_cat":[497,37,41],"product_tag":[],"class_list":["post-22994","product","type-product","status-publish","has-post-thumbnail","hentry","product_cat-camera","product_cat-thiet-bi-an-ninh-an-toan","product_cat-chuong-cua-chuong-bao-khach"],"acf":[],"yoast_head":"<!-- This site is optimized with the Yoast SEO Premium plugin v24.9 (Yoast SEO v24.9) - https:\/\/yoast.com\/wordpress\/plugins\/seo\/ -->\n<title>Camera \u1ed0ng Nh\u00f2m V\u00e0 Chu\u00f4ng C\u1eeda Kw-DV001 - Kawasan<\/title>\n<meta name=\"description\" content=\"KW-DV001 l\u00e0 thi\u1ebft b\u1ecb chu\u00f4ng c\u1eeda th\u00f4ng minh t\u00edch h\u1ee3p camera quan s\u00e1t v\u00e0 m\u00e0n h\u00ecnh hi\u1ec3n th\u1ecb LCD 2.5 inch, gi\u00fap ng\u01b0\u1eddi d\u00f9ng d\u1ec5 d\u00e0ng quan s\u00e1t\" \/>\n<meta name=\"robots\" content=\"index, follow, max-snippet:-1, max-image-preview:large, max-video-preview:-1\" \/>\n<link rel=\"canonical\" href=\"https:\/\/kawasan.vn\/en\/product\/camera-ong-nhom-va-chuong-cua-kw-dv001-2\/\" \/>\n<meta property=\"og:locale\" content=\"en_US\" \/>\n<meta property=\"og:type\" content=\"article\" \/>\n<meta property=\"og:title\" content=\"Camera \u1ed0ng Nh\u00f2m V\u00e0 Chu\u00f4ng C\u1eeda Kw-DV001\" \/>\n<meta property=\"og:description\" content=\"KW-DV001 l\u00e0 thi\u1ebft b\u1ecb chu\u00f4ng c\u1eeda th\u00f4ng minh t\u00edch h\u1ee3p camera quan s\u00e1t v\u00e0 m\u00e0n h\u00ecnh hi\u1ec3n th\u1ecb LCD 2.5 inch, gi\u00fap ng\u01b0\u1eddi d\u00f9ng d\u1ec5 d\u00e0ng quan s\u00e1t\" \/>\n<meta property=\"og:url\" content=\"https:\/\/kawasan.vn\/en\/product\/camera-ong-nhom-va-chuong-cua-kw-dv001-2\/\" \/>\n<meta property=\"og:site_name\" content=\"Kawasan\" \/>\n<meta property=\"article:modified_time\" content=\"2025-12-01T02:43:23+00:00\" \/>\n<meta property=\"og:image\" content=\"https:\/\/kawasan.vn\/wp-content\/uploads\/2025\/04\/DV001_MOI.jpg\" \/>\n\t<meta property=\"og:image:width\" content=\"2000\" \/>\n\t<meta property=\"og:image:height\" content=\"1903\" \/>\n\t<meta property=\"og:image:type\" content=\"image\/jpeg\" \/>\n<meta name=\"twitter:card\" content=\"summary_large_image\" \/>\n<meta name=\"twitter:label1\" content=\"Est. reading time\" \/>\n\t<meta name=\"twitter:data1\" content=\"4 minutes\" \/>\n<script type=\"application\/ld+json\" class=\"yoast-schema-graph\">{\"@context\":\"https:\/\/schema.org\",\"@graph\":[{\"@type\":\"WebPage\",\"@id\":\"https:\/\/kawasan.vn\/san-pham\/camera-ong-nhom-va-chuong-cua-kw-dv001-2\/\",\"url\":\"https:\/\/kawasan.vn\/san-pham\/camera-ong-nhom-va-chuong-cua-kw-dv001-2\/\",\"name\":\"Camera \u1ed0ng Nh\u00f2m V\u00e0 Chu\u00f4ng C\u1eeda Kw-DV001 - Kawasan\",\"isPartOf\":{\"@id\":\"https:\/\/kawasan.vn\/#website\"},\"primaryImageOfPage\":{\"@id\":\"https:\/\/kawasan.vn\/san-pham\/camera-ong-nhom-va-chuong-cua-kw-dv001-2\/#primaryimage\"},\"image\":{\"@id\":\"https:\/\/kawasan.vn\/san-pham\/camera-ong-nhom-va-chuong-cua-kw-dv001-2\/#primaryimage\"},\"thumbnailUrl\":\"https:\/\/kawasan.vn\/wp-content\/uploads\/2025\/04\/DV001_MOI.jpg\",\"datePublished\":\"2025-04-29T04:03:12+00:00\",\"dateModified\":\"2025-12-01T02:43:23+00:00\",\"description\":\"KW-DV001 l\u00e0 thi\u1ebft b\u1ecb chu\u00f4ng c\u1eeda th\u00f4ng minh t\u00edch h\u1ee3p camera quan s\u00e1t v\u00e0 m\u00e0n h\u00ecnh hi\u1ec3n th\u1ecb LCD 2.5 inch, gi\u00fap ng\u01b0\u1eddi d\u00f9ng d\u1ec5 d\u00e0ng quan s\u00e1t\",\"breadcrumb\":{\"@id\":\"https:\/\/kawasan.vn\/san-pham\/camera-ong-nhom-va-chuong-cua-kw-dv001-2\/#breadcrumb\"},\"inLanguage\":\"en-US\",\"potentialAction\":[{\"@type\":\"ReadAction\",\"target\":[\"https:\/\/kawasan.vn\/san-pham\/camera-ong-nhom-va-chuong-cua-kw-dv001-2\/\"]}]},{\"@type\":\"ImageObject\",\"inLanguage\":\"en-US\",\"@id\":\"https:\/\/kawasan.vn\/san-pham\/camera-ong-nhom-va-chuong-cua-kw-dv001-2\/#primaryimage\",\"url\":\"https:\/\/kawasan.vn\/wp-content\/uploads\/2025\/04\/DV001_MOI.jpg\",\"contentUrl\":\"https:\/\/kawasan.vn\/wp-content\/uploads\/2025\/04\/DV001_MOI.jpg\",\"width\":2000,\"height\":1903},{\"@type\":\"BreadcrumbList\",\"@id\":\"https:\/\/kawasan.vn\/san-pham\/camera-ong-nhom-va-chuong-cua-kw-dv001-2\/#breadcrumb\",\"itemListElement\":[{\"@type\":\"ListItem\",\"position\":1,\"name\":\"Trang ch\u1ee7\",\"item\":\"https:\/\/kawasan.vn\/\"},{\"@type\":\"ListItem\",\"position\":2,\"name\":\"S\u1ea3n ph\u1ea9m\",\"item\":\"https:\/\/kawasan.vn\/san-pham\/\"},{\"@type\":\"ListItem\",\"position\":3,\"name\":\"Camera \u1ed0ng Nh\u00f2m V\u00e0 Chu\u00f4ng C\u1eeda Kw-DV001\"}]},{\"@type\":\"WebSite\",\"@id\":\"https:\/\/kawasan.vn\/#website\",\"url\":\"https:\/\/kawasan.vn\/\",\"name\":\"Kawasan\",\"description\":\"\",\"potentialAction\":[{\"@type\":\"SearchAction\",\"target\":{\"@type\":\"EntryPoint\",\"urlTemplate\":\"https:\/\/kawasan.vn\/?s={search_term_string}\"},\"query-input\":{\"@type\":\"PropertyValueSpecification\",\"valueRequired\":true,\"valueName\":\"search_term_string\"}}],\"inLanguage\":\"en-US\"}]}<\/script>\n<!-- \/ Yoast SEO Premium plugin. -->","yoast_head_json":{"title":"Camera \u1ed0ng Nh\u00f2m V\u00e0 Chu\u00f4ng C\u1eeda Kw-DV001 - Kawasan","description":"KW-DV001 l\u00e0 thi\u1ebft b\u1ecb chu\u00f4ng c\u1eeda th\u00f4ng minh t\u00edch h\u1ee3p camera quan s\u00e1t v\u00e0 m\u00e0n h\u00ecnh hi\u1ec3n th\u1ecb LCD 2.5 inch, gi\u00fap ng\u01b0\u1eddi d\u00f9ng d\u1ec5 d\u00e0ng quan s\u00e1t","robots":{"index":"index","follow":"follow","max-snippet":"max-snippet:-1","max-image-preview":"max-image-preview:large","max-video-preview":"max-video-preview:-1"},"canonical":"https:\/\/kawasan.vn\/en\/product\/camera-ong-nhom-va-chuong-cua-kw-dv001-2\/","og_locale":"en_US","og_type":"article","og_title":"Camera \u1ed0ng Nh\u00f2m V\u00e0 Chu\u00f4ng C\u1eeda Kw-DV001","og_description":"KW-DV001 l\u00e0 thi\u1ebft b\u1ecb chu\u00f4ng c\u1eeda th\u00f4ng minh t\u00edch h\u1ee3p camera quan s\u00e1t v\u00e0 m\u00e0n h\u00ecnh hi\u1ec3n th\u1ecb LCD 2.5 inch, gi\u00fap ng\u01b0\u1eddi d\u00f9ng d\u1ec5 d\u00e0ng quan s\u00e1t","og_url":"https:\/\/kawasan.vn\/en\/product\/camera-ong-nhom-va-chuong-cua-kw-dv001-2\/","og_site_name":"Kawasan","article_modified_time":"2025-12-01T02:43:23+00:00","og_image":[{"width":2000,"height":1903,"url":"https:\/\/kawasan.vn\/wp-content\/uploads\/2025\/04\/DV001_MOI.jpg","type":"image\/jpeg"}],"twitter_card":"summary_large_image","twitter_misc":{"Est. reading time":"4 minutes"},"schema":{"@context":"https:\/\/schema.org","@graph":[{"@type":"WebPage","@id":"https:\/\/kawasan.vn\/san-pham\/camera-ong-nhom-va-chuong-cua-kw-dv001-2\/","url":"https:\/\/kawasan.vn\/san-pham\/camera-ong-nhom-va-chuong-cua-kw-dv001-2\/","name":"Camera \u1ed0ng Nh\u00f2m V\u00e0 Chu\u00f4ng C\u1eeda Kw-DV001 - Kawasan","isPartOf":{"@id":"https:\/\/kawasan.vn\/#website"},"primaryImageOfPage":{"@id":"https:\/\/kawasan.vn\/san-pham\/camera-ong-nhom-va-chuong-cua-kw-dv001-2\/#primaryimage"},"image":{"@id":"https:\/\/kawasan.vn\/san-pham\/camera-ong-nhom-va-chuong-cua-kw-dv001-2\/#primaryimage"},"thumbnailUrl":"https:\/\/kawasan.vn\/wp-content\/uploads\/2025\/04\/DV001_MOI.jpg","datePublished":"2025-04-29T04:03:12+00:00","dateModified":"2025-12-01T02:43:23+00:00","description":"KW-DV001 l\u00e0 thi\u1ebft b\u1ecb chu\u00f4ng c\u1eeda th\u00f4ng minh t\u00edch h\u1ee3p camera quan s\u00e1t v\u00e0 m\u00e0n h\u00ecnh hi\u1ec3n th\u1ecb LCD 2.5 inch, gi\u00fap ng\u01b0\u1eddi d\u00f9ng d\u1ec5 d\u00e0ng quan s\u00e1t","breadcrumb":{"@id":"https:\/\/kawasan.vn\/san-pham\/camera-ong-nhom-va-chuong-cua-kw-dv001-2\/#breadcrumb"},"inLanguage":"en-US","potentialAction":[{"@type":"ReadAction","target":["https:\/\/kawasan.vn\/san-pham\/camera-ong-nhom-va-chuong-cua-kw-dv001-2\/"]}]},{"@type":"ImageObject","inLanguage":"en-US","@id":"https:\/\/kawasan.vn\/san-pham\/camera-ong-nhom-va-chuong-cua-kw-dv001-2\/#primaryimage","url":"https:\/\/kawasan.vn\/wp-content\/uploads\/2025\/04\/DV001_MOI.jpg","contentUrl":"https:\/\/kawasan.vn\/wp-content\/uploads\/2025\/04\/DV001_MOI.jpg","width":2000,"height":1903},{"@type":"BreadcrumbList","@id":"https:\/\/kawasan.vn\/san-pham\/camera-ong-nhom-va-chuong-cua-kw-dv001-2\/#breadcrumb","itemListElement":[{"@type":"ListItem","position":1,"name":"Trang ch\u1ee7","item":"https:\/\/kawasan.vn\/"},{"@type":"ListItem","position":2,"name":"S\u1ea3n ph\u1ea9m","item":"https:\/\/kawasan.vn\/san-pham\/"},{"@type":"ListItem","position":3,"name":"Camera \u1ed0ng Nh\u00f2m V\u00e0 Chu\u00f4ng C\u1eeda Kw-DV001"}]},{"@type":"WebSite","@id":"https:\/\/kawasan.vn\/#website","url":"https:\/\/kawasan.vn\/","name":"Kawasan","description":"","potentialAction":[{"@type":"SearchAction","target":{"@type":"EntryPoint","urlTemplate":"https:\/\/kawasan.vn\/?s={search_term_string}"},"query-input":{"@type":"PropertyValueSpecification","valueRequired":true,"valueName":"search_term_string"}}],"inLanguage":"en-US"}]}},"_links":{"self":[{"href":"https:\/\/kawasan.vn\/en\/wp-json\/wp\/v2\/product\/22994","targetHints":{"allow":["GET"]}}],"collection":[{"href":"https:\/\/kawasan.vn\/en\/wp-json\/wp\/v2\/product"}],"about":[{"href":"https:\/\/kawasan.vn\/en\/wp-json\/wp\/v2\/types\/product"}],"replies":[{"embeddable":true,"href":"https:\/\/kawasan.vn\/en\/wp-json\/wp\/v2\/comments?post=22994"}],"version-history":[{"count":4,"href":"https:\/\/kawasan.vn\/en\/wp-json\/wp\/v2\/product\/22994\/revisions"}],"predecessor-version":[{"id":24354,"href":"https:\/\/kawasan.vn\/en\/wp-json\/wp\/v2\/product\/22994\/revisions\/24354"}],"wp:featuredmedia":[{"embeddable":true,"href":"https:\/\/kawasan.vn\/en\/wp-json\/wp\/v2\/media\/22972"}],"wp:attachment":[{"href":"https:\/\/kawasan.vn\/en\/wp-json\/wp\/v2\/media?parent=22994"}],"wp:term":[{"taxonomy":"product_cat","embeddable":true,"href":"https:\/\/kawasan.vn\/en\/wp-json\/wp\/v2\/product_cat?post=22994"},{"taxonomy":"product_tag","embeddable":true,"href":"https:\/\/kawasan.vn\/en\/wp-json\/wp\/v2\/product_tag?post=22994"}],"curies":[{"name":"wp","href":"https:\/\/api.w.org\/{rel}","templated":true}]}}