{"id":22968,"date":"2025-04-29T10:22:09","date_gmt":"2025-04-29T03:22:09","guid":{"rendered":"https:\/\/kawasan.vn\/?post_type=product&#038;p=22968"},"modified":"2025-08-28T07:49:21","modified_gmt":"2025-08-28T00:49:21","slug":"bao-trom-laptop-dtdd-kw-i113","status":"publish","type":"product","link":"https:\/\/kawasan.vn\/en\/product\/bao-trom-laptop-dtdd-kw-i113\/","title":{"rendered":"Report Theft of Laptop, Cell Phone KW-i113"},"content":{"rendered":"<p>\u0110\u00e2y l\u00e0 s\u1ea3n ph\u1ea9m b\u00e1o tr\u1ed9m d\u1ea1ng ng\u1ee5y trang, ho\u1ea1t \u0111\u1ed9ng khi r\u00fat jack c\u1eafm c\u1ee7a thi\u1ebft b\u1ecb ra kh\u1ecfi laptop, smart phone c\u00f2i s\u1ebd h\u00fa.<\/p>\n<p><strong><u>C\u00e1c \u1ee9ng d\u1ee5ng th\u1ef1c t\u1ebf:<\/u><\/strong><\/p>\n<ul>\n<li>\u0110\u00e2y l\u00e0 s\u1ea3n ph\u1ea9m ch\u1ed1ng tr\u1ed9m ng\u1ee5y trang gi\u00fap b\u1ea3o v\u1ec7 t\u00e0i s\u1ea3n kh\u00f4ng b\u1ecb \u0111\u00e1nh c\u1eafp, c\u1eafm jack c\u1eafm v\u00e0o jack tai nghe laptop , smart phone, g\u1ea1t c\u00f4ng t\u1eafc v\u1ec1 n\u00fat on tr\u00ean thi\u1ebft b\u1ecb, khi c\u00f3 ng\u01b0\u1eddi r\u00fat jack ra ngo\u00e0i th\u00ec l\u1eadp t\u1ee9c c\u00f2i h\u00fa gi\u00fap ph\u00e1t hi\u1ec7n ng\u01b0\u1eddi l\u1ea5y c\u1eafp.<\/li>\n<\/ul>","protected":false},"excerpt":{"rendered":"<p>\u0110\u00e2y l\u00e0 s\u1ea3n ph\u1ea9m b\u00e1o tr\u1ed9m d\u1ea1ng ng\u1ee5y trang, ho\u1ea1t \u0111\u1ed9ng khi r\u00fat jack c\u1eafm c\u1ee7a thi\u1ebft b\u1ecb ra kh\u1ecfi laptop, smart phone c\u00f2i s\u1ebd h\u00fa. C\u00e1c \u1ee9ng d\u1ee5ng th\u1ef1c t\u1ebf: \u0110\u00e2y l\u00e0 s\u1ea3n ph\u1ea9m ch\u1ed1ng tr\u1ed9m ng\u1ee5y trang gi\u00fap b\u1ea3o v\u1ec7 t\u00e0i s\u1ea3n kh\u00f4ng b\u1ecb \u0111\u00e1nh c\u1eafp, c\u1eafm jack c\u1eafm v\u00e0o jack tai nghe [&hellip;]<\/p>","protected":false},"featured_media":22969,"comment_status":"open","ping_status":"closed","template":"","meta":{"_yoast_wpseo_focuskw":"","_yoast_wpseo_metadesc":"","_yoast_wpseo_focuskeywords":"","_yoast_wpseo_keyword_synonyms":""},"product_cat":[501,45],"product_tag":[],"class_list":["post-22968","product","type-product","status-publish","has-post-thumbnail","hentry","product_cat-bao-dong-chong-trom","product_cat-phu-kien-bao-dong"],"acf":[],"yoast_head":"<!-- This site is optimized with the Yoast SEO Premium plugin v24.9 (Yoast SEO v24.9) - https:\/\/yoast.com\/wordpress\/plugins\/seo\/ -->\n<title>B\u00e1o Tr\u1ed9m Laptop, \u0110TD\u0110 KW-i113 - Kawasan<\/title>\n<meta name=\"robots\" content=\"index, follow, max-snippet:-1, max-image-preview:large, max-video-preview:-1\" \/>\n<link rel=\"canonical\" href=\"https:\/\/kawasan.vn\/en\/product\/bao-trom-laptop-dtdd-kw-i113\/\" \/>\n<meta property=\"og:locale\" content=\"en_US\" \/>\n<meta property=\"og:type\" content=\"article\" \/>\n<meta property=\"og:title\" content=\"B\u00e1o Tr\u1ed9m Laptop, \u0110TD\u0110 KW-i113\" \/>\n<meta property=\"og:description\" content=\"\u0110\u00e2y l\u00e0 s\u1ea3n ph\u1ea9m b\u00e1o tr\u1ed9m d\u1ea1ng ng\u1ee5y trang, ho\u1ea1t \u0111\u1ed9ng khi r\u00fat jack c\u1eafm c\u1ee7a thi\u1ebft b\u1ecb ra kh\u1ecfi laptop, smart phone c\u00f2i s\u1ebd h\u00fa. C\u00e1c \u1ee9ng d\u1ee5ng th\u1ef1c t\u1ebf: \u0110\u00e2y l\u00e0 s\u1ea3n ph\u1ea9m ch\u1ed1ng tr\u1ed9m ng\u1ee5y trang gi\u00fap b\u1ea3o v\u1ec7 t\u00e0i s\u1ea3n kh\u00f4ng b\u1ecb \u0111\u00e1nh c\u1eafp, c\u1eafm jack c\u1eafm v\u00e0o jack tai nghe [&hellip;]\" \/>\n<meta property=\"og:url\" content=\"https:\/\/kawasan.vn\/en\/product\/bao-trom-laptop-dtdd-kw-i113\/\" \/>\n<meta property=\"og:site_name\" content=\"Kawasan\" \/>\n<meta property=\"article:modified_time\" content=\"2025-08-28T00:49:21+00:00\" \/>\n<meta property=\"og:image\" content=\"https:\/\/kawasan.vn\/wp-content\/uploads\/2025\/04\/bao-trom-I113-2-600x600-1.jpg\" \/>\n\t<meta property=\"og:image:width\" content=\"600\" \/>\n\t<meta property=\"og:image:height\" content=\"600\" \/>\n\t<meta property=\"og:image:type\" content=\"image\/jpeg\" \/>\n<meta name=\"twitter:card\" content=\"summary_large_image\" \/>\n<meta name=\"twitter:label1\" content=\"Est. reading time\" \/>\n\t<meta name=\"twitter:data1\" content=\"1 minute\" \/>\n<script type=\"application\/ld+json\" class=\"yoast-schema-graph\">{\"@context\":\"https:\/\/schema.org\",\"@graph\":[{\"@type\":\"WebPage\",\"@id\":\"https:\/\/kawasan.vn\/san-pham\/bao-trom-laptop-dtdd-kw-i113\/\",\"url\":\"https:\/\/kawasan.vn\/san-pham\/bao-trom-laptop-dtdd-kw-i113\/\",\"name\":\"B\u00e1o Tr\u1ed9m Laptop, \u0110TD\u0110 KW-i113 - Kawasan\",\"isPartOf\":{\"@id\":\"https:\/\/kawasan.vn\/#website\"},\"primaryImageOfPage\":{\"@id\":\"https:\/\/kawasan.vn\/san-pham\/bao-trom-laptop-dtdd-kw-i113\/#primaryimage\"},\"image\":{\"@id\":\"https:\/\/kawasan.vn\/san-pham\/bao-trom-laptop-dtdd-kw-i113\/#primaryimage\"},\"thumbnailUrl\":\"https:\/\/kawasan.vn\/wp-content\/uploads\/2025\/04\/bao-trom-I113-2-600x600-1.jpg\",\"datePublished\":\"2025-04-29T03:22:09+00:00\",\"dateModified\":\"2025-08-28T00:49:21+00:00\",\"breadcrumb\":{\"@id\":\"https:\/\/kawasan.vn\/san-pham\/bao-trom-laptop-dtdd-kw-i113\/#breadcrumb\"},\"inLanguage\":\"en-US\",\"potentialAction\":[{\"@type\":\"ReadAction\",\"target\":[\"https:\/\/kawasan.vn\/san-pham\/bao-trom-laptop-dtdd-kw-i113\/\"]}]},{\"@type\":\"ImageObject\",\"inLanguage\":\"en-US\",\"@id\":\"https:\/\/kawasan.vn\/san-pham\/bao-trom-laptop-dtdd-kw-i113\/#primaryimage\",\"url\":\"https:\/\/kawasan.vn\/wp-content\/uploads\/2025\/04\/bao-trom-I113-2-600x600-1.jpg\",\"contentUrl\":\"https:\/\/kawasan.vn\/wp-content\/uploads\/2025\/04\/bao-trom-I113-2-600x600-1.jpg\",\"width\":600,\"height\":600,\"caption\":\"KW-i113\"},{\"@type\":\"BreadcrumbList\",\"@id\":\"https:\/\/kawasan.vn\/san-pham\/bao-trom-laptop-dtdd-kw-i113\/#breadcrumb\",\"itemListElement\":[{\"@type\":\"ListItem\",\"position\":1,\"name\":\"Trang ch\u1ee7\",\"item\":\"https:\/\/kawasan.vn\/\"},{\"@type\":\"ListItem\",\"position\":2,\"name\":\"S\u1ea3n ph\u1ea9m\",\"item\":\"https:\/\/kawasan.vn\/san-pham\/\"},{\"@type\":\"ListItem\",\"position\":3,\"name\":\"B\u00e1o Tr\u1ed9m Laptop, \u0110TD\u0110 KW-i113\"}]},{\"@type\":\"WebSite\",\"@id\":\"https:\/\/kawasan.vn\/#website\",\"url\":\"https:\/\/kawasan.vn\/\",\"name\":\"Kawasan\",\"description\":\"\",\"potentialAction\":[{\"@type\":\"SearchAction\",\"target\":{\"@type\":\"EntryPoint\",\"urlTemplate\":\"https:\/\/kawasan.vn\/?s={search_term_string}\"},\"query-input\":{\"@type\":\"PropertyValueSpecification\",\"valueRequired\":true,\"valueName\":\"search_term_string\"}}],\"inLanguage\":\"en-US\"}]}<\/script>\n<!-- \/ Yoast SEO Premium plugin. -->","yoast_head_json":{"title":"B\u00e1o Tr\u1ed9m Laptop, \u0110TD\u0110 KW-i113 - Kawasan","robots":{"index":"index","follow":"follow","max-snippet":"max-snippet:-1","max-image-preview":"max-image-preview:large","max-video-preview":"max-video-preview:-1"},"canonical":"https:\/\/kawasan.vn\/en\/product\/bao-trom-laptop-dtdd-kw-i113\/","og_locale":"en_US","og_type":"article","og_title":"B\u00e1o Tr\u1ed9m Laptop, \u0110TD\u0110 KW-i113","og_description":"\u0110\u00e2y l\u00e0 s\u1ea3n ph\u1ea9m b\u00e1o tr\u1ed9m d\u1ea1ng ng\u1ee5y trang, ho\u1ea1t \u0111\u1ed9ng khi r\u00fat jack c\u1eafm c\u1ee7a thi\u1ebft b\u1ecb ra kh\u1ecfi laptop, smart phone c\u00f2i s\u1ebd h\u00fa. C\u00e1c \u1ee9ng d\u1ee5ng th\u1ef1c t\u1ebf: \u0110\u00e2y l\u00e0 s\u1ea3n ph\u1ea9m ch\u1ed1ng tr\u1ed9m ng\u1ee5y trang gi\u00fap b\u1ea3o v\u1ec7 t\u00e0i s\u1ea3n kh\u00f4ng b\u1ecb \u0111\u00e1nh c\u1eafp, c\u1eafm jack c\u1eafm v\u00e0o jack tai nghe [&hellip;]","og_url":"https:\/\/kawasan.vn\/en\/product\/bao-trom-laptop-dtdd-kw-i113\/","og_site_name":"Kawasan","article_modified_time":"2025-08-28T00:49:21+00:00","og_image":[{"width":600,"height":600,"url":"https:\/\/kawasan.vn\/wp-content\/uploads\/2025\/04\/bao-trom-I113-2-600x600-1.jpg","type":"image\/jpeg"}],"twitter_card":"summary_large_image","twitter_misc":{"Est. reading time":"1 minute"},"schema":{"@context":"https:\/\/schema.org","@graph":[{"@type":"WebPage","@id":"https:\/\/kawasan.vn\/san-pham\/bao-trom-laptop-dtdd-kw-i113\/","url":"https:\/\/kawasan.vn\/san-pham\/bao-trom-laptop-dtdd-kw-i113\/","name":"B\u00e1o Tr\u1ed9m Laptop, \u0110TD\u0110 KW-i113 - Kawasan","isPartOf":{"@id":"https:\/\/kawasan.vn\/#website"},"primaryImageOfPage":{"@id":"https:\/\/kawasan.vn\/san-pham\/bao-trom-laptop-dtdd-kw-i113\/#primaryimage"},"image":{"@id":"https:\/\/kawasan.vn\/san-pham\/bao-trom-laptop-dtdd-kw-i113\/#primaryimage"},"thumbnailUrl":"https:\/\/kawasan.vn\/wp-content\/uploads\/2025\/04\/bao-trom-I113-2-600x600-1.jpg","datePublished":"2025-04-29T03:22:09+00:00","dateModified":"2025-08-28T00:49:21+00:00","breadcrumb":{"@id":"https:\/\/kawasan.vn\/san-pham\/bao-trom-laptop-dtdd-kw-i113\/#breadcrumb"},"inLanguage":"en-US","potentialAction":[{"@type":"ReadAction","target":["https:\/\/kawasan.vn\/san-pham\/bao-trom-laptop-dtdd-kw-i113\/"]}]},{"@type":"ImageObject","inLanguage":"en-US","@id":"https:\/\/kawasan.vn\/san-pham\/bao-trom-laptop-dtdd-kw-i113\/#primaryimage","url":"https:\/\/kawasan.vn\/wp-content\/uploads\/2025\/04\/bao-trom-I113-2-600x600-1.jpg","contentUrl":"https:\/\/kawasan.vn\/wp-content\/uploads\/2025\/04\/bao-trom-I113-2-600x600-1.jpg","width":600,"height":600,"caption":"KW-i113"},{"@type":"BreadcrumbList","@id":"https:\/\/kawasan.vn\/san-pham\/bao-trom-laptop-dtdd-kw-i113\/#breadcrumb","itemListElement":[{"@type":"ListItem","position":1,"name":"Trang ch\u1ee7","item":"https:\/\/kawasan.vn\/"},{"@type":"ListItem","position":2,"name":"S\u1ea3n ph\u1ea9m","item":"https:\/\/kawasan.vn\/san-pham\/"},{"@type":"ListItem","position":3,"name":"B\u00e1o Tr\u1ed9m Laptop, \u0110TD\u0110 KW-i113"}]},{"@type":"WebSite","@id":"https:\/\/kawasan.vn\/#website","url":"https:\/\/kawasan.vn\/","name":"Kawasan","description":"","potentialAction":[{"@type":"SearchAction","target":{"@type":"EntryPoint","urlTemplate":"https:\/\/kawasan.vn\/?s={search_term_string}"},"query-input":{"@type":"PropertyValueSpecification","valueRequired":true,"valueName":"search_term_string"}}],"inLanguage":"en-US"}]}},"_links":{"self":[{"href":"https:\/\/kawasan.vn\/en\/wp-json\/wp\/v2\/product\/22968","targetHints":{"allow":["GET"]}}],"collection":[{"href":"https:\/\/kawasan.vn\/en\/wp-json\/wp\/v2\/product"}],"about":[{"href":"https:\/\/kawasan.vn\/en\/wp-json\/wp\/v2\/types\/product"}],"replies":[{"embeddable":true,"href":"https:\/\/kawasan.vn\/en\/wp-json\/wp\/v2\/comments?post=22968"}],"version-history":[{"count":2,"href":"https:\/\/kawasan.vn\/en\/wp-json\/wp\/v2\/product\/22968\/revisions"}],"predecessor-version":[{"id":24419,"href":"https:\/\/kawasan.vn\/en\/wp-json\/wp\/v2\/product\/22968\/revisions\/24419"}],"wp:featuredmedia":[{"embeddable":true,"href":"https:\/\/kawasan.vn\/en\/wp-json\/wp\/v2\/media\/22969"}],"wp:attachment":[{"href":"https:\/\/kawasan.vn\/en\/wp-json\/wp\/v2\/media?parent=22968"}],"wp:term":[{"taxonomy":"product_cat","embeddable":true,"href":"https:\/\/kawasan.vn\/en\/wp-json\/wp\/v2\/product_cat?post=22968"},{"taxonomy":"product_tag","embeddable":true,"href":"https:\/\/kawasan.vn\/en\/wp-json\/wp\/v2\/product_tag?post=22968"}],"curies":[{"name":"wp","href":"https:\/\/api.w.org\/{rel}","templated":true}]}}