{"id":22960,"date":"2025-04-29T10:16:29","date_gmt":"2025-04-29T03:16:29","guid":{"rendered":"https:\/\/kawasan.vn\/?post_type=product&#038;p=22960"},"modified":"2025-12-24T13:16:45","modified_gmt":"2025-12-24T06:16:45","slug":"cau-dao-dien-3p-tu-dong-dong-ngat-kcb-25a-3p","status":"publish","type":"product","link":"https:\/\/kawasan.vn\/en\/product\/cau-dao-dien-3p-tu-dong-dong-ngat-kcb-25a-3p\/","title":{"rendered":"C\u1ea7u Dao \u0110i\u1ec7n 3P T\u1ef1 \u0110\u1ed9ng \u0110\u00f3ng Ng\u1eaft MCB-25A-3P"},"content":{"rendered":"<h2>C\u1ea7u Dao \u0110i\u1ec7n MCB-25A-3P 3 Pha KAWASAN<\/h2>\n<ul>\n<li><a href=\"https:\/\/kawasan.vn\/en\/\" target=\"_blank\" rel=\"noopener\" data-cke-saved-href=\"https:\/\/kawasan.vn\/\">C\u1ea7u dao 3 pha<\/a>\u00a0 MCB-25A-3P c\u00f3 \u0111\u1ed9 b\u1ec1n cao v\u00e0 kh\u1ea3 n\u0103ng ho\u1ea1t \u0111\u1ed9ng \u1ed5n \u0111\u1ecbnh. Gi\u00fap \u0111\u1ea3m b\u1ea3o an to\u00e0n cho ng\u01b0\u1eddi d\u00f9ng v\u00e0 h\u1ec7 th\u1ed1ng \u0111i\u1ec7n.<\/li>\n<li>K\u00edch th\u01b0\u1edbc nh\u1ecf g\u1ecdn v\u00e0 d\u1ec5 d\u00e0ng l\u1eafp \u0111\u1eb7t. M\u1ed9t s\u1ea3n ph\u1ea9m tuy\u1ec7t v\u1eddi v\u00e0 c\u1ea7n thi\u1ebft, \u0111\u1ec3 b\u1ea3o v\u1ec7 h\u1ec7 th\u1ed1ng \u0111i\u1ec7n c\u1ee7a b\u1ea1n.<\/li>\n<\/ul>\n<p><img loading=\"lazy\" decoding=\"async\" class=\"aligncenter size-full wp-image-29674\" src=\"https:\/\/kawasan.vn\/wp-content\/uploads\/2025\/04\/25.png\" alt=\"\" width=\"900\" height=\"900\" srcset=\"https:\/\/kawasan.vn\/wp-content\/uploads\/2025\/04\/25.png 900w, https:\/\/kawasan.vn\/wp-content\/uploads\/2025\/04\/25-768x768.png 768w, https:\/\/kawasan.vn\/wp-content\/uploads\/2025\/04\/25-640x640.png 640w, https:\/\/kawasan.vn\/wp-content\/uploads\/2025\/04\/25-400x400.png 400w\" sizes=\"auto, (max-width: 900px) 100vw, 900px\" \/><\/p>\n<p>&nbsp;<\/p>\n<h2>\u1ee8ng D\u1ee5ng C\u1ee7a C\u1ea7u Dao \u0110i\u1ec7n MCB-25A-3P Pha<\/h2>\n<ul>\n<li><a href=\"https:\/\/kawasan.vn\/en\/product-category\/cong-tac-dieu-khien-tu-xa\/cau-dao-dien-khoi-dong-tu\/\" target=\"_blank\" rel=\"noopener\" data-cke-saved-href=\"https:\/\/kawasan.vn\/danh-muc-san-pham\/cong-tac-dieu-khien-tu-xa\/cau-dao-dien-khoi-dong-tu\/\">C\u1ea7u dao t\u1ef1 \u0111\u1ed9ng<\/a>\u00a0\u1ee9ng d\u1ee5ng r\u1ed9ng r\u00e3i trong c\u00e1c l\u0129nh v\u1ef1c nh\u01b0: ng\u00e0nh \u0111i\u1ec7n, t\u1ee7 b\u1ea3ng \u0111i\u1ec7n, t\u1ef1 \u0111\u1ed9ng h\u00f3a&#8230;.<\/li>\n<li>Aptomat CB-25A-3P ph\u00f9 h\u1ee3p l\u1eafp cho c\u00e1c c\u00f4ng tr\u00ecnh x\u00e2y d\u1ef1ng, v\u0103n ph\u00f2ng, nh\u00e0 m\u00e1y, kho x\u01b0\u1edfng, kh\u00e1ch s\u1ea1n, trung t\u00e2m th\u01b0\u01a1ng m\u1ea1i&#8230;<\/li>\n<\/ul>","protected":false},"excerpt":{"rendered":"<p>C\u1ea7u Dao \u0110i\u1ec7n MCB-25A-3P 3 Pha KAWASAN C\u1ea7u dao 3 pha\u00a0 MCB-25A-3P c\u00f3 \u0111\u1ed9 b\u1ec1n cao v\u00e0 kh\u1ea3 n\u0103ng ho\u1ea1t \u0111\u1ed9ng \u1ed5n \u0111\u1ecbnh. Gi\u00fap \u0111\u1ea3m b\u1ea3o an to\u00e0n cho ng\u01b0\u1eddi d\u00f9ng v\u00e0 h\u1ec7 th\u1ed1ng \u0111i\u1ec7n. K\u00edch th\u01b0\u1edbc nh\u1ecf g\u1ecdn v\u00e0 d\u1ec5 d\u00e0ng l\u1eafp \u0111\u1eb7t. M\u1ed9t s\u1ea3n ph\u1ea9m tuy\u1ec7t v\u1eddi v\u00e0 c\u1ea7n thi\u1ebft, \u0111\u1ec3 b\u1ea3o v\u1ec7 [&hellip;]<\/p>","protected":false},"featured_media":29674,"comment_status":"open","ping_status":"closed","template":"","meta":{"_yoast_wpseo_focuskw":"","_yoast_wpseo_metadesc":"","_yoast_wpseo_focuskeywords":"","_yoast_wpseo_keyword_synonyms":""},"product_cat":[507],"product_tag":[],"class_list":["post-22960","product","type-product","status-publish","has-post-thumbnail","hentry","product_cat-cau-dao-dien-aptomat"],"acf":[],"yoast_head":"<!-- This site is optimized with the Yoast SEO Premium plugin v24.9 (Yoast SEO v24.9) - https:\/\/yoast.com\/wordpress\/plugins\/seo\/ -->\n<title>C\u1ea7u Dao \u0110i\u1ec7n 3P T\u1ef1 \u0110\u1ed9ng \u0110\u00f3ng Ng\u1eaft MCB-25A-3P - Kawasan<\/title>\n<meta name=\"robots\" content=\"index, follow, max-snippet:-1, max-image-preview:large, max-video-preview:-1\" \/>\n<link rel=\"canonical\" href=\"https:\/\/kawasan.vn\/en\/product\/cau-dao-dien-3p-tu-dong-dong-ngat-kcb-25a-3p\/\" \/>\n<meta property=\"og:locale\" content=\"en_US\" \/>\n<meta property=\"og:type\" content=\"article\" \/>\n<meta property=\"og:title\" content=\"C\u1ea7u Dao \u0110i\u1ec7n 3P T\u1ef1 \u0110\u1ed9ng \u0110\u00f3ng Ng\u1eaft MCB-25A-3P\" \/>\n<meta property=\"og:description\" content=\"C\u1ea7u Dao \u0110i\u1ec7n MCB-25A-3P 3 Pha KAWASAN C\u1ea7u dao 3 pha\u00a0 MCB-25A-3P c\u00f3 \u0111\u1ed9 b\u1ec1n cao v\u00e0 kh\u1ea3 n\u0103ng ho\u1ea1t \u0111\u1ed9ng \u1ed5n \u0111\u1ecbnh. Gi\u00fap \u0111\u1ea3m b\u1ea3o an to\u00e0n cho ng\u01b0\u1eddi d\u00f9ng v\u00e0 h\u1ec7 th\u1ed1ng \u0111i\u1ec7n. K\u00edch th\u01b0\u1edbc nh\u1ecf g\u1ecdn v\u00e0 d\u1ec5 d\u00e0ng l\u1eafp \u0111\u1eb7t. M\u1ed9t s\u1ea3n ph\u1ea9m tuy\u1ec7t v\u1eddi v\u00e0 c\u1ea7n thi\u1ebft, \u0111\u1ec3 b\u1ea3o v\u1ec7 [&hellip;]\" \/>\n<meta property=\"og:url\" content=\"https:\/\/kawasan.vn\/en\/product\/cau-dao-dien-3p-tu-dong-dong-ngat-kcb-25a-3p\/\" \/>\n<meta property=\"og:site_name\" content=\"Kawasan\" \/>\n<meta property=\"article:modified_time\" content=\"2025-12-24T06:16:45+00:00\" \/>\n<meta property=\"og:image\" content=\"https:\/\/kawasan.vn\/wp-content\/uploads\/2025\/04\/25.png\" \/>\n\t<meta property=\"og:image:width\" content=\"900\" \/>\n\t<meta property=\"og:image:height\" content=\"900\" \/>\n\t<meta property=\"og:image:type\" content=\"image\/png\" \/>\n<meta name=\"twitter:card\" content=\"summary_large_image\" \/>\n<meta name=\"twitter:label1\" content=\"Est. reading time\" \/>\n\t<meta name=\"twitter:data1\" content=\"2 minutes\" \/>\n<script type=\"application\/ld+json\" class=\"yoast-schema-graph\">{\"@context\":\"https:\/\/schema.org\",\"@graph\":[{\"@type\":\"WebPage\",\"@id\":\"https:\/\/kawasan.vn\/san-pham\/cau-dao-dien-3p-tu-dong-dong-ngat-kcb-25a-3p\/\",\"url\":\"https:\/\/kawasan.vn\/san-pham\/cau-dao-dien-3p-tu-dong-dong-ngat-kcb-25a-3p\/\",\"name\":\"C\u1ea7u Dao \u0110i\u1ec7n 3P T\u1ef1 \u0110\u1ed9ng \u0110\u00f3ng Ng\u1eaft MCB-25A-3P - Kawasan\",\"isPartOf\":{\"@id\":\"https:\/\/kawasan.vn\/#website\"},\"primaryImageOfPage\":{\"@id\":\"https:\/\/kawasan.vn\/san-pham\/cau-dao-dien-3p-tu-dong-dong-ngat-kcb-25a-3p\/#primaryimage\"},\"image\":{\"@id\":\"https:\/\/kawasan.vn\/san-pham\/cau-dao-dien-3p-tu-dong-dong-ngat-kcb-25a-3p\/#primaryimage\"},\"thumbnailUrl\":\"https:\/\/kawasan.vn\/wp-content\/uploads\/2025\/04\/25.png\",\"datePublished\":\"2025-04-29T03:16:29+00:00\",\"dateModified\":\"2025-12-24T06:16:45+00:00\",\"breadcrumb\":{\"@id\":\"https:\/\/kawasan.vn\/san-pham\/cau-dao-dien-3p-tu-dong-dong-ngat-kcb-25a-3p\/#breadcrumb\"},\"inLanguage\":\"en-US\",\"potentialAction\":[{\"@type\":\"ReadAction\",\"target\":[\"https:\/\/kawasan.vn\/san-pham\/cau-dao-dien-3p-tu-dong-dong-ngat-kcb-25a-3p\/\"]}]},{\"@type\":\"ImageObject\",\"inLanguage\":\"en-US\",\"@id\":\"https:\/\/kawasan.vn\/san-pham\/cau-dao-dien-3p-tu-dong-dong-ngat-kcb-25a-3p\/#primaryimage\",\"url\":\"https:\/\/kawasan.vn\/wp-content\/uploads\/2025\/04\/25.png\",\"contentUrl\":\"https:\/\/kawasan.vn\/wp-content\/uploads\/2025\/04\/25.png\",\"width\":900,\"height\":900},{\"@type\":\"BreadcrumbList\",\"@id\":\"https:\/\/kawasan.vn\/san-pham\/cau-dao-dien-3p-tu-dong-dong-ngat-kcb-25a-3p\/#breadcrumb\",\"itemListElement\":[{\"@type\":\"ListItem\",\"position\":1,\"name\":\"Trang ch\u1ee7\",\"item\":\"https:\/\/kawasan.vn\/\"},{\"@type\":\"ListItem\",\"position\":2,\"name\":\"S\u1ea3n ph\u1ea9m\",\"item\":\"https:\/\/kawasan.vn\/san-pham\/\"},{\"@type\":\"ListItem\",\"position\":3,\"name\":\"C\u1ea7u Dao \u0110i\u1ec7n 3P T\u1ef1 \u0110\u1ed9ng \u0110\u00f3ng Ng\u1eaft MCB-25A-3P\"}]},{\"@type\":\"WebSite\",\"@id\":\"https:\/\/kawasan.vn\/#website\",\"url\":\"https:\/\/kawasan.vn\/\",\"name\":\"Kawasan\",\"description\":\"\",\"potentialAction\":[{\"@type\":\"SearchAction\",\"target\":{\"@type\":\"EntryPoint\",\"urlTemplate\":\"https:\/\/kawasan.vn\/?s={search_term_string}\"},\"query-input\":{\"@type\":\"PropertyValueSpecification\",\"valueRequired\":true,\"valueName\":\"search_term_string\"}}],\"inLanguage\":\"en-US\"}]}<\/script>\n<!-- \/ Yoast SEO Premium plugin. -->","yoast_head_json":{"title":"C\u1ea7u Dao \u0110i\u1ec7n 3P T\u1ef1 \u0110\u1ed9ng \u0110\u00f3ng Ng\u1eaft MCB-25A-3P - Kawasan","robots":{"index":"index","follow":"follow","max-snippet":"max-snippet:-1","max-image-preview":"max-image-preview:large","max-video-preview":"max-video-preview:-1"},"canonical":"https:\/\/kawasan.vn\/en\/product\/cau-dao-dien-3p-tu-dong-dong-ngat-kcb-25a-3p\/","og_locale":"en_US","og_type":"article","og_title":"C\u1ea7u Dao \u0110i\u1ec7n 3P T\u1ef1 \u0110\u1ed9ng \u0110\u00f3ng Ng\u1eaft MCB-25A-3P","og_description":"C\u1ea7u Dao \u0110i\u1ec7n MCB-25A-3P 3 Pha KAWASAN C\u1ea7u dao 3 pha\u00a0 MCB-25A-3P c\u00f3 \u0111\u1ed9 b\u1ec1n cao v\u00e0 kh\u1ea3 n\u0103ng ho\u1ea1t \u0111\u1ed9ng \u1ed5n \u0111\u1ecbnh. Gi\u00fap \u0111\u1ea3m b\u1ea3o an to\u00e0n cho ng\u01b0\u1eddi d\u00f9ng v\u00e0 h\u1ec7 th\u1ed1ng \u0111i\u1ec7n. K\u00edch th\u01b0\u1edbc nh\u1ecf g\u1ecdn v\u00e0 d\u1ec5 d\u00e0ng l\u1eafp \u0111\u1eb7t. M\u1ed9t s\u1ea3n ph\u1ea9m tuy\u1ec7t v\u1eddi v\u00e0 c\u1ea7n thi\u1ebft, \u0111\u1ec3 b\u1ea3o v\u1ec7 [&hellip;]","og_url":"https:\/\/kawasan.vn\/en\/product\/cau-dao-dien-3p-tu-dong-dong-ngat-kcb-25a-3p\/","og_site_name":"Kawasan","article_modified_time":"2025-12-24T06:16:45+00:00","og_image":[{"width":900,"height":900,"url":"https:\/\/kawasan.vn\/wp-content\/uploads\/2025\/04\/25.png","type":"image\/png"}],"twitter_card":"summary_large_image","twitter_misc":{"Est. reading time":"2 minutes"},"schema":{"@context":"https:\/\/schema.org","@graph":[{"@type":"WebPage","@id":"https:\/\/kawasan.vn\/san-pham\/cau-dao-dien-3p-tu-dong-dong-ngat-kcb-25a-3p\/","url":"https:\/\/kawasan.vn\/san-pham\/cau-dao-dien-3p-tu-dong-dong-ngat-kcb-25a-3p\/","name":"C\u1ea7u Dao \u0110i\u1ec7n 3P T\u1ef1 \u0110\u1ed9ng \u0110\u00f3ng Ng\u1eaft MCB-25A-3P - Kawasan","isPartOf":{"@id":"https:\/\/kawasan.vn\/#website"},"primaryImageOfPage":{"@id":"https:\/\/kawasan.vn\/san-pham\/cau-dao-dien-3p-tu-dong-dong-ngat-kcb-25a-3p\/#primaryimage"},"image":{"@id":"https:\/\/kawasan.vn\/san-pham\/cau-dao-dien-3p-tu-dong-dong-ngat-kcb-25a-3p\/#primaryimage"},"thumbnailUrl":"https:\/\/kawasan.vn\/wp-content\/uploads\/2025\/04\/25.png","datePublished":"2025-04-29T03:16:29+00:00","dateModified":"2025-12-24T06:16:45+00:00","breadcrumb":{"@id":"https:\/\/kawasan.vn\/san-pham\/cau-dao-dien-3p-tu-dong-dong-ngat-kcb-25a-3p\/#breadcrumb"},"inLanguage":"en-US","potentialAction":[{"@type":"ReadAction","target":["https:\/\/kawasan.vn\/san-pham\/cau-dao-dien-3p-tu-dong-dong-ngat-kcb-25a-3p\/"]}]},{"@type":"ImageObject","inLanguage":"en-US","@id":"https:\/\/kawasan.vn\/san-pham\/cau-dao-dien-3p-tu-dong-dong-ngat-kcb-25a-3p\/#primaryimage","url":"https:\/\/kawasan.vn\/wp-content\/uploads\/2025\/04\/25.png","contentUrl":"https:\/\/kawasan.vn\/wp-content\/uploads\/2025\/04\/25.png","width":900,"height":900},{"@type":"BreadcrumbList","@id":"https:\/\/kawasan.vn\/san-pham\/cau-dao-dien-3p-tu-dong-dong-ngat-kcb-25a-3p\/#breadcrumb","itemListElement":[{"@type":"ListItem","position":1,"name":"Trang ch\u1ee7","item":"https:\/\/kawasan.vn\/"},{"@type":"ListItem","position":2,"name":"S\u1ea3n ph\u1ea9m","item":"https:\/\/kawasan.vn\/san-pham\/"},{"@type":"ListItem","position":3,"name":"C\u1ea7u Dao \u0110i\u1ec7n 3P T\u1ef1 \u0110\u1ed9ng \u0110\u00f3ng Ng\u1eaft MCB-25A-3P"}]},{"@type":"WebSite","@id":"https:\/\/kawasan.vn\/#website","url":"https:\/\/kawasan.vn\/","name":"Kawasan","description":"","potentialAction":[{"@type":"SearchAction","target":{"@type":"EntryPoint","urlTemplate":"https:\/\/kawasan.vn\/?s={search_term_string}"},"query-input":{"@type":"PropertyValueSpecification","valueRequired":true,"valueName":"search_term_string"}}],"inLanguage":"en-US"}]}},"_links":{"self":[{"href":"https:\/\/kawasan.vn\/en\/wp-json\/wp\/v2\/product\/22960","targetHints":{"allow":["GET"]}}],"collection":[{"href":"https:\/\/kawasan.vn\/en\/wp-json\/wp\/v2\/product"}],"about":[{"href":"https:\/\/kawasan.vn\/en\/wp-json\/wp\/v2\/types\/product"}],"replies":[{"embeddable":true,"href":"https:\/\/kawasan.vn\/en\/wp-json\/wp\/v2\/comments?post=22960"}],"version-history":[{"count":3,"href":"https:\/\/kawasan.vn\/en\/wp-json\/wp\/v2\/product\/22960\/revisions"}],"predecessor-version":[{"id":29679,"href":"https:\/\/kawasan.vn\/en\/wp-json\/wp\/v2\/product\/22960\/revisions\/29679"}],"wp:featuredmedia":[{"embeddable":true,"href":"https:\/\/kawasan.vn\/en\/wp-json\/wp\/v2\/media\/29674"}],"wp:attachment":[{"href":"https:\/\/kawasan.vn\/en\/wp-json\/wp\/v2\/media?parent=22960"}],"wp:term":[{"taxonomy":"product_cat","embeddable":true,"href":"https:\/\/kawasan.vn\/en\/wp-json\/wp\/v2\/product_cat?post=22960"},{"taxonomy":"product_tag","embeddable":true,"href":"https:\/\/kawasan.vn\/en\/wp-json\/wp\/v2\/product_tag?post=22960"}],"curies":[{"name":"wp","href":"https:\/\/api.w.org\/{rel}","templated":true}]}}