{"id":22933,"date":"2025-04-29T09:59:01","date_gmt":"2025-04-29T02:59:01","guid":{"rendered":"https:\/\/kawasan.vn\/?post_type=product&#038;p=22933"},"modified":"2025-04-29T09:59:02","modified_gmt":"2025-04-29T02:59:02","slug":"phu-kien-bo-trung-tam-bao-ga-gl04","status":"publish","type":"product","link":"https:\/\/kawasan.vn\/en\/product\/phu-kien-bo-trung-tam-bao-ga-gl04\/","title":{"rendered":"Ph\u1ee5 Ki\u1ec7n B\u1ed9 Trung T\u00e2m B\u00e1o Ga GL04"},"content":{"rendered":"<p>Thi\u1ebft b\u1ecb b\u00e1o ga GL04\u00a0s\u1eed d\u1ee5ng t\u1ea7n s\u1ed1 433Mhz\u00a0k\u1ebft h\u1ee3p v\u1edbi b\u1ed9 trung t\u00e2m, m\u1ee5c \u0111\u00edch b\u00e1o cho ch\u1ee7 nh\u00e0 bi\u1ebft tr\u01b0\u1eddng h\u1ee3p b\u00ecnh ga r\u00f2 r\u1ec9, x\u00ec ga, b\u1ea3o v\u1ec7 t\u00e0i s\u1ea3n,\u00a0ng\u00f4i nh\u00e0, an to\u00e0n con ng\u01b0\u1eddi.<\/p>","protected":false},"excerpt":{"rendered":"<p>Thi\u1ebft b\u1ecb b\u00e1o ga GL04\u00a0s\u1eed d\u1ee5ng t\u1ea7n s\u1ed1 433Mhz\u00a0k\u1ebft h\u1ee3p v\u1edbi b\u1ed9 trung t\u00e2m, m\u1ee5c \u0111\u00edch b\u00e1o cho ch\u1ee7 nh\u00e0 bi\u1ebft tr\u01b0\u1eddng h\u1ee3p b\u00ecnh ga r\u00f2 r\u1ec9, x\u00ec ga, b\u1ea3o v\u1ec7 t\u00e0i s\u1ea3n,\u00a0ng\u00f4i nh\u00e0, an to\u00e0n con ng\u01b0\u1eddi.<\/p>","protected":false},"featured_media":22937,"comment_status":"open","ping_status":"closed","template":"","meta":{"_yoast_wpseo_focuskw":"","_yoast_wpseo_metadesc":"","_yoast_wpseo_focuskeywords":"","_yoast_wpseo_keyword_synonyms":""},"product_cat":[15],"product_tag":[],"class_list":["post-22933","product","type-product","status-publish","has-post-thumbnail","hentry","product_cat-cong-tac-cam-ung-chuyen-dong"],"acf":[],"yoast_head":"<!-- This site is optimized with the Yoast SEO Premium plugin v24.9 (Yoast SEO v24.9) - https:\/\/yoast.com\/wordpress\/plugins\/seo\/ -->\n<title>Ph\u1ee5 Ki\u1ec7n B\u1ed9 Trung T\u00e2m B\u00e1o Ga GL04 - Kawasan<\/title>\n<meta name=\"robots\" content=\"index, follow, max-snippet:-1, max-image-preview:large, max-video-preview:-1\" \/>\n<link rel=\"canonical\" href=\"https:\/\/kawasan.vn\/en\/product\/phu-kien-bo-trung-tam-bao-ga-gl04\/\" \/>\n<meta property=\"og:locale\" content=\"en_US\" \/>\n<meta property=\"og:type\" content=\"article\" \/>\n<meta property=\"og:title\" content=\"Ph\u1ee5 Ki\u1ec7n B\u1ed9 Trung T\u00e2m B\u00e1o Ga GL04\" \/>\n<meta property=\"og:description\" content=\"Thi\u1ebft b\u1ecb b\u00e1o ga GL04\u00a0s\u1eed d\u1ee5ng t\u1ea7n s\u1ed1 433Mhz\u00a0k\u1ebft h\u1ee3p v\u1edbi b\u1ed9 trung t\u00e2m, m\u1ee5c \u0111\u00edch b\u00e1o cho ch\u1ee7 nh\u00e0 bi\u1ebft tr\u01b0\u1eddng h\u1ee3p b\u00ecnh ga r\u00f2 r\u1ec9, x\u00ec ga, b\u1ea3o v\u1ec7 t\u00e0i s\u1ea3n,\u00a0ng\u00f4i nh\u00e0, an to\u00e0n con ng\u01b0\u1eddi.\" \/>\n<meta property=\"og:url\" content=\"https:\/\/kawasan.vn\/en\/product\/phu-kien-bo-trung-tam-bao-ga-gl04\/\" \/>\n<meta property=\"og:site_name\" content=\"Kawasan\" \/>\n<meta property=\"article:modified_time\" content=\"2025-04-29T02:59:02+00:00\" \/>\n<meta property=\"og:image\" content=\"https:\/\/kawasan.vn\/wp-content\/uploads\/2025\/04\/gl04.jpg\" \/>\n\t<meta property=\"og:image:width\" content=\"600\" \/>\n\t<meta property=\"og:image:height\" content=\"600\" \/>\n\t<meta property=\"og:image:type\" content=\"image\/jpeg\" \/>\n<meta name=\"twitter:card\" content=\"summary_large_image\" \/>\n<meta name=\"twitter:label1\" content=\"Est. reading time\" \/>\n\t<meta name=\"twitter:data1\" content=\"1 minute\" \/>\n<script type=\"application\/ld+json\" class=\"yoast-schema-graph\">{\"@context\":\"https:\/\/schema.org\",\"@graph\":[{\"@type\":\"WebPage\",\"@id\":\"https:\/\/kawasan.vn\/san-pham\/phu-kien-bo-trung-tam-bao-ga-gl04\/\",\"url\":\"https:\/\/kawasan.vn\/san-pham\/phu-kien-bo-trung-tam-bao-ga-gl04\/\",\"name\":\"Ph\u1ee5 Ki\u1ec7n B\u1ed9 Trung T\u00e2m B\u00e1o Ga GL04 - Kawasan\",\"isPartOf\":{\"@id\":\"https:\/\/kawasan.vn\/#website\"},\"primaryImageOfPage\":{\"@id\":\"https:\/\/kawasan.vn\/san-pham\/phu-kien-bo-trung-tam-bao-ga-gl04\/#primaryimage\"},\"image\":{\"@id\":\"https:\/\/kawasan.vn\/san-pham\/phu-kien-bo-trung-tam-bao-ga-gl04\/#primaryimage\"},\"thumbnailUrl\":\"https:\/\/kawasan.vn\/wp-content\/uploads\/2025\/04\/gl04.jpg\",\"datePublished\":\"2025-04-29T02:59:01+00:00\",\"dateModified\":\"2025-04-29T02:59:02+00:00\",\"breadcrumb\":{\"@id\":\"https:\/\/kawasan.vn\/san-pham\/phu-kien-bo-trung-tam-bao-ga-gl04\/#breadcrumb\"},\"inLanguage\":\"en-US\",\"potentialAction\":[{\"@type\":\"ReadAction\",\"target\":[\"https:\/\/kawasan.vn\/san-pham\/phu-kien-bo-trung-tam-bao-ga-gl04\/\"]}]},{\"@type\":\"ImageObject\",\"inLanguage\":\"en-US\",\"@id\":\"https:\/\/kawasan.vn\/san-pham\/phu-kien-bo-trung-tam-bao-ga-gl04\/#primaryimage\",\"url\":\"https:\/\/kawasan.vn\/wp-content\/uploads\/2025\/04\/gl04.jpg\",\"contentUrl\":\"https:\/\/kawasan.vn\/wp-content\/uploads\/2025\/04\/gl04.jpg\",\"width\":600,\"height\":600,\"caption\":\"Ph\u1ee5 Ki\u1ec7n B\u1ed9 Trung T\u00e2m B\u00e1o Gas GL04\"},{\"@type\":\"BreadcrumbList\",\"@id\":\"https:\/\/kawasan.vn\/san-pham\/phu-kien-bo-trung-tam-bao-ga-gl04\/#breadcrumb\",\"itemListElement\":[{\"@type\":\"ListItem\",\"position\":1,\"name\":\"Trang ch\u1ee7\",\"item\":\"https:\/\/kawasan.vn\/\"},{\"@type\":\"ListItem\",\"position\":2,\"name\":\"S\u1ea3n ph\u1ea9m\",\"item\":\"https:\/\/kawasan.vn\/san-pham\/\"},{\"@type\":\"ListItem\",\"position\":3,\"name\":\"Ph\u1ee5 Ki\u1ec7n B\u1ed9 Trung T\u00e2m B\u00e1o Ga GL04\"}]},{\"@type\":\"WebSite\",\"@id\":\"https:\/\/kawasan.vn\/#website\",\"url\":\"https:\/\/kawasan.vn\/\",\"name\":\"Kawasan\",\"description\":\"\",\"potentialAction\":[{\"@type\":\"SearchAction\",\"target\":{\"@type\":\"EntryPoint\",\"urlTemplate\":\"https:\/\/kawasan.vn\/?s={search_term_string}\"},\"query-input\":{\"@type\":\"PropertyValueSpecification\",\"valueRequired\":true,\"valueName\":\"search_term_string\"}}],\"inLanguage\":\"en-US\"}]}<\/script>\n<!-- \/ Yoast SEO Premium plugin. -->","yoast_head_json":{"title":"Ph\u1ee5 Ki\u1ec7n B\u1ed9 Trung T\u00e2m B\u00e1o Ga GL04 - Kawasan","robots":{"index":"index","follow":"follow","max-snippet":"max-snippet:-1","max-image-preview":"max-image-preview:large","max-video-preview":"max-video-preview:-1"},"canonical":"https:\/\/kawasan.vn\/en\/product\/phu-kien-bo-trung-tam-bao-ga-gl04\/","og_locale":"en_US","og_type":"article","og_title":"Ph\u1ee5 Ki\u1ec7n B\u1ed9 Trung T\u00e2m B\u00e1o Ga GL04","og_description":"Thi\u1ebft b\u1ecb b\u00e1o ga GL04\u00a0s\u1eed d\u1ee5ng t\u1ea7n s\u1ed1 433Mhz\u00a0k\u1ebft h\u1ee3p v\u1edbi b\u1ed9 trung t\u00e2m, m\u1ee5c \u0111\u00edch b\u00e1o cho ch\u1ee7 nh\u00e0 bi\u1ebft tr\u01b0\u1eddng h\u1ee3p b\u00ecnh ga r\u00f2 r\u1ec9, x\u00ec ga, b\u1ea3o v\u1ec7 t\u00e0i s\u1ea3n,\u00a0ng\u00f4i nh\u00e0, an to\u00e0n con ng\u01b0\u1eddi.","og_url":"https:\/\/kawasan.vn\/en\/product\/phu-kien-bo-trung-tam-bao-ga-gl04\/","og_site_name":"Kawasan","article_modified_time":"2025-04-29T02:59:02+00:00","og_image":[{"width":600,"height":600,"url":"https:\/\/kawasan.vn\/wp-content\/uploads\/2025\/04\/gl04.jpg","type":"image\/jpeg"}],"twitter_card":"summary_large_image","twitter_misc":{"Est. reading time":"1 minute"},"schema":{"@context":"https:\/\/schema.org","@graph":[{"@type":"WebPage","@id":"https:\/\/kawasan.vn\/san-pham\/phu-kien-bo-trung-tam-bao-ga-gl04\/","url":"https:\/\/kawasan.vn\/san-pham\/phu-kien-bo-trung-tam-bao-ga-gl04\/","name":"Ph\u1ee5 Ki\u1ec7n B\u1ed9 Trung T\u00e2m B\u00e1o Ga GL04 - Kawasan","isPartOf":{"@id":"https:\/\/kawasan.vn\/#website"},"primaryImageOfPage":{"@id":"https:\/\/kawasan.vn\/san-pham\/phu-kien-bo-trung-tam-bao-ga-gl04\/#primaryimage"},"image":{"@id":"https:\/\/kawasan.vn\/san-pham\/phu-kien-bo-trung-tam-bao-ga-gl04\/#primaryimage"},"thumbnailUrl":"https:\/\/kawasan.vn\/wp-content\/uploads\/2025\/04\/gl04.jpg","datePublished":"2025-04-29T02:59:01+00:00","dateModified":"2025-04-29T02:59:02+00:00","breadcrumb":{"@id":"https:\/\/kawasan.vn\/san-pham\/phu-kien-bo-trung-tam-bao-ga-gl04\/#breadcrumb"},"inLanguage":"en-US","potentialAction":[{"@type":"ReadAction","target":["https:\/\/kawasan.vn\/san-pham\/phu-kien-bo-trung-tam-bao-ga-gl04\/"]}]},{"@type":"ImageObject","inLanguage":"en-US","@id":"https:\/\/kawasan.vn\/san-pham\/phu-kien-bo-trung-tam-bao-ga-gl04\/#primaryimage","url":"https:\/\/kawasan.vn\/wp-content\/uploads\/2025\/04\/gl04.jpg","contentUrl":"https:\/\/kawasan.vn\/wp-content\/uploads\/2025\/04\/gl04.jpg","width":600,"height":600,"caption":"Ph\u1ee5 Ki\u1ec7n B\u1ed9 Trung T\u00e2m B\u00e1o Gas GL04"},{"@type":"BreadcrumbList","@id":"https:\/\/kawasan.vn\/san-pham\/phu-kien-bo-trung-tam-bao-ga-gl04\/#breadcrumb","itemListElement":[{"@type":"ListItem","position":1,"name":"Trang ch\u1ee7","item":"https:\/\/kawasan.vn\/"},{"@type":"ListItem","position":2,"name":"S\u1ea3n ph\u1ea9m","item":"https:\/\/kawasan.vn\/san-pham\/"},{"@type":"ListItem","position":3,"name":"Ph\u1ee5 Ki\u1ec7n B\u1ed9 Trung T\u00e2m B\u00e1o Ga GL04"}]},{"@type":"WebSite","@id":"https:\/\/kawasan.vn\/#website","url":"https:\/\/kawasan.vn\/","name":"Kawasan","description":"","potentialAction":[{"@type":"SearchAction","target":{"@type":"EntryPoint","urlTemplate":"https:\/\/kawasan.vn\/?s={search_term_string}"},"query-input":{"@type":"PropertyValueSpecification","valueRequired":true,"valueName":"search_term_string"}}],"inLanguage":"en-US"}]}},"_links":{"self":[{"href":"https:\/\/kawasan.vn\/en\/wp-json\/wp\/v2\/product\/22933","targetHints":{"allow":["GET"]}}],"collection":[{"href":"https:\/\/kawasan.vn\/en\/wp-json\/wp\/v2\/product"}],"about":[{"href":"https:\/\/kawasan.vn\/en\/wp-json\/wp\/v2\/types\/product"}],"replies":[{"embeddable":true,"href":"https:\/\/kawasan.vn\/en\/wp-json\/wp\/v2\/comments?post=22933"}],"version-history":[{"count":1,"href":"https:\/\/kawasan.vn\/en\/wp-json\/wp\/v2\/product\/22933\/revisions"}],"predecessor-version":[{"id":22938,"href":"https:\/\/kawasan.vn\/en\/wp-json\/wp\/v2\/product\/22933\/revisions\/22938"}],"wp:featuredmedia":[{"embeddable":true,"href":"https:\/\/kawasan.vn\/en\/wp-json\/wp\/v2\/media\/22937"}],"wp:attachment":[{"href":"https:\/\/kawasan.vn\/en\/wp-json\/wp\/v2\/media?parent=22933"}],"wp:term":[{"taxonomy":"product_cat","embeddable":true,"href":"https:\/\/kawasan.vn\/en\/wp-json\/wp\/v2\/product_cat?post=22933"},{"taxonomy":"product_tag","embeddable":true,"href":"https:\/\/kawasan.vn\/en\/wp-json\/wp\/v2\/product_tag?post=22933"}],"curies":[{"name":"wp","href":"https:\/\/api.w.org\/{rel}","templated":true}]}}