{"id":22919,"date":"2025-04-29T09:32:37","date_gmt":"2025-04-29T02:32:37","guid":{"rendered":"https:\/\/kawasan.vn\/?post_type=product&#038;p=22919"},"modified":"2025-04-29T09:32:55","modified_gmt":"2025-04-29T02:32:55","slug":"he-thong-goi-phuc-vu-kw-cw6","status":"publish","type":"product","link":"https:\/\/kawasan.vn\/en\/product\/he-thong-goi-phuc-vu-kw-cw6\/","title":{"rendered":"KW-CW6 Service Call System"},"content":{"rendered":"<div id=\"attachment_12695\" class=\"wp-caption aligncenter\">\n<p class=\"wp-caption-text\"><strong>\u0110\u1ed3ng h\u1ed3 ki\u1ec3m so\u00e1t ph\u1ee5c v\u1ee5 d\u00e0nh cho qu\u1ea3n l\u00fd\u00a0KW-CW6:<\/strong><\/p>\n<\/div>\n<ul>\n<li>\u0110\u1ed3ng h\u1ed3 ki\u1ec3m so\u00e1t ph\u1ee5c v\u1ee5 d\u00e0nh cho qu\u1ea3n l\u00fd\u00a0<strong>KW-CW6<\/strong>\u00a0ti\u1ec7n d\u1ee5ng mang theo cho qu\u1ea3n l\u00fd theo d\u00f5i l\u1ecbch s\u1eed kh\u00e1ch g\u1ecdi ph\u1ee5c v\u1ee5<\/li>\n<li>\u0110\u1ed3ng h\u1ed3 ki\u1ec3m so\u00e1t ph\u1ee5c v\u1ee5 d\u00e0nh cho qu\u1ea3n l\u00fd\u00a0<strong>KW-CW6<\/strong>\u00a0gi\u00fap qu\u1ea3n l\u00fd ki\u1ec3m so\u00e1t \u0111\u01b0\u1ee3c c\u00f4ng vi\u1ec7c \u0111ang di\u1ec5n ra , nhanh ch\u00f3ng x\u1eed l\u00fd c\u00e1c t\u00ednh hu\u1ed1ng x\u1ea3y ra<\/li>\n<li>\u0110\u1ed3ng h\u1ed3 ki\u1ec3m so\u00e1t ph\u1ee5c v\u1ee5\u00a0<strong>KW-CW6<\/strong>\u00a0c\u00f3 m\u1eabu m\u00e3 \u0111\u1eb9p, th\u1eddi trang r\u1ea5t \u0111\u01b0\u1ee3c \u01b0a chu\u1ed9ng!!!!!<\/li>\n<li>B\u1ea1n l\u00e0 qu\u1ea3n l\u00fd cho m\u1ed9t nh\u00e0 h\u00e0ng, c\u1ee7a h\u00e0ng,\u2026 \u00a0b\u1ea1n lu\u00f4n ph\u1ea3i b\u1eadn r\u1ed9n v\u1edbi r\u1ea5t nhi\u1ec1u c\u00f4ng vi\u1ec7c \u1edf c\u00e1c v\u1ecb tr\u00ed kh\u00e1c nhau m\u00e0 kh\u00f4ng th\u1ec3 n\u00e0o \u0111\u1ec3 \u00fd \u0111\u01b0\u1ee3c c\u00e1c ho\u1ea1t \u0111\u1ed9ng v\u1edbi kh\u00e1ch h\u00e0ng \u0111ang di\u1ec5n ra. Xin gi\u1edbi thi\u1ec7u cho b\u1ea1n chi\u1ebfc \u0111\u1ed3ng h\u1ed3 ki\u1ec3m so\u00e1t ch\u1ec9 d\u00e0nh cho qu\u1ea3n l\u00fd \u00a0<strong>KW-CW6<\/strong>\u00a0s\u1ebd mang l\u1ea1i r\u1ea5t nhi\u1ec1u l\u1ee3i \u00edch cho b\u1ea1n trong c\u00f4ng vi\u1ec7c.<\/li>\n<\/ul>\n<p><img decoding=\"async\" src=\"http:\/\/kawasan.com.vn\/image\/data\/Goi%20phuc%20vu\/CW6\/dong-ho-hien-thi-3-so-mt-41d.jpg\" alt=\"\" data-cke-saved-src=\"https:\/\/kawasan.vn\/wp-content\/uploads\/2025\/04\/dong-ho-hien-thi-3-so-mt-41d.jpg\" \/><\/p>\n<p><img decoding=\"async\" src=\"http:\/\/kawasan.com.vn\/image\/data\/Goi%20phuc%20vu\/CW6\/MT41D4.jpg\" alt=\"\" data-cke-saved-src=\"https:\/\/kawasan.vn\/wp-content\/uploads\/2025\/04\/MT41D4.jpg\" \/><\/p>\n<p><img decoding=\"async\" src=\"http:\/\/kawasan.com.vn\/image\/data\/Goi%20phuc%20vu\/CW6\/3.jpg\" alt=\"\" data-cke-saved-src=\"https:\/\/kawasan.vn\/wp-content\/uploads\/2025\/04\/2_3.jpg\" \/><\/p>\n<p><img decoding=\"async\" src=\"http:\/\/kawasan.com.vn\/image\/data\/Goi%20phuc%20vu\/CW6\/1.1.jpg\" alt=\"\" data-cke-saved-src=\"https:\/\/kawasan.vn\/wp-content\/uploads\/2025\/04\/1.1.jpg\" \/><\/p>\n<p><img decoding=\"async\" src=\"http:\/\/kawasan.com.vn\/image\/data\/Goi%20phuc%20vu\/CW6\/nha-hang-matadorx.jpg\" alt=\"\" data-cke-saved-src=\"https:\/\/kawasan.vn\/wp-content\/uploads\/2025\/04\/nha-hang-matadorx.jpg\" \/><\/p>\n<p><img decoding=\"async\" src=\"http:\/\/kawasan.com.vn\/image\/data\/Goi%20phuc%20vu\/CW6\/dh2xe.jpg\" alt=\"\" data-cke-saved-src=\"https:\/\/kawasan.vn\/wp-content\/uploads\/2025\/04\/dh2xe.jpg\" \/><\/p>","protected":false},"excerpt":{"rendered":"<p>\u0110\u1ed3ng h\u1ed3 ki\u1ec3m so\u00e1t ph\u1ee5c v\u1ee5 d\u00e0nh cho qu\u1ea3n l\u00fd\u00a0KW-CW6: \u0110\u1ed3ng h\u1ed3 ki\u1ec3m so\u00e1t ph\u1ee5c v\u1ee5 d\u00e0nh cho qu\u1ea3n l\u00fd\u00a0KW-CW6\u00a0ti\u1ec7n d\u1ee5ng mang theo cho qu\u1ea3n l\u00fd theo d\u00f5i l\u1ecbch s\u1eed kh\u00e1ch g\u1ecdi ph\u1ee5c v\u1ee5 \u0110\u1ed3ng h\u1ed3 ki\u1ec3m so\u00e1t ph\u1ee5c v\u1ee5 d\u00e0nh cho qu\u1ea3n l\u00fd\u00a0KW-CW6\u00a0gi\u00fap qu\u1ea3n l\u00fd ki\u1ec3m so\u00e1t \u0111\u01b0\u1ee3c c\u00f4ng vi\u1ec7c \u0111ang di\u1ec5n ra , [&hellip;]<\/p>","protected":false},"featured_media":11784,"comment_status":"open","ping_status":"closed","template":"","meta":{"_yoast_wpseo_focuskw":"","_yoast_wpseo_metadesc":"","_yoast_wpseo_focuskeywords":"","_yoast_wpseo_keyword_synonyms":""},"product_cat":[15],"product_tag":[],"class_list":["post-22919","product","type-product","status-publish","has-post-thumbnail","hentry","product_cat-cong-tac-cam-ung-chuyen-dong"],"acf":[],"yoast_head":"<!-- This site is optimized with the Yoast SEO Premium plugin v24.9 (Yoast SEO v24.9) - https:\/\/yoast.com\/wordpress\/plugins\/seo\/ -->\n<title>H\u1ec7 Th\u1ed1ng G\u1ecdi Ph\u1ee5c V\u1ee5 KW-CW6 - Kawasan<\/title>\n<meta name=\"robots\" content=\"index, follow, max-snippet:-1, max-image-preview:large, max-video-preview:-1\" \/>\n<link rel=\"canonical\" href=\"https:\/\/kawasan.vn\/en\/product\/he-thong-goi-phuc-vu-kw-cw6\/\" \/>\n<meta property=\"og:locale\" content=\"en_US\" \/>\n<meta property=\"og:type\" content=\"article\" \/>\n<meta property=\"og:title\" content=\"H\u1ec7 Th\u1ed1ng G\u1ecdi Ph\u1ee5c V\u1ee5 KW-CW6\" \/>\n<meta property=\"og:description\" content=\"\u0110\u1ed3ng h\u1ed3 ki\u1ec3m so\u00e1t ph\u1ee5c v\u1ee5 d\u00e0nh cho qu\u1ea3n l\u00fd\u00a0KW-CW6: \u0110\u1ed3ng h\u1ed3 ki\u1ec3m so\u00e1t ph\u1ee5c v\u1ee5 d\u00e0nh cho qu\u1ea3n l\u00fd\u00a0KW-CW6\u00a0ti\u1ec7n d\u1ee5ng mang theo cho qu\u1ea3n l\u00fd theo d\u00f5i l\u1ecbch s\u1eed kh\u00e1ch g\u1ecdi ph\u1ee5c v\u1ee5 \u0110\u1ed3ng h\u1ed3 ki\u1ec3m so\u00e1t ph\u1ee5c v\u1ee5 d\u00e0nh cho qu\u1ea3n l\u00fd\u00a0KW-CW6\u00a0gi\u00fap qu\u1ea3n l\u00fd ki\u1ec3m so\u00e1t \u0111\u01b0\u1ee3c c\u00f4ng vi\u1ec7c \u0111ang di\u1ec5n ra , [&hellip;]\" \/>\n<meta property=\"og:url\" content=\"https:\/\/kawasan.vn\/en\/product\/he-thong-goi-phuc-vu-kw-cw6\/\" \/>\n<meta property=\"og:site_name\" content=\"Kawasan\" \/>\n<meta property=\"article:modified_time\" content=\"2025-04-29T02:32:55+00:00\" \/>\n<meta property=\"og:image\" content=\"https:\/\/kawasan.vn\/wp-content\/uploads\/2023\/11\/he-thong-goi-phuc-vu-kw-cw6_6555e2194c0d4.jpeg\" \/>\n\t<meta property=\"og:image:width\" content=\"600\" \/>\n\t<meta property=\"og:image:height\" content=\"600\" \/>\n\t<meta property=\"og:image:type\" content=\"image\/jpeg\" \/>\n<meta name=\"twitter:card\" content=\"summary_large_image\" \/>\n<meta name=\"twitter:label1\" content=\"Est. reading time\" \/>\n\t<meta name=\"twitter:data1\" content=\"3 minutes\" \/>\n<script type=\"application\/ld+json\" class=\"yoast-schema-graph\">{\"@context\":\"https:\/\/schema.org\",\"@graph\":[{\"@type\":\"WebPage\",\"@id\":\"https:\/\/kawasan.vn\/san-pham\/he-thong-goi-phuc-vu-kw-cw6\/\",\"url\":\"https:\/\/kawasan.vn\/san-pham\/he-thong-goi-phuc-vu-kw-cw6\/\",\"name\":\"H\u1ec7 Th\u1ed1ng G\u1ecdi Ph\u1ee5c V\u1ee5 KW-CW6 - Kawasan\",\"isPartOf\":{\"@id\":\"https:\/\/kawasan.vn\/#website\"},\"primaryImageOfPage\":{\"@id\":\"https:\/\/kawasan.vn\/san-pham\/he-thong-goi-phuc-vu-kw-cw6\/#primaryimage\"},\"image\":{\"@id\":\"https:\/\/kawasan.vn\/san-pham\/he-thong-goi-phuc-vu-kw-cw6\/#primaryimage\"},\"thumbnailUrl\":\"https:\/\/kawasan.vn\/wp-content\/uploads\/2023\/11\/he-thong-goi-phuc-vu-kw-cw6_6555e2194c0d4.jpeg\",\"datePublished\":\"2025-04-29T02:32:37+00:00\",\"dateModified\":\"2025-04-29T02:32:55+00:00\",\"breadcrumb\":{\"@id\":\"https:\/\/kawasan.vn\/san-pham\/he-thong-goi-phuc-vu-kw-cw6\/#breadcrumb\"},\"inLanguage\":\"en-US\",\"potentialAction\":[{\"@type\":\"ReadAction\",\"target\":[\"https:\/\/kawasan.vn\/san-pham\/he-thong-goi-phuc-vu-kw-cw6\/\"]}]},{\"@type\":\"ImageObject\",\"inLanguage\":\"en-US\",\"@id\":\"https:\/\/kawasan.vn\/san-pham\/he-thong-goi-phuc-vu-kw-cw6\/#primaryimage\",\"url\":\"https:\/\/kawasan.vn\/wp-content\/uploads\/2023\/11\/he-thong-goi-phuc-vu-kw-cw6_6555e2194c0d4.jpeg\",\"contentUrl\":\"https:\/\/kawasan.vn\/wp-content\/uploads\/2023\/11\/he-thong-goi-phuc-vu-kw-cw6_6555e2194c0d4.jpeg\",\"width\":600,\"height\":600,\"caption\":\"KW-CW6\"},{\"@type\":\"BreadcrumbList\",\"@id\":\"https:\/\/kawasan.vn\/san-pham\/he-thong-goi-phuc-vu-kw-cw6\/#breadcrumb\",\"itemListElement\":[{\"@type\":\"ListItem\",\"position\":1,\"name\":\"Trang ch\u1ee7\",\"item\":\"https:\/\/kawasan.vn\/\"},{\"@type\":\"ListItem\",\"position\":2,\"name\":\"S\u1ea3n ph\u1ea9m\",\"item\":\"https:\/\/kawasan.vn\/san-pham\/\"},{\"@type\":\"ListItem\",\"position\":3,\"name\":\"H\u1ec7 Th\u1ed1ng G\u1ecdi Ph\u1ee5c V\u1ee5 KW-CW6\"}]},{\"@type\":\"WebSite\",\"@id\":\"https:\/\/kawasan.vn\/#website\",\"url\":\"https:\/\/kawasan.vn\/\",\"name\":\"Kawasan\",\"description\":\"\",\"potentialAction\":[{\"@type\":\"SearchAction\",\"target\":{\"@type\":\"EntryPoint\",\"urlTemplate\":\"https:\/\/kawasan.vn\/?s={search_term_string}\"},\"query-input\":{\"@type\":\"PropertyValueSpecification\",\"valueRequired\":true,\"valueName\":\"search_term_string\"}}],\"inLanguage\":\"en-US\"}]}<\/script>\n<!-- \/ Yoast SEO Premium plugin. -->","yoast_head_json":{"title":"H\u1ec7 Th\u1ed1ng G\u1ecdi Ph\u1ee5c V\u1ee5 KW-CW6 - Kawasan","robots":{"index":"index","follow":"follow","max-snippet":"max-snippet:-1","max-image-preview":"max-image-preview:large","max-video-preview":"max-video-preview:-1"},"canonical":"https:\/\/kawasan.vn\/en\/product\/he-thong-goi-phuc-vu-kw-cw6\/","og_locale":"en_US","og_type":"article","og_title":"H\u1ec7 Th\u1ed1ng G\u1ecdi Ph\u1ee5c V\u1ee5 KW-CW6","og_description":"\u0110\u1ed3ng h\u1ed3 ki\u1ec3m so\u00e1t ph\u1ee5c v\u1ee5 d\u00e0nh cho qu\u1ea3n l\u00fd\u00a0KW-CW6: \u0110\u1ed3ng h\u1ed3 ki\u1ec3m so\u00e1t ph\u1ee5c v\u1ee5 d\u00e0nh cho qu\u1ea3n l\u00fd\u00a0KW-CW6\u00a0ti\u1ec7n d\u1ee5ng mang theo cho qu\u1ea3n l\u00fd theo d\u00f5i l\u1ecbch s\u1eed kh\u00e1ch g\u1ecdi ph\u1ee5c v\u1ee5 \u0110\u1ed3ng h\u1ed3 ki\u1ec3m so\u00e1t ph\u1ee5c v\u1ee5 d\u00e0nh cho qu\u1ea3n l\u00fd\u00a0KW-CW6\u00a0gi\u00fap qu\u1ea3n l\u00fd ki\u1ec3m so\u00e1t \u0111\u01b0\u1ee3c c\u00f4ng vi\u1ec7c \u0111ang di\u1ec5n ra , [&hellip;]","og_url":"https:\/\/kawasan.vn\/en\/product\/he-thong-goi-phuc-vu-kw-cw6\/","og_site_name":"Kawasan","article_modified_time":"2025-04-29T02:32:55+00:00","og_image":[{"width":600,"height":600,"url":"https:\/\/kawasan.vn\/wp-content\/uploads\/2023\/11\/he-thong-goi-phuc-vu-kw-cw6_6555e2194c0d4.jpeg","type":"image\/jpeg"}],"twitter_card":"summary_large_image","twitter_misc":{"Est. reading time":"3 minutes"},"schema":{"@context":"https:\/\/schema.org","@graph":[{"@type":"WebPage","@id":"https:\/\/kawasan.vn\/san-pham\/he-thong-goi-phuc-vu-kw-cw6\/","url":"https:\/\/kawasan.vn\/san-pham\/he-thong-goi-phuc-vu-kw-cw6\/","name":"H\u1ec7 Th\u1ed1ng G\u1ecdi Ph\u1ee5c V\u1ee5 KW-CW6 - Kawasan","isPartOf":{"@id":"https:\/\/kawasan.vn\/#website"},"primaryImageOfPage":{"@id":"https:\/\/kawasan.vn\/san-pham\/he-thong-goi-phuc-vu-kw-cw6\/#primaryimage"},"image":{"@id":"https:\/\/kawasan.vn\/san-pham\/he-thong-goi-phuc-vu-kw-cw6\/#primaryimage"},"thumbnailUrl":"https:\/\/kawasan.vn\/wp-content\/uploads\/2023\/11\/he-thong-goi-phuc-vu-kw-cw6_6555e2194c0d4.jpeg","datePublished":"2025-04-29T02:32:37+00:00","dateModified":"2025-04-29T02:32:55+00:00","breadcrumb":{"@id":"https:\/\/kawasan.vn\/san-pham\/he-thong-goi-phuc-vu-kw-cw6\/#breadcrumb"},"inLanguage":"en-US","potentialAction":[{"@type":"ReadAction","target":["https:\/\/kawasan.vn\/san-pham\/he-thong-goi-phuc-vu-kw-cw6\/"]}]},{"@type":"ImageObject","inLanguage":"en-US","@id":"https:\/\/kawasan.vn\/san-pham\/he-thong-goi-phuc-vu-kw-cw6\/#primaryimage","url":"https:\/\/kawasan.vn\/wp-content\/uploads\/2023\/11\/he-thong-goi-phuc-vu-kw-cw6_6555e2194c0d4.jpeg","contentUrl":"https:\/\/kawasan.vn\/wp-content\/uploads\/2023\/11\/he-thong-goi-phuc-vu-kw-cw6_6555e2194c0d4.jpeg","width":600,"height":600,"caption":"KW-CW6"},{"@type":"BreadcrumbList","@id":"https:\/\/kawasan.vn\/san-pham\/he-thong-goi-phuc-vu-kw-cw6\/#breadcrumb","itemListElement":[{"@type":"ListItem","position":1,"name":"Trang ch\u1ee7","item":"https:\/\/kawasan.vn\/"},{"@type":"ListItem","position":2,"name":"S\u1ea3n ph\u1ea9m","item":"https:\/\/kawasan.vn\/san-pham\/"},{"@type":"ListItem","position":3,"name":"H\u1ec7 Th\u1ed1ng G\u1ecdi Ph\u1ee5c V\u1ee5 KW-CW6"}]},{"@type":"WebSite","@id":"https:\/\/kawasan.vn\/#website","url":"https:\/\/kawasan.vn\/","name":"Kawasan","description":"","potentialAction":[{"@type":"SearchAction","target":{"@type":"EntryPoint","urlTemplate":"https:\/\/kawasan.vn\/?s={search_term_string}"},"query-input":{"@type":"PropertyValueSpecification","valueRequired":true,"valueName":"search_term_string"}}],"inLanguage":"en-US"}]}},"_links":{"self":[{"href":"https:\/\/kawasan.vn\/en\/wp-json\/wp\/v2\/product\/22919","targetHints":{"allow":["GET"]}}],"collection":[{"href":"https:\/\/kawasan.vn\/en\/wp-json\/wp\/v2\/product"}],"about":[{"href":"https:\/\/kawasan.vn\/en\/wp-json\/wp\/v2\/types\/product"}],"replies":[{"embeddable":true,"href":"https:\/\/kawasan.vn\/en\/wp-json\/wp\/v2\/comments?post=22919"}],"version-history":[{"count":1,"href":"https:\/\/kawasan.vn\/en\/wp-json\/wp\/v2\/product\/22919\/revisions"}],"predecessor-version":[{"id":22932,"href":"https:\/\/kawasan.vn\/en\/wp-json\/wp\/v2\/product\/22919\/revisions\/22932"}],"wp:featuredmedia":[{"embeddable":true,"href":"https:\/\/kawasan.vn\/en\/wp-json\/wp\/v2\/media\/11784"}],"wp:attachment":[{"href":"https:\/\/kawasan.vn\/en\/wp-json\/wp\/v2\/media?parent=22919"}],"wp:term":[{"taxonomy":"product_cat","embeddable":true,"href":"https:\/\/kawasan.vn\/en\/wp-json\/wp\/v2\/product_cat?post=22919"},{"taxonomy":"product_tag","embeddable":true,"href":"https:\/\/kawasan.vn\/en\/wp-json\/wp\/v2\/product_tag?post=22919"}],"curies":[{"name":"wp","href":"https:\/\/api.w.org\/{rel}","templated":true}]}}