{"id":22910,"date":"2025-04-29T09:21:30","date_gmt":"2025-04-29T02:21:30","guid":{"rendered":"https:\/\/kawasan.vn\/?post_type=product&#038;p=22910"},"modified":"2025-12-09T09:47:02","modified_gmt":"2025-12-09T02:47:02","slug":"hat-remote-dieu-khien-tu-xa-hat-phat-rm01-pnw","status":"publish","type":"product","link":"https:\/\/kawasan.vn\/en\/product\/hat-remote-dieu-khien-tu-xa-hat-phat-rm01-pnw\/","title":{"rendered":"H\u1ea1t Remote \u0111i\u1ec1u khi\u1ec3n t\u1eeb xa (H\u1ea1t Ph\u00e1t) RM01-PNW"},"content":{"rendered":"<div>\n<h2><span class=\"ez-toc-section\" id=\"HAT_REMOTE_DIEU_KHIEN_TU_XA_HAT_PHAT_RM01-PNW_LA_GI\"><\/span><strong>H\u1ea0T REMOTE \u0110I\u1ec0U KHI\u1ec2N T\u1eea XA (H\u1ea0T PH\u00c1T) RM01-PNW L\u00c0 G\u00cc?<\/strong><span class=\"ez-toc-section-end\"><\/span><\/h2><div id=\"ez-toc-container\" class=\"ez-toc-v2_0_69_1 counter-hierarchy ez-toc-counter ez-toc-grey ez-toc-container-direction\">\n<div class=\"ez-toc-title-container\">\n<p class=\"ez-toc-title\" >N\u1ed9i Dung B&agrave;i Vi\u1ebft<\/p>\n<span class=\"ez-toc-title-toggle\"><a href=\"#\" class=\"ez-toc-pull-right ez-toc-btn ez-toc-btn-xs ez-toc-btn-default ez-toc-toggle\" aria-label=\"Toggle Table of Content\"><span class=\"ez-toc-js-icon-con\"><span class=\"\"><span class=\"eztoc-hide\" style=\"display:none;\">Toggle<\/span><span class=\"ez-toc-icon-toggle-span\"><svg style=\"fill: #999;color:#999\" xmlns=\"http:\/\/www.w3.org\/2000\/svg\" class=\"list-377408\" width=\"20px\" height=\"20px\" viewbox=\"0 0 24 24\" fill=\"none\"><path d=\"M6 6H4v2h2V6zm14 0H8v2h12V6zM4 11h2v2H4v-2zm16 0H8v2h12v-2zM4 16h2v2H4v-2zm16 0H8v2h12v-2z\" fill=\"currentColor\"><\/path><\/svg><svg style=\"fill: #999;color:#999\" class=\"arrow-unsorted-368013\" xmlns=\"http:\/\/www.w3.org\/2000\/svg\" width=\"10px\" height=\"10px\" viewbox=\"0 0 24 24\" version=\"1.2\" baseprofile=\"tiny\"><path d=\"M18.2 9.3l-6.2-6.3-6.2 6.3c-.2.2-.3.4-.3.7s.1.5.3.7c.2.2.4.3.7.3h11c.3 0 .5-.1.7-.3.2-.2.3-.5.3-.7s-.1-.5-.3-.7zM5.8 14.7l6.2 6.3 6.2-6.3c.2-.2.3-.5.3-.7s-.1-.5-.3-.7c-.2-.2-.4-.3-.7-.3h-11c-.3 0-.5.1-.7.3-.2.2-.3.5-.3.7s.1.5.3.7z\"\/><\/svg><\/span><\/span><\/span><\/a><\/span><\/div>\n<nav><ul class='ez-toc-list ez-toc-list-level-1 eztoc-toggle-hide-by-default' ><li class='ez-toc-page-1 ez-toc-heading-level-2'><a class=\"ez-toc-link ez-toc-heading-1\" href=\"https:\/\/kawasan.vn\/en\/product\/hat-remote-dieu-khien-tu-xa-hat-phat-rm01-pnw\/#HAT_REMOTE_DIEU_KHIEN_TU_XA_HAT_PHAT_RM01-PNW_LA_GI\" title=\"H\u1ea0T REMOTE \u0110I\u1ec0U KHI\u1ec2N T\u1eea XA (H\u1ea0T PH\u00c1T) RM01-PNW L\u00c0 G\u00cc?\">H\u1ea0T REMOTE \u0110I\u1ec0U KHI\u1ec2N T\u1eea XA (H\u1ea0T PH\u00c1T) RM01-PNW L\u00c0 G\u00cc?<\/a><\/li><li class='ez-toc-page-1 ez-toc-heading-level-2'><a class=\"ez-toc-link ez-toc-heading-2\" href=\"https:\/\/kawasan.vn\/en\/product\/hat-remote-dieu-khien-tu-xa-hat-phat-rm01-pnw\/#DAC_DIEM_CUA_HAT_REMOTE_DIEU_KHIEN_TU_XA_HAT_PHAT_RM01PNW\" title=\"\u0110\u1eb6C \u0110I\u1ec2M C\u1ee6A H\u1ea0T REMOTE \u0110I\u1ec0U KHI\u1ec2N T\u1eea XA (H\u1ea0T PH\u00c1T) RM01PNW\">\u0110\u1eb6C \u0110I\u1ec2M C\u1ee6A H\u1ea0T REMOTE \u0110I\u1ec0U KHI\u1ec2N T\u1eea XA (H\u1ea0T PH\u00c1T) RM01PNW<\/a><\/li><li class='ez-toc-page-1 ez-toc-heading-level-2'><a class=\"ez-toc-link ez-toc-heading-3\" href=\"https:\/\/kawasan.vn\/en\/product\/hat-remote-dieu-khien-tu-xa-hat-phat-rm01-pnw\/#UNG_DUNG_VA_LOI_ICH\" title=\"\u1ee8NG D\u1ee4NG V\u00c0 L\u1ee2I \u00cdCH\">\u1ee8NG D\u1ee4NG V\u00c0 L\u1ee2I \u00cdCH<\/a><\/li><\/ul><\/nav><\/div>\n\n<\/div>\n<div>L\u00e0 lo\u1ea1i h\u1ea1t c\u00f4ng t\u1eafc t\u01b0\u01a1ng \u0111\u01b0\u01a1ng v\u1edbi 1 remote \u0111i\u1ec1u khi\u1ec3n t\u1eeb xa, lo\u1ea1i n\u00e0y c\u00f3 th\u1ec3 k\u1ebft n\u1ed1i v\u1edbi h\u1ea1t thu (RF02-PNW), kh\u00f4ng c\u00f3 ng\u00f5 ra n\u1ed1i v\u00e0o b\u1ea5t k\u1ef3 thi\u1ebft b\u1ecb n\u00e0o, ch\u1ec9 c\u00f3 ngu\u1ed3n c\u1ea5p v\u00e0o l\u00e0 220V, d\u00f9ng \u0111\u1ec3 t\u00edch h\u1ee3p v\u1edbi h\u1ea1t thu RF02-PNW \u0111\u1ec3 b\u1eadt t\u1eaft \u0111\u1ed5i chi\u1ec1u nhau. B\u00ean c\u1ea1nh \u0111\u00f3, h\u1ea1t ph\u00e1t n\u00e0y c\u00f2n t\u00edch h\u1ee3p v\u1edbi c\u00e1c c\u00f4ng t\u1eafc \u0111i\u1ec1u khi\u1ec3n t\u1eeb xa kh\u00e1c c\u1ee7a Kawasan l\u00e0 RF01D, RF01A, RF15B, RF15B2 \u0111\u1ec3 b\u1eadt \u0111\u00e8n, b\u01a1m, qu\u1ea1t, \u2026 t\u1eeb xa thay v\u00ec d\u00f9ng Remote th\u00f4ng th\u01b0\u1eddng (treo tr\u00ean t\u01b0\u1eddng, b\u1ecf t\u00fai qu\u1ea7n\u2026 c\u00f3 th\u1ec3 th\u1ea5t l\u1ea1c v\u00e0 kh\u00f4ng c\u00f3 t\u00ednh th\u1ea9m m\u1ef9 cao)\u2026V\u00ec h\u1ea1t thu n\u00e0y c\u00f3 th\u1ec3 l\u1eafp \u00e2m v\u00e0o m\u1eb7t c\u00f4ng t\u1eafc Panasonic Wide, l\u1eafp v\u00e0o \u0111\u1ebf \u00e2m ho\u1eb7c \u0111\u1ebf n\u1ed5i t\u01b0\u1eddng \u0111\u1ec1u \u0111\u01b0\u1ee3c, n\u00ean gi\u00fap t\u0103ng t\u00ednh ch\u1eafc ch\u1eafn v\u00e0 th\u1ea9m m\u1ef9 cho c\u00f4ng tr\u00ecnh.<\/div>\n<div><img decoding=\"async\" src=\"https:\/\/kawasan.com.vn\/image\/data\/wifi%208k\/%E1%BA%A2NH%20S%E1%BB%ACA\/cong-tac-am-tuong-cao-cap.jpg\" alt=\"\" data-cke-saved-src=\"https:\/\/kawasan.vn\/wp-content\/uploads\/2025\/04\/cong-tac-am-tuong-cao-cap.jpg\" \/><\/div>\n<div>C\u00f4ng t\u1eafc ph\u00e1t RM01-PNW<\/div>\n<h2><span class=\"ez-toc-section\" id=\"DAC_DIEM_CUA_HAT_REMOTE_DIEU_KHIEN_TU_XA_HAT_PHAT_RM01PNW\"><\/span><strong>\u0110\u1eb6C \u0110I\u1ec2M C\u1ee6A H\u1ea0T REMOTE \u0110I\u1ec0U KHI\u1ec2N T\u1eea XA (H\u1ea0T PH\u00c1T) RM01PNW<\/strong><span class=\"ez-toc-section-end\"><\/span><\/h2>\n<div>V\u1edbi thi\u1ebft k\u1ebf l\u1eafp \u00e2m t\u01b0\u1eddng, v\u1eeba v\u00e0o \u0111\u1ebf v\u00e0 m\u1eb7t c\u00f4ng t\u1eafc ch\u1eef nh\u1eadt c\u1ee7a h\u00e3ng Panasonic Wide ho\u1eb7c c\u00e1c lo\u1ea1i t\u01b0\u01a1ng t\u1ef1, d\u00f9ng \u0111\u1ec3 t\u1eaft\/b\u1eadt \u0111\u00e8n\u2026 t\u1ea1i ch\u1ed7 nh\u01b0 c\u00e1c c\u00f4ng t\u1eafc c\u01a1 th\u00f4ng th\u01b0\u1eddng v\u1edbi c\u00f4ng ngh\u1ec7 c\u1ea3m \u1ee9ng ch\u1ea1m v\u00e0 c\u00f3 \u0111\u00e8n b\u00e1o tr\u1ea1ng th\u00e1i, ch\u00fang c\u00f3 th\u1ec3 t\u00edch h\u1ee3p v\u1edbi nhau \u0111\u1ec3 l\u00e0m c\u00f4ng t\u1eafc \u0111\u1ea3o chi\u1ec1u ho\u1eb7c th\u00eam Remote \u0111i\u1ec3u khi\u1ec3n t\u1eeb xa kh\u00e1c (RM2A, RM01B, RM02C, RM12D\u2026) \u0111\u1ec3 thu\u1eadn ti\u1ec7n cho vi\u1ec7c b\u1eadt t\u1eaft t\u1eeb xa nh\u01b0 \u0111\u00e8n ngo\u00e0i v\u01b0\u1eddn, ban c\u00f4ng cao, c\u00f4ng tr\u00ecnh, l\u00e1n tr\u1ea1i xa n\u01a1i \u1edf, kho\u1ea3ng c\u00e1ch c\u00f3 th\u1ec3 l\u00ean \u0111\u1ebfn 100-200m (n\u1ebfu kh\u00f4ng c\u00f3 v\u1eadt c\u1ea3n v\u00e0 kh\u00f4ng b\u1ecb nhi\u1ec5u s\u00f3ng Radio, wifi t\u1ea1i v\u1ecb tr\u00ed l\u1eafp).<\/div>\n<div><\/div>\n<div id=\"attachment_4537\" class=\"wp-caption aligncenter\">\n<p><img decoding=\"async\" class=\"wp-image-4537\" src=\"https:\/\/kawasan.vn\/wp-content\/uploads\/2025\/04\/cong-tac-am-tuong-3.png\" alt=\"Cong Tac Am Tuong (3)\" aria-describedby=\"caption-attachment-4537\" data-cke-saved-src=\"https:\/\/kawasan.vn\/wp-content\/uploads\/2025\/04\/cong-tac-am-tuong-3.png\" \/><\/p>\n<p id=\"caption-attachment-4537\" class=\"wp-caption-text\">Thi\u1ebft k\u1ebf l\u1eafp \u00e2m t\u01b0\u1eddng v\u1eeba v\u1edbi m\u1eb7t c\u00f4ng t\u1eafc ch\u1eef nh\u1eadt c\u1ee7a h\u00e3ng Panasonic Wide v\u00e0 c\u00e1c h\u00e3ng kh\u00e1c<\/p>\n<\/div>\n<h2><span class=\"ez-toc-section\" id=\"UNG_DUNG_VA_LOI_ICH\"><\/span><strong>\u1ee8NG D\u1ee4NG V\u00c0 L\u1ee2I \u00cdCH<\/strong><span class=\"ez-toc-section-end\"><\/span><\/h2>\n<div>\u1ee8ng d\u1ee5ng v\u00e0 l\u1ee3i \u00edch c\u1ee7a h\u1ea1t thu n\u00e0y l\u00e0 l\u1eafp thay th\u1ebf c\u00f4ng t\u1eafc 2 chi\u1ec1u cho c\u1ea7u thang, ph\u00f2ng ng\u1ee7, showroom, b\u00e0n ti\u1ebfp t\u00e2n, ph\u00f2ng b\u1ea3o v\u1ec7\u2026\u0111\u1ec3 thu\u1eadn ti\u1ec7n\u00a0 t\u1eaft, b\u1eadt \u0111\u00e8n khi c\u1ea7n thi\u1ebft. Tr\u00e1nh tr\u01b0\u1eddng h\u1ee3p qu\u00ean ho\u1eb7c nh\u1eefng l\u00fac ng\u1ea1i \u0111i l\u1ea1i b\u1eadt \/ t\u1eaft \u0111\u00e8n g\u00e2y t\u1ed1i ho\u1eb7c l\u00e3ng ph\u00ed \u0111i\u1ec7n khi kh\u00f4ng th\u1ef1c s\u1ef1 c\u1ea7n thi\u1ebft\u2026<\/div>\n<div><\/div>\n<div><img loading=\"lazy\" decoding=\"async\" class=\"aligncenter wp-image-4535\" src=\"https:\/\/kawasan.vn\/wp-content\/uploads\/2025\/04\/cong-tac-am-tuong-2-scaled.jpg\" alt=\"Cong Tac Am Tuong (2)\" width=\"600\" height=\"400\" data-cke-saved-src=\"https:\/\/kawasan.vn\/wp-content\/uploads\/2025\/04\/cong-tac-am-tuong-2-scaled.jpg\" \/><\/div>\n<div><img loading=\"lazy\" decoding=\"async\" class=\"wp-image-4533 aligncenter\" src=\"https:\/\/kawasan.vn\/wp-content\/uploads\/2025\/04\/cong-tac-am-tuong-1.jpg\" alt=\"Cong Tac Am Tuong (1)\" width=\"600\" height=\"422\" data-cke-saved-src=\"https:\/\/kawasan.vn\/wp-content\/uploads\/2025\/04\/cong-tac-am-tuong-1.jpg\" \/><\/div>\n<div><\/div>\n<div>\n<p style=\"text-align: center;\"><strong>Thank you for trusting Kawasan products!<\/strong><\/p>\n<p style=\"text-align: center;\"><strong>Toll-Free Consulting Hotline:\u00a0<\/strong><strong>1800 0058<\/strong><\/p>\n<p style=\"text-align: center;\" align=\"center\"><strong>Trang web:\u00a0\u00a0<\/strong><a href=\"https:\/\/kawasan.vn\/en\/\"><strong>www.kawasan.vn<\/strong><\/a><\/p>\n<p style=\"text-align: center;\" align=\"center\"><strong>Trang web:\u00a0\u00a0<\/strong><a href=\"https:\/\/kawaled.com.vn\/\"><strong>www.kawaled.com.vn<\/strong><\/a><\/p>\n<\/div>","protected":false},"excerpt":{"rendered":"<p>H\u1ea0T REMOTE \u0110I\u1ec0U KHI\u1ec2N T\u1eea XA (H\u1ea0T PH\u00c1T) RM01-PNW L\u00c0 G\u00cc? L\u00e0 lo\u1ea1i h\u1ea1t c\u00f4ng t\u1eafc t\u01b0\u01a1ng \u0111\u01b0\u01a1ng v\u1edbi 1 remote \u0111i\u1ec1u khi\u1ec3n t\u1eeb xa, lo\u1ea1i n\u00e0y c\u00f3 th\u1ec3 k\u1ebft n\u1ed1i v\u1edbi h\u1ea1t thu (RF02-PNW), kh\u00f4ng c\u00f3 ng\u00f5 ra n\u1ed1i v\u00e0o b\u1ea5t k\u1ef3 thi\u1ebft b\u1ecb n\u00e0o, ch\u1ec9 c\u00f3 ngu\u1ed3n c\u1ea5p v\u00e0o l\u00e0 220V, d\u00f9ng \u0111\u1ec3 [&hellip;]<\/p>","protected":false},"featured_media":28879,"comment_status":"open","ping_status":"closed","template":"","meta":{"_yoast_wpseo_focuskw":"","_yoast_wpseo_metadesc":"","_yoast_wpseo_focuskeywords":"","_yoast_wpseo_keyword_synonyms":""},"product_cat":[15],"product_tag":[],"class_list":["post-22910","product","type-product","status-publish","has-post-thumbnail","hentry","product_cat-cong-tac-cam-ung-chuyen-dong"],"acf":[],"yoast_head":"<!-- This site is optimized with the Yoast SEO Premium plugin v24.9 (Yoast SEO v24.9) - https:\/\/yoast.com\/wordpress\/plugins\/seo\/ -->\n<title>H\u1ea1t Remote \u0111i\u1ec1u khi\u1ec3n t\u1eeb xa (H\u1ea1t Ph\u00e1t) RM01-PNW - Kawasan<\/title>\n<meta name=\"robots\" content=\"index, follow, max-snippet:-1, max-image-preview:large, max-video-preview:-1\" \/>\n<link rel=\"canonical\" href=\"https:\/\/kawasan.vn\/en\/product\/hat-remote-dieu-khien-tu-xa-hat-phat-rm01-pnw\/\" \/>\n<meta property=\"og:locale\" content=\"en_US\" \/>\n<meta property=\"og:type\" content=\"article\" \/>\n<meta property=\"og:title\" content=\"H\u1ea1t Remote \u0111i\u1ec1u khi\u1ec3n t\u1eeb xa (H\u1ea1t Ph\u00e1t) RM01-PNW\" \/>\n<meta property=\"og:description\" content=\"H\u1ea0T REMOTE \u0110I\u1ec0U KHI\u1ec2N T\u1eea XA (H\u1ea0T PH\u00c1T) RM01-PNW L\u00c0 G\u00cc? L\u00e0 lo\u1ea1i h\u1ea1t c\u00f4ng t\u1eafc t\u01b0\u01a1ng \u0111\u01b0\u01a1ng v\u1edbi 1 remote \u0111i\u1ec1u khi\u1ec3n t\u1eeb xa, lo\u1ea1i n\u00e0y c\u00f3 th\u1ec3 k\u1ebft n\u1ed1i v\u1edbi h\u1ea1t thu (RF02-PNW), kh\u00f4ng c\u00f3 ng\u00f5 ra n\u1ed1i v\u00e0o b\u1ea5t k\u1ef3 thi\u1ebft b\u1ecb n\u00e0o, ch\u1ec9 c\u00f3 ngu\u1ed3n c\u1ea5p v\u00e0o l\u00e0 220V, d\u00f9ng \u0111\u1ec3 [&hellip;]\" \/>\n<meta property=\"og:url\" content=\"https:\/\/kawasan.vn\/en\/product\/hat-remote-dieu-khien-tu-xa-hat-phat-rm01-pnw\/\" \/>\n<meta property=\"og:site_name\" content=\"Kawasan\" \/>\n<meta property=\"article:modified_time\" content=\"2025-12-09T02:47:02+00:00\" \/>\n<meta property=\"og:image\" content=\"https:\/\/kawasan.vn\/wp-content\/uploads\/2025\/04\/2-4.png\" \/>\n\t<meta property=\"og:image:width\" content=\"900\" \/>\n\t<meta property=\"og:image:height\" content=\"900\" \/>\n\t<meta property=\"og:image:type\" content=\"image\/png\" \/>\n<meta name=\"twitter:card\" content=\"summary_large_image\" \/>\n<meta name=\"twitter:label1\" content=\"Est. reading time\" \/>\n\t<meta name=\"twitter:data1\" content=\"4 minutes\" \/>\n<script type=\"application\/ld+json\" class=\"yoast-schema-graph\">{\"@context\":\"https:\/\/schema.org\",\"@graph\":[{\"@type\":\"WebPage\",\"@id\":\"https:\/\/kawasan.vn\/san-pham\/hat-remote-dieu-khien-tu-xa-hat-phat-rm01-pnw\/\",\"url\":\"https:\/\/kawasan.vn\/san-pham\/hat-remote-dieu-khien-tu-xa-hat-phat-rm01-pnw\/\",\"name\":\"H\u1ea1t Remote \u0111i\u1ec1u khi\u1ec3n t\u1eeb xa (H\u1ea1t Ph\u00e1t) RM01-PNW - Kawasan\",\"isPartOf\":{\"@id\":\"https:\/\/kawasan.vn\/#website\"},\"primaryImageOfPage\":{\"@id\":\"https:\/\/kawasan.vn\/san-pham\/hat-remote-dieu-khien-tu-xa-hat-phat-rm01-pnw\/#primaryimage\"},\"image\":{\"@id\":\"https:\/\/kawasan.vn\/san-pham\/hat-remote-dieu-khien-tu-xa-hat-phat-rm01-pnw\/#primaryimage\"},\"thumbnailUrl\":\"https:\/\/kawasan.vn\/wp-content\/uploads\/2025\/04\/2-4.png\",\"datePublished\":\"2025-04-29T02:21:30+00:00\",\"dateModified\":\"2025-12-09T02:47:02+00:00\",\"breadcrumb\":{\"@id\":\"https:\/\/kawasan.vn\/san-pham\/hat-remote-dieu-khien-tu-xa-hat-phat-rm01-pnw\/#breadcrumb\"},\"inLanguage\":\"en-US\",\"potentialAction\":[{\"@type\":\"ReadAction\",\"target\":[\"https:\/\/kawasan.vn\/san-pham\/hat-remote-dieu-khien-tu-xa-hat-phat-rm01-pnw\/\"]}]},{\"@type\":\"ImageObject\",\"inLanguage\":\"en-US\",\"@id\":\"https:\/\/kawasan.vn\/san-pham\/hat-remote-dieu-khien-tu-xa-hat-phat-rm01-pnw\/#primaryimage\",\"url\":\"https:\/\/kawasan.vn\/wp-content\/uploads\/2025\/04\/2-4.png\",\"contentUrl\":\"https:\/\/kawasan.vn\/wp-content\/uploads\/2025\/04\/2-4.png\",\"width\":900,\"height\":900},{\"@type\":\"BreadcrumbList\",\"@id\":\"https:\/\/kawasan.vn\/san-pham\/hat-remote-dieu-khien-tu-xa-hat-phat-rm01-pnw\/#breadcrumb\",\"itemListElement\":[{\"@type\":\"ListItem\",\"position\":1,\"name\":\"Trang ch\u1ee7\",\"item\":\"https:\/\/kawasan.vn\/\"},{\"@type\":\"ListItem\",\"position\":2,\"name\":\"S\u1ea3n ph\u1ea9m\",\"item\":\"https:\/\/kawasan.vn\/san-pham\/\"},{\"@type\":\"ListItem\",\"position\":3,\"name\":\"H\u1ea1t Remote \u0111i\u1ec1u khi\u1ec3n t\u1eeb xa (H\u1ea1t Ph\u00e1t) RM01-PNW\"}]},{\"@type\":\"WebSite\",\"@id\":\"https:\/\/kawasan.vn\/#website\",\"url\":\"https:\/\/kawasan.vn\/\",\"name\":\"Kawasan\",\"description\":\"\",\"potentialAction\":[{\"@type\":\"SearchAction\",\"target\":{\"@type\":\"EntryPoint\",\"urlTemplate\":\"https:\/\/kawasan.vn\/?s={search_term_string}\"},\"query-input\":{\"@type\":\"PropertyValueSpecification\",\"valueRequired\":true,\"valueName\":\"search_term_string\"}}],\"inLanguage\":\"en-US\"}]}<\/script>\n<!-- \/ Yoast SEO Premium plugin. -->","yoast_head_json":{"title":"H\u1ea1t Remote \u0111i\u1ec1u khi\u1ec3n t\u1eeb xa (H\u1ea1t Ph\u00e1t) RM01-PNW - Kawasan","robots":{"index":"index","follow":"follow","max-snippet":"max-snippet:-1","max-image-preview":"max-image-preview:large","max-video-preview":"max-video-preview:-1"},"canonical":"https:\/\/kawasan.vn\/en\/product\/hat-remote-dieu-khien-tu-xa-hat-phat-rm01-pnw\/","og_locale":"en_US","og_type":"article","og_title":"H\u1ea1t Remote \u0111i\u1ec1u khi\u1ec3n t\u1eeb xa (H\u1ea1t Ph\u00e1t) RM01-PNW","og_description":"H\u1ea0T REMOTE \u0110I\u1ec0U KHI\u1ec2N T\u1eea XA (H\u1ea0T PH\u00c1T) RM01-PNW L\u00c0 G\u00cc? L\u00e0 lo\u1ea1i h\u1ea1t c\u00f4ng t\u1eafc t\u01b0\u01a1ng \u0111\u01b0\u01a1ng v\u1edbi 1 remote \u0111i\u1ec1u khi\u1ec3n t\u1eeb xa, lo\u1ea1i n\u00e0y c\u00f3 th\u1ec3 k\u1ebft n\u1ed1i v\u1edbi h\u1ea1t thu (RF02-PNW), kh\u00f4ng c\u00f3 ng\u00f5 ra n\u1ed1i v\u00e0o b\u1ea5t k\u1ef3 thi\u1ebft b\u1ecb n\u00e0o, ch\u1ec9 c\u00f3 ngu\u1ed3n c\u1ea5p v\u00e0o l\u00e0 220V, d\u00f9ng \u0111\u1ec3 [&hellip;]","og_url":"https:\/\/kawasan.vn\/en\/product\/hat-remote-dieu-khien-tu-xa-hat-phat-rm01-pnw\/","og_site_name":"Kawasan","article_modified_time":"2025-12-09T02:47:02+00:00","og_image":[{"width":900,"height":900,"url":"https:\/\/kawasan.vn\/wp-content\/uploads\/2025\/04\/2-4.png","type":"image\/png"}],"twitter_card":"summary_large_image","twitter_misc":{"Est. reading time":"4 minutes"},"schema":{"@context":"https:\/\/schema.org","@graph":[{"@type":"WebPage","@id":"https:\/\/kawasan.vn\/san-pham\/hat-remote-dieu-khien-tu-xa-hat-phat-rm01-pnw\/","url":"https:\/\/kawasan.vn\/san-pham\/hat-remote-dieu-khien-tu-xa-hat-phat-rm01-pnw\/","name":"H\u1ea1t Remote \u0111i\u1ec1u khi\u1ec3n t\u1eeb xa (H\u1ea1t Ph\u00e1t) RM01-PNW - Kawasan","isPartOf":{"@id":"https:\/\/kawasan.vn\/#website"},"primaryImageOfPage":{"@id":"https:\/\/kawasan.vn\/san-pham\/hat-remote-dieu-khien-tu-xa-hat-phat-rm01-pnw\/#primaryimage"},"image":{"@id":"https:\/\/kawasan.vn\/san-pham\/hat-remote-dieu-khien-tu-xa-hat-phat-rm01-pnw\/#primaryimage"},"thumbnailUrl":"https:\/\/kawasan.vn\/wp-content\/uploads\/2025\/04\/2-4.png","datePublished":"2025-04-29T02:21:30+00:00","dateModified":"2025-12-09T02:47:02+00:00","breadcrumb":{"@id":"https:\/\/kawasan.vn\/san-pham\/hat-remote-dieu-khien-tu-xa-hat-phat-rm01-pnw\/#breadcrumb"},"inLanguage":"en-US","potentialAction":[{"@type":"ReadAction","target":["https:\/\/kawasan.vn\/san-pham\/hat-remote-dieu-khien-tu-xa-hat-phat-rm01-pnw\/"]}]},{"@type":"ImageObject","inLanguage":"en-US","@id":"https:\/\/kawasan.vn\/san-pham\/hat-remote-dieu-khien-tu-xa-hat-phat-rm01-pnw\/#primaryimage","url":"https:\/\/kawasan.vn\/wp-content\/uploads\/2025\/04\/2-4.png","contentUrl":"https:\/\/kawasan.vn\/wp-content\/uploads\/2025\/04\/2-4.png","width":900,"height":900},{"@type":"BreadcrumbList","@id":"https:\/\/kawasan.vn\/san-pham\/hat-remote-dieu-khien-tu-xa-hat-phat-rm01-pnw\/#breadcrumb","itemListElement":[{"@type":"ListItem","position":1,"name":"Trang ch\u1ee7","item":"https:\/\/kawasan.vn\/"},{"@type":"ListItem","position":2,"name":"S\u1ea3n ph\u1ea9m","item":"https:\/\/kawasan.vn\/san-pham\/"},{"@type":"ListItem","position":3,"name":"H\u1ea1t Remote \u0111i\u1ec1u khi\u1ec3n t\u1eeb xa (H\u1ea1t Ph\u00e1t) RM01-PNW"}]},{"@type":"WebSite","@id":"https:\/\/kawasan.vn\/#website","url":"https:\/\/kawasan.vn\/","name":"Kawasan","description":"","potentialAction":[{"@type":"SearchAction","target":{"@type":"EntryPoint","urlTemplate":"https:\/\/kawasan.vn\/?s={search_term_string}"},"query-input":{"@type":"PropertyValueSpecification","valueRequired":true,"valueName":"search_term_string"}}],"inLanguage":"en-US"}]}},"_links":{"self":[{"href":"https:\/\/kawasan.vn\/en\/wp-json\/wp\/v2\/product\/22910","targetHints":{"allow":["GET"]}}],"collection":[{"href":"https:\/\/kawasan.vn\/en\/wp-json\/wp\/v2\/product"}],"about":[{"href":"https:\/\/kawasan.vn\/en\/wp-json\/wp\/v2\/types\/product"}],"replies":[{"embeddable":true,"href":"https:\/\/kawasan.vn\/en\/wp-json\/wp\/v2\/comments?post=22910"}],"version-history":[{"count":3,"href":"https:\/\/kawasan.vn\/en\/wp-json\/wp\/v2\/product\/22910\/revisions"}],"predecessor-version":[{"id":28895,"href":"https:\/\/kawasan.vn\/en\/wp-json\/wp\/v2\/product\/22910\/revisions\/28895"}],"wp:featuredmedia":[{"embeddable":true,"href":"https:\/\/kawasan.vn\/en\/wp-json\/wp\/v2\/media\/28879"}],"wp:attachment":[{"href":"https:\/\/kawasan.vn\/en\/wp-json\/wp\/v2\/media?parent=22910"}],"wp:term":[{"taxonomy":"product_cat","embeddable":true,"href":"https:\/\/kawasan.vn\/en\/wp-json\/wp\/v2\/product_cat?post=22910"},{"taxonomy":"product_tag","embeddable":true,"href":"https:\/\/kawasan.vn\/en\/wp-json\/wp\/v2\/product_tag?post=22910"}],"curies":[{"name":"wp","href":"https:\/\/api.w.org\/{rel}","templated":true}]}}