{"id":22895,"date":"2025-04-29T08:59:53","date_gmt":"2025-04-29T01:59:53","guid":{"rendered":"https:\/\/kawasan.vn\/?post_type=product&#038;p=22895"},"modified":"2025-04-29T09:17:20","modified_gmt":"2025-04-29T02:17:20","slug":"hat-cong-tac-dieu-khien-tu-xa-am-tuong-hat-thu-6rf02pnw-rm12d","status":"publish","type":"product","link":"https:\/\/kawasan.vn\/en\/product\/hat-cong-tac-dieu-khien-tu-xa-am-tuong-hat-thu-6rf02pnw-rm12d\/","title":{"rendered":"H\u1ea1t c\u00f4ng t\u1eafc \u0111i\u1ec1u khi\u1ec3n t\u1eeb xa \u00e2m t\u01b0\u1eddng (H\u1ea1t Thu) 6RF02PNW-RM12D"},"content":{"rendered":"<h2><strong>\u0110\u1eb6C \u0110I\u1ec2M C\u1ee6A H\u1ea0T C\u00d4NG T\u1eaeC \u0110I\u1ec0U KHI\u1ec2N T\u1eea XA (H\u1ea0T THU) RF02PNW<\/strong><\/h2>\n<div>V\u1edbi thi\u1ebft k\u1ebf l\u1eafp \u00e2m t\u01b0\u1eddng, v\u1eeba v\u00e0o \u0111\u1ebf v\u00e0 m\u1eb7t c\u00f4ng t\u1eafc ch\u1eef nh\u1eadt c\u1ee7a h\u00e3ng Panasonic Wide ho\u1eb7c c\u00e1c lo\u1ea1i t\u01b0\u01a1ng t\u1ef1, d\u00f9ng \u0111\u1ec3 t\u1eaft\/b\u1eadt \u0111\u00e8n\u2026 t\u1ea1i ch\u1ed7 nh\u01b0 c\u00e1c c\u00f4ng t\u1eafc c\u01a1 th\u00f4ng th\u01b0\u1eddng v\u1edbi c\u00f4ng ngh\u1ec7 c\u1ea3m \u1ee9ng ch\u1ea1m v\u00e0 c\u00f3 \u0111\u00e8n b\u00e1o tr\u1ea1ng th\u00e1i, ch\u00fang c\u00f3 th\u1ec3 t\u00edch h\u1ee3p v\u1edbi nhau \u0111\u1ec3 l\u00e0m c\u00f4ng t\u1eafc \u0111\u1ea3o chi\u1ec1u ho\u1eb7c th\u00eam Remote \u0111i\u1ec3u khi\u1ec3n t\u1eeb xa kh\u00e1c (RM2A, RM01B, RM02C, RM12D\u2026) \u0111\u1ec3 thu\u1eadn ti\u1ec7n cho vi\u1ec7c b\u1eadt t\u1eaft t\u1eeb xa nh\u01b0 \u0111\u00e8n ngo\u00e0i v\u01b0\u1eddn, ban c\u00f4ng cao, c\u00f4ng tr\u00ecnh, l\u00e1n tr\u1ea1i xa n\u01a1i \u1edf, kho\u1ea3ng c\u00e1ch c\u00f3 th\u1ec3 l\u00ean \u0111\u1ebfn 100-200m (n\u1ebfu kh\u00f4ng c\u00f3 v\u1eadt c\u1ea3n v\u00e0 kh\u00f4ng b\u1ecb nhi\u1ec5u s\u00f3ng Radio, wifi t\u1ea1i v\u1ecb tr\u00ed l\u1eafp).<\/div>\n<div><\/div>\n<div id=\"attachment_4537\" class=\"wp-caption aligncenter\">\n<p><img decoding=\"async\" class=\"wp-image-4537\" src=\"https:\/\/kawasan.vn\/wp-content\/uploads\/2025\/04\/cong-tac-am-tuong-3.png\" alt=\"Cong Tac Am Tuong (3)\" aria-describedby=\"caption-attachment-4537\" data-cke-saved-src=\"https:\/\/kawasan.vn\/wp-content\/uploads\/2025\/04\/cong-tac-am-tuong-3.png\" \/><\/p>\n<p id=\"caption-attachment-4537\" class=\"wp-caption-text\">Thi\u1ebft k\u1ebf l\u1eafp \u00e2m t\u01b0\u1eddng v\u1eeba v\u1edbi m\u1eb7t c\u00f4ng t\u1eafc ch\u1eef nh\u1eadt c\u1ee7a h\u00e3ng Panasonic Wide v\u00e0 c\u00e1c h\u00e3ng kh\u00e1c<\/p>\n<\/div>\n<h2>\u1ee8NG D\u1ee4NG V\u00c0 L\u1ee2I \u00cdCH<\/h2>\n<div>Lo\u1ea1i c\u00f4ng t\u1eafc k\u1ebft n\u1ed1i v\u1edbi thi\u1ebft b\u1ecb \u0111i\u1ec7n (\u0111\u00e8n, qu\u1ea1t, b\u01a1m\u2026), c\u00f3 th\u1ec3 t\u00edch h\u1ee3p v\u1edbi c\u00e1c lo\u1ea1i Remote RF433 c\u1ee7a Kawasan d\u00f9ng \u0111\u1ec3 \u0111i\u1ec1u khi\u1ec3n b\u1eadt \/ t\u1eaft \u0111\u00e8n cho c\u00e1c v\u1ecb tr\u00ed c\u1ea7n l\u1eafp th\u00eam c\u00f4ng t\u1eafc ho\u1eb7c kh\u1eafc ph\u1ee5c v\u1ea5n \u0111\u1ec1 qu\u00ean ho\u1eb7c ch\u01b0a c\u00f3 \u0111i d\u00e2y k\u1ebft n\u1ed1i \u0111i\u1ec1u khi\u1ec3n 2 chi\u1ec1u nh\u01b0:<\/div>\n<div id=\"attachment_4536\" class=\"wp-caption aligncenter\">\n<p id=\"caption-attachment-4536\" class=\"wp-caption-text\"><img loading=\"lazy\" decoding=\"async\" class=\"aligncenter wp-image-4583\" src=\"https:\/\/kawasan.vn\/wp-content\/uploads\/2025\/04\/cong-tac-am-tuong-2-1.jpg\" alt=\"Cong Tac Am Tuong (2)\" width=\"300\" height=\"366\" data-cke-saved-src=\"https:\/\/kawasan.vn\/wp-content\/uploads\/2025\/04\/cong-tac-am-tuong-2-1.jpg\" \/><\/p>\n<\/div>\n<div>*Show room: Khi t\u1ee7 tr\u01b0ng b\u00e0y che m\u1ea5t v\u1ecb tr\u00ed b\u1eadt \u0111\u00e8n, ch\u1ec9 c\u1ea7n l\u1eafp h\u1ea1t n\u00e0y v\u00e0 th\u00eam 1 remote l\u00e0 c\u00f3 th\u1ec3 \u0111i\u1ec1u khi\u1ec3n \u0111\u00e8n t\u1ea1i v\u1ecb tr\u00ed kh\u00e1c m\u00e0 kh\u00f4ng c\u1ea7n ph\u1ea3i l\u1eafp d\u00e2y \u0111i\u1ec7n l\u1ea1i, ti\u1ebft ki\u1ec3m chi ph\u00ed v\u00e0 thu\u1eadn ti\u1ec7n, c\u00f3 th\u1ec3 di d\u1eddi \u0111i b\u1ea5t k\u1ef3 v\u1ecb tr\u00ed n\u00e0o. Ho\u1eb7c d\u00f9ng lo\u1ea1i remote nhi\u1ec1u n\u00fat, 1 c\u00e1i c\u00f3 12 n\u00fat, c\u00f3 th\u1ec3 l\u1eafp ra 10 b\u1ed9 \u0111\u00e8n chi\u1ebfu s\u00e1ng cho 12 khu v\u1ef1c tr\u01b0ng b\u00e0y kh\u00e1c nhau, khi kh\u00f4ng c\u00f3 kh\u00e1ch v\u00e0o th\u00ec NV B\u00e1n H\u00e0ng c\u00f3 th\u1ec3 t\u1eaft b\u1edbt \u0111i, \u0111\u1ebfn khi kh\u00e1ch v\u00e0o th\u00ec d\u00f9ng remote b\u1eadt l\u00ean ngay, r\u1ea5t thu\u1eadn ti\u1ec7n, ti\u1ebft ki\u1ec3m \u0111i\u1ec7n v\u00e0 gi\u00fap gi\u1ea3m y\u1ebfu t\u1ed1 b\u1ea1c m\u00e0u c\u1ee7a h\u00e0ng h\u00f3a do \u00e1nh s\u00e1ng v\u00e0 nhi\u1ec7t \u0111\u1ed9 c\u1ee7a \u0111\u00e8n chi\u1ebfu v\u00e0o th\u01b0\u1eddng xuy\u00ean\u2026<\/div>\n<div><\/div>\n<div id=\"attachment_4539\" class=\"wp-caption aligncenter\">\n<p><img loading=\"lazy\" decoding=\"async\" class=\"wp-image-4539\" src=\"https:\/\/kawasan.vn\/wp-content\/uploads\/2025\/04\/minh-hoa-RF02PN-RM2A.png\" alt=\"Minh Hoa Rf02pn Rm2a\" width=\"600\" height=\"338\" aria-describedby=\"caption-attachment-4539\" data-cke-saved-src=\"https:\/\/kawasan.vn\/wp-content\/uploads\/2025\/04\/minh-hoa-RF02PN-RM2A.png\" \/><\/p>\n<p id=\"caption-attachment-4539\" class=\"wp-caption-text\">C\u00f3 th\u1ec3 t\u00edch h\u1ee3p th\u00eam remote RM2A d\u1ec5 d\u00e0ng \u0111i\u1ec1u khi\u1ec3n t\u1eeb xa<\/p>\n<\/div>\n<p>Ngo\u00e0i ra, c\u00f2n th\u00edch h\u1ee3p cho c\u00e1c showroom \u0111\u00e8n \u0111i\u1ec7n, d\u00f9ng \u0111i\u1ec1u khi\u1ec3n h\u1ec7 th\u1ed1ng \u0111\u00e8n tr\u01b0ng b\u00e0y, d\u00f9ng remote 12 k\u00eanh \u0111\u1ec3 \u0111i\u1ec1u khi\u1ec3n v\u00f4 c\u00f9ng ti\u1ec7n l\u1ee3i.<\/p>\n<div id=\"attachment_4545\" class=\"wp-caption aligncenter\">\n<p><img loading=\"lazy\" decoding=\"async\" class=\"wp-image-4545\" src=\"https:\/\/kawasan.vn\/wp-content\/uploads\/2025\/04\/THUMNAIL-BO-RF02PN-12-remote.png\" alt=\"Thumnail Bo Rf02pn 12 Remote\" width=\"600\" height=\"377\" aria-describedby=\"caption-attachment-4545\" data-cke-saved-src=\"https:\/\/kawasan.vn\/wp-content\/uploads\/2025\/04\/THUMNAIL-BO-RF02PN-12-remote.png\" \/><\/p>\n<p id=\"caption-attachment-4545\" class=\"wp-caption-text\">C\u00f3 d\u00f9ng c\u00f9ng l\u00fac nhi\u1ec1u c\u00f4ng t\u1eafc \u00e2m t\u01b0\u1eddng<\/p>\n<\/div>\n<div id=\"attachment_4546\" class=\"wp-caption aligncenter\">\n<p><img loading=\"lazy\" decoding=\"async\" class=\"wp-image-4546\" title=\"C\u00f3 th\u1ec3 d\u00f9ng remote 12 k\u00eanh \u0111\u1ec3 \u0111i\u1ec1u khi\u1ec3n v\u00f4 c\u00f9ng ti\u1ec7n l\u1ee3i\" src=\"https:\/\/kawasan.vn\/wp-content\/uploads\/2025\/04\/THUMNAIL-BO-RF02PN-12.png\" alt=\"Thumnail Bo Rf02pn 12\" width=\"600\" height=\"339\" aria-describedby=\"caption-attachment-4546\" data-cke-saved-src=\"https:\/\/kawasan.vn\/wp-content\/uploads\/2025\/04\/THUMNAIL-BO-RF02PN-12.png\" \/><\/p>\n<p id=\"caption-attachment-4546\" class=\"wp-caption-text\">C\u00f3 th\u1ec3 d\u00f9ng remote 12 k\u00eanh \u0111\u1ec3 \u0111i\u1ec1u khi\u1ec3n v\u00f4 c\u00f9ng ti\u1ec7n l\u1ee3i<\/p>\n<\/div>\n<div>* Ph\u00f2ng ng\u1ee7, \u0111\u00e8n c\u1ea7u thang, \u0111\u00e8n ban c\u00f4ng: Khi h\u1ec7 th\u1ed1ng d\u00e2y \u0111\u00e8n b\u1eadt \/ t\u1eaft 2 chi\u1ec1u b\u1ecb h\u01b0 h\u1ecfng ho\u1eb7c qu\u00ean n\u1ed1i d\u00e2y, c\u00f3 th\u1ec3 mua 1 h\u1ea1t thu v\u00e0 1 h\u1ea1t ph\u00e1t l\u1eafp 1 c\u00e1i \u0111\u1ea7u gi\u01b0\u1eddng v\u00e0 1 c\u00e1i t\u1ea1i c\u1eeda v\u00e0o, t\u00edch h\u1ee3p ch\u00fang nh\u1eadn t\u00edn hi\u1ec7u c\u1ee7a nhau l\u00e0 xong. Ngo\u00e0i ra, \u0111\u1ed1i v\u1edbi c\u00e1c \u0111\u00e8n l\u1eafp ngo\u00e0i v\u01b0\u1eddn, ban c\u00f4ng\u2026, khi t\u1ed1i c\u1ea7n b\u1eadt kh\u00f4ng ph\u1ea3i ch\u00e8o l\u00ean cao \/ ra ngo\u00e0i v\u01b0\u1eddn \u0111\u1ec3 b\u1eadt r\u1ed3i khi t\u1ed1i kh\u00f4ng ph\u1ea3i leo l\u00ean l\u1ea1i \/ \u0111i ra v\u01b0\u1eddn (l\u00fac m\u1eeba gi\u00f3) \u0111\u1ec3 t\u1eaft, th\u1eadt b\u1ea5t ti\u1ec7n cho gia \u0111\u00ecnh c\u00f3 tr\u1ebb em v\u00e0 ng\u01b0\u1eddi gi\u00e0 y\u1ebfu\u2026<\/div>\n<div><\/div>\n<div>\n<p><strong>\u200bTh\u00f4ng tin c\u1ea7n bi\u1ebft:<\/strong><\/p>\n<ul>\n<li><strong><a class=\"last\" href=\"https:\/\/kawasan.com.vn\/tin-cong-nghe.html\/ung-dung-thuc-te.html\/cach-chon-cong-tac-dieu-khien-tu-xa-phu-hop-voi-dieu-khien-den-chieu-sang-tuoi-cay-cho-gia-dinh.html\" data-cke-saved-href=\"https:\/\/kawasan.com.vn\/tin-cong-nghe.html\/ung-dung-thuc-te.html\/cach-chon-cong-tac-dieu-khien-tu-xa-phu-hop-voi-dieu-khien-den-chieu-sang-tuoi-cay-cho-gia-dinh.html\">C\u00e1ch ch\u1ecdn c\u00f4ng t\u1eafc \u0111i\u1ec1u khi\u1ec3n t\u1eeb xa ph\u00f9 h\u1ee3p v\u1edbi \u0111i\u1ec1u khi\u1ec3n \u0111\u00e8n chi\u1ebfu s\u00e1ng, t\u01b0\u1edbi c\u00e2y cho gia \u0111\u00ecnh<\/a><\/strong><\/li>\n<\/ul>\n<\/div>","protected":false},"excerpt":{"rendered":"<p>\u0110\u1eb6C \u0110I\u1ec2M C\u1ee6A H\u1ea0T C\u00d4NG T\u1eaeC \u0110I\u1ec0U KHI\u1ec2N T\u1eea XA (H\u1ea0T THU) RF02PNW V\u1edbi thi\u1ebft k\u1ebf l\u1eafp \u00e2m t\u01b0\u1eddng, v\u1eeba v\u00e0o \u0111\u1ebf v\u00e0 m\u1eb7t c\u00f4ng t\u1eafc ch\u1eef nh\u1eadt c\u1ee7a h\u00e3ng Panasonic Wide ho\u1eb7c c\u00e1c lo\u1ea1i t\u01b0\u01a1ng t\u1ef1, d\u00f9ng \u0111\u1ec3 t\u1eaft\/b\u1eadt \u0111\u00e8n\u2026 t\u1ea1i ch\u1ed7 nh\u01b0 c\u00e1c c\u00f4ng t\u1eafc c\u01a1 th\u00f4ng th\u01b0\u1eddng v\u1edbi c\u00f4ng ngh\u1ec7 c\u1ea3m \u1ee9ng [&hellip;]<\/p>","protected":false},"featured_media":12736,"comment_status":"open","ping_status":"closed","template":"","meta":{"_yoast_wpseo_focuskw":"","_yoast_wpseo_metadesc":"","_yoast_wpseo_focuskeywords":"","_yoast_wpseo_keyword_synonyms":""},"product_cat":[15],"product_tag":[],"class_list":["post-22895","product","type-product","status-publish","has-post-thumbnail","hentry","product_cat-cong-tac-cam-ung-chuyen-dong"],"acf":[],"yoast_head":"<!-- This site is optimized with the Yoast SEO Premium plugin v24.9 (Yoast SEO v24.9) - https:\/\/yoast.com\/wordpress\/plugins\/seo\/ -->\n<title>H\u1ea1t c\u00f4ng t\u1eafc \u0111i\u1ec1u khi\u1ec3n t\u1eeb xa \u00e2m t\u01b0\u1eddng (H\u1ea1t Thu) 6RF02PNW-RM12D - Kawasan<\/title>\n<meta name=\"robots\" content=\"index, follow, max-snippet:-1, max-image-preview:large, max-video-preview:-1\" \/>\n<link rel=\"canonical\" href=\"https:\/\/kawasan.vn\/en\/product\/hat-cong-tac-dieu-khien-tu-xa-am-tuong-hat-thu-6rf02pnw-rm12d\/\" \/>\n<meta property=\"og:locale\" content=\"en_US\" \/>\n<meta property=\"og:type\" content=\"article\" \/>\n<meta property=\"og:title\" content=\"H\u1ea1t c\u00f4ng t\u1eafc \u0111i\u1ec1u khi\u1ec3n t\u1eeb xa \u00e2m t\u01b0\u1eddng (H\u1ea1t Thu) 6RF02PNW-RM12D\" \/>\n<meta property=\"og:description\" content=\"\u0110\u1eb6C \u0110I\u1ec2M C\u1ee6A H\u1ea0T C\u00d4NG T\u1eaeC \u0110I\u1ec0U KHI\u1ec2N T\u1eea XA (H\u1ea0T THU) RF02PNW V\u1edbi thi\u1ebft k\u1ebf l\u1eafp \u00e2m t\u01b0\u1eddng, v\u1eeba v\u00e0o \u0111\u1ebf v\u00e0 m\u1eb7t c\u00f4ng t\u1eafc ch\u1eef nh\u1eadt c\u1ee7a h\u00e3ng Panasonic Wide ho\u1eb7c c\u00e1c lo\u1ea1i t\u01b0\u01a1ng t\u1ef1, d\u00f9ng \u0111\u1ec3 t\u1eaft\/b\u1eadt \u0111\u00e8n\u2026 t\u1ea1i ch\u1ed7 nh\u01b0 c\u00e1c c\u00f4ng t\u1eafc c\u01a1 th\u00f4ng th\u01b0\u1eddng v\u1edbi c\u00f4ng ngh\u1ec7 c\u1ea3m \u1ee9ng [&hellip;]\" \/>\n<meta property=\"og:url\" content=\"https:\/\/kawasan.vn\/en\/product\/hat-cong-tac-dieu-khien-tu-xa-am-tuong-hat-thu-6rf02pnw-rm12d\/\" \/>\n<meta property=\"og:site_name\" content=\"Kawasan\" \/>\n<meta property=\"article:modified_time\" content=\"2025-04-29T02:17:20+00:00\" \/>\n<meta property=\"og:image\" content=\"https:\/\/kawasan.vn\/wp-content\/uploads\/2023\/11\/hat-cong-tac-dieu-khien-tu-xa-am-tuong-hat-thu-6rf02pnw-rm12d_65598c03d47d4.jpeg\" \/>\n\t<meta property=\"og:image:width\" content=\"600\" \/>\n\t<meta property=\"og:image:height\" content=\"600\" \/>\n\t<meta property=\"og:image:type\" content=\"image\/jpeg\" \/>\n<meta name=\"twitter:card\" content=\"summary_large_image\" \/>\n<meta name=\"twitter:label1\" content=\"Est. reading time\" \/>\n\t<meta name=\"twitter:data1\" content=\"5 minutes\" \/>\n<script type=\"application\/ld+json\" class=\"yoast-schema-graph\">{\"@context\":\"https:\/\/schema.org\",\"@graph\":[{\"@type\":\"WebPage\",\"@id\":\"https:\/\/kawasan.vn\/san-pham\/hat-cong-tac-dieu-khien-tu-xa-am-tuong-hat-thu-6rf02pnw-rm12d\/\",\"url\":\"https:\/\/kawasan.vn\/san-pham\/hat-cong-tac-dieu-khien-tu-xa-am-tuong-hat-thu-6rf02pnw-rm12d\/\",\"name\":\"H\u1ea1t c\u00f4ng t\u1eafc \u0111i\u1ec1u khi\u1ec3n t\u1eeb xa \u00e2m t\u01b0\u1eddng (H\u1ea1t Thu) 6RF02PNW-RM12D - Kawasan\",\"isPartOf\":{\"@id\":\"https:\/\/kawasan.vn\/#website\"},\"primaryImageOfPage\":{\"@id\":\"https:\/\/kawasan.vn\/san-pham\/hat-cong-tac-dieu-khien-tu-xa-am-tuong-hat-thu-6rf02pnw-rm12d\/#primaryimage\"},\"image\":{\"@id\":\"https:\/\/kawasan.vn\/san-pham\/hat-cong-tac-dieu-khien-tu-xa-am-tuong-hat-thu-6rf02pnw-rm12d\/#primaryimage\"},\"thumbnailUrl\":\"https:\/\/kawasan.vn\/wp-content\/uploads\/2023\/11\/hat-cong-tac-dieu-khien-tu-xa-am-tuong-hat-thu-6rf02pnw-rm12d_65598c03d47d4.jpeg\",\"datePublished\":\"2025-04-29T01:59:53+00:00\",\"dateModified\":\"2025-04-29T02:17:20+00:00\",\"breadcrumb\":{\"@id\":\"https:\/\/kawasan.vn\/san-pham\/hat-cong-tac-dieu-khien-tu-xa-am-tuong-hat-thu-6rf02pnw-rm12d\/#breadcrumb\"},\"inLanguage\":\"en-US\",\"potentialAction\":[{\"@type\":\"ReadAction\",\"target\":[\"https:\/\/kawasan.vn\/san-pham\/hat-cong-tac-dieu-khien-tu-xa-am-tuong-hat-thu-6rf02pnw-rm12d\/\"]}]},{\"@type\":\"ImageObject\",\"inLanguage\":\"en-US\",\"@id\":\"https:\/\/kawasan.vn\/san-pham\/hat-cong-tac-dieu-khien-tu-xa-am-tuong-hat-thu-6rf02pnw-rm12d\/#primaryimage\",\"url\":\"https:\/\/kawasan.vn\/wp-content\/uploads\/2023\/11\/hat-cong-tac-dieu-khien-tu-xa-am-tuong-hat-thu-6rf02pnw-rm12d_65598c03d47d4.jpeg\",\"contentUrl\":\"https:\/\/kawasan.vn\/wp-content\/uploads\/2023\/11\/hat-cong-tac-dieu-khien-tu-xa-am-tuong-hat-thu-6rf02pnw-rm12d_65598c03d47d4.jpeg\",\"width\":600,\"height\":600,\"caption\":\"6RF02PNW-RM12D\"},{\"@type\":\"BreadcrumbList\",\"@id\":\"https:\/\/kawasan.vn\/san-pham\/hat-cong-tac-dieu-khien-tu-xa-am-tuong-hat-thu-6rf02pnw-rm12d\/#breadcrumb\",\"itemListElement\":[{\"@type\":\"ListItem\",\"position\":1,\"name\":\"Trang ch\u1ee7\",\"item\":\"https:\/\/kawasan.vn\/\"},{\"@type\":\"ListItem\",\"position\":2,\"name\":\"S\u1ea3n ph\u1ea9m\",\"item\":\"https:\/\/kawasan.vn\/san-pham\/\"},{\"@type\":\"ListItem\",\"position\":3,\"name\":\"H\u1ea1t c\u00f4ng t\u1eafc \u0111i\u1ec1u khi\u1ec3n t\u1eeb xa \u00e2m t\u01b0\u1eddng (H\u1ea1t Thu) 6RF02PNW-RM12D\"}]},{\"@type\":\"WebSite\",\"@id\":\"https:\/\/kawasan.vn\/#website\",\"url\":\"https:\/\/kawasan.vn\/\",\"name\":\"Kawasan\",\"description\":\"\",\"potentialAction\":[{\"@type\":\"SearchAction\",\"target\":{\"@type\":\"EntryPoint\",\"urlTemplate\":\"https:\/\/kawasan.vn\/?s={search_term_string}\"},\"query-input\":{\"@type\":\"PropertyValueSpecification\",\"valueRequired\":true,\"valueName\":\"search_term_string\"}}],\"inLanguage\":\"en-US\"}]}<\/script>\n<!-- \/ Yoast SEO Premium plugin. -->","yoast_head_json":{"title":"H\u1ea1t c\u00f4ng t\u1eafc \u0111i\u1ec1u khi\u1ec3n t\u1eeb xa \u00e2m t\u01b0\u1eddng (H\u1ea1t Thu) 6RF02PNW-RM12D - Kawasan","robots":{"index":"index","follow":"follow","max-snippet":"max-snippet:-1","max-image-preview":"max-image-preview:large","max-video-preview":"max-video-preview:-1"},"canonical":"https:\/\/kawasan.vn\/en\/product\/hat-cong-tac-dieu-khien-tu-xa-am-tuong-hat-thu-6rf02pnw-rm12d\/","og_locale":"en_US","og_type":"article","og_title":"H\u1ea1t c\u00f4ng t\u1eafc \u0111i\u1ec1u khi\u1ec3n t\u1eeb xa \u00e2m t\u01b0\u1eddng (H\u1ea1t Thu) 6RF02PNW-RM12D","og_description":"\u0110\u1eb6C \u0110I\u1ec2M C\u1ee6A H\u1ea0T C\u00d4NG T\u1eaeC \u0110I\u1ec0U KHI\u1ec2N T\u1eea XA (H\u1ea0T THU) RF02PNW V\u1edbi thi\u1ebft k\u1ebf l\u1eafp \u00e2m t\u01b0\u1eddng, v\u1eeba v\u00e0o \u0111\u1ebf v\u00e0 m\u1eb7t c\u00f4ng t\u1eafc ch\u1eef nh\u1eadt c\u1ee7a h\u00e3ng Panasonic Wide ho\u1eb7c c\u00e1c lo\u1ea1i t\u01b0\u01a1ng t\u1ef1, d\u00f9ng \u0111\u1ec3 t\u1eaft\/b\u1eadt \u0111\u00e8n\u2026 t\u1ea1i ch\u1ed7 nh\u01b0 c\u00e1c c\u00f4ng t\u1eafc c\u01a1 th\u00f4ng th\u01b0\u1eddng v\u1edbi c\u00f4ng ngh\u1ec7 c\u1ea3m \u1ee9ng [&hellip;]","og_url":"https:\/\/kawasan.vn\/en\/product\/hat-cong-tac-dieu-khien-tu-xa-am-tuong-hat-thu-6rf02pnw-rm12d\/","og_site_name":"Kawasan","article_modified_time":"2025-04-29T02:17:20+00:00","og_image":[{"width":600,"height":600,"url":"https:\/\/kawasan.vn\/wp-content\/uploads\/2023\/11\/hat-cong-tac-dieu-khien-tu-xa-am-tuong-hat-thu-6rf02pnw-rm12d_65598c03d47d4.jpeg","type":"image\/jpeg"}],"twitter_card":"summary_large_image","twitter_misc":{"Est. reading time":"5 minutes"},"schema":{"@context":"https:\/\/schema.org","@graph":[{"@type":"WebPage","@id":"https:\/\/kawasan.vn\/san-pham\/hat-cong-tac-dieu-khien-tu-xa-am-tuong-hat-thu-6rf02pnw-rm12d\/","url":"https:\/\/kawasan.vn\/san-pham\/hat-cong-tac-dieu-khien-tu-xa-am-tuong-hat-thu-6rf02pnw-rm12d\/","name":"H\u1ea1t c\u00f4ng t\u1eafc \u0111i\u1ec1u khi\u1ec3n t\u1eeb xa \u00e2m t\u01b0\u1eddng (H\u1ea1t Thu) 6RF02PNW-RM12D - Kawasan","isPartOf":{"@id":"https:\/\/kawasan.vn\/#website"},"primaryImageOfPage":{"@id":"https:\/\/kawasan.vn\/san-pham\/hat-cong-tac-dieu-khien-tu-xa-am-tuong-hat-thu-6rf02pnw-rm12d\/#primaryimage"},"image":{"@id":"https:\/\/kawasan.vn\/san-pham\/hat-cong-tac-dieu-khien-tu-xa-am-tuong-hat-thu-6rf02pnw-rm12d\/#primaryimage"},"thumbnailUrl":"https:\/\/kawasan.vn\/wp-content\/uploads\/2023\/11\/hat-cong-tac-dieu-khien-tu-xa-am-tuong-hat-thu-6rf02pnw-rm12d_65598c03d47d4.jpeg","datePublished":"2025-04-29T01:59:53+00:00","dateModified":"2025-04-29T02:17:20+00:00","breadcrumb":{"@id":"https:\/\/kawasan.vn\/san-pham\/hat-cong-tac-dieu-khien-tu-xa-am-tuong-hat-thu-6rf02pnw-rm12d\/#breadcrumb"},"inLanguage":"en-US","potentialAction":[{"@type":"ReadAction","target":["https:\/\/kawasan.vn\/san-pham\/hat-cong-tac-dieu-khien-tu-xa-am-tuong-hat-thu-6rf02pnw-rm12d\/"]}]},{"@type":"ImageObject","inLanguage":"en-US","@id":"https:\/\/kawasan.vn\/san-pham\/hat-cong-tac-dieu-khien-tu-xa-am-tuong-hat-thu-6rf02pnw-rm12d\/#primaryimage","url":"https:\/\/kawasan.vn\/wp-content\/uploads\/2023\/11\/hat-cong-tac-dieu-khien-tu-xa-am-tuong-hat-thu-6rf02pnw-rm12d_65598c03d47d4.jpeg","contentUrl":"https:\/\/kawasan.vn\/wp-content\/uploads\/2023\/11\/hat-cong-tac-dieu-khien-tu-xa-am-tuong-hat-thu-6rf02pnw-rm12d_65598c03d47d4.jpeg","width":600,"height":600,"caption":"6RF02PNW-RM12D"},{"@type":"BreadcrumbList","@id":"https:\/\/kawasan.vn\/san-pham\/hat-cong-tac-dieu-khien-tu-xa-am-tuong-hat-thu-6rf02pnw-rm12d\/#breadcrumb","itemListElement":[{"@type":"ListItem","position":1,"name":"Trang ch\u1ee7","item":"https:\/\/kawasan.vn\/"},{"@type":"ListItem","position":2,"name":"S\u1ea3n ph\u1ea9m","item":"https:\/\/kawasan.vn\/san-pham\/"},{"@type":"ListItem","position":3,"name":"H\u1ea1t c\u00f4ng t\u1eafc \u0111i\u1ec1u khi\u1ec3n t\u1eeb xa \u00e2m t\u01b0\u1eddng (H\u1ea1t Thu) 6RF02PNW-RM12D"}]},{"@type":"WebSite","@id":"https:\/\/kawasan.vn\/#website","url":"https:\/\/kawasan.vn\/","name":"Kawasan","description":"","potentialAction":[{"@type":"SearchAction","target":{"@type":"EntryPoint","urlTemplate":"https:\/\/kawasan.vn\/?s={search_term_string}"},"query-input":{"@type":"PropertyValueSpecification","valueRequired":true,"valueName":"search_term_string"}}],"inLanguage":"en-US"}]}},"_links":{"self":[{"href":"https:\/\/kawasan.vn\/en\/wp-json\/wp\/v2\/product\/22895","targetHints":{"allow":["GET"]}}],"collection":[{"href":"https:\/\/kawasan.vn\/en\/wp-json\/wp\/v2\/product"}],"about":[{"href":"https:\/\/kawasan.vn\/en\/wp-json\/wp\/v2\/types\/product"}],"replies":[{"embeddable":true,"href":"https:\/\/kawasan.vn\/en\/wp-json\/wp\/v2\/comments?post=22895"}],"version-history":[{"count":2,"href":"https:\/\/kawasan.vn\/en\/wp-json\/wp\/v2\/product\/22895\/revisions"}],"predecessor-version":[{"id":22907,"href":"https:\/\/kawasan.vn\/en\/wp-json\/wp\/v2\/product\/22895\/revisions\/22907"}],"wp:featuredmedia":[{"embeddable":true,"href":"https:\/\/kawasan.vn\/en\/wp-json\/wp\/v2\/media\/12736"}],"wp:attachment":[{"href":"https:\/\/kawasan.vn\/en\/wp-json\/wp\/v2\/media?parent=22895"}],"wp:term":[{"taxonomy":"product_cat","embeddable":true,"href":"https:\/\/kawasan.vn\/en\/wp-json\/wp\/v2\/product_cat?post=22895"},{"taxonomy":"product_tag","embeddable":true,"href":"https:\/\/kawasan.vn\/en\/wp-json\/wp\/v2\/product_tag?post=22895"}],"curies":[{"name":"wp","href":"https:\/\/api.w.org\/{rel}","templated":true}]}}