{"id":22845,"date":"2025-04-28T14:45:20","date_gmt":"2025-04-28T07:45:20","guid":{"rendered":"https:\/\/kawasan.vn\/?post_type=product&#038;p=22845"},"modified":"2025-05-22T16:27:54","modified_gmt":"2025-05-22T09:27:54","slug":"o-cam-hen-gio-co-topica-200s","status":"publish","type":"product","link":"https:\/\/kawasan.vn\/en\/product\/o-cam-hen-gio-co-topica-200s\/","title":{"rendered":"\u1ed4 C\u1eafm H\u1eb9n Gi\u1edd C\u01a1 Topica 200S"},"content":{"rendered":"<p>\u0110\u00e2y l\u00e0 lo\u1ea1i c\u00f4ng t\u1eafc th\u1eddi gian d\u1ea1ng c\u01a1 ( hay c\u00f2n g\u1ecdi l\u00e0 Timer 24 gi\u1edd d\u1ea1ng c\u01a1 ) thi\u1ebft k\u1ebf d\u1ea1ng \u1ed5 c\u1eafm.<\/p>\n<p><strong><u>Ch\u1ee9c n\u0103ng :<\/u><\/strong><\/p>\n<ul>\n<li>L\u00e0 1 thi\u1ebft b\u1ecb \u0111\u00f3ng ng\u1eaft \u0111i\u1ec7n c\u00f3 c\u1ea5u t\u1ea1o g\u1ed3m :<\/li>\n<li>1 \u0111\u1ed3ng h\u1ed3 ch\u1ea1y theo gi\u1edd th\u1ef1c t\u1ebf ( chu k\u1ef3 24 ti\u1ebfng\/ng\u00e0y). Khi \u0111\u01b0\u1ee3c c\u1ea5p ngu\u1ed3n v\u00e0 ch\u1ec9nh gi\u1edd ( theo gi\u1edd th\u1ef1c t\u1ebf ), \u0111\u1ed3ng h\u1ed3 s\u1ebd ch\u1ea1y ch\u00ednh x\u00e1c theo gi\u1edd v\u1eeba ch\u1ec9nh. Khi m\u1ea5t ngu\u1ed3n ta c\u1ea7n ch\u1ec9nh l\u1ea1i gi\u1edd th\u1ef1c t\u1ebf cho ch\u00ednh x\u00e1c.<\/li>\n<li>1 c\u00f4ng t\u1eafc c\u00e0i \u0111\u1eb7t l\u1ecbch l\u00e0m vi\u1ec7c t\u1eaft\/m\u1edf cho thi\u1ebft b\u1ecb ( \u0111\u00e8n, qu\u1ea1t\u2026). C\u00e0i \u0111\u1eb7t \u0111\u00f3ng m\u1edf t\u1ed1i thi\u1ec3u l\u00e0 15 ph\u00fat v\u00e0 t\u1ed1i \u0111a l\u00e0 24 ti\u1ebfng v\u00e0 l\u1eb7p l\u1ea1i h\u1eb1ng ng\u00e0y.<\/li>\n<\/ul>\n<p><strong><u>\u1ee8ng d\u1ee5ng :<\/u><\/strong><\/p>\n<ul>\n<li>C\u00e0i \u0111\u1eb7t t\u1ef1 \u0111\u1ed9ng t\u1eaft m\u1edf \u0111\u00e8n gia \u0111\u00ecnh, \u0111\u00e8n s\u00e2n v\u01b0\u1eddn, ban c\u00f4ng, s\u00e2n th\u01b0\u1ee3ng, \u0111\u00e8n b\u1ea3ng hi\u1ec7u, \u0111i\u1ec1u khi\u1ec3n t\u1eaft m\u1edf qu\u1ea1t, \u0111i\u1ec1u khi\u1ec3n b\u01a1m c\u00f4ng su\u1ea5t nh\u1ecf( &lt;1HP),\u2026<\/li>\n<\/ul>","protected":false},"excerpt":{"rendered":"<p>\u0110\u00e2y l\u00e0 lo\u1ea1i c\u00f4ng t\u1eafc th\u1eddi gian d\u1ea1ng c\u01a1 ( hay c\u00f2n g\u1ecdi l\u00e0 Timer 24 gi\u1edd d\u1ea1ng c\u01a1 ) thi\u1ebft k\u1ebf d\u1ea1ng \u1ed5 c\u1eafm. Ch\u1ee9c n\u0103ng : L\u00e0 1 thi\u1ebft b\u1ecb \u0111\u00f3ng ng\u1eaft \u0111i\u1ec7n c\u00f3 c\u1ea5u t\u1ea1o g\u1ed3m : 1 \u0111\u1ed3ng h\u1ed3 ch\u1ea1y theo gi\u1edd th\u1ef1c t\u1ebf ( chu k\u1ef3 24 ti\u1ebfng\/ng\u00e0y). Khi \u0111\u01b0\u1ee3c [&hellip;]<\/p>","protected":false},"featured_media":11813,"comment_status":"open","ping_status":"closed","template":"","meta":{"_yoast_wpseo_focuskw":"","_yoast_wpseo_metadesc":"","_yoast_wpseo_focuskeywords":"","_yoast_wpseo_keyword_synonyms":""},"product_cat":[15],"product_tag":[],"class_list":["post-22845","product","type-product","status-publish","has-post-thumbnail","hentry","product_cat-cong-tac-cam-ung-chuyen-dong"],"acf":[],"yoast_head":"<!-- This site is optimized with the Yoast SEO Premium plugin v24.9 (Yoast SEO v24.9) - https:\/\/yoast.com\/wordpress\/plugins\/seo\/ -->\n<title>\u1ed4 C\u1eafm H\u1eb9n Gi\u1edd C\u01a1 Topica 200S - Kawasan<\/title>\n<meta name=\"robots\" content=\"index, follow, max-snippet:-1, max-image-preview:large, max-video-preview:-1\" \/>\n<link rel=\"canonical\" href=\"https:\/\/kawasan.vn\/en\/product\/o-cam-hen-gio-co-topica-200s\/\" \/>\n<meta property=\"og:locale\" content=\"en_US\" \/>\n<meta property=\"og:type\" content=\"article\" \/>\n<meta property=\"og:title\" content=\"\u1ed4 C\u1eafm H\u1eb9n Gi\u1edd C\u01a1 Topica 200S\" \/>\n<meta property=\"og:description\" content=\"\u0110\u00e2y l\u00e0 lo\u1ea1i c\u00f4ng t\u1eafc th\u1eddi gian d\u1ea1ng c\u01a1 ( hay c\u00f2n g\u1ecdi l\u00e0 Timer 24 gi\u1edd d\u1ea1ng c\u01a1 ) thi\u1ebft k\u1ebf d\u1ea1ng \u1ed5 c\u1eafm. Ch\u1ee9c n\u0103ng : L\u00e0 1 thi\u1ebft b\u1ecb \u0111\u00f3ng ng\u1eaft \u0111i\u1ec7n c\u00f3 c\u1ea5u t\u1ea1o g\u1ed3m : 1 \u0111\u1ed3ng h\u1ed3 ch\u1ea1y theo gi\u1edd th\u1ef1c t\u1ebf ( chu k\u1ef3 24 ti\u1ebfng\/ng\u00e0y). Khi \u0111\u01b0\u1ee3c [&hellip;]\" \/>\n<meta property=\"og:url\" content=\"https:\/\/kawasan.vn\/en\/product\/o-cam-hen-gio-co-topica-200s\/\" \/>\n<meta property=\"og:site_name\" content=\"Kawasan\" \/>\n<meta property=\"article:modified_time\" content=\"2025-05-22T09:27:54+00:00\" \/>\n<meta property=\"og:image\" content=\"https:\/\/kawasan.vn\/wp-content\/uploads\/2023\/11\/o-cam-hen-gio-co-topica-200s-bao-hanh-3-thang_6555e2c97eccb.png\" \/>\n\t<meta property=\"og:image:width\" content=\"600\" \/>\n\t<meta property=\"og:image:height\" content=\"600\" \/>\n\t<meta property=\"og:image:type\" content=\"image\/png\" \/>\n<meta name=\"twitter:card\" content=\"summary_large_image\" \/>\n<meta name=\"twitter:label1\" content=\"Est. reading time\" \/>\n\t<meta name=\"twitter:data1\" content=\"2 minutes\" \/>\n<script type=\"application\/ld+json\" class=\"yoast-schema-graph\">{\"@context\":\"https:\/\/schema.org\",\"@graph\":[{\"@type\":\"WebPage\",\"@id\":\"https:\/\/kawasan.vn\/san-pham\/o-cam-hen-gio-co-topica-200s\/\",\"url\":\"https:\/\/kawasan.vn\/san-pham\/o-cam-hen-gio-co-topica-200s\/\",\"name\":\"\u1ed4 C\u1eafm H\u1eb9n Gi\u1edd C\u01a1 Topica 200S - Kawasan\",\"isPartOf\":{\"@id\":\"https:\/\/kawasan.vn\/#website\"},\"primaryImageOfPage\":{\"@id\":\"https:\/\/kawasan.vn\/san-pham\/o-cam-hen-gio-co-topica-200s\/#primaryimage\"},\"image\":{\"@id\":\"https:\/\/kawasan.vn\/san-pham\/o-cam-hen-gio-co-topica-200s\/#primaryimage\"},\"thumbnailUrl\":\"https:\/\/kawasan.vn\/wp-content\/uploads\/2023\/11\/o-cam-hen-gio-co-topica-200s-bao-hanh-3-thang_6555e2c97eccb.png\",\"datePublished\":\"2025-04-28T07:45:20+00:00\",\"dateModified\":\"2025-05-22T09:27:54+00:00\",\"breadcrumb\":{\"@id\":\"https:\/\/kawasan.vn\/san-pham\/o-cam-hen-gio-co-topica-200s\/#breadcrumb\"},\"inLanguage\":\"en-US\",\"potentialAction\":[{\"@type\":\"ReadAction\",\"target\":[\"https:\/\/kawasan.vn\/san-pham\/o-cam-hen-gio-co-topica-200s\/\"]}]},{\"@type\":\"ImageObject\",\"inLanguage\":\"en-US\",\"@id\":\"https:\/\/kawasan.vn\/san-pham\/o-cam-hen-gio-co-topica-200s\/#primaryimage\",\"url\":\"https:\/\/kawasan.vn\/wp-content\/uploads\/2023\/11\/o-cam-hen-gio-co-topica-200s-bao-hanh-3-thang_6555e2c97eccb.png\",\"contentUrl\":\"https:\/\/kawasan.vn\/wp-content\/uploads\/2023\/11\/o-cam-hen-gio-co-topica-200s-bao-hanh-3-thang_6555e2c97eccb.png\",\"width\":600,\"height\":600,\"caption\":\"Topica 200s\"},{\"@type\":\"BreadcrumbList\",\"@id\":\"https:\/\/kawasan.vn\/san-pham\/o-cam-hen-gio-co-topica-200s\/#breadcrumb\",\"itemListElement\":[{\"@type\":\"ListItem\",\"position\":1,\"name\":\"Trang ch\u1ee7\",\"item\":\"https:\/\/kawasan.vn\/\"},{\"@type\":\"ListItem\",\"position\":2,\"name\":\"S\u1ea3n ph\u1ea9m\",\"item\":\"https:\/\/kawasan.vn\/san-pham\/\"},{\"@type\":\"ListItem\",\"position\":3,\"name\":\"\u1ed4 C\u1eafm H\u1eb9n Gi\u1edd C\u01a1 Topica 200S\"}]},{\"@type\":\"WebSite\",\"@id\":\"https:\/\/kawasan.vn\/#website\",\"url\":\"https:\/\/kawasan.vn\/\",\"name\":\"Kawasan\",\"description\":\"\",\"potentialAction\":[{\"@type\":\"SearchAction\",\"target\":{\"@type\":\"EntryPoint\",\"urlTemplate\":\"https:\/\/kawasan.vn\/?s={search_term_string}\"},\"query-input\":{\"@type\":\"PropertyValueSpecification\",\"valueRequired\":true,\"valueName\":\"search_term_string\"}}],\"inLanguage\":\"en-US\"}]}<\/script>\n<!-- \/ Yoast SEO Premium plugin. -->","yoast_head_json":{"title":"\u1ed4 C\u1eafm H\u1eb9n Gi\u1edd C\u01a1 Topica 200S - Kawasan","robots":{"index":"index","follow":"follow","max-snippet":"max-snippet:-1","max-image-preview":"max-image-preview:large","max-video-preview":"max-video-preview:-1"},"canonical":"https:\/\/kawasan.vn\/en\/product\/o-cam-hen-gio-co-topica-200s\/","og_locale":"en_US","og_type":"article","og_title":"\u1ed4 C\u1eafm H\u1eb9n Gi\u1edd C\u01a1 Topica 200S","og_description":"\u0110\u00e2y l\u00e0 lo\u1ea1i c\u00f4ng t\u1eafc th\u1eddi gian d\u1ea1ng c\u01a1 ( hay c\u00f2n g\u1ecdi l\u00e0 Timer 24 gi\u1edd d\u1ea1ng c\u01a1 ) thi\u1ebft k\u1ebf d\u1ea1ng \u1ed5 c\u1eafm. Ch\u1ee9c n\u0103ng : L\u00e0 1 thi\u1ebft b\u1ecb \u0111\u00f3ng ng\u1eaft \u0111i\u1ec7n c\u00f3 c\u1ea5u t\u1ea1o g\u1ed3m : 1 \u0111\u1ed3ng h\u1ed3 ch\u1ea1y theo gi\u1edd th\u1ef1c t\u1ebf ( chu k\u1ef3 24 ti\u1ebfng\/ng\u00e0y). Khi \u0111\u01b0\u1ee3c [&hellip;]","og_url":"https:\/\/kawasan.vn\/en\/product\/o-cam-hen-gio-co-topica-200s\/","og_site_name":"Kawasan","article_modified_time":"2025-05-22T09:27:54+00:00","og_image":[{"width":600,"height":600,"url":"https:\/\/kawasan.vn\/wp-content\/uploads\/2023\/11\/o-cam-hen-gio-co-topica-200s-bao-hanh-3-thang_6555e2c97eccb.png","type":"image\/png"}],"twitter_card":"summary_large_image","twitter_misc":{"Est. reading time":"2 minutes"},"schema":{"@context":"https:\/\/schema.org","@graph":[{"@type":"WebPage","@id":"https:\/\/kawasan.vn\/san-pham\/o-cam-hen-gio-co-topica-200s\/","url":"https:\/\/kawasan.vn\/san-pham\/o-cam-hen-gio-co-topica-200s\/","name":"\u1ed4 C\u1eafm H\u1eb9n Gi\u1edd C\u01a1 Topica 200S - Kawasan","isPartOf":{"@id":"https:\/\/kawasan.vn\/#website"},"primaryImageOfPage":{"@id":"https:\/\/kawasan.vn\/san-pham\/o-cam-hen-gio-co-topica-200s\/#primaryimage"},"image":{"@id":"https:\/\/kawasan.vn\/san-pham\/o-cam-hen-gio-co-topica-200s\/#primaryimage"},"thumbnailUrl":"https:\/\/kawasan.vn\/wp-content\/uploads\/2023\/11\/o-cam-hen-gio-co-topica-200s-bao-hanh-3-thang_6555e2c97eccb.png","datePublished":"2025-04-28T07:45:20+00:00","dateModified":"2025-05-22T09:27:54+00:00","breadcrumb":{"@id":"https:\/\/kawasan.vn\/san-pham\/o-cam-hen-gio-co-topica-200s\/#breadcrumb"},"inLanguage":"en-US","potentialAction":[{"@type":"ReadAction","target":["https:\/\/kawasan.vn\/san-pham\/o-cam-hen-gio-co-topica-200s\/"]}]},{"@type":"ImageObject","inLanguage":"en-US","@id":"https:\/\/kawasan.vn\/san-pham\/o-cam-hen-gio-co-topica-200s\/#primaryimage","url":"https:\/\/kawasan.vn\/wp-content\/uploads\/2023\/11\/o-cam-hen-gio-co-topica-200s-bao-hanh-3-thang_6555e2c97eccb.png","contentUrl":"https:\/\/kawasan.vn\/wp-content\/uploads\/2023\/11\/o-cam-hen-gio-co-topica-200s-bao-hanh-3-thang_6555e2c97eccb.png","width":600,"height":600,"caption":"Topica 200s"},{"@type":"BreadcrumbList","@id":"https:\/\/kawasan.vn\/san-pham\/o-cam-hen-gio-co-topica-200s\/#breadcrumb","itemListElement":[{"@type":"ListItem","position":1,"name":"Trang ch\u1ee7","item":"https:\/\/kawasan.vn\/"},{"@type":"ListItem","position":2,"name":"S\u1ea3n ph\u1ea9m","item":"https:\/\/kawasan.vn\/san-pham\/"},{"@type":"ListItem","position":3,"name":"\u1ed4 C\u1eafm H\u1eb9n Gi\u1edd C\u01a1 Topica 200S"}]},{"@type":"WebSite","@id":"https:\/\/kawasan.vn\/#website","url":"https:\/\/kawasan.vn\/","name":"Kawasan","description":"","potentialAction":[{"@type":"SearchAction","target":{"@type":"EntryPoint","urlTemplate":"https:\/\/kawasan.vn\/?s={search_term_string}"},"query-input":{"@type":"PropertyValueSpecification","valueRequired":true,"valueName":"search_term_string"}}],"inLanguage":"en-US"}]}},"_links":{"self":[{"href":"https:\/\/kawasan.vn\/en\/wp-json\/wp\/v2\/product\/22845","targetHints":{"allow":["GET"]}}],"collection":[{"href":"https:\/\/kawasan.vn\/en\/wp-json\/wp\/v2\/product"}],"about":[{"href":"https:\/\/kawasan.vn\/en\/wp-json\/wp\/v2\/types\/product"}],"replies":[{"embeddable":true,"href":"https:\/\/kawasan.vn\/en\/wp-json\/wp\/v2\/comments?post=22845"}],"version-history":[{"count":3,"href":"https:\/\/kawasan.vn\/en\/wp-json\/wp\/v2\/product\/22845\/revisions"}],"predecessor-version":[{"id":24109,"href":"https:\/\/kawasan.vn\/en\/wp-json\/wp\/v2\/product\/22845\/revisions\/24109"}],"wp:featuredmedia":[{"embeddable":true,"href":"https:\/\/kawasan.vn\/en\/wp-json\/wp\/v2\/media\/11813"}],"wp:attachment":[{"href":"https:\/\/kawasan.vn\/en\/wp-json\/wp\/v2\/media?parent=22845"}],"wp:term":[{"taxonomy":"product_cat","embeddable":true,"href":"https:\/\/kawasan.vn\/en\/wp-json\/wp\/v2\/product_cat?post=22845"},{"taxonomy":"product_tag","embeddable":true,"href":"https:\/\/kawasan.vn\/en\/wp-json\/wp\/v2\/product_tag?post=22845"}],"curies":[{"name":"wp","href":"https:\/\/api.w.org\/{rel}","templated":true}]}}