{"id":22818,"date":"2025-04-28T10:42:09","date_gmt":"2025-04-28T03:42:09","guid":{"rendered":"https:\/\/kawasan.vn\/?post_type=product&#038;p=22818"},"modified":"2025-05-08T18:15:24","modified_gmt":"2025-05-08T11:15:24","slug":"o-cam-dieu-khien-tu-xa-750w-tb02c-rm2c","status":"publish","type":"product","link":"https:\/\/kawasan.vn\/en\/product\/o-cam-dieu-khien-tu-xa-750w-tb02c-rm2c\/","title":{"rendered":"750W Remote Control Socket TB02C-RM2C"},"content":{"rendered":"<h2><span class=\"ez-toc-section\" id=\"O_CAM_DIEU_KHIEN_TU_XA_TB02C_LA_GI\"><\/span><strong>\u1ed4 C\u1eaeM \u0110I\u1ec0U KHI\u1ec2N T\u1eea XA TB02C L\u00c0 G\u00cc?<\/strong><span class=\"ez-toc-section-end\"><\/span><\/h2><div id=\"ez-toc-container\" class=\"ez-toc-v2_0_69_1 counter-hierarchy ez-toc-counter ez-toc-grey ez-toc-container-direction\">\n<div class=\"ez-toc-title-container\">\n<p class=\"ez-toc-title\" >N\u1ed9i Dung B&agrave;i Vi\u1ebft<\/p>\n<span class=\"ez-toc-title-toggle\"><a href=\"#\" class=\"ez-toc-pull-right ez-toc-btn ez-toc-btn-xs ez-toc-btn-default ez-toc-toggle\" aria-label=\"Toggle Table of Content\"><span class=\"ez-toc-js-icon-con\"><span class=\"\"><span class=\"eztoc-hide\" style=\"display:none;\">Toggle<\/span><span class=\"ez-toc-icon-toggle-span\"><svg style=\"fill: #999;color:#999\" xmlns=\"http:\/\/www.w3.org\/2000\/svg\" class=\"list-377408\" width=\"20px\" height=\"20px\" viewbox=\"0 0 24 24\" fill=\"none\"><path d=\"M6 6H4v2h2V6zm14 0H8v2h12V6zM4 11h2v2H4v-2zm16 0H8v2h12v-2zM4 16h2v2H4v-2zm16 0H8v2h12v-2z\" fill=\"currentColor\"><\/path><\/svg><svg style=\"fill: #999;color:#999\" class=\"arrow-unsorted-368013\" xmlns=\"http:\/\/www.w3.org\/2000\/svg\" width=\"10px\" height=\"10px\" viewbox=\"0 0 24 24\" version=\"1.2\" baseprofile=\"tiny\"><path d=\"M18.2 9.3l-6.2-6.3-6.2 6.3c-.2.2-.3.4-.3.7s.1.5.3.7c.2.2.4.3.7.3h11c.3 0 .5-.1.7-.3.2-.2.3-.5.3-.7s-.1-.5-.3-.7zM5.8 14.7l6.2 6.3 6.2-6.3c.2-.2.3-.5.3-.7s-.1-.5-.3-.7c-.2-.2-.4-.3-.7-.3h-11c-.3 0-.5.1-.7.3-.2.2-.3.5-.3.7s.1.5.3.7z\"\/><\/svg><\/span><\/span><\/span><\/a><\/span><\/div>\n<nav><ul class='ez-toc-list ez-toc-list-level-1 eztoc-toggle-hide-by-default' ><li class='ez-toc-page-1 ez-toc-heading-level-2'><a class=\"ez-toc-link ez-toc-heading-1\" href=\"https:\/\/kawasan.vn\/en\/product\/o-cam-dieu-khien-tu-xa-750w-tb02c-rm2c\/#O_CAM_DIEU_KHIEN_TU_XA_TB02C_LA_GI\" title=\"\u1ed4 C\u1eaeM \u0110I\u1ec0U KHI\u1ec2N T\u1eea XA TB02C L\u00c0 G\u00cc?\">\u1ed4 C\u1eaeM \u0110I\u1ec0U KHI\u1ec2N T\u1eea XA TB02C L\u00c0 G\u00cc?<\/a><\/li><li class='ez-toc-page-1 ez-toc-heading-level-2'><a class=\"ez-toc-link ez-toc-heading-2\" href=\"https:\/\/kawasan.vn\/en\/product\/o-cam-dieu-khien-tu-xa-750w-tb02c-rm2c\/#DAC_DIEM_NOI_BAT\" title=\"\u0110\u1eb6C \u0110I\u1ec2M N\u1ed4I B\u1eacT\">\u0110\u1eb6C \u0110I\u1ec2M N\u1ed4I B\u1eacT<\/a><\/li><li class='ez-toc-page-1 ez-toc-heading-level-2'><a class=\"ez-toc-link ez-toc-heading-3\" href=\"https:\/\/kawasan.vn\/en\/product\/o-cam-dieu-khien-tu-xa-750w-tb02c-rm2c\/#LOI_ICH_CUA_O_CAM_THONG_MINH_DIEU_KHIEN_TU_XA\" title=\"L\u1ee2I \u00cdCH C\u1ee6A \u1ed4 C\u1eaeM TH\u00d4NG MINH \u0110I\u1ec0U KHI\u1ec2N T\u1eea XA\">L\u1ee2I \u00cdCH C\u1ee6A \u1ed4 C\u1eaeM TH\u00d4NG MINH \u0110I\u1ec0U KHI\u1ec2N T\u1eea XA<\/a><\/li><li class='ez-toc-page-1 ez-toc-heading-level-2'><a class=\"ez-toc-link ez-toc-heading-4\" href=\"https:\/\/kawasan.vn\/en\/product\/o-cam-dieu-khien-tu-xa-750w-tb02c-rm2c\/#O_CAM_DIEU_KHIEN_TU_XA_BANG_REMOTE_DUOC_UNG_DUNG_RONG_RAI\" title=\"\u1ed4 C\u1eaeM \u0110I\u1ec0U KHI\u1ec2N T\u1eea XA B\u1eb0NG REMOTE \u0110\u01af\u1ee2C \u1ee8NG D\u1ee4NG R\u1ed8NG R\u00c3I\">\u1ed4 C\u1eaeM \u0110I\u1ec0U KHI\u1ec2N T\u1eea XA B\u1eb0NG REMOTE \u0110\u01af\u1ee2C \u1ee8NG D\u1ee4NG R\u1ed8NG R\u00c3I<\/a><\/li><\/ul><\/nav><\/div>\n\n<ul>\n<li>L\u00e0 s\u1ea3n ph\u1ea9m d\u00f9ng c\u00f4ng ngh\u1ec7 thu ph\u00e1t s\u00f3ng RF433Mhz. L\u00e0m vi\u1ec7c th\u00f4ng minh th\u00f4ng qua CHIP vi x\u1eed l\u00fd t\u1ed1c \u0111\u1ed9 nhanh v\u00e0 xa. Ng\u01b0\u1eddi d\u00f9ng c\u00f3 th\u1ec3 t\u1ef1 b\u1ea5m n\u00fat SET c\u00e0i \u0111\u1eb7t th\u00eam Remote \u0111\u1ec3 \u0111i\u1ec1u khi\u1ec3n c\u00e1c thi\u1ebft b\u1ecb t\u1eeb xa<\/li>\n<li>T\u00edch h\u1ee3p \u0111\u01b0\u1ee3c t\u1ed1i \u0111a 5 remote.<\/li>\n<li>Ngo\u00e0i ra v\u1edbi thi\u1ebft k\u1ebf \u1ed5 c\u1eafm tr\u00f2n ki\u1ec3u Ch\u00e2u \u00c2u gi\u00fap b\u1ea3o v\u1ec7 ng\u01b0\u1eddi d\u00f9ng m\u1ed9t c\u00e1ch t\u1ed1t nh\u1ea5t.<\/li>\n<\/ul>\n<p><img loading=\"lazy\" decoding=\"async\" class=\"aligncenter wp-image-4341\" src=\"https:\/\/kawasan.vn\/wp-content\/uploads\/2025\/04\/o-cam-dieu-khien-tu-xa-tb02c-4.jpg\" alt=\"O Cam Dieu Khien Tu Xa Tb02c (4)\" width=\"400\" height=\"624\" data-cke-saved-src=\"https:\/\/kawasan.vn\/wp-content\/uploads\/2025\/04\/o-cam-dieu-khien-tu-xa-tb02c-4.jpg\" \/><\/p>\n<h2><span class=\"ez-toc-section\" id=\"DAC_DIEM_NOI_BAT\"><\/span>\u0110\u1eb6C \u0110I\u1ec2M N\u1ed4I B\u1eacT<span class=\"ez-toc-section-end\"><\/span><\/h2>\n<ul>\n<li>Kh\u1ea3 n\u0103ng ti\u1ebft ki\u1ec7m \u0111i\u1ec7n cao v\u00e0 hi\u1ec7u qu\u1ea3 v\u01b0\u1ee3t tr\u1ed9i<\/li>\n<li>C\u00f3 kh\u1ea3 n\u0103ng nh\u1eadn l\u1ec7nh t\u1eeb remote xuy\u00ean qua c\u00e1c v\u1eadt c\u1ea3n nh\u01b0: t\u01b0\u1eddng g\u1ed7, th\u1ea1ch cao, c\u1eeda k\u00ednh\u2026<\/li>\n<li>Thi\u1ebft k\u1ebf nh\u1ecf g\u1ecdn v\u00e0 d\u1ec5 s\u1eed d\u1ee5ng<\/li>\n<li>Ch\u1ea5t li\u1ec7u nh\u1ef1a cao c\u1ea5p b\u1ec1n b\u1ec9 theo th\u1eddi gian<\/li>\n<li>C\u00f3 th\u1ec3 t\u00edch h\u1ee3p \u0111\u01b0\u1ee3c v\u1edbi nhi\u1ec1u lo\u1ea1i remote kh\u00e1c nhau nh\u01b0: RM01A, RM01B, RM2, RM2C, RM4C, RM2A\u2026<\/li>\n<\/ul>\n<h2><span class=\"ez-toc-section\" id=\"LOI_ICH_CUA_O_CAM_THONG_MINH_DIEU_KHIEN_TU_XA\"><\/span><strong>L\u1ee2I \u00cdCH C\u1ee6A \u1ed4 C\u1eaeM TH\u00d4NG MINH \u0110I\u1ec0U KHI\u1ec2N T\u1eea XA<\/strong><span class=\"ez-toc-section-end\"><\/span><\/h2>\n<ul>\n<li>An to\u00e0n v\u1ec1 \u0111i\u1ec7n cho ng\u01b0\u1eddi d\u00f9ng v\u00ec kh\u00f4ng ph\u1ea3i ti\u1ebfp x\u00fac tr\u1ef1c ti\u1ebfp v\u00e0o \u1ed5 \u0111i\u1ec7n.<\/li>\n<li>Ti\u1ebft ki\u1ec7m n\u0103ng l\u01b0\u1ee3ng \u0111i\u1ec7n v\u00f4 c\u00f9ng hi\u1ec7u qu\u1ea3.<\/li>\n<li>Ti\u1ebft ki\u1ec7m th\u1eddi gian di chuy\u1ec3n b\u1eadt \u2013 t\u1eaft c\u00e1c thi\u1ebft b\u1ecb.<\/li>\n<li>L\u00e0m t\u1eeb v\u1eadt li\u1ec7u nh\u1ef1a th\u00e2n thi\u1ec7n v\u1edbi m\u00f4i tr\u01b0\u1eddng, \u0111\u1ea3m b\u1ea3o an to\u00e0n ng\u01b0\u1eddi d\u00f9ng.<\/li>\n<li><span id=\"mtc-2528497984725\">Ti\u1ec7n l\u1ee3i, di chuy\u1ec3n b\u1ea5t k\u1ef3 \u0111\u00e2u b\u1ea1n mu\u1ed1n<\/span><\/li>\n<\/ul>\n<p><img loading=\"lazy\" decoding=\"async\" class=\"aligncenter size-medium wp-image-4342\" src=\"https:\/\/kawasan.vn\/wp-content\/uploads\/2025\/04\/o-cam-dieu-khien-tu-xa-tb02c-5.jpg\" alt=\"O Cam Dieu Khien Tu Xa Tb02c (5)\" width=\"800\" height=\"800\" data-cke-saved-src=\"https:\/\/kawasan.vn\/wp-content\/uploads\/2025\/04\/o-cam-dieu-khien-tu-xa-tb02c-5.jpg\" \/><\/p>\n<p><img loading=\"lazy\" decoding=\"async\" class=\"aligncenter size-full wp-image-4338\" src=\"https:\/\/kawasan.vn\/wp-content\/uploads\/2025\/04\/o-cam-dieu-khien-tu-xa-tb02c-1.jpg\" alt=\"O Cam Dieu Khien Tu Xa Tb02c (1)\" width=\"800\" height=\"800\" data-cke-saved-src=\"https:\/\/kawasan.vn\/wp-content\/uploads\/2025\/04\/o-cam-dieu-khien-tu-xa-tb02c-1.jpg\" \/><\/p>\n<h2><span class=\"ez-toc-section\" id=\"O_CAM_DIEU_KHIEN_TU_XA_BANG_REMOTE_DUOC_UNG_DUNG_RONG_RAI\"><\/span>\u1ed4 C\u1eaeM \u0110I\u1ec0U KHI\u1ec2N T\u1eea XA B\u1eb0NG REMOTE \u0110\u01af\u1ee2C \u1ee8NG D\u1ee4NG R\u1ed8NG R\u00c3I<span class=\"ez-toc-section-end\"><\/span><\/h2>\n<ul>\n<li>\u0110i\u1ec1u khi\u1ec3n c\u00e1c thi\u1ebft b\u1ecb trong nh\u00e0 nh\u01b0: \u0111\u00e8n, qu\u1ea1t, t\u1ee7 l\u1ea1nh, l\u00f2 vi s\u00f3ng\u2026<\/li>\n<li>M\u00e1y x\u1ecbt r\u1eeda xe \/ m\u00e1y v\u1ec7 sinh m\u00e1y \u0111i\u1ec1u h\u00f2a<\/li>\n<li>B\u01a1m n\u01b0\u1edbc t\u01b0\u1edbi c\u00e2y, \u0111i\u1ec1u khi\u1ec3n t\u1eaft \/ m\u1edf thi\u1ebft b\u1ecb ch\u1ed1ng tr\u1ed9m i225B, i226B c\u1ee7a Kawsan\u2026<\/li>\n<\/ul>\n<p><img loading=\"lazy\" decoding=\"async\" class=\"aligncenter wp-image-4339\" src=\"https:\/\/kawasan.vn\/wp-content\/uploads\/2025\/04\/o-cam-dieu-khien-tu-xa-tb02c-2.jpg\" alt=\"O Cam Dieu Khien Tu Xa Tb02c (2)\" width=\"800\" height=\"708\" data-cke-saved-src=\"https:\/\/kawasan.vn\/wp-content\/uploads\/2025\/04\/o-cam-dieu-khien-tu-xa-tb02c-2.jpg\" \/><\/p>\n<h3><\/h3>","protected":false},"excerpt":{"rendered":"<p>\u1ed4 C\u1eaeM \u0110I\u1ec0U KHI\u1ec2N T\u1eea XA TB02C L\u00c0 G\u00cc? L\u00e0 s\u1ea3n ph\u1ea9m d\u00f9ng c\u00f4ng ngh\u1ec7 thu ph\u00e1t s\u00f3ng RF433Mhz. L\u00e0m vi\u1ec7c th\u00f4ng minh th\u00f4ng qua CHIP vi x\u1eed l\u00fd t\u1ed1c \u0111\u1ed9 nhanh v\u00e0 xa. Ng\u01b0\u1eddi d\u00f9ng c\u00f3 th\u1ec3 t\u1ef1 b\u1ea5m n\u00fat SET c\u00e0i \u0111\u1eb7t th\u00eam Remote \u0111\u1ec3 \u0111i\u1ec1u khi\u1ec3n c\u00e1c thi\u1ebft b\u1ecb t\u1eeb xa T\u00edch [&hellip;]<\/p>","protected":false},"featured_media":17423,"comment_status":"open","ping_status":"closed","template":"","meta":{"_yoast_wpseo_focuskw":"","_yoast_wpseo_metadesc":"","_yoast_wpseo_focuskeywords":"","_yoast_wpseo_keyword_synonyms":""},"product_cat":[15],"product_tag":[],"class_list":["post-22818","product","type-product","status-publish","has-post-thumbnail","hentry","product_cat-cong-tac-cam-ung-chuyen-dong"],"acf":[],"yoast_head":"<!-- This site is optimized with the Yoast SEO Premium plugin v24.9 (Yoast SEO v24.9) - https:\/\/yoast.com\/wordpress\/plugins\/seo\/ -->\n<title>\u1ed4 C\u1eafm \u0110i\u1ec1u Khi\u1ec3n T\u1eeb Xa 750W TB02C-RM2C - Kawasan<\/title>\n<meta name=\"robots\" content=\"index, follow, max-snippet:-1, max-image-preview:large, max-video-preview:-1\" \/>\n<link rel=\"canonical\" href=\"https:\/\/kawasan.vn\/en\/product\/o-cam-dieu-khien-tu-xa-750w-tb02c-rm2c\/\" \/>\n<meta property=\"og:locale\" content=\"en_US\" \/>\n<meta property=\"og:type\" content=\"article\" \/>\n<meta property=\"og:title\" content=\"\u1ed4 C\u1eafm \u0110i\u1ec1u Khi\u1ec3n T\u1eeb Xa 750W TB02C-RM2C\" \/>\n<meta property=\"og:description\" content=\"\u1ed4 C\u1eaeM \u0110I\u1ec0U KHI\u1ec2N T\u1eea XA TB02C L\u00c0 G\u00cc? L\u00e0 s\u1ea3n ph\u1ea9m d\u00f9ng c\u00f4ng ngh\u1ec7 thu ph\u00e1t s\u00f3ng RF433Mhz. L\u00e0m vi\u1ec7c th\u00f4ng minh th\u00f4ng qua CHIP vi x\u1eed l\u00fd t\u1ed1c \u0111\u1ed9 nhanh v\u00e0 xa. Ng\u01b0\u1eddi d\u00f9ng c\u00f3 th\u1ec3 t\u1ef1 b\u1ea5m n\u00fat SET c\u00e0i \u0111\u1eb7t th\u00eam Remote \u0111\u1ec3 \u0111i\u1ec1u khi\u1ec3n c\u00e1c thi\u1ebft b\u1ecb t\u1eeb xa T\u00edch [&hellip;]\" \/>\n<meta property=\"og:url\" content=\"https:\/\/kawasan.vn\/en\/product\/o-cam-dieu-khien-tu-xa-750w-tb02c-rm2c\/\" \/>\n<meta property=\"og:site_name\" content=\"Kawasan\" \/>\n<meta property=\"article:modified_time\" content=\"2025-05-08T11:15:24+00:00\" \/>\n<meta property=\"og:image\" content=\"https:\/\/kawasan.vn\/wp-content\/uploads\/2023\/11\/o-cam-dieu-khien-tu-xa-TB02C-RM2C.jpg\" \/>\n\t<meta property=\"og:image:width\" content=\"800\" \/>\n\t<meta property=\"og:image:height\" content=\"800\" \/>\n\t<meta property=\"og:image:type\" content=\"image\/jpeg\" \/>\n<meta name=\"twitter:card\" content=\"summary_large_image\" \/>\n<meta name=\"twitter:label1\" content=\"Est. reading time\" \/>\n\t<meta name=\"twitter:data1\" content=\"3 minutes\" \/>\n<script type=\"application\/ld+json\" class=\"yoast-schema-graph\">{\"@context\":\"https:\/\/schema.org\",\"@graph\":[{\"@type\":\"WebPage\",\"@id\":\"https:\/\/kawasan.vn\/san-pham\/o-cam-dieu-khien-tu-xa-750w-tb02c-rm2c\/\",\"url\":\"https:\/\/kawasan.vn\/san-pham\/o-cam-dieu-khien-tu-xa-750w-tb02c-rm2c\/\",\"name\":\"\u1ed4 C\u1eafm \u0110i\u1ec1u Khi\u1ec3n T\u1eeb Xa 750W TB02C-RM2C - Kawasan\",\"isPartOf\":{\"@id\":\"https:\/\/kawasan.vn\/#website\"},\"primaryImageOfPage\":{\"@id\":\"https:\/\/kawasan.vn\/san-pham\/o-cam-dieu-khien-tu-xa-750w-tb02c-rm2c\/#primaryimage\"},\"image\":{\"@id\":\"https:\/\/kawasan.vn\/san-pham\/o-cam-dieu-khien-tu-xa-750w-tb02c-rm2c\/#primaryimage\"},\"thumbnailUrl\":\"https:\/\/kawasan.vn\/wp-content\/uploads\/2023\/11\/o-cam-dieu-khien-tu-xa-TB02C-RM2C.jpg\",\"datePublished\":\"2025-04-28T03:42:09+00:00\",\"dateModified\":\"2025-05-08T11:15:24+00:00\",\"breadcrumb\":{\"@id\":\"https:\/\/kawasan.vn\/san-pham\/o-cam-dieu-khien-tu-xa-750w-tb02c-rm2c\/#breadcrumb\"},\"inLanguage\":\"en-US\",\"potentialAction\":[{\"@type\":\"ReadAction\",\"target\":[\"https:\/\/kawasan.vn\/san-pham\/o-cam-dieu-khien-tu-xa-750w-tb02c-rm2c\/\"]}]},{\"@type\":\"ImageObject\",\"inLanguage\":\"en-US\",\"@id\":\"https:\/\/kawasan.vn\/san-pham\/o-cam-dieu-khien-tu-xa-750w-tb02c-rm2c\/#primaryimage\",\"url\":\"https:\/\/kawasan.vn\/wp-content\/uploads\/2023\/11\/o-cam-dieu-khien-tu-xa-TB02C-RM2C.jpg\",\"contentUrl\":\"https:\/\/kawasan.vn\/wp-content\/uploads\/2023\/11\/o-cam-dieu-khien-tu-xa-TB02C-RM2C.jpg\",\"width\":800,\"height\":800,\"caption\":\"TB02C-RM2C\"},{\"@type\":\"BreadcrumbList\",\"@id\":\"https:\/\/kawasan.vn\/san-pham\/o-cam-dieu-khien-tu-xa-750w-tb02c-rm2c\/#breadcrumb\",\"itemListElement\":[{\"@type\":\"ListItem\",\"position\":1,\"name\":\"Trang ch\u1ee7\",\"item\":\"https:\/\/kawasan.vn\/\"},{\"@type\":\"ListItem\",\"position\":2,\"name\":\"S\u1ea3n ph\u1ea9m\",\"item\":\"https:\/\/kawasan.vn\/san-pham\/\"},{\"@type\":\"ListItem\",\"position\":3,\"name\":\"\u1ed4 C\u1eafm \u0110i\u1ec1u Khi\u1ec3n T\u1eeb Xa 750W TB02C-RM2C\"}]},{\"@type\":\"WebSite\",\"@id\":\"https:\/\/kawasan.vn\/#website\",\"url\":\"https:\/\/kawasan.vn\/\",\"name\":\"Kawasan\",\"description\":\"\",\"potentialAction\":[{\"@type\":\"SearchAction\",\"target\":{\"@type\":\"EntryPoint\",\"urlTemplate\":\"https:\/\/kawasan.vn\/?s={search_term_string}\"},\"query-input\":{\"@type\":\"PropertyValueSpecification\",\"valueRequired\":true,\"valueName\":\"search_term_string\"}}],\"inLanguage\":\"en-US\"}]}<\/script>\n<!-- \/ Yoast SEO Premium plugin. -->","yoast_head_json":{"title":"\u1ed4 C\u1eafm \u0110i\u1ec1u Khi\u1ec3n T\u1eeb Xa 750W TB02C-RM2C - Kawasan","robots":{"index":"index","follow":"follow","max-snippet":"max-snippet:-1","max-image-preview":"max-image-preview:large","max-video-preview":"max-video-preview:-1"},"canonical":"https:\/\/kawasan.vn\/en\/product\/o-cam-dieu-khien-tu-xa-750w-tb02c-rm2c\/","og_locale":"en_US","og_type":"article","og_title":"\u1ed4 C\u1eafm \u0110i\u1ec1u Khi\u1ec3n T\u1eeb Xa 750W TB02C-RM2C","og_description":"\u1ed4 C\u1eaeM \u0110I\u1ec0U KHI\u1ec2N T\u1eea XA TB02C L\u00c0 G\u00cc? L\u00e0 s\u1ea3n ph\u1ea9m d\u00f9ng c\u00f4ng ngh\u1ec7 thu ph\u00e1t s\u00f3ng RF433Mhz. L\u00e0m vi\u1ec7c th\u00f4ng minh th\u00f4ng qua CHIP vi x\u1eed l\u00fd t\u1ed1c \u0111\u1ed9 nhanh v\u00e0 xa. Ng\u01b0\u1eddi d\u00f9ng c\u00f3 th\u1ec3 t\u1ef1 b\u1ea5m n\u00fat SET c\u00e0i \u0111\u1eb7t th\u00eam Remote \u0111\u1ec3 \u0111i\u1ec1u khi\u1ec3n c\u00e1c thi\u1ebft b\u1ecb t\u1eeb xa T\u00edch [&hellip;]","og_url":"https:\/\/kawasan.vn\/en\/product\/o-cam-dieu-khien-tu-xa-750w-tb02c-rm2c\/","og_site_name":"Kawasan","article_modified_time":"2025-05-08T11:15:24+00:00","og_image":[{"width":800,"height":800,"url":"https:\/\/kawasan.vn\/wp-content\/uploads\/2023\/11\/o-cam-dieu-khien-tu-xa-TB02C-RM2C.jpg","type":"image\/jpeg"}],"twitter_card":"summary_large_image","twitter_misc":{"Est. reading time":"3 minutes"},"schema":{"@context":"https:\/\/schema.org","@graph":[{"@type":"WebPage","@id":"https:\/\/kawasan.vn\/san-pham\/o-cam-dieu-khien-tu-xa-750w-tb02c-rm2c\/","url":"https:\/\/kawasan.vn\/san-pham\/o-cam-dieu-khien-tu-xa-750w-tb02c-rm2c\/","name":"\u1ed4 C\u1eafm \u0110i\u1ec1u Khi\u1ec3n T\u1eeb Xa 750W TB02C-RM2C - Kawasan","isPartOf":{"@id":"https:\/\/kawasan.vn\/#website"},"primaryImageOfPage":{"@id":"https:\/\/kawasan.vn\/san-pham\/o-cam-dieu-khien-tu-xa-750w-tb02c-rm2c\/#primaryimage"},"image":{"@id":"https:\/\/kawasan.vn\/san-pham\/o-cam-dieu-khien-tu-xa-750w-tb02c-rm2c\/#primaryimage"},"thumbnailUrl":"https:\/\/kawasan.vn\/wp-content\/uploads\/2023\/11\/o-cam-dieu-khien-tu-xa-TB02C-RM2C.jpg","datePublished":"2025-04-28T03:42:09+00:00","dateModified":"2025-05-08T11:15:24+00:00","breadcrumb":{"@id":"https:\/\/kawasan.vn\/san-pham\/o-cam-dieu-khien-tu-xa-750w-tb02c-rm2c\/#breadcrumb"},"inLanguage":"en-US","potentialAction":[{"@type":"ReadAction","target":["https:\/\/kawasan.vn\/san-pham\/o-cam-dieu-khien-tu-xa-750w-tb02c-rm2c\/"]}]},{"@type":"ImageObject","inLanguage":"en-US","@id":"https:\/\/kawasan.vn\/san-pham\/o-cam-dieu-khien-tu-xa-750w-tb02c-rm2c\/#primaryimage","url":"https:\/\/kawasan.vn\/wp-content\/uploads\/2023\/11\/o-cam-dieu-khien-tu-xa-TB02C-RM2C.jpg","contentUrl":"https:\/\/kawasan.vn\/wp-content\/uploads\/2023\/11\/o-cam-dieu-khien-tu-xa-TB02C-RM2C.jpg","width":800,"height":800,"caption":"TB02C-RM2C"},{"@type":"BreadcrumbList","@id":"https:\/\/kawasan.vn\/san-pham\/o-cam-dieu-khien-tu-xa-750w-tb02c-rm2c\/#breadcrumb","itemListElement":[{"@type":"ListItem","position":1,"name":"Trang ch\u1ee7","item":"https:\/\/kawasan.vn\/"},{"@type":"ListItem","position":2,"name":"S\u1ea3n ph\u1ea9m","item":"https:\/\/kawasan.vn\/san-pham\/"},{"@type":"ListItem","position":3,"name":"\u1ed4 C\u1eafm \u0110i\u1ec1u Khi\u1ec3n T\u1eeb Xa 750W TB02C-RM2C"}]},{"@type":"WebSite","@id":"https:\/\/kawasan.vn\/#website","url":"https:\/\/kawasan.vn\/","name":"Kawasan","description":"","potentialAction":[{"@type":"SearchAction","target":{"@type":"EntryPoint","urlTemplate":"https:\/\/kawasan.vn\/?s={search_term_string}"},"query-input":{"@type":"PropertyValueSpecification","valueRequired":true,"valueName":"search_term_string"}}],"inLanguage":"en-US"}]}},"_links":{"self":[{"href":"https:\/\/kawasan.vn\/en\/wp-json\/wp\/v2\/product\/22818","targetHints":{"allow":["GET"]}}],"collection":[{"href":"https:\/\/kawasan.vn\/en\/wp-json\/wp\/v2\/product"}],"about":[{"href":"https:\/\/kawasan.vn\/en\/wp-json\/wp\/v2\/types\/product"}],"replies":[{"embeddable":true,"href":"https:\/\/kawasan.vn\/en\/wp-json\/wp\/v2\/comments?post=22818"}],"version-history":[{"count":1,"href":"https:\/\/kawasan.vn\/en\/wp-json\/wp\/v2\/product\/22818\/revisions"}],"predecessor-version":[{"id":22819,"href":"https:\/\/kawasan.vn\/en\/wp-json\/wp\/v2\/product\/22818\/revisions\/22819"}],"wp:featuredmedia":[{"embeddable":true,"href":"https:\/\/kawasan.vn\/en\/wp-json\/wp\/v2\/media\/17423"}],"wp:attachment":[{"href":"https:\/\/kawasan.vn\/en\/wp-json\/wp\/v2\/media?parent=22818"}],"wp:term":[{"taxonomy":"product_cat","embeddable":true,"href":"https:\/\/kawasan.vn\/en\/wp-json\/wp\/v2\/product_cat?post=22818"},{"taxonomy":"product_tag","embeddable":true,"href":"https:\/\/kawasan.vn\/en\/wp-json\/wp\/v2\/product_tag?post=22818"}],"curies":[{"name":"wp","href":"https:\/\/api.w.org\/{rel}","templated":true}]}}