{"id":22803,"date":"2025-04-28T10:18:42","date_gmt":"2025-04-28T03:18:42","guid":{"rendered":"https:\/\/kawasan.vn\/?post_type=product&#038;p=22803"},"modified":"2025-12-11T16:06:48","modified_gmt":"2025-12-11T09:06:48","slug":"phu-kien-bo-trung-tam-dau-do-ps01c","status":"publish","type":"product","link":"https:\/\/kawasan.vn\/en\/product\/phu-kien-bo-trung-tam-dau-do-ps01c\/","title":{"rendered":"Ph\u1ee5 Ki\u1ec7n B\u1ed9 Trung T\u00e2m \u0110\u1ea7u D\u00f2 PS01C"},"content":{"rendered":"<p>\u0110\u1ea7u d\u00f2 h\u1ed3ng ngo\u1ea1i\u00a0nh\u1eadn\u00a0bi\u1ebft\u00a0chuy\u1ec3n \u0111\u1ed9ng v\u00e0 th\u00e2n nhi\u1ec7t c\u1ee7a ng\u01b0\u1eddi di chuy\u1ec3n trong v\u00f9ng qu\u00e9t v\u00e0 g\u1eedi t\u00edn hi\u1ec7u b\u00e1o c\u00f3 tr\u1ed9m v\u1ec1 b\u1ed9 trung t\u00e2m ho\u1eb7c c\u00f2i kh\u00f4ng d\u00e2y b\u1eb1ng s\u00f3ng RF433 Mhz<\/p>","protected":false},"excerpt":{"rendered":"<p>\u0110\u1ea7u d\u00f2 h\u1ed3ng ngo\u1ea1i\u00a0nh\u1eadn\u00a0bi\u1ebft\u00a0chuy\u1ec3n \u0111\u1ed9ng v\u00e0 th\u00e2n nhi\u1ec7t c\u1ee7a ng\u01b0\u1eddi di chuy\u1ec3n trong v\u00f9ng qu\u00e9t v\u00e0 g\u1eedi t\u00edn hi\u1ec7u b\u00e1o c\u00f3 tr\u1ed9m v\u1ec1 b\u1ed9 trung t\u00e2m ho\u1eb7c c\u00f2i kh\u00f4ng d\u00e2y b\u1eb1ng s\u00f3ng RF433 Mhz<\/p>","protected":false},"featured_media":28948,"comment_status":"open","ping_status":"closed","template":"","meta":{"_yoast_wpseo_focuskw":"","_yoast_wpseo_metadesc":"","_yoast_wpseo_focuskeywords":"","_yoast_wpseo_keyword_synonyms":""},"product_cat":[1999,15],"product_tag":[],"class_list":["post-22803","product","type-product","status-publish","has-post-thumbnail","hentry","product_cat-cam-bien-hong-ngoai-khong-day","product_cat-cong-tac-cam-ung-chuyen-dong"],"acf":[],"yoast_head":"<!-- This site is optimized with the Yoast SEO Premium plugin v24.9 (Yoast SEO v24.9) - https:\/\/yoast.com\/wordpress\/plugins\/seo\/ -->\n<title>Ph\u1ee5 Ki\u1ec7n B\u1ed9 Trung T\u00e2m \u0110\u1ea7u D\u00f2 PS01C - Kawasan<\/title>\n<meta name=\"robots\" content=\"index, follow, max-snippet:-1, max-image-preview:large, max-video-preview:-1\" \/>\n<link rel=\"canonical\" href=\"https:\/\/kawasan.vn\/en\/product\/phu-kien-bo-trung-tam-dau-do-ps01c\/\" \/>\n<meta property=\"og:locale\" content=\"en_US\" \/>\n<meta property=\"og:type\" content=\"article\" \/>\n<meta property=\"og:title\" content=\"Ph\u1ee5 Ki\u1ec7n B\u1ed9 Trung T\u00e2m \u0110\u1ea7u D\u00f2 PS01C\" \/>\n<meta property=\"og:description\" content=\"\u0110\u1ea7u d\u00f2 h\u1ed3ng ngo\u1ea1i\u00a0nh\u1eadn\u00a0bi\u1ebft\u00a0chuy\u1ec3n \u0111\u1ed9ng v\u00e0 th\u00e2n nhi\u1ec7t c\u1ee7a ng\u01b0\u1eddi di chuy\u1ec3n trong v\u00f9ng qu\u00e9t v\u00e0 g\u1eedi t\u00edn hi\u1ec7u b\u00e1o c\u00f3 tr\u1ed9m v\u1ec1 b\u1ed9 trung t\u00e2m ho\u1eb7c c\u00f2i kh\u00f4ng d\u00e2y b\u1eb1ng s\u00f3ng RF433 Mhz\" \/>\n<meta property=\"og:url\" content=\"https:\/\/kawasan.vn\/en\/product\/phu-kien-bo-trung-tam-dau-do-ps01c\/\" \/>\n<meta property=\"og:site_name\" content=\"Kawasan\" \/>\n<meta property=\"article:modified_time\" content=\"2025-12-11T09:06:48+00:00\" \/>\n<meta property=\"og:image\" content=\"https:\/\/kawasan.vn\/wp-content\/uploads\/2025\/04\/1-4.png\" \/>\n\t<meta property=\"og:image:width\" content=\"900\" \/>\n\t<meta property=\"og:image:height\" content=\"900\" \/>\n\t<meta property=\"og:image:type\" content=\"image\/png\" \/>\n<meta name=\"twitter:card\" content=\"summary_large_image\" \/>\n<meta name=\"twitter:label1\" content=\"Est. reading time\" \/>\n\t<meta name=\"twitter:data1\" content=\"1 minute\" \/>\n<script type=\"application\/ld+json\" class=\"yoast-schema-graph\">{\"@context\":\"https:\/\/schema.org\",\"@graph\":[{\"@type\":\"WebPage\",\"@id\":\"https:\/\/kawasan.vn\/san-pham\/phu-kien-bo-trung-tam-dau-do-ps01c\/\",\"url\":\"https:\/\/kawasan.vn\/san-pham\/phu-kien-bo-trung-tam-dau-do-ps01c\/\",\"name\":\"Ph\u1ee5 Ki\u1ec7n B\u1ed9 Trung T\u00e2m \u0110\u1ea7u D\u00f2 PS01C - Kawasan\",\"isPartOf\":{\"@id\":\"https:\/\/kawasan.vn\/#website\"},\"primaryImageOfPage\":{\"@id\":\"https:\/\/kawasan.vn\/san-pham\/phu-kien-bo-trung-tam-dau-do-ps01c\/#primaryimage\"},\"image\":{\"@id\":\"https:\/\/kawasan.vn\/san-pham\/phu-kien-bo-trung-tam-dau-do-ps01c\/#primaryimage\"},\"thumbnailUrl\":\"https:\/\/kawasan.vn\/wp-content\/uploads\/2025\/04\/1-4.png\",\"datePublished\":\"2025-04-28T03:18:42+00:00\",\"dateModified\":\"2025-12-11T09:06:48+00:00\",\"breadcrumb\":{\"@id\":\"https:\/\/kawasan.vn\/san-pham\/phu-kien-bo-trung-tam-dau-do-ps01c\/#breadcrumb\"},\"inLanguage\":\"en-US\",\"potentialAction\":[{\"@type\":\"ReadAction\",\"target\":[\"https:\/\/kawasan.vn\/san-pham\/phu-kien-bo-trung-tam-dau-do-ps01c\/\"]}]},{\"@type\":\"ImageObject\",\"inLanguage\":\"en-US\",\"@id\":\"https:\/\/kawasan.vn\/san-pham\/phu-kien-bo-trung-tam-dau-do-ps01c\/#primaryimage\",\"url\":\"https:\/\/kawasan.vn\/wp-content\/uploads\/2025\/04\/1-4.png\",\"contentUrl\":\"https:\/\/kawasan.vn\/wp-content\/uploads\/2025\/04\/1-4.png\",\"width\":900,\"height\":900},{\"@type\":\"BreadcrumbList\",\"@id\":\"https:\/\/kawasan.vn\/san-pham\/phu-kien-bo-trung-tam-dau-do-ps01c\/#breadcrumb\",\"itemListElement\":[{\"@type\":\"ListItem\",\"position\":1,\"name\":\"Trang ch\u1ee7\",\"item\":\"https:\/\/kawasan.vn\/\"},{\"@type\":\"ListItem\",\"position\":2,\"name\":\"S\u1ea3n ph\u1ea9m\",\"item\":\"https:\/\/kawasan.vn\/san-pham\/\"},{\"@type\":\"ListItem\",\"position\":3,\"name\":\"Ph\u1ee5 Ki\u1ec7n B\u1ed9 Trung T\u00e2m \u0110\u1ea7u D\u00f2 PS01C\"}]},{\"@type\":\"WebSite\",\"@id\":\"https:\/\/kawasan.vn\/#website\",\"url\":\"https:\/\/kawasan.vn\/\",\"name\":\"Kawasan\",\"description\":\"\",\"potentialAction\":[{\"@type\":\"SearchAction\",\"target\":{\"@type\":\"EntryPoint\",\"urlTemplate\":\"https:\/\/kawasan.vn\/?s={search_term_string}\"},\"query-input\":{\"@type\":\"PropertyValueSpecification\",\"valueRequired\":true,\"valueName\":\"search_term_string\"}}],\"inLanguage\":\"en-US\"}]}<\/script>\n<!-- \/ Yoast SEO Premium plugin. -->","yoast_head_json":{"title":"Ph\u1ee5 Ki\u1ec7n B\u1ed9 Trung T\u00e2m \u0110\u1ea7u D\u00f2 PS01C - Kawasan","robots":{"index":"index","follow":"follow","max-snippet":"max-snippet:-1","max-image-preview":"max-image-preview:large","max-video-preview":"max-video-preview:-1"},"canonical":"https:\/\/kawasan.vn\/en\/product\/phu-kien-bo-trung-tam-dau-do-ps01c\/","og_locale":"en_US","og_type":"article","og_title":"Ph\u1ee5 Ki\u1ec7n B\u1ed9 Trung T\u00e2m \u0110\u1ea7u D\u00f2 PS01C","og_description":"\u0110\u1ea7u d\u00f2 h\u1ed3ng ngo\u1ea1i\u00a0nh\u1eadn\u00a0bi\u1ebft\u00a0chuy\u1ec3n \u0111\u1ed9ng v\u00e0 th\u00e2n nhi\u1ec7t c\u1ee7a ng\u01b0\u1eddi di chuy\u1ec3n trong v\u00f9ng qu\u00e9t v\u00e0 g\u1eedi t\u00edn hi\u1ec7u b\u00e1o c\u00f3 tr\u1ed9m v\u1ec1 b\u1ed9 trung t\u00e2m ho\u1eb7c c\u00f2i kh\u00f4ng d\u00e2y b\u1eb1ng s\u00f3ng RF433 Mhz","og_url":"https:\/\/kawasan.vn\/en\/product\/phu-kien-bo-trung-tam-dau-do-ps01c\/","og_site_name":"Kawasan","article_modified_time":"2025-12-11T09:06:48+00:00","og_image":[{"width":900,"height":900,"url":"https:\/\/kawasan.vn\/wp-content\/uploads\/2025\/04\/1-4.png","type":"image\/png"}],"twitter_card":"summary_large_image","twitter_misc":{"Est. reading time":"1 minute"},"schema":{"@context":"https:\/\/schema.org","@graph":[{"@type":"WebPage","@id":"https:\/\/kawasan.vn\/san-pham\/phu-kien-bo-trung-tam-dau-do-ps01c\/","url":"https:\/\/kawasan.vn\/san-pham\/phu-kien-bo-trung-tam-dau-do-ps01c\/","name":"Ph\u1ee5 Ki\u1ec7n B\u1ed9 Trung T\u00e2m \u0110\u1ea7u D\u00f2 PS01C - Kawasan","isPartOf":{"@id":"https:\/\/kawasan.vn\/#website"},"primaryImageOfPage":{"@id":"https:\/\/kawasan.vn\/san-pham\/phu-kien-bo-trung-tam-dau-do-ps01c\/#primaryimage"},"image":{"@id":"https:\/\/kawasan.vn\/san-pham\/phu-kien-bo-trung-tam-dau-do-ps01c\/#primaryimage"},"thumbnailUrl":"https:\/\/kawasan.vn\/wp-content\/uploads\/2025\/04\/1-4.png","datePublished":"2025-04-28T03:18:42+00:00","dateModified":"2025-12-11T09:06:48+00:00","breadcrumb":{"@id":"https:\/\/kawasan.vn\/san-pham\/phu-kien-bo-trung-tam-dau-do-ps01c\/#breadcrumb"},"inLanguage":"en-US","potentialAction":[{"@type":"ReadAction","target":["https:\/\/kawasan.vn\/san-pham\/phu-kien-bo-trung-tam-dau-do-ps01c\/"]}]},{"@type":"ImageObject","inLanguage":"en-US","@id":"https:\/\/kawasan.vn\/san-pham\/phu-kien-bo-trung-tam-dau-do-ps01c\/#primaryimage","url":"https:\/\/kawasan.vn\/wp-content\/uploads\/2025\/04\/1-4.png","contentUrl":"https:\/\/kawasan.vn\/wp-content\/uploads\/2025\/04\/1-4.png","width":900,"height":900},{"@type":"BreadcrumbList","@id":"https:\/\/kawasan.vn\/san-pham\/phu-kien-bo-trung-tam-dau-do-ps01c\/#breadcrumb","itemListElement":[{"@type":"ListItem","position":1,"name":"Trang ch\u1ee7","item":"https:\/\/kawasan.vn\/"},{"@type":"ListItem","position":2,"name":"S\u1ea3n ph\u1ea9m","item":"https:\/\/kawasan.vn\/san-pham\/"},{"@type":"ListItem","position":3,"name":"Ph\u1ee5 Ki\u1ec7n B\u1ed9 Trung T\u00e2m \u0110\u1ea7u D\u00f2 PS01C"}]},{"@type":"WebSite","@id":"https:\/\/kawasan.vn\/#website","url":"https:\/\/kawasan.vn\/","name":"Kawasan","description":"","potentialAction":[{"@type":"SearchAction","target":{"@type":"EntryPoint","urlTemplate":"https:\/\/kawasan.vn\/?s={search_term_string}"},"query-input":{"@type":"PropertyValueSpecification","valueRequired":true,"valueName":"search_term_string"}}],"inLanguage":"en-US"}]}},"_links":{"self":[{"href":"https:\/\/kawasan.vn\/en\/wp-json\/wp\/v2\/product\/22803","targetHints":{"allow":["GET"]}}],"collection":[{"href":"https:\/\/kawasan.vn\/en\/wp-json\/wp\/v2\/product"}],"about":[{"href":"https:\/\/kawasan.vn\/en\/wp-json\/wp\/v2\/types\/product"}],"replies":[{"embeddable":true,"href":"https:\/\/kawasan.vn\/en\/wp-json\/wp\/v2\/comments?post=22803"}],"version-history":[{"count":2,"href":"https:\/\/kawasan.vn\/en\/wp-json\/wp\/v2\/product\/22803\/revisions"}],"predecessor-version":[{"id":22806,"href":"https:\/\/kawasan.vn\/en\/wp-json\/wp\/v2\/product\/22803\/revisions\/22806"}],"wp:featuredmedia":[{"embeddable":true,"href":"https:\/\/kawasan.vn\/en\/wp-json\/wp\/v2\/media\/28948"}],"wp:attachment":[{"href":"https:\/\/kawasan.vn\/en\/wp-json\/wp\/v2\/media?parent=22803"}],"wp:term":[{"taxonomy":"product_cat","embeddable":true,"href":"https:\/\/kawasan.vn\/en\/wp-json\/wp\/v2\/product_cat?post=22803"},{"taxonomy":"product_tag","embeddable":true,"href":"https:\/\/kawasan.vn\/en\/wp-json\/wp\/v2\/product_tag?post=22803"}],"curies":[{"name":"wp","href":"https:\/\/api.w.org\/{rel}","templated":true}]}}