{"id":22797,"date":"2025-04-28T10:15:43","date_gmt":"2025-04-28T03:15:43","guid":{"rendered":"https:\/\/kawasan.vn\/?post_type=product&#038;p=22797"},"modified":"2025-06-06T11:47:15","modified_gmt":"2025-06-06T04:47:15","slug":"phu-kien-cho-bo-trung-tam-dau-do-ps03b","status":"publish","type":"product","link":"https:\/\/kawasan.vn\/en\/product\/phu-kien-cho-bo-trung-tam-dau-do-ps03b\/","title":{"rendered":"Ph\u1ee5 Ki\u1ec7n Cho B\u1ed9 Trung T\u00e2m \u0110\u1ea7u D\u00f2 PS03B"},"content":{"rendered":"<p>\u0110\u1ea7u d\u00f2 h\u1ed3ng ngo\u1ea1i s\u1eed d\u1ee5ng k\u1ebft h\u1ee3p v\u1edbi b\u1ed9 trung t\u00e2m s\u1eed d\u1ee5ng \u0111\u1ec3 nh\u1eadn bi\u1ebft c\u00f3 ng\u01b0\u1eddi di chuy\u1ec3n trong v\u00f9ng qu\u00e9t. G\u1eedi t\u00edn hi\u1ec7u v\u1ec1 b\u1ed9 b\u00e1o \u0111\u1ed9ng trung t\u00e2m v\u1edbi m\u1ee5c \u0111\u00edch ch\u1ed1ng tr\u1ed9m. \u0110\u1ea7u d\u00f2 h\u1ed3ng ngo\u1ea1i PS03B d\u00f9ng s\u00f3ng RF433 Mhz xuy\u00ean v\u1eadt c\u1ea3n t\u1ed1t nh\u01b0: g\u1ed7, k\u00ednh, t\u01b0\u1eddng m\u1ecfng&#8230;Kho\u1ea3ng c\u00e1ch truy\u1ec1n v\u1ec1 b\u1ed9 trung t\u00e2m 20-50m (tu\u1ef3 v\u1eadt c\u1ea3n).<\/p>\n<p><img decoding=\"async\" src=\"https:\/\/kawasan.com.vn\/image\/data\/PS03B\/dau-do-hong-ngoai-PS03B%20(3).jpg\" alt=\"\" data-cke-saved-src=\"https:\/\/kawasan.vn\/wp-content\/uploads\/2025\/04\/dau-do-hong-ngoai-PS03B-3.jpg\" \/><\/p>\n<p><img decoding=\"async\" src=\"http:\/\/kawasan.com.vn\/image\/data\/BAO%20TROM%20QUA%20DIEN%20THOAI\/PS03B\/2_1.jpg\" alt=\"\" data-cke-saved-src=\"https:\/\/kawasan.vn\/wp-content\/uploads\/2025\/04\/2_1.jpg\" \/><\/p>\n<p><img decoding=\"async\" src=\"https:\/\/kawasan.com.vn\/image\/data\/PS03B\/dau-do-hong-ngoai-PS03B%20(2).jpg\" alt=\"\" data-cke-saved-src=\"https:\/\/kawasan.vn\/wp-content\/uploads\/2025\/04\/dau-do-hong-ngoai-PS03B-2.jpg\" \/><\/p>","protected":false},"excerpt":{"rendered":"<p>\u0110\u1ea7u d\u00f2 h\u1ed3ng ngo\u1ea1i s\u1eed d\u1ee5ng k\u1ebft h\u1ee3p v\u1edbi b\u1ed9 trung t\u00e2m s\u1eed d\u1ee5ng \u0111\u1ec3 nh\u1eadn bi\u1ebft c\u00f3 ng\u01b0\u1eddi di chuy\u1ec3n trong v\u00f9ng qu\u00e9t. G\u1eedi t\u00edn hi\u1ec7u v\u1ec1 b\u1ed9 b\u00e1o \u0111\u1ed9ng trung t\u00e2m v\u1edbi m\u1ee5c \u0111\u00edch ch\u1ed1ng tr\u1ed9m. \u0110\u1ea7u d\u00f2 h\u1ed3ng ngo\u1ea1i PS03B d\u00f9ng s\u00f3ng RF433 Mhz xuy\u00ean v\u1eadt c\u1ea3n t\u1ed1t nh\u01b0: g\u1ed7, k\u00ednh, t\u01b0\u1eddng [&hellip;]<\/p>","protected":false},"featured_media":22798,"comment_status":"open","ping_status":"closed","template":"","meta":{"_yoast_wpseo_focuskw":"","_yoast_wpseo_metadesc":"","_yoast_wpseo_focuskeywords":"","_yoast_wpseo_keyword_synonyms":""},"product_cat":[1999,15],"product_tag":[],"class_list":["post-22797","product","type-product","status-publish","has-post-thumbnail","hentry","product_cat-cam-bien-hong-ngoai-khong-day","product_cat-cong-tac-cam-ung-chuyen-dong"],"acf":[],"yoast_head":"<!-- This site is optimized with the Yoast SEO Premium plugin v24.9 (Yoast SEO v24.9) - https:\/\/yoast.com\/wordpress\/plugins\/seo\/ -->\n<title>Ph\u1ee5 Ki\u1ec7n Cho B\u1ed9 Trung T\u00e2m \u0110\u1ea7u D\u00f2 PS03B - Kawasan<\/title>\n<meta name=\"robots\" content=\"index, follow, max-snippet:-1, max-image-preview:large, max-video-preview:-1\" \/>\n<link rel=\"canonical\" href=\"https:\/\/kawasan.vn\/en\/product\/phu-kien-cho-bo-trung-tam-dau-do-ps03b\/\" \/>\n<meta property=\"og:locale\" content=\"en_US\" \/>\n<meta property=\"og:type\" content=\"article\" \/>\n<meta property=\"og:title\" content=\"Ph\u1ee5 Ki\u1ec7n Cho B\u1ed9 Trung T\u00e2m \u0110\u1ea7u D\u00f2 PS03B\" \/>\n<meta property=\"og:description\" content=\"\u0110\u1ea7u d\u00f2 h\u1ed3ng ngo\u1ea1i s\u1eed d\u1ee5ng k\u1ebft h\u1ee3p v\u1edbi b\u1ed9 trung t\u00e2m s\u1eed d\u1ee5ng \u0111\u1ec3 nh\u1eadn bi\u1ebft c\u00f3 ng\u01b0\u1eddi di chuy\u1ec3n trong v\u00f9ng qu\u00e9t. G\u1eedi t\u00edn hi\u1ec7u v\u1ec1 b\u1ed9 b\u00e1o \u0111\u1ed9ng trung t\u00e2m v\u1edbi m\u1ee5c \u0111\u00edch ch\u1ed1ng tr\u1ed9m. \u0110\u1ea7u d\u00f2 h\u1ed3ng ngo\u1ea1i PS03B d\u00f9ng s\u00f3ng RF433 Mhz xuy\u00ean v\u1eadt c\u1ea3n t\u1ed1t nh\u01b0: g\u1ed7, k\u00ednh, t\u01b0\u1eddng [&hellip;]\" \/>\n<meta property=\"og:url\" content=\"https:\/\/kawasan.vn\/en\/product\/phu-kien-cho-bo-trung-tam-dau-do-ps03b\/\" \/>\n<meta property=\"og:site_name\" content=\"Kawasan\" \/>\n<meta property=\"article:modified_time\" content=\"2025-06-06T04:47:15+00:00\" \/>\n<meta property=\"og:image\" content=\"https:\/\/kawasan.vn\/wp-content\/uploads\/2025\/04\/PS03B.jpg\" \/>\n\t<meta property=\"og:image:width\" content=\"600\" \/>\n\t<meta property=\"og:image:height\" content=\"600\" \/>\n\t<meta property=\"og:image:type\" content=\"image\/jpeg\" \/>\n<meta name=\"twitter:card\" content=\"summary_large_image\" \/>\n<meta name=\"twitter:label1\" content=\"Est. reading time\" \/>\n\t<meta name=\"twitter:data1\" content=\"1 minute\" \/>\n<script type=\"application\/ld+json\" class=\"yoast-schema-graph\">{\"@context\":\"https:\/\/schema.org\",\"@graph\":[{\"@type\":\"WebPage\",\"@id\":\"https:\/\/kawasan.vn\/san-pham\/phu-kien-cho-bo-trung-tam-dau-do-ps03b\/\",\"url\":\"https:\/\/kawasan.vn\/san-pham\/phu-kien-cho-bo-trung-tam-dau-do-ps03b\/\",\"name\":\"Ph\u1ee5 Ki\u1ec7n Cho B\u1ed9 Trung T\u00e2m \u0110\u1ea7u D\u00f2 PS03B - Kawasan\",\"isPartOf\":{\"@id\":\"https:\/\/kawasan.vn\/#website\"},\"primaryImageOfPage\":{\"@id\":\"https:\/\/kawasan.vn\/san-pham\/phu-kien-cho-bo-trung-tam-dau-do-ps03b\/#primaryimage\"},\"image\":{\"@id\":\"https:\/\/kawasan.vn\/san-pham\/phu-kien-cho-bo-trung-tam-dau-do-ps03b\/#primaryimage\"},\"thumbnailUrl\":\"https:\/\/kawasan.vn\/wp-content\/uploads\/2025\/04\/PS03B.jpg\",\"datePublished\":\"2025-04-28T03:15:43+00:00\",\"dateModified\":\"2025-06-06T04:47:15+00:00\",\"breadcrumb\":{\"@id\":\"https:\/\/kawasan.vn\/san-pham\/phu-kien-cho-bo-trung-tam-dau-do-ps03b\/#breadcrumb\"},\"inLanguage\":\"en-US\",\"potentialAction\":[{\"@type\":\"ReadAction\",\"target\":[\"https:\/\/kawasan.vn\/san-pham\/phu-kien-cho-bo-trung-tam-dau-do-ps03b\/\"]}]},{\"@type\":\"ImageObject\",\"inLanguage\":\"en-US\",\"@id\":\"https:\/\/kawasan.vn\/san-pham\/phu-kien-cho-bo-trung-tam-dau-do-ps03b\/#primaryimage\",\"url\":\"https:\/\/kawasan.vn\/wp-content\/uploads\/2025\/04\/PS03B.jpg\",\"contentUrl\":\"https:\/\/kawasan.vn\/wp-content\/uploads\/2025\/04\/PS03B.jpg\",\"width\":600,\"height\":600,\"caption\":\"PS03B\"},{\"@type\":\"BreadcrumbList\",\"@id\":\"https:\/\/kawasan.vn\/san-pham\/phu-kien-cho-bo-trung-tam-dau-do-ps03b\/#breadcrumb\",\"itemListElement\":[{\"@type\":\"ListItem\",\"position\":1,\"name\":\"Trang ch\u1ee7\",\"item\":\"https:\/\/kawasan.vn\/\"},{\"@type\":\"ListItem\",\"position\":2,\"name\":\"S\u1ea3n ph\u1ea9m\",\"item\":\"https:\/\/kawasan.vn\/san-pham\/\"},{\"@type\":\"ListItem\",\"position\":3,\"name\":\"Ph\u1ee5 Ki\u1ec7n Cho B\u1ed9 Trung T\u00e2m \u0110\u1ea7u D\u00f2 PS03B\"}]},{\"@type\":\"WebSite\",\"@id\":\"https:\/\/kawasan.vn\/#website\",\"url\":\"https:\/\/kawasan.vn\/\",\"name\":\"Kawasan\",\"description\":\"\",\"potentialAction\":[{\"@type\":\"SearchAction\",\"target\":{\"@type\":\"EntryPoint\",\"urlTemplate\":\"https:\/\/kawasan.vn\/?s={search_term_string}\"},\"query-input\":{\"@type\":\"PropertyValueSpecification\",\"valueRequired\":true,\"valueName\":\"search_term_string\"}}],\"inLanguage\":\"en-US\"}]}<\/script>\n<!-- \/ Yoast SEO Premium plugin. -->","yoast_head_json":{"title":"Ph\u1ee5 Ki\u1ec7n Cho B\u1ed9 Trung T\u00e2m \u0110\u1ea7u D\u00f2 PS03B - Kawasan","robots":{"index":"index","follow":"follow","max-snippet":"max-snippet:-1","max-image-preview":"max-image-preview:large","max-video-preview":"max-video-preview:-1"},"canonical":"https:\/\/kawasan.vn\/en\/product\/phu-kien-cho-bo-trung-tam-dau-do-ps03b\/","og_locale":"en_US","og_type":"article","og_title":"Ph\u1ee5 Ki\u1ec7n Cho B\u1ed9 Trung T\u00e2m \u0110\u1ea7u D\u00f2 PS03B","og_description":"\u0110\u1ea7u d\u00f2 h\u1ed3ng ngo\u1ea1i s\u1eed d\u1ee5ng k\u1ebft h\u1ee3p v\u1edbi b\u1ed9 trung t\u00e2m s\u1eed d\u1ee5ng \u0111\u1ec3 nh\u1eadn bi\u1ebft c\u00f3 ng\u01b0\u1eddi di chuy\u1ec3n trong v\u00f9ng qu\u00e9t. G\u1eedi t\u00edn hi\u1ec7u v\u1ec1 b\u1ed9 b\u00e1o \u0111\u1ed9ng trung t\u00e2m v\u1edbi m\u1ee5c \u0111\u00edch ch\u1ed1ng tr\u1ed9m. \u0110\u1ea7u d\u00f2 h\u1ed3ng ngo\u1ea1i PS03B d\u00f9ng s\u00f3ng RF433 Mhz xuy\u00ean v\u1eadt c\u1ea3n t\u1ed1t nh\u01b0: g\u1ed7, k\u00ednh, t\u01b0\u1eddng [&hellip;]","og_url":"https:\/\/kawasan.vn\/en\/product\/phu-kien-cho-bo-trung-tam-dau-do-ps03b\/","og_site_name":"Kawasan","article_modified_time":"2025-06-06T04:47:15+00:00","og_image":[{"width":600,"height":600,"url":"https:\/\/kawasan.vn\/wp-content\/uploads\/2025\/04\/PS03B.jpg","type":"image\/jpeg"}],"twitter_card":"summary_large_image","twitter_misc":{"Est. reading time":"1 minute"},"schema":{"@context":"https:\/\/schema.org","@graph":[{"@type":"WebPage","@id":"https:\/\/kawasan.vn\/san-pham\/phu-kien-cho-bo-trung-tam-dau-do-ps03b\/","url":"https:\/\/kawasan.vn\/san-pham\/phu-kien-cho-bo-trung-tam-dau-do-ps03b\/","name":"Ph\u1ee5 Ki\u1ec7n Cho B\u1ed9 Trung T\u00e2m \u0110\u1ea7u D\u00f2 PS03B - Kawasan","isPartOf":{"@id":"https:\/\/kawasan.vn\/#website"},"primaryImageOfPage":{"@id":"https:\/\/kawasan.vn\/san-pham\/phu-kien-cho-bo-trung-tam-dau-do-ps03b\/#primaryimage"},"image":{"@id":"https:\/\/kawasan.vn\/san-pham\/phu-kien-cho-bo-trung-tam-dau-do-ps03b\/#primaryimage"},"thumbnailUrl":"https:\/\/kawasan.vn\/wp-content\/uploads\/2025\/04\/PS03B.jpg","datePublished":"2025-04-28T03:15:43+00:00","dateModified":"2025-06-06T04:47:15+00:00","breadcrumb":{"@id":"https:\/\/kawasan.vn\/san-pham\/phu-kien-cho-bo-trung-tam-dau-do-ps03b\/#breadcrumb"},"inLanguage":"en-US","potentialAction":[{"@type":"ReadAction","target":["https:\/\/kawasan.vn\/san-pham\/phu-kien-cho-bo-trung-tam-dau-do-ps03b\/"]}]},{"@type":"ImageObject","inLanguage":"en-US","@id":"https:\/\/kawasan.vn\/san-pham\/phu-kien-cho-bo-trung-tam-dau-do-ps03b\/#primaryimage","url":"https:\/\/kawasan.vn\/wp-content\/uploads\/2025\/04\/PS03B.jpg","contentUrl":"https:\/\/kawasan.vn\/wp-content\/uploads\/2025\/04\/PS03B.jpg","width":600,"height":600,"caption":"PS03B"},{"@type":"BreadcrumbList","@id":"https:\/\/kawasan.vn\/san-pham\/phu-kien-cho-bo-trung-tam-dau-do-ps03b\/#breadcrumb","itemListElement":[{"@type":"ListItem","position":1,"name":"Trang ch\u1ee7","item":"https:\/\/kawasan.vn\/"},{"@type":"ListItem","position":2,"name":"S\u1ea3n ph\u1ea9m","item":"https:\/\/kawasan.vn\/san-pham\/"},{"@type":"ListItem","position":3,"name":"Ph\u1ee5 Ki\u1ec7n Cho B\u1ed9 Trung T\u00e2m \u0110\u1ea7u D\u00f2 PS03B"}]},{"@type":"WebSite","@id":"https:\/\/kawasan.vn\/#website","url":"https:\/\/kawasan.vn\/","name":"Kawasan","description":"","potentialAction":[{"@type":"SearchAction","target":{"@type":"EntryPoint","urlTemplate":"https:\/\/kawasan.vn\/?s={search_term_string}"},"query-input":{"@type":"PropertyValueSpecification","valueRequired":true,"valueName":"search_term_string"}}],"inLanguage":"en-US"}]}},"_links":{"self":[{"href":"https:\/\/kawasan.vn\/en\/wp-json\/wp\/v2\/product\/22797","targetHints":{"allow":["GET"]}}],"collection":[{"href":"https:\/\/kawasan.vn\/en\/wp-json\/wp\/v2\/product"}],"about":[{"href":"https:\/\/kawasan.vn\/en\/wp-json\/wp\/v2\/types\/product"}],"replies":[{"embeddable":true,"href":"https:\/\/kawasan.vn\/en\/wp-json\/wp\/v2\/comments?post=22797"}],"version-history":[{"count":1,"href":"https:\/\/kawasan.vn\/en\/wp-json\/wp\/v2\/product\/22797\/revisions"}],"predecessor-version":[{"id":22802,"href":"https:\/\/kawasan.vn\/en\/wp-json\/wp\/v2\/product\/22797\/revisions\/22802"}],"wp:featuredmedia":[{"embeddable":true,"href":"https:\/\/kawasan.vn\/en\/wp-json\/wp\/v2\/media\/22798"}],"wp:attachment":[{"href":"https:\/\/kawasan.vn\/en\/wp-json\/wp\/v2\/media?parent=22797"}],"wp:term":[{"taxonomy":"product_cat","embeddable":true,"href":"https:\/\/kawasan.vn\/en\/wp-json\/wp\/v2\/product_cat?post=22797"},{"taxonomy":"product_tag","embeddable":true,"href":"https:\/\/kawasan.vn\/en\/wp-json\/wp\/v2\/product_tag?post=22797"}],"curies":[{"name":"wp","href":"https:\/\/api.w.org\/{rel}","templated":true}]}}