{"id":22778,"date":"2025-04-28T08:30:03","date_gmt":"2025-04-28T01:30:03","guid":{"rendered":"https:\/\/kawasan.vn\/?post_type=product&#038;p=22778"},"modified":"2025-04-28T08:30:11","modified_gmt":"2025-04-28T01:30:11","slug":"phu-kien-trung-tam-chuong-bao","status":"publish","type":"product","link":"https:\/\/kawasan.vn\/en\/product\/phu-kien-trung-tam-chuong-bao\/","title":{"rendered":"Alarm Center Accessories"},"content":{"rendered":"<ul>\n<li>C\u00f2i h\u00fa s\u1eed d\u1ee5ng cho m\u1ee5c \u0111\u00edch b\u00e1o tr\u1ed9m, \u0111\u01b0\u1ee3c s\u1eed d\u1ee5ng k\u1ebft h\u1ee3p v\u1edbi b\u1ed9 b\u00e1o tr\u1ed9m trung t\u00e2m \u0111\u1ec3 h\u00fa c\u00f2i khi c\u00f3 k\u00edch ho\u1ea1t<\/li>\n<\/ul>\n<p><img decoding=\"async\" src=\"http:\/\/kawasan.com.vn\/image\/data\/BAO%20TROM%20QUA%20DIEN%20THOAI\/coi%20hu\/2.jpg\" alt=\"\" data-cke-saved-src=\"https:\/\/kawasan.vn\/wp-content\/uploads\/2025\/04\/1_2.jpg\" \/><\/p>\n<p><img decoding=\"async\" src=\"http:\/\/kawasan.com.vn\/image\/data\/BAO%20TROM%20QUA%20DIEN%20THOAI\/coi%20hu\/3.jpg\" alt=\"\" data-cke-saved-src=\"https:\/\/kawasan.vn\/wp-content\/uploads\/2025\/04\/1_3.jpg\" \/><\/p>\n<p><img decoding=\"async\" src=\"http:\/\/kawasan.com.vn\/image\/data\/BAO%20TROM%20QUA%20DIEN%20THOAI\/coi%20hu\/HTB1ROyUGVXXXXXRapXXq6xXFXXXL.jpg\" alt=\"\" data-cke-saved-src=\"https:\/\/kawasan.vn\/wp-content\/uploads\/2025\/04\/HTB1ROyUGVXXXXXRapXXq6xXFXXXL.jpg\" \/><\/p>","protected":false},"excerpt":{"rendered":"<p>C\u00f2i h\u00fa s\u1eed d\u1ee5ng cho m\u1ee5c \u0111\u00edch b\u00e1o tr\u1ed9m, \u0111\u01b0\u1ee3c s\u1eed d\u1ee5ng k\u1ebft h\u1ee3p v\u1edbi b\u1ed9 b\u00e1o tr\u1ed9m trung t\u00e2m \u0111\u1ec3 h\u00fa c\u00f2i khi c\u00f3 k\u00edch ho\u1ea1t<\/p>","protected":false},"featured_media":22779,"comment_status":"open","ping_status":"closed","template":"","meta":{"_yoast_wpseo_focuskw":"","_yoast_wpseo_metadesc":"","_yoast_wpseo_focuskeywords":"","_yoast_wpseo_keyword_synonyms":""},"product_cat":[15],"product_tag":[],"class_list":["post-22778","product","type-product","status-publish","has-post-thumbnail","hentry","product_cat-cong-tac-cam-ung-chuyen-dong"],"acf":[],"yoast_head":"<!-- This site is optimized with the Yoast SEO Premium plugin v24.9 (Yoast SEO v24.9) - https:\/\/yoast.com\/wordpress\/plugins\/seo\/ -->\n<title>Ph\u1ee5 Ki\u1ec7n Trung T\u00e2m Chu\u00f4ng B\u00e1o - Kawasan<\/title>\n<meta name=\"robots\" content=\"index, follow, max-snippet:-1, max-image-preview:large, max-video-preview:-1\" \/>\n<link rel=\"canonical\" href=\"https:\/\/kawasan.vn\/en\/product\/phu-kien-trung-tam-chuong-bao\/\" \/>\n<meta property=\"og:locale\" content=\"en_US\" \/>\n<meta property=\"og:type\" content=\"article\" \/>\n<meta property=\"og:title\" content=\"Ph\u1ee5 Ki\u1ec7n Trung T\u00e2m Chu\u00f4ng B\u00e1o\" \/>\n<meta property=\"og:description\" content=\"C\u00f2i h\u00fa s\u1eed d\u1ee5ng cho m\u1ee5c \u0111\u00edch b\u00e1o tr\u1ed9m, \u0111\u01b0\u1ee3c s\u1eed d\u1ee5ng k\u1ebft h\u1ee3p v\u1edbi b\u1ed9 b\u00e1o tr\u1ed9m trung t\u00e2m \u0111\u1ec3 h\u00fa c\u00f2i khi c\u00f3 k\u00edch ho\u1ea1t\" \/>\n<meta property=\"og:url\" content=\"https:\/\/kawasan.vn\/en\/product\/phu-kien-trung-tam-chuong-bao\/\" \/>\n<meta property=\"og:site_name\" content=\"Kawasan\" \/>\n<meta property=\"article:modified_time\" content=\"2025-04-28T01:30:11+00:00\" \/>\n<meta property=\"og:image\" content=\"https:\/\/kawasan.vn\/wp-content\/uploads\/2025\/04\/Phu-Kien-Trung-Tam-Chuong-Bao.jpg\" \/>\n\t<meta property=\"og:image:width\" content=\"270\" \/>\n\t<meta property=\"og:image:height\" content=\"270\" \/>\n\t<meta property=\"og:image:type\" content=\"image\/jpeg\" \/>\n<meta name=\"twitter:card\" content=\"summary_large_image\" \/>\n<meta name=\"twitter:label1\" content=\"Est. reading time\" \/>\n\t<meta name=\"twitter:data1\" content=\"1 minute\" \/>\n<script type=\"application\/ld+json\" class=\"yoast-schema-graph\">{\"@context\":\"https:\/\/schema.org\",\"@graph\":[{\"@type\":\"WebPage\",\"@id\":\"https:\/\/kawasan.vn\/san-pham\/phu-kien-trung-tam-chuong-bao\/\",\"url\":\"https:\/\/kawasan.vn\/san-pham\/phu-kien-trung-tam-chuong-bao\/\",\"name\":\"Ph\u1ee5 Ki\u1ec7n Trung T\u00e2m Chu\u00f4ng B\u00e1o - Kawasan\",\"isPartOf\":{\"@id\":\"https:\/\/kawasan.vn\/#website\"},\"primaryImageOfPage\":{\"@id\":\"https:\/\/kawasan.vn\/san-pham\/phu-kien-trung-tam-chuong-bao\/#primaryimage\"},\"image\":{\"@id\":\"https:\/\/kawasan.vn\/san-pham\/phu-kien-trung-tam-chuong-bao\/#primaryimage\"},\"thumbnailUrl\":\"https:\/\/kawasan.vn\/wp-content\/uploads\/2025\/04\/Phu-Kien-Trung-Tam-Chuong-Bao.jpg\",\"datePublished\":\"2025-04-28T01:30:03+00:00\",\"dateModified\":\"2025-04-28T01:30:11+00:00\",\"breadcrumb\":{\"@id\":\"https:\/\/kawasan.vn\/san-pham\/phu-kien-trung-tam-chuong-bao\/#breadcrumb\"},\"inLanguage\":\"en-US\",\"potentialAction\":[{\"@type\":\"ReadAction\",\"target\":[\"https:\/\/kawasan.vn\/san-pham\/phu-kien-trung-tam-chuong-bao\/\"]}]},{\"@type\":\"ImageObject\",\"inLanguage\":\"en-US\",\"@id\":\"https:\/\/kawasan.vn\/san-pham\/phu-kien-trung-tam-chuong-bao\/#primaryimage\",\"url\":\"https:\/\/kawasan.vn\/wp-content\/uploads\/2025\/04\/Phu-Kien-Trung-Tam-Chuong-Bao.jpg\",\"contentUrl\":\"https:\/\/kawasan.vn\/wp-content\/uploads\/2025\/04\/Phu-Kien-Trung-Tam-Chuong-Bao.jpg\",\"width\":270,\"height\":270,\"caption\":\"Ph\u1ee5 Ki\u1ec7n Trung T\u00e2m Chu\u00f4ng B\u00e1o\"},{\"@type\":\"BreadcrumbList\",\"@id\":\"https:\/\/kawasan.vn\/san-pham\/phu-kien-trung-tam-chuong-bao\/#breadcrumb\",\"itemListElement\":[{\"@type\":\"ListItem\",\"position\":1,\"name\":\"Trang ch\u1ee7\",\"item\":\"https:\/\/kawasan.vn\/\"},{\"@type\":\"ListItem\",\"position\":2,\"name\":\"S\u1ea3n ph\u1ea9m\",\"item\":\"https:\/\/kawasan.vn\/san-pham\/\"},{\"@type\":\"ListItem\",\"position\":3,\"name\":\"Ph\u1ee5 Ki\u1ec7n Trung T\u00e2m Chu\u00f4ng B\u00e1o\"}]},{\"@type\":\"WebSite\",\"@id\":\"https:\/\/kawasan.vn\/#website\",\"url\":\"https:\/\/kawasan.vn\/\",\"name\":\"Kawasan\",\"description\":\"\",\"potentialAction\":[{\"@type\":\"SearchAction\",\"target\":{\"@type\":\"EntryPoint\",\"urlTemplate\":\"https:\/\/kawasan.vn\/?s={search_term_string}\"},\"query-input\":{\"@type\":\"PropertyValueSpecification\",\"valueRequired\":true,\"valueName\":\"search_term_string\"}}],\"inLanguage\":\"en-US\"}]}<\/script>\n<!-- \/ Yoast SEO Premium plugin. -->","yoast_head_json":{"title":"Ph\u1ee5 Ki\u1ec7n Trung T\u00e2m Chu\u00f4ng B\u00e1o - Kawasan","robots":{"index":"index","follow":"follow","max-snippet":"max-snippet:-1","max-image-preview":"max-image-preview:large","max-video-preview":"max-video-preview:-1"},"canonical":"https:\/\/kawasan.vn\/en\/product\/phu-kien-trung-tam-chuong-bao\/","og_locale":"en_US","og_type":"article","og_title":"Ph\u1ee5 Ki\u1ec7n Trung T\u00e2m Chu\u00f4ng B\u00e1o","og_description":"C\u00f2i h\u00fa s\u1eed d\u1ee5ng cho m\u1ee5c \u0111\u00edch b\u00e1o tr\u1ed9m, \u0111\u01b0\u1ee3c s\u1eed d\u1ee5ng k\u1ebft h\u1ee3p v\u1edbi b\u1ed9 b\u00e1o tr\u1ed9m trung t\u00e2m \u0111\u1ec3 h\u00fa c\u00f2i khi c\u00f3 k\u00edch ho\u1ea1t","og_url":"https:\/\/kawasan.vn\/en\/product\/phu-kien-trung-tam-chuong-bao\/","og_site_name":"Kawasan","article_modified_time":"2025-04-28T01:30:11+00:00","og_image":[{"width":270,"height":270,"url":"https:\/\/kawasan.vn\/wp-content\/uploads\/2025\/04\/Phu-Kien-Trung-Tam-Chuong-Bao.jpg","type":"image\/jpeg"}],"twitter_card":"summary_large_image","twitter_misc":{"Est. reading time":"1 minute"},"schema":{"@context":"https:\/\/schema.org","@graph":[{"@type":"WebPage","@id":"https:\/\/kawasan.vn\/san-pham\/phu-kien-trung-tam-chuong-bao\/","url":"https:\/\/kawasan.vn\/san-pham\/phu-kien-trung-tam-chuong-bao\/","name":"Ph\u1ee5 Ki\u1ec7n Trung T\u00e2m Chu\u00f4ng B\u00e1o - Kawasan","isPartOf":{"@id":"https:\/\/kawasan.vn\/#website"},"primaryImageOfPage":{"@id":"https:\/\/kawasan.vn\/san-pham\/phu-kien-trung-tam-chuong-bao\/#primaryimage"},"image":{"@id":"https:\/\/kawasan.vn\/san-pham\/phu-kien-trung-tam-chuong-bao\/#primaryimage"},"thumbnailUrl":"https:\/\/kawasan.vn\/wp-content\/uploads\/2025\/04\/Phu-Kien-Trung-Tam-Chuong-Bao.jpg","datePublished":"2025-04-28T01:30:03+00:00","dateModified":"2025-04-28T01:30:11+00:00","breadcrumb":{"@id":"https:\/\/kawasan.vn\/san-pham\/phu-kien-trung-tam-chuong-bao\/#breadcrumb"},"inLanguage":"en-US","potentialAction":[{"@type":"ReadAction","target":["https:\/\/kawasan.vn\/san-pham\/phu-kien-trung-tam-chuong-bao\/"]}]},{"@type":"ImageObject","inLanguage":"en-US","@id":"https:\/\/kawasan.vn\/san-pham\/phu-kien-trung-tam-chuong-bao\/#primaryimage","url":"https:\/\/kawasan.vn\/wp-content\/uploads\/2025\/04\/Phu-Kien-Trung-Tam-Chuong-Bao.jpg","contentUrl":"https:\/\/kawasan.vn\/wp-content\/uploads\/2025\/04\/Phu-Kien-Trung-Tam-Chuong-Bao.jpg","width":270,"height":270,"caption":"Ph\u1ee5 Ki\u1ec7n Trung T\u00e2m Chu\u00f4ng B\u00e1o"},{"@type":"BreadcrumbList","@id":"https:\/\/kawasan.vn\/san-pham\/phu-kien-trung-tam-chuong-bao\/#breadcrumb","itemListElement":[{"@type":"ListItem","position":1,"name":"Trang ch\u1ee7","item":"https:\/\/kawasan.vn\/"},{"@type":"ListItem","position":2,"name":"S\u1ea3n ph\u1ea9m","item":"https:\/\/kawasan.vn\/san-pham\/"},{"@type":"ListItem","position":3,"name":"Ph\u1ee5 Ki\u1ec7n Trung T\u00e2m Chu\u00f4ng B\u00e1o"}]},{"@type":"WebSite","@id":"https:\/\/kawasan.vn\/#website","url":"https:\/\/kawasan.vn\/","name":"Kawasan","description":"","potentialAction":[{"@type":"SearchAction","target":{"@type":"EntryPoint","urlTemplate":"https:\/\/kawasan.vn\/?s={search_term_string}"},"query-input":{"@type":"PropertyValueSpecification","valueRequired":true,"valueName":"search_term_string"}}],"inLanguage":"en-US"}]}},"_links":{"self":[{"href":"https:\/\/kawasan.vn\/en\/wp-json\/wp\/v2\/product\/22778","targetHints":{"allow":["GET"]}}],"collection":[{"href":"https:\/\/kawasan.vn\/en\/wp-json\/wp\/v2\/product"}],"about":[{"href":"https:\/\/kawasan.vn\/en\/wp-json\/wp\/v2\/types\/product"}],"replies":[{"embeddable":true,"href":"https:\/\/kawasan.vn\/en\/wp-json\/wp\/v2\/comments?post=22778"}],"version-history":[{"count":1,"href":"https:\/\/kawasan.vn\/en\/wp-json\/wp\/v2\/product\/22778\/revisions"}],"predecessor-version":[{"id":22783,"href":"https:\/\/kawasan.vn\/en\/wp-json\/wp\/v2\/product\/22778\/revisions\/22783"}],"wp:featuredmedia":[{"embeddable":true,"href":"https:\/\/kawasan.vn\/en\/wp-json\/wp\/v2\/media\/22779"}],"wp:attachment":[{"href":"https:\/\/kawasan.vn\/en\/wp-json\/wp\/v2\/media?parent=22778"}],"wp:term":[{"taxonomy":"product_cat","embeddable":true,"href":"https:\/\/kawasan.vn\/en\/wp-json\/wp\/v2\/product_cat?post=22778"},{"taxonomy":"product_tag","embeddable":true,"href":"https:\/\/kawasan.vn\/en\/wp-json\/wp\/v2\/product_tag?post=22778"}],"curies":[{"name":"wp","href":"https:\/\/api.w.org\/{rel}","templated":true}]}}