{"id":22734,"date":"2025-04-26T15:43:31","date_gmt":"2025-04-26T08:43:31","guid":{"rendered":"https:\/\/kawasan.vn\/?post_type=product&#038;p=22734"},"modified":"2025-12-09T09:35:34","modified_gmt":"2025-12-09T02:35:34","slug":"o-cam-dieu-khien-tu-xa-500w-tb01d-rm2c","status":"publish","type":"product","link":"https:\/\/kawasan.vn\/en\/product\/o-cam-dieu-khien-tu-xa-500w-tb01d-rm2c\/","title":{"rendered":"500W Remote Control Socket TB01D-RM2C"},"content":{"rendered":"<h2><span class=\"ez-toc-section\" id=\"O_CAM_DIEU_KHIEN_TU_XA_KAWASAN_LA_GI\"><\/span>\u1ed4 C\u1eaeM \u0110I\u1ec0U KHI\u1ec2N T\u1eea XA KAWASAN L\u00c0 G\u00cc?<span class=\"ez-toc-section-end\"><\/span><\/h2><div id=\"ez-toc-container\" class=\"ez-toc-v2_0_69_1 counter-hierarchy ez-toc-counter ez-toc-grey ez-toc-container-direction\">\n<div class=\"ez-toc-title-container\">\n<p class=\"ez-toc-title\" >N\u1ed9i Dung B&agrave;i Vi\u1ebft<\/p>\n<span class=\"ez-toc-title-toggle\"><a href=\"#\" class=\"ez-toc-pull-right ez-toc-btn ez-toc-btn-xs ez-toc-btn-default ez-toc-toggle\" aria-label=\"Toggle Table of Content\"><span class=\"ez-toc-js-icon-con\"><span class=\"\"><span class=\"eztoc-hide\" style=\"display:none;\">Toggle<\/span><span class=\"ez-toc-icon-toggle-span\"><svg style=\"fill: #999;color:#999\" xmlns=\"http:\/\/www.w3.org\/2000\/svg\" class=\"list-377408\" width=\"20px\" height=\"20px\" viewbox=\"0 0 24 24\" fill=\"none\"><path d=\"M6 6H4v2h2V6zm14 0H8v2h12V6zM4 11h2v2H4v-2zm16 0H8v2h12v-2zM4 16h2v2H4v-2zm16 0H8v2h12v-2z\" fill=\"currentColor\"><\/path><\/svg><svg style=\"fill: #999;color:#999\" class=\"arrow-unsorted-368013\" xmlns=\"http:\/\/www.w3.org\/2000\/svg\" width=\"10px\" height=\"10px\" viewbox=\"0 0 24 24\" version=\"1.2\" baseprofile=\"tiny\"><path d=\"M18.2 9.3l-6.2-6.3-6.2 6.3c-.2.2-.3.4-.3.7s.1.5.3.7c.2.2.4.3.7.3h11c.3 0 .5-.1.7-.3.2-.2.3-.5.3-.7s-.1-.5-.3-.7zM5.8 14.7l6.2 6.3 6.2-6.3c.2-.2.3-.5.3-.7s-.1-.5-.3-.7c-.2-.2-.4-.3-.7-.3h-11c-.3 0-.5.1-.7.3-.2.2-.3.5-.3.7s.1.5.3.7z\"\/><\/svg><\/span><\/span><\/span><\/a><\/span><\/div>\n<nav><ul class='ez-toc-list ez-toc-list-level-1 eztoc-toggle-hide-by-default' ><li class='ez-toc-page-1 ez-toc-heading-level-2'><a class=\"ez-toc-link ez-toc-heading-1\" href=\"https:\/\/kawasan.vn\/en\/product\/o-cam-dieu-khien-tu-xa-500w-tb01d-rm2c\/#O_CAM_DIEU_KHIEN_TU_XA_KAWASAN_LA_GI\" title=\"\u1ed4 C\u1eaeM \u0110I\u1ec0U KHI\u1ec2N T\u1eea XA KAWASAN L\u00c0 G\u00cc?\">\u1ed4 C\u1eaeM \u0110I\u1ec0U KHI\u1ec2N T\u1eea XA KAWASAN L\u00c0 G\u00cc?<\/a><\/li><li class='ez-toc-page-1 ez-toc-heading-level-2'><a class=\"ez-toc-link ez-toc-heading-2\" href=\"https:\/\/kawasan.vn\/en\/product\/o-cam-dieu-khien-tu-xa-500w-tb01d-rm2c\/#DAC_DIEM_NOI_BAT_O_CAM_DIEN_THONG_MINH_TB01D\" title=\"\u0110\u1eb6C \u0110I\u1ec2M N\u1ed4I B\u1eacT \u1ed4 C\u1eaeM \u0110I\u1ec6N TH\u00d4NG MINH TB01D\">\u0110\u1eb6C \u0110I\u1ec2M N\u1ed4I B\u1eacT \u1ed4 C\u1eaeM \u0110I\u1ec6N TH\u00d4NG MINH TB01D<\/a><\/li><li class='ez-toc-page-1 ez-toc-heading-level-2'><a class=\"ez-toc-link ez-toc-heading-3\" href=\"https:\/\/kawasan.vn\/en\/product\/o-cam-dieu-khien-tu-xa-500w-tb01d-rm2c\/#LOI_ICH_KHI_DUNG_O_DIEN_DIEU_KHIEN_TU_XA_TB01D\" title=\"L\u1ee2I \u00cdCH KHI D\u00d9NG \u1ed4 \u0110I\u1ec6N \u0110I\u1ec0U KHI\u1ec2N T\u1eea XA TB01D\">L\u1ee2I \u00cdCH KHI D\u00d9NG \u1ed4 \u0110I\u1ec6N \u0110I\u1ec0U KHI\u1ec2N T\u1eea XA TB01D<\/a><\/li><li class='ez-toc-page-1 ez-toc-heading-level-2'><a class=\"ez-toc-link ez-toc-heading-4\" href=\"https:\/\/kawasan.vn\/en\/product\/o-cam-dieu-khien-tu-xa-500w-tb01d-rm2c\/#O_CAM_DIEU_KHIEN_TU_XA_BANG_REMOTE_DUOC_SU_DUNG_CHO_NHIEU_THIET_BI\" title=\"\u1ed4 C\u1eaeM \u0110I\u1ec0U KHI\u1ec2N T\u1eea XA B\u1eb0NG REMOTE \u0110\u01af\u1ee2C S\u1eec D\u1ee4NG CHO NHI\u1ec0U THI\u1ebeT B\u1eca\">\u1ed4 C\u1eaeM \u0110I\u1ec0U KHI\u1ec2N T\u1eea XA B\u1eb0NG REMOTE \u0110\u01af\u1ee2C S\u1eec D\u1ee4NG CHO NHI\u1ec0U THI\u1ebeT B\u1eca<\/a><\/li><li class='ez-toc-page-1 ez-toc-heading-level-2'><a class=\"ez-toc-link ez-toc-heading-5\" href=\"https:\/\/kawasan.vn\/en\/product\/o-cam-dieu-khien-tu-xa-500w-tb01d-rm2c\/#DIA_CHI_CUNG_CAP_O_DIEN_THONG_MINH_UY_TIN_%E2%80%93_CHAT_LUONG\" title=\"\u0110\u1ecaA CH\u1ec8 CUNG C\u1ea4P\u00a0\u1ed4 \u0110I\u1ec6N TH\u00d4NG MINH UY T\u00cdN \u2013 CH\u1ea4T L\u01af\u1ee2NG\">\u0110\u1ecaA CH\u1ec8 CUNG C\u1ea4P\u00a0\u1ed4 \u0110I\u1ec6N TH\u00d4NG MINH UY T\u00cdN \u2013 CH\u1ea4T L\u01af\u1ee2NG<\/a><\/li><\/ul><\/nav><\/div>\n\n<p><em><a href=\"https:\/\/thegioidienthongminh.com\/danh-muc\/dieu-khien-tu-xa\/o-cam-dieu-khien-tu-xa\/\" target=\"_blank\" rel=\"noopener noreferrer\" data-cke-saved-href=\"https:\/\/thegioidienthongminh.com\/danh-muc\/dieu-khien-tu-xa\/o-cam-dieu-khien-tu-xa\/\">\u1ed4 c\u1eafm \u0111i\u1ec1u khi\u1ec3n t\u1eeb xa Kawasan<\/a><\/em>\u00a0\u0111\u01b0\u1ee3c c\u1ea3i ti\u1ebfn v\u00e0 gi\u00fap ng\u01b0\u1eddi d\u00f9ng b\u1eadt- t\u1eaft thi\u1ebft b\u1ecb qua remote. Gi\u00fap cu\u1ed9c s\u1ed1ng tr\u1edf n\u00ean ti\u1ec7n d\u1ee5ng v\u00e0 nhanh ch\u00f3ng h\u01a1n.<\/p>\n<ul>\n<li>\u1ed4 \u0111i\u1ec7n \u0111i\u1ec1u khi\u1ec3n t\u1eeb xa d\u00f9ng c\u00f4ng ngh\u1ec7 thu ph\u00e1t s\u00f3ng RF433Mhz si\u00eau nh\u1ea1y. C\u00f3 th\u1ec3 thu nh\u1eadn t\u00edn hi\u1ec7u remote 30-100 m\u00e9t t\u00f9y m\u00f4i tr\u01b0\u1eddng v\u1eadt c\u1ea3n.<\/li>\n<li>L\u00e0m vi\u1ec7c th\u00f4ng minh th\u00f4ng qua CHIP vi x\u1eed l\u00fd t\u1ed1c \u0111\u1ed9 nhanh v\u00e0 xa. Ng\u01b0\u1eddi d\u00f9ng c\u00f3 th\u1ec3 t\u1ef1 b\u1ea5m n\u00fat SET c\u00e0i \u0111\u1eb7t th\u00eam Remote \u0111\u1ec3 \u0111i\u1ec1u khi\u1ec3n c\u00e1c thi\u1ebft b\u1ecb t\u1eeb xa.<\/li>\n<li>Kh\u1ea3 n\u0103ng t\u00edch h\u1ee3p cao t\u1ed1i \u0111a \u0111\u01b0\u1ee3c 5 remote.<\/li>\n<li>Thi\u1ebft k\u1ebf nh\u1ecf g\u1ecdn d\u1ec5 di chuy\u1ec3n v\u00e0 s\u1eed d\u1ee5ng cho nhi\u1ec1u khu v\u1ef1c trong nh\u00e0. \u0110\u1ea3m b\u1ea3o t\u00ednh th\u1ea9m m\u1ef9 cao v\u00e0 ti\u1ec7n l\u1ee3i cho ng\u01b0\u1eddi d\u00f9ng.<\/li>\n<\/ul>\n<h2><span class=\"ez-toc-section\" id=\"DAC_DIEM_NOI_BAT_O_CAM_DIEN_THONG_MINH_TB01D\"><\/span>\u0110\u1eb6C \u0110I\u1ec2M N\u1ed4I B\u1eacT \u1ed4 C\u1eaeM \u0110I\u1ec6N TH\u00d4NG MINH TB01D<span class=\"ez-toc-section-end\"><\/span><\/h2>\n<ul>\n<li>H\u00e0ng ch\u00ednh h\u00e3ng 100% t\u1eeb Kawasan, th\u01b0\u01a1ng hi\u1ec7u uy t\u00edn nhi\u1ec1u n\u0103m tr\u00ean th\u1ecb tr\u01b0\u1eddng.<\/li>\n<li><a href=\"https:\/\/kawasan.com.vn\/san-pham.html\/cong-tac-dieu-khien-tu-xa.html\/o-cam-dieu-khien-tu-xa.html\" target=\"_blank\" rel=\"noopener noreferrer\" data-cke-saved-href=\"https:\/\/kawasan.com.vn\/san-pham.html\/cong-tac-dieu-khien-tu-xa.html\/o-cam-dieu-khien-tu-xa.html\"><em>\u1ed4 c\u1eafm th\u00f4ng minh \u0111i\u1ec1u khi\u1ec3n t\u1eeb xa<\/em><\/a>\u00a0ho\u1ea1t \u0111\u1ed9ng b\u1ec1n b\u1ec9, tu\u1ed5i th\u1ecd cao &gt; 5 n\u0103m.<\/li>\n<li>Kh\u1ea3 n\u0103ng \u0111\u00f3ng ng\u1eaft ti\u1ebfp \u0111i\u1ec3m t\u1ed1t nh\u1eadn l\u1ec7nh t\u1eeb remote c\u1ef1c nh\u1ea1y. Kh\u00f4ng h\u1ea1n ch\u1ebf s\u1ed1 l\u1ea7n b\u1eadt \u2013 t\u1eaft thi\u1ebft b\u1ecb.<\/li>\n<li>S\u00f3ng truy\u1ec1n t\u00edn hi\u1ec7u RF 433Mhz \u1ed5n \u0111\u1ecbnh v\u00e0 c\u00f3 th\u1ec3 xuy\u00ean c\u1ea3n t\u1ed1t nh\u01b0: g\u1ed7, k\u00ednh, t\u01b0\u1eddng m\u1ecfng\u2026<\/li>\n<li>\u0110\u01b0\u1ee3c l\u00e0m t\u1eeb v\u1eadt li\u1ec7u nh\u1ef1a cao c\u1ea5p ch\u1ed1ng ch\u00e1y c\u1ef1c t\u1ed1t. \u0110\u1ea3m b\u1ea3o an to\u00e0n cho ng\u01b0\u1eddi d\u00f9ng khi c\u00f3 s\u1ef1 c\u1ed1 ch\u1eadp \u0111i\u1ec7n x\u1ea3y ra.<\/li>\n<li>Khi m\u1ea5t \u0111i\u1ec7n s\u1ebd kh\u00f4ng b\u1ecb m\u1ea5t c\u00e0i \u0111\u1eb7t v\u1edbi remote. Tr\u01b0\u1eddng h\u1ee3p \u0111ang b\u1eadt \u2013 t\u1eaft thi\u1ebft b\u1ecb m\u00e0 m\u1ea5t \u0111i\u1ec7n \u0111\u1ed9t ng\u1ed9t, \u1ed5 \u0111i\u1ec7n th\u00f4ng minh s\u1ebd tr\u1ea3 v\u1ec1 tr\u1ea1ng th\u00e1i t\u1eaft.<\/li>\n<\/ul>\n<div id=\"attachment_5982\" class=\"wp-caption aligncenter\">\n<p><img decoding=\"async\" class=\"wp-image-5982\" title=\"\u0110i\u1ec3m n\u1ed5i b\u1eadt \u1ed5 c\u1eafm th\u00f4ng minh \u0111i\u1ec1u khi\u1ec3n b\u1eb1ng remote\" src=\"https:\/\/kawasan.vn\/wp-content\/uploads\/2025\/04\/TB01D-RM2C.jpg\" alt=\"\u0110i\u1ec3m n\u1ed5i b\u1eadt \u1ed5 c\u1eafm th\u00f4ng minh \u0111i\u1ec1u khi\u1ec3n b\u1eb1ng remote\" aria-describedby=\"caption-attachment-5982\" data-cke-saved-src=\"https:\/\/kawasan.vn\/wp-content\/uploads\/2025\/04\/TB01D-RM2C.jpg\" \/><\/p>\n<p id=\"caption-attachment-5982\" class=\"wp-caption-text\">\u0110i\u1ec3m n\u1ed5i b\u1eadt \u1ed5 c\u1eafm th\u00f4ng minh \u0111i\u1ec1u khi\u1ec3n b\u1eb1ng remote<\/p>\n<\/div>\n<h2><span class=\"ez-toc-section\" id=\"LOI_ICH_KHI_DUNG_O_DIEN_DIEU_KHIEN_TU_XA_TB01D\"><\/span>L\u1ee2I \u00cdCH KHI D\u00d9NG \u1ed4 \u0110I\u1ec6N \u0110I\u1ec0U KHI\u1ec2N T\u1eea XA TB01D<span class=\"ez-toc-section-end\"><\/span><\/h2>\n<ul>\n<li>Ti\u1ebft ki\u1ec7m \u0111i\u1ec7n v\u00e0 th\u1eddi gian \u0111i l\u1ea1i b\u1eadt \u2013 t\u1eaft thi\u1ebft b\u1ecb v\u00f4 c\u00f9ng hi\u1ec7u qu\u1ea3<\/li>\n<li>\u0110\u1ea3m b\u1ea3o an to\u00e0n, tr\u00e1nh c\u00e1c nguy c\u01a1 gi\u1eadt \u0111i\u1ec7n do th\u01b0\u1eddng xuy\u00ean ch\u1ea1m g\u1eafn thi\u1ebft b\u1ecb v\u00e0o \u1ed5 \u0111i\u1ec7n. \u0110\u1eb7c bi\u1ec7t, gia \u0111\u00ecnh c\u00f3 tr\u1ebb nh\u1ecf v\u00e0 ng\u01b0\u1eddi l\u1edbn tu\u1ed5i.<\/li>\n<li>\u0110\u1ed9 b\u1ec1n cao &gt;5 n\u0103m ti\u1ebft ki\u1ec7m chi ph\u00ed thay m\u1edbi so v\u1edbi c\u00e1c s\u1ea3n ph\u1ea9m c\u00f9ng lo\u1ea1i.<\/li>\n<li>\u1ed4 c\u1eafm \u0111i\u1ec1u khi\u1ec3n t\u1eeb xa b\u1eb1ng remote c\u00f3 th\u1ec3 t\u00edch h\u1ee3p t\u1ed1i \u0111a 5 remote kh\u00e1c nhau.<\/li>\n<\/ul>\n<div id=\"attachment_5984\" class=\"wp-caption aligncenter\">\n<p><img decoding=\"async\" class=\"wp-image-5984\" title=\"Mang \u0111\u1ebfn s\u1ef1 ti\u1ec7n l\u1ee3i v\u00e0 hi\u1ec7u qu\u1ea3 cao cho ng\u01b0\u1eddi d\u00f9ng\" src=\"https:\/\/kawasan.com.vn\/image\/data\/TB01D\/o%20cam%20dieu%20khien%20tu%20xa%20kawasan%20(10).jpg\" alt=\"Mang \u0111\u1ebfn s\u1ef1 ti\u1ec7n l\u1ee3i v\u00e0 hi\u1ec7u qu\u1ea3 cao cho ng\u01b0\u1eddi d\u00f9ng\" aria-describedby=\"caption-attachment-5984\" data-cke-saved-src=\"https:\/\/kawasan.vn\/wp-content\/uploads\/2025\/04\/o-cam-dieu-khien-tu-xa-kawasan-10.jpg\" \/><\/p>\n<p id=\"caption-attachment-5984\" class=\"wp-caption-text\">Mang \u0111\u1ebfn s\u1ef1 ti\u1ec7n l\u1ee3i v\u00e0 hi\u1ec7u qu\u1ea3 cao cho ng\u01b0\u1eddi d\u00f9ng<\/p>\n<\/div>\n<h2><span class=\"ez-toc-section\" id=\"O_CAM_DIEU_KHIEN_TU_XA_BANG_REMOTE_DUOC_SU_DUNG_CHO_NHIEU_THIET_BI\"><\/span>\u1ed4 C\u1eaeM \u0110I\u1ec0U KHI\u1ec2N T\u1eea XA B\u1eb0NG REMOTE \u0110\u01af\u1ee2C S\u1eec D\u1ee4NG CHO NHI\u1ec0U THI\u1ebeT B\u1eca<span class=\"ez-toc-section-end\"><\/span><\/h2>\n<div id=\"attachment_5980\" class=\"wp-caption aligncenter\">\n<p><img decoding=\"async\" class=\"wp-image-5980\" title=\"\u1ee8ng d\u1ee5ng cho nhi\u1ec1u lo\u1ea1i thi\u1ebft b\u1ecb kh\u00e1c nhau\" src=\"https:\/\/kawasan.com.vn\/image\/data\/TB01D\/ung%20dung%201%20RM2C.jpg\" alt=\"\u1ee8ng d\u1ee5ng cho nhi\u1ec1u lo\u1ea1i thi\u1ebft b\u1ecb kh\u00e1c nhau\" aria-describedby=\"caption-attachment-5980\" data-cke-saved-src=\"https:\/\/kawasan.vn\/wp-content\/uploads\/2025\/04\/ung-dung-1-RM2C.jpg\" \/><\/p>\n<p id=\"caption-attachment-5980\" class=\"wp-caption-text\">\u1ee8ng d\u1ee5ng cho nhi\u1ec1u lo\u1ea1i thi\u1ebft b\u1ecb kh\u00e1c nhau<\/p>\n<\/div>\n<ul>\n<li>\u0110i\u1ec1u khi\u1ec3n c\u00e1c thi\u1ebft b\u1ecb trong nh\u00e0 nh\u01b0: \u0111\u00e8n, qu\u1ea1t, t\u1ee7 l\u1ea1nh, l\u00f2 vi s\u00f3ng\u2026<\/li>\n<li>M\u00e1y x\u1ecbt r\u1eeda xe, m\u00e1y v\u1ec7 sinh m\u00e1y \u0111i\u1ec1u h\u00f2a<\/li>\n<li>B\u01a1m n\u01b0\u1edbc t\u01b0\u1edbi c\u00e2y, \u0111i\u1ec1u khi\u1ec3n t\u1eaft\/m\u1edf thi\u1ebft b\u1ecb ch\u1ed1ng tr\u1ed9m i225B, i226B c\u1ee7a Kawsan\u2026\u200b<\/li>\n<\/ul>\n<h2><span class=\"ez-toc-section\" id=\"DIA_CHI_CUNG_CAP_O_DIEN_THONG_MINH_UY_TIN_%E2%80%93_CHAT_LUONG\"><\/span>\u0110\u1ecaA CH\u1ec8 CUNG C\u1ea4P\u00a0\u1ed4 \u0110I\u1ec6N TH\u00d4NG MINH UY T\u00cdN \u2013 CH\u1ea4T L\u01af\u1ee2NG<span class=\"ez-toc-section-end\"><\/span><\/h2>\n<p>M\u1ed9t trong nh\u1eefng c\u00e1ch ch\u1ecdn mua \u0111\u01b0\u1ee3c \u1ed5 c\u1eafm \u0111i\u1ec7n \u0111i\u1ec1u khi\u1ec3n t\u1eeb xa ph\u00f9 h\u1ee3p, ch\u1ea5t l\u01b0\u1ee3ng ch\u00ednh l\u00e0 t\u00ecm \u0111\u1ebfn c\u00e1c \u0111\u01a1n v\u1ecb cung c\u1ea5p uy t\u00edn. KAWASAN t\u1ef1 tin\u00a0l\u00e0 m\u1ed9t trong nh\u1eefng \u0111\u01a1n v\u1ecb h\u00e0ng \u0111\u1ea7u cung c\u1ea5p\u00a0\u1ed5 c\u1eafm \u0111i\u1ec1u khi\u1ec3n t\u1eeb xa\u00a0ch\u1ea5t l\u01b0\u1ee3ng nh\u1ea5t hi\u1ec7n nay tr\u00ean th\u1ecb tr\u01b0\u1eddng.<\/p>\n<ul>\n<li>C\u00e1c b\u1ed9 ph\u1eadn c\u1ea5u t\u1ea1o \u0111\u1ec1u \u0111\u1ea1t ti\u00eau chu\u1ea9n ch\u1ea5t l\u01b0\u1ee3ng cao. Th\u00f4ng tin in r\u00f5 r\u00e0ng b\u1eb1ng ti\u1ebfng Vi\u1ec7t ng\u01b0\u1eddi d\u00f9ng d\u1ec5 d\u00e0ng s\u1eed d\u1ee5ng h\u01a1n.<\/li>\n<li>\u0110\u1ed9 b\u1ec1n s\u1ea3n ph\u1ea9m tr\u00ean &gt; 5 n\u0103m, \u0111\u1ea3m b\u1ea3o ch\u00ednh h\u00e3ng Kawasan 100%.<\/li>\n<li>\u0110\u1ed9i ng\u0169 t\u01b0 v\u1ea5n b\u00e1n h\u00e0ng v\u00e0 k\u1ef9 thu\u1eadt chuy\u00ean nghi\u1ec7p. Ch\u00ednh s\u00e1ch b\u1ea3o h\u00e0nh 2 n\u0103m lu\u00f4n gi\u1ea3i quy\u1ebft c\u00e1c v\u1ea5n \u0111\u1ec1 c\u1ee7a kh\u00e1ch h\u00e0ng m\u1ed9t c\u00e1ch nhanh nh\u1ea5t.<\/li>\n<li>\u0110\u1ed9i ng\u0169\u00a0s\u1ea3n xu\u1ea5t Kawasan c\u00f3 nhi\u1ec1u\u00a0n\u0103m\u00a0kinh nghi\u1ec7m ho\u1ea1t \u0111\u1ed9ng trong ng\u00e0nh thi\u1ebft b\u1ecb \u0111i\u1ec7n th\u00f4ng minh. Do \u0111\u00f3 qu\u00fd kh\u00e1ch c\u00f3 th\u1ec3 ho\u00e0n to\u00e0n tin t\u01b0\u1edfng khi s\u1eed d\u1ee5ng s\u1ea3n ph\u1ea9m t\u1eeb c\u00f4ng ty ch\u00fang t\u00f4i.<\/li>\n<\/ul>","protected":false},"excerpt":{"rendered":"<p>\u1ed4 C\u1eaeM \u0110I\u1ec0U KHI\u1ec2N T\u1eea XA KAWASAN L\u00c0 G\u00cc? \u1ed4 c\u1eafm \u0111i\u1ec1u khi\u1ec3n t\u1eeb xa Kawasan\u00a0\u0111\u01b0\u1ee3c c\u1ea3i ti\u1ebfn v\u00e0 gi\u00fap ng\u01b0\u1eddi d\u00f9ng b\u1eadt- t\u1eaft thi\u1ebft b\u1ecb qua remote. Gi\u00fap cu\u1ed9c s\u1ed1ng tr\u1edf n\u00ean ti\u1ec7n d\u1ee5ng v\u00e0 nhanh ch\u00f3ng h\u01a1n. \u1ed4 \u0111i\u1ec7n \u0111i\u1ec1u khi\u1ec3n t\u1eeb xa d\u00f9ng c\u00f4ng ngh\u1ec7 thu ph\u00e1t s\u00f3ng RF433Mhz si\u00eau nh\u1ea1y. C\u00f3 [&hellip;]<\/p>","protected":false},"featured_media":22735,"comment_status":"open","ping_status":"closed","template":"","meta":{"_yoast_wpseo_focuskw":"","_yoast_wpseo_metadesc":"","_yoast_wpseo_focuskeywords":"","_yoast_wpseo_keyword_synonyms":""},"product_cat":[15],"product_tag":[],"class_list":["post-22734","product","type-product","status-publish","has-post-thumbnail","hentry","product_cat-cong-tac-cam-ung-chuyen-dong"],"acf":[],"yoast_head":"<!-- This site is optimized with the Yoast SEO Premium plugin v24.9 (Yoast SEO v24.9) - https:\/\/yoast.com\/wordpress\/plugins\/seo\/ -->\n<title>\u1ed4 C\u1eafm \u0110i\u1ec1u Khi\u1ec3n T\u1eeb Xa 500W TB01D-RM2C - Kawasan<\/title>\n<meta name=\"robots\" content=\"index, follow, max-snippet:-1, max-image-preview:large, max-video-preview:-1\" \/>\n<link rel=\"canonical\" href=\"https:\/\/kawasan.vn\/en\/product\/o-cam-dieu-khien-tu-xa-500w-tb01d-rm2c\/\" \/>\n<meta property=\"og:locale\" content=\"en_US\" \/>\n<meta property=\"og:type\" content=\"article\" \/>\n<meta property=\"og:title\" content=\"\u1ed4 C\u1eafm \u0110i\u1ec1u Khi\u1ec3n T\u1eeb Xa 500W TB01D-RM2C\" \/>\n<meta property=\"og:description\" content=\"\u1ed4 C\u1eaeM \u0110I\u1ec0U KHI\u1ec2N T\u1eea XA KAWASAN L\u00c0 G\u00cc? \u1ed4 c\u1eafm \u0111i\u1ec1u khi\u1ec3n t\u1eeb xa Kawasan\u00a0\u0111\u01b0\u1ee3c c\u1ea3i ti\u1ebfn v\u00e0 gi\u00fap ng\u01b0\u1eddi d\u00f9ng b\u1eadt- t\u1eaft thi\u1ebft b\u1ecb qua remote. Gi\u00fap cu\u1ed9c s\u1ed1ng tr\u1edf n\u00ean ti\u1ec7n d\u1ee5ng v\u00e0 nhanh ch\u00f3ng h\u01a1n. \u1ed4 \u0111i\u1ec7n \u0111i\u1ec1u khi\u1ec3n t\u1eeb xa d\u00f9ng c\u00f4ng ngh\u1ec7 thu ph\u00e1t s\u00f3ng RF433Mhz si\u00eau nh\u1ea1y. C\u00f3 [&hellip;]\" \/>\n<meta property=\"og:url\" content=\"https:\/\/kawasan.vn\/en\/product\/o-cam-dieu-khien-tu-xa-500w-tb01d-rm2c\/\" \/>\n<meta property=\"og:site_name\" content=\"Kawasan\" \/>\n<meta property=\"article:modified_time\" content=\"2025-12-09T02:35:34+00:00\" \/>\n<meta property=\"og:image\" content=\"https:\/\/kawasan.vn\/wp-content\/uploads\/2025\/04\/TB01D-RM2C.png\" \/>\n\t<meta property=\"og:image:width\" content=\"500\" \/>\n\t<meta property=\"og:image:height\" content=\"482\" \/>\n\t<meta property=\"og:image:type\" content=\"image\/png\" \/>\n<meta name=\"twitter:card\" content=\"summary_large_image\" \/>\n<meta name=\"twitter:label1\" content=\"Est. reading time\" \/>\n\t<meta name=\"twitter:data1\" content=\"5 minutes\" \/>\n<script type=\"application\/ld+json\" class=\"yoast-schema-graph\">{\"@context\":\"https:\/\/schema.org\",\"@graph\":[{\"@type\":\"WebPage\",\"@id\":\"https:\/\/kawasan.vn\/san-pham\/o-cam-dieu-khien-tu-xa-500w-tb01d-rm2c\/\",\"url\":\"https:\/\/kawasan.vn\/san-pham\/o-cam-dieu-khien-tu-xa-500w-tb01d-rm2c\/\",\"name\":\"\u1ed4 C\u1eafm \u0110i\u1ec1u Khi\u1ec3n T\u1eeb Xa 500W TB01D-RM2C - Kawasan\",\"isPartOf\":{\"@id\":\"https:\/\/kawasan.vn\/#website\"},\"primaryImageOfPage\":{\"@id\":\"https:\/\/kawasan.vn\/san-pham\/o-cam-dieu-khien-tu-xa-500w-tb01d-rm2c\/#primaryimage\"},\"image\":{\"@id\":\"https:\/\/kawasan.vn\/san-pham\/o-cam-dieu-khien-tu-xa-500w-tb01d-rm2c\/#primaryimage\"},\"thumbnailUrl\":\"https:\/\/kawasan.vn\/wp-content\/uploads\/2025\/04\/TB01D-RM2C.png\",\"datePublished\":\"2025-04-26T08:43:31+00:00\",\"dateModified\":\"2025-12-09T02:35:34+00:00\",\"breadcrumb\":{\"@id\":\"https:\/\/kawasan.vn\/san-pham\/o-cam-dieu-khien-tu-xa-500w-tb01d-rm2c\/#breadcrumb\"},\"inLanguage\":\"en-US\",\"potentialAction\":[{\"@type\":\"ReadAction\",\"target\":[\"https:\/\/kawasan.vn\/san-pham\/o-cam-dieu-khien-tu-xa-500w-tb01d-rm2c\/\"]}]},{\"@type\":\"ImageObject\",\"inLanguage\":\"en-US\",\"@id\":\"https:\/\/kawasan.vn\/san-pham\/o-cam-dieu-khien-tu-xa-500w-tb01d-rm2c\/#primaryimage\",\"url\":\"https:\/\/kawasan.vn\/wp-content\/uploads\/2025\/04\/TB01D-RM2C.png\",\"contentUrl\":\"https:\/\/kawasan.vn\/wp-content\/uploads\/2025\/04\/TB01D-RM2C.png\",\"width\":500,\"height\":482},{\"@type\":\"BreadcrumbList\",\"@id\":\"https:\/\/kawasan.vn\/san-pham\/o-cam-dieu-khien-tu-xa-500w-tb01d-rm2c\/#breadcrumb\",\"itemListElement\":[{\"@type\":\"ListItem\",\"position\":1,\"name\":\"Trang ch\u1ee7\",\"item\":\"https:\/\/kawasan.vn\/\"},{\"@type\":\"ListItem\",\"position\":2,\"name\":\"S\u1ea3n ph\u1ea9m\",\"item\":\"https:\/\/kawasan.vn\/san-pham\/\"},{\"@type\":\"ListItem\",\"position\":3,\"name\":\"\u1ed4 C\u1eafm \u0110i\u1ec1u Khi\u1ec3n T\u1eeb Xa 500W TB01D-RM2C\"}]},{\"@type\":\"WebSite\",\"@id\":\"https:\/\/kawasan.vn\/#website\",\"url\":\"https:\/\/kawasan.vn\/\",\"name\":\"Kawasan\",\"description\":\"\",\"potentialAction\":[{\"@type\":\"SearchAction\",\"target\":{\"@type\":\"EntryPoint\",\"urlTemplate\":\"https:\/\/kawasan.vn\/?s={search_term_string}\"},\"query-input\":{\"@type\":\"PropertyValueSpecification\",\"valueRequired\":true,\"valueName\":\"search_term_string\"}}],\"inLanguage\":\"en-US\"}]}<\/script>\n<!-- \/ Yoast SEO Premium plugin. -->","yoast_head_json":{"title":"\u1ed4 C\u1eafm \u0110i\u1ec1u Khi\u1ec3n T\u1eeb Xa 500W TB01D-RM2C - Kawasan","robots":{"index":"index","follow":"follow","max-snippet":"max-snippet:-1","max-image-preview":"max-image-preview:large","max-video-preview":"max-video-preview:-1"},"canonical":"https:\/\/kawasan.vn\/en\/product\/o-cam-dieu-khien-tu-xa-500w-tb01d-rm2c\/","og_locale":"en_US","og_type":"article","og_title":"\u1ed4 C\u1eafm \u0110i\u1ec1u Khi\u1ec3n T\u1eeb Xa 500W TB01D-RM2C","og_description":"\u1ed4 C\u1eaeM \u0110I\u1ec0U KHI\u1ec2N T\u1eea XA KAWASAN L\u00c0 G\u00cc? \u1ed4 c\u1eafm \u0111i\u1ec1u khi\u1ec3n t\u1eeb xa Kawasan\u00a0\u0111\u01b0\u1ee3c c\u1ea3i ti\u1ebfn v\u00e0 gi\u00fap ng\u01b0\u1eddi d\u00f9ng b\u1eadt- t\u1eaft thi\u1ebft b\u1ecb qua remote. Gi\u00fap cu\u1ed9c s\u1ed1ng tr\u1edf n\u00ean ti\u1ec7n d\u1ee5ng v\u00e0 nhanh ch\u00f3ng h\u01a1n. \u1ed4 \u0111i\u1ec7n \u0111i\u1ec1u khi\u1ec3n t\u1eeb xa d\u00f9ng c\u00f4ng ngh\u1ec7 thu ph\u00e1t s\u00f3ng RF433Mhz si\u00eau nh\u1ea1y. C\u00f3 [&hellip;]","og_url":"https:\/\/kawasan.vn\/en\/product\/o-cam-dieu-khien-tu-xa-500w-tb01d-rm2c\/","og_site_name":"Kawasan","article_modified_time":"2025-12-09T02:35:34+00:00","og_image":[{"width":500,"height":482,"url":"https:\/\/kawasan.vn\/wp-content\/uploads\/2025\/04\/TB01D-RM2C.png","type":"image\/png"}],"twitter_card":"summary_large_image","twitter_misc":{"Est. reading time":"5 minutes"},"schema":{"@context":"https:\/\/schema.org","@graph":[{"@type":"WebPage","@id":"https:\/\/kawasan.vn\/san-pham\/o-cam-dieu-khien-tu-xa-500w-tb01d-rm2c\/","url":"https:\/\/kawasan.vn\/san-pham\/o-cam-dieu-khien-tu-xa-500w-tb01d-rm2c\/","name":"\u1ed4 C\u1eafm \u0110i\u1ec1u Khi\u1ec3n T\u1eeb Xa 500W TB01D-RM2C - Kawasan","isPartOf":{"@id":"https:\/\/kawasan.vn\/#website"},"primaryImageOfPage":{"@id":"https:\/\/kawasan.vn\/san-pham\/o-cam-dieu-khien-tu-xa-500w-tb01d-rm2c\/#primaryimage"},"image":{"@id":"https:\/\/kawasan.vn\/san-pham\/o-cam-dieu-khien-tu-xa-500w-tb01d-rm2c\/#primaryimage"},"thumbnailUrl":"https:\/\/kawasan.vn\/wp-content\/uploads\/2025\/04\/TB01D-RM2C.png","datePublished":"2025-04-26T08:43:31+00:00","dateModified":"2025-12-09T02:35:34+00:00","breadcrumb":{"@id":"https:\/\/kawasan.vn\/san-pham\/o-cam-dieu-khien-tu-xa-500w-tb01d-rm2c\/#breadcrumb"},"inLanguage":"en-US","potentialAction":[{"@type":"ReadAction","target":["https:\/\/kawasan.vn\/san-pham\/o-cam-dieu-khien-tu-xa-500w-tb01d-rm2c\/"]}]},{"@type":"ImageObject","inLanguage":"en-US","@id":"https:\/\/kawasan.vn\/san-pham\/o-cam-dieu-khien-tu-xa-500w-tb01d-rm2c\/#primaryimage","url":"https:\/\/kawasan.vn\/wp-content\/uploads\/2025\/04\/TB01D-RM2C.png","contentUrl":"https:\/\/kawasan.vn\/wp-content\/uploads\/2025\/04\/TB01D-RM2C.png","width":500,"height":482},{"@type":"BreadcrumbList","@id":"https:\/\/kawasan.vn\/san-pham\/o-cam-dieu-khien-tu-xa-500w-tb01d-rm2c\/#breadcrumb","itemListElement":[{"@type":"ListItem","position":1,"name":"Trang ch\u1ee7","item":"https:\/\/kawasan.vn\/"},{"@type":"ListItem","position":2,"name":"S\u1ea3n ph\u1ea9m","item":"https:\/\/kawasan.vn\/san-pham\/"},{"@type":"ListItem","position":3,"name":"\u1ed4 C\u1eafm \u0110i\u1ec1u Khi\u1ec3n T\u1eeb Xa 500W TB01D-RM2C"}]},{"@type":"WebSite","@id":"https:\/\/kawasan.vn\/#website","url":"https:\/\/kawasan.vn\/","name":"Kawasan","description":"","potentialAction":[{"@type":"SearchAction","target":{"@type":"EntryPoint","urlTemplate":"https:\/\/kawasan.vn\/?s={search_term_string}"},"query-input":{"@type":"PropertyValueSpecification","valueRequired":true,"valueName":"search_term_string"}}],"inLanguage":"en-US"}]}},"_links":{"self":[{"href":"https:\/\/kawasan.vn\/en\/wp-json\/wp\/v2\/product\/22734","targetHints":{"allow":["GET"]}}],"collection":[{"href":"https:\/\/kawasan.vn\/en\/wp-json\/wp\/v2\/product"}],"about":[{"href":"https:\/\/kawasan.vn\/en\/wp-json\/wp\/v2\/types\/product"}],"replies":[{"embeddable":true,"href":"https:\/\/kawasan.vn\/en\/wp-json\/wp\/v2\/comments?post=22734"}],"version-history":[{"count":2,"href":"https:\/\/kawasan.vn\/en\/wp-json\/wp\/v2\/product\/22734\/revisions"}],"predecessor-version":[{"id":22741,"href":"https:\/\/kawasan.vn\/en\/wp-json\/wp\/v2\/product\/22734\/revisions\/22741"}],"wp:featuredmedia":[{"embeddable":true,"href":"https:\/\/kawasan.vn\/en\/wp-json\/wp\/v2\/media\/22735"}],"wp:attachment":[{"href":"https:\/\/kawasan.vn\/en\/wp-json\/wp\/v2\/media?parent=22734"}],"wp:term":[{"taxonomy":"product_cat","embeddable":true,"href":"https:\/\/kawasan.vn\/en\/wp-json\/wp\/v2\/product_cat?post=22734"},{"taxonomy":"product_tag","embeddable":true,"href":"https:\/\/kawasan.vn\/en\/wp-json\/wp\/v2\/product_tag?post=22734"}],"curies":[{"name":"wp","href":"https:\/\/api.w.org\/{rel}","templated":true}]}}