{"id":22697,"date":"2025-04-26T13:26:05","date_gmt":"2025-04-26T06:26:05","guid":{"rendered":"https:\/\/kawasan.vn\/?post_type=product&#038;p=22697"},"modified":"2025-04-26T13:26:14","modified_gmt":"2025-04-26T06:26:14","slug":"tu-dieu-khien-tu-xa-2-kenh-cong-suat-cao-3hp-rf2k-rm4b-25a","status":"publish","type":"product","link":"https:\/\/kawasan.vn\/en\/product\/tu-dieu-khien-tu-xa-2-kenh-cong-suat-cao-3hp-rf2k-rm4b-25a\/","title":{"rendered":"T\u1ee7 \u0110i\u1ec1u Khi\u1ec3n T\u1eeb Xa 2 K\u00eanh C\u00f4ng Su\u1ea5t Cao 3HP RF2K -RM4B 25A"},"content":{"rendered":"<h2><span class=\"ez-toc-section\" id=\"TU_DIEU_KHIEN_TU_XA_2_KENH_SONG_RF433Mhz_CONG_SUAT_CAO_3HP_LA_GI\"><\/span>T\u1ee6\u00a0\u0110I\u1ec0U KHI\u1ec2N T\u1eea XA 2 K\u00caNH S\u00d3NG RF433Mhz\u00a0 C\u00d4NG SU\u1ea4T CAO 3HP L\u00c0 G\u00cc?<span class=\"ez-toc-section-end\"><\/span><\/h2><div id=\"ez-toc-container\" class=\"ez-toc-v2_0_69_1 counter-hierarchy ez-toc-counter ez-toc-grey ez-toc-container-direction\">\n<div class=\"ez-toc-title-container\">\n<p class=\"ez-toc-title\" >N\u1ed9i Dung B&agrave;i Vi\u1ebft<\/p>\n<span class=\"ez-toc-title-toggle\"><a href=\"#\" class=\"ez-toc-pull-right ez-toc-btn ez-toc-btn-xs ez-toc-btn-default ez-toc-toggle\" aria-label=\"Toggle Table of Content\"><span class=\"ez-toc-js-icon-con\"><span class=\"\"><span class=\"eztoc-hide\" style=\"display:none;\">Toggle<\/span><span class=\"ez-toc-icon-toggle-span\"><svg style=\"fill: #999;color:#999\" xmlns=\"http:\/\/www.w3.org\/2000\/svg\" class=\"list-377408\" width=\"20px\" height=\"20px\" viewbox=\"0 0 24 24\" fill=\"none\"><path d=\"M6 6H4v2h2V6zm14 0H8v2h12V6zM4 11h2v2H4v-2zm16 0H8v2h12v-2zM4 16h2v2H4v-2zm16 0H8v2h12v-2z\" fill=\"currentColor\"><\/path><\/svg><svg style=\"fill: #999;color:#999\" class=\"arrow-unsorted-368013\" xmlns=\"http:\/\/www.w3.org\/2000\/svg\" width=\"10px\" height=\"10px\" viewbox=\"0 0 24 24\" version=\"1.2\" baseprofile=\"tiny\"><path d=\"M18.2 9.3l-6.2-6.3-6.2 6.3c-.2.2-.3.4-.3.7s.1.5.3.7c.2.2.4.3.7.3h11c.3 0 .5-.1.7-.3.2-.2.3-.5.3-.7s-.1-.5-.3-.7zM5.8 14.7l6.2 6.3 6.2-6.3c.2-.2.3-.5.3-.7s-.1-.5-.3-.7c-.2-.2-.4-.3-.7-.3h-11c-.3 0-.5.1-.7.3-.2.2-.3.5-.3.7s.1.5.3.7z\"\/><\/svg><\/span><\/span><\/span><\/a><\/span><\/div>\n<nav><ul class='ez-toc-list ez-toc-list-level-1 eztoc-toggle-hide-by-default' ><li class='ez-toc-page-1 ez-toc-heading-level-2'><a class=\"ez-toc-link ez-toc-heading-1\" href=\"https:\/\/kawasan.vn\/en\/product\/tu-dieu-khien-tu-xa-2-kenh-cong-suat-cao-3hp-rf2k-rm4b-25a\/#TU_DIEU_KHIEN_TU_XA_2_KENH_SONG_RF433Mhz_CONG_SUAT_CAO_3HP_LA_GI\" title=\"T\u1ee6\u00a0\u0110I\u1ec0U KHI\u1ec2N T\u1eea XA 2 K\u00caNH S\u00d3NG RF433Mhz\u00a0 C\u00d4NG SU\u1ea4T CAO 3HP L\u00c0 G\u00cc?\">T\u1ee6\u00a0\u0110I\u1ec0U KHI\u1ec2N T\u1eea XA 2 K\u00caNH S\u00d3NG RF433Mhz\u00a0 C\u00d4NG SU\u1ea4T CAO 3HP L\u00c0 G\u00cc?<\/a><\/li><li class='ez-toc-page-1 ez-toc-heading-level-2'><a class=\"ez-toc-link ez-toc-heading-2\" href=\"https:\/\/kawasan.vn\/en\/product\/tu-dieu-khien-tu-xa-2-kenh-cong-suat-cao-3hp-rf2k-rm4b-25a\/#UNG_DUNG_TU_DIEU_KHIEN_TU_XA_2_KENH_CONG_SUAT_CAO\" title=\"\u1ee8NG D\u1ee4NG T\u1ee6\u00a0\u0110I\u1ec0U KHI\u1ec2N T\u1eea XA 2 K\u00caNH C\u00d4NG SU\u1ea4T CAO\">\u1ee8NG D\u1ee4NG T\u1ee6\u00a0\u0110I\u1ec0U KHI\u1ec2N T\u1eea XA 2 K\u00caNH C\u00d4NG SU\u1ea4T CAO<\/a><\/li><li class='ez-toc-page-1 ez-toc-heading-level-2'><a class=\"ez-toc-link ez-toc-heading-3\" href=\"https:\/\/kawasan.vn\/en\/product\/tu-dieu-khien-tu-xa-2-kenh-cong-suat-cao-3hp-rf2k-rm4b-25a\/#DIA_CHI_CUNG_CAP_TU_DIEU_KHIEN_TU_XA_2_KENH_UY_TIN_%E2%80%93_CHAT_LUONG\" title=\"\u0110\u1ecaA CH\u1ec8 CUNG C\u1ea4P T\u1ee6\u00a0\u0110I\u1ec0U KHI\u1ec2N T\u1eea XA 2 K\u00caNH UY T\u00cdN \u2013 CH\u1ea4T L\u01af\u1ee2NG\">\u0110\u1ecaA CH\u1ec8 CUNG C\u1ea4P T\u1ee6\u00a0\u0110I\u1ec0U KHI\u1ec2N T\u1eea XA 2 K\u00caNH UY T\u00cdN \u2013 CH\u1ea4T L\u01af\u1ee2NG<\/a><\/li><\/ul><\/nav><\/div>\n\n<p>T\u1ee7<em><a href=\"https:\/\/thegioidienthongminh.com\/danh-muc\/dieu-khien-tu-xa\/\" target=\"_blank\" rel=\"noopener noreferrer\" data-cke-saved-href=\"https:\/\/thegioidienthongminh.com\/danh-muc\/dieu-khien-tu-xa\/\">\u00a0\u0111i\u1ec1u khi\u1ec3n t\u1eeb xa<\/a><\/em>\u00a0 RF2K s\u1eed d\u1ee5ng s\u00f3ng RF433 Mhz\u00a0si\u00eau nh\u1ea1y c\u00f3 th\u1ec3 truy\u1ec1n t\u00edn hi\u1ec7u xuy\u00ean qua v\u1eadt c\u1ea3n nh\u01b0: k\u00ednh, t\u01b0\u1eddng m\u1ecfng, g\u1ed7, g\u1ea1ch\u2026Kho\u1ea3ng c\u00e1ch \u0111i\u1ec1u khi\u1ec3n c\u00f3 th\u1ec3 l\u00ean \u0111\u1ebfn 50-300m\u00a0 tu\u1ef3 v\u1eadt c\u1ea3n. C\u00f9ng l\u00fac \u0111i\u1ec1u khi\u1ec3n b\u1eadt &#8211; t\u1eaft\u00a02 thi\u1ebft b\u1ecb \u0111\u1ed9c l\u1eadp, mang \u0111\u1ebfn s\u1ef1 ti\u1ec7n l\u1ee3i cho ng\u01b0\u1eddi d\u00f9ng. C\u00f4ng su\u1ea5t t\u1ea3i thi\u1ebft b\u1ecb &lt;500w\/k\u00eanh, kh\u00f4ng \u0111\u00e1p \u1ee9ng \u0111\u01b0\u1ee3c h\u1ebft nhu c\u1ea7u ng\u01b0\u1eddi d\u00f9ng.\u00a0\u00a0N\u00ean Kawasan \u0111\u00e3 l\u1eafp th\u00e0nh b\u1ed9 c\u00f4ng su\u1ea5t cao, trong h\u1ed9p k\u00edn n\u01b0\u1edbc d\u00f9ng cho c\u00e1c thi\u1ebft b\u1ecb c\u00f4ng su\u1ea5t &lt;3 HP v\u00f4 c\u00f9ng ti\u1ec7n l\u1ee3i.<\/p>\n<p>C\u00f4ng t\u1eafc RF2K l\u00e0m vi\u1ec7c th\u00f4ng minh th\u00f4ng qua Chip Vi X\u1eed L\u00fd t\u1ed1c \u0111\u1ed9 nhanh v\u00e0 xa.\u00a0Ng\u01b0\u1eddi d\u00f9ng c\u00f3 th\u1ec3 t\u1ef1 b\u1ea5m n\u00fat\u00a0SET (h\u1ecdc l\u1ec7nh) c\u00e0i \u0111\u1eb7t th\u00eam Remote \u0111i\u1ec1u khi\u1ec3n, t\u00edch h\u1ee3p\u00a0\u0111\u01b0\u1ee3c t\u1ed1i \u0111a 5\u00a0remote.\u00a0C\u00f3 th\u1ec3 t\u00edch h\u1ee3p v\u1edbi nhi\u1ec1u lo\u1ea1i remote kh\u00e1c nhau c\u00f9ng t\u1ea7n s\u1ed1 RF433 Mhz \u0111\u1ec3 \u0111i\u1ec1u khi\u1ec3n nh\u01b0: RM01B, RM4B, RM4D&#8230;\u00a0Thi\u1ebft k\u1ebf m\u1edbi c\u00f3 \u0111\u1ea7u k\u1ebft n\u1ed1i Anten r\u1eddi, gi\u00fap cho ng\u01b0\u1eddi d\u00f9ng c\u00f3 th\u1ec3 ch\u1ee7 \u0111\u1ed9ng ch\u1ecdn lo\u1ea1i Anten d\u00e0i ho\u1eb7c ng\u1eafn. T\u00f9y theo kho\u1ea3ng c\u00e1ch \u0111i\u1ec1u khi\u1ec3n v\u00e0 c\u00f3 th\u1ec3 k\u00e9o\u00a0d\u00e2y Anten ra ngo\u00e0i trong tr\u01b0\u1eddng h\u1ee3p l\u1eafp Anten d\u00e0i d\u00e2y kho\u1ea3ng 3m.<\/p>\n<p><img decoding=\"async\" src=\"https:\/\/kawasan.vn\/wp-content\/uploads\/2025\/04\/cong-tac-2-kenh.jpg\" alt=\"B\u1ed9 \u0111i\u1ec1u khi\u1ec3n t\u1eeb xa c\u00f4ng su\u1ea5t cao 2 k\u00eanh\" data-cke-saved-src=\"https:\/\/kawasan.vn\/wp-content\/uploads\/2025\/04\/cong-tac-2-kenh.jpg\" \/><\/p>\n<p><img decoding=\"async\" src=\"https:\/\/kawasan.com.vn\/image\/data\/RF2K\/bo-dieu-khien-2-kenh-rf2k-3hp%20(5).jpg\" alt=\"Thi\u1ebft k\u1ebf trong h\u1ecdp k\u00edn n\u01b0\u1edbc ti\u1ec7n d\u1ee5ng\" data-cke-saved-src=\"https:\/\/kawasan.vn\/wp-content\/uploads\/2025\/04\/bo-dieu-khien-2-kenh-rf2k-3hp-5.jpg\" \/><\/p>\n<h2><span class=\"ez-toc-section\" id=\"UNG_DUNG_TU_DIEU_KHIEN_TU_XA_2_KENH_CONG_SUAT_CAO\"><\/span>\u1ee8NG D\u1ee4NG T\u1ee6\u00a0\u0110I\u1ec0U KHI\u1ec2N T\u1eea XA 2 K\u00caNH C\u00d4NG SU\u1ea4T CAO<span class=\"ez-toc-section-end\"><\/span><\/h2>\n<ul>\n<li>\u0110i\u1ec1u khi\u1ec3n qu\u1ea1t, m\u00e1y \u0111i\u1ec1u h\u00f2a, h\u1ec7 th\u1ed1ng \u0111\u00e8n chi\u1ebfu s\u00e1ng<\/li>\n<li>M\u00e1y x\u1ecbt r\u1eeda xe\/v\u1ec7 sinh m\u00e1y \u0111i\u1ec1u h\u00f2a<\/li>\n<li>B\u01a1m n\u01b0\u1edbc t\u01b0\u1edbi c\u00e2y, \u0111i\u1ec1u khi\u1ec3n b\u1eadt \/ t\u1eaft lu\u00e2n phi\u00ean b\u01a1m n\u01b0\u1edbc t\u01b0\u1edbi ti\u00eau\u2026<\/li>\n<\/ul>\n<p>\u200b<img decoding=\"async\" class=\"wp-image-6059\" title=\"C\u00f4ng t\u1eafc \u0111i\u1ec1u khi\u1ec3n t\u1eeb xa RF \u0111\u01b0\u1ee3c \u1ee9ng d\u1ee5ng cho nhi\u1ec1u thi\u1ebft b\u1ecb\" src=\"https:\/\/kawasan.com.vn\/image\/data\/RF2K%20NEW\/cong%20tac%20dieu%20khien%20tu%20xa%20RF%20(6).gif\" alt=\"C\u00f4ng t\u1eafc \u0111i\u1ec1u khi\u1ec3n t\u1eeb xa RF \u0111\u01b0\u1ee3c \u1ee9ng d\u1ee5ng cho nhi\u1ec1u thi\u1ebft b\u1ecb\" aria-describedby=\"caption-attachment-6059\" data-cke-saved-src=\"https:\/\/kawasan.vn\/wp-content\/uploads\/2025\/04\/cong-tac-dieu-khien-tu-xa-RF-6.gif\" \/><\/p>\n<h2><span class=\"ez-toc-section\" id=\"DIA_CHI_CUNG_CAP_TU_DIEU_KHIEN_TU_XA_2_KENH_UY_TIN_%E2%80%93_CHAT_LUONG\"><\/span>\u0110\u1ecaA CH\u1ec8 CUNG C\u1ea4P T\u1ee6\u00a0\u0110I\u1ec0U KHI\u1ec2N T\u1eea XA 2 K\u00caNH UY T\u00cdN \u2013 CH\u1ea4T L\u01af\u1ee2NG<span class=\"ez-toc-section-end\"><\/span><\/h2>\n<p>M\u1ed9t trong nh\u1eefng c\u00e1ch \u0111\u1ec3 ch\u1ecdn mua \u0111\u01b0\u1ee3c c\u00f4ng t\u1eafc \u0111i\u1ec1u khi\u1ec3n t\u1eeb xa ph\u00f9 h\u1ee3p, ch\u1ea5t l\u01b0\u1ee3ng ch\u00ednh l\u00e0 t\u00ecm \u0111\u1ebfn c\u00e1c \u0111\u01a1n v\u1ecb cung c\u1ea5p uy t\u00edn. KAWASAN t\u1ef1 tin\u00a0l\u00e0 m\u1ed9t trong nh\u1eefng \u0111\u01a1n v\u1ecb h\u00e0ng \u0111\u1ea7u cung c\u1ea5p\u00a0thi\u1ebft b\u1ecb \u0111i\u1ec7n th\u00f4ng minh\u00a0ch\u1ea5t l\u01b0\u1ee3ng v\u1edbi nhi\u1ec1u lo\u1ea1i nh\u01b0: c\u00f4ng t\u1eafc \u0111i\u1ec1u khi\u1ec3n t\u1eeb xa 12V, b\u1ed9 \u0111i\u1ec1u khi\u1ec3n t\u1eeb xa 220V, c\u00f4ng t\u1eafc \u0111\u00e8n \u0111i\u1ec1u khi\u1ec3n t\u1eeb xa\u2026.<\/p>\n<ul>\n<li>C\u00e1c b\u1ed9 ph\u1eadn c\u1ea5u t\u1ea1o \u0111\u1ec1u \u0111\u1ea1t ti\u00eau chu\u1ea9n ch\u1ea5t l\u01b0\u1ee3ng cao. Th\u00f4ng tin in r\u00f5 r\u00e0ng b\u1eb1ng ti\u1ebfng Vi\u1ec7t ng\u01b0\u1eddi d\u00f9ng d\u1ec5 d\u00e0ng s\u1eed d\u1ee5ng h\u01a1n.<\/li>\n<li>\u0110\u1ed9i ng\u0169 t\u01b0 v\u1ea5n b\u00e1n h\u00e0ng v\u00e0 k\u1ef9 thu\u1eadt chuy\u00ean nghi\u1ec7p. Ch\u00ednh s\u00e1ch b\u1ea3o h\u00e0nh 2 n\u0103m lu\u00f4n gi\u1ea3i quy\u1ebft c\u00e1c v\u1ea5n \u0111\u1ec1 c\u1ee7a kh\u00e1ch h\u00e0ng m\u1ed9t c\u00e1ch nhanh nh\u1ea5t.<\/li>\n<li>\u0110\u1ed9i ng\u1ee7 s\u1ea3n xu\u1ea5t c\u00f4ng ty Kawasan c\u00f3 h\u01a1n 15\u00a0n\u0103m kinh nghi\u1ec7m ho\u1ea1t \u0111\u1ed9ng trong ng\u00e0nh thi\u1ebft b\u1ecb \u0111i\u1ec7n th\u00f4ng minh. Do \u0111\u00f3 qu\u00fd kh\u00e1ch c\u00f3 th\u1ec3 ho\u00e0n to\u00e0n tin t\u01b0\u1edfng khi s\u1eed d\u1ee5ng s\u1ea3n ph\u1ea9m t\u1eeb c\u00f4ng ty ch\u00fang t\u00f4i.<\/li>\n<\/ul>","protected":false},"excerpt":{"rendered":"<p>T\u1ee6\u00a0\u0110I\u1ec0U KHI\u1ec2N T\u1eea XA 2 K\u00caNH S\u00d3NG RF433Mhz\u00a0 C\u00d4NG SU\u1ea4T CAO 3HP L\u00c0 G\u00cc? T\u1ee7\u00a0\u0111i\u1ec1u khi\u1ec3n t\u1eeb xa\u00a0 RF2K s\u1eed d\u1ee5ng s\u00f3ng RF433 Mhz\u00a0si\u00eau nh\u1ea1y c\u00f3 th\u1ec3 truy\u1ec1n t\u00edn hi\u1ec7u xuy\u00ean qua v\u1eadt c\u1ea3n nh\u01b0: k\u00ednh, t\u01b0\u1eddng m\u1ecfng, g\u1ed7, g\u1ea1ch\u2026Kho\u1ea3ng c\u00e1ch \u0111i\u1ec1u khi\u1ec3n c\u00f3 th\u1ec3 l\u00ean \u0111\u1ebfn 50-300m\u00a0 tu\u1ef3 v\u1eadt c\u1ea3n. C\u00f9ng l\u00fac \u0111i\u1ec1u khi\u1ec3n [&hellip;]<\/p>","protected":false},"featured_media":22698,"comment_status":"open","ping_status":"closed","template":"","meta":{"_yoast_wpseo_focuskw":"","_yoast_wpseo_metadesc":"","_yoast_wpseo_focuskeywords":"","_yoast_wpseo_keyword_synonyms":""},"product_cat":[15],"product_tag":[],"class_list":["post-22697","product","type-product","status-publish","has-post-thumbnail","hentry","product_cat-cong-tac-cam-ung-chuyen-dong"],"acf":[],"yoast_head":"<!-- This site is optimized with the Yoast SEO Premium plugin v24.9 (Yoast SEO v24.9) - https:\/\/yoast.com\/wordpress\/plugins\/seo\/ -->\n<title>T\u1ee7 \u0110i\u1ec1u Khi\u1ec3n T\u1eeb Xa 2 K\u00eanh C\u00f4ng Su\u1ea5t Cao 3HP RF2K -RM4B 25A - Kawasan<\/title>\n<meta name=\"robots\" content=\"index, follow, max-snippet:-1, max-image-preview:large, max-video-preview:-1\" \/>\n<link rel=\"canonical\" href=\"https:\/\/kawasan.vn\/en\/product\/tu-dieu-khien-tu-xa-2-kenh-cong-suat-cao-3hp-rf2k-rm4b-25a\/\" \/>\n<meta property=\"og:locale\" content=\"en_US\" \/>\n<meta property=\"og:type\" content=\"article\" \/>\n<meta property=\"og:title\" content=\"T\u1ee7 \u0110i\u1ec1u Khi\u1ec3n T\u1eeb Xa 2 K\u00eanh C\u00f4ng Su\u1ea5t Cao 3HP RF2K -RM4B 25A\" \/>\n<meta property=\"og:description\" content=\"T\u1ee6\u00a0\u0110I\u1ec0U KHI\u1ec2N T\u1eea XA 2 K\u00caNH S\u00d3NG RF433Mhz\u00a0 C\u00d4NG SU\u1ea4T CAO 3HP L\u00c0 G\u00cc? T\u1ee7\u00a0\u0111i\u1ec1u khi\u1ec3n t\u1eeb xa\u00a0 RF2K s\u1eed d\u1ee5ng s\u00f3ng RF433 Mhz\u00a0si\u00eau nh\u1ea1y c\u00f3 th\u1ec3 truy\u1ec1n t\u00edn hi\u1ec7u xuy\u00ean qua v\u1eadt c\u1ea3n nh\u01b0: k\u00ednh, t\u01b0\u1eddng m\u1ecfng, g\u1ed7, g\u1ea1ch\u2026Kho\u1ea3ng c\u00e1ch \u0111i\u1ec1u khi\u1ec3n c\u00f3 th\u1ec3 l\u00ean \u0111\u1ebfn 50-300m\u00a0 tu\u1ef3 v\u1eadt c\u1ea3n. C\u00f9ng l\u00fac \u0111i\u1ec1u khi\u1ec3n [&hellip;]\" \/>\n<meta property=\"og:url\" content=\"https:\/\/kawasan.vn\/en\/product\/tu-dieu-khien-tu-xa-2-kenh-cong-suat-cao-3hp-rf2k-rm4b-25a\/\" \/>\n<meta property=\"og:site_name\" content=\"Kawasan\" \/>\n<meta property=\"article:modified_time\" content=\"2025-04-26T06:26:14+00:00\" \/>\n<meta property=\"og:image\" content=\"https:\/\/kawasan.vn\/wp-content\/uploads\/2025\/04\/RF2K-220V-RM4B-25A.png\" \/>\n\t<meta property=\"og:image:width\" content=\"576\" \/>\n\t<meta property=\"og:image:height\" content=\"566\" \/>\n\t<meta property=\"og:image:type\" content=\"image\/png\" \/>\n<meta name=\"twitter:card\" content=\"summary_large_image\" \/>\n<meta name=\"twitter:label1\" content=\"Est. reading time\" \/>\n\t<meta name=\"twitter:data1\" content=\"3 minutes\" \/>\n<script type=\"application\/ld+json\" class=\"yoast-schema-graph\">{\"@context\":\"https:\/\/schema.org\",\"@graph\":[{\"@type\":\"WebPage\",\"@id\":\"https:\/\/kawasan.vn\/san-pham\/tu-dieu-khien-tu-xa-2-kenh-cong-suat-cao-3hp-rf2k-rm4b-25a\/\",\"url\":\"https:\/\/kawasan.vn\/san-pham\/tu-dieu-khien-tu-xa-2-kenh-cong-suat-cao-3hp-rf2k-rm4b-25a\/\",\"name\":\"T\u1ee7 \u0110i\u1ec1u Khi\u1ec3n T\u1eeb Xa 2 K\u00eanh C\u00f4ng Su\u1ea5t Cao 3HP RF2K -RM4B 25A - Kawasan\",\"isPartOf\":{\"@id\":\"https:\/\/kawasan.vn\/#website\"},\"primaryImageOfPage\":{\"@id\":\"https:\/\/kawasan.vn\/san-pham\/tu-dieu-khien-tu-xa-2-kenh-cong-suat-cao-3hp-rf2k-rm4b-25a\/#primaryimage\"},\"image\":{\"@id\":\"https:\/\/kawasan.vn\/san-pham\/tu-dieu-khien-tu-xa-2-kenh-cong-suat-cao-3hp-rf2k-rm4b-25a\/#primaryimage\"},\"thumbnailUrl\":\"https:\/\/kawasan.vn\/wp-content\/uploads\/2025\/04\/RF2K-220V-RM4B-25A.png\",\"datePublished\":\"2025-04-26T06:26:05+00:00\",\"dateModified\":\"2025-04-26T06:26:14+00:00\",\"breadcrumb\":{\"@id\":\"https:\/\/kawasan.vn\/san-pham\/tu-dieu-khien-tu-xa-2-kenh-cong-suat-cao-3hp-rf2k-rm4b-25a\/#breadcrumb\"},\"inLanguage\":\"en-US\",\"potentialAction\":[{\"@type\":\"ReadAction\",\"target\":[\"https:\/\/kawasan.vn\/san-pham\/tu-dieu-khien-tu-xa-2-kenh-cong-suat-cao-3hp-rf2k-rm4b-25a\/\"]}]},{\"@type\":\"ImageObject\",\"inLanguage\":\"en-US\",\"@id\":\"https:\/\/kawasan.vn\/san-pham\/tu-dieu-khien-tu-xa-2-kenh-cong-suat-cao-3hp-rf2k-rm4b-25a\/#primaryimage\",\"url\":\"https:\/\/kawasan.vn\/wp-content\/uploads\/2025\/04\/RF2K-220V-RM4B-25A.png\",\"contentUrl\":\"https:\/\/kawasan.vn\/wp-content\/uploads\/2025\/04\/RF2K-220V-RM4B-25A.png\",\"width\":576,\"height\":566,\"caption\":\"RF2K 220V-RM4B 25A\"},{\"@type\":\"BreadcrumbList\",\"@id\":\"https:\/\/kawasan.vn\/san-pham\/tu-dieu-khien-tu-xa-2-kenh-cong-suat-cao-3hp-rf2k-rm4b-25a\/#breadcrumb\",\"itemListElement\":[{\"@type\":\"ListItem\",\"position\":1,\"name\":\"Trang ch\u1ee7\",\"item\":\"https:\/\/kawasan.vn\/\"},{\"@type\":\"ListItem\",\"position\":2,\"name\":\"S\u1ea3n ph\u1ea9m\",\"item\":\"https:\/\/kawasan.vn\/san-pham\/\"},{\"@type\":\"ListItem\",\"position\":3,\"name\":\"T\u1ee7 \u0110i\u1ec1u Khi\u1ec3n T\u1eeb Xa 2 K\u00eanh C\u00f4ng Su\u1ea5t Cao 3HP RF2K -RM4B 25A\"}]},{\"@type\":\"WebSite\",\"@id\":\"https:\/\/kawasan.vn\/#website\",\"url\":\"https:\/\/kawasan.vn\/\",\"name\":\"Kawasan\",\"description\":\"\",\"potentialAction\":[{\"@type\":\"SearchAction\",\"target\":{\"@type\":\"EntryPoint\",\"urlTemplate\":\"https:\/\/kawasan.vn\/?s={search_term_string}\"},\"query-input\":{\"@type\":\"PropertyValueSpecification\",\"valueRequired\":true,\"valueName\":\"search_term_string\"}}],\"inLanguage\":\"en-US\"}]}<\/script>\n<!-- \/ Yoast SEO Premium plugin. -->","yoast_head_json":{"title":"T\u1ee7 \u0110i\u1ec1u Khi\u1ec3n T\u1eeb Xa 2 K\u00eanh C\u00f4ng Su\u1ea5t Cao 3HP RF2K -RM4B 25A - Kawasan","robots":{"index":"index","follow":"follow","max-snippet":"max-snippet:-1","max-image-preview":"max-image-preview:large","max-video-preview":"max-video-preview:-1"},"canonical":"https:\/\/kawasan.vn\/en\/product\/tu-dieu-khien-tu-xa-2-kenh-cong-suat-cao-3hp-rf2k-rm4b-25a\/","og_locale":"en_US","og_type":"article","og_title":"T\u1ee7 \u0110i\u1ec1u Khi\u1ec3n T\u1eeb Xa 2 K\u00eanh C\u00f4ng Su\u1ea5t Cao 3HP RF2K -RM4B 25A","og_description":"T\u1ee6\u00a0\u0110I\u1ec0U KHI\u1ec2N T\u1eea XA 2 K\u00caNH S\u00d3NG RF433Mhz\u00a0 C\u00d4NG SU\u1ea4T CAO 3HP L\u00c0 G\u00cc? T\u1ee7\u00a0\u0111i\u1ec1u khi\u1ec3n t\u1eeb xa\u00a0 RF2K s\u1eed d\u1ee5ng s\u00f3ng RF433 Mhz\u00a0si\u00eau nh\u1ea1y c\u00f3 th\u1ec3 truy\u1ec1n t\u00edn hi\u1ec7u xuy\u00ean qua v\u1eadt c\u1ea3n nh\u01b0: k\u00ednh, t\u01b0\u1eddng m\u1ecfng, g\u1ed7, g\u1ea1ch\u2026Kho\u1ea3ng c\u00e1ch \u0111i\u1ec1u khi\u1ec3n c\u00f3 th\u1ec3 l\u00ean \u0111\u1ebfn 50-300m\u00a0 tu\u1ef3 v\u1eadt c\u1ea3n. C\u00f9ng l\u00fac \u0111i\u1ec1u khi\u1ec3n [&hellip;]","og_url":"https:\/\/kawasan.vn\/en\/product\/tu-dieu-khien-tu-xa-2-kenh-cong-suat-cao-3hp-rf2k-rm4b-25a\/","og_site_name":"Kawasan","article_modified_time":"2025-04-26T06:26:14+00:00","og_image":[{"width":576,"height":566,"url":"https:\/\/kawasan.vn\/wp-content\/uploads\/2025\/04\/RF2K-220V-RM4B-25A.png","type":"image\/png"}],"twitter_card":"summary_large_image","twitter_misc":{"Est. reading time":"3 minutes"},"schema":{"@context":"https:\/\/schema.org","@graph":[{"@type":"WebPage","@id":"https:\/\/kawasan.vn\/san-pham\/tu-dieu-khien-tu-xa-2-kenh-cong-suat-cao-3hp-rf2k-rm4b-25a\/","url":"https:\/\/kawasan.vn\/san-pham\/tu-dieu-khien-tu-xa-2-kenh-cong-suat-cao-3hp-rf2k-rm4b-25a\/","name":"T\u1ee7 \u0110i\u1ec1u Khi\u1ec3n T\u1eeb Xa 2 K\u00eanh C\u00f4ng Su\u1ea5t Cao 3HP RF2K -RM4B 25A - Kawasan","isPartOf":{"@id":"https:\/\/kawasan.vn\/#website"},"primaryImageOfPage":{"@id":"https:\/\/kawasan.vn\/san-pham\/tu-dieu-khien-tu-xa-2-kenh-cong-suat-cao-3hp-rf2k-rm4b-25a\/#primaryimage"},"image":{"@id":"https:\/\/kawasan.vn\/san-pham\/tu-dieu-khien-tu-xa-2-kenh-cong-suat-cao-3hp-rf2k-rm4b-25a\/#primaryimage"},"thumbnailUrl":"https:\/\/kawasan.vn\/wp-content\/uploads\/2025\/04\/RF2K-220V-RM4B-25A.png","datePublished":"2025-04-26T06:26:05+00:00","dateModified":"2025-04-26T06:26:14+00:00","breadcrumb":{"@id":"https:\/\/kawasan.vn\/san-pham\/tu-dieu-khien-tu-xa-2-kenh-cong-suat-cao-3hp-rf2k-rm4b-25a\/#breadcrumb"},"inLanguage":"en-US","potentialAction":[{"@type":"ReadAction","target":["https:\/\/kawasan.vn\/san-pham\/tu-dieu-khien-tu-xa-2-kenh-cong-suat-cao-3hp-rf2k-rm4b-25a\/"]}]},{"@type":"ImageObject","inLanguage":"en-US","@id":"https:\/\/kawasan.vn\/san-pham\/tu-dieu-khien-tu-xa-2-kenh-cong-suat-cao-3hp-rf2k-rm4b-25a\/#primaryimage","url":"https:\/\/kawasan.vn\/wp-content\/uploads\/2025\/04\/RF2K-220V-RM4B-25A.png","contentUrl":"https:\/\/kawasan.vn\/wp-content\/uploads\/2025\/04\/RF2K-220V-RM4B-25A.png","width":576,"height":566,"caption":"RF2K 220V-RM4B 25A"},{"@type":"BreadcrumbList","@id":"https:\/\/kawasan.vn\/san-pham\/tu-dieu-khien-tu-xa-2-kenh-cong-suat-cao-3hp-rf2k-rm4b-25a\/#breadcrumb","itemListElement":[{"@type":"ListItem","position":1,"name":"Trang ch\u1ee7","item":"https:\/\/kawasan.vn\/"},{"@type":"ListItem","position":2,"name":"S\u1ea3n ph\u1ea9m","item":"https:\/\/kawasan.vn\/san-pham\/"},{"@type":"ListItem","position":3,"name":"T\u1ee7 \u0110i\u1ec1u Khi\u1ec3n T\u1eeb Xa 2 K\u00eanh C\u00f4ng Su\u1ea5t Cao 3HP RF2K -RM4B 25A"}]},{"@type":"WebSite","@id":"https:\/\/kawasan.vn\/#website","url":"https:\/\/kawasan.vn\/","name":"Kawasan","description":"","potentialAction":[{"@type":"SearchAction","target":{"@type":"EntryPoint","urlTemplate":"https:\/\/kawasan.vn\/?s={search_term_string}"},"query-input":{"@type":"PropertyValueSpecification","valueRequired":true,"valueName":"search_term_string"}}],"inLanguage":"en-US"}]}},"_links":{"self":[{"href":"https:\/\/kawasan.vn\/en\/wp-json\/wp\/v2\/product\/22697","targetHints":{"allow":["GET"]}}],"collection":[{"href":"https:\/\/kawasan.vn\/en\/wp-json\/wp\/v2\/product"}],"about":[{"href":"https:\/\/kawasan.vn\/en\/wp-json\/wp\/v2\/types\/product"}],"replies":[{"embeddable":true,"href":"https:\/\/kawasan.vn\/en\/wp-json\/wp\/v2\/comments?post=22697"}],"version-history":[{"count":1,"href":"https:\/\/kawasan.vn\/en\/wp-json\/wp\/v2\/product\/22697\/revisions"}],"predecessor-version":[{"id":22702,"href":"https:\/\/kawasan.vn\/en\/wp-json\/wp\/v2\/product\/22697\/revisions\/22702"}],"wp:featuredmedia":[{"embeddable":true,"href":"https:\/\/kawasan.vn\/en\/wp-json\/wp\/v2\/media\/22698"}],"wp:attachment":[{"href":"https:\/\/kawasan.vn\/en\/wp-json\/wp\/v2\/media?parent=22697"}],"wp:term":[{"taxonomy":"product_cat","embeddable":true,"href":"https:\/\/kawasan.vn\/en\/wp-json\/wp\/v2\/product_cat?post=22697"},{"taxonomy":"product_tag","embeddable":true,"href":"https:\/\/kawasan.vn\/en\/wp-json\/wp\/v2\/product_tag?post=22697"}],"curies":[{"name":"wp","href":"https:\/\/api.w.org\/{rel}","templated":true}]}}