{"id":22679,"date":"2025-04-26T13:09:17","date_gmt":"2025-04-26T06:09:17","guid":{"rendered":"https:\/\/kawasan.vn\/?post_type=product&#038;p=22679"},"modified":"2025-12-09T11:23:35","modified_gmt":"2025-12-09T04:23:35","slug":"remote-dieu-khien-tu-xa-4-nut-rm4a","status":"publish","type":"product","link":"https:\/\/kawasan.vn\/en\/product\/remote-dieu-khien-tu-xa-4-nut-rm4a\/","title":{"rendered":"Remote \u0110i\u1ec1u Khi\u1ec3n T\u1eeb Xa 4 N\u00fat RM4A"},"content":{"rendered":"<p><strong>M\u00d4 T\u1ea2<\/strong><\/p>\n<p>Remote \u0111i\u1ec1u khi\u1ec3n t\u1eeb xa 4 n\u00fat RM4A d\u00f9ng t\u1ea7n s\u1ed1 s\u00f3ng RF433 Mhz \u0111\u1ec3 \u0111i\u1ec1u khi\u1ec3n b\u1eadt &#8211; t\u1eaft, thay \u0111\u1ed5i ki\u1ec3u chu\u00f4ng c\u1ee7a c\u00e1c thi\u1ebft b\u1ecb nh\u01b0 b\u00e1o kh\u00e1ch, chu\u00f4ng, b\u00e1o \u0111\u1ed9ng \u0111\u1ed9c l\u1eadp\u00a0t\u1eeb xa. Kho\u1ea3ng c\u00e1ch nh\u1eadn t\u00edn hi\u1ec7u 30-70m tu\u1ef3 m\u00f4i tr\u01b0\u1eddng v\u1eadt c\u1ea3n. D\u00f9ng Pin 23A-12V, s\u1eed d\u1ee5ng kho\u1ea3ng 8-10 th\u00e1ng ki\u1ec3m tra thay Pin 1 l\u1ea7n.<\/p>\n<p><strong>\u1ee8NG D\u1ee4NG<\/strong><\/p>\n<ul>\n<li>T\u00edch h\u1ee3p v\u1edbi chu\u00f4ng kh\u00f4ng d\u00e2y v\u00e0 chu\u00f4ng b\u00e1o kh\u00e1ch nh\u01b0: DB669, DB668B, I618A, I287B&#8230;<\/li>\n<\/ul>\n<p><img decoding=\"async\" src=\"https:\/\/kawasan.vn\/wp-content\/uploads\/2025\/04\/mo-ta-db669.jpg\" alt=\"\" data-cke-saved-src=\"https:\/\/kawasan.vn\/wp-content\/uploads\/2025\/04\/mo-ta-db669.jpg\" \/><\/p>\n<ul>\n<li>T\u00edch h\u1ee3p v\u1edbi b\u1ed9 b\u00e1o \u0111\u1ed9ng h\u1ed3ng ngo\u1ea1i\u00a0\u0111\u1ed9c l\u1eadp I227B<\/li>\n<\/ul>\n<p><img decoding=\"async\" src=\"https:\/\/kawasan.com.vn\/image\/data\/I227B\/bao%20dong%20hong%20ngoai%20i227b%20(3).jpg\" alt=\"\" data-cke-saved-src=\"https:\/\/kawasan.vn\/wp-content\/uploads\/2025\/04\/bao-dong-hong-ngoai-i227b-3.jpg\" \/><\/p>","protected":false},"excerpt":{"rendered":"<p>M\u00d4 T\u1ea2 Remote \u0111i\u1ec1u khi\u1ec3n t\u1eeb xa 4 n\u00fat RM4A d\u00f9ng t\u1ea7n s\u1ed1 s\u00f3ng RF433 Mhz \u0111\u1ec3 \u0111i\u1ec1u khi\u1ec3n b\u1eadt &#8211; t\u1eaft, thay \u0111\u1ed5i ki\u1ec3u chu\u00f4ng c\u1ee7a c\u00e1c thi\u1ebft b\u1ecb nh\u01b0 b\u00e1o kh\u00e1ch, chu\u00f4ng, b\u00e1o \u0111\u1ed9ng \u0111\u1ed9c l\u1eadp\u00a0t\u1eeb xa. Kho\u1ea3ng c\u00e1ch nh\u1eadn t\u00edn hi\u1ec7u 30-70m tu\u1ef3 m\u00f4i tr\u01b0\u1eddng v\u1eadt c\u1ea3n. D\u00f9ng Pin 23A-12V, s\u1eed d\u1ee5ng [&hellip;]<\/p>","protected":false},"featured_media":6501,"comment_status":"open","ping_status":"closed","template":"","meta":{"_yoast_wpseo_focuskw":"","_yoast_wpseo_metadesc":"","_yoast_wpseo_focuskeywords":"","_yoast_wpseo_keyword_synonyms":""},"product_cat":[15],"product_tag":[],"class_list":["post-22679","product","type-product","status-publish","has-post-thumbnail","hentry","product_cat-cong-tac-cam-ung-chuyen-dong"],"acf":[],"yoast_head":"<!-- This site is optimized with the Yoast SEO Premium plugin v24.9 (Yoast SEO v24.9) - https:\/\/yoast.com\/wordpress\/plugins\/seo\/ -->\n<title>Remote \u0110i\u1ec1u Khi\u1ec3n T\u1eeb Xa 4 N\u00fat RM4A - Kawasan<\/title>\n<meta name=\"robots\" content=\"index, follow, max-snippet:-1, max-image-preview:large, max-video-preview:-1\" \/>\n<link rel=\"canonical\" href=\"https:\/\/kawasan.vn\/en\/product\/remote-dieu-khien-tu-xa-4-nut-rm4a\/\" \/>\n<meta property=\"og:locale\" content=\"en_US\" \/>\n<meta property=\"og:type\" content=\"article\" \/>\n<meta property=\"og:title\" content=\"Remote \u0110i\u1ec1u Khi\u1ec3n T\u1eeb Xa 4 N\u00fat RM4A\" \/>\n<meta property=\"og:description\" content=\"M\u00d4 T\u1ea2 Remote \u0111i\u1ec1u khi\u1ec3n t\u1eeb xa 4 n\u00fat RM4A d\u00f9ng t\u1ea7n s\u1ed1 s\u00f3ng RF433 Mhz \u0111\u1ec3 \u0111i\u1ec1u khi\u1ec3n b\u1eadt &#8211; t\u1eaft, thay \u0111\u1ed5i ki\u1ec3u chu\u00f4ng c\u1ee7a c\u00e1c thi\u1ebft b\u1ecb nh\u01b0 b\u00e1o kh\u00e1ch, chu\u00f4ng, b\u00e1o \u0111\u1ed9ng \u0111\u1ed9c l\u1eadp\u00a0t\u1eeb xa. Kho\u1ea3ng c\u00e1ch nh\u1eadn t\u00edn hi\u1ec7u 30-70m tu\u1ef3 m\u00f4i tr\u01b0\u1eddng v\u1eadt c\u1ea3n. D\u00f9ng Pin 23A-12V, s\u1eed d\u1ee5ng [&hellip;]\" \/>\n<meta property=\"og:url\" content=\"https:\/\/kawasan.vn\/en\/product\/remote-dieu-khien-tu-xa-4-nut-rm4a\/\" \/>\n<meta property=\"og:site_name\" content=\"Kawasan\" \/>\n<meta property=\"article:modified_time\" content=\"2025-12-09T04:23:35+00:00\" \/>\n<meta property=\"og:image\" content=\"https:\/\/kawasan.vn\/wp-content\/uploads\/2023\/11\/remote-dieu-khien-tu-xa-4-nut-rm4a_6541f24460ef8.jpeg\" \/>\n\t<meta property=\"og:image:width\" content=\"270\" \/>\n\t<meta property=\"og:image:height\" content=\"270\" \/>\n\t<meta property=\"og:image:type\" content=\"image\/jpeg\" \/>\n<meta name=\"twitter:card\" content=\"summary_large_image\" \/>\n<meta name=\"twitter:label1\" content=\"Est. reading time\" \/>\n\t<meta name=\"twitter:data1\" content=\"1 minute\" \/>\n<script type=\"application\/ld+json\" class=\"yoast-schema-graph\">{\"@context\":\"https:\/\/schema.org\",\"@graph\":[{\"@type\":\"WebPage\",\"@id\":\"https:\/\/kawasan.vn\/san-pham\/remote-dieu-khien-tu-xa-4-nut-rm4a\/\",\"url\":\"https:\/\/kawasan.vn\/san-pham\/remote-dieu-khien-tu-xa-4-nut-rm4a\/\",\"name\":\"Remote \u0110i\u1ec1u Khi\u1ec3n T\u1eeb Xa 4 N\u00fat RM4A - Kawasan\",\"isPartOf\":{\"@id\":\"https:\/\/kawasan.vn\/#website\"},\"primaryImageOfPage\":{\"@id\":\"https:\/\/kawasan.vn\/san-pham\/remote-dieu-khien-tu-xa-4-nut-rm4a\/#primaryimage\"},\"image\":{\"@id\":\"https:\/\/kawasan.vn\/san-pham\/remote-dieu-khien-tu-xa-4-nut-rm4a\/#primaryimage\"},\"thumbnailUrl\":\"https:\/\/kawasan.vn\/wp-content\/uploads\/2023\/11\/remote-dieu-khien-tu-xa-4-nut-rm4a_6541f24460ef8.jpeg\",\"datePublished\":\"2025-04-26T06:09:17+00:00\",\"dateModified\":\"2025-12-09T04:23:35+00:00\",\"breadcrumb\":{\"@id\":\"https:\/\/kawasan.vn\/san-pham\/remote-dieu-khien-tu-xa-4-nut-rm4a\/#breadcrumb\"},\"inLanguage\":\"en-US\",\"potentialAction\":[{\"@type\":\"ReadAction\",\"target\":[\"https:\/\/kawasan.vn\/san-pham\/remote-dieu-khien-tu-xa-4-nut-rm4a\/\"]}]},{\"@type\":\"ImageObject\",\"inLanguage\":\"en-US\",\"@id\":\"https:\/\/kawasan.vn\/san-pham\/remote-dieu-khien-tu-xa-4-nut-rm4a\/#primaryimage\",\"url\":\"https:\/\/kawasan.vn\/wp-content\/uploads\/2023\/11\/remote-dieu-khien-tu-xa-4-nut-rm4a_6541f24460ef8.jpeg\",\"contentUrl\":\"https:\/\/kawasan.vn\/wp-content\/uploads\/2023\/11\/remote-dieu-khien-tu-xa-4-nut-rm4a_6541f24460ef8.jpeg\",\"width\":270,\"height\":270},{\"@type\":\"BreadcrumbList\",\"@id\":\"https:\/\/kawasan.vn\/san-pham\/remote-dieu-khien-tu-xa-4-nut-rm4a\/#breadcrumb\",\"itemListElement\":[{\"@type\":\"ListItem\",\"position\":1,\"name\":\"Trang ch\u1ee7\",\"item\":\"https:\/\/kawasan.vn\/\"},{\"@type\":\"ListItem\",\"position\":2,\"name\":\"S\u1ea3n ph\u1ea9m\",\"item\":\"https:\/\/kawasan.vn\/san-pham\/\"},{\"@type\":\"ListItem\",\"position\":3,\"name\":\"Remote \u0110i\u1ec1u Khi\u1ec3n T\u1eeb Xa 4 N\u00fat RM4A\"}]},{\"@type\":\"WebSite\",\"@id\":\"https:\/\/kawasan.vn\/#website\",\"url\":\"https:\/\/kawasan.vn\/\",\"name\":\"Kawasan\",\"description\":\"\",\"potentialAction\":[{\"@type\":\"SearchAction\",\"target\":{\"@type\":\"EntryPoint\",\"urlTemplate\":\"https:\/\/kawasan.vn\/?s={search_term_string}\"},\"query-input\":{\"@type\":\"PropertyValueSpecification\",\"valueRequired\":true,\"valueName\":\"search_term_string\"}}],\"inLanguage\":\"en-US\"}]}<\/script>\n<!-- \/ Yoast SEO Premium plugin. -->","yoast_head_json":{"title":"Remote \u0110i\u1ec1u Khi\u1ec3n T\u1eeb Xa 4 N\u00fat RM4A - Kawasan","robots":{"index":"index","follow":"follow","max-snippet":"max-snippet:-1","max-image-preview":"max-image-preview:large","max-video-preview":"max-video-preview:-1"},"canonical":"https:\/\/kawasan.vn\/en\/product\/remote-dieu-khien-tu-xa-4-nut-rm4a\/","og_locale":"en_US","og_type":"article","og_title":"Remote \u0110i\u1ec1u Khi\u1ec3n T\u1eeb Xa 4 N\u00fat RM4A","og_description":"M\u00d4 T\u1ea2 Remote \u0111i\u1ec1u khi\u1ec3n t\u1eeb xa 4 n\u00fat RM4A d\u00f9ng t\u1ea7n s\u1ed1 s\u00f3ng RF433 Mhz \u0111\u1ec3 \u0111i\u1ec1u khi\u1ec3n b\u1eadt &#8211; t\u1eaft, thay \u0111\u1ed5i ki\u1ec3u chu\u00f4ng c\u1ee7a c\u00e1c thi\u1ebft b\u1ecb nh\u01b0 b\u00e1o kh\u00e1ch, chu\u00f4ng, b\u00e1o \u0111\u1ed9ng \u0111\u1ed9c l\u1eadp\u00a0t\u1eeb xa. Kho\u1ea3ng c\u00e1ch nh\u1eadn t\u00edn hi\u1ec7u 30-70m tu\u1ef3 m\u00f4i tr\u01b0\u1eddng v\u1eadt c\u1ea3n. D\u00f9ng Pin 23A-12V, s\u1eed d\u1ee5ng [&hellip;]","og_url":"https:\/\/kawasan.vn\/en\/product\/remote-dieu-khien-tu-xa-4-nut-rm4a\/","og_site_name":"Kawasan","article_modified_time":"2025-12-09T04:23:35+00:00","og_image":[{"width":270,"height":270,"url":"https:\/\/kawasan.vn\/wp-content\/uploads\/2023\/11\/remote-dieu-khien-tu-xa-4-nut-rm4a_6541f24460ef8.jpeg","type":"image\/jpeg"}],"twitter_card":"summary_large_image","twitter_misc":{"Est. reading time":"1 minute"},"schema":{"@context":"https:\/\/schema.org","@graph":[{"@type":"WebPage","@id":"https:\/\/kawasan.vn\/san-pham\/remote-dieu-khien-tu-xa-4-nut-rm4a\/","url":"https:\/\/kawasan.vn\/san-pham\/remote-dieu-khien-tu-xa-4-nut-rm4a\/","name":"Remote \u0110i\u1ec1u Khi\u1ec3n T\u1eeb Xa 4 N\u00fat RM4A - Kawasan","isPartOf":{"@id":"https:\/\/kawasan.vn\/#website"},"primaryImageOfPage":{"@id":"https:\/\/kawasan.vn\/san-pham\/remote-dieu-khien-tu-xa-4-nut-rm4a\/#primaryimage"},"image":{"@id":"https:\/\/kawasan.vn\/san-pham\/remote-dieu-khien-tu-xa-4-nut-rm4a\/#primaryimage"},"thumbnailUrl":"https:\/\/kawasan.vn\/wp-content\/uploads\/2023\/11\/remote-dieu-khien-tu-xa-4-nut-rm4a_6541f24460ef8.jpeg","datePublished":"2025-04-26T06:09:17+00:00","dateModified":"2025-12-09T04:23:35+00:00","breadcrumb":{"@id":"https:\/\/kawasan.vn\/san-pham\/remote-dieu-khien-tu-xa-4-nut-rm4a\/#breadcrumb"},"inLanguage":"en-US","potentialAction":[{"@type":"ReadAction","target":["https:\/\/kawasan.vn\/san-pham\/remote-dieu-khien-tu-xa-4-nut-rm4a\/"]}]},{"@type":"ImageObject","inLanguage":"en-US","@id":"https:\/\/kawasan.vn\/san-pham\/remote-dieu-khien-tu-xa-4-nut-rm4a\/#primaryimage","url":"https:\/\/kawasan.vn\/wp-content\/uploads\/2023\/11\/remote-dieu-khien-tu-xa-4-nut-rm4a_6541f24460ef8.jpeg","contentUrl":"https:\/\/kawasan.vn\/wp-content\/uploads\/2023\/11\/remote-dieu-khien-tu-xa-4-nut-rm4a_6541f24460ef8.jpeg","width":270,"height":270},{"@type":"BreadcrumbList","@id":"https:\/\/kawasan.vn\/san-pham\/remote-dieu-khien-tu-xa-4-nut-rm4a\/#breadcrumb","itemListElement":[{"@type":"ListItem","position":1,"name":"Trang ch\u1ee7","item":"https:\/\/kawasan.vn\/"},{"@type":"ListItem","position":2,"name":"S\u1ea3n ph\u1ea9m","item":"https:\/\/kawasan.vn\/san-pham\/"},{"@type":"ListItem","position":3,"name":"Remote \u0110i\u1ec1u Khi\u1ec3n T\u1eeb Xa 4 N\u00fat RM4A"}]},{"@type":"WebSite","@id":"https:\/\/kawasan.vn\/#website","url":"https:\/\/kawasan.vn\/","name":"Kawasan","description":"","potentialAction":[{"@type":"SearchAction","target":{"@type":"EntryPoint","urlTemplate":"https:\/\/kawasan.vn\/?s={search_term_string}"},"query-input":{"@type":"PropertyValueSpecification","valueRequired":true,"valueName":"search_term_string"}}],"inLanguage":"en-US"}]}},"_links":{"self":[{"href":"https:\/\/kawasan.vn\/en\/wp-json\/wp\/v2\/product\/22679","targetHints":{"allow":["GET"]}}],"collection":[{"href":"https:\/\/kawasan.vn\/en\/wp-json\/wp\/v2\/product"}],"about":[{"href":"https:\/\/kawasan.vn\/en\/wp-json\/wp\/v2\/types\/product"}],"replies":[{"embeddable":true,"href":"https:\/\/kawasan.vn\/en\/wp-json\/wp\/v2\/comments?post=22679"}],"version-history":[{"count":1,"href":"https:\/\/kawasan.vn\/en\/wp-json\/wp\/v2\/product\/22679\/revisions"}],"predecessor-version":[{"id":22693,"href":"https:\/\/kawasan.vn\/en\/wp-json\/wp\/v2\/product\/22679\/revisions\/22693"}],"wp:featuredmedia":[{"embeddable":true,"href":"https:\/\/kawasan.vn\/en\/wp-json\/wp\/v2\/media\/6501"}],"wp:attachment":[{"href":"https:\/\/kawasan.vn\/en\/wp-json\/wp\/v2\/media?parent=22679"}],"wp:term":[{"taxonomy":"product_cat","embeddable":true,"href":"https:\/\/kawasan.vn\/en\/wp-json\/wp\/v2\/product_cat?post=22679"},{"taxonomy":"product_tag","embeddable":true,"href":"https:\/\/kawasan.vn\/en\/wp-json\/wp\/v2\/product_tag?post=22679"}],"curies":[{"name":"wp","href":"https:\/\/api.w.org\/{rel}","templated":true}]}}