{"id":22677,"date":"2025-04-26T13:09:29","date_gmt":"2025-04-26T06:09:29","guid":{"rendered":"https:\/\/kawasan.vn\/?post_type=product&#038;p=22677"},"modified":"2025-12-09T11:43:39","modified_gmt":"2025-12-09T04:43:39","slug":"remote-dieu-khien-tu-xa-4-nut-anten-dai-rm4b","status":"publish","type":"product","link":"https:\/\/kawasan.vn\/en\/product\/remote-dieu-khien-tu-xa-4-nut-anten-dai-rm4b\/","title":{"rendered":"Remote \u0110i\u1ec1u Khi\u1ec3n T\u1eeb Xa 4 N\u00fat Anten D\u00e0i RM4B"},"content":{"rendered":"<p>\u0110i\u1ec1u khi\u1ec3n t\u1eeb xa RM4B\u00a0l\u00e0 s\u1ea3n ph\u1ea9m d\u00f9ng c\u00f4ng ngh\u1ec7 thu ph\u00e1t s\u00f3ng RF433Mhz, l\u00e0m vi\u1ec7c th\u00f4ng minh th\u00f4ng qua Chip Vi X\u1eed L\u00fd t\u1ed1c \u0111\u1ed9 nhanh v\u00e0 xa, ng\u01b0\u1eddi d\u00f9ng c\u00f3 th\u1ec3 t\u1ef1 b\u1ea5m SET c\u00e0i \u0111\u1eb7t th\u00eam Remote \u0111i\u1ec1u khi\u1ec3n, t\u00edch h\u1ee3p \u0111\u01b0\u1ee3c v\u1edbi nhi\u1ec1u c\u00f4ng t\u1eafc \u0111i\u1ec1u khi\u1ec3n t\u1eeb xa c\u00f9ng t\u1ea7n s\u1ed1 s\u00f3ng RF.<\/p>","protected":false},"excerpt":{"rendered":"<p>\u0110i\u1ec1u khi\u1ec3n t\u1eeb xa RM4B\u00a0l\u00e0 s\u1ea3n ph\u1ea9m d\u00f9ng c\u00f4ng ngh\u1ec7 thu ph\u00e1t s\u00f3ng RF433Mhz, l\u00e0m vi\u1ec7c th\u00f4ng minh th\u00f4ng qua Chip Vi X\u1eed L\u00fd t\u1ed1c \u0111\u1ed9 nhanh v\u00e0 xa, ng\u01b0\u1eddi d\u00f9ng c\u00f3 th\u1ec3 t\u1ef1 b\u1ea5m SET c\u00e0i \u0111\u1eb7t th\u00eam Remote \u0111i\u1ec1u khi\u1ec3n, t\u00edch h\u1ee3p \u0111\u01b0\u1ee3c v\u1edbi nhi\u1ec1u c\u00f4ng t\u1eafc \u0111i\u1ec1u khi\u1ec3n t\u1eeb xa c\u00f9ng t\u1ea7n [&hellip;]<\/p>","protected":false},"featured_media":17591,"comment_status":"open","ping_status":"closed","template":"","meta":{"_yoast_wpseo_focuskw":"","_yoast_wpseo_metadesc":"","_yoast_wpseo_focuskeywords":"","_yoast_wpseo_keyword_synonyms":""},"product_cat":[15],"product_tag":[],"class_list":["post-22677","product","type-product","status-publish","has-post-thumbnail","hentry","product_cat-cong-tac-cam-ung-chuyen-dong"],"acf":[],"yoast_head":"<!-- This site is optimized with the Yoast SEO Premium plugin v24.9 (Yoast SEO v24.9) - https:\/\/yoast.com\/wordpress\/plugins\/seo\/ -->\n<title>Remote \u0110i\u1ec1u Khi\u1ec3n T\u1eeb Xa 4 N\u00fat Anten D\u00e0i RM4B - Kawasan<\/title>\n<meta name=\"robots\" content=\"index, follow, max-snippet:-1, max-image-preview:large, max-video-preview:-1\" \/>\n<link rel=\"canonical\" href=\"https:\/\/kawasan.vn\/en\/product\/remote-dieu-khien-tu-xa-4-nut-anten-dai-rm4b\/\" \/>\n<meta property=\"og:locale\" content=\"en_US\" \/>\n<meta property=\"og:type\" content=\"article\" \/>\n<meta property=\"og:title\" content=\"Remote \u0110i\u1ec1u Khi\u1ec3n T\u1eeb Xa 4 N\u00fat Anten D\u00e0i RM4B\" \/>\n<meta property=\"og:description\" content=\"\u0110i\u1ec1u khi\u1ec3n t\u1eeb xa RM4B\u00a0l\u00e0 s\u1ea3n ph\u1ea9m d\u00f9ng c\u00f4ng ngh\u1ec7 thu ph\u00e1t s\u00f3ng RF433Mhz, l\u00e0m vi\u1ec7c th\u00f4ng minh th\u00f4ng qua Chip Vi X\u1eed L\u00fd t\u1ed1c \u0111\u1ed9 nhanh v\u00e0 xa, ng\u01b0\u1eddi d\u00f9ng c\u00f3 th\u1ec3 t\u1ef1 b\u1ea5m SET c\u00e0i \u0111\u1eb7t th\u00eam Remote \u0111i\u1ec1u khi\u1ec3n, t\u00edch h\u1ee3p \u0111\u01b0\u1ee3c v\u1edbi nhi\u1ec1u c\u00f4ng t\u1eafc \u0111i\u1ec1u khi\u1ec3n t\u1eeb xa c\u00f9ng t\u1ea7n [&hellip;]\" \/>\n<meta property=\"og:url\" content=\"https:\/\/kawasan.vn\/en\/product\/remote-dieu-khien-tu-xa-4-nut-anten-dai-rm4b\/\" \/>\n<meta property=\"og:site_name\" content=\"Kawasan\" \/>\n<meta property=\"article:modified_time\" content=\"2025-12-09T04:43:39+00:00\" \/>\n<meta property=\"og:image\" content=\"https:\/\/kawasan.vn\/wp-content\/uploads\/2024\/03\/rm4b.jpg\" \/>\n\t<meta property=\"og:image:width\" content=\"470\" \/>\n\t<meta property=\"og:image:height\" content=\"470\" \/>\n\t<meta property=\"og:image:type\" content=\"image\/jpeg\" \/>\n<meta name=\"twitter:card\" content=\"summary_large_image\" \/>\n<meta name=\"twitter:label1\" content=\"Est. reading time\" \/>\n\t<meta name=\"twitter:data1\" content=\"1 minute\" \/>\n<script type=\"application\/ld+json\" class=\"yoast-schema-graph\">{\"@context\":\"https:\/\/schema.org\",\"@graph\":[{\"@type\":\"WebPage\",\"@id\":\"https:\/\/kawasan.vn\/san-pham\/remote-dieu-khien-tu-xa-4-nut-anten-dai-rm4b\/\",\"url\":\"https:\/\/kawasan.vn\/san-pham\/remote-dieu-khien-tu-xa-4-nut-anten-dai-rm4b\/\",\"name\":\"Remote \u0110i\u1ec1u Khi\u1ec3n T\u1eeb Xa 4 N\u00fat Anten D\u00e0i RM4B - Kawasan\",\"isPartOf\":{\"@id\":\"https:\/\/kawasan.vn\/#website\"},\"primaryImageOfPage\":{\"@id\":\"https:\/\/kawasan.vn\/san-pham\/remote-dieu-khien-tu-xa-4-nut-anten-dai-rm4b\/#primaryimage\"},\"image\":{\"@id\":\"https:\/\/kawasan.vn\/san-pham\/remote-dieu-khien-tu-xa-4-nut-anten-dai-rm4b\/#primaryimage\"},\"thumbnailUrl\":\"https:\/\/kawasan.vn\/wp-content\/uploads\/2024\/03\/rm4b.jpg\",\"datePublished\":\"2025-04-26T06:09:29+00:00\",\"dateModified\":\"2025-12-09T04:43:39+00:00\",\"breadcrumb\":{\"@id\":\"https:\/\/kawasan.vn\/san-pham\/remote-dieu-khien-tu-xa-4-nut-anten-dai-rm4b\/#breadcrumb\"},\"inLanguage\":\"en-US\",\"potentialAction\":[{\"@type\":\"ReadAction\",\"target\":[\"https:\/\/kawasan.vn\/san-pham\/remote-dieu-khien-tu-xa-4-nut-anten-dai-rm4b\/\"]}]},{\"@type\":\"ImageObject\",\"inLanguage\":\"en-US\",\"@id\":\"https:\/\/kawasan.vn\/san-pham\/remote-dieu-khien-tu-xa-4-nut-anten-dai-rm4b\/#primaryimage\",\"url\":\"https:\/\/kawasan.vn\/wp-content\/uploads\/2024\/03\/rm4b.jpg\",\"contentUrl\":\"https:\/\/kawasan.vn\/wp-content\/uploads\/2024\/03\/rm4b.jpg\",\"width\":470,\"height\":470},{\"@type\":\"BreadcrumbList\",\"@id\":\"https:\/\/kawasan.vn\/san-pham\/remote-dieu-khien-tu-xa-4-nut-anten-dai-rm4b\/#breadcrumb\",\"itemListElement\":[{\"@type\":\"ListItem\",\"position\":1,\"name\":\"Trang ch\u1ee7\",\"item\":\"https:\/\/kawasan.vn\/\"},{\"@type\":\"ListItem\",\"position\":2,\"name\":\"S\u1ea3n ph\u1ea9m\",\"item\":\"https:\/\/kawasan.vn\/san-pham\/\"},{\"@type\":\"ListItem\",\"position\":3,\"name\":\"Remote \u0110i\u1ec1u Khi\u1ec3n T\u1eeb Xa 4 N\u00fat Anten D\u00e0i RM4B\"}]},{\"@type\":\"WebSite\",\"@id\":\"https:\/\/kawasan.vn\/#website\",\"url\":\"https:\/\/kawasan.vn\/\",\"name\":\"Kawasan\",\"description\":\"\",\"potentialAction\":[{\"@type\":\"SearchAction\",\"target\":{\"@type\":\"EntryPoint\",\"urlTemplate\":\"https:\/\/kawasan.vn\/?s={search_term_string}\"},\"query-input\":{\"@type\":\"PropertyValueSpecification\",\"valueRequired\":true,\"valueName\":\"search_term_string\"}}],\"inLanguage\":\"en-US\"}]}<\/script>\n<!-- \/ Yoast SEO Premium plugin. -->","yoast_head_json":{"title":"Remote \u0110i\u1ec1u Khi\u1ec3n T\u1eeb Xa 4 N\u00fat Anten D\u00e0i RM4B - Kawasan","robots":{"index":"index","follow":"follow","max-snippet":"max-snippet:-1","max-image-preview":"max-image-preview:large","max-video-preview":"max-video-preview:-1"},"canonical":"https:\/\/kawasan.vn\/en\/product\/remote-dieu-khien-tu-xa-4-nut-anten-dai-rm4b\/","og_locale":"en_US","og_type":"article","og_title":"Remote \u0110i\u1ec1u Khi\u1ec3n T\u1eeb Xa 4 N\u00fat Anten D\u00e0i RM4B","og_description":"\u0110i\u1ec1u khi\u1ec3n t\u1eeb xa RM4B\u00a0l\u00e0 s\u1ea3n ph\u1ea9m d\u00f9ng c\u00f4ng ngh\u1ec7 thu ph\u00e1t s\u00f3ng RF433Mhz, l\u00e0m vi\u1ec7c th\u00f4ng minh th\u00f4ng qua Chip Vi X\u1eed L\u00fd t\u1ed1c \u0111\u1ed9 nhanh v\u00e0 xa, ng\u01b0\u1eddi d\u00f9ng c\u00f3 th\u1ec3 t\u1ef1 b\u1ea5m SET c\u00e0i \u0111\u1eb7t th\u00eam Remote \u0111i\u1ec1u khi\u1ec3n, t\u00edch h\u1ee3p \u0111\u01b0\u1ee3c v\u1edbi nhi\u1ec1u c\u00f4ng t\u1eafc \u0111i\u1ec1u khi\u1ec3n t\u1eeb xa c\u00f9ng t\u1ea7n [&hellip;]","og_url":"https:\/\/kawasan.vn\/en\/product\/remote-dieu-khien-tu-xa-4-nut-anten-dai-rm4b\/","og_site_name":"Kawasan","article_modified_time":"2025-12-09T04:43:39+00:00","og_image":[{"width":470,"height":470,"url":"https:\/\/kawasan.vn\/wp-content\/uploads\/2024\/03\/rm4b.jpg","type":"image\/jpeg"}],"twitter_card":"summary_large_image","twitter_misc":{"Est. reading time":"1 minute"},"schema":{"@context":"https:\/\/schema.org","@graph":[{"@type":"WebPage","@id":"https:\/\/kawasan.vn\/san-pham\/remote-dieu-khien-tu-xa-4-nut-anten-dai-rm4b\/","url":"https:\/\/kawasan.vn\/san-pham\/remote-dieu-khien-tu-xa-4-nut-anten-dai-rm4b\/","name":"Remote \u0110i\u1ec1u Khi\u1ec3n T\u1eeb Xa 4 N\u00fat Anten D\u00e0i RM4B - Kawasan","isPartOf":{"@id":"https:\/\/kawasan.vn\/#website"},"primaryImageOfPage":{"@id":"https:\/\/kawasan.vn\/san-pham\/remote-dieu-khien-tu-xa-4-nut-anten-dai-rm4b\/#primaryimage"},"image":{"@id":"https:\/\/kawasan.vn\/san-pham\/remote-dieu-khien-tu-xa-4-nut-anten-dai-rm4b\/#primaryimage"},"thumbnailUrl":"https:\/\/kawasan.vn\/wp-content\/uploads\/2024\/03\/rm4b.jpg","datePublished":"2025-04-26T06:09:29+00:00","dateModified":"2025-12-09T04:43:39+00:00","breadcrumb":{"@id":"https:\/\/kawasan.vn\/san-pham\/remote-dieu-khien-tu-xa-4-nut-anten-dai-rm4b\/#breadcrumb"},"inLanguage":"en-US","potentialAction":[{"@type":"ReadAction","target":["https:\/\/kawasan.vn\/san-pham\/remote-dieu-khien-tu-xa-4-nut-anten-dai-rm4b\/"]}]},{"@type":"ImageObject","inLanguage":"en-US","@id":"https:\/\/kawasan.vn\/san-pham\/remote-dieu-khien-tu-xa-4-nut-anten-dai-rm4b\/#primaryimage","url":"https:\/\/kawasan.vn\/wp-content\/uploads\/2024\/03\/rm4b.jpg","contentUrl":"https:\/\/kawasan.vn\/wp-content\/uploads\/2024\/03\/rm4b.jpg","width":470,"height":470},{"@type":"BreadcrumbList","@id":"https:\/\/kawasan.vn\/san-pham\/remote-dieu-khien-tu-xa-4-nut-anten-dai-rm4b\/#breadcrumb","itemListElement":[{"@type":"ListItem","position":1,"name":"Trang ch\u1ee7","item":"https:\/\/kawasan.vn\/"},{"@type":"ListItem","position":2,"name":"S\u1ea3n ph\u1ea9m","item":"https:\/\/kawasan.vn\/san-pham\/"},{"@type":"ListItem","position":3,"name":"Remote \u0110i\u1ec1u Khi\u1ec3n T\u1eeb Xa 4 N\u00fat Anten D\u00e0i RM4B"}]},{"@type":"WebSite","@id":"https:\/\/kawasan.vn\/#website","url":"https:\/\/kawasan.vn\/","name":"Kawasan","description":"","potentialAction":[{"@type":"SearchAction","target":{"@type":"EntryPoint","urlTemplate":"https:\/\/kawasan.vn\/?s={search_term_string}"},"query-input":{"@type":"PropertyValueSpecification","valueRequired":true,"valueName":"search_term_string"}}],"inLanguage":"en-US"}]}},"_links":{"self":[{"href":"https:\/\/kawasan.vn\/en\/wp-json\/wp\/v2\/product\/22677","targetHints":{"allow":["GET"]}}],"collection":[{"href":"https:\/\/kawasan.vn\/en\/wp-json\/wp\/v2\/product"}],"about":[{"href":"https:\/\/kawasan.vn\/en\/wp-json\/wp\/v2\/types\/product"}],"replies":[{"embeddable":true,"href":"https:\/\/kawasan.vn\/en\/wp-json\/wp\/v2\/comments?post=22677"}],"version-history":[{"count":1,"href":"https:\/\/kawasan.vn\/en\/wp-json\/wp\/v2\/product\/22677\/revisions"}],"predecessor-version":[{"id":22696,"href":"https:\/\/kawasan.vn\/en\/wp-json\/wp\/v2\/product\/22677\/revisions\/22696"}],"wp:featuredmedia":[{"embeddable":true,"href":"https:\/\/kawasan.vn\/en\/wp-json\/wp\/v2\/media\/17591"}],"wp:attachment":[{"href":"https:\/\/kawasan.vn\/en\/wp-json\/wp\/v2\/media?parent=22677"}],"wp:term":[{"taxonomy":"product_cat","embeddable":true,"href":"https:\/\/kawasan.vn\/en\/wp-json\/wp\/v2\/product_cat?post=22677"},{"taxonomy":"product_tag","embeddable":true,"href":"https:\/\/kawasan.vn\/en\/wp-json\/wp\/v2\/product_tag?post=22677"}],"curies":[{"name":"wp","href":"https:\/\/api.w.org\/{rel}","templated":true}]}}