{"id":22629,"date":"2025-04-26T10:39:36","date_gmt":"2025-04-26T03:39:36","guid":{"rendered":"https:\/\/kawasan.vn\/?post_type=product&#038;p=22629"},"modified":"2025-06-14T10:46:00","modified_gmt":"2025-06-14T03:46:00","slug":"tu-dieu-khien-tu-xa-thong-minh-cong-suat-cao-cb20a-wifi-63a","status":"publish","type":"product","link":"https:\/\/kawasan.vn\/en\/product\/tu-dieu-khien-tu-xa-thong-minh-cong-suat-cao-cb20a-wifi-63a\/","title":{"rendered":"T\u1ee7 \u0110i\u1ec1u Khi\u1ec3n T\u1eeb Xa Th\u00f4ng Minh C\u00f4ng Su\u1ea5t Cao CB20A-WIFI-63A"},"content":{"rendered":"<h2><strong>T\u1ee6 \u0110I\u1ec0U T\u1eea XA\u00a0WIFI THANH RAY C\u00d4NG SU\u1ea4T CAO CB20A &#8211; 63A &#8211; 7HP<\/strong><\/h2>\n<ul>\n<li>T\u1ee7 \u0111i\u1ec1u khi\u1ec3n t\u1eeb xa, WIFI thanh ray CB20A l\u00e0 thi\u1ebft b\u1ecb \u0111i\u1ec1u khi\u1ec3n b\u1eadt\/t\u1eaft th\u00f4ng minh. Qua \u1ee9ng d\u1ee5ng Tuya Smart ho\u1eb7c Smart Life tr\u00ean \u0111i\u1ec7n tho\u1ea1i. C\u00f3 th\u1ec3 t\u1ea3i \u1ee9ng d\u1ee5ng mi\u1ec5n ph\u00ed Tuya SMART t\u1ea3i t\u1eeb Google Play v\u00e0 Apple Store<\/li>\n<li>Hi\u1ec3n th\u1ecb tr\u1ea1ng th\u00e1i \u1ee9ng d\u1ee5ng tr\u00ean APP IOS\/Android. H\u1eb9n gi\u1edd b\u1eadt\/t\u1eaft t\u1ef1 \u0111\u1ed9ng theo chu k\u1ef3 h\u1eb1ng ng\u00e0y\/tu\u1ea7n.<\/li>\n<li>Hi\u1ec3n th\u1ecb tr\u1ea1ng th\u00e1i ti\u00eau th\u1ee5 \u0111i\u1ec7n t\u1ee9c th\u1eddi, ng\u00e0y, th\u00e1ng \u0111ang s\u1eed d\u1ee5ng.<\/li>\n<li>T\u1ee7 <a href=\"https:\/\/kawasan.vn\/en\/product-category\/cong-tac-thong-minh\/\" target=\"_blank\" rel=\"noopener\">c\u00f4ng t\u1eafc th\u00f4ng minh<\/a> bao g\u1ed3m: kh\u1edfi \u0111\u1ed9ng t\u1eeb, CB v\u00e0 c\u00f4ng t\u1eafc CB20A \u0111\u1ec3 \u0111i\u1ec1u khi\u1ec3n b\u1eadt &#8211; t\u1eaft c\u00e1c thi\u1ebft b\u1ecb c\u00f4ng su\u1ea5t l\u1edbn &lt;7Hp. H\u1ed9p \u0111\u1ef1ng k\u00edn n\u01b0\u1edbc c\u00f3 th\u1ec3 l\u1eafp \u0111\u01b0\u1ee3c \u1edf ngo\u00e0i tr\u1eddi.<\/li>\n<li>Ph\u00f9 h\u1ee3p \u0111i\u1ec1u khi\u1ec3n cho: m\u00e1y l\u1ea1nh, b\u01a1m, qu\u1ea1t h\u00fat c\u00f4ng nghi\u1ec7p, h\u1ec7 th\u1ed1ng \u0111\u00e8n chi\u1ebfu s\u00e1ng kho, x\u01b0\u1edfng&#8230;<\/li>\n<\/ul>\n<p><img loading=\"lazy\" decoding=\"async\" class=\"aligncenter wp-image-20104\" src=\"https:\/\/kawasan.vn\/wp-content\/uploads\/2024\/08\/dktx-CB20A-KAWASAN-VN.jpg\" alt=\"\" width=\"800\" height=\"450\" srcset=\"https:\/\/kawasan.vn\/wp-content\/uploads\/2024\/08\/dktx-CB20A-KAWASAN-VN-768x432.jpg 768w, https:\/\/kawasan.vn\/wp-content\/uploads\/2024\/08\/dktx-CB20A-KAWASAN-VN-640x360.jpg 640w, https:\/\/kawasan.vn\/wp-content\/uploads\/2024\/08\/dktx-CB20A-KAWASAN-VN-400x225.jpg 400w\" sizes=\"auto, (max-width: 800px) 100vw, 800px\" \/><\/p>\n<p>&nbsp;<\/p>\n<p><img decoding=\"async\" class=\"aligncenter\" src=\"https:\/\/kawasan.vn\/wp-content\/uploads\/2025\/04\/bo-cong-tac-wifi-cong-suat-lon-cb20a-63a1.jpg\" alt=\"B\u1ed9 c\u00f4ng t\u1eafc wifi c\u00f4ng su\u1ea5t cao 63A\" data-cke-saved-src=\"https:\/\/kawasan.vn\/wp-content\/uploads\/2025\/04\/bo-cong-tac-wifi-cong-suat-lon-cb20a-63a1.jpg\" \/><\/p>\n<h2>T\u1ee6 \u0110I\u1ec0U KHI\u1ec2N T\u1eea XA QUA \u0110I\u1ec6N THO\u1ea0I MANG \u0110\u1ebeN NHI\u1ec0U L\u1ee2I \u00cdCH<\/h2>\n<ul>\n<li>Ti\u1ebft ki\u1ec7m \u0111i\u1ec7n n\u0103ng v\u00f4 c\u00f9ng hi\u1ec7u qu\u1ea3 cho ng\u01b0\u1eddi d\u00f9ng.<\/li>\n<li>Ti\u1ebft ki\u1ec7m th\u1eddi gian di chuy\u1ec3n \u0111\u1ebfn khu v\u1ef1c c\u00f3 thi\u1ebft b\u1ecb \u0111\u1ec3 b\u1eadt\/t\u1eaft b\u1eb1ng tay.<\/li>\n<li>\u0110\u1ea3m b\u1ea3o an to\u00e0n v\u1ec1 \u0111i\u1ec7n tr\u00e1nh nguy c\u01a1 gi\u1eadt \u0111i\u1ec7n khi s\u1eed d\u1ee5ng c\u00e1c lo\u1ea1i c\u00f4ng t\u1eafc \u0111i\u1ec7n th\u00f4ng th\u01b0\u1eddng.<\/li>\n<li>C\u00f3 th\u1ec3 \u0111i\u1ec1u khi\u1ec3n \u0111\u01b0\u1ee3c nhi\u1ec1u thi\u1ebft b\u1ecb kh\u00e1c nhau nh\u01b0: qu\u1ea1t, b\u00ecnh n\u01b0\u1edbc n\u00f3ng, \u0111\u00e8n ng\u1ee7, tivi, t\u1ee7 l\u1ea1nh, \u0111i\u1ec1u h\u00f2a, m\u00e1y b\u01a1m n\u01b0\u1edbc\u2026<\/li>\n<li>C\u00f3 th\u1ec3 ki\u1ec3m so\u00e1t b\u1eadt\/t\u1eaft v\u00e0 h\u1eb9n gi\u1edd t\u1ef1 \u0111\u1ed9ng cho c\u00e1c thi\u1ebft b\u1ecb ho\u1ea1t \u0111\u1ed9ng \u1edf m\u1ecdi l\u00fac, m\u1ecdi n\u01a1i<\/li>\n<\/ul>","protected":false},"excerpt":{"rendered":"<p>T\u1ee6 \u0110I\u1ec0U T\u1eea XA\u00a0WIFI THANH RAY C\u00d4NG SU\u1ea4T CAO CB20A &#8211; 63A &#8211; 7HP T\u1ee7 \u0111i\u1ec1u khi\u1ec3n t\u1eeb xa, WIFI thanh ray CB20A l\u00e0 thi\u1ebft b\u1ecb \u0111i\u1ec1u khi\u1ec3n b\u1eadt\/t\u1eaft th\u00f4ng minh. Qua \u1ee9ng d\u1ee5ng Tuya Smart ho\u1eb7c Smart Life tr\u00ean \u0111i\u1ec7n tho\u1ea1i. C\u00f3 th\u1ec3 t\u1ea3i \u1ee9ng d\u1ee5ng mi\u1ec5n ph\u00ed Tuya SMART t\u1ea3i t\u1eeb Google Play [&hellip;]<\/p>","protected":false},"featured_media":6284,"comment_status":"open","ping_status":"closed","template":"","meta":{"_yoast_wpseo_focuskw":"T\u1ee7 \u0110i\u1ec1u Khi\u1ec3n T\u1eeb Xa","_yoast_wpseo_metadesc":"\u1ee7 \u0110i\u1ec1u Khi\u1ec3n T\u1eeb Xa\u00a0WIFI thanh ray CB20A l\u00e0 thi\u1ebft b\u1ecb \u0111i\u1ec1u khi\u1ec3n b\u1eadt\/t\u1eaft th\u00f4ng minh qua \u1ee9ng d\u1ee5ng\u00a0TUYA SMART\u00a0tr\u00ean \u0111i\u1ec7n tho\u1ea1i.","_yoast_wpseo_focuskeywords":"","_yoast_wpseo_keyword_synonyms":""},"product_cat":[15],"product_tag":[],"class_list":["post-22629","product","type-product","status-publish","has-post-thumbnail","hentry","product_cat-cong-tac-cam-ung-chuyen-dong"],"acf":[],"yoast_head":"<!-- This site is optimized with the Yoast SEO Premium plugin v24.9 (Yoast SEO v24.9) - https:\/\/yoast.com\/wordpress\/plugins\/seo\/ -->\n<title>T\u1ee6 \u0110I\u1ec0U T\u1eea XA\u00a0WIFI THANH RAY C\u00d4NG SU\u1ea4T CAO<\/title>\n<meta name=\"description\" content=\"\u1ee7 \u0110i\u1ec1u Khi\u1ec3n T\u1eeb Xa\u00a0WIFI thanh ray CB20A l\u00e0 thi\u1ebft b\u1ecb \u0111i\u1ec1u khi\u1ec3n b\u1eadt\/t\u1eaft th\u00f4ng minh qua \u1ee9ng d\u1ee5ng\u00a0TUYA SMART\u00a0tr\u00ean \u0111i\u1ec7n tho\u1ea1i.\" \/>\n<meta name=\"robots\" content=\"index, follow, max-snippet:-1, max-image-preview:large, max-video-preview:-1\" \/>\n<link rel=\"canonical\" href=\"https:\/\/kawasan.vn\/en\/product\/tu-dieu-khien-tu-xa-thong-minh-cong-suat-cao-cb20a-wifi-63a\/\" \/>\n<meta property=\"og:locale\" content=\"en_US\" \/>\n<meta property=\"og:type\" content=\"article\" \/>\n<meta property=\"og:title\" content=\"T\u1ee7 \u0110i\u1ec1u Khi\u1ec3n T\u1eeb Xa Th\u00f4ng Minh C\u00f4ng Su\u1ea5t Cao CB20A-WIFI-63A\" \/>\n<meta property=\"og:description\" content=\"\u1ee7 \u0110i\u1ec1u Khi\u1ec3n T\u1eeb Xa\u00a0WIFI thanh ray CB20A l\u00e0 thi\u1ebft b\u1ecb \u0111i\u1ec1u khi\u1ec3n b\u1eadt\/t\u1eaft th\u00f4ng minh qua \u1ee9ng d\u1ee5ng\u00a0TUYA SMART\u00a0tr\u00ean \u0111i\u1ec7n tho\u1ea1i.\" \/>\n<meta property=\"og:url\" content=\"https:\/\/kawasan.vn\/en\/product\/tu-dieu-khien-tu-xa-thong-minh-cong-suat-cao-cb20a-wifi-63a\/\" \/>\n<meta property=\"og:site_name\" content=\"Kawasan\" \/>\n<meta property=\"article:modified_time\" content=\"2025-06-14T03:46:00+00:00\" \/>\n<meta property=\"og:image\" content=\"https:\/\/kawasan.vn\/wp-content\/uploads\/2023\/11\/bo-cong-tac-wifi-thong-minh-cong-suat-cao-cb20a-wifi-63a_6541dc7c98b19.jpeg\" \/>\n\t<meta property=\"og:image:width\" content=\"270\" \/>\n\t<meta property=\"og:image:height\" content=\"270\" \/>\n\t<meta property=\"og:image:type\" content=\"image\/jpeg\" \/>\n<meta name=\"twitter:card\" content=\"summary_large_image\" \/>\n<meta name=\"twitter:label1\" content=\"Est. reading time\" \/>\n\t<meta name=\"twitter:data1\" content=\"2 minutes\" \/>\n<script type=\"application\/ld+json\" class=\"yoast-schema-graph\">{\"@context\":\"https:\/\/schema.org\",\"@graph\":[{\"@type\":\"WebPage\",\"@id\":\"https:\/\/kawasan.vn\/san-pham\/tu-dieu-khien-tu-xa-thong-minh-cong-suat-cao-cb20a-wifi-63a\/\",\"url\":\"https:\/\/kawasan.vn\/san-pham\/tu-dieu-khien-tu-xa-thong-minh-cong-suat-cao-cb20a-wifi-63a\/\",\"name\":\"T\u1ee6 \u0110I\u1ec0U T\u1eea XA\u00a0WIFI THANH RAY C\u00d4NG SU\u1ea4T CAO\",\"isPartOf\":{\"@id\":\"https:\/\/kawasan.vn\/#website\"},\"primaryImageOfPage\":{\"@id\":\"https:\/\/kawasan.vn\/san-pham\/tu-dieu-khien-tu-xa-thong-minh-cong-suat-cao-cb20a-wifi-63a\/#primaryimage\"},\"image\":{\"@id\":\"https:\/\/kawasan.vn\/san-pham\/tu-dieu-khien-tu-xa-thong-minh-cong-suat-cao-cb20a-wifi-63a\/#primaryimage\"},\"thumbnailUrl\":\"https:\/\/kawasan.vn\/wp-content\/uploads\/2023\/11\/bo-cong-tac-wifi-thong-minh-cong-suat-cao-cb20a-wifi-63a_6541dc7c98b19.jpeg\",\"datePublished\":\"2025-04-26T03:39:36+00:00\",\"dateModified\":\"2025-06-14T03:46:00+00:00\",\"description\":\"\u1ee7 \u0110i\u1ec1u Khi\u1ec3n T\u1eeb Xa\u00a0WIFI thanh ray CB20A l\u00e0 thi\u1ebft b\u1ecb \u0111i\u1ec1u khi\u1ec3n b\u1eadt\/t\u1eaft th\u00f4ng minh qua \u1ee9ng d\u1ee5ng\u00a0TUYA SMART\u00a0tr\u00ean \u0111i\u1ec7n tho\u1ea1i.\",\"breadcrumb\":{\"@id\":\"https:\/\/kawasan.vn\/san-pham\/tu-dieu-khien-tu-xa-thong-minh-cong-suat-cao-cb20a-wifi-63a\/#breadcrumb\"},\"inLanguage\":\"en-US\",\"potentialAction\":[{\"@type\":\"ReadAction\",\"target\":[\"https:\/\/kawasan.vn\/san-pham\/tu-dieu-khien-tu-xa-thong-minh-cong-suat-cao-cb20a-wifi-63a\/\"]}]},{\"@type\":\"ImageObject\",\"inLanguage\":\"en-US\",\"@id\":\"https:\/\/kawasan.vn\/san-pham\/tu-dieu-khien-tu-xa-thong-minh-cong-suat-cao-cb20a-wifi-63a\/#primaryimage\",\"url\":\"https:\/\/kawasan.vn\/wp-content\/uploads\/2023\/11\/bo-cong-tac-wifi-thong-minh-cong-suat-cao-cb20a-wifi-63a_6541dc7c98b19.jpeg\",\"contentUrl\":\"https:\/\/kawasan.vn\/wp-content\/uploads\/2023\/11\/bo-cong-tac-wifi-thong-minh-cong-suat-cao-cb20a-wifi-63a_6541dc7c98b19.jpeg\",\"width\":270,\"height\":270},{\"@type\":\"BreadcrumbList\",\"@id\":\"https:\/\/kawasan.vn\/san-pham\/tu-dieu-khien-tu-xa-thong-minh-cong-suat-cao-cb20a-wifi-63a\/#breadcrumb\",\"itemListElement\":[{\"@type\":\"ListItem\",\"position\":1,\"name\":\"Trang ch\u1ee7\",\"item\":\"https:\/\/kawasan.vn\/\"},{\"@type\":\"ListItem\",\"position\":2,\"name\":\"S\u1ea3n ph\u1ea9m\",\"item\":\"https:\/\/kawasan.vn\/san-pham\/\"},{\"@type\":\"ListItem\",\"position\":3,\"name\":\"T\u1ee7 \u0110i\u1ec1u Khi\u1ec3n T\u1eeb Xa Th\u00f4ng Minh C\u00f4ng Su\u1ea5t Cao CB20A-WIFI-63A\"}]},{\"@type\":\"WebSite\",\"@id\":\"https:\/\/kawasan.vn\/#website\",\"url\":\"https:\/\/kawasan.vn\/\",\"name\":\"Kawasan\",\"description\":\"\",\"potentialAction\":[{\"@type\":\"SearchAction\",\"target\":{\"@type\":\"EntryPoint\",\"urlTemplate\":\"https:\/\/kawasan.vn\/?s={search_term_string}\"},\"query-input\":{\"@type\":\"PropertyValueSpecification\",\"valueRequired\":true,\"valueName\":\"search_term_string\"}}],\"inLanguage\":\"en-US\"}]}<\/script>\n<!-- \/ Yoast SEO Premium plugin. -->","yoast_head_json":{"title":"T\u1ee6 \u0110I\u1ec0U T\u1eea XA\u00a0WIFI THANH RAY C\u00d4NG SU\u1ea4T CAO","description":"\u1ee7 \u0110i\u1ec1u Khi\u1ec3n T\u1eeb Xa\u00a0WIFI thanh ray CB20A l\u00e0 thi\u1ebft b\u1ecb \u0111i\u1ec1u khi\u1ec3n b\u1eadt\/t\u1eaft th\u00f4ng minh qua \u1ee9ng d\u1ee5ng\u00a0TUYA SMART\u00a0tr\u00ean \u0111i\u1ec7n tho\u1ea1i.","robots":{"index":"index","follow":"follow","max-snippet":"max-snippet:-1","max-image-preview":"max-image-preview:large","max-video-preview":"max-video-preview:-1"},"canonical":"https:\/\/kawasan.vn\/en\/product\/tu-dieu-khien-tu-xa-thong-minh-cong-suat-cao-cb20a-wifi-63a\/","og_locale":"en_US","og_type":"article","og_title":"T\u1ee7 \u0110i\u1ec1u Khi\u1ec3n T\u1eeb Xa Th\u00f4ng Minh C\u00f4ng Su\u1ea5t Cao CB20A-WIFI-63A","og_description":"\u1ee7 \u0110i\u1ec1u Khi\u1ec3n T\u1eeb Xa\u00a0WIFI thanh ray CB20A l\u00e0 thi\u1ebft b\u1ecb \u0111i\u1ec1u khi\u1ec3n b\u1eadt\/t\u1eaft th\u00f4ng minh qua \u1ee9ng d\u1ee5ng\u00a0TUYA SMART\u00a0tr\u00ean \u0111i\u1ec7n tho\u1ea1i.","og_url":"https:\/\/kawasan.vn\/en\/product\/tu-dieu-khien-tu-xa-thong-minh-cong-suat-cao-cb20a-wifi-63a\/","og_site_name":"Kawasan","article_modified_time":"2025-06-14T03:46:00+00:00","og_image":[{"width":270,"height":270,"url":"https:\/\/kawasan.vn\/wp-content\/uploads\/2023\/11\/bo-cong-tac-wifi-thong-minh-cong-suat-cao-cb20a-wifi-63a_6541dc7c98b19.jpeg","type":"image\/jpeg"}],"twitter_card":"summary_large_image","twitter_misc":{"Est. reading time":"2 minutes"},"schema":{"@context":"https:\/\/schema.org","@graph":[{"@type":"WebPage","@id":"https:\/\/kawasan.vn\/san-pham\/tu-dieu-khien-tu-xa-thong-minh-cong-suat-cao-cb20a-wifi-63a\/","url":"https:\/\/kawasan.vn\/san-pham\/tu-dieu-khien-tu-xa-thong-minh-cong-suat-cao-cb20a-wifi-63a\/","name":"T\u1ee6 \u0110I\u1ec0U T\u1eea XA\u00a0WIFI THANH RAY C\u00d4NG SU\u1ea4T CAO","isPartOf":{"@id":"https:\/\/kawasan.vn\/#website"},"primaryImageOfPage":{"@id":"https:\/\/kawasan.vn\/san-pham\/tu-dieu-khien-tu-xa-thong-minh-cong-suat-cao-cb20a-wifi-63a\/#primaryimage"},"image":{"@id":"https:\/\/kawasan.vn\/san-pham\/tu-dieu-khien-tu-xa-thong-minh-cong-suat-cao-cb20a-wifi-63a\/#primaryimage"},"thumbnailUrl":"https:\/\/kawasan.vn\/wp-content\/uploads\/2023\/11\/bo-cong-tac-wifi-thong-minh-cong-suat-cao-cb20a-wifi-63a_6541dc7c98b19.jpeg","datePublished":"2025-04-26T03:39:36+00:00","dateModified":"2025-06-14T03:46:00+00:00","description":"\u1ee7 \u0110i\u1ec1u Khi\u1ec3n T\u1eeb Xa\u00a0WIFI thanh ray CB20A l\u00e0 thi\u1ebft b\u1ecb \u0111i\u1ec1u khi\u1ec3n b\u1eadt\/t\u1eaft th\u00f4ng minh qua \u1ee9ng d\u1ee5ng\u00a0TUYA SMART\u00a0tr\u00ean \u0111i\u1ec7n tho\u1ea1i.","breadcrumb":{"@id":"https:\/\/kawasan.vn\/san-pham\/tu-dieu-khien-tu-xa-thong-minh-cong-suat-cao-cb20a-wifi-63a\/#breadcrumb"},"inLanguage":"en-US","potentialAction":[{"@type":"ReadAction","target":["https:\/\/kawasan.vn\/san-pham\/tu-dieu-khien-tu-xa-thong-minh-cong-suat-cao-cb20a-wifi-63a\/"]}]},{"@type":"ImageObject","inLanguage":"en-US","@id":"https:\/\/kawasan.vn\/san-pham\/tu-dieu-khien-tu-xa-thong-minh-cong-suat-cao-cb20a-wifi-63a\/#primaryimage","url":"https:\/\/kawasan.vn\/wp-content\/uploads\/2023\/11\/bo-cong-tac-wifi-thong-minh-cong-suat-cao-cb20a-wifi-63a_6541dc7c98b19.jpeg","contentUrl":"https:\/\/kawasan.vn\/wp-content\/uploads\/2023\/11\/bo-cong-tac-wifi-thong-minh-cong-suat-cao-cb20a-wifi-63a_6541dc7c98b19.jpeg","width":270,"height":270},{"@type":"BreadcrumbList","@id":"https:\/\/kawasan.vn\/san-pham\/tu-dieu-khien-tu-xa-thong-minh-cong-suat-cao-cb20a-wifi-63a\/#breadcrumb","itemListElement":[{"@type":"ListItem","position":1,"name":"Trang ch\u1ee7","item":"https:\/\/kawasan.vn\/"},{"@type":"ListItem","position":2,"name":"S\u1ea3n ph\u1ea9m","item":"https:\/\/kawasan.vn\/san-pham\/"},{"@type":"ListItem","position":3,"name":"T\u1ee7 \u0110i\u1ec1u Khi\u1ec3n T\u1eeb Xa Th\u00f4ng Minh C\u00f4ng Su\u1ea5t Cao CB20A-WIFI-63A"}]},{"@type":"WebSite","@id":"https:\/\/kawasan.vn\/#website","url":"https:\/\/kawasan.vn\/","name":"Kawasan","description":"","potentialAction":[{"@type":"SearchAction","target":{"@type":"EntryPoint","urlTemplate":"https:\/\/kawasan.vn\/?s={search_term_string}"},"query-input":{"@type":"PropertyValueSpecification","valueRequired":true,"valueName":"search_term_string"}}],"inLanguage":"en-US"}]}},"_links":{"self":[{"href":"https:\/\/kawasan.vn\/en\/wp-json\/wp\/v2\/product\/22629","targetHints":{"allow":["GET"]}}],"collection":[{"href":"https:\/\/kawasan.vn\/en\/wp-json\/wp\/v2\/product"}],"about":[{"href":"https:\/\/kawasan.vn\/en\/wp-json\/wp\/v2\/types\/product"}],"replies":[{"embeddable":true,"href":"https:\/\/kawasan.vn\/en\/wp-json\/wp\/v2\/comments?post=22629"}],"version-history":[{"count":4,"href":"https:\/\/kawasan.vn\/en\/wp-json\/wp\/v2\/product\/22629\/revisions"}],"predecessor-version":[{"id":24993,"href":"https:\/\/kawasan.vn\/en\/wp-json\/wp\/v2\/product\/22629\/revisions\/24993"}],"wp:featuredmedia":[{"embeddable":true,"href":"https:\/\/kawasan.vn\/en\/wp-json\/wp\/v2\/media\/6284"}],"wp:attachment":[{"href":"https:\/\/kawasan.vn\/en\/wp-json\/wp\/v2\/media?parent=22629"}],"wp:term":[{"taxonomy":"product_cat","embeddable":true,"href":"https:\/\/kawasan.vn\/en\/wp-json\/wp\/v2\/product_cat?post=22629"},{"taxonomy":"product_tag","embeddable":true,"href":"https:\/\/kawasan.vn\/en\/wp-json\/wp\/v2\/product_tag?post=22629"}],"curies":[{"name":"wp","href":"https:\/\/api.w.org\/{rel}","templated":true}]}}