{"id":22583,"date":"2025-04-24T15:45:10","date_gmt":"2025-04-24T08:45:10","guid":{"rendered":"https:\/\/kawasan.vn\/?post_type=product&#038;p=22583"},"modified":"2025-05-11T00:11:14","modified_gmt":"2025-05-10T17:11:14","slug":"vong-deo-khan-cap-kw-s1","status":"publish","type":"product","link":"https:\/\/kawasan.vn\/en\/product\/vong-deo-khan-cap-kw-s1\/","title":{"rendered":"V\u00f2ng \u0110eo Kh\u1ea9n C\u1ea5p KW-S1"},"content":{"rendered":"<p><img decoding=\"async\" src=\"http:\/\/kawasan.com.vn\/image\/data\/Goi%20phuc%20vu\/SOS1\/6_1.jpg\" alt=\"\" data-cke-saved-src=\"https:\/\/kawasan.vn\/wp-content\/uploads\/2025\/04\/6_1.jpg\" \/><\/p>\n<p><strong>GI\u1edaI THI\u1ec6U:<\/strong><\/p>\n<ul>\n<li>V\u00f2ng \u0111eo kh\u1ea9n c\u1ea5p \u0111\u01b0\u1ee3c xem l\u00e0 thi\u1ebft b\u1ecb quan tr\u1ecdng\u00a0 cho vi\u1ec7c b\u1ea3o v\u1ec7 con ng\u01b0\u1eddi \u00a0trong nh\u1eefng tr\u01b0\u1eddng h\u1ee3p\u00a0 kh\u1ea9n c\u1ea5p c\u1ea7n s\u1ef1 tr\u1ee3 gi\u00fap .<\/li>\n<li>Vi\u1ec7c k\u00eau tr\u1ee3\u00a0 gi\u00fap\u00a0 trong tr\u01b0\u1eddng h\u1ee3p g\u1eb7p nguy hi\u1ec3m v\u1ec1 s\u1ee9c kh\u1ecfe ,an ninh\u2026 th\u00ec chi\u1ebfc v\u00f2ng \u0111eo n\u00e0y l\u00e0\u00a0 l\u00e0 thi\u1ebft b\u1ecb c\u1ea7n thi\u1ebft \u0111\u1ec3 gi\u00fap con ng\u01b0\u1eddi nh\u1ea5n n\u00fat ph\u00e1t t\u00edn hi\u1ec7u nhanh nh\u1ea5t ,lan\u00a0 r\u1ed9ng \u0111\u1ebfn v\u1edbi\u00a0h\u1ec7 th\u1ed1ng b\u00e1o \u0111\u1ed9ng,h\u1ec7 th\u1ed1ng th\u00f4ng b\u00e1o ,c\u00f2i h\u00fa \u2026 th\u00f4ng qua t\u00edn hi\u1ec7u thu-ph\u00e1t kh\u00f4ng d\u00e2y v\u1edbi kho\u1ea3ng c\u00e1ch xa v\u00e0 ti\u1ec7n l\u1ee3i.<\/li>\n<\/ul>\n<p><strong>\u1ee8NG D\u1ee4NG<\/strong>:<\/p>\n<ul>\n<li>V\u00f2ng \u0111eo lu\u00f4n \u0111\u01b0\u1ee3c \u0111eo tr\u00ean ng\u01b0\u1eddi \u0111\u1ec3 c\u1ea7n tr\u1ee3 gi\u00fap cho ng\u01b0\u1eddi cao tu\u1ed5i,c\u00f4ng nh\u00e2n l\u00e0m vi\u1ec7c trong m\u00f4i tr\u01b0\u1eddng nguy hi\u1ec3m,nh\u00e2n vi\u00ean trong\u00a0 ng\u00e2n h\u00e0ng,c\u00f4ng ty bu\u00f4n b\u00e1n ho\u00e0ng kim\u2026<\/li>\n<\/ul>\n<p><strong>L\u1ee2I \u00cdCH:<\/strong><\/p>\n<ul>\n<li>B\u00e1o \u0111\u1ed9ng kh\u1ea9n c\u1ea5p trong tr\u01b0\u1eddng h\u1ee3p b\u1ec7nh c\u1ee7a ng\u01b0\u1eddi cao tu\u1ed5i ,c\u00f4ng nh\u00e2n b\u1ecb ng\u1ea1c kh\u00ed,tai n\u1ea1n ,b\u00e1o khi c\u00f3 tr\u1ed9m c\u01b0\u1edbp \u0111\u1ed9t nh\u1eadp \u2026\u0111\u1ec3 ph\u00e1t hi\u1ec7n x\u1eed l\u00fd k\u1ecbp th\u1eddi gi\u1ea3m t\u1ed5n h\u1ea1i v\u1ec1 ng\u01b0\u1eddi v\u00e0 t\u00e0i s\u1ea3n<\/li>\n<\/ul>\n<p><img decoding=\"async\" src=\"http:\/\/kawasan.com.vn\/image\/data\/Goi%20phuc%20vu\/SOS1\/2.jpg\" alt=\"\" data-cke-saved-src=\"https:\/\/kawasan.vn\/wp-content\/uploads\/2025\/04\/2.jpg\" \/><\/p>\n<p><img decoding=\"async\" src=\"http:\/\/kawasan.com.vn\/image\/data\/Goi%20phuc%20vu\/SOS1\/3.jpg\" alt=\"\" data-cke-saved-src=\"https:\/\/kawasan.vn\/wp-content\/uploads\/2025\/04\/3.jpg\" \/><\/p>\n<p><img decoding=\"async\" src=\"http:\/\/kawasan.com.vn\/image\/data\/Goi%20phuc%20vu\/SOS1\/4.jpg\" alt=\"\" data-cke-saved-src=\"https:\/\/kawasan.vn\/wp-content\/uploads\/2025\/04\/4.jpg\" \/><\/p>\n<p><img decoding=\"async\" src=\"http:\/\/kawasan.com.vn\/image\/data\/Goi%20phuc%20vu\/SOS1\/7.jpg\" alt=\"\" data-cke-saved-src=\"https:\/\/kawasan.vn\/wp-content\/uploads\/2025\/04\/7.jpg\" \/><\/p>","protected":false},"excerpt":{"rendered":"<p>GI\u1edaI THI\u1ec6U: V\u00f2ng \u0111eo kh\u1ea9n c\u1ea5p \u0111\u01b0\u1ee3c xem l\u00e0 thi\u1ebft b\u1ecb quan tr\u1ecdng\u00a0 cho vi\u1ec7c b\u1ea3o v\u1ec7 con ng\u01b0\u1eddi \u00a0trong nh\u1eefng tr\u01b0\u1eddng h\u1ee3p\u00a0 kh\u1ea9n c\u1ea5p c\u1ea7n s\u1ef1 tr\u1ee3 gi\u00fap . Vi\u1ec7c k\u00eau tr\u1ee3\u00a0 gi\u00fap\u00a0 trong tr\u01b0\u1eddng h\u1ee3p g\u1eb7p nguy hi\u1ec3m v\u1ec1 s\u1ee9c kh\u1ecfe ,an ninh\u2026 th\u00ec chi\u1ebfc v\u00f2ng \u0111eo n\u00e0y l\u00e0\u00a0 l\u00e0 thi\u1ebft b\u1ecb c\u1ea7n [&hellip;]<\/p>","protected":false},"featured_media":22584,"comment_status":"open","ping_status":"closed","template":"","meta":{"_yoast_wpseo_focuskw":"","_yoast_wpseo_metadesc":"","_yoast_wpseo_focuskeywords":"","_yoast_wpseo_keyword_synonyms":""},"product_cat":[15],"product_tag":[],"class_list":["post-22583","product","type-product","status-publish","has-post-thumbnail","hentry","product_cat-cong-tac-cam-ung-chuyen-dong"],"acf":[],"yoast_head":"<!-- This site is optimized with the Yoast SEO Premium plugin v24.9 (Yoast SEO v24.9) - https:\/\/yoast.com\/wordpress\/plugins\/seo\/ -->\n<title>V\u00f2ng \u0110eo Kh\u1ea9n C\u1ea5p KW-S1 - Kawasan<\/title>\n<meta name=\"robots\" content=\"index, follow, max-snippet:-1, max-image-preview:large, max-video-preview:-1\" \/>\n<link rel=\"canonical\" href=\"https:\/\/kawasan.vn\/en\/product\/vong-deo-khan-cap-kw-s1\/\" \/>\n<meta property=\"og:locale\" content=\"en_US\" \/>\n<meta property=\"og:type\" content=\"article\" \/>\n<meta property=\"og:title\" content=\"V\u00f2ng \u0110eo Kh\u1ea9n C\u1ea5p KW-S1\" \/>\n<meta property=\"og:description\" content=\"GI\u1edaI THI\u1ec6U: V\u00f2ng \u0111eo kh\u1ea9n c\u1ea5p \u0111\u01b0\u1ee3c xem l\u00e0 thi\u1ebft b\u1ecb quan tr\u1ecdng\u00a0 cho vi\u1ec7c b\u1ea3o v\u1ec7 con ng\u01b0\u1eddi \u00a0trong nh\u1eefng tr\u01b0\u1eddng h\u1ee3p\u00a0 kh\u1ea9n c\u1ea5p c\u1ea7n s\u1ef1 tr\u1ee3 gi\u00fap . Vi\u1ec7c k\u00eau tr\u1ee3\u00a0 gi\u00fap\u00a0 trong tr\u01b0\u1eddng h\u1ee3p g\u1eb7p nguy hi\u1ec3m v\u1ec1 s\u1ee9c kh\u1ecfe ,an ninh\u2026 th\u00ec chi\u1ebfc v\u00f2ng \u0111eo n\u00e0y l\u00e0\u00a0 l\u00e0 thi\u1ebft b\u1ecb c\u1ea7n [&hellip;]\" \/>\n<meta property=\"og:url\" content=\"https:\/\/kawasan.vn\/en\/product\/vong-deo-khan-cap-kw-s1\/\" \/>\n<meta property=\"og:site_name\" content=\"Kawasan\" \/>\n<meta property=\"article:modified_time\" content=\"2025-05-10T17:11:14+00:00\" \/>\n<meta property=\"og:image\" content=\"https:\/\/kawasan.vn\/wp-content\/uploads\/2025\/04\/S1-600x600-1.jpg\" \/>\n\t<meta property=\"og:image:width\" content=\"600\" \/>\n\t<meta property=\"og:image:height\" content=\"600\" \/>\n\t<meta property=\"og:image:type\" content=\"image\/jpeg\" \/>\n<meta name=\"twitter:card\" content=\"summary_large_image\" \/>\n<meta name=\"twitter:label1\" content=\"Est. reading time\" \/>\n\t<meta name=\"twitter:data1\" content=\"2 minutes\" \/>\n<script type=\"application\/ld+json\" class=\"yoast-schema-graph\">{\"@context\":\"https:\/\/schema.org\",\"@graph\":[{\"@type\":\"WebPage\",\"@id\":\"https:\/\/kawasan.vn\/san-pham\/vong-deo-khan-cap-kw-s1\/\",\"url\":\"https:\/\/kawasan.vn\/san-pham\/vong-deo-khan-cap-kw-s1\/\",\"name\":\"V\u00f2ng \u0110eo Kh\u1ea9n C\u1ea5p KW-S1 - Kawasan\",\"isPartOf\":{\"@id\":\"https:\/\/kawasan.vn\/#website\"},\"primaryImageOfPage\":{\"@id\":\"https:\/\/kawasan.vn\/san-pham\/vong-deo-khan-cap-kw-s1\/#primaryimage\"},\"image\":{\"@id\":\"https:\/\/kawasan.vn\/san-pham\/vong-deo-khan-cap-kw-s1\/#primaryimage\"},\"thumbnailUrl\":\"https:\/\/kawasan.vn\/wp-content\/uploads\/2025\/04\/S1-600x600-1.jpg\",\"datePublished\":\"2025-04-24T08:45:10+00:00\",\"dateModified\":\"2025-05-10T17:11:14+00:00\",\"breadcrumb\":{\"@id\":\"https:\/\/kawasan.vn\/san-pham\/vong-deo-khan-cap-kw-s1\/#breadcrumb\"},\"inLanguage\":\"en-US\",\"potentialAction\":[{\"@type\":\"ReadAction\",\"target\":[\"https:\/\/kawasan.vn\/san-pham\/vong-deo-khan-cap-kw-s1\/\"]}]},{\"@type\":\"ImageObject\",\"inLanguage\":\"en-US\",\"@id\":\"https:\/\/kawasan.vn\/san-pham\/vong-deo-khan-cap-kw-s1\/#primaryimage\",\"url\":\"https:\/\/kawasan.vn\/wp-content\/uploads\/2025\/04\/S1-600x600-1.jpg\",\"contentUrl\":\"https:\/\/kawasan.vn\/wp-content\/uploads\/2025\/04\/S1-600x600-1.jpg\",\"width\":600,\"height\":600},{\"@type\":\"BreadcrumbList\",\"@id\":\"https:\/\/kawasan.vn\/san-pham\/vong-deo-khan-cap-kw-s1\/#breadcrumb\",\"itemListElement\":[{\"@type\":\"ListItem\",\"position\":1,\"name\":\"Trang ch\u1ee7\",\"item\":\"https:\/\/kawasan.vn\/\"},{\"@type\":\"ListItem\",\"position\":2,\"name\":\"S\u1ea3n ph\u1ea9m\",\"item\":\"https:\/\/kawasan.vn\/san-pham\/\"},{\"@type\":\"ListItem\",\"position\":3,\"name\":\"V\u00f2ng \u0110eo Kh\u1ea9n C\u1ea5p KW-S1\"}]},{\"@type\":\"WebSite\",\"@id\":\"https:\/\/kawasan.vn\/#website\",\"url\":\"https:\/\/kawasan.vn\/\",\"name\":\"Kawasan\",\"description\":\"\",\"potentialAction\":[{\"@type\":\"SearchAction\",\"target\":{\"@type\":\"EntryPoint\",\"urlTemplate\":\"https:\/\/kawasan.vn\/?s={search_term_string}\"},\"query-input\":{\"@type\":\"PropertyValueSpecification\",\"valueRequired\":true,\"valueName\":\"search_term_string\"}}],\"inLanguage\":\"en-US\"}]}<\/script>\n<!-- \/ Yoast SEO Premium plugin. -->","yoast_head_json":{"title":"V\u00f2ng \u0110eo Kh\u1ea9n C\u1ea5p KW-S1 - Kawasan","robots":{"index":"index","follow":"follow","max-snippet":"max-snippet:-1","max-image-preview":"max-image-preview:large","max-video-preview":"max-video-preview:-1"},"canonical":"https:\/\/kawasan.vn\/en\/product\/vong-deo-khan-cap-kw-s1\/","og_locale":"en_US","og_type":"article","og_title":"V\u00f2ng \u0110eo Kh\u1ea9n C\u1ea5p KW-S1","og_description":"GI\u1edaI THI\u1ec6U: V\u00f2ng \u0111eo kh\u1ea9n c\u1ea5p \u0111\u01b0\u1ee3c xem l\u00e0 thi\u1ebft b\u1ecb quan tr\u1ecdng\u00a0 cho vi\u1ec7c b\u1ea3o v\u1ec7 con ng\u01b0\u1eddi \u00a0trong nh\u1eefng tr\u01b0\u1eddng h\u1ee3p\u00a0 kh\u1ea9n c\u1ea5p c\u1ea7n s\u1ef1 tr\u1ee3 gi\u00fap . Vi\u1ec7c k\u00eau tr\u1ee3\u00a0 gi\u00fap\u00a0 trong tr\u01b0\u1eddng h\u1ee3p g\u1eb7p nguy hi\u1ec3m v\u1ec1 s\u1ee9c kh\u1ecfe ,an ninh\u2026 th\u00ec chi\u1ebfc v\u00f2ng \u0111eo n\u00e0y l\u00e0\u00a0 l\u00e0 thi\u1ebft b\u1ecb c\u1ea7n [&hellip;]","og_url":"https:\/\/kawasan.vn\/en\/product\/vong-deo-khan-cap-kw-s1\/","og_site_name":"Kawasan","article_modified_time":"2025-05-10T17:11:14+00:00","og_image":[{"width":600,"height":600,"url":"https:\/\/kawasan.vn\/wp-content\/uploads\/2025\/04\/S1-600x600-1.jpg","type":"image\/jpeg"}],"twitter_card":"summary_large_image","twitter_misc":{"Est. reading time":"2 minutes"},"schema":{"@context":"https:\/\/schema.org","@graph":[{"@type":"WebPage","@id":"https:\/\/kawasan.vn\/san-pham\/vong-deo-khan-cap-kw-s1\/","url":"https:\/\/kawasan.vn\/san-pham\/vong-deo-khan-cap-kw-s1\/","name":"V\u00f2ng \u0110eo Kh\u1ea9n C\u1ea5p KW-S1 - Kawasan","isPartOf":{"@id":"https:\/\/kawasan.vn\/#website"},"primaryImageOfPage":{"@id":"https:\/\/kawasan.vn\/san-pham\/vong-deo-khan-cap-kw-s1\/#primaryimage"},"image":{"@id":"https:\/\/kawasan.vn\/san-pham\/vong-deo-khan-cap-kw-s1\/#primaryimage"},"thumbnailUrl":"https:\/\/kawasan.vn\/wp-content\/uploads\/2025\/04\/S1-600x600-1.jpg","datePublished":"2025-04-24T08:45:10+00:00","dateModified":"2025-05-10T17:11:14+00:00","breadcrumb":{"@id":"https:\/\/kawasan.vn\/san-pham\/vong-deo-khan-cap-kw-s1\/#breadcrumb"},"inLanguage":"en-US","potentialAction":[{"@type":"ReadAction","target":["https:\/\/kawasan.vn\/san-pham\/vong-deo-khan-cap-kw-s1\/"]}]},{"@type":"ImageObject","inLanguage":"en-US","@id":"https:\/\/kawasan.vn\/san-pham\/vong-deo-khan-cap-kw-s1\/#primaryimage","url":"https:\/\/kawasan.vn\/wp-content\/uploads\/2025\/04\/S1-600x600-1.jpg","contentUrl":"https:\/\/kawasan.vn\/wp-content\/uploads\/2025\/04\/S1-600x600-1.jpg","width":600,"height":600},{"@type":"BreadcrumbList","@id":"https:\/\/kawasan.vn\/san-pham\/vong-deo-khan-cap-kw-s1\/#breadcrumb","itemListElement":[{"@type":"ListItem","position":1,"name":"Trang ch\u1ee7","item":"https:\/\/kawasan.vn\/"},{"@type":"ListItem","position":2,"name":"S\u1ea3n ph\u1ea9m","item":"https:\/\/kawasan.vn\/san-pham\/"},{"@type":"ListItem","position":3,"name":"V\u00f2ng \u0110eo Kh\u1ea9n C\u1ea5p KW-S1"}]},{"@type":"WebSite","@id":"https:\/\/kawasan.vn\/#website","url":"https:\/\/kawasan.vn\/","name":"Kawasan","description":"","potentialAction":[{"@type":"SearchAction","target":{"@type":"EntryPoint","urlTemplate":"https:\/\/kawasan.vn\/?s={search_term_string}"},"query-input":{"@type":"PropertyValueSpecification","valueRequired":true,"valueName":"search_term_string"}}],"inLanguage":"en-US"}]}},"_links":{"self":[{"href":"https:\/\/kawasan.vn\/en\/wp-json\/wp\/v2\/product\/22583","targetHints":{"allow":["GET"]}}],"collection":[{"href":"https:\/\/kawasan.vn\/en\/wp-json\/wp\/v2\/product"}],"about":[{"href":"https:\/\/kawasan.vn\/en\/wp-json\/wp\/v2\/types\/product"}],"replies":[{"embeddable":true,"href":"https:\/\/kawasan.vn\/en\/wp-json\/wp\/v2\/comments?post=22583"}],"version-history":[{"count":1,"href":"https:\/\/kawasan.vn\/en\/wp-json\/wp\/v2\/product\/22583\/revisions"}],"predecessor-version":[{"id":22590,"href":"https:\/\/kawasan.vn\/en\/wp-json\/wp\/v2\/product\/22583\/revisions\/22590"}],"wp:featuredmedia":[{"embeddable":true,"href":"https:\/\/kawasan.vn\/en\/wp-json\/wp\/v2\/media\/22584"}],"wp:attachment":[{"href":"https:\/\/kawasan.vn\/en\/wp-json\/wp\/v2\/media?parent=22583"}],"wp:term":[{"taxonomy":"product_cat","embeddable":true,"href":"https:\/\/kawasan.vn\/en\/wp-json\/wp\/v2\/product_cat?post=22583"},{"taxonomy":"product_tag","embeddable":true,"href":"https:\/\/kawasan.vn\/en\/wp-json\/wp\/v2\/product_tag?post=22583"}],"curies":[{"name":"wp","href":"https:\/\/api.w.org\/{rel}","templated":true}]}}