{"id":22581,"date":"2025-04-24T15:34:35","date_gmt":"2025-04-24T08:34:35","guid":{"rendered":"https:\/\/kawasan.vn\/?post_type=product&#038;p=22581"},"modified":"2025-10-31T11:20:57","modified_gmt":"2025-10-31T04:20:57","slug":"dau-bao-gas-doc-lap-gl08","status":"publish","type":"product","link":"https:\/\/kawasan.vn\/en\/product\/dau-bao-gas-doc-lap-gl08\/","title":{"rendered":"\u0110\u1ea7u B\u00e1o Gas \u0110\u1ed9c L\u1eadp GL08"},"content":{"rendered":"<h2><span class=\"ez-toc-section\" id=\"DAC_DIEM_DAU_BAO_GAS_DOC_LAP_GL08\"><\/span>\u0110\u1eb6C \u0110I\u1ec2M \u0110\u1ea6U B\u00c1O GAS \u0110\u1ed8C L\u1eacP GL08 ?<span class=\"ez-toc-section-end\"><\/span><\/h2><div id=\"ez-toc-container\" class=\"ez-toc-v2_0_69_1 counter-hierarchy ez-toc-counter ez-toc-grey ez-toc-container-direction\">\n<div class=\"ez-toc-title-container\">\n<p class=\"ez-toc-title\" >N\u1ed9i Dung B&agrave;i Vi\u1ebft<\/p>\n<span class=\"ez-toc-title-toggle\"><a href=\"#\" class=\"ez-toc-pull-right ez-toc-btn ez-toc-btn-xs ez-toc-btn-default ez-toc-toggle\" aria-label=\"Toggle Table of Content\"><span class=\"ez-toc-js-icon-con\"><span class=\"\"><span class=\"eztoc-hide\" style=\"display:none;\">Toggle<\/span><span class=\"ez-toc-icon-toggle-span\"><svg style=\"fill: #999;color:#999\" xmlns=\"http:\/\/www.w3.org\/2000\/svg\" class=\"list-377408\" width=\"20px\" height=\"20px\" viewbox=\"0 0 24 24\" fill=\"none\"><path d=\"M6 6H4v2h2V6zm14 0H8v2h12V6zM4 11h2v2H4v-2zm16 0H8v2h12v-2zM4 16h2v2H4v-2zm16 0H8v2h12v-2z\" fill=\"currentColor\"><\/path><\/svg><svg style=\"fill: #999;color:#999\" class=\"arrow-unsorted-368013\" xmlns=\"http:\/\/www.w3.org\/2000\/svg\" width=\"10px\" height=\"10px\" viewbox=\"0 0 24 24\" version=\"1.2\" baseprofile=\"tiny\"><path d=\"M18.2 9.3l-6.2-6.3-6.2 6.3c-.2.2-.3.4-.3.7s.1.5.3.7c.2.2.4.3.7.3h11c.3 0 .5-.1.7-.3.2-.2.3-.5.3-.7s-.1-.5-.3-.7zM5.8 14.7l6.2 6.3 6.2-6.3c.2-.2.3-.5.3-.7s-.1-.5-.3-.7c-.2-.2-.4-.3-.7-.3h-11c-.3 0-.5.1-.7.3-.2.2-.3.5-.3.7s.1.5.3.7z\"\/><\/svg><\/span><\/span><\/span><\/a><\/span><\/div>\n<nav><ul class='ez-toc-list ez-toc-list-level-1 eztoc-toggle-hide-by-default' ><li class='ez-toc-page-1 ez-toc-heading-level-2'><a class=\"ez-toc-link ez-toc-heading-1\" href=\"https:\/\/kawasan.vn\/en\/product\/dau-bao-gas-doc-lap-gl08\/#DAC_DIEM_DAU_BAO_GAS_DOC_LAP_GL08\" title=\"\u0110\u1eb6C \u0110I\u1ec2M \u0110\u1ea6U B\u00c1O GAS \u0110\u1ed8C L\u1eacP GL08 ?\">\u0110\u1eb6C \u0110I\u1ec2M \u0110\u1ea6U B\u00c1O GAS \u0110\u1ed8C L\u1eacP GL08 ?<\/a><\/li><li class='ez-toc-page-1 ez-toc-heading-level-2'><a class=\"ez-toc-link ez-toc-heading-2\" href=\"https:\/\/kawasan.vn\/en\/product\/dau-bao-gas-doc-lap-gl08\/#UU_DIEM_VA_LOI_ICH_CUA_DAU_DO_KHI_GAS\" title=\"\u01afU \u0110I\u1ec2M V\u00c0 L\u1ee2I \u00cdCH C\u1ee6A \u0110\u1ea6U D\u00d2 KH\u00cd GAS\">\u01afU \u0110I\u1ec2M V\u00c0 L\u1ee2I \u00cdCH C\u1ee6A \u0110\u1ea6U D\u00d2 KH\u00cd GAS<\/a><\/li><li class='ez-toc-page-1 ez-toc-heading-level-2'><a class=\"ez-toc-link ez-toc-heading-3\" href=\"https:\/\/kawasan.vn\/en\/product\/dau-bao-gas-doc-lap-gl08\/#DAU_BAO_GAS_GL08_THUONG_DUOC_DUNG_O_DAU\" title=\"\u0110\u1ea6U B\u00c1O GAS GL08 TH\u01af\u1edcNG \u0110\u01af\u1ee2C D\u00d9NG \u1ede \u0110\u00c2U?\">\u0110\u1ea6U B\u00c1O GAS GL08 TH\u01af\u1edcNG \u0110\u01af\u1ee2C D\u00d9NG \u1ede \u0110\u00c2U?<\/a><\/li><li class='ez-toc-page-1 ez-toc-heading-level-2'><a class=\"ez-toc-link ez-toc-heading-4\" href=\"https:\/\/kawasan.vn\/en\/product\/dau-bao-gas-doc-lap-gl08\/#NHUNG_NOI_KHONG_NEN_DAT_THIET_BI_CANH_BAO_RO_RI_GAS\" title=\"NH\u1eeeNG N\u01a0I KH\u00d4NG N\u00caN \u0110\u1eb6T THI\u1ebeT B\u1eca C\u1ea2NH B\u00c1O R\u00d2 R\u1ec8 GAS\">NH\u1eeeNG N\u01a0I KH\u00d4NG N\u00caN \u0110\u1eb6T THI\u1ebeT B\u1eca C\u1ea2NH B\u00c1O R\u00d2 R\u1ec8 GAS<\/a><\/li><li class='ez-toc-page-1 ez-toc-heading-level-2'><a class=\"ez-toc-link ez-toc-heading-5\" href=\"https:\/\/kawasan.vn\/en\/product\/dau-bao-gas-doc-lap-gl08\/#DIA_CHI_MUA_DAU_BAO_GAS_UY_TIN_CHAT_LUONG_NHAT_HIEN_NAY\" title=\"\u0110\u1ecaA CH\u1ec8 MUA \u0110\u1ea6U B\u00c1O GAS UY T\u00cdN CH\u1ea4T L\u01af\u1ee2NG NH\u1ea4T HI\u1ec6N NAY\">\u0110\u1ecaA CH\u1ec8 MUA \u0110\u1ea6U B\u00c1O GAS UY T\u00cdN CH\u1ea4T L\u01af\u1ee2NG NH\u1ea4T HI\u1ec6N NAY<\/a><\/li><\/ul><\/nav><\/div>\n\n<p>\u0110\u1ea7u b\u00e1o gas l\u00e0 m\u1ed9t ph\u1ea7n c\u1ee7a thi\u1ebft b\u1ecb an ninh \u2013 an to\u00e0n. Gi\u00fap ph\u00e1t hi\u1ec7n s\u1ef1 r\u00f2 r\u1ec9 kh\u00ed gas v\u00e0 b\u00e1o \u0111\u1ed9ng k\u1ecbp th\u1eddi cho ng\u01b0\u1eddi d\u00f9ng. \u0110\u1ec3 c\u00f3 nh\u1eefng ph\u01b0\u01a1ng \u00e1n kh\u1eafc ph\u1ee5c s\u1edbm tr\u00e1nh t\u00ecnh tr\u1ea1ng n\u1ed5 b\u00ecnh gas. Gi\u1ea3m thi\u1ec7t h\u1ea1i l\u1edbn v\u1ec1 ng\u01b0\u1eddi v\u00e0 t\u00e0i s\u1ea3n khi h\u1ecfa ho\u1ea1n di\u1ec5n ra.<\/p>\n<div id=\"attachment_6666\" class=\"wp-caption aligncenter\">\n<p><img loading=\"lazy\" decoding=\"async\" class=\"wp-image-6666\" title=\"\u0110\u1ea7u b\u00e1o gas Kawasan GL08 \" src=\"http:\/\/thegioidienthongminh.com\/wp-content\/uploads\/2022\/04\/dau-bao-gas-GL08-7.jpg\" alt=\"\u0110\u1ea7u b\u00e1o gas Kawasan GL08 \" width=\"500\" height=\"500\" aria-describedby=\"caption-attachment-6666\" data-cke-saved-src=\"http:\/\/thegioidienthongminh.com\/wp-content\/uploads\/2022\/04\/dau-bao-gas-GL08-7.jpg\" \/><\/p>\n<p id=\"caption-attachment-6666\" class=\"wp-caption-text\">\u0110\u1ea7u b\u00e1o gas Kawasan GL08<\/p>\n<\/div>\n<p><em><a href=\"https:\/\/kawasan.com.vn\/san-pham.html\/thiet-bi-an-ninh-an-toan.html\/dau-bao-gas.html\" target=\"_blank\" rel=\"noopener noreferrer\" data-cke-saved-href=\"https:\/\/kawasan.com.vn\/san-pham.html\/thiet-bi-an-ninh-an-toan.html\/dau-bao-gas.html\">Thi\u1ebft b\u1ecb b\u00e1o r\u00f2 r\u1ec9 gas<\/a><\/em>\u00a0GL05 s\u1eed d\u1ee5ng ngu\u1ed3n \u0111i\u1ec7n 220V, c\u00f3 s\u1eb5n ph\u00edch c\u1eafm tr\u1ef1c ti\u1ebfp v\u00e0o \u1ed5 \u0111i\u1ec7n. \u00c2m thanh b\u00e1o \u0111\u1ed9ng \u201cB\u00edp B\u00edp\u201d n\u1ebfu gas x\u00ec, b\u00e1o \u0111\u1ed9ng l\u1edbn n\u1ebfu x\u00ec nhi\u1ec1u. \u0110\u1ed3ng th\u1eddi, c\u00f3 m\u00e0n h\u00ecnh hi\u1ec3n th\u1ecb n\u1ed3ng \u0111\u1ed9 gas x\u00ec \u0111\u1ec3 ng\u01b0\u1eddi d\u00f9ng nh\u1eadn bi\u1ebft.<\/p>\n<h2><span class=\"ez-toc-section\" id=\"UU_DIEM_VA_LOI_ICH_CUA_DAU_DO_KHI_GAS\"><\/span>\u01afU \u0110I\u1ec2M V\u00c0 L\u1ee2I \u00cdCH C\u1ee6A \u0110\u1ea6U D\u00d2 KH\u00cd GAS<span class=\"ez-toc-section-end\"><\/span><\/h2>\n<ul>\n<li aria-level=\"1\"><em><a href=\"https:\/\/thegioidienthongminh.com\/danh-muc\/he-thong-bao-trom\/cam-bien-ro-ri-khi-gas\/\" target=\"_blank\" rel=\"noopener noreferrer\" data-cke-saved-href=\"https:\/\/thegioidienthongminh.com\/danh-muc\/he-thong-bao-trom\/cam-bien-ro-ri-khi-gas\/\">C\u1ea3m bi\u1ebfn r\u00f2 r\u1ec9 kh\u00ed gas<\/a><\/em>\u00a0s\u1eed d\u1ee5ng c\u00f4ng ngh\u1ec7 c\u1ea3m \u1ee9ng Nano, ch\u1ed1ng b\u00e1o gi\u1ea3 hi\u1ec7u qu\u1ea3. Tr\u00e1nh g\u00e2y phi\u1ec1n v\u00e0 l\u00e0m cho ng\u01b0\u1eddi d\u00f9ng lo s\u1ee3.<\/li>\n<li aria-level=\"1\">C\u00f3 th\u1ec3 nh\u1eadn bi\u1ebft c\u00e1c lo\u1ea1i Gas: LPG, Gas t\u1ef1 nhi\u00ean, n\u1ed3ng \u0111\u1ed9 Gas b\u00e1o \u0111\u1ed9ng t\u1eeb 3% ~ 10%<\/li>\n<li aria-level=\"1\">\u0110\u00e8n Led hi\u1ec3n th\u1ecb 3~5s b\u00e1o B\u00edp ch\u1eadm, 6~9s b\u00e1o \u0111\u1ed9ng h\u00fa l\u1edbn. \u0110\u1ec3 ng\u01b0\u1eddi d\u00f9ng k\u1ecbp th\u1eddi chu\u1ea9n b\u1ecb ph\u01b0\u01a1ng \u00e1n t\u1ed1t nh\u1ea5t \u0111\u1ec3 tr\u00e1nh gas x\u00ec qu\u00e1 nhi\u1ec1u.<\/li>\n<li aria-level=\"1\">H\u1ec7 th\u1ed1ng \u0111\u00e8n b\u00e1o 3 m\u00e0u: xanh, \u0111\u1ecf v\u00e0 v\u00e0ng ti\u1ec7n d\u1ee5ng. Ng\u01b0\u1eddi d\u00f9ng c\u00f3 th\u1ec3 bi\u1ebft \u0111\u01b0\u1ee3c t\u00ecnh tr\u1ea1ng b\u00e1o gas c\u00f3 \u0111ang ho\u1ea1t \u0111\u1ed9ng t\u1ed1t hay kh\u00f4ng.<\/li>\n<li aria-level=\"1\">Thi\u1ebft k\u1ebf nh\u1ecf g\u1ecdn, d\u1ec5 d\u00e0ng l\u1eafp \u0111\u1eb7t v\u00e0 s\u1eed d\u1ee5ng. \u0110\u1ea3m b\u1ea3o t\u00ednh th\u1ea9m m\u1ef9 cao cho kh\u00f4ng gian l\u1eafp \u0111\u1eb7t.<\/li>\n<\/ul>\n<div id=\"attachment_6665\" class=\"wp-caption aligncenter\">\n<p><img loading=\"lazy\" decoding=\"async\" class=\"wp-image-6665\" title=\"Thi\u1ebft k\u1ebf nh\u1ecf g\u1ecdn d\u1ec5 d\u00e0ng l\u1eafp \u0111\u1eb7t v\u00e0 s\u1eed d\u1ee5ng\" src=\"http:\/\/thegioidienthongminh.com\/wp-content\/uploads\/2022\/04\/dau-bao-gas-GL08-6.jpg\" alt=\"Thi\u1ebft k\u1ebf nh\u1ecf g\u1ecdn d\u1ec5 d\u00e0ng l\u1eafp \u0111\u1eb7t v\u00e0 s\u1eed d\u1ee5ng\" width=\"500\" height=\"517\" aria-describedby=\"caption-attachment-6665\" data-cke-saved-src=\"http:\/\/thegioidienthongminh.com\/wp-content\/uploads\/2022\/04\/dau-bao-gas-GL08-6.jpg\" \/><\/p>\n<p id=\"caption-attachment-6665\" class=\"wp-caption-text\">Thi\u1ebft k\u1ebf nh\u1ecf g\u1ecdn d\u1ec5 d\u00e0ng l\u1eafp \u0111\u1eb7t v\u00e0 s\u1eed d\u1ee5ng<\/p>\n<\/div>\n<h2><span class=\"ez-toc-section\" id=\"DAU_BAO_GAS_GL08_THUONG_DUOC_DUNG_O_DAU\"><\/span>\u0110\u1ea6U B\u00c1O GAS GL08 TH\u01af\u1edcNG \u0110\u01af\u1ee2C D\u00d9NG \u1ede \u0110\u00c2U?<span class=\"ez-toc-section-end\"><\/span><\/h2>\n<p>L\u1eafp \u0111\u1eb7t khu v\u1ef1c g\u1ea7n b\u00ecnh ga c\u1ee7a:<\/p>\n<ul>\n<li aria-level=\"1\">H\u1ed9 gia \u0111\u00ecnh<\/li>\n<\/ul>\n<div id=\"attachment_6664\" class=\"wp-caption aligncenter\">\n<p><img loading=\"lazy\" decoding=\"async\" class=\"wp-image-6664\" title=\"Thi\u1ebft b\u1ecb b\u00e1o r\u00f2 r\u1ec9 kh\u00ed gas tr\u00e1nh nguy c\u01a1 ch\u00e1y n\u1ed5 khi n\u1ea5u n\u01b0\u1edbng t\u1ea1i gia \u0111\u00ecnh\" src=\"http:\/\/thegioidienthongminh.com\/wp-content\/uploads\/2022\/04\/dau-bao-gas-GL08-4.jpg\" alt=\"Thi\u1ebft b\u1ecb b\u00e1o r\u00f2 r\u1ec9 kh\u00ed gas tr\u00e1nh nguy c\u01a1 ch\u00e1y n\u1ed5 khi n\u1ea5u n\u01b0\u1edbng t\u1ea1i gia \u0111\u00ecnh\" width=\"500\" height=\"296\" aria-describedby=\"caption-attachment-6664\" data-cke-saved-src=\"http:\/\/thegioidienthongminh.com\/wp-content\/uploads\/2022\/04\/dau-bao-gas-GL08-4.jpg\" \/><\/p>\n<p id=\"caption-attachment-6664\" class=\"wp-caption-text\">Thi\u1ebft b\u1ecb b\u00e1o r\u00f2 r\u1ec9 kh\u00ed gas tr\u00e1nh nguy c\u01a1 ch\u00e1y n\u1ed5 khi n\u1ea5u n\u01b0\u1edbng t\u1ea1i gia \u0111\u00ecnh<\/p>\n<\/div>\n<ul>\n<li aria-level=\"1\">Nh\u00e0 h\u00e0ng, kh\u00e1ch s\u1ea1n, ph\u00f2ng b\u1ebfp b\u1ec7nh vi\u1ec7n\/c\u00f4ng ty\/tr\u01b0\u1eddng h\u1ecdc\u2026<\/li>\n<\/ul>\n<div id=\"attachment_6662\" class=\"wp-caption aligncenter\">\n<p><img loading=\"lazy\" decoding=\"async\" class=\"wp-image-6662 size-full\" title=\"\u0110\u1ea7u d\u00f2 kh\u00ed gas GL08 l\u00e0 thi\u1ebft b\u1ecb v\u00f4 c\u00f9ng c\u1ea7n thi\u1ebft cho nh\u00e0 h\u00e0ng, kh\u00e1ch s\u1ea1n\" src=\"http:\/\/thegioidienthongminh.com\/wp-content\/uploads\/2022\/04\/dau-bao-gas-GL08-2.png\" alt=\"\u0110\u1ea7u d\u00f2 kh\u00ed gas GL08 l\u00e0 thi\u1ebft b\u1ecb v\u00f4 c\u00f9ng c\u1ea7n thi\u1ebft cho nh\u00e0 h\u00e0ng, kh\u00e1ch s\u1ea1n\" width=\"500\" height=\"400\" aria-describedby=\"caption-attachment-6662\" data-cke-saved-src=\"http:\/\/thegioidienthongminh.com\/wp-content\/uploads\/2022\/04\/dau-bao-gas-GL08-2.png\" \/><\/p>\n<p id=\"caption-attachment-6662\" class=\"wp-caption-text\">\u0110\u1ea7u d\u00f2 kh\u00ed gas GL08 l\u00e0 thi\u1ebft b\u1ecb v\u00f4 c\u00f9ng c\u1ea7n thi\u1ebft cho nh\u00e0 h\u00e0ng, kh\u00e1ch s\u1ea1n<\/p>\n<\/div>\n<ul>\n<li aria-level=\"1\">Nh\u00e0 m\u00e1y s\u1ea3n xu\u1ea5t gas, khu v\u1ef1c kinh doanh ga\u2026<\/li>\n<\/ul>\n<div id=\"attachment_6660\" class=\"wp-caption aligncenter\">\n<p><img loading=\"lazy\" decoding=\"async\" class=\"wp-image-6660\" title=\"C\u1ea3m bi\u1ebfn r\u00f2 r\u1ec9 kh\u00ed gas gi\u00fap t\u0103ng t\u00ednh an to\u00e0n cao cho c\u00e1c x\u01b0\u1edfng s\u1ea3n xu\u1ea5t gas\" src=\"http:\/\/thegioidienthongminh.com\/wp-content\/uploads\/2022\/04\/dau-bao-gas-GL08-1.png\" alt=\"C\u1ea3m bi\u1ebfn r\u00f2 r\u1ec9 kh\u00ed gas gi\u00fap t\u0103ng t\u00ednh an to\u00e0n cao cho c\u00e1c x\u01b0\u1edfng s\u1ea3n xu\u1ea5t gas\" width=\"500\" height=\"272\" aria-describedby=\"caption-attachment-6660\" data-cke-saved-src=\"http:\/\/thegioidienthongminh.com\/wp-content\/uploads\/2022\/04\/dau-bao-gas-GL08-1.png\" \/><\/p>\n<p id=\"caption-attachment-6660\" class=\"wp-caption-text\">C\u1ea3m bi\u1ebfn r\u00f2 r\u1ec9 kh\u00ed gas gi\u00fap t\u0103ng t\u00ednh an to\u00e0n cao cho c\u00e1c x\u01b0\u1edfng s\u1ea3n xu\u1ea5t gas<\/p>\n<\/div>\n<h2><span class=\"ez-toc-section\" id=\"NHUNG_NOI_KHONG_NEN_DAT_THIET_BI_CANH_BAO_RO_RI_GAS\"><\/span>NH\u1eeeNG N\u01a0I KH\u00d4NG N\u00caN \u0110\u1eb6T THI\u1ebeT B\u1eca C\u1ea2NH B\u00c1O R\u00d2 R\u1ec8 GAS<span class=\"ez-toc-section-end\"><\/span><\/h2>\n<ul>\n<li aria-level=\"1\">Ngay b\u00ean tr\u00ean b\u1ebfp gas ho\u1eb7c thi\u1ebft b\u1ecb cung c\u1ea5p gas<\/li>\n<li aria-level=\"1\">Nh\u1eefng n\u01a1i \u0111\u1ea7u b\u00e1o gas b\u1ecb chi ph\u1ed1i tr\u1ef1c ti\u1ebfp: \u1ed1ng h\u00fat kh\u00f4ng kh\u00ed, h\u01a1i n\u01b0\u1edbc, gi\u00f3 l\u00f2<\/li>\n<li aria-level=\"1\">Trong ph\u00f2ng t\u1eafm<\/li>\n<li aria-level=\"1\">Khu v\u1ef1c ngo\u00e0i tr\u1eddi<\/li>\n<li aria-level=\"1\">Nh\u1eefng n\u01a1i b\u1ecb ph\u00e2n c\u00e1ch b\u1eb1ng m\u00e0n cu\u1ed1n<\/li>\n<li aria-level=\"1\">N\u01a1i c\u00f3 nhi\u1ec7t \u0111\u1ed9 &lt;-10\u00a00C v\u00e0 &gt; +50\u00a00\u00a0C<\/li>\n<li aria-level=\"1\">N\u00ean c\u00e1ch \u1ed1ng th\u00f4ng h\u01a1i trong ph\u1ea1m vi 1,5m<\/li>\n<\/ul>\n<h2><span class=\"ez-toc-section\" id=\"DIA_CHI_MUA_DAU_BAO_GAS_UY_TIN_CHAT_LUONG_NHAT_HIEN_NAY\"><\/span>\u0110\u1ecaA CH\u1ec8 MUA \u0110\u1ea6U B\u00c1O GAS UY T\u00cdN CH\u1ea4T L\u01af\u1ee2NG NH\u1ea4T HI\u1ec6N NAY<span class=\"ez-toc-section-end\"><\/span><\/h2>\n<p>M\u1ed9t trong nh\u1eefng c\u00e1ch ch\u1ecdn mua \u0111\u1ea7u b\u00e1o gas ph\u00f9 h\u1ee3p, ch\u1ea5t l\u01b0\u1ee3ng ch\u00ednh l\u00e0 t\u00ecm \u0111\u1ebfn c\u00e1c \u0111\u01a1n v\u1ecb cung c\u1ea5p uy t\u00edn. KAWASAN t\u1ef1 tin l\u00e0 m\u1ed9t trong nh\u1eefng \u0111\u01a1n v\u1ecb h\u00e0ng \u0111\u1ea7u cung c\u1ea5p thi\u1ebft b\u1ecb b\u00e1o r\u00f2 r\u1ec9 kh\u00ed gas ch\u1ea5t l\u01b0\u1ee3ng \u0111a d\u1ea1ng m\u1eabu m\u00e3 v\u00e0 ch\u1ee9c n\u0103ng.<\/p>\n<ul>\n<li aria-level=\"1\">C\u00e1c b\u1ed9 ph\u1eadn c\u1ea5u t\u1ea1o \u0111\u1ec1u \u0111\u1ea1t ti\u00eau chu\u1ea9n ch\u1ea5t l\u01b0\u1ee3ng cao. Th\u00f4ng tin in r\u00f5 r\u00e0ng b\u1eb1ng ti\u1ebfng Vi\u1ec7t ng\u01b0\u1eddi d\u00f9ng d\u1ec5 d\u00e0ng s\u1eed d\u1ee5ng h\u01a1n. \u0110\u00e1p \u1ee9ng \u0111\u01b0\u1ee3c \u0111\u01b0\u1ee3c s\u1ed1 l\u01b0\u1ee3ng l\u1edbn cho c\u00e1c \u0111\u01a1n \u0111\u1eb7t h\u00e0ng.<\/li>\n<li aria-level=\"1\">\u0110\u1ed9i ng\u0169 t\u01b0 v\u1ea5n b\u00e1n h\u00e0ng v\u00e0 k\u1ef9 thu\u1eadt chuy\u00ean nghi\u1ec7p. Ch\u00ednh s\u00e1ch b\u1ea3o h\u00e0nh 2 n\u0103m lu\u00f4n gi\u1ea3i quy\u1ebft c\u00e1c v\u1ea5n \u0111\u1ec1 c\u1ee7a kh\u00e1ch h\u00e0ng m\u1ed9t c\u00e1ch nhanh nh\u1ea5t.<\/li>\n<li aria-level=\"1\">\u0110\u1ed9i ng\u0169 s\u1ea3n xu\u1ea5t c\u00f4ng ty Kawasan c\u00f3 h\u01a1n 14 n\u0103m kinh nghi\u1ec7m ho\u1ea1t \u0111\u1ed9ng trong ng\u00e0nh thi\u1ebft b\u1ecb an ninh \u2013 an to\u00e0n. Do \u0111\u00f3 qu\u00fd kh\u00e1ch c\u00f3 th\u1ec3 ho\u00e0n to\u00e0n tin t\u01b0\u1edfng khi s\u1eed d\u1ee5ng s\u1ea3n ph\u1ea9m t\u1eeb c\u00f4ng ty ch\u00fang t\u00f4i.<\/li>\n<\/ul>","protected":false},"excerpt":{"rendered":"<p>\u0110\u1eb6C \u0110I\u1ec2M \u0110\u1ea6U B\u00c1O GAS \u0110\u1ed8C L\u1eacP GL08 ? \u0110\u1ea7u b\u00e1o gas l\u00e0 m\u1ed9t ph\u1ea7n c\u1ee7a thi\u1ebft b\u1ecb an ninh \u2013 an to\u00e0n. Gi\u00fap ph\u00e1t hi\u1ec7n s\u1ef1 r\u00f2 r\u1ec9 kh\u00ed gas v\u00e0 b\u00e1o \u0111\u1ed9ng k\u1ecbp th\u1eddi cho ng\u01b0\u1eddi d\u00f9ng. \u0110\u1ec3 c\u00f3 nh\u1eefng ph\u01b0\u01a1ng \u00e1n kh\u1eafc ph\u1ee5c s\u1edbm tr\u00e1nh t\u00ecnh tr\u1ea1ng n\u1ed5 b\u00ecnh gas. Gi\u1ea3m thi\u1ec7t [&hellip;]<\/p>","protected":false},"featured_media":11655,"comment_status":"open","ping_status":"closed","template":"","meta":{"_yoast_wpseo_focuskw":"","_yoast_wpseo_metadesc":"","_yoast_wpseo_focuskeywords":"","_yoast_wpseo_keyword_synonyms":""},"product_cat":[15],"product_tag":[],"class_list":["post-22581","product","type-product","status-publish","has-post-thumbnail","hentry","product_cat-cong-tac-cam-ung-chuyen-dong"],"acf":[],"yoast_head":"<!-- This site is optimized with the Yoast SEO Premium plugin v24.9 (Yoast SEO v24.9) - https:\/\/yoast.com\/wordpress\/plugins\/seo\/ -->\n<title>\u0110\u1ea7u B\u00e1o Gas \u0110\u1ed9c L\u1eadp GL08 - Kawasan<\/title>\n<meta name=\"robots\" content=\"index, follow, max-snippet:-1, max-image-preview:large, max-video-preview:-1\" \/>\n<link rel=\"canonical\" href=\"https:\/\/kawasan.vn\/en\/product\/dau-bao-gas-doc-lap-gl08\/\" \/>\n<meta property=\"og:locale\" content=\"en_US\" \/>\n<meta property=\"og:type\" content=\"article\" \/>\n<meta property=\"og:title\" content=\"\u0110\u1ea7u B\u00e1o Gas \u0110\u1ed9c L\u1eadp GL08\" \/>\n<meta property=\"og:description\" content=\"\u0110\u1eb6C \u0110I\u1ec2M \u0110\u1ea6U B\u00c1O GAS \u0110\u1ed8C L\u1eacP GL08 ? \u0110\u1ea7u b\u00e1o gas l\u00e0 m\u1ed9t ph\u1ea7n c\u1ee7a thi\u1ebft b\u1ecb an ninh \u2013 an to\u00e0n. Gi\u00fap ph\u00e1t hi\u1ec7n s\u1ef1 r\u00f2 r\u1ec9 kh\u00ed gas v\u00e0 b\u00e1o \u0111\u1ed9ng k\u1ecbp th\u1eddi cho ng\u01b0\u1eddi d\u00f9ng. \u0110\u1ec3 c\u00f3 nh\u1eefng ph\u01b0\u01a1ng \u00e1n kh\u1eafc ph\u1ee5c s\u1edbm tr\u00e1nh t\u00ecnh tr\u1ea1ng n\u1ed5 b\u00ecnh gas. Gi\u1ea3m thi\u1ec7t [&hellip;]\" \/>\n<meta property=\"og:url\" content=\"https:\/\/kawasan.vn\/en\/product\/dau-bao-gas-doc-lap-gl08\/\" \/>\n<meta property=\"og:site_name\" content=\"Kawasan\" \/>\n<meta property=\"article:modified_time\" content=\"2025-10-31T04:20:57+00:00\" \/>\n<meta property=\"og:image\" content=\"https:\/\/kawasan.vn\/wp-content\/uploads\/2023\/11\/dau-bao-gas-doc-lap-gl08_6555e0c2a8c1f.jpeg\" \/>\n\t<meta property=\"og:image:width\" content=\"600\" \/>\n\t<meta property=\"og:image:height\" content=\"600\" \/>\n\t<meta property=\"og:image:type\" content=\"image\/jpeg\" \/>\n<meta name=\"twitter:card\" content=\"summary_large_image\" \/>\n<meta name=\"twitter:label1\" content=\"Est. reading time\" \/>\n\t<meta name=\"twitter:data1\" content=\"1 minute\" \/>\n<script type=\"application\/ld+json\" class=\"yoast-schema-graph\">{\"@context\":\"https:\/\/schema.org\",\"@graph\":[{\"@type\":\"WebPage\",\"@id\":\"https:\/\/kawasan.vn\/san-pham\/dau-bao-gas-doc-lap-gl08\/\",\"url\":\"https:\/\/kawasan.vn\/san-pham\/dau-bao-gas-doc-lap-gl08\/\",\"name\":\"\u0110\u1ea7u B\u00e1o Gas \u0110\u1ed9c L\u1eadp GL08 - Kawasan\",\"isPartOf\":{\"@id\":\"https:\/\/kawasan.vn\/#website\"},\"primaryImageOfPage\":{\"@id\":\"https:\/\/kawasan.vn\/san-pham\/dau-bao-gas-doc-lap-gl08\/#primaryimage\"},\"image\":{\"@id\":\"https:\/\/kawasan.vn\/san-pham\/dau-bao-gas-doc-lap-gl08\/#primaryimage\"},\"thumbnailUrl\":\"https:\/\/kawasan.vn\/wp-content\/uploads\/2023\/11\/dau-bao-gas-doc-lap-gl08_6555e0c2a8c1f.jpeg\",\"datePublished\":\"2025-04-24T08:34:35+00:00\",\"dateModified\":\"2025-10-31T04:20:57+00:00\",\"breadcrumb\":{\"@id\":\"https:\/\/kawasan.vn\/san-pham\/dau-bao-gas-doc-lap-gl08\/#breadcrumb\"},\"inLanguage\":\"en-US\",\"potentialAction\":[{\"@type\":\"ReadAction\",\"target\":[\"https:\/\/kawasan.vn\/san-pham\/dau-bao-gas-doc-lap-gl08\/\"]}]},{\"@type\":\"ImageObject\",\"inLanguage\":\"en-US\",\"@id\":\"https:\/\/kawasan.vn\/san-pham\/dau-bao-gas-doc-lap-gl08\/#primaryimage\",\"url\":\"https:\/\/kawasan.vn\/wp-content\/uploads\/2023\/11\/dau-bao-gas-doc-lap-gl08_6555e0c2a8c1f.jpeg\",\"contentUrl\":\"https:\/\/kawasan.vn\/wp-content\/uploads\/2023\/11\/dau-bao-gas-doc-lap-gl08_6555e0c2a8c1f.jpeg\",\"width\":600,\"height\":600},{\"@type\":\"BreadcrumbList\",\"@id\":\"https:\/\/kawasan.vn\/san-pham\/dau-bao-gas-doc-lap-gl08\/#breadcrumb\",\"itemListElement\":[{\"@type\":\"ListItem\",\"position\":1,\"name\":\"Trang ch\u1ee7\",\"item\":\"https:\/\/kawasan.vn\/\"},{\"@type\":\"ListItem\",\"position\":2,\"name\":\"S\u1ea3n ph\u1ea9m\",\"item\":\"https:\/\/kawasan.vn\/san-pham\/\"},{\"@type\":\"ListItem\",\"position\":3,\"name\":\"\u0110\u1ea7u B\u00e1o Gas \u0110\u1ed9c L\u1eadp GL08\"}]},{\"@type\":\"WebSite\",\"@id\":\"https:\/\/kawasan.vn\/#website\",\"url\":\"https:\/\/kawasan.vn\/\",\"name\":\"Kawasan\",\"description\":\"\",\"potentialAction\":[{\"@type\":\"SearchAction\",\"target\":{\"@type\":\"EntryPoint\",\"urlTemplate\":\"https:\/\/kawasan.vn\/?s={search_term_string}\"},\"query-input\":{\"@type\":\"PropertyValueSpecification\",\"valueRequired\":true,\"valueName\":\"search_term_string\"}}],\"inLanguage\":\"en-US\"}]}<\/script>\n<!-- \/ Yoast SEO Premium plugin. -->","yoast_head_json":{"title":"\u0110\u1ea7u B\u00e1o Gas \u0110\u1ed9c L\u1eadp GL08 - Kawasan","robots":{"index":"index","follow":"follow","max-snippet":"max-snippet:-1","max-image-preview":"max-image-preview:large","max-video-preview":"max-video-preview:-1"},"canonical":"https:\/\/kawasan.vn\/en\/product\/dau-bao-gas-doc-lap-gl08\/","og_locale":"en_US","og_type":"article","og_title":"\u0110\u1ea7u B\u00e1o Gas \u0110\u1ed9c L\u1eadp GL08","og_description":"\u0110\u1eb6C \u0110I\u1ec2M \u0110\u1ea6U B\u00c1O GAS \u0110\u1ed8C L\u1eacP GL08 ? \u0110\u1ea7u b\u00e1o gas l\u00e0 m\u1ed9t ph\u1ea7n c\u1ee7a thi\u1ebft b\u1ecb an ninh \u2013 an to\u00e0n. Gi\u00fap ph\u00e1t hi\u1ec7n s\u1ef1 r\u00f2 r\u1ec9 kh\u00ed gas v\u00e0 b\u00e1o \u0111\u1ed9ng k\u1ecbp th\u1eddi cho ng\u01b0\u1eddi d\u00f9ng. \u0110\u1ec3 c\u00f3 nh\u1eefng ph\u01b0\u01a1ng \u00e1n kh\u1eafc ph\u1ee5c s\u1edbm tr\u00e1nh t\u00ecnh tr\u1ea1ng n\u1ed5 b\u00ecnh gas. Gi\u1ea3m thi\u1ec7t [&hellip;]","og_url":"https:\/\/kawasan.vn\/en\/product\/dau-bao-gas-doc-lap-gl08\/","og_site_name":"Kawasan","article_modified_time":"2025-10-31T04:20:57+00:00","og_image":[{"width":600,"height":600,"url":"https:\/\/kawasan.vn\/wp-content\/uploads\/2023\/11\/dau-bao-gas-doc-lap-gl08_6555e0c2a8c1f.jpeg","type":"image\/jpeg"}],"twitter_card":"summary_large_image","twitter_misc":{"Est. reading time":"1 minute"},"schema":{"@context":"https:\/\/schema.org","@graph":[{"@type":"WebPage","@id":"https:\/\/kawasan.vn\/san-pham\/dau-bao-gas-doc-lap-gl08\/","url":"https:\/\/kawasan.vn\/san-pham\/dau-bao-gas-doc-lap-gl08\/","name":"\u0110\u1ea7u B\u00e1o Gas \u0110\u1ed9c L\u1eadp GL08 - Kawasan","isPartOf":{"@id":"https:\/\/kawasan.vn\/#website"},"primaryImageOfPage":{"@id":"https:\/\/kawasan.vn\/san-pham\/dau-bao-gas-doc-lap-gl08\/#primaryimage"},"image":{"@id":"https:\/\/kawasan.vn\/san-pham\/dau-bao-gas-doc-lap-gl08\/#primaryimage"},"thumbnailUrl":"https:\/\/kawasan.vn\/wp-content\/uploads\/2023\/11\/dau-bao-gas-doc-lap-gl08_6555e0c2a8c1f.jpeg","datePublished":"2025-04-24T08:34:35+00:00","dateModified":"2025-10-31T04:20:57+00:00","breadcrumb":{"@id":"https:\/\/kawasan.vn\/san-pham\/dau-bao-gas-doc-lap-gl08\/#breadcrumb"},"inLanguage":"en-US","potentialAction":[{"@type":"ReadAction","target":["https:\/\/kawasan.vn\/san-pham\/dau-bao-gas-doc-lap-gl08\/"]}]},{"@type":"ImageObject","inLanguage":"en-US","@id":"https:\/\/kawasan.vn\/san-pham\/dau-bao-gas-doc-lap-gl08\/#primaryimage","url":"https:\/\/kawasan.vn\/wp-content\/uploads\/2023\/11\/dau-bao-gas-doc-lap-gl08_6555e0c2a8c1f.jpeg","contentUrl":"https:\/\/kawasan.vn\/wp-content\/uploads\/2023\/11\/dau-bao-gas-doc-lap-gl08_6555e0c2a8c1f.jpeg","width":600,"height":600},{"@type":"BreadcrumbList","@id":"https:\/\/kawasan.vn\/san-pham\/dau-bao-gas-doc-lap-gl08\/#breadcrumb","itemListElement":[{"@type":"ListItem","position":1,"name":"Trang ch\u1ee7","item":"https:\/\/kawasan.vn\/"},{"@type":"ListItem","position":2,"name":"S\u1ea3n ph\u1ea9m","item":"https:\/\/kawasan.vn\/san-pham\/"},{"@type":"ListItem","position":3,"name":"\u0110\u1ea7u B\u00e1o Gas \u0110\u1ed9c L\u1eadp GL08"}]},{"@type":"WebSite","@id":"https:\/\/kawasan.vn\/#website","url":"https:\/\/kawasan.vn\/","name":"Kawasan","description":"","potentialAction":[{"@type":"SearchAction","target":{"@type":"EntryPoint","urlTemplate":"https:\/\/kawasan.vn\/?s={search_term_string}"},"query-input":{"@type":"PropertyValueSpecification","valueRequired":true,"valueName":"search_term_string"}}],"inLanguage":"en-US"}]}},"_links":{"self":[{"href":"https:\/\/kawasan.vn\/en\/wp-json\/wp\/v2\/product\/22581","targetHints":{"allow":["GET"]}}],"collection":[{"href":"https:\/\/kawasan.vn\/en\/wp-json\/wp\/v2\/product"}],"about":[{"href":"https:\/\/kawasan.vn\/en\/wp-json\/wp\/v2\/types\/product"}],"replies":[{"embeddable":true,"href":"https:\/\/kawasan.vn\/en\/wp-json\/wp\/v2\/comments?post=22581"}],"version-history":[{"count":3,"href":"https:\/\/kawasan.vn\/en\/wp-json\/wp\/v2\/product\/22581\/revisions"}],"predecessor-version":[{"id":28777,"href":"https:\/\/kawasan.vn\/en\/wp-json\/wp\/v2\/product\/22581\/revisions\/28777"}],"wp:featuredmedia":[{"embeddable":true,"href":"https:\/\/kawasan.vn\/en\/wp-json\/wp\/v2\/media\/11655"}],"wp:attachment":[{"href":"https:\/\/kawasan.vn\/en\/wp-json\/wp\/v2\/media?parent=22581"}],"wp:term":[{"taxonomy":"product_cat","embeddable":true,"href":"https:\/\/kawasan.vn\/en\/wp-json\/wp\/v2\/product_cat?post=22581"},{"taxonomy":"product_tag","embeddable":true,"href":"https:\/\/kawasan.vn\/en\/wp-json\/wp\/v2\/product_tag?post=22581"}],"curies":[{"name":"wp","href":"https:\/\/api.w.org\/{rel}","templated":true}]}}