{"id":21920,"date":"2025-02-14T10:46:49","date_gmt":"2025-02-14T03:46:49","guid":{"rendered":"https:\/\/kawasan.vn\/?post_type=product&#038;p=21920"},"modified":"2026-04-07T14:40:24","modified_gmt":"2026-04-07T07:40:24","slug":"cong-tac-dieu-khien-tu-xa-3-pha-model-rf3p3k-rm","status":"publish","type":"product","link":"https:\/\/kawasan.vn\/en\/product\/cong-tac-dieu-khien-tu-xa-3-pha-model-rf3p3k-rm\/","title":{"rendered":"C\u00d4NG T\u1eaeC \u0110I\u1ec0U KHI\u1ec2N T\u1eea XA 3 PHA, MODEL: RF3P3K-RM"},"content":{"rendered":"<h3 class=\"\" data-start=\"67\" data-end=\"87\"><span class=\"ez-toc-section\" id=\"Gioi_thieu\"><\/span><strong data-start=\"71\" data-end=\"85\">Introduce<\/strong><span class=\"ez-toc-section-end\"><\/span><\/h3><div id=\"ez-toc-container\" class=\"ez-toc-v2_0_69_1 counter-hierarchy ez-toc-counter ez-toc-grey ez-toc-container-direction\">\n<div class=\"ez-toc-title-container\">\n<p class=\"ez-toc-title\" >N\u1ed9i Dung B&agrave;i Vi\u1ebft<\/p>\n<span class=\"ez-toc-title-toggle\"><a href=\"#\" class=\"ez-toc-pull-right ez-toc-btn ez-toc-btn-xs ez-toc-btn-default ez-toc-toggle\" aria-label=\"Toggle Table of Content\"><span class=\"ez-toc-js-icon-con\"><span class=\"\"><span class=\"eztoc-hide\" style=\"display:none;\">Toggle<\/span><span class=\"ez-toc-icon-toggle-span\"><svg style=\"fill: #999;color:#999\" xmlns=\"http:\/\/www.w3.org\/2000\/svg\" class=\"list-377408\" width=\"20px\" height=\"20px\" viewbox=\"0 0 24 24\" fill=\"none\"><path d=\"M6 6H4v2h2V6zm14 0H8v2h12V6zM4 11h2v2H4v-2zm16 0H8v2h12v-2zM4 16h2v2H4v-2zm16 0H8v2h12v-2z\" fill=\"currentColor\"><\/path><\/svg><svg style=\"fill: #999;color:#999\" class=\"arrow-unsorted-368013\" xmlns=\"http:\/\/www.w3.org\/2000\/svg\" width=\"10px\" height=\"10px\" viewbox=\"0 0 24 24\" version=\"1.2\" baseprofile=\"tiny\"><path d=\"M18.2 9.3l-6.2-6.3-6.2 6.3c-.2.2-.3.4-.3.7s.1.5.3.7c.2.2.4.3.7.3h11c.3 0 .5-.1.7-.3.2-.2.3-.5.3-.7s-.1-.5-.3-.7zM5.8 14.7l6.2 6.3 6.2-6.3c.2-.2.3-.5.3-.7s-.1-.5-.3-.7c-.2-.2-.4-.3-.7-.3h-11c-.3 0-.5.1-.7.3-.2.2-.3.5-.3.7s.1.5.3.7z\"\/><\/svg><\/span><\/span><\/span><\/a><\/span><\/div>\n<nav><ul class='ez-toc-list ez-toc-list-level-1 eztoc-toggle-hide-by-default' ><li class='ez-toc-page-1 ez-toc-heading-level-3'><a class=\"ez-toc-link ez-toc-heading-1\" href=\"https:\/\/kawasan.vn\/en\/product\/cong-tac-dieu-khien-tu-xa-3-pha-model-rf3p3k-rm\/#Gioi_thieu\" title=\"Introduce\">Introduce<\/a><\/li><li class='ez-toc-page-1 ez-toc-heading-level-3'><a class=\"ez-toc-link ez-toc-heading-2\" href=\"https:\/\/kawasan.vn\/en\/product\/cong-tac-dieu-khien-tu-xa-3-pha-model-rf3p3k-rm\/#Dac_diem_noi_bat\" title=\"\u0110\u1eb7c \u0111i\u1ec3m n\u1ed5i b\u1eadt\">\u0110\u1eb7c \u0111i\u1ec3m n\u1ed5i b\u1eadt<\/a><\/li><li class='ez-toc-page-1 ez-toc-heading-level-3'><a class=\"ez-toc-link ez-toc-heading-3\" href=\"https:\/\/kawasan.vn\/en\/product\/cong-tac-dieu-khien-tu-xa-3-pha-model-rf3p3k-rm\/#Ung_dung\" title=\"\u1ee8ng d\u1ee5ng\">\u1ee8ng d\u1ee5ng<\/a><\/li><li class='ez-toc-page-1 ez-toc-heading-level-3'><a class=\"ez-toc-link ez-toc-heading-4\" href=\"https:\/\/kawasan.vn\/en\/product\/cong-tac-dieu-khien-tu-xa-3-pha-model-rf3p3k-rm\/#Loi_ich\" title=\"L\u1ee3i \u00edch\">L\u1ee3i \u00edch<\/a><\/li><li class='ez-toc-page-1 ez-toc-heading-level-3'><a class=\"ez-toc-link ez-toc-heading-5\" href=\"https:\/\/kawasan.vn\/en\/product\/cong-tac-dieu-khien-tu-xa-3-pha-model-rf3p3k-rm\/#Luu_y_khi_su_dung\" title=\"L\u01b0u \u00fd khi s\u1eed d\u1ee5ng\">L\u01b0u \u00fd khi s\u1eed d\u1ee5ng<\/a><\/li><li class='ez-toc-page-1 ez-toc-heading-level-3'><a class=\"ez-toc-link ez-toc-heading-6\" href=\"https:\/\/kawasan.vn\/en\/product\/cong-tac-dieu-khien-tu-xa-3-pha-model-rf3p3k-rm\/#Tong_quan\" title=\"T\u1ed5ng quan\">T\u1ed5ng quan<\/a><\/li><\/ul><\/nav><\/div>\n\n<p class=\"\" data-start=\"88\" data-end=\"482\"><strong data-start=\"88\" data-end=\"133\">C\u00f4ng t\u1eafc \u0111i\u1ec1u khi\u1ec3n t\u1eeb xa 3 pha RF3P3K-RM<\/strong> l\u00e0 thi\u1ebft b\u1ecb <strong data-start=\"146\" data-end=\"174\">\u0111i\u1ec1u khi\u1ec3n b\u1eadt\/t\u1eaft t\u1eeb xa<\/strong> d\u00e0nh cho <strong data-start=\"184\" data-end=\"212\">h\u1ec7 th\u1ed1ng \u0111i\u1ec7n 3 pha 380V<\/strong>, ch\u1ecbu t\u1ea3i l\u1edbn l\u00ean \u0111\u1ebfn <strong>7.5kW<\/strong>. Thi\u1ebft b\u1ecb s\u1eed d\u1ee5ng <strong data-start=\"262\" data-end=\"273\">s\u00f3ng RF<\/strong> v\u1edbi ph\u1ea1m vi \u0111i\u1ec1u khi\u1ec3n l\u00ean \u0111\u1ebfn <strong data-start=\"305\" data-end=\"334\">5000m trong m\u00f4i tr\u01b0\u1eddng m\u1edf<\/strong>, gi\u00fap ng\u01b0\u1eddi d\u00f9ng d\u1ec5 d\u00e0ng ki\u1ec3m so\u00e1t <strong data-start=\"370\" data-end=\"445\">m\u00e1y b\u01a1m, b\u00ecnh n\u00f3ng l\u1ea1nh, h\u1ec7 th\u1ed1ng \u0111i\u1ec7n c\u00f4ng nghi\u1ec7p, thi\u1ebft b\u1ecb \u0111i\u1ec7n 3 pha<\/strong> m\u00e0 kh\u00f4ng c\u1ea7n \u0111\u1ebfn t\u1eadn n\u01a1i thao t\u00e1c.<\/p>\n<p class=\"\" data-start=\"484\" data-end=\"649\">S\u1ea3n ph\u1ea9m t\u00edch h\u1ee3p <strong data-start=\"502\" data-end=\"529\">ch\u1ee9c n\u0103ng ch\u1ed1ng m\u1ea5t pha<\/strong>, \u0111\u1ea3m b\u1ea3o an to\u00e0n cho thi\u1ebft b\u1ecb \u0111i\u1ec7n. Ngo\u00e0i ra, <strong data-start=\"576\" data-end=\"602\">remote c\u00f3 th\u1ec3 h\u1ecdc l\u1ec7nh<\/strong>, gi\u00fap d\u1ec5 d\u00e0ng thay th\u1ebf khi b\u1ecb m\u1ea5t ho\u1eb7c h\u1ecfng.<\/p>\n<h3 class=\"\" data-start=\"656\" data-end=\"682\"><span class=\"ez-toc-section\" id=\"Dac_diem_noi_bat\"><\/span><strong data-start=\"660\" data-end=\"680\">\u0110\u1eb7c \u0111i\u1ec3m n\u1ed5i b\u1eadt<\/strong><span class=\"ez-toc-section-end\"><\/span><\/h3>\n<p class=\"\" data-start=\"684\" data-end=\"710\">\ud83d\udd39 <strong data-start=\"687\" data-end=\"708\">Specifications<\/strong><\/p>\n<ul data-start=\"711\" data-end=\"1363\">\n<li class=\"\" data-start=\"711\" data-end=\"748\">\n<p class=\"\" data-start=\"713\" data-end=\"748\"><strong data-start=\"713\" data-end=\"735\">\u0110i\u1ec7n \u00e1p ho\u1ea1t \u0111\u1ed9ng:<\/strong> 3 pha 380V<\/p>\n<\/li>\n<li class=\"\" data-start=\"749\" data-end=\"792\">\n<p class=\"\" data-start=\"751\" data-end=\"792\"><strong data-start=\"751\" data-end=\"774\">C\u00f4ng su\u1ea5t ch\u1ecbu t\u1ea3i:<\/strong> T\u1ed1i \u0111a <strong>7.5kW<\/strong><\/p>\n<\/li>\n<li class=\"\" data-start=\"793\" data-end=\"835\">\n<p class=\"\" data-start=\"795\" data-end=\"835\"><strong data-start=\"795\" data-end=\"818\">S\u1ed1 k\u00eanh \u0111i\u1ec1u khi\u1ec3n:<\/strong> 3 k\u00eanh b\u1eadt\/t\u1eaft<\/p>\n<\/li>\n<li class=\"\" data-start=\"836\" data-end=\"904\">\n<p class=\"\" data-start=\"838\" data-end=\"904\"><strong data-start=\"838\" data-end=\"865\">Kho\u1ea3ng c\u00e1ch \u0111i\u1ec1u khi\u1ec3n:<\/strong> T\u1ed1i \u0111a 1<strong data-start=\"873\" data-end=\"902\">000m trong m\u00f4i tr\u01b0\u1eddng m\u1edf<\/strong><\/p>\n<\/li>\n<li class=\"\" data-start=\"905\" data-end=\"960\">\n<p class=\"\" data-start=\"907\" data-end=\"960\"><strong data-start=\"907\" data-end=\"926\">C\u00f4ng ngh\u1ec7 s\u00f3ng:<\/strong> <strong data-start=\"927\" data-end=\"939\">Radio RF<\/strong>, xuy\u00ean v\u1eadt c\u1ea3n t\u1ed1t<\/p>\n<\/li>\n<li class=\"\" data-start=\"961\" data-end=\"1046\">\n<p class=\"\" data-start=\"963\" data-end=\"1046\"><strong data-start=\"963\" data-end=\"985\">T\u00ednh n\u0103ng an to\u00e0n:<\/strong> <strong data-start=\"986\" data-end=\"1003\">Ch\u1ed1ng m\u1ea5t pha<\/strong>, b\u1ea3o v\u1ec7 thi\u1ebft b\u1ecb khi c\u00f3 s\u1ef1 c\u1ed1 ngu\u1ed3n \u0111i\u1ec7n<\/p>\n<\/li>\n<li class=\"\" data-start=\"1047\" data-end=\"1108\">\n<p class=\"\" data-start=\"1049\" data-end=\"1108\"><strong data-start=\"1049\" data-end=\"1070\">C\u01a1 ch\u1ebf \u0111\u00f3ng ng\u1eaft:<\/strong> R\u01a1 le cao c\u1ea5p, b\u1ec1n b\u1ec9, tu\u1ed5i th\u1ecd cao<\/p>\n<\/li>\n<li class=\"\" data-start=\"1109\" data-end=\"1216\">\n<p class=\"\" data-start=\"1111\" data-end=\"1216\"><strong data-start=\"1111\" data-end=\"1145\">Ch\u1ebf \u0111\u1ed9 ho\u1ea1t \u0111\u1ed9ng khi m\u1ea5t \u0111i\u1ec7n:<\/strong> Khi c\u00f3 \u0111i\u1ec7n tr\u1edf l\u1ea1i, thi\u1ebft b\u1ecb s\u1ebd <strong data-start=\"1179\" data-end=\"1195\">\u1edf ch\u1ebf \u0111\u1ed9 OFF<\/strong> \u0111\u1ec3 \u0111\u1ea3m b\u1ea3o an to\u00e0n<\/p>\n<\/li>\n<li class=\"\" data-start=\"1217\" data-end=\"1306\">\n<p class=\"\" data-start=\"1219\" data-end=\"1306\"><strong data-start=\"1219\" data-end=\"1249\">M\u00e3 h\u00f3a t\u00edn hi\u1ec7u IC cao c\u1ea5p<\/strong>, tr\u00e1nh nh\u1ea7m l\u1eabn v\u00e0 xung \u0111\u1ed9t t\u00edn hi\u1ec7u v\u1edbi thi\u1ebft b\u1ecb kh\u00e1c<\/p>\n<\/li>\n<li class=\"\" data-start=\"1307\" data-end=\"1363\">\n<p class=\"\" data-start=\"1309\" data-end=\"1363\"><strong data-start=\"1309\" data-end=\"1335\">Remote c\u00f3 th\u1ec3 h\u1ecdc l\u1ec7nh<\/strong>, d\u1ec5 d\u00e0ng thay th\u1ebf khi c\u1ea7n<\/p>\n<\/li>\n<\/ul>\n<p class=\"\" data-start=\"1365\" data-end=\"1923\">\ud83d\udd39 <strong data-start=\"1368\" data-end=\"1389\">T\u00ednh n\u0103ng n\u1ed5i b\u1eadt<\/strong><br data-start=\"1389\" data-end=\"1392\" \/>\u2705 <strong data-start=\"1394\" data-end=\"1426\">B\u1eadt\/t\u1eaft thi\u1ebft b\u1ecb 3 pha t\u1eeb xa<\/strong>, kh\u00f4ng c\u1ea7n thao t\u00e1c tr\u1ef1c ti\u1ebfp.<br data-start=\"1457\" data-end=\"1460\" \/>\u2705 <strong data-start=\"1462\" data-end=\"1478\">S\u00f3ng RF m\u1ea1nh<\/strong>, xuy\u00ean qua v\u1eadt c\u1ea3n, ho\u1ea1t \u0111\u1ed9ng \u1ed5n \u0111\u1ecbnh ngay c\u1ea3 \u1edf m\u00f4i tr\u01b0\u1eddng nhi\u1ec1u nhi\u1ec5u s\u00f3ng.<br data-start=\"1555\" data-end=\"1558\" \/>\u2705 <strong data-start=\"1560\" data-end=\"1590\">Ba k\u00eanh \u0111i\u1ec1u khi\u1ec3n \u0111\u1ed9c l\u1eadp<\/strong>, c\u00f3 th\u1ec3 b\u1eadt\/t\u1eaft ri\u00eang t\u1eebng thi\u1ebft b\u1ecb.<br data-start=\"1627\" data-end=\"1630\" \/>\u2705 <strong data-start=\"1632\" data-end=\"1668\">T\u00edch h\u1ee3p ch\u1ee9c n\u0103ng ch\u1ed1ng m\u1ea5t pha<\/strong>, b\u1ea3o v\u1ec7 thi\u1ebft b\u1ecb \u0111i\u1ec7n an to\u00e0n.<br data-start=\"1699\" data-end=\"1702\" \/>\u2705 <strong data-start=\"1704\" data-end=\"1738\">Ch\u1ebf \u0111\u1ed9 OFF khi c\u00f3 \u0111i\u1ec7n tr\u1edf l\u1ea1i<\/strong>, gi\u00fap ng\u0103n ch\u1eb7n s\u1ef1 c\u1ed1 kh\u1edfi \u0111\u1ed9ng ngo\u00e0i \u00fd mu\u1ed1n.<br data-start=\"1784\" data-end=\"1787\" \/>\u2705 <strong data-start=\"1789\" data-end=\"1820\">D\u1ec5 d\u00e0ng thay th\u1ebf remote m\u1edbi<\/strong>, kh\u00f4ng lo m\u1ea5t \u0111i\u1ec1u khi\u1ec3n.<br data-start=\"1846\" data-end=\"1849\" \/>\u2705 <strong data-start=\"1851\" data-end=\"1865\">\u0110\u1ed9 b\u1ec1n cao<\/strong>, \u0111\u00f3ng ng\u1eaft b\u1eb1ng r\u01a1 le c\u00f4ng su\u1ea5t l\u1edbn, ho\u1ea1t \u0111\u1ed9ng l\u00e2u d\u00e0i.<\/p>\n<h3 class=\"\" data-start=\"1930\" data-end=\"1948\"><span class=\"ez-toc-section\" id=\"Ung_dung\"><\/span><strong data-start=\"1934\" data-end=\"1946\">\u1ee8ng d\u1ee5ng<\/strong><span class=\"ez-toc-section-end\"><\/span><\/h3>\n<p class=\"\" data-start=\"1949\" data-end=\"2346\">\u2714 <strong data-start=\"1951\" data-end=\"1993\">\u0110i\u1ec1u khi\u1ec3n t\u1eeb xa h\u1ec7 th\u1ed1ng m\u00e1y b\u01a1m n\u01b0\u1edbc<\/strong> trong n\u00f4ng nghi\u1ec7p, t\u01b0\u1edbi ti\u00eau.<br data-start=\"2023\" data-end=\"2026\" \/>\u2714 <strong data-start=\"2028\" data-end=\"2075\">B\u1eadt\/t\u1eaft b\u00ecnh n\u00f3ng l\u1ea1nh, h\u1ec7 th\u1ed1ng s\u01b0\u1edfi 3 pha<\/strong> t\u1eeb xa.<br data-start=\"2082\" data-end=\"2085\" \/>\u2714 <strong data-start=\"2087\" data-end=\"2154\">\u0110i\u1ec1u khi\u1ec3n \u0111\u1ed9ng c\u01a1, h\u1ec7 th\u1ed1ng qu\u1ea1t c\u00f4ng nghi\u1ec7p, m\u00e1y m\u00f3c s\u1ea3n xu\u1ea5t<\/strong>.<br data-start=\"2155\" data-end=\"2158\" \/>\u2714 <strong data-start=\"2160\" data-end=\"2191\">Qu\u1ea3n l\u00fd h\u1ec7 th\u1ed1ng \u0111i\u1ec7n 3 pha<\/strong> t\u1ea1i nh\u00e0 x\u01b0\u1edfng, c\u00f4ng tr\u00ecnh x\u00e2y d\u1ef1ng, kho b\u00e3i.<br data-start=\"2236\" data-end=\"2239\" \/>\u2714 <strong data-start=\"2241\" data-end=\"2299\">\u1ee8ng d\u1ee5ng trong trang tr\u1ea1i, khu v\u1ef1c s\u1ea3n xu\u1ea5t quy m\u00f4 l\u1edbn<\/strong>, kh\u00f4ng c\u1ea7n di chuy\u1ec3n \u0111\u1ec3 \u0111i\u1ec1u khi\u1ec3n thi\u1ebft b\u1ecb.<\/p>\n<h3 class=\"\" data-start=\"2353\" data-end=\"2370\"><span class=\"ez-toc-section\" id=\"Loi_ich\"><\/span><strong data-start=\"2357\" data-end=\"2368\">L\u1ee3i \u00edch<\/strong><span class=\"ez-toc-section-end\"><\/span><\/h3>\n<p class=\"\" data-start=\"2371\" data-end=\"2779\">\u2705 <strong data-start=\"2373\" data-end=\"2407\">Ti\u1ebft ki\u1ec7m th\u1eddi gian &amp; c\u00f4ng s\u1ee9c<\/strong>, gi\u00fap \u0111i\u1ec1u khi\u1ec3n thi\u1ebft b\u1ecb \u0111i\u1ec7n d\u1ec5 d\u00e0ng t\u1eeb xa.<br data-start=\"2453\" data-end=\"2456\" \/>\u2705 <strong data-start=\"2458\" data-end=\"2479\">An to\u00e0n tuy\u1ec7t \u0111\u1ed1i<\/strong>, nh\u1edd <strong data-start=\"2485\" data-end=\"2512\">t\u00ednh n\u0103ng ch\u1ed1ng m\u1ea5t pha<\/strong> v\u00e0 ch\u1ebf \u0111\u1ed9 <strong data-start=\"2523\" data-end=\"2550\">OFF khi c\u00f3 \u0111i\u1ec7n tr\u1edf l\u1ea1i<\/strong>.<br data-start=\"2551\" data-end=\"2554\" \/>\u2705 <strong data-start=\"2556\" data-end=\"2587\">N\u00e2ng cao hi\u1ec7u su\u1ea5t l\u00e0m vi\u1ec7c<\/strong>, kh\u00f4ng c\u1ea7n thao t\u00e1c th\u1ee7 c\u00f4ng tr\u1ef1c ti\u1ebfp.<br data-start=\"2627\" data-end=\"2630\" \/>\u2705 <strong data-start=\"2632\" data-end=\"2658\">T\u0103ng tu\u1ed5i th\u1ecd thi\u1ebft b\u1ecb<\/strong>, h\u1ea1n ch\u1ebf r\u1ee7i ro do m\u1ea5t pha, ch\u1eadp ch\u00e1y.<br data-start=\"2697\" data-end=\"2700\" \/>\u2705 <strong data-start=\"2702\" data-end=\"2725\">Kh\u00f4ng lo m\u1ea5t remote<\/strong>, d\u1ec5 d\u00e0ng thay th\u1ebf v\u1edbi t\u00ednh n\u0103ng <strong data-start=\"2758\" data-end=\"2776\">h\u1ecdc l\u1ec7nh t\u1eeb xa<\/strong>.<\/p>\n<h3 class=\"\" data-start=\"2786\" data-end=\"2813\"><span class=\"ez-toc-section\" id=\"Luu_y_khi_su_dung\"><\/span><strong data-start=\"2790\" data-end=\"2811\">L\u01b0u \u00fd khi s\u1eed d\u1ee5ng<\/strong><span class=\"ez-toc-section-end\"><\/span><\/h3>\n<p class=\"\" data-start=\"2814\" data-end=\"3261\">\ud83d\udd39 <strong data-start=\"2817\" data-end=\"2860\">L\u1ef1a ch\u1ecdn kho\u1ea3ng c\u00e1ch \u0111i\u1ec1u khi\u1ec3n ph\u00f9 h\u1ee3p<\/strong> (t\u1ed1i \u0111a 5000m trong m\u00f4i tr\u01b0\u1eddng m\u1edf, gi\u1ea3m khi c\u00f3 v\u1eadt c\u1ea3n).<br data-start=\"2917\" data-end=\"2920\" \/>\ud83d\udd39 <strong data-start=\"2923\" data-end=\"2966\">L\u1eafp \u0111\u1eb7t n\u01a1i tho\u00e1ng m\u00e1t, tr\u00e1nh \u0111\u1ed9 \u1ea9m cao<\/strong> \u0111\u1ec3 \u0111\u1ea3m b\u1ea3o thi\u1ebft b\u1ecb ho\u1ea1t \u0111\u1ed9ng \u1ed5n \u0111\u1ecbnh.<br data-start=\"3005\" data-end=\"3008\" \/>\ud83d\udd39 <strong data-start=\"3011\" data-end=\"3047\">Kh\u00f4ng s\u1eed d\u1ee5ng qu\u00e1 c\u00f4ng su\u1ea5t 7.5kW<\/strong>, ki\u1ec3m tra k\u1ef9 th\u00f4ng s\u1ed1 tr\u01b0\u1edbc khi k\u1ebft n\u1ed1i.<br data-start=\"3088\" data-end=\"3091\" \/>\ud83d\udd39 <strong data-start=\"3094\" data-end=\"3140\">Ki\u1ec3m tra t\u00edn hi\u1ec7u remote tr\u01b0\u1edbc khi l\u1eafp \u0111\u1eb7t<\/strong>, tr\u00e1nh nhi\u1ec5u s\u00f3ng t\u1eeb c\u00e1c thi\u1ebft b\u1ecb kh\u00e1c.<br data-start=\"3180\" data-end=\"3183\" \/>\ud83d\udd39 <strong data-start=\"3186\" data-end=\"3219\">\u0110\u1ea3m b\u1ea3o d\u00e2y \u0111\u1ea5u n\u1ed1i ch\u1eafc ch\u1eafn<\/strong>, tr\u00e1nh ti\u1ebfp x\u00fac l\u1ecfng l\u1ebbo g\u00e2y ch\u1eadp \u0111i\u1ec7n.<\/p>\n<h3 class=\"\" data-start=\"3268\" data-end=\"3287\"><span class=\"ez-toc-section\" id=\"Tong_quan\"><\/span><strong data-start=\"3272\" data-end=\"3285\">T\u1ed5ng quan<\/strong><span class=\"ez-toc-section-end\"><\/span><\/h3>\n<p class=\"\" data-start=\"3288\" data-end=\"3660\">C\u00f4ng t\u1eafc \u0111i\u1ec1u khi\u1ec3n t\u1eeb xa <strong data-start=\"3314\" data-end=\"3327\">RF3P3K-RM<\/strong> l\u00e0 <strong data-start=\"3331\" data-end=\"3351\">gi\u1ea3i ph\u00e1p t\u1ed1i \u01b0u<\/strong> cho h\u1ec7 th\u1ed1ng \u0111i\u1ec7n <strong data-start=\"3370\" data-end=\"3384\">3 pha 380V<\/strong>, gi\u00fap <strong data-start=\"3391\" data-end=\"3434\">\u0111i\u1ec1u khi\u1ec3n thi\u1ebft b\u1ecb c\u00f4ng su\u1ea5t l\u1edbn t\u1eeb xa<\/strong> v\u1edbi <strong data-start=\"3439\" data-end=\"3457\">\u0111\u1ed9 an to\u00e0n cao<\/strong>. V\u1edbi <strong data-start=\"3463\" data-end=\"3497\">kh\u1ea3 n\u0103ng ch\u1ecbu t\u1ea3i l\u00ean \u0111\u1ebfn 7.5kW<\/strong>, <strong data-start=\"3499\" data-end=\"3516\">ch\u1ed1ng m\u1ea5t pha<\/strong>, v\u00e0 <strong data-start=\"3521\" data-end=\"3559\">t\u00edch h\u1ee3p 3 k\u00eanh \u0111i\u1ec1u khi\u1ec3n \u0111\u1ed9c l\u1eadp<\/strong>, s\u1ea3n ph\u1ea9m n\u00e0y <strong data-start=\"3574\" data-end=\"3657\">\u0111\u00e1p \u1ee9ng t\u1ed1t nhu c\u1ea7u v\u1eadn h\u00e0nh thi\u1ebft b\u1ecb \u0111i\u1ec7n c\u00f4ng nghi\u1ec7p, n\u00f4ng nghi\u1ec7p v\u00e0 d\u00e2n d\u1ee5ng<\/strong>.<\/p>","protected":false},"excerpt":{"rendered":"<p>Gi\u1edbi thi\u1ec7u C\u00f4ng t\u1eafc \u0111i\u1ec1u khi\u1ec3n t\u1eeb xa 3 pha RF3P3K-RM l\u00e0 thi\u1ebft b\u1ecb \u0111i\u1ec1u khi\u1ec3n b\u1eadt\/t\u1eaft t\u1eeb xa d\u00e0nh cho h\u1ec7 th\u1ed1ng \u0111i\u1ec7n 3 pha 380V, ch\u1ecbu t\u1ea3i l\u1edbn l\u00ean \u0111\u1ebfn 7.5kW. Thi\u1ebft b\u1ecb s\u1eed d\u1ee5ng s\u00f3ng RF v\u1edbi ph\u1ea1m vi \u0111i\u1ec1u khi\u1ec3n l\u00ean \u0111\u1ebfn 5000m trong m\u00f4i tr\u01b0\u1eddng m\u1edf, gi\u00fap ng\u01b0\u1eddi d\u00f9ng d\u1ec5 [&hellip;]<\/p>","protected":false},"featured_media":27935,"comment_status":"open","ping_status":"closed","template":"","meta":{"_yoast_wpseo_focuskw":"","_yoast_wpseo_metadesc":"","_yoast_wpseo_focuskeywords":"","_yoast_wpseo_keyword_synonyms":""},"product_cat":[1883,15],"product_tag":[],"class_list":["post-21920","product","type-product","status-publish","has-post-thumbnail","hentry","product_cat-dieu-khien-tu-xa-3-pha","product_cat-cong-tac-cam-ung-chuyen-dong"],"acf":[],"yoast_head":"<!-- This site is optimized with the Yoast SEO Premium plugin v24.9 (Yoast SEO v24.9) - https:\/\/yoast.com\/wordpress\/plugins\/seo\/ -->\n<title>C\u00d4NG T\u1eaeC \u0110I\u1ec0U KHI\u1ec2N T\u1eea XA 3 PHA, MODEL: RF3P3K-RM - Kawasan<\/title>\n<meta name=\"robots\" content=\"index, follow, max-snippet:-1, max-image-preview:large, max-video-preview:-1\" \/>\n<link rel=\"canonical\" href=\"https:\/\/kawasan.vn\/en\/product\/cong-tac-dieu-khien-tu-xa-3-pha-model-rf3p3k-rm\/\" \/>\n<meta property=\"og:locale\" content=\"en_US\" \/>\n<meta property=\"og:type\" content=\"article\" \/>\n<meta property=\"og:title\" content=\"C\u00d4NG T\u1eaeC \u0110I\u1ec0U KHI\u1ec2N T\u1eea XA 3 PHA, MODEL: RF3P3K-RM\" \/>\n<meta property=\"og:description\" content=\"Gi\u1edbi thi\u1ec7u C\u00f4ng t\u1eafc \u0111i\u1ec1u khi\u1ec3n t\u1eeb xa 3 pha RF3P3K-RM l\u00e0 thi\u1ebft b\u1ecb \u0111i\u1ec1u khi\u1ec3n b\u1eadt\/t\u1eaft t\u1eeb xa d\u00e0nh cho h\u1ec7 th\u1ed1ng \u0111i\u1ec7n 3 pha 380V, ch\u1ecbu t\u1ea3i l\u1edbn l\u00ean \u0111\u1ebfn 7.5kW. Thi\u1ebft b\u1ecb s\u1eed d\u1ee5ng s\u00f3ng RF v\u1edbi ph\u1ea1m vi \u0111i\u1ec1u khi\u1ec3n l\u00ean \u0111\u1ebfn 5000m trong m\u00f4i tr\u01b0\u1eddng m\u1edf, gi\u00fap ng\u01b0\u1eddi d\u00f9ng d\u1ec5 [&hellip;]\" \/>\n<meta property=\"og:url\" content=\"https:\/\/kawasan.vn\/en\/product\/cong-tac-dieu-khien-tu-xa-3-pha-model-rf3p3k-rm\/\" \/>\n<meta property=\"og:site_name\" content=\"Kawasan\" \/>\n<meta property=\"article:modified_time\" content=\"2026-04-07T07:40:24+00:00\" \/>\n<meta property=\"og:image\" content=\"https:\/\/kawasan.vn\/wp-content\/uploads\/2025\/02\/rf3p3k.png\" \/>\n\t<meta property=\"og:image:width\" content=\"900\" \/>\n\t<meta property=\"og:image:height\" content=\"900\" \/>\n\t<meta property=\"og:image:type\" content=\"image\/png\" \/>\n<meta name=\"twitter:card\" content=\"summary_large_image\" \/>\n<meta name=\"twitter:label1\" content=\"Est. reading time\" \/>\n\t<meta name=\"twitter:data1\" content=\"5 minutes\" \/>\n<script type=\"application\/ld+json\" class=\"yoast-schema-graph\">{\"@context\":\"https:\/\/schema.org\",\"@graph\":[{\"@type\":\"WebPage\",\"@id\":\"https:\/\/kawasan.vn\/san-pham\/cong-tac-dieu-khien-tu-xa-3-pha-model-rf3p3k-rm\/\",\"url\":\"https:\/\/kawasan.vn\/san-pham\/cong-tac-dieu-khien-tu-xa-3-pha-model-rf3p3k-rm\/\",\"name\":\"C\u00d4NG T\u1eaeC \u0110I\u1ec0U KHI\u1ec2N T\u1eea XA 3 PHA, MODEL: RF3P3K-RM - Kawasan\",\"isPartOf\":{\"@id\":\"https:\/\/kawasan.vn\/#website\"},\"primaryImageOfPage\":{\"@id\":\"https:\/\/kawasan.vn\/san-pham\/cong-tac-dieu-khien-tu-xa-3-pha-model-rf3p3k-rm\/#primaryimage\"},\"image\":{\"@id\":\"https:\/\/kawasan.vn\/san-pham\/cong-tac-dieu-khien-tu-xa-3-pha-model-rf3p3k-rm\/#primaryimage\"},\"thumbnailUrl\":\"https:\/\/kawasan.vn\/wp-content\/uploads\/2025\/02\/rf3p3k.png\",\"datePublished\":\"2025-02-14T03:46:49+00:00\",\"dateModified\":\"2026-04-07T07:40:24+00:00\",\"breadcrumb\":{\"@id\":\"https:\/\/kawasan.vn\/san-pham\/cong-tac-dieu-khien-tu-xa-3-pha-model-rf3p3k-rm\/#breadcrumb\"},\"inLanguage\":\"en-US\",\"potentialAction\":[{\"@type\":\"ReadAction\",\"target\":[\"https:\/\/kawasan.vn\/san-pham\/cong-tac-dieu-khien-tu-xa-3-pha-model-rf3p3k-rm\/\"]}]},{\"@type\":\"ImageObject\",\"inLanguage\":\"en-US\",\"@id\":\"https:\/\/kawasan.vn\/san-pham\/cong-tac-dieu-khien-tu-xa-3-pha-model-rf3p3k-rm\/#primaryimage\",\"url\":\"https:\/\/kawasan.vn\/wp-content\/uploads\/2025\/02\/rf3p3k.png\",\"contentUrl\":\"https:\/\/kawasan.vn\/wp-content\/uploads\/2025\/02\/rf3p3k.png\",\"width\":900,\"height\":900},{\"@type\":\"BreadcrumbList\",\"@id\":\"https:\/\/kawasan.vn\/san-pham\/cong-tac-dieu-khien-tu-xa-3-pha-model-rf3p3k-rm\/#breadcrumb\",\"itemListElement\":[{\"@type\":\"ListItem\",\"position\":1,\"name\":\"Trang ch\u1ee7\",\"item\":\"https:\/\/kawasan.vn\/\"},{\"@type\":\"ListItem\",\"position\":2,\"name\":\"S\u1ea3n ph\u1ea9m\",\"item\":\"https:\/\/kawasan.vn\/san-pham\/\"},{\"@type\":\"ListItem\",\"position\":3,\"name\":\"C\u00d4NG T\u1eaeC \u0110I\u1ec0U KHI\u1ec2N T\u1eea XA 3 PHA, MODEL: RF3P3K-RM\"}]},{\"@type\":\"WebSite\",\"@id\":\"https:\/\/kawasan.vn\/#website\",\"url\":\"https:\/\/kawasan.vn\/\",\"name\":\"Kawasan\",\"description\":\"\",\"potentialAction\":[{\"@type\":\"SearchAction\",\"target\":{\"@type\":\"EntryPoint\",\"urlTemplate\":\"https:\/\/kawasan.vn\/?s={search_term_string}\"},\"query-input\":{\"@type\":\"PropertyValueSpecification\",\"valueRequired\":true,\"valueName\":\"search_term_string\"}}],\"inLanguage\":\"en-US\"}]}<\/script>\n<!-- \/ Yoast SEO Premium plugin. -->","yoast_head_json":{"title":"C\u00d4NG T\u1eaeC \u0110I\u1ec0U KHI\u1ec2N T\u1eea XA 3 PHA, MODEL: RF3P3K-RM - Kawasan","robots":{"index":"index","follow":"follow","max-snippet":"max-snippet:-1","max-image-preview":"max-image-preview:large","max-video-preview":"max-video-preview:-1"},"canonical":"https:\/\/kawasan.vn\/en\/product\/cong-tac-dieu-khien-tu-xa-3-pha-model-rf3p3k-rm\/","og_locale":"en_US","og_type":"article","og_title":"C\u00d4NG T\u1eaeC \u0110I\u1ec0U KHI\u1ec2N T\u1eea XA 3 PHA, MODEL: RF3P3K-RM","og_description":"Gi\u1edbi thi\u1ec7u C\u00f4ng t\u1eafc \u0111i\u1ec1u khi\u1ec3n t\u1eeb xa 3 pha RF3P3K-RM l\u00e0 thi\u1ebft b\u1ecb \u0111i\u1ec1u khi\u1ec3n b\u1eadt\/t\u1eaft t\u1eeb xa d\u00e0nh cho h\u1ec7 th\u1ed1ng \u0111i\u1ec7n 3 pha 380V, ch\u1ecbu t\u1ea3i l\u1edbn l\u00ean \u0111\u1ebfn 7.5kW. Thi\u1ebft b\u1ecb s\u1eed d\u1ee5ng s\u00f3ng RF v\u1edbi ph\u1ea1m vi \u0111i\u1ec1u khi\u1ec3n l\u00ean \u0111\u1ebfn 5000m trong m\u00f4i tr\u01b0\u1eddng m\u1edf, gi\u00fap ng\u01b0\u1eddi d\u00f9ng d\u1ec5 [&hellip;]","og_url":"https:\/\/kawasan.vn\/en\/product\/cong-tac-dieu-khien-tu-xa-3-pha-model-rf3p3k-rm\/","og_site_name":"Kawasan","article_modified_time":"2026-04-07T07:40:24+00:00","og_image":[{"width":900,"height":900,"url":"https:\/\/kawasan.vn\/wp-content\/uploads\/2025\/02\/rf3p3k.png","type":"image\/png"}],"twitter_card":"summary_large_image","twitter_misc":{"Est. reading time":"5 minutes"},"schema":{"@context":"https:\/\/schema.org","@graph":[{"@type":"WebPage","@id":"https:\/\/kawasan.vn\/san-pham\/cong-tac-dieu-khien-tu-xa-3-pha-model-rf3p3k-rm\/","url":"https:\/\/kawasan.vn\/san-pham\/cong-tac-dieu-khien-tu-xa-3-pha-model-rf3p3k-rm\/","name":"C\u00d4NG T\u1eaeC \u0110I\u1ec0U KHI\u1ec2N T\u1eea XA 3 PHA, MODEL: RF3P3K-RM - Kawasan","isPartOf":{"@id":"https:\/\/kawasan.vn\/#website"},"primaryImageOfPage":{"@id":"https:\/\/kawasan.vn\/san-pham\/cong-tac-dieu-khien-tu-xa-3-pha-model-rf3p3k-rm\/#primaryimage"},"image":{"@id":"https:\/\/kawasan.vn\/san-pham\/cong-tac-dieu-khien-tu-xa-3-pha-model-rf3p3k-rm\/#primaryimage"},"thumbnailUrl":"https:\/\/kawasan.vn\/wp-content\/uploads\/2025\/02\/rf3p3k.png","datePublished":"2025-02-14T03:46:49+00:00","dateModified":"2026-04-07T07:40:24+00:00","breadcrumb":{"@id":"https:\/\/kawasan.vn\/san-pham\/cong-tac-dieu-khien-tu-xa-3-pha-model-rf3p3k-rm\/#breadcrumb"},"inLanguage":"en-US","potentialAction":[{"@type":"ReadAction","target":["https:\/\/kawasan.vn\/san-pham\/cong-tac-dieu-khien-tu-xa-3-pha-model-rf3p3k-rm\/"]}]},{"@type":"ImageObject","inLanguage":"en-US","@id":"https:\/\/kawasan.vn\/san-pham\/cong-tac-dieu-khien-tu-xa-3-pha-model-rf3p3k-rm\/#primaryimage","url":"https:\/\/kawasan.vn\/wp-content\/uploads\/2025\/02\/rf3p3k.png","contentUrl":"https:\/\/kawasan.vn\/wp-content\/uploads\/2025\/02\/rf3p3k.png","width":900,"height":900},{"@type":"BreadcrumbList","@id":"https:\/\/kawasan.vn\/san-pham\/cong-tac-dieu-khien-tu-xa-3-pha-model-rf3p3k-rm\/#breadcrumb","itemListElement":[{"@type":"ListItem","position":1,"name":"Trang ch\u1ee7","item":"https:\/\/kawasan.vn\/"},{"@type":"ListItem","position":2,"name":"S\u1ea3n ph\u1ea9m","item":"https:\/\/kawasan.vn\/san-pham\/"},{"@type":"ListItem","position":3,"name":"C\u00d4NG T\u1eaeC \u0110I\u1ec0U KHI\u1ec2N T\u1eea XA 3 PHA, MODEL: RF3P3K-RM"}]},{"@type":"WebSite","@id":"https:\/\/kawasan.vn\/#website","url":"https:\/\/kawasan.vn\/","name":"Kawasan","description":"","potentialAction":[{"@type":"SearchAction","target":{"@type":"EntryPoint","urlTemplate":"https:\/\/kawasan.vn\/?s={search_term_string}"},"query-input":{"@type":"PropertyValueSpecification","valueRequired":true,"valueName":"search_term_string"}}],"inLanguage":"en-US"}]}},"_links":{"self":[{"href":"https:\/\/kawasan.vn\/en\/wp-json\/wp\/v2\/product\/21920","targetHints":{"allow":["GET"]}}],"collection":[{"href":"https:\/\/kawasan.vn\/en\/wp-json\/wp\/v2\/product"}],"about":[{"href":"https:\/\/kawasan.vn\/en\/wp-json\/wp\/v2\/types\/product"}],"replies":[{"embeddable":true,"href":"https:\/\/kawasan.vn\/en\/wp-json\/wp\/v2\/comments?post=21920"}],"version-history":[{"count":5,"href":"https:\/\/kawasan.vn\/en\/wp-json\/wp\/v2\/product\/21920\/revisions"}],"predecessor-version":[{"id":29464,"href":"https:\/\/kawasan.vn\/en\/wp-json\/wp\/v2\/product\/21920\/revisions\/29464"}],"wp:featuredmedia":[{"embeddable":true,"href":"https:\/\/kawasan.vn\/en\/wp-json\/wp\/v2\/media\/27935"}],"wp:attachment":[{"href":"https:\/\/kawasan.vn\/en\/wp-json\/wp\/v2\/media?parent=21920"}],"wp:term":[{"taxonomy":"product_cat","embeddable":true,"href":"https:\/\/kawasan.vn\/en\/wp-json\/wp\/v2\/product_cat?post=21920"},{"taxonomy":"product_tag","embeddable":true,"href":"https:\/\/kawasan.vn\/en\/wp-json\/wp\/v2\/product_tag?post=21920"}],"curies":[{"name":"wp","href":"https:\/\/api.w.org\/{rel}","templated":true}]}}