{"id":21509,"date":"2024-12-23T13:53:51","date_gmt":"2024-12-23T06:53:51","guid":{"rendered":"https:\/\/kawasan.vn\/?post_type=product&#038;p=21509"},"modified":"2026-04-16T15:10:07","modified_gmt":"2026-04-16T08:10:07","slug":"dui-den-cam-ung-hong-ngoai-co-dieu-chinh-nut-gat-kw-ss682b-g","status":"publish","type":"product","link":"https:\/\/kawasan.vn\/en\/product\/dui-den-cam-ung-hong-ngoai-co-dieu-chinh-nut-gat-kw-ss682b-g\/","title":{"rendered":"\u0110ui \u0110\u00e8n C\u1ea3m \u1ee8ng H\u1ed3ng Ngo\u1ea1i C\u00f3 \u0110i\u1ec1u Ch\u1ec9nh, N\u00fat G\u1ea1t SS682B-G"},"content":{"rendered":"<h3><span class=\"ez-toc-section\" id=\"1_Gioi_Thieu\"><\/span>1. <strong>Gi\u1edbi Thi\u1ec7u<\/strong><span class=\"ez-toc-section-end\"><\/span><\/h3><div id=\"ez-toc-container\" class=\"ez-toc-v2_0_69_1 counter-hierarchy ez-toc-counter ez-toc-grey ez-toc-container-direction\">\n<div class=\"ez-toc-title-container\">\n<p class=\"ez-toc-title\" >N\u1ed9i Dung B&agrave;i Vi\u1ebft<\/p>\n<span class=\"ez-toc-title-toggle\"><a href=\"#\" class=\"ez-toc-pull-right ez-toc-btn ez-toc-btn-xs ez-toc-btn-default ez-toc-toggle\" aria-label=\"Toggle Table of Content\"><span class=\"ez-toc-js-icon-con\"><span class=\"\"><span class=\"eztoc-hide\" style=\"display:none;\">Toggle<\/span><span class=\"ez-toc-icon-toggle-span\"><svg style=\"fill: #999;color:#999\" xmlns=\"http:\/\/www.w3.org\/2000\/svg\" class=\"list-377408\" width=\"20px\" height=\"20px\" viewbox=\"0 0 24 24\" fill=\"none\"><path d=\"M6 6H4v2h2V6zm14 0H8v2h12V6zM4 11h2v2H4v-2zm16 0H8v2h12v-2zM4 16h2v2H4v-2zm16 0H8v2h12v-2z\" fill=\"currentColor\"><\/path><\/svg><svg style=\"fill: #999;color:#999\" class=\"arrow-unsorted-368013\" xmlns=\"http:\/\/www.w3.org\/2000\/svg\" width=\"10px\" height=\"10px\" viewbox=\"0 0 24 24\" version=\"1.2\" baseprofile=\"tiny\"><path d=\"M18.2 9.3l-6.2-6.3-6.2 6.3c-.2.2-.3.4-.3.7s.1.5.3.7c.2.2.4.3.7.3h11c.3 0 .5-.1.7-.3.2-.2.3-.5.3-.7s-.1-.5-.3-.7zM5.8 14.7l6.2 6.3 6.2-6.3c.2-.2.3-.5.3-.7s-.1-.5-.3-.7c-.2-.2-.4-.3-.7-.3h-11c-.3 0-.5.1-.7.3-.2.2-.3.5-.3.7s.1.5.3.7z\"\/><\/svg><\/span><\/span><\/span><\/a><\/span><\/div>\n<nav><ul class='ez-toc-list ez-toc-list-level-1 eztoc-toggle-hide-by-default' ><li class='ez-toc-page-1 ez-toc-heading-level-3'><a class=\"ez-toc-link ez-toc-heading-1\" href=\"https:\/\/kawasan.vn\/en\/product\/dui-den-cam-ung-hong-ngoai-co-dieu-chinh-nut-gat-kw-ss682b-g\/#1_Gioi_Thieu\" title=\"1. Gi\u1edbi Thi\u1ec7u\">1. Gi\u1edbi Thi\u1ec7u<\/a><\/li><li class='ez-toc-page-1 ez-toc-heading-level-3'><a class=\"ez-toc-link ez-toc-heading-2\" href=\"https:\/\/kawasan.vn\/en\/product\/dui-den-cam-ung-hong-ngoai-co-dieu-chinh-nut-gat-kw-ss682b-g\/#2_Dac_Diem_Noi_Bat\" title=\"2. \u0110\u1eb7c \u0110i\u1ec3m N\u1ed5i B\u1eadt\">2. \u0110\u1eb7c \u0110i\u1ec3m N\u1ed5i B\u1eadt<\/a><\/li><li class='ez-toc-page-1 ez-toc-heading-level-3'><a class=\"ez-toc-link ez-toc-heading-3\" href=\"https:\/\/kawasan.vn\/en\/product\/dui-den-cam-ung-hong-ngoai-co-dieu-chinh-nut-gat-kw-ss682b-g\/#3_Ung_Dung\" title=\"3. \u1ee8ng D\u1ee5ng\">3. \u1ee8ng D\u1ee5ng<\/a><\/li><li class='ez-toc-page-1 ez-toc-heading-level-3'><a class=\"ez-toc-link ez-toc-heading-4\" href=\"https:\/\/kawasan.vn\/en\/product\/dui-den-cam-ung-hong-ngoai-co-dieu-chinh-nut-gat-kw-ss682b-g\/#4_Loi_Ich\" title=\"4. L\u1ee3i \u00cdch\">4. L\u1ee3i \u00cdch<\/a><\/li><li class='ez-toc-page-1 ez-toc-heading-level-3'><a class=\"ez-toc-link ez-toc-heading-5\" href=\"https:\/\/kawasan.vn\/en\/product\/dui-den-cam-ung-hong-ngoai-co-dieu-chinh-nut-gat-kw-ss682b-g\/#5_Luu_Y_Khi_Su_Dung\" title=\"5. L\u01b0u \u00dd Khi S\u1eed D\u1ee5ng\">5. L\u01b0u \u00dd Khi S\u1eed D\u1ee5ng<\/a><\/li><li class='ez-toc-page-1 ez-toc-heading-level-3'><a class=\"ez-toc-link ez-toc-heading-6\" href=\"https:\/\/kawasan.vn\/en\/product\/dui-den-cam-ung-hong-ngoai-co-dieu-chinh-nut-gat-kw-ss682b-g\/#6_Tong_Quan\" title=\"6. T\u1ed5ng Quan\">6. T\u1ed5ng Quan<\/a><\/li><\/ul><\/nav><\/div>\n\n<p>\u0110ui \u0111\u00e8n c\u1ea3m \u1ee9ng h\u1ed3ng ngo\u1ea1i SS682B-G c\u00f3 n\u00fat g\u1ea1t, l\u00e0 s\u1ea3n ph\u1ea9m th\u00f4ng minh \u0111\u1ebfn t\u1eeb th\u01b0\u01a1ng hi\u1ec7u Kawasan. \u0110\u01b0\u1ee3c thi\u1ebft k\u1ebf \u0111\u1ec3 mang l\u1ea1i s\u1ef1 ti\u1ec7n l\u1ee3i t\u1ed1i \u0111a trong chi\u1ebfu s\u00e1ng. V\u1edbi kh\u1ea3 n\u0103ng \u0111i\u1ec1u ch\u1ec9nh \u0111\u1ed9 nh\u1ea1y \u00e1nh s\u00e1ng, th\u1eddi gian tr\u1ec5 linh ho\u1ea1t v\u00e0 t\u00edch h\u1ee3p c\u00f4ng ngh\u1ec7 c\u1ea3m bi\u1ebfn h\u1ed3ng ngo\u1ea1i ti\u00ean ti\u1ebfn, s\u1ea3n ph\u1ea9m \u0111\u00e1p \u1ee9ng m\u1ecdi nhu c\u1ea7u s\u1eed d\u1ee5ng trong gia \u0111\u00ecnh v\u00e0 c\u00e1c kh\u00f4ng gian nh\u1ecf.<\/p>\n<figure id=\"attachment_21556\" aria-describedby=\"caption-attachment-21556\" style=\"width: 577px\" class=\"wp-caption aligncenter\"><img loading=\"lazy\" decoding=\"async\" class=\"size-full wp-image-21556\" src=\"https:\/\/kawasan.vn\/wp-content\/uploads\/2024\/12\/SS682B-G__1_-removebg-preview-1.png\" alt=\"\u0110ui \u0110\u00e8n C\u1ea3m \u1ee8ng H\u1ed3ng Ngo\u1ea1i C\u00f3 \u0110i\u1ec1u Ch\u1ec9nh, N\u00fat G\u1ea1t KW-SS682B\" width=\"577\" height=\"433\" srcset=\"https:\/\/kawasan.vn\/wp-content\/uploads\/2024\/12\/SS682B-G__1_-removebg-preview-1.png 577w, https:\/\/kawasan.vn\/wp-content\/uploads\/2024\/12\/SS682B-G__1_-removebg-preview-1-463x348.png 463w, https:\/\/kawasan.vn\/wp-content\/uploads\/2024\/12\/SS682B-G__1_-removebg-preview-1-400x300.png 400w\" sizes=\"auto, (max-width: 577px) 100vw, 577px\" \/><figcaption id=\"caption-attachment-21556\" class=\"wp-caption-text\">\u0110ui \u0110\u00e8n C\u1ea3m \u1ee8ng H\u1ed3ng Ngo\u1ea1i C\u00f3 \u0110i\u1ec1u Ch\u1ec9nh, N\u00fat G\u1ea1t KW-SS682B<\/figcaption><\/figure>\n<h3><span class=\"ez-toc-section\" id=\"2_Dac_Diem_Noi_Bat\"><\/span>2. <strong>\u0110\u1eb7c \u0110i\u1ec3m N\u1ed5i B\u1eadt<\/strong><span class=\"ez-toc-section-end\"><\/span><\/h3>\n<ul>\n<li><strong>C\u00f4ng ngh\u1ec7 c\u1ea3m bi\u1ebfn h\u1ed3ng ngo\u1ea1i<\/strong>: T\u1ef1 \u0111\u1ed9ng ph\u00e1t hi\u1ec7n chuy\u1ec3n \u0111\u1ed9ng trong ph\u1ea1m vi 5-6m v\u1edbi g\u00f3c qu\u00e9t r\u1ed9ng, b\u1eadt \u0111\u00e8n khi c\u1ea7n thi\u1ebft.<\/li>\n<li><strong>\u0110i\u1ec1u ch\u1ec9nh \u0111\u1ed9 nh\u1ea1y \u00e1nh s\u00e1ng<\/strong>: C\u00f3 th\u1ec3 \u0111i\u1ec1u ch\u1ec9nh t\u1eeb 2lux (\u00e1nh s\u00e1ng y\u1ebfu) \u0111\u1ebfn 25lux (\u00e1nh s\u00e1ng ban ng\u00e0y), gi\u00fap t\u1ed1i \u01b0u h\u00f3a vi\u1ec7c s\u1eed d\u1ee5ng trong m\u1ecdi \u0111i\u1ec1u ki\u1ec7n m\u00f4i tr\u01b0\u1eddng.<\/li>\n<li><strong>Th\u1eddi gian tr\u1ec5 linh ho\u1ea1t<\/strong>: N\u00fat g\u1ea1t \u0111i\u1ec1u ch\u1ec9nh cho ph\u00e9p thi\u1ebft l\u1eadp th\u1eddi gian tr\u1ec5 t\u1eeb 60 gi\u00e2y, 180 gi\u00e2y \u0111\u1ebfn 5 ph\u00fat t\u00f9y theo nhu c\u1ea7u.<\/li>\n<li><strong>C\u00f4ng su\u1ea5t t\u1ea3i<\/strong>: H\u1ed7 tr\u1ee3 b\u00f3ng \u0111\u00e8n c\u00f3 c\u00f4ng su\u1ea5t \u226460W. Ph\u00f9 h\u1ee3p v\u1edbi \u0111a d\u1ea1ng lo\u1ea1i b\u00f3ng \u0111\u00e8n nh\u01b0 LED, hu\u1ef3nh quang, v\u00e0 b\u00f3ng d\u00e2y t\u00f3c.<\/li>\n<li><strong>Ch\u1ea5t li\u1ec7u cao c\u1ea5p<\/strong>: S\u1eed d\u1ee5ng nh\u1ef1a PC ch\u1ed1ng ch\u00e1y, b\u1ec1n b\u1ec9 v\u00e0 an to\u00e0n.<\/li>\n<li><strong>\u0110i\u1ec7n \u00e1p linh ho\u1ea1t<\/strong>: Ho\u1ea1t \u0111\u1ed9ng \u1ed5n \u0111\u1ecbnh trong d\u1ea3i \u0111i\u1ec7n \u00e1p r\u1ed9ng t\u1eeb 90-260V.<\/li>\n<\/ul>\n<h3><span class=\"ez-toc-section\" id=\"3_Ung_Dung\"><\/span>3. <strong>\u1ee8ng D\u1ee5ng<\/strong><span class=\"ez-toc-section-end\"><\/span><\/h3>\n<ul>\n<li><strong>Chi\u1ebfu s\u00e1ng t\u1ef1 \u0111\u1ed9ng trong nh\u00e0<\/strong>: S\u1eed d\u1ee5ng t\u1ea1i h\u00e0nh lang, c\u1ea7u thang, nh\u00e0 kho, nh\u00e0 b\u1ebfp ho\u1eb7c nh\u00e0 v\u1ec7 sinh.<\/li>\n<li><strong>T\u0103ng c\u01b0\u1eddng an ninh<\/strong>: \u0110\u01b0\u1ee3c l\u1eafp \u0111\u1eb7t \u1edf l\u1ed1i ra v\u00e0o, ban c\u00f4ng ho\u1eb7c s\u00e2n v\u01b0\u1eddn \u0111\u1ec3 c\u1ea3nh b\u00e1o chuy\u1ec3n \u0111\u1ed9ng.<\/li>\n<li><strong>Ti\u1ec7n \u00edch cho kh\u00f4ng gian c\u00f4ng c\u1ed9ng<\/strong>: V\u0103n ph\u00f2ng, nh\u00e0 ngh\u1ec9, kh\u00e1ch s\u1ea1n ho\u1eb7c nh\u00e0 tr\u1ecd.<\/li>\n<li><strong>Th\u00edch h\u1ee3p cho \u0111\u00e8n trang tr\u00ed<\/strong>: S\u1eed d\u1ee5ng v\u1edbi c\u00e1c lo\u1ea1i b\u00f3ng \u0111\u00e8n c\u00f3 c\u00f4ng su\u1ea5t ph\u00f9 h\u1ee3p \u0111\u1ec3 t\u0103ng t\u00ednh th\u1ea9m m\u1ef9.<\/li>\n<\/ul>\n<h3><span class=\"ez-toc-section\" id=\"4_Loi_Ich\"><\/span>4. <strong>L\u1ee3i \u00cdch<\/strong><span class=\"ez-toc-section-end\"><\/span><\/h3>\n<ul>\n<li><strong>Ti\u1ebft ki\u1ec7m n\u0103ng l\u01b0\u1ee3ng<\/strong>: \u0110\u00e8n t\u1ef1 \u0111\u1ed9ng b\u1eadt\/t\u1eaft, gi\u1ea3m thi\u1ec3u l\u00e3ng ph\u00ed \u0111i\u1ec7n n\u0103ng.<\/li>\n<li><strong>T\u0103ng s\u1ef1 ti\u1ec7n l\u1ee3i<\/strong>: Kh\u00f4ng c\u1ea7n thao t\u00e1c th\u1ee7 c\u00f4ng, s\u1ea3n ph\u1ea9m ho\u1ea1t \u0111\u1ed9ng th\u00f4ng minh khi ph\u00e1t hi\u1ec7n chuy\u1ec3n \u0111\u1ed9ng.<\/li>\n<li><strong>An to\u00e0n v\u00e0 hi\u1ec7n \u0111\u1ea1i<\/strong>: \u0110\u00e1p \u1ee9ng t\u1ed1t nhu c\u1ea7u chi\u1ebfu s\u00e1ng, c\u1ea3i thi\u1ec7n an ninh trong gia \u0111\u00ecnh.<\/li>\n<li><strong>\u0110\u1ed9 b\u1ec1n cao<\/strong>: Ch\u1ea5t li\u1ec7u nh\u1ef1a PC ch\u1ed1ng ch\u00e1y v\u00e0 thi\u1ebft k\u1ebf t\u1ed1i \u01b0u gi\u00fap k\u00e9o d\u00e0i tu\u1ed5i th\u1ecd s\u1ea3n ph\u1ea9m.<\/li>\n<li><strong>Th\u00e2n thi\u1ec7n m\u00f4i tr\u01b0\u1eddng<\/strong>: H\u1ed7 tr\u1ee3 b\u00f3ng LED ti\u1ebft ki\u1ec7m \u0111i\u1ec7n, kh\u00f4ng ph\u00e1t sinh ch\u1ea5t th\u1ea3i \u0111\u1ed9c h\u1ea1i.<\/li>\n<\/ul>\n<h3><span class=\"ez-toc-section\" id=\"5_Luu_Y_Khi_Su_Dung\"><\/span>5. <strong>L\u01b0u \u00dd Khi S\u1eed D\u1ee5ng<\/strong><span class=\"ez-toc-section-end\"><\/span><\/h3>\n<ul>\n<li><strong>Kh\u00f4ng l\u1eafp \u0111\u1eb7t ngo\u00e0i tr\u1eddi<\/strong>: S\u1ea3n ph\u1ea9m kh\u00f4ng c\u00f3 kh\u1ea3 n\u0103ng ch\u1ed1ng n\u01b0\u1edbc, ch\u1ec9 s\u1eed d\u1ee5ng trong m\u00f4i tr\u01b0\u1eddng kh\u00f4 r\u00e1o.<\/li>\n<li><strong>Tr\u00e1nh che ch\u1eafn c\u1ea3m bi\u1ebfn<\/strong>: \u0110\u1ea3m b\u1ea3o v\u00f9ng c\u1ea3m bi\u1ebfn kh\u00f4ng b\u1ecb che khu\u1ea5t \u0111\u1ec3 ho\u1ea1t \u0111\u1ed9ng hi\u1ec7u qu\u1ea3.<\/li>\n<li><strong>Ki\u1ec3m tra c\u00f4ng su\u1ea5t b\u00f3ng \u0111\u00e8n<\/strong>: S\u1eed d\u1ee5ng b\u00f3ng \u0111\u00e8n c\u00f3 c\u00f4ng su\u1ea5t kh\u00f4ng v\u01b0\u1ee3t qu\u00e1 60W \u0111\u1ec3 tr\u00e1nh l\u00e0m h\u1ecfng s\u1ea3n ph\u1ea9m.<\/li>\n<li><strong>V\u1ec7 sinh \u0111\u1ecbnh k\u1ef3<\/strong>: Lau s\u1ea1ch b\u1ec1 m\u1eb7t c\u1ea3m bi\u1ebfn \u0111\u1ec3 duy tr\u00ec \u0111\u1ed9 nh\u1ea1y v\u00e0 hi\u1ec7u qu\u1ea3 s\u1eed d\u1ee5ng.<\/li>\n<li><strong>L\u1eafp \u0111\u1eb7t \u0111\u00fang \u0111\u1ed9 cao<\/strong>: \u0110ui \u0111\u00e8n ho\u1ea1t \u0111\u1ed9ng t\u1ed1t nh\u1ea5t khi l\u1eafp \u1edf \u0111\u1ed9 cao t\u1eeb 1.5-2m.<\/li>\n<\/ul>\n<h3><span class=\"ez-toc-section\" id=\"6_Tong_Quan\"><\/span>6. <strong>T\u1ed5ng Quan<\/strong><span class=\"ez-toc-section-end\"><\/span><\/h3>\n<p>\u0110ui \u0111\u00e8n c\u1ea3m \u1ee9ng h\u1ed3ng ngo\u1ea1i SS682B-G c\u1ee7a Kawasan l\u00e0 s\u1ea3n ph\u1ea9m ho\u00e0n h\u1ea3o cho c\u00e1c nhu c\u1ea7u chi\u1ebfu s\u00e1ng th\u00f4ng minh v\u00e0 ti\u1ebft ki\u1ec7m. V\u1edbi thi\u1ebft k\u1ebf nh\u1ecf g\u1ecdn, t\u00ednh n\u0103ng \u0111i\u1ec1u ch\u1ec9nh linh ho\u1ea1t v\u00e0 c\u00f4ng ngh\u1ec7 c\u1ea3m bi\u1ebfn ti\u00ean ti\u1ebfn. S\u1ea3n ph\u1ea9m kh\u00f4ng ch\u1ec9 t\u0103ng c\u01b0\u1eddng ti\u1ec7n \u00edch m\u00e0 c\u00f2n \u0111\u1ea3m b\u1ea3o s\u1ef1 an to\u00e0n v\u00e0 hi\u1ec7u qu\u1ea3 trong m\u1ecdi kh\u00f4ng gian s\u1eed d\u1ee5ng. SS682B-G l\u00e0 gi\u1ea3i ph\u00e1p t\u1ed1i \u01b0u cho ng\u00f4i nh\u00e0 hi\u1ec7n \u0111\u1ea1i.<\/p>\n<p style=\"text-align: center;\"><span style=\"font-size: 14px;\"><strong>Thank you for trusting Kawasan products!<\/strong><\/span><\/p>\n<p style=\"text-align: center;\"><span style=\"font-size: 14px;\"><strong>Toll-Free Consulting Hotline:\u00a0<\/strong><span style=\"color: #ff0000;\"><strong>1800 0058<\/strong><\/span><\/span><\/p>\n<p align=\"center\"><span style=\"font-family: times new roman,times,serif;\"><span style=\"font-size: 16px;\"><span style=\"color: #000000;\"><strong><span style=\"vertical-align: inherit;\">Trang web:\u00a0 <\/span><\/strong><\/span><a href=\"https:\/\/kawasan.vn\/en\/\"><span style=\"color: #0000cd;\"><strong><span style=\"vertical-align: inherit;\">www.kawasan.vn<\/span><\/strong><\/span><\/a><\/span><\/span><\/p>\n<p align=\"center\"><span style=\"font-family: times new roman,times,serif;\"><span style=\"font-size: 16px;\"><span style=\"color: #000000;\"><strong><span style=\"vertical-align: inherit;\">Trang web:\u00a0 <\/span><\/strong><\/span><a href=\"https:\/\/kawaled.com.vn\/\"><span style=\"color: #0000cd;\"><strong><span style=\"vertical-align: inherit;\">www.kawaled.com.vn<\/span><\/strong><\/span><\/a><\/span><\/span><\/p>","protected":false},"excerpt":{"rendered":"<p>1. Gi\u1edbi Thi\u1ec7u \u0110ui \u0111\u00e8n c\u1ea3m \u1ee9ng h\u1ed3ng ngo\u1ea1i SS682B-G c\u00f3 n\u00fat g\u1ea1t, l\u00e0 s\u1ea3n ph\u1ea9m th\u00f4ng minh \u0111\u1ebfn t\u1eeb th\u01b0\u01a1ng hi\u1ec7u Kawasan. \u0110\u01b0\u1ee3c thi\u1ebft k\u1ebf \u0111\u1ec3 mang l\u1ea1i s\u1ef1 ti\u1ec7n l\u1ee3i t\u1ed1i \u0111a trong chi\u1ebfu s\u00e1ng. V\u1edbi kh\u1ea3 n\u0103ng \u0111i\u1ec1u ch\u1ec9nh \u0111\u1ed9 nh\u1ea1y \u00e1nh s\u00e1ng, th\u1eddi gian tr\u1ec5 linh ho\u1ea1t v\u00e0 t\u00edch h\u1ee3p c\u00f4ng [&hellip;]<\/p>","protected":false},"featured_media":21513,"comment_status":"open","ping_status":"closed","template":"","meta":{"_yoast_wpseo_focuskw":"\u0110ui \u0110\u00e8n C\u1ea3m \u1ee8ng H\u1ed3ng Ngo\u1ea1i","_yoast_wpseo_metadesc":"\u0110ui \u0111\u00e8n c\u1ea3m \u1ee9ng h\u1ed3ng ngo\u1ea1i c\u00f3 \u0111i\u1ec1u ch\u1ec9nh, c\u00f3 n\u00fat g\u1ea1t KW-SS682B. T\u1ef1 \u0111\u1ed9ng ph\u00e1t hi\u1ec7n chuy\u1ec3n \u0111\u1ed9ng trong ph\u1ea1m vi 5-6m v\u1edbi g\u00f3c qu\u00e9t r\u1ed9ng, b\u1eadt \u0111\u00e8n khi c\u1ea7n thi\u1ebft...","_yoast_wpseo_focuskeywords":"","_yoast_wpseo_keyword_synonyms":""},"product_cat":[2692,65],"product_tag":[1801,1836,1815,1812,531,1175,592,1177,596,1169,1835,1837,1838,1189,1813,621,1814,1811],"class_list":["post-21509","product","type-product","status-publish","has-post-thumbnail","hentry","product_cat-dui-den-cam-bien-hong-ngoai","product_cat-dui-den-cam-ung","product_tag-cam-ung","product_tag-chuoi-den-e27","product_tag-dieu-chinh","product_tag-dui-den","product_tag-dui-den-cam-bien","product_tag-dui-den-cam-bien-chuyen-dong","product_tag-dui-den-cam-ung","product_tag-dui-den-cam-ung-chuyen-dong","product_tag-dui-den-cam-ung-hong-ngoai","product_tag-dui-den-cam-ung-loai-nao-tot","product_tag-duoi-den","product_tag-duoi-den-cam-bien","product_tag-gia-dui-den-cam-bien","product_tag-gia-dui-den-cam-ung","product_tag-hong-ngoai","product_tag-kawasan","product_tag-nut-gat","product_tag-ss682b-g"],"acf":[],"yoast_head":"<!-- This site is optimized with the Yoast SEO Premium plugin v24.9 (Yoast SEO v24.9) - https:\/\/yoast.com\/wordpress\/plugins\/seo\/ -->\n<title>\u0110ui \u0110\u00e8n C\u1ea3m \u1ee8ng H\u1ed3ng Ngo\u1ea1i C\u00f3 \u0110i\u1ec1u Ch\u1ec9nh, N\u00fat G\u1ea1t SS682B-G - Kawasan<\/title>\n<meta name=\"description\" content=\"\u0110ui \u0111\u00e8n c\u1ea3m \u1ee9ng h\u1ed3ng ngo\u1ea1i c\u00f3 \u0111i\u1ec1u ch\u1ec9nh, c\u00f3 n\u00fat g\u1ea1t KW-SS682B. T\u1ef1 \u0111\u1ed9ng ph\u00e1t hi\u1ec7n chuy\u1ec3n \u0111\u1ed9ng trong ph\u1ea1m vi 5-6m v\u1edbi g\u00f3c qu\u00e9t r\u1ed9ng, b\u1eadt \u0111\u00e8n khi c\u1ea7n thi\u1ebft...\" \/>\n<meta name=\"robots\" content=\"index, follow, max-snippet:-1, max-image-preview:large, max-video-preview:-1\" \/>\n<link rel=\"canonical\" href=\"https:\/\/kawasan.vn\/en\/product\/dui-den-cam-ung-hong-ngoai-co-dieu-chinh-nut-gat-kw-ss682b-g\/\" \/>\n<meta property=\"og:locale\" content=\"en_US\" \/>\n<meta property=\"og:type\" content=\"article\" \/>\n<meta property=\"og:title\" content=\"\u0110ui \u0110\u00e8n C\u1ea3m \u1ee8ng H\u1ed3ng Ngo\u1ea1i C\u00f3 \u0110i\u1ec1u Ch\u1ec9nh, N\u00fat G\u1ea1t SS682B-G\" \/>\n<meta property=\"og:description\" content=\"\u0110ui \u0111\u00e8n c\u1ea3m \u1ee9ng h\u1ed3ng ngo\u1ea1i c\u00f3 \u0111i\u1ec1u ch\u1ec9nh, c\u00f3 n\u00fat g\u1ea1t KW-SS682B. T\u1ef1 \u0111\u1ed9ng ph\u00e1t hi\u1ec7n chuy\u1ec3n \u0111\u1ed9ng trong ph\u1ea1m vi 5-6m v\u1edbi g\u00f3c qu\u00e9t r\u1ed9ng, b\u1eadt \u0111\u00e8n khi c\u1ea7n thi\u1ebft...\" \/>\n<meta property=\"og:url\" content=\"https:\/\/kawasan.vn\/en\/product\/dui-den-cam-ung-hong-ngoai-co-dieu-chinh-nut-gat-kw-ss682b-g\/\" \/>\n<meta property=\"og:site_name\" content=\"Kawasan\" \/>\n<meta property=\"article:modified_time\" content=\"2026-04-16T08:10:07+00:00\" \/>\n<meta property=\"og:image\" content=\"https:\/\/kawasan.vn\/wp-content\/uploads\/2024\/12\/SS682B-G__1_-removebg-preview.png\" \/>\n\t<meta property=\"og:image:width\" content=\"577\" \/>\n\t<meta property=\"og:image:height\" content=\"433\" \/>\n\t<meta property=\"og:image:type\" content=\"image\/png\" \/>\n<meta name=\"twitter:card\" content=\"summary_large_image\" \/>\n<meta name=\"twitter:label1\" content=\"Est. reading time\" \/>\n\t<meta name=\"twitter:data1\" content=\"4 minutes\" \/>\n<script type=\"application\/ld+json\" class=\"yoast-schema-graph\">{\"@context\":\"https:\/\/schema.org\",\"@graph\":[{\"@type\":\"WebPage\",\"@id\":\"https:\/\/kawasan.vn\/san-pham\/dui-den-cam-ung-hong-ngoai-co-dieu-chinh-nut-gat-kw-ss682b-g\/\",\"url\":\"https:\/\/kawasan.vn\/san-pham\/dui-den-cam-ung-hong-ngoai-co-dieu-chinh-nut-gat-kw-ss682b-g\/\",\"name\":\"\u0110ui \u0110\u00e8n C\u1ea3m \u1ee8ng H\u1ed3ng Ngo\u1ea1i C\u00f3 \u0110i\u1ec1u Ch\u1ec9nh, N\u00fat G\u1ea1t SS682B-G - Kawasan\",\"isPartOf\":{\"@id\":\"https:\/\/kawasan.vn\/#website\"},\"primaryImageOfPage\":{\"@id\":\"https:\/\/kawasan.vn\/san-pham\/dui-den-cam-ung-hong-ngoai-co-dieu-chinh-nut-gat-kw-ss682b-g\/#primaryimage\"},\"image\":{\"@id\":\"https:\/\/kawasan.vn\/san-pham\/dui-den-cam-ung-hong-ngoai-co-dieu-chinh-nut-gat-kw-ss682b-g\/#primaryimage\"},\"thumbnailUrl\":\"https:\/\/kawasan.vn\/wp-content\/uploads\/2024\/12\/SS682B-G__1_-removebg-preview.png\",\"datePublished\":\"2024-12-23T06:53:51+00:00\",\"dateModified\":\"2026-04-16T08:10:07+00:00\",\"description\":\"\u0110ui \u0111\u00e8n c\u1ea3m \u1ee9ng h\u1ed3ng ngo\u1ea1i c\u00f3 \u0111i\u1ec1u ch\u1ec9nh, c\u00f3 n\u00fat g\u1ea1t KW-SS682B. T\u1ef1 \u0111\u1ed9ng ph\u00e1t hi\u1ec7n chuy\u1ec3n \u0111\u1ed9ng trong ph\u1ea1m vi 5-6m v\u1edbi g\u00f3c qu\u00e9t r\u1ed9ng, b\u1eadt \u0111\u00e8n khi c\u1ea7n thi\u1ebft...\",\"breadcrumb\":{\"@id\":\"https:\/\/kawasan.vn\/san-pham\/dui-den-cam-ung-hong-ngoai-co-dieu-chinh-nut-gat-kw-ss682b-g\/#breadcrumb\"},\"inLanguage\":\"en-US\",\"potentialAction\":[{\"@type\":\"ReadAction\",\"target\":[\"https:\/\/kawasan.vn\/san-pham\/dui-den-cam-ung-hong-ngoai-co-dieu-chinh-nut-gat-kw-ss682b-g\/\"]}]},{\"@type\":\"ImageObject\",\"inLanguage\":\"en-US\",\"@id\":\"https:\/\/kawasan.vn\/san-pham\/dui-den-cam-ung-hong-ngoai-co-dieu-chinh-nut-gat-kw-ss682b-g\/#primaryimage\",\"url\":\"https:\/\/kawasan.vn\/wp-content\/uploads\/2024\/12\/SS682B-G__1_-removebg-preview.png\",\"contentUrl\":\"https:\/\/kawasan.vn\/wp-content\/uploads\/2024\/12\/SS682B-G__1_-removebg-preview.png\",\"width\":577,\"height\":433},{\"@type\":\"BreadcrumbList\",\"@id\":\"https:\/\/kawasan.vn\/san-pham\/dui-den-cam-ung-hong-ngoai-co-dieu-chinh-nut-gat-kw-ss682b-g\/#breadcrumb\",\"itemListElement\":[{\"@type\":\"ListItem\",\"position\":1,\"name\":\"Trang ch\u1ee7\",\"item\":\"https:\/\/kawasan.vn\/\"},{\"@type\":\"ListItem\",\"position\":2,\"name\":\"S\u1ea3n ph\u1ea9m\",\"item\":\"https:\/\/kawasan.vn\/san-pham\/\"},{\"@type\":\"ListItem\",\"position\":3,\"name\":\"\u0110ui \u0110\u00e8n C\u1ea3m \u1ee8ng H\u1ed3ng Ngo\u1ea1i C\u00f3 \u0110i\u1ec1u Ch\u1ec9nh, N\u00fat G\u1ea1t SS682B-G\"}]},{\"@type\":\"WebSite\",\"@id\":\"https:\/\/kawasan.vn\/#website\",\"url\":\"https:\/\/kawasan.vn\/\",\"name\":\"Kawasan\",\"description\":\"\",\"potentialAction\":[{\"@type\":\"SearchAction\",\"target\":{\"@type\":\"EntryPoint\",\"urlTemplate\":\"https:\/\/kawasan.vn\/?s={search_term_string}\"},\"query-input\":{\"@type\":\"PropertyValueSpecification\",\"valueRequired\":true,\"valueName\":\"search_term_string\"}}],\"inLanguage\":\"en-US\"}]}<\/script>\n<!-- \/ Yoast SEO Premium plugin. -->","yoast_head_json":{"title":"\u0110ui \u0110\u00e8n C\u1ea3m \u1ee8ng H\u1ed3ng Ngo\u1ea1i C\u00f3 \u0110i\u1ec1u Ch\u1ec9nh, N\u00fat G\u1ea1t SS682B-G - Kawasan","description":"\u0110ui \u0111\u00e8n c\u1ea3m \u1ee9ng h\u1ed3ng ngo\u1ea1i c\u00f3 \u0111i\u1ec1u ch\u1ec9nh, c\u00f3 n\u00fat g\u1ea1t KW-SS682B. T\u1ef1 \u0111\u1ed9ng ph\u00e1t hi\u1ec7n chuy\u1ec3n \u0111\u1ed9ng trong ph\u1ea1m vi 5-6m v\u1edbi g\u00f3c qu\u00e9t r\u1ed9ng, b\u1eadt \u0111\u00e8n khi c\u1ea7n thi\u1ebft...","robots":{"index":"index","follow":"follow","max-snippet":"max-snippet:-1","max-image-preview":"max-image-preview:large","max-video-preview":"max-video-preview:-1"},"canonical":"https:\/\/kawasan.vn\/en\/product\/dui-den-cam-ung-hong-ngoai-co-dieu-chinh-nut-gat-kw-ss682b-g\/","og_locale":"en_US","og_type":"article","og_title":"\u0110ui \u0110\u00e8n C\u1ea3m \u1ee8ng H\u1ed3ng Ngo\u1ea1i C\u00f3 \u0110i\u1ec1u Ch\u1ec9nh, N\u00fat G\u1ea1t SS682B-G","og_description":"\u0110ui \u0111\u00e8n c\u1ea3m \u1ee9ng h\u1ed3ng ngo\u1ea1i c\u00f3 \u0111i\u1ec1u ch\u1ec9nh, c\u00f3 n\u00fat g\u1ea1t KW-SS682B. T\u1ef1 \u0111\u1ed9ng ph\u00e1t hi\u1ec7n chuy\u1ec3n \u0111\u1ed9ng trong ph\u1ea1m vi 5-6m v\u1edbi g\u00f3c qu\u00e9t r\u1ed9ng, b\u1eadt \u0111\u00e8n khi c\u1ea7n thi\u1ebft...","og_url":"https:\/\/kawasan.vn\/en\/product\/dui-den-cam-ung-hong-ngoai-co-dieu-chinh-nut-gat-kw-ss682b-g\/","og_site_name":"Kawasan","article_modified_time":"2026-04-16T08:10:07+00:00","og_image":[{"width":577,"height":433,"url":"https:\/\/kawasan.vn\/wp-content\/uploads\/2024\/12\/SS682B-G__1_-removebg-preview.png","type":"image\/png"}],"twitter_card":"summary_large_image","twitter_misc":{"Est. reading time":"4 minutes"},"schema":{"@context":"https:\/\/schema.org","@graph":[{"@type":"WebPage","@id":"https:\/\/kawasan.vn\/san-pham\/dui-den-cam-ung-hong-ngoai-co-dieu-chinh-nut-gat-kw-ss682b-g\/","url":"https:\/\/kawasan.vn\/san-pham\/dui-den-cam-ung-hong-ngoai-co-dieu-chinh-nut-gat-kw-ss682b-g\/","name":"\u0110ui \u0110\u00e8n C\u1ea3m \u1ee8ng H\u1ed3ng Ngo\u1ea1i C\u00f3 \u0110i\u1ec1u Ch\u1ec9nh, N\u00fat G\u1ea1t SS682B-G - Kawasan","isPartOf":{"@id":"https:\/\/kawasan.vn\/#website"},"primaryImageOfPage":{"@id":"https:\/\/kawasan.vn\/san-pham\/dui-den-cam-ung-hong-ngoai-co-dieu-chinh-nut-gat-kw-ss682b-g\/#primaryimage"},"image":{"@id":"https:\/\/kawasan.vn\/san-pham\/dui-den-cam-ung-hong-ngoai-co-dieu-chinh-nut-gat-kw-ss682b-g\/#primaryimage"},"thumbnailUrl":"https:\/\/kawasan.vn\/wp-content\/uploads\/2024\/12\/SS682B-G__1_-removebg-preview.png","datePublished":"2024-12-23T06:53:51+00:00","dateModified":"2026-04-16T08:10:07+00:00","description":"\u0110ui \u0111\u00e8n c\u1ea3m \u1ee9ng h\u1ed3ng ngo\u1ea1i c\u00f3 \u0111i\u1ec1u ch\u1ec9nh, c\u00f3 n\u00fat g\u1ea1t KW-SS682B. T\u1ef1 \u0111\u1ed9ng ph\u00e1t hi\u1ec7n chuy\u1ec3n \u0111\u1ed9ng trong ph\u1ea1m vi 5-6m v\u1edbi g\u00f3c qu\u00e9t r\u1ed9ng, b\u1eadt \u0111\u00e8n khi c\u1ea7n thi\u1ebft...","breadcrumb":{"@id":"https:\/\/kawasan.vn\/san-pham\/dui-den-cam-ung-hong-ngoai-co-dieu-chinh-nut-gat-kw-ss682b-g\/#breadcrumb"},"inLanguage":"en-US","potentialAction":[{"@type":"ReadAction","target":["https:\/\/kawasan.vn\/san-pham\/dui-den-cam-ung-hong-ngoai-co-dieu-chinh-nut-gat-kw-ss682b-g\/"]}]},{"@type":"ImageObject","inLanguage":"en-US","@id":"https:\/\/kawasan.vn\/san-pham\/dui-den-cam-ung-hong-ngoai-co-dieu-chinh-nut-gat-kw-ss682b-g\/#primaryimage","url":"https:\/\/kawasan.vn\/wp-content\/uploads\/2024\/12\/SS682B-G__1_-removebg-preview.png","contentUrl":"https:\/\/kawasan.vn\/wp-content\/uploads\/2024\/12\/SS682B-G__1_-removebg-preview.png","width":577,"height":433},{"@type":"BreadcrumbList","@id":"https:\/\/kawasan.vn\/san-pham\/dui-den-cam-ung-hong-ngoai-co-dieu-chinh-nut-gat-kw-ss682b-g\/#breadcrumb","itemListElement":[{"@type":"ListItem","position":1,"name":"Trang ch\u1ee7","item":"https:\/\/kawasan.vn\/"},{"@type":"ListItem","position":2,"name":"S\u1ea3n ph\u1ea9m","item":"https:\/\/kawasan.vn\/san-pham\/"},{"@type":"ListItem","position":3,"name":"\u0110ui \u0110\u00e8n C\u1ea3m \u1ee8ng H\u1ed3ng Ngo\u1ea1i C\u00f3 \u0110i\u1ec1u Ch\u1ec9nh, N\u00fat G\u1ea1t SS682B-G"}]},{"@type":"WebSite","@id":"https:\/\/kawasan.vn\/#website","url":"https:\/\/kawasan.vn\/","name":"Kawasan","description":"","potentialAction":[{"@type":"SearchAction","target":{"@type":"EntryPoint","urlTemplate":"https:\/\/kawasan.vn\/?s={search_term_string}"},"query-input":{"@type":"PropertyValueSpecification","valueRequired":true,"valueName":"search_term_string"}}],"inLanguage":"en-US"}]}},"_links":{"self":[{"href":"https:\/\/kawasan.vn\/en\/wp-json\/wp\/v2\/product\/21509","targetHints":{"allow":["GET"]}}],"collection":[{"href":"https:\/\/kawasan.vn\/en\/wp-json\/wp\/v2\/product"}],"about":[{"href":"https:\/\/kawasan.vn\/en\/wp-json\/wp\/v2\/types\/product"}],"replies":[{"embeddable":true,"href":"https:\/\/kawasan.vn\/en\/wp-json\/wp\/v2\/comments?post=21509"}],"version-history":[{"count":9,"href":"https:\/\/kawasan.vn\/en\/wp-json\/wp\/v2\/product\/21509\/revisions"}],"predecessor-version":[{"id":25900,"href":"https:\/\/kawasan.vn\/en\/wp-json\/wp\/v2\/product\/21509\/revisions\/25900"}],"wp:featuredmedia":[{"embeddable":true,"href":"https:\/\/kawasan.vn\/en\/wp-json\/wp\/v2\/media\/21513"}],"wp:attachment":[{"href":"https:\/\/kawasan.vn\/en\/wp-json\/wp\/v2\/media?parent=21509"}],"wp:term":[{"taxonomy":"product_cat","embeddable":true,"href":"https:\/\/kawasan.vn\/en\/wp-json\/wp\/v2\/product_cat?post=21509"},{"taxonomy":"product_tag","embeddable":true,"href":"https:\/\/kawasan.vn\/en\/wp-json\/wp\/v2\/product_tag?post=21509"}],"curies":[{"name":"wp","href":"https:\/\/api.w.org\/{rel}","templated":true}]}}