{"id":21500,"date":"2024-12-21T13:51:34","date_gmt":"2024-12-21T06:51:34","guid":{"rendered":"https:\/\/kawasan.vn\/?post_type=product&#038;p=21500"},"modified":"2025-12-08T13:36:46","modified_gmt":"2025-12-08T06:36:46","slug":"den-cam-ung-phich-cam-ss82b","status":"publish","type":"product","link":"https:\/\/kawasan.vn\/en\/product\/den-cam-ung-phich-cam-ss82b\/","title":{"rendered":"\u0110\u00e8n C\u1ea3m \u1ee8ng Ph\u00edch C\u1eafm SS82B"},"content":{"rendered":"<div class=\"tabs\">\n<div class=\"tab-content\">\n<p><strong>\u0110\u00c8N C\u1ea2M \u1ee8NG PH\u00cdCH C\u1eaeM H\u1ed2NG NGO\u1ea0I \u01afU CHU\u1ed8NG NH\u1ea4T HI\u1ec6N NAY<\/strong><\/p>\n<p>\u0110\u00e8n c\u1ea3m \u1ee9ng ph\u00edch c\u1eafm SS82B, d\u00f9ng c\u00f4ng ngh\u1ec7 c\u1ea3m bi\u1ebfn h\u1ed3ng ngo\u1ea1i si\u00eau nh\u1ea1y. Ho\u1ea1t \u0111\u1ed9ng tr\u00ean nguy\u00ean l\u00fd, c\u1ea3m bi\u1ebfn chuy\u1ec3n \u0111\u1ed9ng th\u00e2n nhi\u1ec7t t\u01b0\u01a1ng \u0111\u01b0\u01a1ng v\u1edbi nhi\u1ec7t \u0111\u1ed9 ng\u01b0\u1eddi t\u1eeb 36-37 \u0111\u1ed9 C. Khi c\u00f3 ng\u01b0\u1eddi \u0111i qua v\u00f9ng c\u1ea3m \u1ee9ng, \u0111\u00e8n s\u1ebd t\u1ef1 b\u1eadt v\u00e0 t\u1eaft sau 60s.<\/p>\n<p>Ch\u1ea5t l\u01b0\u1ee3ng \u00e1nh s\u00e1ng chu\u1ea9n, kh\u00f4ng g\u00e2y ch\u00f3i v\u00e0 an to\u00e0n cho m\u1eaft ng\u01b0\u1eddi d\u00f9ng. \u0110\u00e8n Led c\u1ea3m \u1ee9ng h\u1ed3ng ngo\u1ea1i c\u00f4ng su\u1ea5t 3W, \u0111\u1ed9 b\u1ec1n &gt; 5 n\u0103m.<\/p>\n<p><img loading=\"lazy\" decoding=\"async\" class=\"size-full wp-image-21504 aligncenter\" src=\"https:\/\/kawasan.vn\/wp-content\/uploads\/2024\/12\/den-cam-ung-phich-cam-ss82b-5.jpg\" alt=\"\" width=\"1000\" height=\"1183\" srcset=\"https:\/\/kawasan.vn\/wp-content\/uploads\/2024\/12\/den-cam-ung-phich-cam-ss82b-5.jpg 1000w, https:\/\/kawasan.vn\/wp-content\/uploads\/2024\/12\/den-cam-ung-phich-cam-ss82b-5-866x1024.jpg 866w, https:\/\/kawasan.vn\/wp-content\/uploads\/2024\/12\/den-cam-ung-phich-cam-ss82b-5-768x909.jpg 768w, https:\/\/kawasan.vn\/wp-content\/uploads\/2024\/12\/den-cam-ung-phich-cam-ss82b-5-640x757.jpg 640w, https:\/\/kawasan.vn\/wp-content\/uploads\/2024\/12\/den-cam-ung-phich-cam-ss82b-5-400x473.jpg 400w\" sizes=\"auto, (max-width: 1000px) 100vw, 1000px\" \/> <img loading=\"lazy\" decoding=\"async\" class=\"size-full wp-image-21503 aligncenter\" src=\"https:\/\/kawasan.vn\/wp-content\/uploads\/2024\/12\/den-cam-ung-phich-cam-ss82b-4.jpg\" alt=\"\" width=\"1000\" height=\"1162\" srcset=\"https:\/\/kawasan.vn\/wp-content\/uploads\/2024\/12\/den-cam-ung-phich-cam-ss82b-4.jpg 1000w, https:\/\/kawasan.vn\/wp-content\/uploads\/2024\/12\/den-cam-ung-phich-cam-ss82b-4-881x1024.jpg 881w, https:\/\/kawasan.vn\/wp-content\/uploads\/2024\/12\/den-cam-ung-phich-cam-ss82b-4-768x892.jpg 768w, https:\/\/kawasan.vn\/wp-content\/uploads\/2024\/12\/den-cam-ung-phich-cam-ss82b-4-640x744.jpg 640w, https:\/\/kawasan.vn\/wp-content\/uploads\/2024\/12\/den-cam-ung-phich-cam-ss82b-4-400x465.jpg 400w\" sizes=\"auto, (max-width: 1000px) 100vw, 1000px\" \/><\/p>\n<p>&nbsp;<\/p>\n<h2><span class=\"ez-toc-section\" id=\"LOI_ICH_KHI_DUNG_DEN_CAM_UNG_HONG_NGOAI_SS82B\"><\/span><strong>L\u1ee2I \u00cdCH KHI D\u00d9NG \u0110\u00c8N C\u1ea2M \u1ee8NG H\u1ed2NG NGO\u1ea0I SS82B<\/strong><span class=\"ez-toc-section-end\"><\/span><\/h2><div id=\"ez-toc-container\" class=\"ez-toc-v2_0_69_1 counter-hierarchy ez-toc-counter ez-toc-grey ez-toc-container-direction\">\n<div class=\"ez-toc-title-container\">\n<p class=\"ez-toc-title\" >N\u1ed9i Dung B&agrave;i Vi\u1ebft<\/p>\n<span class=\"ez-toc-title-toggle\"><a href=\"#\" class=\"ez-toc-pull-right ez-toc-btn ez-toc-btn-xs ez-toc-btn-default ez-toc-toggle\" aria-label=\"Toggle Table of Content\"><span class=\"ez-toc-js-icon-con\"><span class=\"\"><span class=\"eztoc-hide\" style=\"display:none;\">Toggle<\/span><span class=\"ez-toc-icon-toggle-span\"><svg style=\"fill: #999;color:#999\" xmlns=\"http:\/\/www.w3.org\/2000\/svg\" class=\"list-377408\" width=\"20px\" height=\"20px\" viewbox=\"0 0 24 24\" fill=\"none\"><path d=\"M6 6H4v2h2V6zm14 0H8v2h12V6zM4 11h2v2H4v-2zm16 0H8v2h12v-2zM4 16h2v2H4v-2zm16 0H8v2h12v-2z\" fill=\"currentColor\"><\/path><\/svg><svg style=\"fill: #999;color:#999\" class=\"arrow-unsorted-368013\" xmlns=\"http:\/\/www.w3.org\/2000\/svg\" width=\"10px\" height=\"10px\" viewbox=\"0 0 24 24\" version=\"1.2\" baseprofile=\"tiny\"><path d=\"M18.2 9.3l-6.2-6.3-6.2 6.3c-.2.2-.3.4-.3.7s.1.5.3.7c.2.2.4.3.7.3h11c.3 0 .5-.1.7-.3.2-.2.3-.5.3-.7s-.1-.5-.3-.7zM5.8 14.7l6.2 6.3 6.2-6.3c.2-.2.3-.5.3-.7s-.1-.5-.3-.7c-.2-.2-.4-.3-.7-.3h-11c-.3 0-.5.1-.7.3-.2.2-.3.5-.3.7s.1.5.3.7z\"\/><\/svg><\/span><\/span><\/span><\/a><\/span><\/div>\n<nav><ul class='ez-toc-list ez-toc-list-level-1 eztoc-toggle-hide-by-default' ><li class='ez-toc-page-1 ez-toc-heading-level-2'><a class=\"ez-toc-link ez-toc-heading-1\" href=\"https:\/\/kawasan.vn\/en\/product\/den-cam-ung-phich-cam-ss82b\/#LOI_ICH_KHI_DUNG_DEN_CAM_UNG_HONG_NGOAI_SS82B\" title=\"L\u1ee2I \u00cdCH KHI D\u00d9NG \u0110\u00c8N C\u1ea2M \u1ee8NG H\u1ed2NG NGO\u1ea0I SS82B\">L\u1ee2I \u00cdCH KHI D\u00d9NG \u0110\u00c8N C\u1ea2M \u1ee8NG H\u1ed2NG NGO\u1ea0I SS82B<\/a><\/li><li class='ez-toc-page-1 ez-toc-heading-level-2'><a class=\"ez-toc-link ez-toc-heading-2\" href=\"https:\/\/kawasan.vn\/en\/product\/den-cam-ung-phich-cam-ss82b\/#DEN_CAM_UNG_PHICH_CAM_HONG_NGOAI_THUONG_DUOC_DUNG_O_DAU\" title=\"\u0110\u00c8N C\u1ea2M \u1ee8NG PH\u00cdCH C\u1eaeM H\u1ed2NG NGO\u1ea0I TH\u01af\u1edcNG \u0110\u01af\u1ee2C D\u00d9NG \u1ede \u0110\u00c2U?\">\u0110\u00c8N C\u1ea2M \u1ee8NG PH\u00cdCH C\u1eaeM H\u1ed2NG NGO\u1ea0I TH\u01af\u1edcNG \u0110\u01af\u1ee2C D\u00d9NG \u1ede \u0110\u00c2U?<\/a><\/li><li class='ez-toc-page-1 ez-toc-heading-level-2'><a class=\"ez-toc-link ez-toc-heading-3\" href=\"https:\/\/kawasan.vn\/en\/product\/den-cam-ung-phich-cam-ss82b\/#SU_KHAC_BIET_DEN_CAM_BIEN_HONG_NGOAI_SS82B_VOI_CAC_SAN_PHAM_KHAC_TREN_THI_TRUONG\" title=\"S\u1ef0 KH\u00c1C BI\u1ec6T \u0110\u00c8N C\u1ea2M BI\u1ebeN H\u1ed2NG NGO\u1ea0I SS82B V\u1edaI C\u00c1C S\u1ea2N PH\u1ea8M KH\u00c1C TR\u00caN TH\u1eca TR\u01af\u1edcNG\">S\u1ef0 KH\u00c1C BI\u1ec6T \u0110\u00c8N C\u1ea2M BI\u1ebeN H\u1ed2NG NGO\u1ea0I SS82B V\u1edaI C\u00c1C S\u1ea2N PH\u1ea8M KH\u00c1C TR\u00caN TH\u1eca TR\u01af\u1edcNG<\/a><\/li><\/ul><\/nav><\/div>\n\n<ul>\n<li>An to\u00e0n\u00a0s\u1ee9c kh\u1ecfe ng\u01b0\u1eddi d\u00f9ng. Kh\u00f4ng c\u1ea7n d\u00f9ng tay b\u1eadt c\u00f4ng t\u1eafc \u0111\u00e8n. Tr\u00e1nh \u0111\u01b0\u1ee3c nguy c\u01a1 r\u00f2 r\u1ec9 \u0111i\u1ec7n, ti\u1ebfp x\u00fac v\u1edbi vi tr\u00f9ng l\u00e2y nhi\u1ec5m b\u1ec7nh do nhi\u1ec1u ng\u01b0\u1eddi ti\u1ebfp x\u00fac c\u00f4ng t\u1eafc \u0111i\u1ec7n.<\/li>\n<li>Ti\u1ebft ki\u1ec7m th\u1eddi gian v\u00e0 tr\u00e1nh g\u00e2y phi\u1ec1n cho ng\u01b0\u1eddi th\u00e2n, nh\u1edd b\u1eadt \u0111\u00e8n h\u1ed9 v\u00e0o ban \u0111\u00eam. \u0110\u1eb7c bi\u1ec7t gia \u0111\u00ecnh c\u00f3 tr\u1ebb con v\u00e0 ng\u01b0\u1eddi l\u1edbn tu\u1ed5i.<\/li>\n<li>Gi\u00fap cho sinh ho\u1ea1t trong gia \u0111\u00ecnh tr\u1edf n\u00ean d\u1ec5 d\u00e0ng v\u00e0 vui v\u1ebb h\u01a1n, kh\u00f4ng ph\u1ea3i b\u1eadn t\u00e2m v\u1ec1 v\u1ea5n \u0111\u1ec1 qu\u00ean t\u1eaft \/ m\u1edf \u0111\u00e8n ho\u1eb7c ph\u1ea3i phi\u1ec1n l\u00f2ng nh\u1eafc nh\u1edf nhau\u2026<\/li>\n<\/ul>\n<h2><span class=\"ez-toc-section\" id=\"DEN_CAM_UNG_PHICH_CAM_HONG_NGOAI_THUONG_DUOC_DUNG_O_DAU\"><\/span><strong>\u0110\u00c8N C\u1ea2M \u1ee8NG PH\u00cdCH C\u1eaeM H\u1ed2NG NGO\u1ea0I TH\u01af\u1edcNG \u0110\u01af\u1ee2C D\u00d9NG \u1ede \u0110\u00c2U?<\/strong><span class=\"ez-toc-section-end\"><\/span><\/h2>\n<p>\u0110\u00e8n c\u1ea3m \u1ee9ng ph\u00edch c\u1eafm SS82B th\u01b0\u1eddng \u0111\u01b0\u1ee3c g\u1eafn \u1edf: l\u1ed1i \u0111i h\u00e0ng lang, nh\u00e0 v\u1ec7 sinh, ph\u00f2ng b\u1ebfp\u2026<\/p>\n<p><img loading=\"lazy\" decoding=\"async\" class=\"size-full wp-image-21501 aligncenter\" src=\"https:\/\/kawasan.vn\/wp-content\/uploads\/2024\/12\/den-cam-ung-phich-cam-ss82b-2.jpg\" alt=\"\" width=\"800\" height=\"574\" srcset=\"https:\/\/kawasan.vn\/wp-content\/uploads\/2024\/12\/den-cam-ung-phich-cam-ss82b-2.jpg 800w, https:\/\/kawasan.vn\/wp-content\/uploads\/2024\/12\/den-cam-ung-phich-cam-ss82b-2-768x551.jpg 768w, https:\/\/kawasan.vn\/wp-content\/uploads\/2024\/12\/den-cam-ung-phich-cam-ss82b-2-640x459.jpg 640w, https:\/\/kawasan.vn\/wp-content\/uploads\/2024\/12\/den-cam-ung-phich-cam-ss82b-2-400x287.jpg 400w\" sizes=\"auto, (max-width: 800px) 100vw, 800px\" \/><img loading=\"lazy\" decoding=\"async\" class=\"size-full wp-image-21506 aligncenter\" src=\"https:\/\/kawasan.vn\/wp-content\/uploads\/2024\/12\/den-cam-ung-phich-cam-ss82b-9.jpg\" alt=\"\" width=\"678\" height=\"634\" srcset=\"https:\/\/kawasan.vn\/wp-content\/uploads\/2024\/12\/den-cam-ung-phich-cam-ss82b-9.jpg 678w, https:\/\/kawasan.vn\/wp-content\/uploads\/2024\/12\/den-cam-ung-phich-cam-ss82b-9-640x598.jpg 640w, https:\/\/kawasan.vn\/wp-content\/uploads\/2024\/12\/den-cam-ung-phich-cam-ss82b-9-400x374.jpg 400w\" sizes=\"auto, (max-width: 678px) 100vw, 678px\" \/><\/p>\n<p>&nbsp;<\/p>\n<h2><span class=\"ez-toc-section\" id=\"SU_KHAC_BIET_DEN_CAM_BIEN_HONG_NGOAI_SS82B_VOI_CAC_SAN_PHAM_KHAC_TREN_THI_TRUONG\"><\/span><strong>S\u1ef0 KH\u00c1C BI\u1ec6T \u0110\u00c8N C\u1ea2M BI\u1ebeN H\u1ed2NG NGO\u1ea0I SS82B V\u1edaI C\u00c1C S\u1ea2N PH\u1ea8M KH\u00c1C TR\u00caN TH\u1eca TR\u01af\u1edcNG<\/strong><span class=\"ez-toc-section-end\"><\/span><\/h2>\n<ul>\n<li>\u0110\u00e8n c\u1ea3m \u1ee9ng ph\u00edch c\u1eafm SS82B c\u1ee7a <strong><a href=\"https:\/\/kawasan.com.vn\/\" target=\"_blank\" rel=\"noopener\">Kawasan<\/a><\/strong>\u00a0\u0111\u01b0\u1ee3c nghi\u00ean c\u1ee9u v\u00e0 ph\u00e1t tri\u1ec3n t\u1eeb 2010. Ch\u1ee9ng nh\u1eadn xu\u1ea5t x\u1ee9 r\u00f5 r\u00e0ng, \u0111\u00e1p \u1ee9ng nhu c\u1ea7u v\u00e0 \u0111i\u1ec1u ki\u1ec7n kh\u00ed h\u1eadu t\u1ea1i Vi\u1ec7t Nam. \u0110\u00e8n c\u1ea3m \u1ee9ng v\u1edbi \u0111\u1ed9 nh\u1ea1y cao, ch\u00ednh x\u00e1c, kh\u00f4ng ch\u1eadp ch\u1eddn.<\/li>\n<li>C\u00e1c \u0111\u00e8n ph\u00edch c\u1eafm c\u1ea3m bi\u1ebfn t\u01b0\u01a1ng t\u1ef1 tr\u00ean th\u1ecb tr\u01b0\u1eddng c\u00f3 gi\u00e1 th\u00e0nh r\u1ebb h\u01a1n. Tuy nhi\u00ean ch\u1ea5t l\u01b0\u1ee3ng th\u01b0\u1eddng kh\u00f4ng \u0111\u1ee7 c\u00f4ng su\u1ea5t, \u0111\u1ed9 nh\u1ea1y k\u00e9m, c\u00f3 khi qu\u00e1 nh\u1ea1y l\u00e0m \u0111\u00e8n b\u1eadt li\u00ean t\u1ee5c kh\u00f4ng t\u1eaft, c\u00f3 khi k\u00e9m nh\u1ea1y kh\u00f4ng b\u1eadt khi c\u00f3 ng\u01b0\u1eddi v\u00e0o.<\/li>\n<li>\u0110\u1ed9 b\u1ec1n \u0111\u00e8n c\u1ea3m bi\u1ebfn c\u1ee7a Kawasan th\u01b0\u1eddng &gt;5 n\u0103m, b\u1ea3o h\u00e0nh 2 n\u0103m. Nh\u00e2n vi\u00ean t\u01b0 v\u1ea5n v\u00e0 h\u1ed7 tr\u1ee3 k\u1ef9 thu\u1eadt nhanh ch\u00f3ng.<\/li>\n<\/ul>\n<\/div>\n<\/div>\n<div class=\"tabs\">\n<div class=\"tab-content\">\n<p style=\"text-align: center;\"><span style=\"font-size: 14px;\"><strong>Thank you for trusting Kawasan products!<\/strong><\/span><\/p>\n<p style=\"text-align: center;\"><span style=\"font-size: 14px;\"><strong>Toll-Free Consulting Hotline: <span style=\"color: #ff0000;\">1800 0058 &#8211; <\/span><span style=\"color: #ff0000;\">0825.411.408<\/span><\/strong><\/span><\/p>\n<p align=\"center\"><span style=\"font-family: times new roman,times,serif;\"><span style=\"font-size: 16px;\"><span style=\"color: #000000;\"><strong><span style=\"vertical-align: inherit;\">Trang web:\u00a0 <\/span><\/strong><\/span><a href=\"https:\/\/kawasan.vn\/en\/\"><span style=\"color: #0000cd;\"><strong><span style=\"vertical-align: inherit;\">www.kawasan.vn<\/span><\/strong><\/span><\/a><\/span><\/span><\/p>\n<p align=\"center\"><span style=\"font-family: times new roman,times,serif;\"><span style=\"font-size: 16px;\"><span style=\"color: #000000;\"><strong><span style=\"vertical-align: inherit;\">Trang web:\u00a0 <\/span><\/strong><\/span><a href=\"https:\/\/kawaled.com.vn\/\"><span style=\"color: #0000cd;\"><strong><span style=\"vertical-align: inherit;\">www.kawaled.com.vn<\/span><\/strong><\/span><\/a><\/span><\/span><\/p>\n<\/div>\n<\/div>","protected":false},"excerpt":{"rendered":"<p>\u0110\u00c8N C\u1ea2M \u1ee8NG PH\u00cdCH C\u1eaeM H\u1ed2NG NGO\u1ea0I \u01afU CHU\u1ed8NG NH\u1ea4T HI\u1ec6N NAY \u0110\u00e8n c\u1ea3m \u1ee9ng ph\u00edch c\u1eafm SS82B, d\u00f9ng c\u00f4ng ngh\u1ec7 c\u1ea3m bi\u1ebfn h\u1ed3ng ngo\u1ea1i si\u00eau nh\u1ea1y. Ho\u1ea1t \u0111\u1ed9ng tr\u00ean nguy\u00ean l\u00fd, c\u1ea3m bi\u1ebfn chuy\u1ec3n \u0111\u1ed9ng th\u00e2n nhi\u1ec7t t\u01b0\u01a1ng \u0111\u01b0\u01a1ng v\u1edbi nhi\u1ec7t \u0111\u1ed9 ng\u01b0\u1eddi t\u1eeb 36-37 \u0111\u1ed9 C. Khi c\u00f3 ng\u01b0\u1eddi \u0111i qua v\u00f9ng c\u1ea3m [&hellip;]<\/p>","protected":false},"featured_media":21504,"comment_status":"open","ping_status":"closed","template":"","meta":{"_yoast_wpseo_focuskw":"\u0110\u00e8n C\u1ea3m \u1ee8ng Ph\u00edch C\u1eafm SS82B","_yoast_wpseo_metadesc":"\u0110\u00e8n c\u1ea3m \u1ee9ng ph\u00edch c\u1eafm SS82B. D\u00f9ng c\u00f4ng ngh\u1ec7 c\u1ea3m bi\u1ebfn h\u1ed3ng ngo\u1ea1i si\u00eau nh\u1ea1y. Ho\u1ea1t \u0111\u1ed9ng tr\u00ean nguy\u00ean l\u00fd, c\u1ea3m bi\u1ebfn chuy\u1ec3n \u0111\u1ed9ng th\u00e2n nhi\u1ec7t, t\u1ef1 b\u1eadt v\u00e0 t\u1eaft sau 60s.","_yoast_wpseo_focuskeywords":"","_yoast_wpseo_keyword_synonyms":""},"product_cat":[15],"product_tag":[1173,1170,1778,583,556,584,1819,1818,1823,621],"class_list":["post-21500","product","type-product","status-publish","has-post-thumbnail","hentry","product_cat-cong-tac-cam-ung-chuyen-dong","product_tag-bong-den-cam-bien","product_tag-bong-den-cam-bien-nguoi","product_tag-bong-den-cam-ung","product_tag-den-cam-bien-cau-thang","product_tag-den-cam-ung","product_tag-den-cam-ung-cau-thang","product_tag-den-cam-ung-chuyen-dong","product_tag-den-led-cam-ung","product_tag-kawaled","product_tag-kawasan"],"acf":[],"yoast_head":"<!-- This site is optimized with the Yoast SEO Premium plugin v24.9 (Yoast SEO v24.9) - https:\/\/yoast.com\/wordpress\/plugins\/seo\/ -->\n<title>\u0110\u00e8n C\u1ea3m \u1ee8ng Ph\u00edch C\u1eafm SS82B - Kawasan<\/title>\n<meta name=\"description\" content=\"\u0110\u00e8n c\u1ea3m \u1ee9ng ph\u00edch c\u1eafm SS82B. D\u00f9ng c\u00f4ng ngh\u1ec7 c\u1ea3m bi\u1ebfn h\u1ed3ng ngo\u1ea1i si\u00eau nh\u1ea1y. Ho\u1ea1t \u0111\u1ed9ng tr\u00ean nguy\u00ean l\u00fd, c\u1ea3m bi\u1ebfn chuy\u1ec3n \u0111\u1ed9ng th\u00e2n nhi\u1ec7t, t\u1ef1 b\u1eadt v\u00e0 t\u1eaft sau 60s.\" \/>\n<meta name=\"robots\" content=\"index, follow, max-snippet:-1, max-image-preview:large, max-video-preview:-1\" \/>\n<link rel=\"canonical\" href=\"https:\/\/kawasan.vn\/en\/product\/den-cam-ung-phich-cam-ss82b\/\" \/>\n<meta property=\"og:locale\" content=\"en_US\" \/>\n<meta property=\"og:type\" content=\"article\" \/>\n<meta property=\"og:title\" content=\"\u0110\u00e8n C\u1ea3m \u1ee8ng Ph\u00edch C\u1eafm SS82B\" \/>\n<meta property=\"og:description\" content=\"\u0110\u00e8n c\u1ea3m \u1ee9ng ph\u00edch c\u1eafm SS82B. D\u00f9ng c\u00f4ng ngh\u1ec7 c\u1ea3m bi\u1ebfn h\u1ed3ng ngo\u1ea1i si\u00eau nh\u1ea1y. Ho\u1ea1t \u0111\u1ed9ng tr\u00ean nguy\u00ean l\u00fd, c\u1ea3m bi\u1ebfn chuy\u1ec3n \u0111\u1ed9ng th\u00e2n nhi\u1ec7t, t\u1ef1 b\u1eadt v\u00e0 t\u1eaft sau 60s.\" \/>\n<meta property=\"og:url\" content=\"https:\/\/kawasan.vn\/en\/product\/den-cam-ung-phich-cam-ss82b\/\" \/>\n<meta property=\"og:site_name\" content=\"Kawasan\" \/>\n<meta property=\"article:modified_time\" content=\"2025-12-08T06:36:46+00:00\" \/>\n<meta property=\"og:image\" content=\"https:\/\/kawasan.vn\/wp-content\/uploads\/2024\/12\/den-cam-ung-phich-cam-ss82b-5.jpg\" \/>\n\t<meta property=\"og:image:width\" content=\"1000\" \/>\n\t<meta property=\"og:image:height\" content=\"1183\" \/>\n\t<meta property=\"og:image:type\" content=\"image\/jpeg\" \/>\n<meta name=\"twitter:card\" content=\"summary_large_image\" \/>\n<meta name=\"twitter:label1\" content=\"Est. reading time\" \/>\n\t<meta name=\"twitter:data1\" content=\"3 minutes\" \/>\n<script type=\"application\/ld+json\" class=\"yoast-schema-graph\">{\"@context\":\"https:\/\/schema.org\",\"@graph\":[{\"@type\":\"WebPage\",\"@id\":\"https:\/\/kawasan.vn\/san-pham\/den-cam-ung-phich-cam-ss82b\/\",\"url\":\"https:\/\/kawasan.vn\/san-pham\/den-cam-ung-phich-cam-ss82b\/\",\"name\":\"\u0110\u00e8n C\u1ea3m \u1ee8ng Ph\u00edch C\u1eafm SS82B - Kawasan\",\"isPartOf\":{\"@id\":\"https:\/\/kawasan.vn\/#website\"},\"primaryImageOfPage\":{\"@id\":\"https:\/\/kawasan.vn\/san-pham\/den-cam-ung-phich-cam-ss82b\/#primaryimage\"},\"image\":{\"@id\":\"https:\/\/kawasan.vn\/san-pham\/den-cam-ung-phich-cam-ss82b\/#primaryimage\"},\"thumbnailUrl\":\"https:\/\/kawasan.vn\/wp-content\/uploads\/2024\/12\/den-cam-ung-phich-cam-ss82b-5.jpg\",\"datePublished\":\"2024-12-21T06:51:34+00:00\",\"dateModified\":\"2025-12-08T06:36:46+00:00\",\"description\":\"\u0110\u00e8n c\u1ea3m \u1ee9ng ph\u00edch c\u1eafm SS82B. D\u00f9ng c\u00f4ng ngh\u1ec7 c\u1ea3m bi\u1ebfn h\u1ed3ng ngo\u1ea1i si\u00eau nh\u1ea1y. Ho\u1ea1t \u0111\u1ed9ng tr\u00ean nguy\u00ean l\u00fd, c\u1ea3m bi\u1ebfn chuy\u1ec3n \u0111\u1ed9ng th\u00e2n nhi\u1ec7t, t\u1ef1 b\u1eadt v\u00e0 t\u1eaft sau 60s.\",\"breadcrumb\":{\"@id\":\"https:\/\/kawasan.vn\/san-pham\/den-cam-ung-phich-cam-ss82b\/#breadcrumb\"},\"inLanguage\":\"en-US\",\"potentialAction\":[{\"@type\":\"ReadAction\",\"target\":[\"https:\/\/kawasan.vn\/san-pham\/den-cam-ung-phich-cam-ss82b\/\"]}]},{\"@type\":\"ImageObject\",\"inLanguage\":\"en-US\",\"@id\":\"https:\/\/kawasan.vn\/san-pham\/den-cam-ung-phich-cam-ss82b\/#primaryimage\",\"url\":\"https:\/\/kawasan.vn\/wp-content\/uploads\/2024\/12\/den-cam-ung-phich-cam-ss82b-5.jpg\",\"contentUrl\":\"https:\/\/kawasan.vn\/wp-content\/uploads\/2024\/12\/den-cam-ung-phich-cam-ss82b-5.jpg\",\"width\":1000,\"height\":1183},{\"@type\":\"BreadcrumbList\",\"@id\":\"https:\/\/kawasan.vn\/san-pham\/den-cam-ung-phich-cam-ss82b\/#breadcrumb\",\"itemListElement\":[{\"@type\":\"ListItem\",\"position\":1,\"name\":\"Trang ch\u1ee7\",\"item\":\"https:\/\/kawasan.vn\/\"},{\"@type\":\"ListItem\",\"position\":2,\"name\":\"S\u1ea3n ph\u1ea9m\",\"item\":\"https:\/\/kawasan.vn\/san-pham\/\"},{\"@type\":\"ListItem\",\"position\":3,\"name\":\"\u0110\u00e8n C\u1ea3m \u1ee8ng Ph\u00edch C\u1eafm SS82B\"}]},{\"@type\":\"WebSite\",\"@id\":\"https:\/\/kawasan.vn\/#website\",\"url\":\"https:\/\/kawasan.vn\/\",\"name\":\"Kawasan\",\"description\":\"\",\"potentialAction\":[{\"@type\":\"SearchAction\",\"target\":{\"@type\":\"EntryPoint\",\"urlTemplate\":\"https:\/\/kawasan.vn\/?s={search_term_string}\"},\"query-input\":{\"@type\":\"PropertyValueSpecification\",\"valueRequired\":true,\"valueName\":\"search_term_string\"}}],\"inLanguage\":\"en-US\"}]}<\/script>\n<!-- \/ Yoast SEO Premium plugin. -->","yoast_head_json":{"title":"\u0110\u00e8n C\u1ea3m \u1ee8ng Ph\u00edch C\u1eafm SS82B - Kawasan","description":"\u0110\u00e8n c\u1ea3m \u1ee9ng ph\u00edch c\u1eafm SS82B. D\u00f9ng c\u00f4ng ngh\u1ec7 c\u1ea3m bi\u1ebfn h\u1ed3ng ngo\u1ea1i si\u00eau nh\u1ea1y. Ho\u1ea1t \u0111\u1ed9ng tr\u00ean nguy\u00ean l\u00fd, c\u1ea3m bi\u1ebfn chuy\u1ec3n \u0111\u1ed9ng th\u00e2n nhi\u1ec7t, t\u1ef1 b\u1eadt v\u00e0 t\u1eaft sau 60s.","robots":{"index":"index","follow":"follow","max-snippet":"max-snippet:-1","max-image-preview":"max-image-preview:large","max-video-preview":"max-video-preview:-1"},"canonical":"https:\/\/kawasan.vn\/en\/product\/den-cam-ung-phich-cam-ss82b\/","og_locale":"en_US","og_type":"article","og_title":"\u0110\u00e8n C\u1ea3m \u1ee8ng Ph\u00edch C\u1eafm SS82B","og_description":"\u0110\u00e8n c\u1ea3m \u1ee9ng ph\u00edch c\u1eafm SS82B. D\u00f9ng c\u00f4ng ngh\u1ec7 c\u1ea3m bi\u1ebfn h\u1ed3ng ngo\u1ea1i si\u00eau nh\u1ea1y. Ho\u1ea1t \u0111\u1ed9ng tr\u00ean nguy\u00ean l\u00fd, c\u1ea3m bi\u1ebfn chuy\u1ec3n \u0111\u1ed9ng th\u00e2n nhi\u1ec7t, t\u1ef1 b\u1eadt v\u00e0 t\u1eaft sau 60s.","og_url":"https:\/\/kawasan.vn\/en\/product\/den-cam-ung-phich-cam-ss82b\/","og_site_name":"Kawasan","article_modified_time":"2025-12-08T06:36:46+00:00","og_image":[{"width":1000,"height":1183,"url":"https:\/\/kawasan.vn\/wp-content\/uploads\/2024\/12\/den-cam-ung-phich-cam-ss82b-5.jpg","type":"image\/jpeg"}],"twitter_card":"summary_large_image","twitter_misc":{"Est. reading time":"3 minutes"},"schema":{"@context":"https:\/\/schema.org","@graph":[{"@type":"WebPage","@id":"https:\/\/kawasan.vn\/san-pham\/den-cam-ung-phich-cam-ss82b\/","url":"https:\/\/kawasan.vn\/san-pham\/den-cam-ung-phich-cam-ss82b\/","name":"\u0110\u00e8n C\u1ea3m \u1ee8ng Ph\u00edch C\u1eafm SS82B - Kawasan","isPartOf":{"@id":"https:\/\/kawasan.vn\/#website"},"primaryImageOfPage":{"@id":"https:\/\/kawasan.vn\/san-pham\/den-cam-ung-phich-cam-ss82b\/#primaryimage"},"image":{"@id":"https:\/\/kawasan.vn\/san-pham\/den-cam-ung-phich-cam-ss82b\/#primaryimage"},"thumbnailUrl":"https:\/\/kawasan.vn\/wp-content\/uploads\/2024\/12\/den-cam-ung-phich-cam-ss82b-5.jpg","datePublished":"2024-12-21T06:51:34+00:00","dateModified":"2025-12-08T06:36:46+00:00","description":"\u0110\u00e8n c\u1ea3m \u1ee9ng ph\u00edch c\u1eafm SS82B. D\u00f9ng c\u00f4ng ngh\u1ec7 c\u1ea3m bi\u1ebfn h\u1ed3ng ngo\u1ea1i si\u00eau nh\u1ea1y. Ho\u1ea1t \u0111\u1ed9ng tr\u00ean nguy\u00ean l\u00fd, c\u1ea3m bi\u1ebfn chuy\u1ec3n \u0111\u1ed9ng th\u00e2n nhi\u1ec7t, t\u1ef1 b\u1eadt v\u00e0 t\u1eaft sau 60s.","breadcrumb":{"@id":"https:\/\/kawasan.vn\/san-pham\/den-cam-ung-phich-cam-ss82b\/#breadcrumb"},"inLanguage":"en-US","potentialAction":[{"@type":"ReadAction","target":["https:\/\/kawasan.vn\/san-pham\/den-cam-ung-phich-cam-ss82b\/"]}]},{"@type":"ImageObject","inLanguage":"en-US","@id":"https:\/\/kawasan.vn\/san-pham\/den-cam-ung-phich-cam-ss82b\/#primaryimage","url":"https:\/\/kawasan.vn\/wp-content\/uploads\/2024\/12\/den-cam-ung-phich-cam-ss82b-5.jpg","contentUrl":"https:\/\/kawasan.vn\/wp-content\/uploads\/2024\/12\/den-cam-ung-phich-cam-ss82b-5.jpg","width":1000,"height":1183},{"@type":"BreadcrumbList","@id":"https:\/\/kawasan.vn\/san-pham\/den-cam-ung-phich-cam-ss82b\/#breadcrumb","itemListElement":[{"@type":"ListItem","position":1,"name":"Trang ch\u1ee7","item":"https:\/\/kawasan.vn\/"},{"@type":"ListItem","position":2,"name":"S\u1ea3n ph\u1ea9m","item":"https:\/\/kawasan.vn\/san-pham\/"},{"@type":"ListItem","position":3,"name":"\u0110\u00e8n C\u1ea3m \u1ee8ng Ph\u00edch C\u1eafm SS82B"}]},{"@type":"WebSite","@id":"https:\/\/kawasan.vn\/#website","url":"https:\/\/kawasan.vn\/","name":"Kawasan","description":"","potentialAction":[{"@type":"SearchAction","target":{"@type":"EntryPoint","urlTemplate":"https:\/\/kawasan.vn\/?s={search_term_string}"},"query-input":{"@type":"PropertyValueSpecification","valueRequired":true,"valueName":"search_term_string"}}],"inLanguage":"en-US"}]}},"_links":{"self":[{"href":"https:\/\/kawasan.vn\/en\/wp-json\/wp\/v2\/product\/21500","targetHints":{"allow":["GET"]}}],"collection":[{"href":"https:\/\/kawasan.vn\/en\/wp-json\/wp\/v2\/product"}],"about":[{"href":"https:\/\/kawasan.vn\/en\/wp-json\/wp\/v2\/types\/product"}],"replies":[{"embeddable":true,"href":"https:\/\/kawasan.vn\/en\/wp-json\/wp\/v2\/comments?post=21500"}],"version-history":[{"count":4,"href":"https:\/\/kawasan.vn\/en\/wp-json\/wp\/v2\/product\/21500\/revisions"}],"predecessor-version":[{"id":21561,"href":"https:\/\/kawasan.vn\/en\/wp-json\/wp\/v2\/product\/21500\/revisions\/21561"}],"wp:featuredmedia":[{"embeddable":true,"href":"https:\/\/kawasan.vn\/en\/wp-json\/wp\/v2\/media\/21504"}],"wp:attachment":[{"href":"https:\/\/kawasan.vn\/en\/wp-json\/wp\/v2\/media?parent=21500"}],"wp:term":[{"taxonomy":"product_cat","embeddable":true,"href":"https:\/\/kawasan.vn\/en\/wp-json\/wp\/v2\/product_cat?post=21500"},{"taxonomy":"product_tag","embeddable":true,"href":"https:\/\/kawasan.vn\/en\/wp-json\/wp\/v2\/product_tag?post=21500"}],"curies":[{"name":"wp","href":"https:\/\/api.w.org\/{rel}","templated":true}]}}