{"id":21015,"date":"2024-11-18T16:56:46","date_gmt":"2024-11-18T09:56:46","guid":{"rendered":"https:\/\/kawasan.vn\/?post_type=product&#038;p=21015"},"modified":"2025-12-26T11:23:01","modified_gmt":"2025-12-26T04:23:01","slug":"bao-trom-qua-dien-thoai-kw-262-simline","status":"publish","type":"product","link":"https:\/\/kawasan.vn\/en\/product\/bao-trom-qua-dien-thoai-kw-262-simline\/","title":{"rendered":"B\u00e1o Tr\u1ed9m Qua \u0110i\u1ec7n Tho\u1ea1i KW-262 SIM&#038;LINE"},"content":{"rendered":"<div class=\"tabs\">\n<div class=\"tab-content\">\n<h3><strong>GI\u1edaI THI\u1ec6U:<\/strong><\/h3>\n<ul>\n<li>KW-262 SIM&amp;LINE l\u00e0 h\u1ec7 th\u1ed1ng b\u00e1o tr\u1ed9m s\u1eed d\u1ee5ng SIM v\u00e0 LINE v\u1edbi 100 v\u00f9ng k\u1ebft n\u1ed1i<\/li>\n<li>C\u00f3 2 v\u00f9ng k\u1ebft n\u1ed1i c\u00f3 d\u00e2y s\u1eed d\u1ee5ng b\u1eb1ng SIM GSM k\u1ef9 thu\u1eadt s\u1ed1 thi\u1ebft k\u1ebf x\u1eed l\u00fd c\u00f4ng ngh\u1ec7 ti\u00ean ti\u1ebfn.<\/li>\n<li>B\u1ed9 b\u00e1o tr\u1ed9m qua \u0111i\u1ec7n tho\u1ea1i d\u00f9ng Sim \/ Line Model KW-262 SIM&amp;LINE, g\u1ed3m 6 v\u00f9ng ki\u1ec3m so\u00e1t ch\u00ednh v\u00e0 3 v\u00f9ng ph\u1ee5, m\u00e0n h\u00ecnh hi\u1ec3n th\u1ecb LCD k\u1ef9 thu\u1eadt s\u1ed1.<\/li>\n<li>K\u1ebft n\u1ed1i kh\u00f4ng d\u00e2y \u0111\u01b0\u1ee3c t\u1ed1i \u0111a 96 thi\u1ebft b\u1ecb kh\u00f4ng d\u00e2y v\u00e0 4 thi\u1ebft b\u1ecb c\u00f3 d\u00e2y, k\u1ebft n\u1ed1i \u0111\u01b0\u1ee3c t\u1ed1i \u0111a 100 remote \u0111i\u1ec1u khi\u1ec3n.<\/li>\n<li>N\u00f3 t\u00edch h\u1ee3p gi\u1ecdng n\u00f3i k\u1ef9 thu\u1eadt s\u1ed1, tin nh\u1eafn SMS, m\u00e3 truy\u1ec1n tin kh\u00f4ng d\u00e2y t\u1ef1 h\u1ecdc, c\u00f4ng ngh\u1ec7 nh\u1eafn tin b\u1eb1ng v\u0103n b\u1ea3n v\u00e0 ki\u1ec3m so\u00e1t thi\u1ebft b\u1ecb t\u1eeb xa. \u0110\u00f3 l\u00e0 s\u1ef1 l\u1ef1a ch\u1ecdn c\u1ee7a s\u1ef1 \u1ed5n \u0111\u1ecbnh, \u0111\u00e1ng tin c\u1eady v\u00e0 an to\u00e0n, v\u00e0 l\u00e0 ng\u01b0\u1eddi b\u1ea1n th\u00e2n thi\u1ec7n.<\/li>\n<li>T\u00ednh n\u0103ng n\u00e0y r\u1ea5t thi\u1ebft th\u1ef1c, gi\u00e1 c\u1ea3 ph\u00f9 h\u1ee3p, c\u1ea5u h\u00ecnh d\u1ec5 d\u00e0ng v\u00e0 d\u1ec5 s\u1eed d\u1ee5ng.<\/li>\n<li>B\u00e1o tr\u1ed9m n\u00e0y c\u00f3 th\u1ec3 t\u00edch h\u1ee3p r\u1ea5t nhi\u1ec1u ph\u1ee5 ki\u1ec7n. Bao g\u1ed3m b\u00e1o tr\u1ed9m c\u1ea3m bi\u1ebfn g\u1eafn c\u1eeda, b\u00e1o kh\u00f3i, b\u00e1o x\u00ec ga, n\u00fat b\u00e1o kh\u1ea9n c\u1ea5p v\u00e0 c\u00e1c thi\u1ebft b\u1ecb kh\u00e1c \u0111\u1ec3 x\u00e2y d\u1ef1ng m\u1ed9t h\u1ec7 th\u1ed1ng b\u1ea3o m\u1eadt m\u1ea1nh m\u1ebd.<\/li>\n<li>N\u00f3 \u0111\u01b0\u1ee3c s\u1eed d\u1ee5ng r\u1ed9ng r\u00e3i trong nh\u00e0, nh\u00e0 m\u00e1y, tr\u01b0\u1eddng h\u1ecdc, trung t\u00e2m mua s\u1eafm, c\u1eeda h\u00e0ng, ng\u00e2n h\u00e0ng, trung t\u00e2m c\u1ed9ng \u0111\u1ed3ng v\u00e0 khu v\u1ef1c d\u00e2n c\u01b0 v\u00e0 nhi\u1ec1u n\u01a1i l\u00e0m vi\u1ec7c kh\u00e1c \u0111\u1ec3 b\u1ea3o v\u1ec7 t\u00e0i s\u1ea3n c\u00f3 gi\u00e1 tr\u1ecb.<\/li>\n<\/ul>\n<p>&nbsp;<\/p>\n<p><img loading=\"lazy\" decoding=\"async\" class=\"aligncenter\" src=\"https:\/\/kawasan.vn\/wp-content\/uploads\/2024\/11\/demo2.jpg\" alt=\"KW-262 SIM&amp;LINE\" width=\"800\" height=\"600\" \/><\/p>\n<p><img loading=\"lazy\" decoding=\"async\" class=\"aligncenter\" src=\"https:\/\/kawasan.vn\/wp-content\/uploads\/2024\/11\/demo_420copy.jpg\" alt=\"KW-262 SIM&amp;LINE\" width=\"832\" height=\"738\" \/><\/p>\n<p><img decoding=\"async\" class=\"aligncenter\" src=\"https:\/\/kawasan.vn\/wp-content\/uploads\/2024\/11\/DEMO_Jsd_1.jpg\" alt=\"\" \/><\/p>\n<p><img decoding=\"async\" class=\"aligncenter\" src=\"https:\/\/kawasan.vn\/wp-content\/uploads\/2024\/11\/so-do-noi-day-mat-sau-he-thong-bao-trom-qua-dien-thoai-ata.jpg\" alt=\"\" \/><\/p>\n<p style=\"text-align: center;\">H\u00ecnh 1: H\u00ecnh \u1ea3nh hi\u1ec3n th\u1ecb \u1ee9ng d\u1ee5ng b\u00f4 b\u00e1o tr\u1ed9m qua \u0111i\u1ec7n tho\u1ea1i KW-262 SL<\/p>\n<\/div>\n<\/div>","protected":false},"excerpt":{"rendered":"<p>GI\u1edaI THI\u1ec6U: KW-262 SIM&amp;LINE l\u00e0 h\u1ec7 th\u1ed1ng b\u00e1o tr\u1ed9m s\u1eed d\u1ee5ng SIM v\u00e0 LINE v\u1edbi 100 v\u00f9ng k\u1ebft n\u1ed1i C\u00f3 2 v\u00f9ng k\u1ebft n\u1ed1i c\u00f3 d\u00e2y s\u1eed d\u1ee5ng b\u1eb1ng SIM GSM k\u1ef9 thu\u1eadt s\u1ed1 thi\u1ebft k\u1ebf x\u1eed l\u00fd c\u00f4ng ngh\u1ec7 ti\u00ean ti\u1ebfn. B\u1ed9 b\u00e1o tr\u1ed9m qua \u0111i\u1ec7n tho\u1ea1i d\u00f9ng Sim \/ Line Model KW-262 SIM&amp;LINE, [&hellip;]<\/p>","protected":false},"featured_media":21016,"comment_status":"open","ping_status":"closed","template":"","meta":{"_yoast_wpseo_focuskw":"B\u00e1o Tr\u1ed9m Qua \u0110i\u1ec7n Tho\u1ea1i KW-262 SIM&LINE","_yoast_wpseo_metadesc":"B\u00e1o Tr\u1ed9m Qua \u0110i\u1ec7n Tho\u1ea1i KW-262 SIM&LINE: SIM v\u00e0 LINE v\u1edbi 100 v\u00f9ng k\u1ebft n\u1ed1i, c\u00f3 2 v\u00f9ng k\u1ebft n\u1ed1i c\u00f3 d\u00e2y s\u1eed d\u1ee5ng b\u1eb1ng SIM GSM k\u1ef9 thu\u1eadt s\u1ed1 c\u00f4ng ngh\u1ec7 ti\u00ean ti\u1ebfn.","_yoast_wpseo_focuskeywords":"","_yoast_wpseo_keyword_synonyms":""},"product_cat":[501,496,37,45],"product_tag":[1742,1321,1336,621,1317,1318,842,967,1320],"class_list":["post-21015","product","type-product","status-publish","has-post-thumbnail","hentry","product_cat-bao-dong-chong-trom","product_cat-thiet-bi-bao-trom-qua-dien-thoai","product_cat-thiet-bi-an-ninh-an-toan","product_cat-phu-kien-bao-dong","product_tag-chuong-bao-chong-trom","product_tag-he-thong-chong-trom","product_tag-he-thong-chong-trom-gia-dinh","product_tag-kawasan","product_tag-lap-dat-bao-trom-bao-dong","product_tag-lap-dat-thiet-bi-chong-trom","product_tag-thiet-bi-bao-trom","product_tag-thiet-bi-chong-trom","product_tag-thiet-bi-chong-trom-gan-cua"],"acf":[],"yoast_head":"<!-- This site is optimized with the Yoast SEO Premium plugin v24.9 (Yoast SEO v24.9) - https:\/\/yoast.com\/wordpress\/plugins\/seo\/ -->\n<title>B\u00e1o Tr\u1ed9m Qua \u0110i\u1ec7n Tho\u1ea1i KW-262 SIM&amp;LINE - Kawasan<\/title>\n<meta name=\"description\" content=\"B\u00e1o Tr\u1ed9m Qua \u0110i\u1ec7n Tho\u1ea1i KW-262 SIM&amp;LINE: SIM v\u00e0 LINE v\u1edbi 100 v\u00f9ng k\u1ebft n\u1ed1i, c\u00f3 2 v\u00f9ng k\u1ebft n\u1ed1i c\u00f3 d\u00e2y s\u1eed d\u1ee5ng b\u1eb1ng SIM GSM k\u1ef9 thu\u1eadt s\u1ed1 c\u00f4ng ngh\u1ec7 ti\u00ean ti\u1ebfn.\" \/>\n<meta name=\"robots\" content=\"index, follow, max-snippet:-1, max-image-preview:large, max-video-preview:-1\" \/>\n<link rel=\"canonical\" href=\"https:\/\/kawasan.vn\/en\/product\/bao-trom-qua-dien-thoai-kw-262-simline\/\" \/>\n<meta property=\"og:locale\" content=\"en_US\" \/>\n<meta property=\"og:type\" content=\"article\" \/>\n<meta property=\"og:title\" content=\"B\u00e1o Tr\u1ed9m Qua \u0110i\u1ec7n Tho\u1ea1i KW-262 SIM&amp;LINE\" \/>\n<meta property=\"og:description\" content=\"B\u00e1o Tr\u1ed9m Qua \u0110i\u1ec7n Tho\u1ea1i KW-262 SIM&amp;LINE: SIM v\u00e0 LINE v\u1edbi 100 v\u00f9ng k\u1ebft n\u1ed1i, c\u00f3 2 v\u00f9ng k\u1ebft n\u1ed1i c\u00f3 d\u00e2y s\u1eed d\u1ee5ng b\u1eb1ng SIM GSM k\u1ef9 thu\u1eadt s\u1ed1 c\u00f4ng ngh\u1ec7 ti\u00ean ti\u1ebfn.\" \/>\n<meta property=\"og:url\" content=\"https:\/\/kawasan.vn\/en\/product\/bao-trom-qua-dien-thoai-kw-262-simline\/\" \/>\n<meta property=\"og:site_name\" content=\"Kawasan\" \/>\n<meta property=\"article:modified_time\" content=\"2025-12-26T04:23:01+00:00\" \/>\n<meta property=\"og:image\" content=\"https:\/\/kawasan.vn\/wp-content\/uploads\/2024\/11\/262-SIM-MOI_2018_2018-600x600-1.jpg\" \/>\n\t<meta property=\"og:image:width\" content=\"600\" \/>\n\t<meta property=\"og:image:height\" content=\"600\" \/>\n\t<meta property=\"og:image:type\" content=\"image\/jpeg\" \/>\n<meta name=\"twitter:card\" content=\"summary_large_image\" \/>\n<meta name=\"twitter:label1\" content=\"Est. reading time\" \/>\n\t<meta name=\"twitter:data1\" content=\"3 minutes\" \/>\n<script type=\"application\/ld+json\" class=\"yoast-schema-graph\">{\"@context\":\"https:\/\/schema.org\",\"@graph\":[{\"@type\":\"WebPage\",\"@id\":\"https:\/\/kawasan.vn\/san-pham\/bao-trom-qua-dien-thoai-kw-262-simline\/\",\"url\":\"https:\/\/kawasan.vn\/san-pham\/bao-trom-qua-dien-thoai-kw-262-simline\/\",\"name\":\"B\u00e1o Tr\u1ed9m Qua \u0110i\u1ec7n Tho\u1ea1i KW-262 SIM&LINE - Kawasan\",\"isPartOf\":{\"@id\":\"https:\/\/kawasan.vn\/#website\"},\"primaryImageOfPage\":{\"@id\":\"https:\/\/kawasan.vn\/san-pham\/bao-trom-qua-dien-thoai-kw-262-simline\/#primaryimage\"},\"image\":{\"@id\":\"https:\/\/kawasan.vn\/san-pham\/bao-trom-qua-dien-thoai-kw-262-simline\/#primaryimage\"},\"thumbnailUrl\":\"https:\/\/kawasan.vn\/wp-content\/uploads\/2024\/11\/262-SIM-MOI_2018_2018-600x600-1.jpg\",\"datePublished\":\"2024-11-18T09:56:46+00:00\",\"dateModified\":\"2025-12-26T04:23:01+00:00\",\"description\":\"B\u00e1o Tr\u1ed9m Qua \u0110i\u1ec7n Tho\u1ea1i KW-262 SIM&LINE: SIM v\u00e0 LINE v\u1edbi 100 v\u00f9ng k\u1ebft n\u1ed1i, c\u00f3 2 v\u00f9ng k\u1ebft n\u1ed1i c\u00f3 d\u00e2y s\u1eed d\u1ee5ng b\u1eb1ng SIM GSM k\u1ef9 thu\u1eadt s\u1ed1 c\u00f4ng ngh\u1ec7 ti\u00ean ti\u1ebfn.\",\"breadcrumb\":{\"@id\":\"https:\/\/kawasan.vn\/san-pham\/bao-trom-qua-dien-thoai-kw-262-simline\/#breadcrumb\"},\"inLanguage\":\"en-US\",\"potentialAction\":[{\"@type\":\"ReadAction\",\"target\":[\"https:\/\/kawasan.vn\/san-pham\/bao-trom-qua-dien-thoai-kw-262-simline\/\"]}]},{\"@type\":\"ImageObject\",\"inLanguage\":\"en-US\",\"@id\":\"https:\/\/kawasan.vn\/san-pham\/bao-trom-qua-dien-thoai-kw-262-simline\/#primaryimage\",\"url\":\"https:\/\/kawasan.vn\/wp-content\/uploads\/2024\/11\/262-SIM-MOI_2018_2018-600x600-1.jpg\",\"contentUrl\":\"https:\/\/kawasan.vn\/wp-content\/uploads\/2024\/11\/262-SIM-MOI_2018_2018-600x600-1.jpg\",\"width\":600,\"height\":600,\"caption\":\"B\u00e1o tr\u1ed9m qua \u0111i\u1ec7n tho\u1ea1i KW-262 SIM&LINE\"},{\"@type\":\"BreadcrumbList\",\"@id\":\"https:\/\/kawasan.vn\/san-pham\/bao-trom-qua-dien-thoai-kw-262-simline\/#breadcrumb\",\"itemListElement\":[{\"@type\":\"ListItem\",\"position\":1,\"name\":\"Trang ch\u1ee7\",\"item\":\"https:\/\/kawasan.vn\/\"},{\"@type\":\"ListItem\",\"position\":2,\"name\":\"S\u1ea3n ph\u1ea9m\",\"item\":\"https:\/\/kawasan.vn\/san-pham\/\"},{\"@type\":\"ListItem\",\"position\":3,\"name\":\"B\u00e1o Tr\u1ed9m Qua \u0110i\u1ec7n Tho\u1ea1i KW-262 SIM&#038;LINE\"}]},{\"@type\":\"WebSite\",\"@id\":\"https:\/\/kawasan.vn\/#website\",\"url\":\"https:\/\/kawasan.vn\/\",\"name\":\"Kawasan\",\"description\":\"\",\"potentialAction\":[{\"@type\":\"SearchAction\",\"target\":{\"@type\":\"EntryPoint\",\"urlTemplate\":\"https:\/\/kawasan.vn\/?s={search_term_string}\"},\"query-input\":{\"@type\":\"PropertyValueSpecification\",\"valueRequired\":true,\"valueName\":\"search_term_string\"}}],\"inLanguage\":\"en-US\"}]}<\/script>\n<!-- \/ Yoast SEO Premium plugin. -->","yoast_head_json":{"title":"B\u00e1o Tr\u1ed9m Qua \u0110i\u1ec7n Tho\u1ea1i KW-262 SIM&LINE - Kawasan","description":"B\u00e1o Tr\u1ed9m Qua \u0110i\u1ec7n Tho\u1ea1i KW-262 SIM&LINE: SIM v\u00e0 LINE v\u1edbi 100 v\u00f9ng k\u1ebft n\u1ed1i, c\u00f3 2 v\u00f9ng k\u1ebft n\u1ed1i c\u00f3 d\u00e2y s\u1eed d\u1ee5ng b\u1eb1ng SIM GSM k\u1ef9 thu\u1eadt s\u1ed1 c\u00f4ng ngh\u1ec7 ti\u00ean ti\u1ebfn.","robots":{"index":"index","follow":"follow","max-snippet":"max-snippet:-1","max-image-preview":"max-image-preview:large","max-video-preview":"max-video-preview:-1"},"canonical":"https:\/\/kawasan.vn\/en\/product\/bao-trom-qua-dien-thoai-kw-262-simline\/","og_locale":"en_US","og_type":"article","og_title":"B\u00e1o Tr\u1ed9m Qua \u0110i\u1ec7n Tho\u1ea1i KW-262 SIM&LINE","og_description":"B\u00e1o Tr\u1ed9m Qua \u0110i\u1ec7n Tho\u1ea1i KW-262 SIM&LINE: SIM v\u00e0 LINE v\u1edbi 100 v\u00f9ng k\u1ebft n\u1ed1i, c\u00f3 2 v\u00f9ng k\u1ebft n\u1ed1i c\u00f3 d\u00e2y s\u1eed d\u1ee5ng b\u1eb1ng SIM GSM k\u1ef9 thu\u1eadt s\u1ed1 c\u00f4ng ngh\u1ec7 ti\u00ean ti\u1ebfn.","og_url":"https:\/\/kawasan.vn\/en\/product\/bao-trom-qua-dien-thoai-kw-262-simline\/","og_site_name":"Kawasan","article_modified_time":"2025-12-26T04:23:01+00:00","og_image":[{"width":600,"height":600,"url":"https:\/\/kawasan.vn\/wp-content\/uploads\/2024\/11\/262-SIM-MOI_2018_2018-600x600-1.jpg","type":"image\/jpeg"}],"twitter_card":"summary_large_image","twitter_misc":{"Est. reading time":"3 minutes"},"schema":{"@context":"https:\/\/schema.org","@graph":[{"@type":"WebPage","@id":"https:\/\/kawasan.vn\/san-pham\/bao-trom-qua-dien-thoai-kw-262-simline\/","url":"https:\/\/kawasan.vn\/san-pham\/bao-trom-qua-dien-thoai-kw-262-simline\/","name":"B\u00e1o Tr\u1ed9m Qua \u0110i\u1ec7n Tho\u1ea1i KW-262 SIM&LINE - Kawasan","isPartOf":{"@id":"https:\/\/kawasan.vn\/#website"},"primaryImageOfPage":{"@id":"https:\/\/kawasan.vn\/san-pham\/bao-trom-qua-dien-thoai-kw-262-simline\/#primaryimage"},"image":{"@id":"https:\/\/kawasan.vn\/san-pham\/bao-trom-qua-dien-thoai-kw-262-simline\/#primaryimage"},"thumbnailUrl":"https:\/\/kawasan.vn\/wp-content\/uploads\/2024\/11\/262-SIM-MOI_2018_2018-600x600-1.jpg","datePublished":"2024-11-18T09:56:46+00:00","dateModified":"2025-12-26T04:23:01+00:00","description":"B\u00e1o Tr\u1ed9m Qua \u0110i\u1ec7n Tho\u1ea1i KW-262 SIM&LINE: SIM v\u00e0 LINE v\u1edbi 100 v\u00f9ng k\u1ebft n\u1ed1i, c\u00f3 2 v\u00f9ng k\u1ebft n\u1ed1i c\u00f3 d\u00e2y s\u1eed d\u1ee5ng b\u1eb1ng SIM GSM k\u1ef9 thu\u1eadt s\u1ed1 c\u00f4ng ngh\u1ec7 ti\u00ean ti\u1ebfn.","breadcrumb":{"@id":"https:\/\/kawasan.vn\/san-pham\/bao-trom-qua-dien-thoai-kw-262-simline\/#breadcrumb"},"inLanguage":"en-US","potentialAction":[{"@type":"ReadAction","target":["https:\/\/kawasan.vn\/san-pham\/bao-trom-qua-dien-thoai-kw-262-simline\/"]}]},{"@type":"ImageObject","inLanguage":"en-US","@id":"https:\/\/kawasan.vn\/san-pham\/bao-trom-qua-dien-thoai-kw-262-simline\/#primaryimage","url":"https:\/\/kawasan.vn\/wp-content\/uploads\/2024\/11\/262-SIM-MOI_2018_2018-600x600-1.jpg","contentUrl":"https:\/\/kawasan.vn\/wp-content\/uploads\/2024\/11\/262-SIM-MOI_2018_2018-600x600-1.jpg","width":600,"height":600,"caption":"B\u00e1o tr\u1ed9m qua \u0111i\u1ec7n tho\u1ea1i KW-262 SIM&LINE"},{"@type":"BreadcrumbList","@id":"https:\/\/kawasan.vn\/san-pham\/bao-trom-qua-dien-thoai-kw-262-simline\/#breadcrumb","itemListElement":[{"@type":"ListItem","position":1,"name":"Trang ch\u1ee7","item":"https:\/\/kawasan.vn\/"},{"@type":"ListItem","position":2,"name":"S\u1ea3n ph\u1ea9m","item":"https:\/\/kawasan.vn\/san-pham\/"},{"@type":"ListItem","position":3,"name":"B\u00e1o Tr\u1ed9m Qua \u0110i\u1ec7n Tho\u1ea1i KW-262 SIM&#038;LINE"}]},{"@type":"WebSite","@id":"https:\/\/kawasan.vn\/#website","url":"https:\/\/kawasan.vn\/","name":"Kawasan","description":"","potentialAction":[{"@type":"SearchAction","target":{"@type":"EntryPoint","urlTemplate":"https:\/\/kawasan.vn\/?s={search_term_string}"},"query-input":{"@type":"PropertyValueSpecification","valueRequired":true,"valueName":"search_term_string"}}],"inLanguage":"en-US"}]}},"_links":{"self":[{"href":"https:\/\/kawasan.vn\/en\/wp-json\/wp\/v2\/product\/21015","targetHints":{"allow":["GET"]}}],"collection":[{"href":"https:\/\/kawasan.vn\/en\/wp-json\/wp\/v2\/product"}],"about":[{"href":"https:\/\/kawasan.vn\/en\/wp-json\/wp\/v2\/types\/product"}],"replies":[{"embeddable":true,"href":"https:\/\/kawasan.vn\/en\/wp-json\/wp\/v2\/comments?post=21015"}],"version-history":[{"count":6,"href":"https:\/\/kawasan.vn\/en\/wp-json\/wp\/v2\/product\/21015\/revisions"}],"predecessor-version":[{"id":21258,"href":"https:\/\/kawasan.vn\/en\/wp-json\/wp\/v2\/product\/21015\/revisions\/21258"}],"wp:featuredmedia":[{"embeddable":true,"href":"https:\/\/kawasan.vn\/en\/wp-json\/wp\/v2\/media\/21016"}],"wp:attachment":[{"href":"https:\/\/kawasan.vn\/en\/wp-json\/wp\/v2\/media?parent=21015"}],"wp:term":[{"taxonomy":"product_cat","embeddable":true,"href":"https:\/\/kawasan.vn\/en\/wp-json\/wp\/v2\/product_cat?post=21015"},{"taxonomy":"product_tag","embeddable":true,"href":"https:\/\/kawasan.vn\/en\/wp-json\/wp\/v2\/product_tag?post=21015"}],"curies":[{"name":"wp","href":"https:\/\/api.w.org\/{rel}","templated":true}]}}