{"id":21002,"date":"2024-11-18T16:40:39","date_gmt":"2024-11-18T09:40:39","guid":{"rendered":"https:\/\/kawasan.vn\/?post_type=product&#038;p=21002"},"modified":"2025-12-27T13:20:11","modified_gmt":"2025-12-27T06:20:11","slug":"bao-trom-qua-dien-thoai-kw-260b-sim","status":"publish","type":"product","link":"https:\/\/kawasan.vn\/en\/product\/bao-trom-qua-dien-thoai-kw-260b-sim\/","title":{"rendered":"B\u00e1o Tr\u1ed9m Qua \u0110i\u1ec7n Tho\u1ea1i KW-260B SIM"},"content":{"rendered":"<div class=\"tabs\">\n<div class=\"tab-content\">\n<h3><span class=\"ez-toc-section\" id=\"GIOI_THIEU_KW-260B_SIM\"><\/span><strong>GI\u1edaI THI\u1ec6U: KW-260B SIM<\/strong><span class=\"ez-toc-section-end\"><\/span><\/h3><div id=\"ez-toc-container\" class=\"ez-toc-v2_0_69_1 counter-hierarchy ez-toc-counter ez-toc-grey ez-toc-container-direction\">\n<div class=\"ez-toc-title-container\">\n<p class=\"ez-toc-title\" >N\u1ed9i Dung B&agrave;i Vi\u1ebft<\/p>\n<span class=\"ez-toc-title-toggle\"><a href=\"#\" class=\"ez-toc-pull-right ez-toc-btn ez-toc-btn-xs ez-toc-btn-default ez-toc-toggle\" aria-label=\"Toggle Table of Content\"><span class=\"ez-toc-js-icon-con\"><span class=\"\"><span class=\"eztoc-hide\" style=\"display:none;\">Toggle<\/span><span class=\"ez-toc-icon-toggle-span\"><svg style=\"fill: #999;color:#999\" xmlns=\"http:\/\/www.w3.org\/2000\/svg\" class=\"list-377408\" width=\"20px\" height=\"20px\" viewbox=\"0 0 24 24\" fill=\"none\"><path d=\"M6 6H4v2h2V6zm14 0H8v2h12V6zM4 11h2v2H4v-2zm16 0H8v2h12v-2zM4 16h2v2H4v-2zm16 0H8v2h12v-2z\" fill=\"currentColor\"><\/path><\/svg><svg style=\"fill: #999;color:#999\" class=\"arrow-unsorted-368013\" xmlns=\"http:\/\/www.w3.org\/2000\/svg\" width=\"10px\" height=\"10px\" viewbox=\"0 0 24 24\" version=\"1.2\" baseprofile=\"tiny\"><path d=\"M18.2 9.3l-6.2-6.3-6.2 6.3c-.2.2-.3.4-.3.7s.1.5.3.7c.2.2.4.3.7.3h11c.3 0 .5-.1.7-.3.2-.2.3-.5.3-.7s-.1-.5-.3-.7zM5.8 14.7l6.2 6.3 6.2-6.3c.2-.2.3-.5.3-.7s-.1-.5-.3-.7c-.2-.2-.4-.3-.7-.3h-11c-.3 0-.5.1-.7.3-.2.2-.3.5-.3.7s.1.5.3.7z\"\/><\/svg><\/span><\/span><\/span><\/a><\/span><\/div>\n<nav><ul class='ez-toc-list ez-toc-list-level-1 eztoc-toggle-hide-by-default' ><li class='ez-toc-page-1 ez-toc-heading-level-3'><a class=\"ez-toc-link ez-toc-heading-1\" href=\"https:\/\/kawasan.vn\/en\/product\/bao-trom-qua-dien-thoai-kw-260b-sim\/#GIOI_THIEU_KW-260B_SIM\" title=\"GI\u1edaI THI\u1ec6U: KW-260B SIM\">GI\u1edaI THI\u1ec6U: KW-260B SIM<\/a><\/li><li class='ez-toc-page-1 ez-toc-heading-level-3'><a class=\"ez-toc-link ez-toc-heading-2\" href=\"https:\/\/kawasan.vn\/en\/product\/bao-trom-qua-dien-thoai-kw-260b-sim\/#THONG_SO_KY_THUAT\" title=\"TH\u00d4NG S\u1ed0 K\u1ef8 THU\u1eacT:\">TH\u00d4NG S\u1ed0 K\u1ef8 THU\u1eacT:<\/a><\/li><li class='ez-toc-page-1 ez-toc-heading-level-3'><a class=\"ez-toc-link ez-toc-heading-3\" href=\"https:\/\/kawasan.vn\/en\/product\/bao-trom-qua-dien-thoai-kw-260b-sim\/#HUONG_DAN_SU_DUNG\" title=\"H\u01af\u1edaNG D\u1eaaN S\u1eec D\u1ee4NG:\">H\u01af\u1edaNG D\u1eaaN S\u1eec D\u1ee4NG:<\/a><\/li><\/ul><\/nav><\/div>\n\n<ul>\n<li>H\u1ec7 th\u1ed1ng b\u00e1o tr\u1ed9m qua \u0111i\u1ec7n tho\u1ea1i <strong>KW-260B SIM <\/strong>d\u00f9ng Sim cao c\u1ea5p-\u0111a n\u0103ng.<\/li>\n<li>T\u00edch h\u1ee3p t\u00ednh n\u0103ng th\u00f4ng b\u00e1o tr\u1ea1ng c\u1ee7a c\u00e1c c\u1ea3m bi\u1ebfn l\u1ed7i ngu\u1ed3n ,y\u1ebfu pin, ph\u00e1 ho\u1ea1i, c\u1eeda ch\u01b0a \u0111\u01b0\u1ee3c \u0111\u00f3ng l\u1ea1i\u2026<\/li>\n<li>\u0110\u00e2y \u0111\u01b0\u1ee3c xem l\u00e0 gi\u1ea3i ph\u00e1p an ninh an to\u00e0n tuy\u1ec7t \u0111\u1ed1i gi\u00fap ng\u01b0\u1eddi d\u00f9ng nh\u1eadn bi\u1ebft h\u1ec7 th\u1ed1ng an ninh lu\u00f4n s\u1eb5n s\u00e0ng ho\u1ea1t \u0111\u1ed9ng t\u1ed1t .<\/li>\n<li>H\u1ec7 th\u1ed1ng quay s\u1ed1 t\u1ef1 \u0111\u1ed9ng ,nh\u1eafn tin \u0111\u1ebfn 8 s\u1ed1 \u0111i\u1ec7n tho\u1ea1i cho ch\u1ee7 nh\u00e2n khi c\u00f3 k\u1ebb gian \u0111\u1ed9t nh\u1eadp<\/li>\n<li>M\u00e0n h\u00ecnh hi\u1ec3n th\u1ecb LCD k\u1ef9 thu\u1eadt s\u1ed1 k\u1ebft h\u1ee3p v\u1edbi ph\u00edm nh\u1ea5n c\u1ea3m \u1ee9ng r\u1ea5t sang tr\u1ecdng. K\u1ebft n\u1ed1i kh\u00f4ng d\u00e2y \u0111\u01b0\u1ee3c t\u1ed1i \u0111a 99 thi\u1ebft b\u1ecb kh\u00f4ng d\u00e2y v\u00e0 2 v\u00f9ng c\u00f3 d\u00e2y. H\u1ec7 th\u1ed1ng b\u00e1o \u0111\u1ed9ng th\u00edch h\u1ee3p cho gia \u0111\u00ecnh, v\u0103n ph\u00f2ng, ti\u1ec7m v\u00e0ng\u2026<\/li>\n<\/ul>\n<p><img loading=\"lazy\" decoding=\"async\" class=\"aligncenter\" src=\"https:\/\/kawasan.vn\/wp-content\/uploads\/2024\/11\/260B20SIM202018.jpg\" alt=\"KW-260B SIM\" width=\"746\" height=\"651\" \/><\/p>\n<p><img loading=\"lazy\" decoding=\"async\" class=\"aligncenter\" src=\"https:\/\/kawasan.vn\/wp-content\/uploads\/2024\/11\/demo_BAO20QUA20SIM.jpg\" alt=\"KW-260B SIM\" width=\"832\" height=\"738\" \/><\/p>\n<p><img decoding=\"async\" class=\"aligncenter\" src=\"https:\/\/kawasan.vn\/wp-content\/uploads\/2024\/11\/DEMO_HE20THONG20BAO20TROM20QUA20SIM.jpg\" alt=\"\" \/><\/p>\n<\/div>\n<\/div>\n<div class=\"tabs\">\n<h3 class=\"tab-heading\"><span class=\"ez-toc-section\" id=\"THONG_SO_KY_THUAT\"><\/span><strong>TH\u00d4NG S\u1ed0 K\u1ef8 THU\u1eacT:<\/strong><span class=\"ez-toc-section-end\"><\/span><\/h3>\n<div class=\"tab-content\">\n<ul>\n<li>Ngu\u1ed3n \u0111i\u1ec7n c\u1ea5p: D\u00f9ng Adaptor DC5V<\/li>\n<li>C\u00f4ng su\u1ea5t ti\u00eau th\u1ee5: &lt;55mA, khi b\u00e1o \u0111\u1ed9ng: 450mA.<\/li>\n<li>T\u1ea7n s\u1ed1 s\u00f3ng ph\u00e1t \/ nh\u1eadn t\u00edn hi\u1ec7u 433MHz.<\/li>\n<li>S\u00f3ng SIM \u0111i\u1ec7n tho\u1ea1i GSM: 900\/1800\/1900 MHz.<\/li>\n<li>Ngu\u1ed3n pin d\u1ef1 tr\u1eef: NI-HI AAA * 5\u00a0 DC6V (c\u00f3 s\u1eb5n) ph\u00f2ng khi c\u00fap \u0111i\u1ec7n, th\u1eddi gian ch\u1edd 8h~12h.<\/li>\n<li>\u00c2m l\u01b0\u1ee3ng b\u00e1o \u0111\u1ed9ng: loa r\u1eddi 110dB, th\u1eddi gian b\u00e1o \u0111\u1ed9ng 60~ 300 gi\u00e2y (m\u1eb7c \u0111\u1ecbnh 60 gi\u00e2y).<\/li>\n<li>S\u1ed1 l\u01b0\u1ee3ng thi\u1ebft b\u1ecb k\u1ebft n\u1ed1i t\u1ed1i \u0111a : 99 thi\u1ebft b\u1ecb kh\u00f4ng d\u00e2y<\/li>\n<li>S\u1ed1 l\u01b0\u1ee3ng REMOTE \u0111i\u1ec1u khi\u1ec3n t\u1ed1i \u0111a : 99 c\u00e1i<\/li>\n<li>L\u1eadp tr\u00ecnh b\u1eb1ng b\u00e0n ph\u00edm v\u00e0 m\u00e0n h\u00ecnh LCD, kh\u00f4ng c\u1ea7n d\u00f9ng \u0111i\u1ec7n tho\u1ea1i \u0111\u1ec3 l\u1eadp tr\u00ecnh.<\/li>\n<li>L\u01b0u \u0111\u01b0\u1ee3c 6 s\u1ed1 \u0111i\u1ec7n tho\u1ea1i c\u1ea7n b\u00e1o v\u00e0 6 s\u1ed1 \u0111i\u1ec7n tho\u1ea1i c\u1ea7n g\u1eedi tin nh\u1eafn.<\/li>\n<li>Ch\u1ee9c n\u0103ng k\u00edch ho\u1ea1t t\u1eeb xa b\u1eb1ng c\u00e1ch g\u1ecdi \u0111i\u1ec7n tho\u1ea1i v\u1ec1 ho\u1eb7c g\u1eedi tin nh\u1eafn v\u1ec1 s\u1ed1 \u0110T c\u1ee7a SIM<\/li>\n<li>D\u00f9ng thay cho \u0111i\u1ec7n tho\u1ea1i \u0111\u1ec3 g\u1ecdi \u0111\u1ebfn s\u1ed1 c\u1ea7n g\u1ecdi b\u1eb1ng c\u00e1ch g\u00f5 s\u1ed1 v\u00e0o v\u00e0 quay s\u1ed1.<\/li>\n<li>M\u1eadt kh\u1ea9u m\u1eb7c \u0111\u1ecbnh 1234.<\/li>\n<\/ul>\n<h3><span class=\"ez-toc-section\" id=\"HUONG_DAN_SU_DUNG\"><\/span><strong>H\u01af\u1edaNG D\u1eaaN S\u1eec D\u1ee4NG:<\/strong><span class=\"ez-toc-section-end\"><\/span><\/h3>\n<ul>\n<li><span style=\"color: #0000ff;\"><a style=\"color: #0000ff;\" href=\"https:\/\/drive.google.com\/file\/d\/1P0MPiGtj_tqhnyztWTKAX4yH1W4-s_r3\/view?usp=sharing\"><strong>T\u1ea3i h\u01b0\u1edbng d\u1eabn s\u1eed d\u1ee5ng t\u1ea1i \u0111\u00e2y<\/strong><\/a><\/span><\/li>\n<\/ul>\n<p>&nbsp;<\/p>\n<p><img decoding=\"async\" class=\"aligncenter\" src=\"https:\/\/kawasan.vn\/wp-content\/uploads\/2024\/11\/mohinh.jpg\" alt=\"\" \/><\/p>\n<p><img decoding=\"async\" class=\"aligncenter\" src=\"https:\/\/kawasan.vn\/wp-content\/uploads\/2024\/11\/mat20hong20ngoai.jpg\" alt=\"\" \/><\/p>\n<p><img decoding=\"async\" class=\"aligncenter\" src=\"https:\/\/kawasan.vn\/wp-content\/uploads\/2024\/11\/pin20du20phong.jpg\" alt=\"\" \/><\/p>\n<p><img decoding=\"async\" class=\"aligncenter\" src=\"https:\/\/kawasan.vn\/wp-content\/uploads\/2024\/11\/so-do-noi-day-mat-sau-he-thong-bao-trom-qua-dien-thoai-ata.jpg\" alt=\"\" \/><\/p>\n<p style=\"text-align: center;\"><strong>THI\u1ebeT B\u1eca PH\u1ee4 KI\u1ec6N L\u1eaeP TH\u00caM CHO B\u1ed8 TRUNG T\u00c2M<\/strong><\/p>\n<\/div>\n<\/div>\n<div class=\"tabs\">\n<div class=\"tab-content\">\n<p>&nbsp;<\/p>\n<p style=\"text-align: center;\"><strong>Thank you for trusting Kawasan products!<\/strong><\/p>\n<p style=\"text-align: center;\"><strong>Toll-Free Consulting Hotline:<span style=\"color: #ff0000;\"> 1800 0058<\/span><\/strong><\/p>\n<p style=\"text-align: center;\"><strong>Website: <a href=\"https:\/\/kawasan.com.vn\/\">www.kawasan.com.vn<\/a><\/strong><\/p>\n<\/div>\n<p>\u0110\u1eb7t h\u00e0ng tr\u1ef1c tuy\u1ebfn <span style=\"color: #0000ff;\"><a style=\"color: #0000ff;\" href=\"https:\/\/kawasan.com.vn\/bao-trom-dung-sim-qua-dien-thoai-kw-260b-sim?search=260B\">t\u1ea1i \u0111\u00e2y<\/a><\/span><\/p>\n<p>Xem th\u00eam s\u1ea3n ph\u1ea9m kh\u00e1c <span style=\"color: #0000ff;\"><a style=\"color: #0000ff;\" href=\"https:\/\/thegioidienthongminh.com\/danh-muc\/thiet-bi-an-ninh\/\">t\u1ea1i \u0111\u00e2y<\/a><\/span><\/p>\n<\/div>","protected":false},"excerpt":{"rendered":"<p>GI\u1edaI THI\u1ec6U: KW-260B SIM H\u1ec7 th\u1ed1ng b\u00e1o tr\u1ed9m qua \u0111i\u1ec7n tho\u1ea1i KW-260B SIM d\u00f9ng Sim cao c\u1ea5p-\u0111a n\u0103ng. T\u00edch h\u1ee3p t\u00ednh n\u0103ng th\u00f4ng b\u00e1o tr\u1ea1ng c\u1ee7a c\u00e1c c\u1ea3m bi\u1ebfn l\u1ed7i ngu\u1ed3n ,y\u1ebfu pin, ph\u00e1 ho\u1ea1i, c\u1eeda ch\u01b0a \u0111\u01b0\u1ee3c \u0111\u00f3ng l\u1ea1i\u2026 \u0110\u00e2y \u0111\u01b0\u1ee3c xem l\u00e0 gi\u1ea3i ph\u00e1p an ninh an to\u00e0n tuy\u1ec7t \u0111\u1ed1i gi\u00fap ng\u01b0\u1eddi d\u00f9ng [&hellip;]<\/p>","protected":false},"featured_media":21006,"comment_status":"open","ping_status":"closed","template":"","meta":{"_yoast_wpseo_focuskw":"B\u00e1o Tr\u1ed9m Qua \u0110i\u1ec7n Tho\u1ea1i KW-260B SIM","_yoast_wpseo_metadesc":"B\u00e1o Tr\u1ed9m Qua \u0110i\u1ec7n Tho\u1ea1i KW-260B SIM. H\u1ec7 th\u1ed1ng b\u00e1o tr\u1ed9m qua \u0111i\u1ec7n tho\u1ea1i KW-260B SIM d\u00f9ng Sim cao c\u1ea5p-\u0111a n\u0103ng. \u0110\u00e2y l\u00e0 gi\u1ea3i ph\u00e1p an ninh an to\u00e0n...","_yoast_wpseo_focuskeywords":"","_yoast_wpseo_keyword_synonyms":""},"product_cat":[496,37,45],"product_tag":[1321,621,1317,1318,842,967,1320,1319],"class_list":["post-21002","product","type-product","status-publish","has-post-thumbnail","hentry","product_cat-thiet-bi-bao-trom-qua-dien-thoai","product_cat-thiet-bi-an-ninh-an-toan","product_cat-phu-kien-bao-dong","product_tag-he-thong-chong-trom","product_tag-kawasan","product_tag-lap-dat-bao-trom-bao-dong","product_tag-lap-dat-thiet-bi-chong-trom","product_tag-thiet-bi-bao-trom","product_tag-thiet-bi-chong-trom","product_tag-thiet-bi-chong-trom-gan-cua","product_tag-thiet-bi-chong-trom-ngoai-troi"],"acf":[],"yoast_head":"<!-- This site is optimized with the Yoast SEO Premium plugin v24.9 (Yoast SEO v24.9) - https:\/\/yoast.com\/wordpress\/plugins\/seo\/ -->\n<title>B\u00e1o Tr\u1ed9m Qua \u0110i\u1ec7n Tho\u1ea1i KW-260B SIM - Kawasan<\/title>\n<meta name=\"description\" content=\"B\u00e1o Tr\u1ed9m Qua \u0110i\u1ec7n Tho\u1ea1i KW-260B SIM. H\u1ec7 th\u1ed1ng b\u00e1o tr\u1ed9m qua \u0111i\u1ec7n tho\u1ea1i KW-260B SIM d\u00f9ng Sim cao c\u1ea5p-\u0111a n\u0103ng. \u0110\u00e2y l\u00e0 gi\u1ea3i ph\u00e1p an ninh an to\u00e0n...\" \/>\n<meta name=\"robots\" content=\"index, follow, max-snippet:-1, max-image-preview:large, max-video-preview:-1\" \/>\n<link rel=\"canonical\" href=\"https:\/\/kawasan.vn\/en\/product\/bao-trom-qua-dien-thoai-kw-260b-sim\/\" \/>\n<meta property=\"og:locale\" content=\"en_US\" \/>\n<meta property=\"og:type\" content=\"article\" \/>\n<meta property=\"og:title\" content=\"B\u00e1o Tr\u1ed9m Qua \u0110i\u1ec7n Tho\u1ea1i KW-260B SIM\" \/>\n<meta property=\"og:description\" content=\"B\u00e1o Tr\u1ed9m Qua \u0110i\u1ec7n Tho\u1ea1i KW-260B SIM. H\u1ec7 th\u1ed1ng b\u00e1o tr\u1ed9m qua \u0111i\u1ec7n tho\u1ea1i KW-260B SIM d\u00f9ng Sim cao c\u1ea5p-\u0111a n\u0103ng. \u0110\u00e2y l\u00e0 gi\u1ea3i ph\u00e1p an ninh an to\u00e0n...\" \/>\n<meta property=\"og:url\" content=\"https:\/\/kawasan.vn\/en\/product\/bao-trom-qua-dien-thoai-kw-260b-sim\/\" \/>\n<meta property=\"og:site_name\" content=\"Kawasan\" \/>\n<meta property=\"article:modified_time\" content=\"2025-12-27T06:20:11+00:00\" \/>\n<meta property=\"og:image\" content=\"https:\/\/kawasan.vn\/wp-content\/uploads\/2024\/11\/260B-SIM-2018-600x600-1-1.jpg\" \/>\n\t<meta property=\"og:image:width\" content=\"600\" \/>\n\t<meta property=\"og:image:height\" content=\"600\" \/>\n\t<meta property=\"og:image:type\" content=\"image\/jpeg\" \/>\n<meta name=\"twitter:card\" content=\"summary_large_image\" \/>\n<meta name=\"twitter:label1\" content=\"Est. reading time\" \/>\n\t<meta name=\"twitter:data1\" content=\"4 minutes\" \/>\n<script type=\"application\/ld+json\" class=\"yoast-schema-graph\">{\"@context\":\"https:\/\/schema.org\",\"@graph\":[{\"@type\":\"WebPage\",\"@id\":\"https:\/\/kawasan.vn\/san-pham\/bao-trom-qua-dien-thoai-kw-260b-sim\/\",\"url\":\"https:\/\/kawasan.vn\/san-pham\/bao-trom-qua-dien-thoai-kw-260b-sim\/\",\"name\":\"B\u00e1o Tr\u1ed9m Qua \u0110i\u1ec7n Tho\u1ea1i KW-260B SIM - Kawasan\",\"isPartOf\":{\"@id\":\"https:\/\/kawasan.vn\/#website\"},\"primaryImageOfPage\":{\"@id\":\"https:\/\/kawasan.vn\/san-pham\/bao-trom-qua-dien-thoai-kw-260b-sim\/#primaryimage\"},\"image\":{\"@id\":\"https:\/\/kawasan.vn\/san-pham\/bao-trom-qua-dien-thoai-kw-260b-sim\/#primaryimage\"},\"thumbnailUrl\":\"https:\/\/kawasan.vn\/wp-content\/uploads\/2024\/11\/260B-SIM-2018-600x600-1-1.jpg\",\"datePublished\":\"2024-11-18T09:40:39+00:00\",\"dateModified\":\"2025-12-27T06:20:11+00:00\",\"description\":\"B\u00e1o Tr\u1ed9m Qua \u0110i\u1ec7n Tho\u1ea1i KW-260B SIM. H\u1ec7 th\u1ed1ng b\u00e1o tr\u1ed9m qua \u0111i\u1ec7n tho\u1ea1i KW-260B SIM d\u00f9ng Sim cao c\u1ea5p-\u0111a n\u0103ng. \u0110\u00e2y l\u00e0 gi\u1ea3i ph\u00e1p an ninh an to\u00e0n...\",\"breadcrumb\":{\"@id\":\"https:\/\/kawasan.vn\/san-pham\/bao-trom-qua-dien-thoai-kw-260b-sim\/#breadcrumb\"},\"inLanguage\":\"en-US\",\"potentialAction\":[{\"@type\":\"ReadAction\",\"target\":[\"https:\/\/kawasan.vn\/san-pham\/bao-trom-qua-dien-thoai-kw-260b-sim\/\"]}]},{\"@type\":\"ImageObject\",\"inLanguage\":\"en-US\",\"@id\":\"https:\/\/kawasan.vn\/san-pham\/bao-trom-qua-dien-thoai-kw-260b-sim\/#primaryimage\",\"url\":\"https:\/\/kawasan.vn\/wp-content\/uploads\/2024\/11\/260B-SIM-2018-600x600-1-1.jpg\",\"contentUrl\":\"https:\/\/kawasan.vn\/wp-content\/uploads\/2024\/11\/260B-SIM-2018-600x600-1-1.jpg\",\"width\":600,\"height\":600,\"caption\":\"B\u00e1o tr\u1ed9m qua \u0111i\u1ec7n tho\u1ea1i KW-260B SIM\"},{\"@type\":\"BreadcrumbList\",\"@id\":\"https:\/\/kawasan.vn\/san-pham\/bao-trom-qua-dien-thoai-kw-260b-sim\/#breadcrumb\",\"itemListElement\":[{\"@type\":\"ListItem\",\"position\":1,\"name\":\"Trang ch\u1ee7\",\"item\":\"https:\/\/kawasan.vn\/\"},{\"@type\":\"ListItem\",\"position\":2,\"name\":\"S\u1ea3n ph\u1ea9m\",\"item\":\"https:\/\/kawasan.vn\/san-pham\/\"},{\"@type\":\"ListItem\",\"position\":3,\"name\":\"B\u00e1o Tr\u1ed9m Qua \u0110i\u1ec7n Tho\u1ea1i KW-260B SIM\"}]},{\"@type\":\"WebSite\",\"@id\":\"https:\/\/kawasan.vn\/#website\",\"url\":\"https:\/\/kawasan.vn\/\",\"name\":\"Kawasan\",\"description\":\"\",\"potentialAction\":[{\"@type\":\"SearchAction\",\"target\":{\"@type\":\"EntryPoint\",\"urlTemplate\":\"https:\/\/kawasan.vn\/?s={search_term_string}\"},\"query-input\":{\"@type\":\"PropertyValueSpecification\",\"valueRequired\":true,\"valueName\":\"search_term_string\"}}],\"inLanguage\":\"en-US\"}]}<\/script>\n<!-- \/ Yoast SEO Premium plugin. -->","yoast_head_json":{"title":"B\u00e1o Tr\u1ed9m Qua \u0110i\u1ec7n Tho\u1ea1i KW-260B SIM - Kawasan","description":"B\u00e1o Tr\u1ed9m Qua \u0110i\u1ec7n Tho\u1ea1i KW-260B SIM. H\u1ec7 th\u1ed1ng b\u00e1o tr\u1ed9m qua \u0111i\u1ec7n tho\u1ea1i KW-260B SIM d\u00f9ng Sim cao c\u1ea5p-\u0111a n\u0103ng. \u0110\u00e2y l\u00e0 gi\u1ea3i ph\u00e1p an ninh an to\u00e0n...","robots":{"index":"index","follow":"follow","max-snippet":"max-snippet:-1","max-image-preview":"max-image-preview:large","max-video-preview":"max-video-preview:-1"},"canonical":"https:\/\/kawasan.vn\/en\/product\/bao-trom-qua-dien-thoai-kw-260b-sim\/","og_locale":"en_US","og_type":"article","og_title":"B\u00e1o Tr\u1ed9m Qua \u0110i\u1ec7n Tho\u1ea1i KW-260B SIM","og_description":"B\u00e1o Tr\u1ed9m Qua \u0110i\u1ec7n Tho\u1ea1i KW-260B SIM. H\u1ec7 th\u1ed1ng b\u00e1o tr\u1ed9m qua \u0111i\u1ec7n tho\u1ea1i KW-260B SIM d\u00f9ng Sim cao c\u1ea5p-\u0111a n\u0103ng. \u0110\u00e2y l\u00e0 gi\u1ea3i ph\u00e1p an ninh an to\u00e0n...","og_url":"https:\/\/kawasan.vn\/en\/product\/bao-trom-qua-dien-thoai-kw-260b-sim\/","og_site_name":"Kawasan","article_modified_time":"2025-12-27T06:20:11+00:00","og_image":[{"width":600,"height":600,"url":"https:\/\/kawasan.vn\/wp-content\/uploads\/2024\/11\/260B-SIM-2018-600x600-1-1.jpg","type":"image\/jpeg"}],"twitter_card":"summary_large_image","twitter_misc":{"Est. reading time":"4 minutes"},"schema":{"@context":"https:\/\/schema.org","@graph":[{"@type":"WebPage","@id":"https:\/\/kawasan.vn\/san-pham\/bao-trom-qua-dien-thoai-kw-260b-sim\/","url":"https:\/\/kawasan.vn\/san-pham\/bao-trom-qua-dien-thoai-kw-260b-sim\/","name":"B\u00e1o Tr\u1ed9m Qua \u0110i\u1ec7n Tho\u1ea1i KW-260B SIM - Kawasan","isPartOf":{"@id":"https:\/\/kawasan.vn\/#website"},"primaryImageOfPage":{"@id":"https:\/\/kawasan.vn\/san-pham\/bao-trom-qua-dien-thoai-kw-260b-sim\/#primaryimage"},"image":{"@id":"https:\/\/kawasan.vn\/san-pham\/bao-trom-qua-dien-thoai-kw-260b-sim\/#primaryimage"},"thumbnailUrl":"https:\/\/kawasan.vn\/wp-content\/uploads\/2024\/11\/260B-SIM-2018-600x600-1-1.jpg","datePublished":"2024-11-18T09:40:39+00:00","dateModified":"2025-12-27T06:20:11+00:00","description":"B\u00e1o Tr\u1ed9m Qua \u0110i\u1ec7n Tho\u1ea1i KW-260B SIM. H\u1ec7 th\u1ed1ng b\u00e1o tr\u1ed9m qua \u0111i\u1ec7n tho\u1ea1i KW-260B SIM d\u00f9ng Sim cao c\u1ea5p-\u0111a n\u0103ng. \u0110\u00e2y l\u00e0 gi\u1ea3i ph\u00e1p an ninh an to\u00e0n...","breadcrumb":{"@id":"https:\/\/kawasan.vn\/san-pham\/bao-trom-qua-dien-thoai-kw-260b-sim\/#breadcrumb"},"inLanguage":"en-US","potentialAction":[{"@type":"ReadAction","target":["https:\/\/kawasan.vn\/san-pham\/bao-trom-qua-dien-thoai-kw-260b-sim\/"]}]},{"@type":"ImageObject","inLanguage":"en-US","@id":"https:\/\/kawasan.vn\/san-pham\/bao-trom-qua-dien-thoai-kw-260b-sim\/#primaryimage","url":"https:\/\/kawasan.vn\/wp-content\/uploads\/2024\/11\/260B-SIM-2018-600x600-1-1.jpg","contentUrl":"https:\/\/kawasan.vn\/wp-content\/uploads\/2024\/11\/260B-SIM-2018-600x600-1-1.jpg","width":600,"height":600,"caption":"B\u00e1o tr\u1ed9m qua \u0111i\u1ec7n tho\u1ea1i KW-260B SIM"},{"@type":"BreadcrumbList","@id":"https:\/\/kawasan.vn\/san-pham\/bao-trom-qua-dien-thoai-kw-260b-sim\/#breadcrumb","itemListElement":[{"@type":"ListItem","position":1,"name":"Trang ch\u1ee7","item":"https:\/\/kawasan.vn\/"},{"@type":"ListItem","position":2,"name":"S\u1ea3n ph\u1ea9m","item":"https:\/\/kawasan.vn\/san-pham\/"},{"@type":"ListItem","position":3,"name":"B\u00e1o Tr\u1ed9m Qua \u0110i\u1ec7n Tho\u1ea1i KW-260B SIM"}]},{"@type":"WebSite","@id":"https:\/\/kawasan.vn\/#website","url":"https:\/\/kawasan.vn\/","name":"Kawasan","description":"","potentialAction":[{"@type":"SearchAction","target":{"@type":"EntryPoint","urlTemplate":"https:\/\/kawasan.vn\/?s={search_term_string}"},"query-input":{"@type":"PropertyValueSpecification","valueRequired":true,"valueName":"search_term_string"}}],"inLanguage":"en-US"}]}},"_links":{"self":[{"href":"https:\/\/kawasan.vn\/en\/wp-json\/wp\/v2\/product\/21002","targetHints":{"allow":["GET"]}}],"collection":[{"href":"https:\/\/kawasan.vn\/en\/wp-json\/wp\/v2\/product"}],"about":[{"href":"https:\/\/kawasan.vn\/en\/wp-json\/wp\/v2\/types\/product"}],"replies":[{"embeddable":true,"href":"https:\/\/kawasan.vn\/en\/wp-json\/wp\/v2\/comments?post=21002"}],"version-history":[{"count":1,"href":"https:\/\/kawasan.vn\/en\/wp-json\/wp\/v2\/product\/21002\/revisions"}],"predecessor-version":[{"id":21014,"href":"https:\/\/kawasan.vn\/en\/wp-json\/wp\/v2\/product\/21002\/revisions\/21014"}],"wp:featuredmedia":[{"embeddable":true,"href":"https:\/\/kawasan.vn\/en\/wp-json\/wp\/v2\/media\/21006"}],"wp:attachment":[{"href":"https:\/\/kawasan.vn\/en\/wp-json\/wp\/v2\/media?parent=21002"}],"wp:term":[{"taxonomy":"product_cat","embeddable":true,"href":"https:\/\/kawasan.vn\/en\/wp-json\/wp\/v2\/product_cat?post=21002"},{"taxonomy":"product_tag","embeddable":true,"href":"https:\/\/kawasan.vn\/en\/wp-json\/wp\/v2\/product_tag?post=21002"}],"curies":[{"name":"wp","href":"https:\/\/api.w.org\/{rel}","templated":true}]}}