{"id":20963,"date":"2024-11-18T13:49:06","date_gmt":"2024-11-18T06:49:06","guid":{"rendered":"https:\/\/kawasan.vn\/?post_type=product&#038;p=20963"},"modified":"2025-12-11T16:04:38","modified_gmt":"2025-12-11T09:04:38","slug":"dau-cam-ung-bao-dong-hong-ngoai-co-day-kw-ps02b","status":"publish","type":"product","link":"https:\/\/kawasan.vn\/en\/product\/dau-cam-ung-bao-dong-hong-ngoai-co-day-kw-ps02b\/","title":{"rendered":"\u0110\u1ea7u C\u1ea3m \u1ee8ng B\u00e1o \u0110\u1ed9ng H\u1ed3ng Ngo\u1ea1i C\u00f3 D\u00e2y KW-PS02B"},"content":{"rendered":"<h2><span class=\"ez-toc-section\" id=\"1_Gioi_Thieu\"><\/span>1. Gi\u1edbi Thi\u1ec7u<span class=\"ez-toc-section-end\"><\/span><\/h2><div id=\"ez-toc-container\" class=\"ez-toc-v2_0_69_1 counter-hierarchy ez-toc-counter ez-toc-grey ez-toc-container-direction\">\n<div class=\"ez-toc-title-container\">\n<p class=\"ez-toc-title\" >N\u1ed9i Dung B&agrave;i Vi\u1ebft<\/p>\n<span class=\"ez-toc-title-toggle\"><a href=\"#\" class=\"ez-toc-pull-right ez-toc-btn ez-toc-btn-xs ez-toc-btn-default ez-toc-toggle\" aria-label=\"Toggle Table of Content\"><span class=\"ez-toc-js-icon-con\"><span class=\"\"><span class=\"eztoc-hide\" style=\"display:none;\">Toggle<\/span><span class=\"ez-toc-icon-toggle-span\"><svg style=\"fill: #999;color:#999\" xmlns=\"http:\/\/www.w3.org\/2000\/svg\" class=\"list-377408\" width=\"20px\" height=\"20px\" viewbox=\"0 0 24 24\" fill=\"none\"><path d=\"M6 6H4v2h2V6zm14 0H8v2h12V6zM4 11h2v2H4v-2zm16 0H8v2h12v-2zM4 16h2v2H4v-2zm16 0H8v2h12v-2z\" fill=\"currentColor\"><\/path><\/svg><svg style=\"fill: #999;color:#999\" class=\"arrow-unsorted-368013\" xmlns=\"http:\/\/www.w3.org\/2000\/svg\" width=\"10px\" height=\"10px\" viewbox=\"0 0 24 24\" version=\"1.2\" baseprofile=\"tiny\"><path d=\"M18.2 9.3l-6.2-6.3-6.2 6.3c-.2.2-.3.4-.3.7s.1.5.3.7c.2.2.4.3.7.3h11c.3 0 .5-.1.7-.3.2-.2.3-.5.3-.7s-.1-.5-.3-.7zM5.8 14.7l6.2 6.3 6.2-6.3c.2-.2.3-.5.3-.7s-.1-.5-.3-.7c-.2-.2-.4-.3-.7-.3h-11c-.3 0-.5.1-.7.3-.2.2-.3.5-.3.7s.1.5.3.7z\"\/><\/svg><\/span><\/span><\/span><\/a><\/span><\/div>\n<nav><ul class='ez-toc-list ez-toc-list-level-1 eztoc-toggle-hide-by-default' ><li class='ez-toc-page-1 ez-toc-heading-level-2'><a class=\"ez-toc-link ez-toc-heading-1\" href=\"https:\/\/kawasan.vn\/en\/product\/dau-cam-ung-bao-dong-hong-ngoai-co-day-kw-ps02b\/#1_Gioi_Thieu\" title=\"1. Gi\u1edbi Thi\u1ec7u\">1. Gi\u1edbi Thi\u1ec7u<\/a><\/li><li class='ez-toc-page-1 ez-toc-heading-level-2'><a class=\"ez-toc-link ez-toc-heading-2\" href=\"https:\/\/kawasan.vn\/en\/product\/dau-cam-ung-bao-dong-hong-ngoai-co-day-kw-ps02b\/#2_Dac_Diem_Noi_Bat\" title=\"2. \u0110\u1eb7c \u0110i\u1ec3m N\u1ed5i B\u1eadt\">2. \u0110\u1eb7c \u0110i\u1ec3m N\u1ed5i B\u1eadt<\/a><\/li><li class='ez-toc-page-1 ez-toc-heading-level-2'><a class=\"ez-toc-link ez-toc-heading-3\" href=\"https:\/\/kawasan.vn\/en\/product\/dau-cam-ung-bao-dong-hong-ngoai-co-day-kw-ps02b\/#3_Ung_Dung\" title=\"3. \u1ee8ng D\u1ee5ng\">3. \u1ee8ng D\u1ee5ng<\/a><\/li><li class='ez-toc-page-1 ez-toc-heading-level-2'><a class=\"ez-toc-link ez-toc-heading-4\" href=\"https:\/\/kawasan.vn\/en\/product\/dau-cam-ung-bao-dong-hong-ngoai-co-day-kw-ps02b\/#4_Loi_Ich\" title=\"4. L\u1ee3i \u00cdch\">4. L\u1ee3i \u00cdch<\/a><\/li><li class='ez-toc-page-1 ez-toc-heading-level-2'><a class=\"ez-toc-link ez-toc-heading-5\" href=\"https:\/\/kawasan.vn\/en\/product\/dau-cam-ung-bao-dong-hong-ngoai-co-day-kw-ps02b\/#5_Luu_Y_Khi_Su_Dung\" title=\"5. L\u01b0u \u00dd Khi S\u1eed D\u1ee5ng\">5. L\u01b0u \u00dd Khi S\u1eed D\u1ee5ng<\/a><\/li><li class='ez-toc-page-1 ez-toc-heading-level-2'><a class=\"ez-toc-link ez-toc-heading-6\" href=\"https:\/\/kawasan.vn\/en\/product\/dau-cam-ung-bao-dong-hong-ngoai-co-day-kw-ps02b\/#6_Tong_Quan\" title=\"6. T\u1ed5ng Quan\">6. T\u1ed5ng Quan<\/a><\/li><\/ul><\/nav><\/div>\n\n<p>\u0110\u1ea7u c\u1ea3m \u1ee9ng b\u00e1o \u0111\u1ed9ng h\u1ed3ng ngo\u1ea1i c\u00f3 d\u00e2y PS02B. S\u1ea3n ph\u1ea9m an ninh th\u00f4ng minh c\u1ee7a <strong><a href=\"https:\/\/kawasan.vn\/en\/\">Kawasan<\/a><\/strong>. \u0110\u01b0\u1ee3c thi\u1ebft k\u1ebf \u0111\u1ec3 t\u0103ng c\u01b0\u1eddng hi\u1ec7u qu\u1ea3 gi\u00e1m s\u00e1t v\u00e0 b\u1ea3o v\u1ec7. S\u1eed d\u1ee5ng c\u00f4ng ngh\u1ec7 c\u1ea3m bi\u1ebfn h\u1ed3ng ngo\u1ea1i ti\u00ean ti\u1ebfn.<\/p>\n<p>PS02B ph\u00e1t hi\u1ec7n chuy\u1ec3n \u0111\u1ed9ng m\u1ed9t c\u00e1ch ch\u00ednh x\u00e1c v\u00e0 \u0111\u00e1ng tin c\u1eady, \u0111\u1ed3ng th\u1eddi k\u1ebft n\u1ed1i tr\u1ef1c ti\u1ebfp v\u1edbi h\u1ec7 th\u1ed1ng b\u00e1o \u0111\u1ed9ng th\u00f4ng qua d\u00e2y d\u1eabn. \u0110\u00e2y l\u00e0 gi\u1ea3i ph\u00e1p l\u00fd t\u01b0\u1edfng cho c\u00e1c khu v\u1ef1c c\u1ea7n \u0111\u1ea3m b\u1ea3o an ninh cao nh\u01b0 gia \u0111\u00ecnh, v\u0103n ph\u00f2ng, c\u1eeda h\u00e0ng, ho\u1eb7c kho b\u00e3i.<\/p>\n<figure id=\"attachment_21327\" aria-describedby=\"caption-attachment-21327\" style=\"width: 640px\" class=\"wp-caption aligncenter\"><img loading=\"lazy\" decoding=\"async\" class=\"size-full wp-image-21327\" src=\"https:\/\/kawasan.vn\/wp-content\/uploads\/2024\/11\/Thiet-ke-chua-co-ten-12-1.png\" alt=\"\u0110\u1ea7u C\u1ea3m \u1ee8ng B\u00e1o \u0110\u1ed9ng H\u1ed3ng Ngo\u1ea1i C\u00f3 D\u00e2y KW-PS02B\" width=\"640\" height=\"427\" srcset=\"https:\/\/kawasan.vn\/wp-content\/uploads\/2024\/11\/Thiet-ke-chua-co-ten-12-1.png 640w, https:\/\/kawasan.vn\/wp-content\/uploads\/2024\/11\/Thiet-ke-chua-co-ten-12-1-400x267.png 400w\" sizes=\"auto, (max-width: 640px) 100vw, 640px\" \/><figcaption id=\"caption-attachment-21327\" class=\"wp-caption-text\">\u0110\u1ea7u C\u1ea3m \u1ee8ng B\u00e1o \u0110\u1ed9ng H\u1ed3ng Ngo\u1ea1i C\u00f3 D\u00e2y KW-PS02B<\/figcaption><\/figure>\n<h2><span class=\"ez-toc-section\" id=\"2_Dac_Diem_Noi_Bat\"><\/span>2. \u0110\u1eb7c \u0110i\u1ec3m N\u1ed5i B\u1eadt<span class=\"ez-toc-section-end\"><\/span><\/h2>\n<ul>\n<li><strong>C\u1ea3m bi\u1ebfn h\u1ed3ng ngo\u1ea1i ti\u00ean ti\u1ebfn<\/strong>. Ph\u00e1t hi\u1ec7n chuy\u1ec3n \u0111\u1ed9ng d\u1ef1a tr\u00ean s\u1ef1 thay \u0111\u1ed5i nhi\u1ec7t \u0111\u1ed9 trong khu v\u1ef1c gi\u00e1m s\u00e1t, \u0111\u1ea3m b\u1ea3o \u0111\u1ed9 ch\u00ednh x\u00e1c cao.<\/li>\n<li><strong>Thi\u1ebft k\u1ebf c\u00f3 d\u00e2y \u1ed5n \u0111\u1ecbnh<\/strong>. K\u1ebft n\u1ed1i tr\u1ef1c ti\u1ebfp v\u1edbi h\u1ec7 th\u1ed1ng b\u00e1o \u0111\u1ed9ng qua d\u00e2y d\u1eabn. H\u1ea1n ch\u1ebf nhi\u1ec5u s\u00f3ng v\u00e0 duy tr\u00ec k\u1ebft n\u1ed1i \u1ed5n \u0111\u1ecbnh.<\/li>\n<li><strong>G\u00f3c qu\u00e9t v\u00e0 ph\u1ea1m vi r\u1ed9ng<\/strong>. G\u00f3c ph\u00e1t hi\u1ec7n l\u00ean t\u1edbi 120 \u0111\u1ed9 v\u1edbi ph\u1ea1m vi gi\u00e1m s\u00e1t t\u1eeb 8 \u0111\u1ebfn 12 m\u00e9t, ph\u00f9 h\u1ee3p v\u1edbi kh\u00f4ng gian l\u1edbn.<\/li>\n<li><strong>Ch\u1ed1ng nhi\u1ec5u t\u1ed1t<\/strong>. Kh\u1ea3 n\u0103ng ch\u1ed1ng l\u1ea1i c\u00e1c t\u00e1c nh\u00e2n g\u00e2y nhi\u1ec5u nh\u01b0 \u00e1nh s\u00e1ng m\u1ea1nh ho\u1eb7c t\u00edn hi\u1ec7u t\u1eeb c\u00e1c thi\u1ebft b\u1ecb \u0111i\u1ec7n t\u1eed kh\u00e1c.<\/li>\n<li><strong>Ti\u00eau th\u1ee5 \u0111i\u1ec7n n\u0103ng th\u1ea5p<\/strong>. Thi\u1ebft b\u1ecb \u0111\u01b0\u1ee3c t\u1ed1i \u01b0u h\u00f3a \u0111\u1ec3 ti\u1ebft ki\u1ec7m n\u0103ng l\u01b0\u1ee3ng, ph\u00f9 h\u1ee3p v\u1edbi ho\u1ea1t \u0111\u1ed9ng d\u00e0i h\u1ea1n.\n<p><figure id=\"attachment_21328\" aria-describedby=\"caption-attachment-21328\" style=\"width: 600px\" class=\"wp-caption aligncenter\"><img loading=\"lazy\" decoding=\"async\" class=\"size-full wp-image-21328\" src=\"https:\/\/kawasan.vn\/wp-content\/uploads\/2024\/11\/PS02B-Avt-3-600x600px.jpg\" alt=\"\u0110\u1ea7u C\u1ea3m \u1ee8ng B\u00e1o \u0110\u1ed9ng H\u1ed3ng Ngo\u1ea1i C\u00f3 D\u00e2y KW-PS02B\" width=\"600\" height=\"600\" srcset=\"https:\/\/kawasan.vn\/wp-content\/uploads\/2024\/11\/PS02B-Avt-3-600x600px.jpg 600w, https:\/\/kawasan.vn\/wp-content\/uploads\/2024\/11\/PS02B-Avt-3-600x600px-400x400.jpg 400w\" sizes=\"auto, (max-width: 600px) 100vw, 600px\" \/><figcaption id=\"caption-attachment-21328\" class=\"wp-caption-text\">\u0110\u1ea7u C\u1ea3m \u1ee8ng B\u00e1o \u0110\u1ed9ng H\u1ed3ng Ngo\u1ea1i C\u00f3 D\u00e2y KW-PS02B<\/figcaption><\/figure><\/li>\n<\/ul>\n<h2><span class=\"ez-toc-section\" id=\"3_Ung_Dung\"><\/span>3. \u1ee8ng D\u1ee5ng<span class=\"ez-toc-section-end\"><\/span><\/h2>\n<ul>\n<li><strong>Gia \u0111\u00ecnh<\/strong>. L\u1eafp \u0111\u1eb7t trong nh\u00e0 ho\u1eb7c s\u00e2n v\u01b0\u1eddn \u0111\u1ec3 ph\u00e1t hi\u1ec7n v\u00e0 c\u1ea3nh b\u00e1o c\u00e1c ho\u1ea1t \u0111\u1ed9ng b\u1ea5t th\u01b0\u1eddng.<\/li>\n<li><strong>C\u1eeda h\u00e0ng v\u00e0 v\u0103n ph\u00f2ng.<\/strong>\u00a0B\u1ea3o v\u1ec7 t\u00e0i s\u1ea3n v\u00e0 ph\u00e1t hi\u1ec7n s\u1ef1 x\u00e2m nh\u1eadp tr\u00e1i ph\u00e9p ngo\u00e0i gi\u1edd l\u00e0m vi\u1ec7c.<\/li>\n<li><strong>Kho b\u00e3i v\u00e0 nh\u00e0 m\u00e1y<\/strong>. S\u1eed d\u1ee5ng trong c\u00e1c khu v\u1ef1c l\u01b0u tr\u1eef l\u1edbn \u0111\u1ec3 gi\u00e1m s\u00e1t v\u00e0 b\u1ea3o v\u1ec7 h\u00e0ng h\u00f3a.<\/li>\n<li><strong>Khu v\u1ef1c c\u00f4ng c\u1ed9ng<\/strong>. L\u1eafp \u0111\u1eb7t t\u1ea1i b\u00e3i xe, h\u00e0nh lang ho\u1eb7c c\u00e1c khu v\u1ef1c c\u00f4ng c\u1ed9ng \u0111\u1ec3 t\u0103ng c\u01b0\u1eddng gi\u00e1m s\u00e1t an ninh.<\/li>\n<\/ul>\n<h2><span class=\"ez-toc-section\" id=\"4_Loi_Ich\"><\/span>4. L\u1ee3i \u00cdch<span class=\"ez-toc-section-end\"><\/span><\/h2>\n<ul>\n<li><strong>T\u0103ng c\u01b0\u1eddng an ninh<\/strong>. Ph\u00e1t hi\u1ec7n s\u1edbm c\u00e1c h\u00e0nh vi x\u00e2m nh\u1eadp, gi\u00fap ng\u01b0\u1eddi d\u00f9ng x\u1eed l\u00fd k\u1ecbp th\u1eddi.<\/li>\n<li><strong>Ho\u1ea1t \u0111\u1ed9ng \u1ed5n \u0111\u1ecbnh<\/strong>. K\u1ebft n\u1ed1i c\u00f3 d\u00e2y \u0111\u1ea3m b\u1ea3o t\u00edn hi\u1ec7u kh\u00f4ng b\u1ecb gi\u00e1n \u0111o\u1ea1n, ngay c\u1ea3 trong m\u00f4i tr\u01b0\u1eddng c\u00f3 nhi\u1ec1u thi\u1ebft b\u1ecb \u0111i\u1ec7n t\u1eed.<\/li>\n<li><strong>Ph\u1ea1m vi gi\u00e1m s\u00e1t r\u1ed9ng<\/strong>. \u0110\u1ea3m b\u1ea3o kh\u00f4ng gian l\u1edbn \u0111\u01b0\u1ee3c b\u1ea3o v\u1ec7 hi\u1ec7u qu\u1ea3 m\u00e0 kh\u00f4ng c\u1ea7n l\u1eafp \u0111\u1eb7t nhi\u1ec1u thi\u1ebft b\u1ecb.<\/li>\n<li><strong>D\u1ec5 d\u00e0ng t\u00edch h\u1ee3p<\/strong>. T\u01b0\u01a1ng th\u00edch v\u1edbi h\u1ea7u h\u1ebft c\u00e1c h\u1ec7 th\u1ed1ng b\u00e1o \u0111\u1ed9ng hi\u1ec7n \u0111\u1ea1i, gi\u00fap n\u00e2ng cao hi\u1ec7u qu\u1ea3 gi\u00e1m s\u00e1t.<\/li>\n<li><strong>Ti\u1ebft ki\u1ec7m chi ph\u00ed<\/strong>. Gi\u00e1 c\u1ea3 h\u1ee3p l\u00fd, ti\u00eau th\u1ee5 \u00edt \u0111i\u1ec7n n\u0103ng v\u00e0 \u0111\u1ed9 b\u1ec1n cao, gi\u1ea3m chi ph\u00ed v\u1eadn h\u00e0nh v\u00e0 b\u1ea3o tr\u00ec.<\/li>\n<\/ul>\n<h2><span class=\"ez-toc-section\" id=\"5_Luu_Y_Khi_Su_Dung\"><\/span>5. L\u01b0u \u00dd Khi S\u1eed D\u1ee5ng<span class=\"ez-toc-section-end\"><\/span><\/h2>\n<ul>\n<li><strong>L\u1eafp \u0111\u1eb7t \u0111\u00fang v\u1ecb tr\u00ed<\/strong>. Ch\u1ecdn n\u01a1i cao r\u00e1o, tho\u00e1ng \u0111\u00e3ng. Kh\u00f4ng c\u00f3 v\u1eadt c\u1ea3n \u0111\u1ec3 \u0111\u1ea3m b\u1ea3o hi\u1ec7u qu\u1ea3 ph\u00e1t hi\u1ec7n.<\/li>\n<li><strong>Tr\u00e1nh \u00e1nh s\u00e1ng m\u1ea1nh tr\u1ef1c ti\u1ebfp<\/strong>. \u00c1nh s\u00e1ng qu\u00e1 m\u1ea1nh c\u00f3 th\u1ec3 \u1ea3nh h\u01b0\u1edfng \u0111\u1ebfn c\u1ea3m bi\u1ebfn h\u1ed3ng ngo\u1ea1i.<\/li>\n<li><strong>Ki\u1ec3m tra k\u1ebft n\u1ed1i \u0111\u1ecbnh k\u1ef3<\/strong>. \u0110\u1ea3m b\u1ea3o d\u00e2y d\u1eabn kh\u00f4ng b\u1ecb h\u01b0 h\u1ecfng ho\u1eb7c l\u1ecfng l\u1ebbo \u0111\u1ec3 duy tr\u00ec k\u1ebft n\u1ed1i \u1ed5n \u0111\u1ecbnh.<\/li>\n<li><strong>Kh\u00f4ng l\u1eafp g\u1ea7n ngu\u1ed3n nhi\u1ec7t<\/strong>. C\u00e1c ngu\u1ed3n nhi\u1ec7t l\u1edbn nh\u01b0 b\u1ebfp ho\u1eb7c \u0111i\u1ec1u h\u00f2a c\u00f3 th\u1ec3 l\u00e0m gi\u1ea3m \u0111\u1ed9 ch\u00ednh x\u00e1c c\u1ee7a c\u1ea3m bi\u1ebfn.<\/li>\n<li><strong>B\u1ea3o tr\u00ec th\u01b0\u1eddng xuy\u00ean<\/strong>. L\u00e0m s\u1ea1ch thi\u1ebft b\u1ecb \u0111\u1ecbnh k\u1ef3 \u0111\u1ec3 tr\u00e1nh b\u1ee5i b\u1ea9n \u1ea3nh h\u01b0\u1edfng \u0111\u1ebfn kh\u1ea3 n\u0103ng ph\u00e1t hi\u1ec7n.<\/li>\n<\/ul>\n<h2><span class=\"ez-toc-section\" id=\"6_Tong_Quan\"><\/span>6. T\u1ed5ng Quan<span class=\"ez-toc-section-end\"><\/span><\/h2>\n<p>\u0110\u1ea7u c\u1ea3m \u1ee9ng b\u00e1o \u0111\u1ed9ng h\u1ed3ng ngo\u1ea1i c\u00f3 d\u00e2y PS02B c\u1ee7a <a href=\"https:\/\/kawasan.com.vn\/\"><strong>Kawasan<\/strong><\/a> . L\u1ef1a ch\u1ecdn l\u00fd t\u01b0\u1edfng cho nh\u1eefng ai \u0111ang t\u00ecm ki\u1ebfm m\u1ed9t gi\u1ea3i ph\u00e1p gi\u00e1m s\u00e1t an ninh \u0111\u00e1ng tin c\u1eady.<\/p>\n<p>V\u1edbi c\u00f4ng ngh\u1ec7 c\u1ea3m bi\u1ebfn h\u1ed3ng ngo\u1ea1i ti\u00ean ti\u1ebfn, k\u1ebft n\u1ed1i c\u00f3 d\u00e2y \u1ed5n \u0111\u1ecbnh. V\u00e0 kh\u1ea3 n\u0103ng gi\u00e1m s\u00e1t hi\u1ec7u qu\u1ea3 trong kh\u00f4ng gian l\u1edbn, s\u1ea3n ph\u1ea9m n\u00e0y mang l\u1ea1i s\u1ef1 an t\u00e2m tuy\u1ec7t \u0111\u1ed1i. PS02B kh\u00f4ng ch\u1ec9 d\u1ec5 d\u00e0ng t\u00edch h\u1ee3p v\u00e0o c\u00e1c h\u1ec7 th\u1ed1ng b\u00e1o \u0111\u1ed9ng hi\u1ec7n c\u00f3, m\u00e0 c\u00f2n gi\u00fap n\u00e2ng cao hi\u1ec7u qu\u1ea3 b\u1ea3o v\u1ec7 v\u00e0 ti\u1ebft ki\u1ec7m chi ph\u00ed d\u00e0i h\u1ea1n. Ph\u00f9 h\u1ee3p v\u1edbi nhi\u1ec1u m\u00f4i tr\u01b0\u1eddng s\u1eed d\u1ee5ng kh\u00e1c nhau.<\/p>","protected":false},"excerpt":{"rendered":"<p>1. Gi\u1edbi Thi\u1ec7u \u0110\u1ea7u c\u1ea3m \u1ee9ng b\u00e1o \u0111\u1ed9ng h\u1ed3ng ngo\u1ea1i c\u00f3 d\u00e2y PS02B. S\u1ea3n ph\u1ea9m an ninh th\u00f4ng minh c\u1ee7a Kawasan. \u0110\u01b0\u1ee3c thi\u1ebft k\u1ebf \u0111\u1ec3 t\u0103ng c\u01b0\u1eddng hi\u1ec7u qu\u1ea3 gi\u00e1m s\u00e1t v\u00e0 b\u1ea3o v\u1ec7. S\u1eed d\u1ee5ng c\u00f4ng ngh\u1ec7 c\u1ea3m bi\u1ebfn h\u1ed3ng ngo\u1ea1i ti\u00ean ti\u1ebfn. PS02B ph\u00e1t hi\u1ec7n chuy\u1ec3n \u0111\u1ed9ng m\u1ed9t c\u00e1ch ch\u00ednh x\u00e1c v\u00e0 \u0111\u00e1ng [&hellip;]<\/p>","protected":false},"featured_media":20967,"comment_status":"open","ping_status":"closed","template":"","meta":{"_yoast_wpseo_focuskw":"\u0110\u1ea7u C\u1ea3m \u1ee8ng B\u00e1o \u0110\u1ed9ng KW-PS02B","_yoast_wpseo_metadesc":"\u0110\u1ea7u C\u1ea3m \u1ee8ng B\u00e1o \u0110\u1ed9ng H\u1ed3ng Ngo\u1ea1i C\u00f3 D\u00e2y KW-PS02B. \u0111\u01b0\u1ee3c thi\u1ebft k\u1ebf \u0111\u1ec3 t\u0103ng c\u01b0\u1eddng hi\u1ec7u qu\u1ea3 gi\u00e1m s\u00e1t v\u00e0 b\u1ea3o v\u1ec7. S\u1eed d\u1ee5ng c\u00f4ng ngh\u1ec7 c\u1ea3m bi\u1ebfn h\u1ed3ng ngo\u1ea1i ti\u00ean ti\u1ebfn...","_yoast_wpseo_focuskeywords":"","_yoast_wpseo_keyword_synonyms":""},"product_cat":[504],"product_tag":[749,843,1339,1340,621,1320,1332],"class_list":["post-20963","product","type-product","status-publish","has-post-thumbnail","hentry","product_cat-phu-kien-tich-hop-them-chuong-cua","product_tag-bao-dong-hong-ngoai","product_tag-bao-trom-hong-ngoai","product_tag-cam-bien-chong-trom","product_tag-chong-trom-hong-ngoai","product_tag-kawasan","product_tag-thiet-bi-chong-trom-gan-cua","product_tag-thiet-bi-chong-trom-hong-ngoai-ngoai-troi"],"acf":[],"yoast_head":"<!-- This site is optimized with the Yoast SEO Premium plugin v24.9 (Yoast SEO v24.9) - https:\/\/yoast.com\/wordpress\/plugins\/seo\/ -->\n<title>\u0110\u1ea7u C\u1ea3m \u1ee8ng B\u00e1o \u0110\u1ed9ng H\u1ed3ng Ngo\u1ea1i C\u00f3 D\u00e2y KW-PS02B - Kawasan<\/title>\n<meta name=\"description\" content=\"\u0110\u1ea7u C\u1ea3m \u1ee8ng B\u00e1o \u0110\u1ed9ng H\u1ed3ng Ngo\u1ea1i C\u00f3 D\u00e2y KW-PS02B. \u0111\u01b0\u1ee3c thi\u1ebft k\u1ebf \u0111\u1ec3 t\u0103ng c\u01b0\u1eddng hi\u1ec7u qu\u1ea3 gi\u00e1m s\u00e1t v\u00e0 b\u1ea3o v\u1ec7. S\u1eed d\u1ee5ng c\u00f4ng ngh\u1ec7 c\u1ea3m bi\u1ebfn h\u1ed3ng ngo\u1ea1i ti\u00ean ti\u1ebfn...\" \/>\n<meta name=\"robots\" content=\"index, follow, max-snippet:-1, max-image-preview:large, max-video-preview:-1\" \/>\n<link rel=\"canonical\" href=\"https:\/\/kawasan.vn\/en\/product\/dau-cam-ung-bao-dong-hong-ngoai-co-day-kw-ps02b\/\" \/>\n<meta property=\"og:locale\" content=\"en_US\" \/>\n<meta property=\"og:type\" content=\"article\" \/>\n<meta property=\"og:title\" content=\"\u0110\u1ea7u C\u1ea3m \u1ee8ng B\u00e1o \u0110\u1ed9ng H\u1ed3ng Ngo\u1ea1i C\u00f3 D\u00e2y KW-PS02B\" \/>\n<meta property=\"og:description\" content=\"\u0110\u1ea7u C\u1ea3m \u1ee8ng B\u00e1o \u0110\u1ed9ng H\u1ed3ng Ngo\u1ea1i C\u00f3 D\u00e2y KW-PS02B. \u0111\u01b0\u1ee3c thi\u1ebft k\u1ebf \u0111\u1ec3 t\u0103ng c\u01b0\u1eddng hi\u1ec7u qu\u1ea3 gi\u00e1m s\u00e1t v\u00e0 b\u1ea3o v\u1ec7. S\u1eed d\u1ee5ng c\u00f4ng ngh\u1ec7 c\u1ea3m bi\u1ebfn h\u1ed3ng ngo\u1ea1i ti\u00ean ti\u1ebfn...\" \/>\n<meta property=\"og:url\" content=\"https:\/\/kawasan.vn\/en\/product\/dau-cam-ung-bao-dong-hong-ngoai-co-day-kw-ps02b\/\" \/>\n<meta property=\"og:site_name\" content=\"Kawasan\" \/>\n<meta property=\"article:modified_time\" content=\"2025-12-11T09:04:38+00:00\" \/>\n<meta property=\"og:image\" content=\"https:\/\/kawasan.vn\/wp-content\/uploads\/2024\/11\/PS02B-Avt-600x600px.jpg\" \/>\n\t<meta property=\"og:image:width\" content=\"600\" \/>\n\t<meta property=\"og:image:height\" content=\"600\" \/>\n\t<meta property=\"og:image:type\" content=\"image\/jpeg\" \/>\n<meta name=\"twitter:card\" content=\"summary_large_image\" \/>\n<meta name=\"twitter:label1\" content=\"Est. reading time\" \/>\n\t<meta name=\"twitter:data1\" content=\"5 minutes\" \/>\n<script type=\"application\/ld+json\" class=\"yoast-schema-graph\">{\"@context\":\"https:\/\/schema.org\",\"@graph\":[{\"@type\":\"WebPage\",\"@id\":\"https:\/\/kawasan.vn\/san-pham\/dau-cam-ung-bao-dong-hong-ngoai-co-day-kw-ps02b\/\",\"url\":\"https:\/\/kawasan.vn\/san-pham\/dau-cam-ung-bao-dong-hong-ngoai-co-day-kw-ps02b\/\",\"name\":\"\u0110\u1ea7u C\u1ea3m \u1ee8ng B\u00e1o \u0110\u1ed9ng H\u1ed3ng Ngo\u1ea1i C\u00f3 D\u00e2y KW-PS02B - Kawasan\",\"isPartOf\":{\"@id\":\"https:\/\/kawasan.vn\/#website\"},\"primaryImageOfPage\":{\"@id\":\"https:\/\/kawasan.vn\/san-pham\/dau-cam-ung-bao-dong-hong-ngoai-co-day-kw-ps02b\/#primaryimage\"},\"image\":{\"@id\":\"https:\/\/kawasan.vn\/san-pham\/dau-cam-ung-bao-dong-hong-ngoai-co-day-kw-ps02b\/#primaryimage\"},\"thumbnailUrl\":\"https:\/\/kawasan.vn\/wp-content\/uploads\/2024\/11\/PS02B-Avt-600x600px.jpg\",\"datePublished\":\"2024-11-18T06:49:06+00:00\",\"dateModified\":\"2025-12-11T09:04:38+00:00\",\"description\":\"\u0110\u1ea7u C\u1ea3m \u1ee8ng B\u00e1o \u0110\u1ed9ng H\u1ed3ng Ngo\u1ea1i C\u00f3 D\u00e2y KW-PS02B. \u0111\u01b0\u1ee3c thi\u1ebft k\u1ebf \u0111\u1ec3 t\u0103ng c\u01b0\u1eddng hi\u1ec7u qu\u1ea3 gi\u00e1m s\u00e1t v\u00e0 b\u1ea3o v\u1ec7. S\u1eed d\u1ee5ng c\u00f4ng ngh\u1ec7 c\u1ea3m bi\u1ebfn h\u1ed3ng ngo\u1ea1i ti\u00ean ti\u1ebfn...\",\"breadcrumb\":{\"@id\":\"https:\/\/kawasan.vn\/san-pham\/dau-cam-ung-bao-dong-hong-ngoai-co-day-kw-ps02b\/#breadcrumb\"},\"inLanguage\":\"en-US\",\"potentialAction\":[{\"@type\":\"ReadAction\",\"target\":[\"https:\/\/kawasan.vn\/san-pham\/dau-cam-ung-bao-dong-hong-ngoai-co-day-kw-ps02b\/\"]}]},{\"@type\":\"ImageObject\",\"inLanguage\":\"en-US\",\"@id\":\"https:\/\/kawasan.vn\/san-pham\/dau-cam-ung-bao-dong-hong-ngoai-co-day-kw-ps02b\/#primaryimage\",\"url\":\"https:\/\/kawasan.vn\/wp-content\/uploads\/2024\/11\/PS02B-Avt-600x600px.jpg\",\"contentUrl\":\"https:\/\/kawasan.vn\/wp-content\/uploads\/2024\/11\/PS02B-Avt-600x600px.jpg\",\"width\":600,\"height\":600},{\"@type\":\"BreadcrumbList\",\"@id\":\"https:\/\/kawasan.vn\/san-pham\/dau-cam-ung-bao-dong-hong-ngoai-co-day-kw-ps02b\/#breadcrumb\",\"itemListElement\":[{\"@type\":\"ListItem\",\"position\":1,\"name\":\"Trang ch\u1ee7\",\"item\":\"https:\/\/kawasan.vn\/\"},{\"@type\":\"ListItem\",\"position\":2,\"name\":\"S\u1ea3n ph\u1ea9m\",\"item\":\"https:\/\/kawasan.vn\/san-pham\/\"},{\"@type\":\"ListItem\",\"position\":3,\"name\":\"\u0110\u1ea7u C\u1ea3m \u1ee8ng B\u00e1o \u0110\u1ed9ng H\u1ed3ng Ngo\u1ea1i C\u00f3 D\u00e2y KW-PS02B\"}]},{\"@type\":\"WebSite\",\"@id\":\"https:\/\/kawasan.vn\/#website\",\"url\":\"https:\/\/kawasan.vn\/\",\"name\":\"Kawasan\",\"description\":\"\",\"potentialAction\":[{\"@type\":\"SearchAction\",\"target\":{\"@type\":\"EntryPoint\",\"urlTemplate\":\"https:\/\/kawasan.vn\/?s={search_term_string}\"},\"query-input\":{\"@type\":\"PropertyValueSpecification\",\"valueRequired\":true,\"valueName\":\"search_term_string\"}}],\"inLanguage\":\"en-US\"}]}<\/script>\n<!-- \/ Yoast SEO Premium plugin. -->","yoast_head_json":{"title":"\u0110\u1ea7u C\u1ea3m \u1ee8ng B\u00e1o \u0110\u1ed9ng H\u1ed3ng Ngo\u1ea1i C\u00f3 D\u00e2y KW-PS02B - Kawasan","description":"\u0110\u1ea7u C\u1ea3m \u1ee8ng B\u00e1o \u0110\u1ed9ng H\u1ed3ng Ngo\u1ea1i C\u00f3 D\u00e2y KW-PS02B. \u0111\u01b0\u1ee3c thi\u1ebft k\u1ebf \u0111\u1ec3 t\u0103ng c\u01b0\u1eddng hi\u1ec7u qu\u1ea3 gi\u00e1m s\u00e1t v\u00e0 b\u1ea3o v\u1ec7. S\u1eed d\u1ee5ng c\u00f4ng ngh\u1ec7 c\u1ea3m bi\u1ebfn h\u1ed3ng ngo\u1ea1i ti\u00ean ti\u1ebfn...","robots":{"index":"index","follow":"follow","max-snippet":"max-snippet:-1","max-image-preview":"max-image-preview:large","max-video-preview":"max-video-preview:-1"},"canonical":"https:\/\/kawasan.vn\/en\/product\/dau-cam-ung-bao-dong-hong-ngoai-co-day-kw-ps02b\/","og_locale":"en_US","og_type":"article","og_title":"\u0110\u1ea7u C\u1ea3m \u1ee8ng B\u00e1o \u0110\u1ed9ng H\u1ed3ng Ngo\u1ea1i C\u00f3 D\u00e2y KW-PS02B","og_description":"\u0110\u1ea7u C\u1ea3m \u1ee8ng B\u00e1o \u0110\u1ed9ng H\u1ed3ng Ngo\u1ea1i C\u00f3 D\u00e2y KW-PS02B. \u0111\u01b0\u1ee3c thi\u1ebft k\u1ebf \u0111\u1ec3 t\u0103ng c\u01b0\u1eddng hi\u1ec7u qu\u1ea3 gi\u00e1m s\u00e1t v\u00e0 b\u1ea3o v\u1ec7. S\u1eed d\u1ee5ng c\u00f4ng ngh\u1ec7 c\u1ea3m bi\u1ebfn h\u1ed3ng ngo\u1ea1i ti\u00ean ti\u1ebfn...","og_url":"https:\/\/kawasan.vn\/en\/product\/dau-cam-ung-bao-dong-hong-ngoai-co-day-kw-ps02b\/","og_site_name":"Kawasan","article_modified_time":"2025-12-11T09:04:38+00:00","og_image":[{"width":600,"height":600,"url":"https:\/\/kawasan.vn\/wp-content\/uploads\/2024\/11\/PS02B-Avt-600x600px.jpg","type":"image\/jpeg"}],"twitter_card":"summary_large_image","twitter_misc":{"Est. reading time":"5 minutes"},"schema":{"@context":"https:\/\/schema.org","@graph":[{"@type":"WebPage","@id":"https:\/\/kawasan.vn\/san-pham\/dau-cam-ung-bao-dong-hong-ngoai-co-day-kw-ps02b\/","url":"https:\/\/kawasan.vn\/san-pham\/dau-cam-ung-bao-dong-hong-ngoai-co-day-kw-ps02b\/","name":"\u0110\u1ea7u C\u1ea3m \u1ee8ng B\u00e1o \u0110\u1ed9ng H\u1ed3ng Ngo\u1ea1i C\u00f3 D\u00e2y KW-PS02B - Kawasan","isPartOf":{"@id":"https:\/\/kawasan.vn\/#website"},"primaryImageOfPage":{"@id":"https:\/\/kawasan.vn\/san-pham\/dau-cam-ung-bao-dong-hong-ngoai-co-day-kw-ps02b\/#primaryimage"},"image":{"@id":"https:\/\/kawasan.vn\/san-pham\/dau-cam-ung-bao-dong-hong-ngoai-co-day-kw-ps02b\/#primaryimage"},"thumbnailUrl":"https:\/\/kawasan.vn\/wp-content\/uploads\/2024\/11\/PS02B-Avt-600x600px.jpg","datePublished":"2024-11-18T06:49:06+00:00","dateModified":"2025-12-11T09:04:38+00:00","description":"\u0110\u1ea7u C\u1ea3m \u1ee8ng B\u00e1o \u0110\u1ed9ng H\u1ed3ng Ngo\u1ea1i C\u00f3 D\u00e2y KW-PS02B. \u0111\u01b0\u1ee3c thi\u1ebft k\u1ebf \u0111\u1ec3 t\u0103ng c\u01b0\u1eddng hi\u1ec7u qu\u1ea3 gi\u00e1m s\u00e1t v\u00e0 b\u1ea3o v\u1ec7. S\u1eed d\u1ee5ng c\u00f4ng ngh\u1ec7 c\u1ea3m bi\u1ebfn h\u1ed3ng ngo\u1ea1i ti\u00ean ti\u1ebfn...","breadcrumb":{"@id":"https:\/\/kawasan.vn\/san-pham\/dau-cam-ung-bao-dong-hong-ngoai-co-day-kw-ps02b\/#breadcrumb"},"inLanguage":"en-US","potentialAction":[{"@type":"ReadAction","target":["https:\/\/kawasan.vn\/san-pham\/dau-cam-ung-bao-dong-hong-ngoai-co-day-kw-ps02b\/"]}]},{"@type":"ImageObject","inLanguage":"en-US","@id":"https:\/\/kawasan.vn\/san-pham\/dau-cam-ung-bao-dong-hong-ngoai-co-day-kw-ps02b\/#primaryimage","url":"https:\/\/kawasan.vn\/wp-content\/uploads\/2024\/11\/PS02B-Avt-600x600px.jpg","contentUrl":"https:\/\/kawasan.vn\/wp-content\/uploads\/2024\/11\/PS02B-Avt-600x600px.jpg","width":600,"height":600},{"@type":"BreadcrumbList","@id":"https:\/\/kawasan.vn\/san-pham\/dau-cam-ung-bao-dong-hong-ngoai-co-day-kw-ps02b\/#breadcrumb","itemListElement":[{"@type":"ListItem","position":1,"name":"Trang ch\u1ee7","item":"https:\/\/kawasan.vn\/"},{"@type":"ListItem","position":2,"name":"S\u1ea3n ph\u1ea9m","item":"https:\/\/kawasan.vn\/san-pham\/"},{"@type":"ListItem","position":3,"name":"\u0110\u1ea7u C\u1ea3m \u1ee8ng B\u00e1o \u0110\u1ed9ng H\u1ed3ng Ngo\u1ea1i C\u00f3 D\u00e2y KW-PS02B"}]},{"@type":"WebSite","@id":"https:\/\/kawasan.vn\/#website","url":"https:\/\/kawasan.vn\/","name":"Kawasan","description":"","potentialAction":[{"@type":"SearchAction","target":{"@type":"EntryPoint","urlTemplate":"https:\/\/kawasan.vn\/?s={search_term_string}"},"query-input":{"@type":"PropertyValueSpecification","valueRequired":true,"valueName":"search_term_string"}}],"inLanguage":"en-US"}]}},"_links":{"self":[{"href":"https:\/\/kawasan.vn\/en\/wp-json\/wp\/v2\/product\/20963","targetHints":{"allow":["GET"]}}],"collection":[{"href":"https:\/\/kawasan.vn\/en\/wp-json\/wp\/v2\/product"}],"about":[{"href":"https:\/\/kawasan.vn\/en\/wp-json\/wp\/v2\/types\/product"}],"replies":[{"embeddable":true,"href":"https:\/\/kawasan.vn\/en\/wp-json\/wp\/v2\/comments?post=20963"}],"version-history":[{"count":7,"href":"https:\/\/kawasan.vn\/en\/wp-json\/wp\/v2\/product\/20963\/revisions"}],"predecessor-version":[{"id":26436,"href":"https:\/\/kawasan.vn\/en\/wp-json\/wp\/v2\/product\/20963\/revisions\/26436"}],"wp:featuredmedia":[{"embeddable":true,"href":"https:\/\/kawasan.vn\/en\/wp-json\/wp\/v2\/media\/20967"}],"wp:attachment":[{"href":"https:\/\/kawasan.vn\/en\/wp-json\/wp\/v2\/media?parent=20963"}],"wp:term":[{"taxonomy":"product_cat","embeddable":true,"href":"https:\/\/kawasan.vn\/en\/wp-json\/wp\/v2\/product_cat?post=20963"},{"taxonomy":"product_tag","embeddable":true,"href":"https:\/\/kawasan.vn\/en\/wp-json\/wp\/v2\/product_tag?post=20963"}],"curies":[{"name":"wp","href":"https:\/\/api.w.org\/{rel}","templated":true}]}}