{"id":20939,"date":"2024-11-16T17:13:46","date_gmt":"2024-11-16T10:13:46","guid":{"rendered":"https:\/\/kawasan.vn\/?post_type=product&#038;p=20939"},"modified":"2026-03-20T15:24:41","modified_gmt":"2026-03-20T08:24:41","slug":"o-cam-dien-dan-dung-dieu-khien-tu-xa-rf3ku-rm01b","status":"publish","type":"product","link":"https:\/\/kawasan.vn\/en\/product\/o-cam-dien-dan-dung-dieu-khien-tu-xa-rf3ku-rm01b\/","title":{"rendered":"\u1ed4 C\u1eafm \u0110i\u1ec7n D\u00e2n D\u1ee5ng \u0110i\u1ec1u Khi\u1ec3n T\u1eeb Xa RF3KU-RM01B"},"content":{"rendered":"<h2><strong>\u1ed4 C\u1eaeM \u0110I\u1ec6N D\u00c2N D\u1ee4NG \u0110A N\u0102NG KAWASAN RF3K-U<\/strong><\/h2>\n<p>\u1ed4 c\u1eafm \u0111i\u1ec7n di\u1ec1u khi\u1ec3n t\u1eeb xa RF3K-U k\u1ebft h\u1ee3p remote RM01B<\/p>\n<ul>\n<li>C\u00f3 th\u1ec3 \u0111i\u1ec1u khi\u1ec3n t\u1eeb xa 80m-120m t\u00f9y theo m\u00f4i tr\u01b0\u1eddng v\u1eadt c\u1ea3n<\/li>\n<li>Thi\u1ebft k\u1ebf c\u00f3 3\u00a0l\u1ed7 c\u1eafm 3 ch\u00e2n, d\u00f9ng \u0111\u01b0\u1ee3c cho t\u1ea5t c\u1ea3 c\u00e1c lo\u1ea1i ph\u00edch c\u1eafm v\u00e0 c\u00f3 n\u00fat b\u1eadt &#8211; t\u1eaft ngu\u1ed3n ti\u1ec7n l\u1ee3i.<\/li>\n<li>C\u00f3 4 c\u1ed5ng s\u1ea1c g\u1ed3m: 2 c\u1ed5ng USB v\u00e0 2 c\u1ed5ng Type C<\/li>\n<li>\u1ed4 c\u1eafm l\u00e0m t\u1eeb nh\u1ef1a PC ch\u1ed1ng ch\u00e1y, b\u1ec1n b\u1ec9 theo th\u1eddi gian.<\/li>\n<li>Ch\u00e2n ti\u1ebfp x\u00fac l\u00e0m b\u1eb1ng \u0111\u1ed3ng nguy\u00ean ch\u1ea5t b\u1ec1n, c\u1eafm ch\u1eb7t v\u00e0 ch\u1ed1ng n\u00f3ng t\u1ed1t.<\/li>\n<li>C\u00f3 ch\u1ee9c n\u0103ng t\u1ef1 ng\u1eaft ngu\u1ed3n khi qu\u00e1 t\u1ea3i v\u00e0 trang b\u1ecb th\u00eam n\u1eafp che ch\u1ed1ng gi\u1eadt. \u0110\u1ea3m b\u1ea3o an to\u00e0n cho tr\u1ebb em v\u00e0 ng\u01b0\u1eddi l\u1edbn tu\u1ed5i<\/li>\n<li><a href=\"https:\/\/kawasan.vn\/en\/product-category\/o-cam-dien\/o-cam-dien-dan-dung\/\" target=\"_blank\" rel=\"noopener\">\u1ed4 \u0111i\u1ec7n d\u00e2n d\u1ee5ng<\/a> thi\u1ebft k\u1ebf sang tr\u1ecdng, tinh t\u1ebf v\u00e0 \u0111\u1eb9p m\u1eaft.<\/li>\n<\/ul>\n<figure id=\"attachment_17945\" aria-describedby=\"caption-attachment-17945\" style=\"width: 600px\" class=\"wp-caption aligncenter\"><img loading=\"lazy\" decoding=\"async\" class=\"wp-image-17945\" title=\"\u1ed4 c\u1eafm \u0111i\u1ec7n d\u00e2n d\u1ee5ng Kawasan\" src=\"https:\/\/kawasan.vn\/wp-content\/uploads\/2024\/03\/o-cam-3l-4u-1.jpg\" alt=\"\u1ed4 c\u1eafm \u0111i\u1ec7n d\u00e2n d\u1ee5ng Kawasan\" width=\"600\" height=\"610\" \/><figcaption id=\"caption-attachment-17945\" class=\"wp-caption-text\">\u1ed4 c\u1eafm \u0111i\u1ec7n d\u00e2n d\u1ee5ng Kawasan<\/figcaption><\/figure>\n<h2><strong>V\u00cc SAO N\u00caN CH\u1eccN \u1ed4 C\u1eaeM D\u00c2N D\u1ee4NG KAWASAN<\/strong><\/h2>\n<ul>\n<li aria-level=\"1\">Kawasan l\u00e0 nh\u00e3n hi\u1ec7u \u0111i\u1ec7n th\u00f4ng minh \u0111\u1ee9ng \u0111\u1ea7u Vi\u1ec7t Nam t\u1eeb n\u0103m 2007 \u0111\u1ebfn nay. S\u1ea3n ph\u1ea9m \u0111\u01b0\u1ee3c ph\u00e1t tri\u1ec3n d\u1ef1a tr\u00ean nh\u1eefng nghi\u00ean c\u1ee9u k\u1ef9 l\u01b0\u1ee1ng v\u1ec1 th\u00f3i quen c\u1ee7a ng\u01b0\u1eddi ti\u00eau d\u00f9ng Vi\u1ec7t.<\/li>\n<li aria-level=\"1\">\u1ed4 c\u1eafm kh\u00f4ng ng\u1eebng nghi\u00ean c\u1ee9u v\u00e0 c\u1ea3i ti\u1ebfn, ch\u1ea5t l\u01b0\u1ee3ng ng\u00e0y c\u00e0ng n\u00e2ng cao. T\u1ea5t c\u1ea3 linh ki\u1ec7n \u0111\u1ec1u \u0111\u01b0\u1ee3c tuy\u1ec3n ch\u1ecdn k\u1ef9 l\u01b0\u1ee1ng, \u0111\u1ea3m b\u1ea3o \u0111\u1ed9 b\u1ec1n cao. \u0110\u00e1p \u1ee9ng \u0111\u01b0\u1ee3c c\u00e1c \u0111i\u1ec1u ki\u1ec7n s\u1eed d\u1ee5ng li\u00ean t\u1ee5c v\u00e0 m\u00f4i tr\u01b0\u1eddng kh\u1eafc nghi\u1ec7t nh\u1ea5t.<\/li>\n<li aria-level=\"1\">B\u1ea3o h\u00e0nh 2 n\u0103m v\u00e0 c\u00f3 \u0111\u1ed9 b\u1ec1n cam k\u1ebft tr\u00ean 5 n\u0103m. Trong th\u1eddi gian 5 n\u0103m ch\u00fang t\u00f4i cam k\u1ebft b\u1ea3o h\u00e0nh mi\u1ec5n ph\u00ed n\u1ebfu h\u00e0ng h\u00f3a c\u00f3 l\u1ed7i k\u1ef9 thu\u1eadt do y\u1ebfu t\u1ed1 kh\u00e1ch quan.<\/li>\n<li aria-level=\"1\"><a href=\"https:\/\/kawasan.com.vn\/\" target=\"_blank\" rel=\"noopener\">Kawasan<\/a> c\u00f3 h\u1ec7 th\u1ed1ng v\u0103n ph\u00f2ng ch\u0103m s\u00f3c v\u00e0 b\u1ea3o h\u00e0nh kh\u1eafp c\u00e1c mi\u1ec1n B\u1eafc \u2013 Trung \u2013 Nam, v\u00e0 \u0111\u1ea1i l\u00fd ph\u00e2n ph\u1ed1i t\u1ea1i h\u1ea7u h\u1ebft c\u00e1c t\u1ec9nh th\u00e0nh tr\u00ean to\u00e0n qu\u1ed1c. D\u1ecbch v\u1ee5 b\u1ea3o h\u00e0nh lu\u00f4n s\u1eb5n s\u00e0ng h\u1ed7 tr\u1ee3 kh\u00e1ch h\u00e0ng m\u1ed9t c\u00e1ch t\u1ed1t nh\u1ea5t.<\/li>\n<\/ul>\n<p style=\"text-align: center;\"><strong>Thank you for trusting Kawasan products!<\/strong><\/p>\n<p style=\"text-align: center;\"><strong>Toll-Free Consulting Hotline:\u00a0<\/strong><strong>1800 0058<\/strong><\/p>\n<p style=\"text-align: center;\" align=\"center\"><strong>Trang web:\u00a0\u00a0<\/strong><a href=\"https:\/\/kawasan.vn\/en\/\"><strong>www.kawasan.vn<\/strong><\/a><\/p>\n<p style=\"text-align: center;\" align=\"center\"><strong>Trang web:\u00a0\u00a0<\/strong><a href=\"https:\/\/kawaled.com.vn\/\"><strong>www.kawaled.com.vn<\/strong><\/a><\/p>","protected":false},"excerpt":{"rendered":"<p>\u1ed4 C\u1eaeM \u0110I\u1ec6N D\u00c2N D\u1ee4NG \u0110A N\u0102NG KAWASAN RF3K-U \u1ed4 c\u1eafm \u0111i\u1ec7n di\u1ec1u khi\u1ec3n t\u1eeb xa RF3K-U k\u1ebft h\u1ee3p remote RM01B C\u00f3 th\u1ec3 \u0111i\u1ec1u khi\u1ec3n t\u1eeb xa 80m-120m t\u00f9y theo m\u00f4i tr\u01b0\u1eddng v\u1eadt c\u1ea3n Thi\u1ebft k\u1ebf c\u00f3 3\u00a0l\u1ed7 c\u1eafm 3 ch\u00e2n, d\u00f9ng \u0111\u01b0\u1ee3c cho t\u1ea5t c\u1ea3 c\u00e1c lo\u1ea1i ph\u00edch c\u1eafm v\u00e0 c\u00f3 n\u00fat b\u1eadt &#8211; [&hellip;]<\/p>","protected":false},"featured_media":28291,"comment_status":"open","ping_status":"closed","template":"","meta":{"_yoast_wpseo_focuskw":"\u1ed4 C\u1eafm \u0110i\u1ec7n \u0110i\u1ec1u Khi\u1ec3n T\u1eeb Xa","_yoast_wpseo_metadesc":"\u1ed4 C\u1eafm \u0110i\u1ec7n \u0110i\u1ec1u Khi\u1ec3n T\u1eeb Xa RF3K-U. D\u00f9ng \u0111\u01b0\u1ee3c cho t\u1ea5t c\u1ea3 c\u00e1c lo\u1ea1i ph\u00edch c\u1eafm v\u00e0 \u0111i\u1ec1u khi\u1ec3n t\u1eeb xa. C\u00f3 4 c\u1ed5ng s\u1ea1c g\u1ed3m: 2 c\u1ed5ng USB v\u00e0 2 c\u1ed5ng Type C...","_yoast_wpseo_focuskeywords":"","_yoast_wpseo_keyword_synonyms":""},"product_cat":[514,515],"product_tag":[1370,1372,1373,629,1378,1768,1766,1371,1769,761,1765,1368,1374,1767,983],"class_list":["post-20939","product","type-product","status-publish","has-post-thumbnail","hentry","product_cat-o-cam-dien","product_cat-o-cam-dien-dan-dung","product_tag-o-cam","product_tag-o-cam-3-chan","product_tag-o-cam-3-chau","product_tag-o-cam-dien","product_tag-o-cam-dien-3-chau","product_tag-o-cam-dien-co-cong-type-c","product_tag-o-cam-dien-co-cong-usb-type-c","product_tag-o-cam-dien-thong-minh","product_tag-o-cam-dien-type-c","product_tag-o-cam-dien-usb","product_tag-o-cam-type-c","product_tag-o-dien","product_tag-o-dien-3-chau","product_tag-o-dien-co-cong-usb","product_tag-o-dien-thong-minh"],"acf":[],"yoast_head":"<!-- This site is optimized with the Yoast SEO Premium plugin v24.9 (Yoast SEO v24.9) - https:\/\/yoast.com\/wordpress\/plugins\/seo\/ -->\n<title>\u1ed4 C\u1eafm \u0110i\u1ec7n D\u00e2n D\u1ee5ng \u0110i\u1ec1u Khi\u1ec3n T\u1eeb Xa RF3KU-RM01B - Kawasan<\/title>\n<meta name=\"description\" content=\"\u1ed4 C\u1eafm \u0110i\u1ec7n \u0110i\u1ec1u Khi\u1ec3n T\u1eeb Xa RF3K-U. D\u00f9ng \u0111\u01b0\u1ee3c cho t\u1ea5t c\u1ea3 c\u00e1c lo\u1ea1i ph\u00edch c\u1eafm v\u00e0 \u0111i\u1ec1u khi\u1ec3n t\u1eeb xa. C\u00f3 4 c\u1ed5ng s\u1ea1c g\u1ed3m: 2 c\u1ed5ng USB v\u00e0 2 c\u1ed5ng Type C...\" \/>\n<meta name=\"robots\" content=\"index, follow, max-snippet:-1, max-image-preview:large, max-video-preview:-1\" \/>\n<link rel=\"canonical\" href=\"https:\/\/kawasan.vn\/en\/product\/o-cam-dien-dan-dung-dieu-khien-tu-xa-rf3ku-rm01b\/\" \/>\n<meta property=\"og:locale\" content=\"en_US\" \/>\n<meta property=\"og:type\" content=\"article\" \/>\n<meta property=\"og:title\" content=\"\u1ed4 C\u1eafm \u0110i\u1ec7n D\u00e2n D\u1ee5ng \u0110i\u1ec1u Khi\u1ec3n T\u1eeb Xa RF3KU-RM01B\" \/>\n<meta property=\"og:description\" content=\"\u1ed4 C\u1eafm \u0110i\u1ec7n \u0110i\u1ec1u Khi\u1ec3n T\u1eeb Xa RF3K-U. D\u00f9ng \u0111\u01b0\u1ee3c cho t\u1ea5t c\u1ea3 c\u00e1c lo\u1ea1i ph\u00edch c\u1eafm v\u00e0 \u0111i\u1ec1u khi\u1ec3n t\u1eeb xa. C\u00f3 4 c\u1ed5ng s\u1ea1c g\u1ed3m: 2 c\u1ed5ng USB v\u00e0 2 c\u1ed5ng Type C...\" \/>\n<meta property=\"og:url\" content=\"https:\/\/kawasan.vn\/en\/product\/o-cam-dien-dan-dung-dieu-khien-tu-xa-rf3ku-rm01b\/\" \/>\n<meta property=\"og:site_name\" content=\"Kawasan\" \/>\n<meta property=\"article:modified_time\" content=\"2026-03-20T08:24:41+00:00\" \/>\n<meta property=\"og:image\" content=\"https:\/\/kawasan.vn\/wp-content\/uploads\/2024\/11\/3.png\" \/>\n\t<meta property=\"og:image:width\" content=\"900\" \/>\n\t<meta property=\"og:image:height\" content=\"900\" \/>\n\t<meta property=\"og:image:type\" content=\"image\/png\" \/>\n<meta name=\"twitter:card\" content=\"summary_large_image\" \/>\n<meta name=\"twitter:label1\" content=\"Est. reading time\" \/>\n\t<meta name=\"twitter:data1\" content=\"3 minutes\" \/>\n<script type=\"application\/ld+json\" class=\"yoast-schema-graph\">{\"@context\":\"https:\/\/schema.org\",\"@graph\":[{\"@type\":\"WebPage\",\"@id\":\"https:\/\/kawasan.vn\/san-pham\/o-cam-dien-dan-dung-dieu-khien-tu-xa-rf3ku-rm01b\/\",\"url\":\"https:\/\/kawasan.vn\/san-pham\/o-cam-dien-dan-dung-dieu-khien-tu-xa-rf3ku-rm01b\/\",\"name\":\"\u1ed4 C\u1eafm \u0110i\u1ec7n D\u00e2n D\u1ee5ng \u0110i\u1ec1u Khi\u1ec3n T\u1eeb Xa RF3KU-RM01B - Kawasan\",\"isPartOf\":{\"@id\":\"https:\/\/kawasan.vn\/#website\"},\"primaryImageOfPage\":{\"@id\":\"https:\/\/kawasan.vn\/san-pham\/o-cam-dien-dan-dung-dieu-khien-tu-xa-rf3ku-rm01b\/#primaryimage\"},\"image\":{\"@id\":\"https:\/\/kawasan.vn\/san-pham\/o-cam-dien-dan-dung-dieu-khien-tu-xa-rf3ku-rm01b\/#primaryimage\"},\"thumbnailUrl\":\"https:\/\/kawasan.vn\/wp-content\/uploads\/2024\/11\/3.png\",\"datePublished\":\"2024-11-16T10:13:46+00:00\",\"dateModified\":\"2026-03-20T08:24:41+00:00\",\"description\":\"\u1ed4 C\u1eafm \u0110i\u1ec7n \u0110i\u1ec1u Khi\u1ec3n T\u1eeb Xa RF3K-U. D\u00f9ng \u0111\u01b0\u1ee3c cho t\u1ea5t c\u1ea3 c\u00e1c lo\u1ea1i ph\u00edch c\u1eafm v\u00e0 \u0111i\u1ec1u khi\u1ec3n t\u1eeb xa. C\u00f3 4 c\u1ed5ng s\u1ea1c g\u1ed3m: 2 c\u1ed5ng USB v\u00e0 2 c\u1ed5ng Type C...\",\"breadcrumb\":{\"@id\":\"https:\/\/kawasan.vn\/san-pham\/o-cam-dien-dan-dung-dieu-khien-tu-xa-rf3ku-rm01b\/#breadcrumb\"},\"inLanguage\":\"en-US\",\"potentialAction\":[{\"@type\":\"ReadAction\",\"target\":[\"https:\/\/kawasan.vn\/san-pham\/o-cam-dien-dan-dung-dieu-khien-tu-xa-rf3ku-rm01b\/\"]}]},{\"@type\":\"ImageObject\",\"inLanguage\":\"en-US\",\"@id\":\"https:\/\/kawasan.vn\/san-pham\/o-cam-dien-dan-dung-dieu-khien-tu-xa-rf3ku-rm01b\/#primaryimage\",\"url\":\"https:\/\/kawasan.vn\/wp-content\/uploads\/2024\/11\/3.png\",\"contentUrl\":\"https:\/\/kawasan.vn\/wp-content\/uploads\/2024\/11\/3.png\",\"width\":900,\"height\":900},{\"@type\":\"BreadcrumbList\",\"@id\":\"https:\/\/kawasan.vn\/san-pham\/o-cam-dien-dan-dung-dieu-khien-tu-xa-rf3ku-rm01b\/#breadcrumb\",\"itemListElement\":[{\"@type\":\"ListItem\",\"position\":1,\"name\":\"Trang ch\u1ee7\",\"item\":\"https:\/\/kawasan.vn\/\"},{\"@type\":\"ListItem\",\"position\":2,\"name\":\"S\u1ea3n ph\u1ea9m\",\"item\":\"https:\/\/kawasan.vn\/san-pham\/\"},{\"@type\":\"ListItem\",\"position\":3,\"name\":\"\u1ed4 C\u1eafm \u0110i\u1ec7n D\u00e2n D\u1ee5ng \u0110i\u1ec1u Khi\u1ec3n T\u1eeb Xa RF3KU-RM01B\"}]},{\"@type\":\"WebSite\",\"@id\":\"https:\/\/kawasan.vn\/#website\",\"url\":\"https:\/\/kawasan.vn\/\",\"name\":\"Kawasan\",\"description\":\"\",\"potentialAction\":[{\"@type\":\"SearchAction\",\"target\":{\"@type\":\"EntryPoint\",\"urlTemplate\":\"https:\/\/kawasan.vn\/?s={search_term_string}\"},\"query-input\":{\"@type\":\"PropertyValueSpecification\",\"valueRequired\":true,\"valueName\":\"search_term_string\"}}],\"inLanguage\":\"en-US\"}]}<\/script>\n<!-- \/ Yoast SEO Premium plugin. -->","yoast_head_json":{"title":"\u1ed4 C\u1eafm \u0110i\u1ec7n D\u00e2n D\u1ee5ng \u0110i\u1ec1u Khi\u1ec3n T\u1eeb Xa RF3KU-RM01B - Kawasan","description":"\u1ed4 C\u1eafm \u0110i\u1ec7n \u0110i\u1ec1u Khi\u1ec3n T\u1eeb Xa RF3K-U. D\u00f9ng \u0111\u01b0\u1ee3c cho t\u1ea5t c\u1ea3 c\u00e1c lo\u1ea1i ph\u00edch c\u1eafm v\u00e0 \u0111i\u1ec1u khi\u1ec3n t\u1eeb xa. C\u00f3 4 c\u1ed5ng s\u1ea1c g\u1ed3m: 2 c\u1ed5ng USB v\u00e0 2 c\u1ed5ng Type C...","robots":{"index":"index","follow":"follow","max-snippet":"max-snippet:-1","max-image-preview":"max-image-preview:large","max-video-preview":"max-video-preview:-1"},"canonical":"https:\/\/kawasan.vn\/en\/product\/o-cam-dien-dan-dung-dieu-khien-tu-xa-rf3ku-rm01b\/","og_locale":"en_US","og_type":"article","og_title":"\u1ed4 C\u1eafm \u0110i\u1ec7n D\u00e2n D\u1ee5ng \u0110i\u1ec1u Khi\u1ec3n T\u1eeb Xa RF3KU-RM01B","og_description":"\u1ed4 C\u1eafm \u0110i\u1ec7n \u0110i\u1ec1u Khi\u1ec3n T\u1eeb Xa RF3K-U. D\u00f9ng \u0111\u01b0\u1ee3c cho t\u1ea5t c\u1ea3 c\u00e1c lo\u1ea1i ph\u00edch c\u1eafm v\u00e0 \u0111i\u1ec1u khi\u1ec3n t\u1eeb xa. C\u00f3 4 c\u1ed5ng s\u1ea1c g\u1ed3m: 2 c\u1ed5ng USB v\u00e0 2 c\u1ed5ng Type C...","og_url":"https:\/\/kawasan.vn\/en\/product\/o-cam-dien-dan-dung-dieu-khien-tu-xa-rf3ku-rm01b\/","og_site_name":"Kawasan","article_modified_time":"2026-03-20T08:24:41+00:00","og_image":[{"width":900,"height":900,"url":"https:\/\/kawasan.vn\/wp-content\/uploads\/2024\/11\/3.png","type":"image\/png"}],"twitter_card":"summary_large_image","twitter_misc":{"Est. reading time":"3 minutes"},"schema":{"@context":"https:\/\/schema.org","@graph":[{"@type":"WebPage","@id":"https:\/\/kawasan.vn\/san-pham\/o-cam-dien-dan-dung-dieu-khien-tu-xa-rf3ku-rm01b\/","url":"https:\/\/kawasan.vn\/san-pham\/o-cam-dien-dan-dung-dieu-khien-tu-xa-rf3ku-rm01b\/","name":"\u1ed4 C\u1eafm \u0110i\u1ec7n D\u00e2n D\u1ee5ng \u0110i\u1ec1u Khi\u1ec3n T\u1eeb Xa RF3KU-RM01B - Kawasan","isPartOf":{"@id":"https:\/\/kawasan.vn\/#website"},"primaryImageOfPage":{"@id":"https:\/\/kawasan.vn\/san-pham\/o-cam-dien-dan-dung-dieu-khien-tu-xa-rf3ku-rm01b\/#primaryimage"},"image":{"@id":"https:\/\/kawasan.vn\/san-pham\/o-cam-dien-dan-dung-dieu-khien-tu-xa-rf3ku-rm01b\/#primaryimage"},"thumbnailUrl":"https:\/\/kawasan.vn\/wp-content\/uploads\/2024\/11\/3.png","datePublished":"2024-11-16T10:13:46+00:00","dateModified":"2026-03-20T08:24:41+00:00","description":"\u1ed4 C\u1eafm \u0110i\u1ec7n \u0110i\u1ec1u Khi\u1ec3n T\u1eeb Xa RF3K-U. D\u00f9ng \u0111\u01b0\u1ee3c cho t\u1ea5t c\u1ea3 c\u00e1c lo\u1ea1i ph\u00edch c\u1eafm v\u00e0 \u0111i\u1ec1u khi\u1ec3n t\u1eeb xa. C\u00f3 4 c\u1ed5ng s\u1ea1c g\u1ed3m: 2 c\u1ed5ng USB v\u00e0 2 c\u1ed5ng Type C...","breadcrumb":{"@id":"https:\/\/kawasan.vn\/san-pham\/o-cam-dien-dan-dung-dieu-khien-tu-xa-rf3ku-rm01b\/#breadcrumb"},"inLanguage":"en-US","potentialAction":[{"@type":"ReadAction","target":["https:\/\/kawasan.vn\/san-pham\/o-cam-dien-dan-dung-dieu-khien-tu-xa-rf3ku-rm01b\/"]}]},{"@type":"ImageObject","inLanguage":"en-US","@id":"https:\/\/kawasan.vn\/san-pham\/o-cam-dien-dan-dung-dieu-khien-tu-xa-rf3ku-rm01b\/#primaryimage","url":"https:\/\/kawasan.vn\/wp-content\/uploads\/2024\/11\/3.png","contentUrl":"https:\/\/kawasan.vn\/wp-content\/uploads\/2024\/11\/3.png","width":900,"height":900},{"@type":"BreadcrumbList","@id":"https:\/\/kawasan.vn\/san-pham\/o-cam-dien-dan-dung-dieu-khien-tu-xa-rf3ku-rm01b\/#breadcrumb","itemListElement":[{"@type":"ListItem","position":1,"name":"Trang ch\u1ee7","item":"https:\/\/kawasan.vn\/"},{"@type":"ListItem","position":2,"name":"S\u1ea3n ph\u1ea9m","item":"https:\/\/kawasan.vn\/san-pham\/"},{"@type":"ListItem","position":3,"name":"\u1ed4 C\u1eafm \u0110i\u1ec7n D\u00e2n D\u1ee5ng \u0110i\u1ec1u Khi\u1ec3n T\u1eeb Xa RF3KU-RM01B"}]},{"@type":"WebSite","@id":"https:\/\/kawasan.vn\/#website","url":"https:\/\/kawasan.vn\/","name":"Kawasan","description":"","potentialAction":[{"@type":"SearchAction","target":{"@type":"EntryPoint","urlTemplate":"https:\/\/kawasan.vn\/?s={search_term_string}"},"query-input":{"@type":"PropertyValueSpecification","valueRequired":true,"valueName":"search_term_string"}}],"inLanguage":"en-US"}]}},"_links":{"self":[{"href":"https:\/\/kawasan.vn\/en\/wp-json\/wp\/v2\/product\/20939","targetHints":{"allow":["GET"]}}],"collection":[{"href":"https:\/\/kawasan.vn\/en\/wp-json\/wp\/v2\/product"}],"about":[{"href":"https:\/\/kawasan.vn\/en\/wp-json\/wp\/v2\/types\/product"}],"replies":[{"embeddable":true,"href":"https:\/\/kawasan.vn\/en\/wp-json\/wp\/v2\/comments?post=20939"}],"version-history":[{"count":9,"href":"https:\/\/kawasan.vn\/en\/wp-json\/wp\/v2\/product\/20939\/revisions"}],"predecessor-version":[{"id":26522,"href":"https:\/\/kawasan.vn\/en\/wp-json\/wp\/v2\/product\/20939\/revisions\/26522"}],"wp:featuredmedia":[{"embeddable":true,"href":"https:\/\/kawasan.vn\/en\/wp-json\/wp\/v2\/media\/28291"}],"wp:attachment":[{"href":"https:\/\/kawasan.vn\/en\/wp-json\/wp\/v2\/media?parent=20939"}],"wp:term":[{"taxonomy":"product_cat","embeddable":true,"href":"https:\/\/kawasan.vn\/en\/wp-json\/wp\/v2\/product_cat?post=20939"},{"taxonomy":"product_tag","embeddable":true,"href":"https:\/\/kawasan.vn\/en\/wp-json\/wp\/v2\/product_tag?post=20939"}],"curies":[{"name":"wp","href":"https:\/\/api.w.org\/{rel}","templated":true}]}}