{"id":20935,"date":"2024-11-16T14:46:29","date_gmt":"2024-11-16T07:46:29","guid":{"rendered":"https:\/\/kawasan.vn\/?post_type=product&#038;p=20935"},"modified":"2026-01-16T10:59:27","modified_gmt":"2026-01-16T03:59:27","slug":"o-cam-day-dai-2m-3-lo-2usb-2typec-sac-2-4a","status":"publish","type":"product","link":"https:\/\/kawasan.vn\/en\/product\/o-cam-day-dai-2m-3-lo-2usb-2typec-sac-2-4a\/","title":{"rendered":"\u1ed4 C\u1eaeM D\u00c2Y D\u00c0I 2M, 3 L\u1ed6, 2USB, 2TYPEC, L\u1ed7 s\u1ea1c 2.4A"},"content":{"rendered":"<h2><span class=\"ez-toc-section\" id=\"O_CAM_DIEN_DAN_DUNG_DA_NANG_KAWASAN_2M3-2A2C\"><\/span><strong>\u1ed4 C\u1eaeM \u0110I\u1ec6N D\u00c2N D\u1ee4NG \u0110A N\u0102NG KAWASAN 2M3-2A2C<\/strong><span class=\"ez-toc-section-end\"><\/span><\/h2><div id=\"ez-toc-container\" class=\"ez-toc-v2_0_69_1 counter-hierarchy ez-toc-counter ez-toc-grey ez-toc-container-direction\">\n<div class=\"ez-toc-title-container\">\n<p class=\"ez-toc-title\" >N\u1ed9i Dung B&agrave;i Vi\u1ebft<\/p>\n<span class=\"ez-toc-title-toggle\"><a href=\"#\" class=\"ez-toc-pull-right ez-toc-btn ez-toc-btn-xs ez-toc-btn-default ez-toc-toggle\" aria-label=\"Toggle Table of Content\"><span class=\"ez-toc-js-icon-con\"><span class=\"\"><span class=\"eztoc-hide\" style=\"display:none;\">Toggle<\/span><span class=\"ez-toc-icon-toggle-span\"><svg style=\"fill: #999;color:#999\" xmlns=\"http:\/\/www.w3.org\/2000\/svg\" class=\"list-377408\" width=\"20px\" height=\"20px\" viewbox=\"0 0 24 24\" fill=\"none\"><path d=\"M6 6H4v2h2V6zm14 0H8v2h12V6zM4 11h2v2H4v-2zm16 0H8v2h12v-2zM4 16h2v2H4v-2zm16 0H8v2h12v-2z\" fill=\"currentColor\"><\/path><\/svg><svg style=\"fill: #999;color:#999\" class=\"arrow-unsorted-368013\" xmlns=\"http:\/\/www.w3.org\/2000\/svg\" width=\"10px\" height=\"10px\" viewbox=\"0 0 24 24\" version=\"1.2\" baseprofile=\"tiny\"><path d=\"M18.2 9.3l-6.2-6.3-6.2 6.3c-.2.2-.3.4-.3.7s.1.5.3.7c.2.2.4.3.7.3h11c.3 0 .5-.1.7-.3.2-.2.3-.5.3-.7s-.1-.5-.3-.7zM5.8 14.7l6.2 6.3 6.2-6.3c.2-.2.3-.5.3-.7s-.1-.5-.3-.7c-.2-.2-.4-.3-.7-.3h-11c-.3 0-.5.1-.7.3-.2.2-.3.5-.3.7s.1.5.3.7z\"\/><\/svg><\/span><\/span><\/span><\/a><\/span><\/div>\n<nav><ul class='ez-toc-list ez-toc-list-level-1 eztoc-toggle-hide-by-default' ><li class='ez-toc-page-1 ez-toc-heading-level-2'><a class=\"ez-toc-link ez-toc-heading-1\" href=\"https:\/\/kawasan.vn\/en\/product\/o-cam-day-dai-2m-3-lo-2usb-2typec-sac-2-4a\/#O_CAM_DIEN_DAN_DUNG_DA_NANG_KAWASAN_2M3-2A2C\" title=\"\u1ed4 C\u1eaeM \u0110I\u1ec6N D\u00c2N D\u1ee4NG \u0110A N\u0102NG KAWASAN 2M3-2A2C\">\u1ed4 C\u1eaeM \u0110I\u1ec6N D\u00c2N D\u1ee4NG \u0110A N\u0102NG KAWASAN 2M3-2A2C<\/a><\/li><li class='ez-toc-page-1 ez-toc-heading-level-2'><a class=\"ez-toc-link ez-toc-heading-2\" href=\"https:\/\/kawasan.vn\/en\/product\/o-cam-day-dai-2m-3-lo-2usb-2typec-sac-2-4a\/#VI_SAO_NEN_CHON_O_CAM_DAN_DUNG_KAWASAN\" title=\"V\u00cc SAO N\u00caN CH\u1eccN \u1ed4 C\u1eaeM D\u00c2N D\u1ee4NG KAWASAN\">V\u00cc SAO N\u00caN CH\u1eccN \u1ed4 C\u1eaeM D\u00c2N D\u1ee4NG KAWASAN<\/a><ul class='ez-toc-list-level-3' ><li class='ez-toc-heading-level-3'><a class=\"ez-toc-link ez-toc-heading-3\" href=\"https:\/\/kawasan.vn\/en\/product\/o-cam-day-dai-2m-3-lo-2usb-2typec-sac-2-4a\/#TAI_SAO_NEN_CHON_KAWASAN\" title=\"T\u1ea0I SAO N\u00caN CH\u1eccN KAWASAN?\">T\u1ea0I SAO N\u00caN CH\u1eccN KAWASAN?<\/a><ul class='ez-toc-list-level-4' ><li class='ez-toc-heading-level-4'><a class=\"ez-toc-link ez-toc-heading-4\" href=\"https:\/\/kawasan.vn\/en\/product\/o-cam-day-dai-2m-3-lo-2usb-2typec-sac-2-4a\/#CAM_KET_TU_KAWASAKAWASAN\" title=\"CAM K\u1ebeT T\u1eea KAWASAKAWASAN\">CAM K\u1ebeT T\u1eea KAWASAKAWASAN<\/a><\/li><li class='ez-toc-page-1 ez-toc-heading-level-4'><a class=\"ez-toc-link ez-toc-heading-5\" href=\"https:\/\/kawasan.vn\/en\/product\/o-cam-day-dai-2m-3-lo-2usb-2typec-sac-2-4a\/#Mua_chinh_hang_tai\" title=\"Mua ch\u00ednh h\u00e3ng t\u1ea1i:\">Mua ch\u00ednh h\u00e3ng t\u1ea1i:<\/a><\/li><\/ul><\/li><\/ul><\/li><\/ul><\/nav><\/div>\n\n<ul>\n<li>Thi\u1ebft k\u1ebf c\u00f3 3\u00a0l\u1ed7 c\u1eafm 3 ch\u00e2n, d\u00f9ng \u0111\u01b0\u1ee3c cho t\u1ea5t c\u1ea3 c\u00e1c lo\u1ea1i ph\u00edch c\u1eafm v\u00e0 c\u00f3 n\u00fat b\u1eadt &#8211; t\u1eaft ngu\u1ed3n ti\u1ec7n l\u1ee3i.<\/li>\n<li>C\u00f3 4 c\u1ed5ng s\u1ea1c g\u1ed3m: 2 c\u1ed5ng USB v\u00e0 2 c\u1ed5ng Type C<\/li>\n<li>\u1ed4 c\u1eafm l\u00e0m t\u1eeb nh\u1ef1a PC ch\u1ed1ng ch\u00e1y, b\u1ec1n b\u1ec9 theo th\u1eddi gian.<\/li>\n<li>Ch\u00e2n ti\u1ebfp x\u00fac l\u00e0m b\u1eb1ng \u0111\u1ed3ng nguy\u00ean ch\u1ea5t b\u1ec1n, c\u1eafm ch\u1eb7t v\u00e0 ch\u1ed1ng n\u00f3ng t\u1ed1t.<\/li>\n<li>C\u00f3 ch\u1ee9c n\u0103ng t\u1ef1 ng\u1eaft ngu\u1ed3n khi qu\u00e1 t\u1ea3i v\u00e0 trang b\u1ecb th\u00eam n\u1eafp che ch\u1ed1ng gi\u1eadt. \u0110\u1ea3m b\u1ea3o an to\u00e0n cho tr\u1ebb em v\u00e0 ng\u01b0\u1eddi l\u1edbn tu\u1ed5i<\/li>\n<li><a href=\"https:\/\/kawasan.vn\/en\/product-category\/o-cam-dien\/o-cam-dien-dan-dung\/\" target=\"_blank\" rel=\"noopener\">\u1ed4 \u0111i\u1ec7n d\u00e2n d\u1ee5ng<\/a> thi\u1ebft k\u1ebf sang tr\u1ecdng, tinh t\u1ebf v\u00e0 \u0111\u1eb9p m\u1eaft.<\/li>\n<\/ul>\n<figure id=\"attachment_17945\" aria-describedby=\"caption-attachment-17945\" style=\"width: 600px\" class=\"wp-caption aligncenter\"><img loading=\"lazy\" decoding=\"async\" class=\"wp-image-17945\" title=\"\u1ed4 c\u1eafm \u0111i\u1ec7n d\u00e2n d\u1ee5ng Kawasan\" src=\"https:\/\/kawasan.vn\/wp-content\/uploads\/2024\/03\/o-cam-3l-4u-1.jpg\" alt=\"\u1ed4 c\u1eafm \u0111i\u1ec7n d\u00e2n d\u1ee5ng Kawasan\" width=\"600\" height=\"610\" \/><figcaption id=\"caption-attachment-17945\" class=\"wp-caption-text\">\u1ed4 c\u1eafm \u0111i\u1ec7n d\u00e2n d\u1ee5ng Kawasan<\/figcaption><\/figure>\n<h2><span class=\"ez-toc-section\" id=\"VI_SAO_NEN_CHON_O_CAM_DAN_DUNG_KAWASAN\"><\/span><strong>V\u00cc SAO N\u00caN CH\u1eccN \u1ed4 C\u1eaeM D\u00c2N D\u1ee4NG KAWASAN<\/strong><span class=\"ez-toc-section-end\"><\/span><\/h2>\n<ul>\n<li aria-level=\"1\">Kawasan l\u00e0 nh\u00e3n hi\u1ec7u \u0111i\u1ec7n th\u00f4ng minh \u0111\u1ee9ng \u0111\u1ea7u Vi\u1ec7t Nam t\u1eeb n\u0103m 2007 \u0111\u1ebfn nay. S\u1ea3n ph\u1ea9m \u0111\u01b0\u1ee3c ph\u00e1t tri\u1ec3n d\u1ef1a tr\u00ean nh\u1eefng nghi\u00ean c\u1ee9u k\u1ef9 l\u01b0\u1ee1ng v\u1ec1 th\u00f3i quen c\u1ee7a ng\u01b0\u1eddi ti\u00eau d\u00f9ng Vi\u1ec7t.<\/li>\n<li aria-level=\"1\">\u1ed4 c\u1eafm kh\u00f4ng ng\u1eebng nghi\u00ean c\u1ee9u v\u00e0 c\u1ea3i ti\u1ebfn, ch\u1ea5t l\u01b0\u1ee3ng ng\u00e0y c\u00e0ng n\u00e2ng cao. T\u1ea5t c\u1ea3 linh ki\u1ec7n \u0111\u1ec1u \u0111\u01b0\u1ee3c tuy\u1ec3n ch\u1ecdn k\u1ef9 l\u01b0\u1ee1ng, \u0111\u1ea3m b\u1ea3o \u0111\u1ed9 b\u1ec1n cao. \u0110\u00e1p \u1ee9ng \u0111\u01b0\u1ee3c c\u00e1c \u0111i\u1ec1u ki\u1ec7n s\u1eed d\u1ee5ng li\u00ean t\u1ee5c v\u00e0 m\u00f4i tr\u01b0\u1eddng kh\u1eafc nghi\u1ec7t nh\u1ea5t.<\/li>\n<li aria-level=\"1\">B\u1ea3o h\u00e0nh 2 n\u0103m v\u00e0 c\u00f3 \u0111\u1ed9 b\u1ec1n cam k\u1ebft tr\u00ean 5 n\u0103m. Trong th\u1eddi gian 5 n\u0103m ch\u00fang t\u00f4i cam k\u1ebft b\u1ea3o h\u00e0nh mi\u1ec5n ph\u00ed n\u1ebfu h\u00e0ng h\u00f3a c\u00f3 l\u1ed7i k\u1ef9 thu\u1eadt do y\u1ebfu t\u1ed1 kh\u00e1ch quan.<\/li>\n<li aria-level=\"1\"><a href=\"https:\/\/kawasan.com.vn\/\" target=\"_blank\" rel=\"noopener\">Kawasan<\/a> c\u00f3 h\u1ec7 th\u1ed1ng v\u0103n ph\u00f2ng ch\u0103m s\u00f3c v\u00e0 b\u1ea3o h\u00e0nh kh\u1eafp c\u00e1c mi\u1ec1n B\u1eafc \u2013 Trung \u2013 Nam, v\u00e0 \u0111\u1ea1i l\u00fd ph\u00e2n ph\u1ed1i t\u1ea1i h\u1ea7u h\u1ebft c\u00e1c t\u1ec9nh th\u00e0nh tr\u00ean to\u00e0n qu\u1ed1c. D\u1ecbch v\u1ee5 b\u1ea3o h\u00e0nh lu\u00f4n s\u1eb5n s\u00e0ng h\u1ed7 tr\u1ee3 kh\u00e1ch h\u00e0ng m\u1ed9t c\u00e1ch t\u1ed1t nh\u1ea5t.<\/li>\n<\/ul>\n<h3><span class=\"ez-toc-section\" id=\"TAI_SAO_NEN_CHON_KAWASAN\"><\/span><b>T\u1ea0I SAO N\u00caN CH\u1eccN KAWASAN?<\/b><span class=\"ez-toc-section-end\"><\/span><\/h3>\n<ul>\n<li style=\"font-weight: 400;\" aria-level=\"1\"><span style=\"font-weight: 400;\">Th\u01b0\u01a1ng hi\u1ec7u h\u00e0ng \u0111\u1ea7u Vi\u1ec7t Nam trong l\u0129nh v\u1ef1c \u0111i\u1ec7n t\u1ef1 \u0111\u1ed9ng, an ninh, an to\u00e0n v\u00e0 \u0111i\u1ec7n th\u00f4ng minh t\u1eeb 2007 v\u00e0 \u0111\u00e8n led d\u00e2n d\u1ee5ng, \u0111\u00e8n n\u0103ng l\u01b0\u1ee3ng m\u1eb7t tr\u1eddi t\u1eeb n\u0103m 2012<\/span><\/li>\n<li style=\"font-weight: 400;\" aria-level=\"1\"><span style=\"font-weight: 400;\">\u0110\u1ed9 b\u1ec1n cao, linh ki\u1ec7n ch\u1ecdn l\u1ecdc \u2013 Ho\u1ea1t \u0111\u1ed9ng \u1ed5n \u0111\u1ecbnh c\u1ea3 trong \u0111i\u1ec1u ki\u1ec7n th\u1eddi ti\u1ebft kh\u1eafc nghi\u1ec7t<\/span><\/li>\n<li style=\"font-weight: 400;\" aria-level=\"1\"><span style=\"font-weight: 400;\">Ch\u00ednh s\u00e1ch b\u1ea3o h\u00e0nh v\u01b0\u1ee3t tr\u1ed9i \u2013 H\u1ed7 tr\u1ee3 s\u1eeda ch\u1eefa c\u1ea3 sau th\u1eddi gian b\u1ea3o h\u00e0nh n\u1ebfu c\u00f2n kh\u1ea3 n\u0103ng kh\u1eafc ph\u1ee5c<\/span><\/li>\n<li style=\"font-weight: 400;\" aria-level=\"1\"><span style=\"font-weight: 400;\">Kawasan hi\u1ec7n c\u00f3 tr\u1ee5 s\u1edf t\u1ea1i HCM, chi nh\u00e1nh t\u1ea1i H\u00e0 N\u1ed9i, \u0110\u00e0 N\u1eb5ng v\u00e0 x\u01b0\u1edfng SX, L\u1eafp r\u00e1p t\u1ea1i Q12. HCM.<\/span><\/li>\n<li style=\"font-weight: 400;\" aria-level=\"1\"><span style=\"font-weight: 400;\">D\u1ecbch v\u1ee5 h\u1ed7 tr\u1ee3 24\/7, m\u1ea1ng l\u01b0\u1edbi \u0111\u1ea1i l\u00fd ph\u1ee7 kh\u1eafp c\u1ea3 n\u01b0\u1edbc<\/span><\/li>\n<\/ul>\n<h4><span class=\"ez-toc-section\" id=\"CAM_KET_TU_KAWASAKAWASAN\"><\/span><b>CAM K\u1ebeT T\u1eea KAWASAKAWASAN<\/b><span class=\"ez-toc-section-end\"><\/span><\/h4>\n<p><span style=\"font-weight: 400;\">Kawasan cam k\u1ebft mang \u0111\u1ebfn s\u1ea3n ph\u1ea9m <\/span><b>ch\u00ednh h\u00e3ng \u2013 b\u1ec1n b\u1ec9 \u2013 an to\u00e0n<\/b><span style=\"font-weight: 400;\">, \u0111\u00e1p \u1ee9ng \u0111\u1ea7y \u0111\u1ee7 c\u00e1c ti\u00eau chu\u1ea9n k\u1ef9 thu\u1eadt v\u00e0 y\u00eau c\u1ea7u s\u1eed d\u1ee5ng th\u1ef1c t\u1ebf.<\/span><\/p>\n<p><span style=\"font-weight: 400;\">T\u1ea5t c\u1ea3 s\u1ea3n ph\u1ea9m \u0111\u01b0\u1ee3c b\u1ea3o h\u00e0nh <\/span><b>mi\u1ec5n ph\u00ed 24 th\u00e1ng<\/b><span style=\"font-weight: 400;\">, <\/span><b>1 \u0111\u1ed5i 1 trong v\u00f2ng 30 ng\u00e0y<\/b><span style=\"font-weight: 400;\"> n\u1ebfu l\u1ed7i k\u1ef9 thu\u1eadt. Ngo\u00e0i ra, kh\u00e1ch h\u00e0ng c\u00f2n \u0111\u01b0\u1ee3c h\u1ed7 tr\u1ee3 s\u1eeda ch\u1eefa sau khi h\u1ebft th\u1eddi gian b\u1ea3o h\u00e0nh n\u1ebfu s\u1ea3n ph\u1ea9m c\u00f2n kh\u1ea3 n\u0103ng ph\u1ee5c h\u1ed3i, <\/span><b>kh\u00f4ng t\u00ednh ph\u00ed<\/b><span style=\"font-weight: 400;\"> n\u1ebfu chi ph\u00ed linh ki\u1ec7n thay th\u1ebf kh\u00f4ng \u0111\u00e1ng k\u1ec3.<\/span><\/p>\n<p><span style=\"font-weight: 400;\">Kh\u00e1ch h\u00e0ng c\u00f3 th\u1ec3 t\u00ecm mua s\u1ea3n ph\u1ea9m t\u1ea1i c\u00e1c \u0111\u1ea1i l\u00fd thu\u1ed9c<\/span><a href=\"https:\/\/kawasan.vn\/en\/he-thong-phan-phoi\/\"> <b>H\u1ec6 TH\u1ed0NG PH\u00c2N PH\u1ed0I TO\u00c0N QU\u1ed0C<\/b><\/a><span style=\"font-weight: 400;\"> t\u1ea1i c\u00e1c t\u1ec9nh th\u00e0nh ho\u1eb7c c\u00f3 th\u1ec3 \u0111\u1eb7t h\u00e0ng tr\u00ean website.<\/span><\/p>\n<h4><span class=\"ez-toc-section\" id=\"Mua_chinh_hang_tai\"><\/span><b>Mua ch\u00ednh h\u00e3ng t\u1ea1i:<\/b><span class=\"ez-toc-section-end\"><\/span><\/h4>\n<ul>\n<li style=\"font-weight: 400;\" aria-level=\"1\"><span style=\"font-weight: 400;\">Li\u00ean h\u1ec7 tr\u1ef1c ti\u1ebfp ph\u00f2ng kinh doanh \u0111\u1ec3 \u0111\u01b0\u1ee3c b\u00e1o gi\u00e1 s\u1ec9, gi\u00e1 \u0111\u1ea1i l\u00fd \/ NPP: <\/span><b>0825 411 408 \/ 0911 757234<\/b><\/li>\n<li style=\"font-weight: 400;\" aria-level=\"1\"><span style=\"font-weight: 400;\">Website:<\/span><a href=\"https:\/\/kawasan.vn\/en\/\"><span style=\"font-weight: 400;\"> www.kawasan.vn<\/span><\/a><span style=\"font-weight: 400;\"> (\u0110\u1ed1i v\u1edbi s\u1ea3n ph\u1ea9m Kawasan)<\/span><\/li>\n<li style=\"font-weight: 400;\" aria-level=\"1\"><span style=\"font-weight: 400;\">Website:<\/span><a href=\"https:\/\/www.kawaled.com.vn\"><span style=\"font-weight: 400;\"> www.kawaled.com.vn<\/span><\/a><span style=\"font-weight: 400;\"> (\u0110\u1ed1i v\u1edbi s\u1ea3n ph\u1ea9m Kawaled)<\/span><\/li>\n<li style=\"font-weight: 400;\" aria-level=\"1\"><span style=\"font-weight: 400;\">\u0110\u1eb7t mua ngay \u1ed4 C\u1eafm \u0110i\u1ec7n D\u00e2n D\u1ee5ng 2M3-2A2C<\/span><\/li>\n<li aria-level=\"1\">Tham kh\u1ea3o th\u00eam th\u00f4ng tin s\u1ea3n ph\u1ea9m <a href=\"https:\/\/kawasan.vn\/en\/cach-chon-mua-o-cam-dien-tot-giai-phap-an-toan-toi-uu-cho-gia-dinh\/\">t\u1ea1i \u0111\u00e2y<\/a><\/li>\n<li aria-level=\"1\">Xem Video tr\u1ef1c ti\u1ebfp v\u1ec1 s\u1ea3n ph\u1ea9m<\/li>\n<\/ul>","protected":false},"excerpt":{"rendered":"<p>\u1ed4 C\u1eaeM \u0110I\u1ec6N D\u00c2N D\u1ee4NG \u0110A N\u0102NG KAWASAN 2M3-2A2C Thi\u1ebft k\u1ebf c\u00f3 3\u00a0l\u1ed7 c\u1eafm 3 ch\u00e2n, d\u00f9ng \u0111\u01b0\u1ee3c cho t\u1ea5t c\u1ea3 c\u00e1c lo\u1ea1i ph\u00edch c\u1eafm v\u00e0 c\u00f3 n\u00fat b\u1eadt &#8211; t\u1eaft ngu\u1ed3n ti\u1ec7n l\u1ee3i. C\u00f3 4 c\u1ed5ng s\u1ea1c g\u1ed3m: 2 c\u1ed5ng USB v\u00e0 2 c\u1ed5ng Type C \u1ed4 c\u1eafm l\u00e0m t\u1eeb nh\u1ef1a PC ch\u1ed1ng ch\u00e1y, [&hellip;]<\/p>","protected":false},"featured_media":27689,"comment_status":"open","ping_status":"closed","template":"","meta":{"_yoast_wpseo_focuskw":"\u1ed4 C\u1eafm \u0110i\u1ec7n D\u00e2n D\u1ee5ng 2M3-2A2C","_yoast_wpseo_metadesc":"\u1ed4 C\u1eafm \u0110i\u1ec7n D\u00e2n D\u1ee5ng 2M3-2A2C. d\u00f9ng \u0111\u01b0\u1ee3c cho t\u1ea5t c\u1ea3 c\u00e1c lo\u1ea1i ph\u00edch c\u1eafm v\u00e0 c\u00f3 n\u00fat b\u1eadt - t\u1eaft ngu\u1ed3n ti\u1ec7n l\u1ee3i.C\u00f3 4 c\u1ed5ng s\u1ea1c g\u1ed3m: 2 c\u1ed5ng USB v\u00e0 2 c\u1ed5ng Type...","_yoast_wpseo_focuskeywords":"","_yoast_wpseo_keyword_synonyms":""},"product_cat":[514,515],"product_tag":[621,1370,1372,1373,629,1378,1772,1371,761,1765,1368,1374,1773,1771,1767,983,1770],"class_list":["post-20935","product","type-product","status-publish","has-post-thumbnail","hentry","product_cat-o-cam-dien","product_cat-o-cam-dien-dan-dung","product_tag-kawasan","product_tag-o-cam","product_tag-o-cam-3-chan","product_tag-o-cam-3-chau","product_tag-o-cam-dien","product_tag-o-cam-dien-3-chau","product_tag-o-cam-dien-co-usb","product_tag-o-cam-dien-thong-minh","product_tag-o-cam-dien-usb","product_tag-o-cam-type-c","product_tag-o-dien","product_tag-o-dien-3-chau","product_tag-o-dien-3-lo","product_tag-o-dien-co-cong-sac-usb","product_tag-o-dien-co-cong-usb","product_tag-o-dien-thong-minh","product_tag-o-dien-usb"],"acf":[],"yoast_head":"<!-- This site is optimized with the Yoast SEO Premium plugin v24.9 (Yoast SEO v24.9) - https:\/\/yoast.com\/wordpress\/plugins\/seo\/ -->\n<title>\u1ed4 C\u1eaeM D\u00c2Y D\u00c0I 2M, 3 L\u1ed6, 2USB, 2TYPEC, L\u1ed7 s\u1ea1c 2.4A - Kawasan<\/title>\n<meta name=\"description\" content=\"\u1ed4 C\u1eafm \u0110i\u1ec7n D\u00e2n D\u1ee5ng 2M3-2A2C. d\u00f9ng \u0111\u01b0\u1ee3c cho t\u1ea5t c\u1ea3 c\u00e1c lo\u1ea1i ph\u00edch c\u1eafm v\u00e0 c\u00f3 n\u00fat b\u1eadt - t\u1eaft ngu\u1ed3n ti\u1ec7n l\u1ee3i.C\u00f3 4 c\u1ed5ng s\u1ea1c g\u1ed3m: 2 c\u1ed5ng USB v\u00e0 2 c\u1ed5ng Type...\" \/>\n<meta name=\"robots\" content=\"index, follow, max-snippet:-1, max-image-preview:large, max-video-preview:-1\" \/>\n<link rel=\"canonical\" href=\"https:\/\/kawasan.vn\/en\/product\/o-cam-day-dai-2m-3-lo-2usb-2typec-sac-2-4a\/\" \/>\n<meta property=\"og:locale\" content=\"en_US\" \/>\n<meta property=\"og:type\" content=\"article\" \/>\n<meta property=\"og:title\" content=\"\u1ed4 C\u1eaeM D\u00c2Y D\u00c0I 2M, 3 L\u1ed6, 2USB, 2TYPEC, L\u1ed7 s\u1ea1c 2.4A\" \/>\n<meta property=\"og:description\" content=\"\u1ed4 C\u1eafm \u0110i\u1ec7n D\u00e2n D\u1ee5ng 2M3-2A2C. d\u00f9ng \u0111\u01b0\u1ee3c cho t\u1ea5t c\u1ea3 c\u00e1c lo\u1ea1i ph\u00edch c\u1eafm v\u00e0 c\u00f3 n\u00fat b\u1eadt - t\u1eaft ngu\u1ed3n ti\u1ec7n l\u1ee3i.C\u00f3 4 c\u1ed5ng s\u1ea1c g\u1ed3m: 2 c\u1ed5ng USB v\u00e0 2 c\u1ed5ng Type...\" \/>\n<meta property=\"og:url\" content=\"https:\/\/kawasan.vn\/en\/product\/o-cam-day-dai-2m-3-lo-2usb-2typec-sac-2-4a\/\" \/>\n<meta property=\"og:site_name\" content=\"Kawasan\" \/>\n<meta property=\"article:modified_time\" content=\"2026-01-16T03:59:27+00:00\" \/>\n<meta property=\"og:image\" content=\"https:\/\/kawasan.vn\/wp-content\/uploads\/2024\/11\/1-1.jpg\" \/>\n\t<meta property=\"og:image:width\" content=\"900\" \/>\n\t<meta property=\"og:image:height\" content=\"900\" \/>\n\t<meta property=\"og:image:type\" content=\"image\/jpeg\" \/>\n<meta name=\"twitter:card\" content=\"summary_large_image\" \/>\n<meta name=\"twitter:label1\" content=\"Est. reading time\" \/>\n\t<meta name=\"twitter:data1\" content=\"4 minutes\" \/>\n<script type=\"application\/ld+json\" class=\"yoast-schema-graph\">{\"@context\":\"https:\/\/schema.org\",\"@graph\":[{\"@type\":\"WebPage\",\"@id\":\"https:\/\/kawasan.vn\/san-pham\/o-cam-day-dai-2m-3-lo-2usb-2typec-sac-2-4a\/\",\"url\":\"https:\/\/kawasan.vn\/san-pham\/o-cam-day-dai-2m-3-lo-2usb-2typec-sac-2-4a\/\",\"name\":\"\u1ed4 C\u1eaeM D\u00c2Y D\u00c0I 2M, 3 L\u1ed6, 2USB, 2TYPEC, L\u1ed7 s\u1ea1c 2.4A - Kawasan\",\"isPartOf\":{\"@id\":\"https:\/\/kawasan.vn\/#website\"},\"primaryImageOfPage\":{\"@id\":\"https:\/\/kawasan.vn\/san-pham\/o-cam-day-dai-2m-3-lo-2usb-2typec-sac-2-4a\/#primaryimage\"},\"image\":{\"@id\":\"https:\/\/kawasan.vn\/san-pham\/o-cam-day-dai-2m-3-lo-2usb-2typec-sac-2-4a\/#primaryimage\"},\"thumbnailUrl\":\"https:\/\/kawasan.vn\/wp-content\/uploads\/2024\/11\/1-1.jpg\",\"datePublished\":\"2024-11-16T07:46:29+00:00\",\"dateModified\":\"2026-01-16T03:59:27+00:00\",\"description\":\"\u1ed4 C\u1eafm \u0110i\u1ec7n D\u00e2n D\u1ee5ng 2M3-2A2C. d\u00f9ng \u0111\u01b0\u1ee3c cho t\u1ea5t c\u1ea3 c\u00e1c lo\u1ea1i ph\u00edch c\u1eafm v\u00e0 c\u00f3 n\u00fat b\u1eadt - t\u1eaft ngu\u1ed3n ti\u1ec7n l\u1ee3i.C\u00f3 4 c\u1ed5ng s\u1ea1c g\u1ed3m: 2 c\u1ed5ng USB v\u00e0 2 c\u1ed5ng Type...\",\"breadcrumb\":{\"@id\":\"https:\/\/kawasan.vn\/san-pham\/o-cam-day-dai-2m-3-lo-2usb-2typec-sac-2-4a\/#breadcrumb\"},\"inLanguage\":\"en-US\",\"potentialAction\":[{\"@type\":\"ReadAction\",\"target\":[\"https:\/\/kawasan.vn\/san-pham\/o-cam-day-dai-2m-3-lo-2usb-2typec-sac-2-4a\/\"]}]},{\"@type\":\"ImageObject\",\"inLanguage\":\"en-US\",\"@id\":\"https:\/\/kawasan.vn\/san-pham\/o-cam-day-dai-2m-3-lo-2usb-2typec-sac-2-4a\/#primaryimage\",\"url\":\"https:\/\/kawasan.vn\/wp-content\/uploads\/2024\/11\/1-1.jpg\",\"contentUrl\":\"https:\/\/kawasan.vn\/wp-content\/uploads\/2024\/11\/1-1.jpg\",\"width\":900,\"height\":900},{\"@type\":\"BreadcrumbList\",\"@id\":\"https:\/\/kawasan.vn\/san-pham\/o-cam-day-dai-2m-3-lo-2usb-2typec-sac-2-4a\/#breadcrumb\",\"itemListElement\":[{\"@type\":\"ListItem\",\"position\":1,\"name\":\"Trang ch\u1ee7\",\"item\":\"https:\/\/kawasan.vn\/\"},{\"@type\":\"ListItem\",\"position\":2,\"name\":\"S\u1ea3n ph\u1ea9m\",\"item\":\"https:\/\/kawasan.vn\/san-pham\/\"},{\"@type\":\"ListItem\",\"position\":3,\"name\":\"\u1ed4 C\u1eaeM D\u00c2Y D\u00c0I 2M, 3 L\u1ed6, 2USB, 2TYPEC, L\u1ed7 s\u1ea1c 2.4A\"}]},{\"@type\":\"WebSite\",\"@id\":\"https:\/\/kawasan.vn\/#website\",\"url\":\"https:\/\/kawasan.vn\/\",\"name\":\"Kawasan\",\"description\":\"\",\"potentialAction\":[{\"@type\":\"SearchAction\",\"target\":{\"@type\":\"EntryPoint\",\"urlTemplate\":\"https:\/\/kawasan.vn\/?s={search_term_string}\"},\"query-input\":{\"@type\":\"PropertyValueSpecification\",\"valueRequired\":true,\"valueName\":\"search_term_string\"}}],\"inLanguage\":\"en-US\"}]}<\/script>\n<!-- \/ Yoast SEO Premium plugin. -->","yoast_head_json":{"title":"\u1ed4 C\u1eaeM D\u00c2Y D\u00c0I 2M, 3 L\u1ed6, 2USB, 2TYPEC, L\u1ed7 s\u1ea1c 2.4A - Kawasan","description":"\u1ed4 C\u1eafm \u0110i\u1ec7n D\u00e2n D\u1ee5ng 2M3-2A2C. d\u00f9ng \u0111\u01b0\u1ee3c cho t\u1ea5t c\u1ea3 c\u00e1c lo\u1ea1i ph\u00edch c\u1eafm v\u00e0 c\u00f3 n\u00fat b\u1eadt - t\u1eaft ngu\u1ed3n ti\u1ec7n l\u1ee3i.C\u00f3 4 c\u1ed5ng s\u1ea1c g\u1ed3m: 2 c\u1ed5ng USB v\u00e0 2 c\u1ed5ng Type...","robots":{"index":"index","follow":"follow","max-snippet":"max-snippet:-1","max-image-preview":"max-image-preview:large","max-video-preview":"max-video-preview:-1"},"canonical":"https:\/\/kawasan.vn\/en\/product\/o-cam-day-dai-2m-3-lo-2usb-2typec-sac-2-4a\/","og_locale":"en_US","og_type":"article","og_title":"\u1ed4 C\u1eaeM D\u00c2Y D\u00c0I 2M, 3 L\u1ed6, 2USB, 2TYPEC, L\u1ed7 s\u1ea1c 2.4A","og_description":"\u1ed4 C\u1eafm \u0110i\u1ec7n D\u00e2n D\u1ee5ng 2M3-2A2C. d\u00f9ng \u0111\u01b0\u1ee3c cho t\u1ea5t c\u1ea3 c\u00e1c lo\u1ea1i ph\u00edch c\u1eafm v\u00e0 c\u00f3 n\u00fat b\u1eadt - t\u1eaft ngu\u1ed3n ti\u1ec7n l\u1ee3i.C\u00f3 4 c\u1ed5ng s\u1ea1c g\u1ed3m: 2 c\u1ed5ng USB v\u00e0 2 c\u1ed5ng Type...","og_url":"https:\/\/kawasan.vn\/en\/product\/o-cam-day-dai-2m-3-lo-2usb-2typec-sac-2-4a\/","og_site_name":"Kawasan","article_modified_time":"2026-01-16T03:59:27+00:00","og_image":[{"width":900,"height":900,"url":"https:\/\/kawasan.vn\/wp-content\/uploads\/2024\/11\/1-1.jpg","type":"image\/jpeg"}],"twitter_card":"summary_large_image","twitter_misc":{"Est. reading time":"4 minutes"},"schema":{"@context":"https:\/\/schema.org","@graph":[{"@type":"WebPage","@id":"https:\/\/kawasan.vn\/san-pham\/o-cam-day-dai-2m-3-lo-2usb-2typec-sac-2-4a\/","url":"https:\/\/kawasan.vn\/san-pham\/o-cam-day-dai-2m-3-lo-2usb-2typec-sac-2-4a\/","name":"\u1ed4 C\u1eaeM D\u00c2Y D\u00c0I 2M, 3 L\u1ed6, 2USB, 2TYPEC, L\u1ed7 s\u1ea1c 2.4A - Kawasan","isPartOf":{"@id":"https:\/\/kawasan.vn\/#website"},"primaryImageOfPage":{"@id":"https:\/\/kawasan.vn\/san-pham\/o-cam-day-dai-2m-3-lo-2usb-2typec-sac-2-4a\/#primaryimage"},"image":{"@id":"https:\/\/kawasan.vn\/san-pham\/o-cam-day-dai-2m-3-lo-2usb-2typec-sac-2-4a\/#primaryimage"},"thumbnailUrl":"https:\/\/kawasan.vn\/wp-content\/uploads\/2024\/11\/1-1.jpg","datePublished":"2024-11-16T07:46:29+00:00","dateModified":"2026-01-16T03:59:27+00:00","description":"\u1ed4 C\u1eafm \u0110i\u1ec7n D\u00e2n D\u1ee5ng 2M3-2A2C. d\u00f9ng \u0111\u01b0\u1ee3c cho t\u1ea5t c\u1ea3 c\u00e1c lo\u1ea1i ph\u00edch c\u1eafm v\u00e0 c\u00f3 n\u00fat b\u1eadt - t\u1eaft ngu\u1ed3n ti\u1ec7n l\u1ee3i.C\u00f3 4 c\u1ed5ng s\u1ea1c g\u1ed3m: 2 c\u1ed5ng USB v\u00e0 2 c\u1ed5ng Type...","breadcrumb":{"@id":"https:\/\/kawasan.vn\/san-pham\/o-cam-day-dai-2m-3-lo-2usb-2typec-sac-2-4a\/#breadcrumb"},"inLanguage":"en-US","potentialAction":[{"@type":"ReadAction","target":["https:\/\/kawasan.vn\/san-pham\/o-cam-day-dai-2m-3-lo-2usb-2typec-sac-2-4a\/"]}]},{"@type":"ImageObject","inLanguage":"en-US","@id":"https:\/\/kawasan.vn\/san-pham\/o-cam-day-dai-2m-3-lo-2usb-2typec-sac-2-4a\/#primaryimage","url":"https:\/\/kawasan.vn\/wp-content\/uploads\/2024\/11\/1-1.jpg","contentUrl":"https:\/\/kawasan.vn\/wp-content\/uploads\/2024\/11\/1-1.jpg","width":900,"height":900},{"@type":"BreadcrumbList","@id":"https:\/\/kawasan.vn\/san-pham\/o-cam-day-dai-2m-3-lo-2usb-2typec-sac-2-4a\/#breadcrumb","itemListElement":[{"@type":"ListItem","position":1,"name":"Trang ch\u1ee7","item":"https:\/\/kawasan.vn\/"},{"@type":"ListItem","position":2,"name":"S\u1ea3n ph\u1ea9m","item":"https:\/\/kawasan.vn\/san-pham\/"},{"@type":"ListItem","position":3,"name":"\u1ed4 C\u1eaeM D\u00c2Y D\u00c0I 2M, 3 L\u1ed6, 2USB, 2TYPEC, L\u1ed7 s\u1ea1c 2.4A"}]},{"@type":"WebSite","@id":"https:\/\/kawasan.vn\/#website","url":"https:\/\/kawasan.vn\/","name":"Kawasan","description":"","potentialAction":[{"@type":"SearchAction","target":{"@type":"EntryPoint","urlTemplate":"https:\/\/kawasan.vn\/?s={search_term_string}"},"query-input":{"@type":"PropertyValueSpecification","valueRequired":true,"valueName":"search_term_string"}}],"inLanguage":"en-US"}]}},"_links":{"self":[{"href":"https:\/\/kawasan.vn\/en\/wp-json\/wp\/v2\/product\/20935","targetHints":{"allow":["GET"]}}],"collection":[{"href":"https:\/\/kawasan.vn\/en\/wp-json\/wp\/v2\/product"}],"about":[{"href":"https:\/\/kawasan.vn\/en\/wp-json\/wp\/v2\/types\/product"}],"replies":[{"embeddable":true,"href":"https:\/\/kawasan.vn\/en\/wp-json\/wp\/v2\/comments?post=20935"}],"version-history":[{"count":6,"href":"https:\/\/kawasan.vn\/en\/wp-json\/wp\/v2\/product\/20935\/revisions"}],"predecessor-version":[{"id":29488,"href":"https:\/\/kawasan.vn\/en\/wp-json\/wp\/v2\/product\/20935\/revisions\/29488"}],"wp:featuredmedia":[{"embeddable":true,"href":"https:\/\/kawasan.vn\/en\/wp-json\/wp\/v2\/media\/27689"}],"wp:attachment":[{"href":"https:\/\/kawasan.vn\/en\/wp-json\/wp\/v2\/media?parent=20935"}],"wp:term":[{"taxonomy":"product_cat","embeddable":true,"href":"https:\/\/kawasan.vn\/en\/wp-json\/wp\/v2\/product_cat?post=20935"},{"taxonomy":"product_tag","embeddable":true,"href":"https:\/\/kawasan.vn\/en\/wp-json\/wp\/v2\/product_tag?post=20935"}],"curies":[{"name":"wp","href":"https:\/\/api.w.org\/{rel}","templated":true}]}}