{"id":20880,"date":"2024-11-13T13:44:48","date_gmt":"2024-11-13T06:44:48","guid":{"rendered":"https:\/\/kawasan.vn\/?post_type=product&#038;p=20880"},"modified":"2025-12-09T09:27:35","modified_gmt":"2025-12-09T02:27:35","slug":"cong-tac-hen-gio-thanh-ray-ts611","status":"publish","type":"product","link":"https:\/\/kawasan.vn\/en\/product\/cong-tac-hen-gio-thanh-ray-ts611\/","title":{"rendered":"TS611 Rail Timer Switch"},"content":{"rendered":"<h2><span class=\"ez-toc-section\" id=\"CONG_TAC_HEN_GIO_TU_DONG_HOT_NHAT_HIEN_NAY_TS611\"><\/span><strong>C\u00d4NG T\u1eaeC H\u1eb8N GI\u1edc T\u1ef0 \u0110\u1ed8NG HOT NH\u1ea4T HI\u1ec6N NAY TS611<\/strong><span class=\"ez-toc-section-end\"><\/span><\/h2><div id=\"ez-toc-container\" class=\"ez-toc-v2_0_69_1 counter-hierarchy ez-toc-counter ez-toc-grey ez-toc-container-direction\">\n<div class=\"ez-toc-title-container\">\n<p class=\"ez-toc-title\" >N\u1ed9i Dung B&agrave;i Vi\u1ebft<\/p>\n<span class=\"ez-toc-title-toggle\"><a href=\"#\" class=\"ez-toc-pull-right ez-toc-btn ez-toc-btn-xs ez-toc-btn-default ez-toc-toggle\" aria-label=\"Toggle Table of Content\"><span class=\"ez-toc-js-icon-con\"><span class=\"\"><span class=\"eztoc-hide\" style=\"display:none;\">Toggle<\/span><span class=\"ez-toc-icon-toggle-span\"><svg style=\"fill: #999;color:#999\" xmlns=\"http:\/\/www.w3.org\/2000\/svg\" class=\"list-377408\" width=\"20px\" height=\"20px\" viewbox=\"0 0 24 24\" fill=\"none\"><path d=\"M6 6H4v2h2V6zm14 0H8v2h12V6zM4 11h2v2H4v-2zm16 0H8v2h12v-2zM4 16h2v2H4v-2zm16 0H8v2h12v-2z\" fill=\"currentColor\"><\/path><\/svg><svg style=\"fill: #999;color:#999\" class=\"arrow-unsorted-368013\" xmlns=\"http:\/\/www.w3.org\/2000\/svg\" width=\"10px\" height=\"10px\" viewbox=\"0 0 24 24\" version=\"1.2\" baseprofile=\"tiny\"><path d=\"M18.2 9.3l-6.2-6.3-6.2 6.3c-.2.2-.3.4-.3.7s.1.5.3.7c.2.2.4.3.7.3h11c.3 0 .5-.1.7-.3.2-.2.3-.5.3-.7s-.1-.5-.3-.7zM5.8 14.7l6.2 6.3 6.2-6.3c.2-.2.3-.5.3-.7s-.1-.5-.3-.7c-.2-.2-.4-.3-.7-.3h-11c-.3 0-.5.1-.7.3-.2.2-.3.5-.3.7s.1.5.3.7z\"\/><\/svg><\/span><\/span><\/span><\/a><\/span><\/div>\n<nav><ul class='ez-toc-list ez-toc-list-level-1 eztoc-toggle-hide-by-default' ><li class='ez-toc-page-1 ez-toc-heading-level-2'><a class=\"ez-toc-link ez-toc-heading-1\" href=\"https:\/\/kawasan.vn\/en\/product\/cong-tac-hen-gio-thanh-ray-ts611\/#CONG_TAC_HEN_GIO_TU_DONG_HOT_NHAT_HIEN_NAY_TS611\" title=\"C\u00d4NG T\u1eaeC H\u1eb8N GI\u1edc T\u1ef0 \u0110\u1ed8NG HOT NH\u1ea4T HI\u1ec6N NAY TS611\">C\u00d4NG T\u1eaeC H\u1eb8N GI\u1edc T\u1ef0 \u0110\u1ed8NG HOT NH\u1ea4T HI\u1ec6N NAY TS611<\/a><\/li><li class='ez-toc-page-1 ez-toc-heading-level-2'><a class=\"ez-toc-link ez-toc-heading-2\" href=\"https:\/\/kawasan.vn\/en\/product\/cong-tac-hen-gio-thanh-ray-ts611\/#LOI_ICH_CUA_TIMER_DIEN_TU_TAT_MO_TU_DONG\" title=\"L\u1ee2I \u00cdCH C\u1ee6A TIMER \u0110I\u1ec6N T\u1eec T\u1eaeT M\u1ede T\u1ef0 \u0110\u1ed8NG\">L\u1ee2I \u00cdCH C\u1ee6A TIMER \u0110I\u1ec6N T\u1eec T\u1eaeT M\u1ede T\u1ef0 \u0110\u1ed8NG<\/a><\/li><li class='ez-toc-page-1 ez-toc-heading-level-2'><a class=\"ez-toc-link ez-toc-heading-3\" href=\"https:\/\/kawasan.vn\/en\/product\/cong-tac-hen-gio-thanh-ray-ts611\/#CONG_TAC_DIEN_HEN_GIO_DUOC_UNG_DUNG_RONG_RAI_TRONG_DOI_SONG\" title=\"C\u00d4NG T\u1eaeC \u0110I\u1ec6N H\u1eb8N GI\u1edc \u0110\u01af\u1ee2C \u1ee8NG D\u1ee4NG R\u1ed8NG R\u00c3I TRONG \u0110\u1edcI S\u1ed0NG\">C\u00d4NG T\u1eaeC \u0110I\u1ec6N H\u1eb8N GI\u1edc \u0110\u01af\u1ee2C \u1ee8NG D\u1ee4NG R\u1ed8NG R\u00c3I TRONG \u0110\u1edcI S\u1ed0NG<\/a><\/li><\/ul><\/nav><\/div>\n\n<ul>\n<li>C\u00f4ng T\u1eafc H\u1eb9n Gi\u1edd Thanh Ray TS611 l\u00e0 <a href=\"https:\/\/kawasan.com.vn\/san-pham.html\/hen-gio.html\/cong-tac-hen-gio.html\" target=\"_blank\" rel=\"noopener\">c\u00f4ng t\u1eafc h\u1eb9n gi\u1edd \u0111i\u1ec7n t\u1eed<\/a>, t\u1ef1 \u0111\u1ed9ng B\u1eadt\/T\u1eaft thi\u1ebft b\u1ecb theo th\u1eddi gian c\u00e0i \u0111\u1eb7t s\u1eb5n. V\u1edbi c\u00e1c t\u00ednh n\u0103ng (SWICH\/PULSE\/CYCLE), thi\u1ebft k\u1ebf d\u1ea1ng thanh ray \u0111\u00e1p \u1ee9ng c\u1ea3 d\u00e2n d\u1ee5ng v\u00e0 c\u00f4ng nghi\u1ec7p.<\/li>\n<li>C\u00f3 52 chu k\u1ef3 B\u1eadt\/T\u1eaft \u0111\u01b0\u1ee3c l\u1eb7p l\u1ea1i theo n\u00e0y ho\u1eb7c tu\u1ea7n t\u00f9y v\u00e0o nhu c\u1ea7u ng\u01b0\u1eddi d\u00f9ng. Th\u1eddi gian c\u00e0i \u0111\u1eb7t t\u1ed1i thi\u1ec3u l\u00e0 1 gi\u00e2y (Nh\u1ecbp); 1 ph\u00fat (On\/Off).<\/li>\n<li>Thi\u1ebft b\u1ecb \u0111\u01b0\u1ee3c t\u00edch h\u1ee3p pin d\u1ef1 ph\u00f2ng m\u00e0 kh\u00f4ng c\u1ea7n ch\u1ec9nh l\u1ea1i gi\u1edd khi m\u1ea5t \u0111i\u1ec7n.<\/li>\n<li>Thi\u1ebft k\u1ebf ki\u1ec3u c\u00f4ng t\u1eafc 2 chi\u1ec1u (1 NO \u2013 1 NC) ti\u1ec7n l\u1ee3i. C\u00f3 th\u1ec3 \u0111i\u1ec1u khi\u1ec3n 2 thi\u1ebft b\u1ecb\u00a0lu\u00e2n phi\u00ean nhau. Gi\u00fap kh\u00e1ch h\u00e0ng ti\u1ebft ki\u1ec7m t\u1ed1i \u0111a chi ph\u00ed \u0111i\u1ec7n n\u0103ng v\u00e0 th\u1eddi gian \u0111i l\u1ea1i b\u1eadt \u2013 t\u1eaft thi\u1ebft b\u1ecb.<\/li>\n<\/ul>\n<h2><span class=\"ez-toc-section\" id=\"LOI_ICH_CUA_TIMER_DIEN_TU_TAT_MO_TU_DONG\"><\/span>L\u1ee2I \u00cdCH C\u1ee6A TIMER \u0110I\u1ec6N T\u1eec T\u1eaeT M\u1ede T\u1ef0 \u0110\u1ed8NG<span class=\"ez-toc-section-end\"><\/span><\/h2>\n<ul>\n<li>Ti\u1ebft ki\u1ec7m th\u1eddi gian v\u00ec kh\u00f4ng ph\u1ea3i ch\u1edd \u0111\u1ee3i, theo d\u00f5i \u0111\u1ec3 t\u1eaft m\u1edf b\u01a1m, \u0111\u00e8n\u2026 v\u00ec \u0111\u00e3 c\u00f3 h\u1eb9n gi\u1edd t\u1ef1 \u0111\u1ed9ng l\u00e0m vi\u1ec7c.<\/li>\n<li>Ti\u1ebft ki\u1ec7m \u0111i\u1ec7n n\u0103ng, tr\u00e1nh tr\u01b0\u1eddng h\u1ee3p ng\u01b0\u1eddi s\u1eed d\u1ee5ng qu\u00ean t\u1eaft \u0111i\u1ec7n.<\/li>\n<li>Ti\u1ec7n nghi cho ng\u01b0\u1eddi s\u1eed d\u1ee5ng v\u00ec kh\u00f4ng c\u1ea7n nh\u1edb ho\u1eb7c t\u1eaft\/ m\u1edf c\u00e1c c\u00f4ng t\u1eafc, thi\u1ebft b\u1ecb \u0111i\u1ec7n b\u1eb1ng tay<\/li>\n<li>An to\u00e0n cho ng\u01b0\u1eddi s\u1eed d\u1ee5ng v\u00ec tr\u00e1nh t\u00ecnh tr\u1ea1ng c\u00e1c thi\u1ebft b\u1ecb s\u1eed d\u1ee5ng qu\u00e1 l\u00e2u m\u00e0 kh\u00f4ng t\u1eaft d\u1eabn \u0111\u1ebfn qu\u00e1 t\u1ea3i g\u00e2y ch\u00e1y n\u1ed5 v\u00e0 tr\u00e1nh nguy c\u01a1 gi\u1eadt \u0111i\u1ec7n khi kh\u00f4ng c\u1ea7n ch\u1ea1m v\u00e0o thi\u1ebft b\u1ecb \u0111\u1ec3 t\u1eaft\/m\u1edf.<\/li>\n<li>Th\u1eddi gian s\u1eed d\u1ee5ng Pin d\u1ef1 tr\u1eef 2 th\u00e1ng v\u00e0 t\u1ef1 s\u1ea1c l\u1ea1i sau khi h\u1ebft Pin, \u0111\u1ed9 b\u1ec1n 3~5 n\u0103m gi\u00fap ti\u1ebft ki\u1ec7m chi ph\u00ed cho ng\u01b0\u1eddi d\u00f9ng.<\/li>\n<li>L\u00e0m t\u1ef1 v\u1eadt li\u1ec7u nh\u1ef1a cao c\u1ea5p th\u00e2n thi\u1ec7n v\u1edbi m\u00f4i tr\u01b0\u1eddng, an to\u00e0n cho ng\u01b0\u1eddi d\u00f9ng.<\/li>\n<\/ul>\n<figure id=\"attachment_20921\" aria-describedby=\"caption-attachment-20921\" style=\"width: 600px\" class=\"wp-caption aligncenter\"><img loading=\"lazy\" decoding=\"async\" class=\"wp-image-20921 size-full\" title=\"TS611 Rail Timer Switch\" src=\"https:\/\/kawasan.vn\/wp-content\/uploads\/2024\/11\/TS611_moi-600x600-1.jpg\" alt=\"C\u00f4ng T\u1eafc H\u1eb9n Gi\u1edd Thanh Ray TS611\" width=\"600\" height=\"600\" srcset=\"https:\/\/kawasan.vn\/wp-content\/uploads\/2024\/11\/TS611_moi-600x600-1.jpg 600w, https:\/\/kawasan.vn\/wp-content\/uploads\/2024\/11\/TS611_moi-600x600-1-400x400.jpg 400w\" sizes=\"auto, (max-width: 600px) 100vw, 600px\" \/><figcaption id=\"caption-attachment-20921\" class=\"wp-caption-text\">TS611 Rail Timer Switch<\/figcaption><\/figure>\n<h2><span class=\"ez-toc-section\" id=\"CONG_TAC_DIEN_HEN_GIO_DUOC_UNG_DUNG_RONG_RAI_TRONG_DOI_SONG\"><\/span><strong>C\u00d4NG T\u1eaeC \u0110I\u1ec6N H\u1eb8N GI\u1edc \u0110\u01af\u1ee2C \u1ee8NG D\u1ee4NG R\u1ed8NG R\u00c3I TRONG \u0110\u1edcI S\u1ed0NG<\/strong><span class=\"ez-toc-section-end\"><\/span><\/h2>\n<ul>\n<li>Gi\u1ea3i ph\u00e1p h\u00e0ng \u0111\u1ea7u cho c\u00e1c h\u1ed9 gia \u0111\u00ecnh c\u00f3 tr\u1ebb nh\u1ecf v\u00e0 ng\u01b0\u1eddi gi\u00e0.<\/li>\n<li>Gi\u1ea3i ph\u00e1p cho c\u00e1c \u1ee9ng d\u1ee5ng t\u1ef1 \u0111\u1ed9ng reo chu\u00f4ng tr\u01b0\u1eddng h\u1ecdc, c\u00f4ng ty\u2026<\/li>\n<li>Gi\u1ea3i ph\u00e1p cho n\u00f4ng nghi\u1ec7p. H\u1eb9n gi\u1edd t\u01b0\u1edbi hoa ki\u1ec3ng nh\u00e0 v\u01b0\u1eddn, c\u00e1c h\u1ed9 tr\u1ed3ng hoa, c\u00e2y c\u1ea3nh, tr\u00e1i c\u00e2y, th\u1ee7y canh\u2026 V\u00ec c\u00f3 th\u1ec3 c\u00e0i \u0111\u1eb7t h\u1ec7 th\u1ed1ng <a href=\"https:\/\/kawasan.vn\/en\/product-category\/hen-gio\/\" target=\"_blank\" rel=\"noopener\">h\u1eb9n gi\u1edd<\/a> cho c\u00e1c thi\u1ebft b\u1ecb t\u01b0\u1edbi ti\u00eau, chi\u1ebfu s\u00e1ng theo m\u1ed9t chu k\u1ef3 nh\u1ea5t \u0111\u1ecbnh\u2026<\/li>\n<li>Gi\u1ea3i ph\u00e1p cho c\u00e1c h\u1ed9 ch\u0103n nu\u00f4i th\u1ee7y h\u1ea3i s\u1ea3n, c\u00e1c h\u1ed9 ch\u0103n nu\u00f4i gia x\u00fac gia c\u1ea7m,\u2026<\/li>\n<\/ul>\n<p><img loading=\"lazy\" decoding=\"async\" class=\"size-full wp-image-20913 aligncenter\" src=\"https:\/\/kawasan.vn\/wp-content\/uploads\/2024\/11\/cong-tac-hen-gio-tu-dong-ts611-4.jpg\" alt=\"\" width=\"800\" height=\"800\" srcset=\"https:\/\/kawasan.vn\/wp-content\/uploads\/2024\/11\/cong-tac-hen-gio-tu-dong-ts611-4.jpg 800w, https:\/\/kawasan.vn\/wp-content\/uploads\/2024\/11\/cong-tac-hen-gio-tu-dong-ts611-4-768x768.jpg 768w, https:\/\/kawasan.vn\/wp-content\/uploads\/2024\/11\/cong-tac-hen-gio-tu-dong-ts611-4-640x640.jpg 640w, https:\/\/kawasan.vn\/wp-content\/uploads\/2024\/11\/cong-tac-hen-gio-tu-dong-ts611-4-400x400.jpg 400w\" sizes=\"auto, (max-width: 800px) 100vw, 800px\" \/><\/p>\n<figure id=\"attachment_20911\" aria-describedby=\"caption-attachment-20911\" style=\"width: 800px\" class=\"wp-caption aligncenter\"><img loading=\"lazy\" decoding=\"async\" class=\"wp-image-20911 size-full\" title=\"\u1ee8ng d\u1ee5ng trong chi\u1ebfu s\u00e1ng c\u00f4ng nghi\u1ec7p v\u00e0 n\u00f4ng nghi\u1ec7p\" src=\"https:\/\/kawasan.vn\/wp-content\/uploads\/2024\/11\/cong-tac-hen-gio-tu-dong-ts611-1.jpg\" alt=\"\u1ee8ng d\u1ee5ng trong chi\u1ebfu s\u00e1ng c\u00f4ng nghi\u1ec7p v\u00e0 n\u00f4ng nghi\u1ec7p\" width=\"800\" height=\"800\" srcset=\"https:\/\/kawasan.vn\/wp-content\/uploads\/2024\/11\/cong-tac-hen-gio-tu-dong-ts611-1.jpg 800w, https:\/\/kawasan.vn\/wp-content\/uploads\/2024\/11\/cong-tac-hen-gio-tu-dong-ts611-1-768x768.jpg 768w, https:\/\/kawasan.vn\/wp-content\/uploads\/2024\/11\/cong-tac-hen-gio-tu-dong-ts611-1-640x640.jpg 640w, https:\/\/kawasan.vn\/wp-content\/uploads\/2024\/11\/cong-tac-hen-gio-tu-dong-ts611-1-400x400.jpg 400w\" sizes=\"auto, (max-width: 800px) 100vw, 800px\" \/><figcaption id=\"caption-attachment-20911\" class=\"wp-caption-text\">\u1ee8ng d\u1ee5ng trong chi\u1ebfu s\u00e1ng c\u00f4ng nghi\u1ec7p v\u00e0 n\u00f4ng nghi\u1ec7p<\/figcaption><\/figure>\n<figure id=\"attachment_20914\" aria-describedby=\"caption-attachment-20914\" style=\"width: 800px\" class=\"wp-caption aligncenter\"><img loading=\"lazy\" decoding=\"async\" class=\"wp-image-20914\" title=\"\u1ee8ng d\u1ee5ng cho h\u1ec7 th\u1ed1ng phun t\u01b0\u1edbi n\u01b0\u1edbc\" src=\"https:\/\/kawasan.vn\/wp-content\/uploads\/2024\/11\/cong-tac-hen-gio-tu-dong-ts611-1-1.png\" alt=\"\u1ee8ng d\u1ee5ng cho h\u1ec7 th\u1ed1ng phun t\u01b0\u1edbi n\u01b0\u1edbc\" width=\"800\" height=\"547\" srcset=\"https:\/\/kawasan.vn\/wp-content\/uploads\/2024\/11\/cong-tac-hen-gio-tu-dong-ts611-1-1-768x525.png 768w, https:\/\/kawasan.vn\/wp-content\/uploads\/2024\/11\/cong-tac-hen-gio-tu-dong-ts611-1-1-640x438.png 640w, https:\/\/kawasan.vn\/wp-content\/uploads\/2024\/11\/cong-tac-hen-gio-tu-dong-ts611-1-1-400x274.png 400w\" sizes=\"auto, (max-width: 800px) 100vw, 800px\" \/><figcaption id=\"caption-attachment-20914\" class=\"wp-caption-text\">C\u00f4ng T\u1eafc H\u1eb9n Gi\u1edd Thanh Ray TS611 \u1ee8ng d\u1ee5ng cho h\u1ec7 th\u1ed1ng phun t\u01b0\u1edbi n\u01b0\u1edbc<\/figcaption><\/figure>\n<p style=\"text-align: center;\"><strong>Thank you for trusting Kawasan products!<\/strong><\/p>\n<p style=\"text-align: center;\"><strong>Toll-Free Consulting Hotline:\u00a0<\/strong><strong>1800 0058<\/strong><\/p>\n<p style=\"text-align: center;\" align=\"center\"><strong>Trang web:\u00a0\u00a0<\/strong><a href=\"https:\/\/kawasan.vn\/en\/\"><strong>www.kawasan.vn<\/strong><\/a><\/p>\n<p style=\"text-align: center;\" align=\"center\"><strong>Trang web:\u00a0\u00a0<\/strong><a href=\"https:\/\/kawaled.com.vn\/\"><strong>www.kawaled.com.vn<\/strong><\/a><\/p>\n<div id=\"attachment_4361\" class=\"wp-caption aligncenter\"><\/div>\n<div id=\"attachment_4362\" class=\"wp-caption aligncenter\"><\/div>","protected":false},"excerpt":{"rendered":"<p>C\u00d4NG T\u1eaeC H\u1eb8N GI\u1edc T\u1ef0 \u0110\u1ed8NG HOT NH\u1ea4T HI\u1ec6N NAY TS611 C\u00f4ng T\u1eafc H\u1eb9n Gi\u1edd Thanh Ray TS611 l\u00e0 c\u00f4ng t\u1eafc h\u1eb9n gi\u1edd \u0111i\u1ec7n t\u1eed, t\u1ef1 \u0111\u1ed9ng B\u1eadt\/T\u1eaft thi\u1ebft b\u1ecb theo th\u1eddi gian c\u00e0i \u0111\u1eb7t s\u1eb5n. V\u1edbi c\u00e1c t\u00ednh n\u0103ng (SWICH\/PULSE\/CYCLE), thi\u1ebft k\u1ebf d\u1ea1ng thanh ray \u0111\u00e1p \u1ee9ng c\u1ea3 d\u00e2n d\u1ee5ng v\u00e0 c\u00f4ng nghi\u1ec7p. C\u00f3 [&hellip;]<\/p>","protected":false},"featured_media":20921,"comment_status":"open","ping_status":"closed","template":"","meta":{"_yoast_wpseo_focuskw":"C\u00f4ng T\u1eafc H\u1eb9n Gi\u1edd Thanh Ray TS611","_yoast_wpseo_metadesc":"C\u00f4ng T\u1eafc H\u1eb9n Gi\u1edd Thanh Ray TS611. Gi\u1ea3i ph\u00e1p h\u00e0ng \u0111\u1ea7u ti\u1ebft ki\u1ec7m th\u1eddi gian, kh\u00f4ng ph\u1ea3i ch\u1edd \u0111\u1ee3i, theo d\u00f5i t\u1eaft m\u1edf b\u01a1m, \u0111\u00e8n\u2026 v\u00ec \u0111\u00e3 c\u00f3 h\u1eb9n gi\u1edd t\u1ef1 \u0111\u1ed9ng l\u00e0m vi\u1ec7c...","_yoast_wpseo_focuskeywords":"","_yoast_wpseo_keyword_synonyms":""},"product_cat":[511,82],"product_tag":[516,1146,1145,1753,963,964,1776],"class_list":["post-20880","product","type-product","status-publish","has-post-thumbnail","hentry","product_cat-cong-tac-hen-gio","product_cat-hen-gio","product_tag-cong-tac-hen-gio","product_tag-cong-tac-hen-gio-co","product_tag-cong-tac-hen-gio-dien-tu","product_tag-cong-tac-hen-gio-gia-re","product_tag-cong-tac-hen-gio-kawasan","product_tag-cong-tac-hen-gio-thong-minh","product_tag-cong-tac-hen-gio-timer"],"acf":[],"yoast_head":"<!-- This site is optimized with the Yoast SEO Premium plugin v24.9 (Yoast SEO v24.9) - https:\/\/yoast.com\/wordpress\/plugins\/seo\/ -->\n<title>C\u00f4ng T\u1eafc H\u1eb9n Gi\u1edd Thanh Ray TS611 - Kawasan<\/title>\n<meta name=\"description\" content=\"C\u00f4ng T\u1eafc H\u1eb9n Gi\u1edd Thanh Ray TS611. Gi\u1ea3i ph\u00e1p h\u00e0ng \u0111\u1ea7u ti\u1ebft ki\u1ec7m th\u1eddi gian, kh\u00f4ng ph\u1ea3i ch\u1edd \u0111\u1ee3i, theo d\u00f5i t\u1eaft m\u1edf b\u01a1m, \u0111\u00e8n\u2026 v\u00ec \u0111\u00e3 c\u00f3 h\u1eb9n gi\u1edd t\u1ef1 \u0111\u1ed9ng l\u00e0m vi\u1ec7c...\" \/>\n<meta name=\"robots\" content=\"index, follow, max-snippet:-1, max-image-preview:large, max-video-preview:-1\" \/>\n<link rel=\"canonical\" href=\"https:\/\/kawasan.vn\/en\/product\/cong-tac-hen-gio-thanh-ray-ts611\/\" \/>\n<meta property=\"og:locale\" content=\"en_US\" \/>\n<meta property=\"og:type\" content=\"article\" \/>\n<meta property=\"og:title\" content=\"C\u00f4ng T\u1eafc H\u1eb9n Gi\u1edd Thanh Ray TS611\" \/>\n<meta property=\"og:description\" content=\"C\u00f4ng T\u1eafc H\u1eb9n Gi\u1edd Thanh Ray TS611. Gi\u1ea3i ph\u00e1p h\u00e0ng \u0111\u1ea7u ti\u1ebft ki\u1ec7m th\u1eddi gian, kh\u00f4ng ph\u1ea3i ch\u1edd \u0111\u1ee3i, theo d\u00f5i t\u1eaft m\u1edf b\u01a1m, \u0111\u00e8n\u2026 v\u00ec \u0111\u00e3 c\u00f3 h\u1eb9n gi\u1edd t\u1ef1 \u0111\u1ed9ng l\u00e0m vi\u1ec7c...\" \/>\n<meta property=\"og:url\" content=\"https:\/\/kawasan.vn\/en\/product\/cong-tac-hen-gio-thanh-ray-ts611\/\" \/>\n<meta property=\"og:site_name\" content=\"Kawasan\" \/>\n<meta property=\"article:modified_time\" content=\"2025-12-09T02:27:35+00:00\" \/>\n<meta property=\"og:image\" content=\"https:\/\/kawasan.vn\/wp-content\/uploads\/2024\/11\/TS611_moi-600x600-1.jpg\" \/>\n\t<meta property=\"og:image:width\" content=\"600\" \/>\n\t<meta property=\"og:image:height\" content=\"600\" \/>\n\t<meta property=\"og:image:type\" content=\"image\/jpeg\" \/>\n<meta name=\"twitter:card\" content=\"summary_large_image\" \/>\n<meta name=\"twitter:label1\" content=\"Est. reading time\" \/>\n\t<meta name=\"twitter:data1\" content=\"4 minutes\" \/>\n<script type=\"application\/ld+json\" class=\"yoast-schema-graph\">{\"@context\":\"https:\/\/schema.org\",\"@graph\":[{\"@type\":\"WebPage\",\"@id\":\"https:\/\/kawasan.vn\/san-pham\/cong-tac-hen-gio-thanh-ray-ts611\/\",\"url\":\"https:\/\/kawasan.vn\/san-pham\/cong-tac-hen-gio-thanh-ray-ts611\/\",\"name\":\"C\u00f4ng T\u1eafc H\u1eb9n Gi\u1edd Thanh Ray TS611 - Kawasan\",\"isPartOf\":{\"@id\":\"https:\/\/kawasan.vn\/#website\"},\"primaryImageOfPage\":{\"@id\":\"https:\/\/kawasan.vn\/san-pham\/cong-tac-hen-gio-thanh-ray-ts611\/#primaryimage\"},\"image\":{\"@id\":\"https:\/\/kawasan.vn\/san-pham\/cong-tac-hen-gio-thanh-ray-ts611\/#primaryimage\"},\"thumbnailUrl\":\"https:\/\/kawasan.vn\/wp-content\/uploads\/2024\/11\/TS611_moi-600x600-1.jpg\",\"datePublished\":\"2024-11-13T06:44:48+00:00\",\"dateModified\":\"2025-12-09T02:27:35+00:00\",\"description\":\"C\u00f4ng T\u1eafc H\u1eb9n Gi\u1edd Thanh Ray TS611. Gi\u1ea3i ph\u00e1p h\u00e0ng \u0111\u1ea7u ti\u1ebft ki\u1ec7m th\u1eddi gian, kh\u00f4ng ph\u1ea3i ch\u1edd \u0111\u1ee3i, theo d\u00f5i t\u1eaft m\u1edf b\u01a1m, \u0111\u00e8n\u2026 v\u00ec \u0111\u00e3 c\u00f3 h\u1eb9n gi\u1edd t\u1ef1 \u0111\u1ed9ng l\u00e0m vi\u1ec7c...\",\"breadcrumb\":{\"@id\":\"https:\/\/kawasan.vn\/san-pham\/cong-tac-hen-gio-thanh-ray-ts611\/#breadcrumb\"},\"inLanguage\":\"en-US\",\"potentialAction\":[{\"@type\":\"ReadAction\",\"target\":[\"https:\/\/kawasan.vn\/san-pham\/cong-tac-hen-gio-thanh-ray-ts611\/\"]}]},{\"@type\":\"ImageObject\",\"inLanguage\":\"en-US\",\"@id\":\"https:\/\/kawasan.vn\/san-pham\/cong-tac-hen-gio-thanh-ray-ts611\/#primaryimage\",\"url\":\"https:\/\/kawasan.vn\/wp-content\/uploads\/2024\/11\/TS611_moi-600x600-1.jpg\",\"contentUrl\":\"https:\/\/kawasan.vn\/wp-content\/uploads\/2024\/11\/TS611_moi-600x600-1.jpg\",\"width\":600,\"height\":600,\"caption\":\"C\u00f4ng T\u1eafc H\u1eb9n Gi\u1edd Thanh Ray TS611\"},{\"@type\":\"BreadcrumbList\",\"@id\":\"https:\/\/kawasan.vn\/san-pham\/cong-tac-hen-gio-thanh-ray-ts611\/#breadcrumb\",\"itemListElement\":[{\"@type\":\"ListItem\",\"position\":1,\"name\":\"Trang ch\u1ee7\",\"item\":\"https:\/\/kawasan.vn\/\"},{\"@type\":\"ListItem\",\"position\":2,\"name\":\"S\u1ea3n ph\u1ea9m\",\"item\":\"https:\/\/kawasan.vn\/san-pham\/\"},{\"@type\":\"ListItem\",\"position\":3,\"name\":\"C\u00f4ng T\u1eafc H\u1eb9n Gi\u1edd Thanh Ray TS611\"}]},{\"@type\":\"WebSite\",\"@id\":\"https:\/\/kawasan.vn\/#website\",\"url\":\"https:\/\/kawasan.vn\/\",\"name\":\"Kawasan\",\"description\":\"\",\"potentialAction\":[{\"@type\":\"SearchAction\",\"target\":{\"@type\":\"EntryPoint\",\"urlTemplate\":\"https:\/\/kawasan.vn\/?s={search_term_string}\"},\"query-input\":{\"@type\":\"PropertyValueSpecification\",\"valueRequired\":true,\"valueName\":\"search_term_string\"}}],\"inLanguage\":\"en-US\"}]}<\/script>\n<!-- \/ Yoast SEO Premium plugin. -->","yoast_head_json":{"title":"C\u00f4ng T\u1eafc H\u1eb9n Gi\u1edd Thanh Ray TS611 - Kawasan","description":"C\u00f4ng T\u1eafc H\u1eb9n Gi\u1edd Thanh Ray TS611. Gi\u1ea3i ph\u00e1p h\u00e0ng \u0111\u1ea7u ti\u1ebft ki\u1ec7m th\u1eddi gian, kh\u00f4ng ph\u1ea3i ch\u1edd \u0111\u1ee3i, theo d\u00f5i t\u1eaft m\u1edf b\u01a1m, \u0111\u00e8n\u2026 v\u00ec \u0111\u00e3 c\u00f3 h\u1eb9n gi\u1edd t\u1ef1 \u0111\u1ed9ng l\u00e0m vi\u1ec7c...","robots":{"index":"index","follow":"follow","max-snippet":"max-snippet:-1","max-image-preview":"max-image-preview:large","max-video-preview":"max-video-preview:-1"},"canonical":"https:\/\/kawasan.vn\/en\/product\/cong-tac-hen-gio-thanh-ray-ts611\/","og_locale":"en_US","og_type":"article","og_title":"C\u00f4ng T\u1eafc H\u1eb9n Gi\u1edd Thanh Ray TS611","og_description":"C\u00f4ng T\u1eafc H\u1eb9n Gi\u1edd Thanh Ray TS611. Gi\u1ea3i ph\u00e1p h\u00e0ng \u0111\u1ea7u ti\u1ebft ki\u1ec7m th\u1eddi gian, kh\u00f4ng ph\u1ea3i ch\u1edd \u0111\u1ee3i, theo d\u00f5i t\u1eaft m\u1edf b\u01a1m, \u0111\u00e8n\u2026 v\u00ec \u0111\u00e3 c\u00f3 h\u1eb9n gi\u1edd t\u1ef1 \u0111\u1ed9ng l\u00e0m vi\u1ec7c...","og_url":"https:\/\/kawasan.vn\/en\/product\/cong-tac-hen-gio-thanh-ray-ts611\/","og_site_name":"Kawasan","article_modified_time":"2025-12-09T02:27:35+00:00","og_image":[{"width":600,"height":600,"url":"https:\/\/kawasan.vn\/wp-content\/uploads\/2024\/11\/TS611_moi-600x600-1.jpg","type":"image\/jpeg"}],"twitter_card":"summary_large_image","twitter_misc":{"Est. reading time":"4 minutes"},"schema":{"@context":"https:\/\/schema.org","@graph":[{"@type":"WebPage","@id":"https:\/\/kawasan.vn\/san-pham\/cong-tac-hen-gio-thanh-ray-ts611\/","url":"https:\/\/kawasan.vn\/san-pham\/cong-tac-hen-gio-thanh-ray-ts611\/","name":"C\u00f4ng T\u1eafc H\u1eb9n Gi\u1edd Thanh Ray TS611 - Kawasan","isPartOf":{"@id":"https:\/\/kawasan.vn\/#website"},"primaryImageOfPage":{"@id":"https:\/\/kawasan.vn\/san-pham\/cong-tac-hen-gio-thanh-ray-ts611\/#primaryimage"},"image":{"@id":"https:\/\/kawasan.vn\/san-pham\/cong-tac-hen-gio-thanh-ray-ts611\/#primaryimage"},"thumbnailUrl":"https:\/\/kawasan.vn\/wp-content\/uploads\/2024\/11\/TS611_moi-600x600-1.jpg","datePublished":"2024-11-13T06:44:48+00:00","dateModified":"2025-12-09T02:27:35+00:00","description":"C\u00f4ng T\u1eafc H\u1eb9n Gi\u1edd Thanh Ray TS611. Gi\u1ea3i ph\u00e1p h\u00e0ng \u0111\u1ea7u ti\u1ebft ki\u1ec7m th\u1eddi gian, kh\u00f4ng ph\u1ea3i ch\u1edd \u0111\u1ee3i, theo d\u00f5i t\u1eaft m\u1edf b\u01a1m, \u0111\u00e8n\u2026 v\u00ec \u0111\u00e3 c\u00f3 h\u1eb9n gi\u1edd t\u1ef1 \u0111\u1ed9ng l\u00e0m vi\u1ec7c...","breadcrumb":{"@id":"https:\/\/kawasan.vn\/san-pham\/cong-tac-hen-gio-thanh-ray-ts611\/#breadcrumb"},"inLanguage":"en-US","potentialAction":[{"@type":"ReadAction","target":["https:\/\/kawasan.vn\/san-pham\/cong-tac-hen-gio-thanh-ray-ts611\/"]}]},{"@type":"ImageObject","inLanguage":"en-US","@id":"https:\/\/kawasan.vn\/san-pham\/cong-tac-hen-gio-thanh-ray-ts611\/#primaryimage","url":"https:\/\/kawasan.vn\/wp-content\/uploads\/2024\/11\/TS611_moi-600x600-1.jpg","contentUrl":"https:\/\/kawasan.vn\/wp-content\/uploads\/2024\/11\/TS611_moi-600x600-1.jpg","width":600,"height":600,"caption":"C\u00f4ng T\u1eafc H\u1eb9n Gi\u1edd Thanh Ray TS611"},{"@type":"BreadcrumbList","@id":"https:\/\/kawasan.vn\/san-pham\/cong-tac-hen-gio-thanh-ray-ts611\/#breadcrumb","itemListElement":[{"@type":"ListItem","position":1,"name":"Trang ch\u1ee7","item":"https:\/\/kawasan.vn\/"},{"@type":"ListItem","position":2,"name":"S\u1ea3n ph\u1ea9m","item":"https:\/\/kawasan.vn\/san-pham\/"},{"@type":"ListItem","position":3,"name":"C\u00f4ng T\u1eafc H\u1eb9n Gi\u1edd Thanh Ray TS611"}]},{"@type":"WebSite","@id":"https:\/\/kawasan.vn\/#website","url":"https:\/\/kawasan.vn\/","name":"Kawasan","description":"","potentialAction":[{"@type":"SearchAction","target":{"@type":"EntryPoint","urlTemplate":"https:\/\/kawasan.vn\/?s={search_term_string}"},"query-input":{"@type":"PropertyValueSpecification","valueRequired":true,"valueName":"search_term_string"}}],"inLanguage":"en-US"}]}},"_links":{"self":[{"href":"https:\/\/kawasan.vn\/en\/wp-json\/wp\/v2\/product\/20880","targetHints":{"allow":["GET"]}}],"collection":[{"href":"https:\/\/kawasan.vn\/en\/wp-json\/wp\/v2\/product"}],"about":[{"href":"https:\/\/kawasan.vn\/en\/wp-json\/wp\/v2\/types\/product"}],"replies":[{"embeddable":true,"href":"https:\/\/kawasan.vn\/en\/wp-json\/wp\/v2\/comments?post=20880"}],"version-history":[{"count":7,"href":"https:\/\/kawasan.vn\/en\/wp-json\/wp\/v2\/product\/20880\/revisions"}],"predecessor-version":[{"id":26518,"href":"https:\/\/kawasan.vn\/en\/wp-json\/wp\/v2\/product\/20880\/revisions\/26518"}],"wp:featuredmedia":[{"embeddable":true,"href":"https:\/\/kawasan.vn\/en\/wp-json\/wp\/v2\/media\/20921"}],"wp:attachment":[{"href":"https:\/\/kawasan.vn\/en\/wp-json\/wp\/v2\/media?parent=20880"}],"wp:term":[{"taxonomy":"product_cat","embeddable":true,"href":"https:\/\/kawasan.vn\/en\/wp-json\/wp\/v2\/product_cat?post=20880"},{"taxonomy":"product_tag","embeddable":true,"href":"https:\/\/kawasan.vn\/en\/wp-json\/wp\/v2\/product_tag?post=20880"}],"curies":[{"name":"wp","href":"https:\/\/api.w.org\/{rel}","templated":true}]}}