{"id":20617,"date":"2024-10-31T17:44:00","date_gmt":"2024-10-31T10:44:00","guid":{"rendered":"https:\/\/kawasan.vn\/?post_type=product&#038;p=20617"},"modified":"2024-10-31T17:48:03","modified_gmt":"2024-10-31T10:48:03","slug":"sinh-nhat-17-tuoi-ka-wa-san","status":"publish","type":"product","link":"https:\/\/kawasan.vn\/en\/product\/sinh-nhat-17-tuoi-ka-wa-san\/","title":{"rendered":"K\u1ef7 Ni\u1ec7m Sinh Nh\u1eadt L\u1ea7n Th\u1ee9 17 Th\u1ebf B\u1ea3o"},"content":{"rendered":"<p>H\u00e3y c\u00f9ng ch\u00fang t\u00f4i k\u1ef7 ni\u1ec7m ng\u00e0y sinh nh\u1eadt c\u1ee7a <strong><a href=\"https:\/\/kawasan.com.vn\/\">Kawasan<\/a><\/strong> v\u1edbi h\u00e0ng lo\u1ea1t \u01b0u \u0111\u00e3i kh\u00f4ng th\u1ec3 b\u1ecf l\u1ee1. Ch\u1ec9 trong th\u1eddi gian ng\u1eafn, h\u00e0ng lo\u1ea1t s\u1ea3n ph\u1ea9m c\u00f4ng ngh\u1ec7 hi\u1ec7n \u0111\u1ea1i v\u00e0 ti\u1ec7n \u00edch s\u1ebd \u0111\u01b0\u1ee3c gi\u1ea3m gi\u00e1 s\u00e2u! \u0110\u00e2y l\u00e0 d\u1ecbp \u0111\u1ec3 b\u1ea1n n\u00e2ng c\u1ea5p ng\u00f4i nh\u00e0 th\u00f4ng minh v\u1edbi chi ph\u00ed ti\u1ebft ki\u1ec7m nh\u1ea5t. <a href=\"https:\/\/kawasan.vn\/en\/\"><strong>T\u1ea1i \u0110\u00e2y<\/strong><\/a><\/p>\n<figure id=\"attachment_20612\" aria-describedby=\"caption-attachment-20612\" style=\"width: 950px\" class=\"wp-caption aligncenter\"><img loading=\"lazy\" decoding=\"async\" class=\"wp-image-20612\" title=\"K\u1ef7 ni\u1ec7m ng\u00e0y sinh nh\u1eadt c\u1ee7a Kawasan\" src=\"https:\/\/kawasan.vn\/wp-content\/uploads\/2024\/10\/Khach-hang-le-km-t11-2024.jpg\" alt=\"K\u1ef7 ni\u1ec7m ng\u00e0y sinh nh\u1eadt c\u1ee7a Kawasan\" width=\"950\" height=\"585\" srcset=\"https:\/\/kawasan.vn\/wp-content\/uploads\/2024\/10\/Khach-hang-le-km-t11-2024.jpg 875w, https:\/\/kawasan.vn\/wp-content\/uploads\/2024\/10\/Khach-hang-le-km-t11-2024-768x473.jpg 768w, https:\/\/kawasan.vn\/wp-content\/uploads\/2024\/10\/Khach-hang-le-km-t11-2024-640x394.jpg 640w, https:\/\/kawasan.vn\/wp-content\/uploads\/2024\/10\/Khach-hang-le-km-t11-2024-400x246.jpg 400w\" sizes=\"auto, (max-width: 950px) 100vw, 950px\" \/><figcaption id=\"caption-attachment-20612\" class=\"wp-caption-text\">K\u1ef7 ni\u1ec7m ng\u00e0y sinh nh\u1eadt c\u1ee7a Kawasan<\/figcaption><\/figure>","protected":false},"excerpt":{"rendered":"<p>H\u00e3y c\u00f9ng ch\u00fang t\u00f4i k\u1ef7 ni\u1ec7m ng\u00e0y sinh nh\u1eadt c\u1ee7a Kawasan v\u1edbi h\u00e0ng lo\u1ea1t \u01b0u \u0111\u00e3i kh\u00f4ng th\u1ec3 b\u1ecf l\u1ee1. Ch\u1ec9 trong th\u1eddi gian ng\u1eafn, h\u00e0ng lo\u1ea1t s\u1ea3n ph\u1ea9m c\u00f4ng ngh\u1ec7 hi\u1ec7n \u0111\u1ea1i v\u00e0 ti\u1ec7n \u00edch s\u1ebd \u0111\u01b0\u1ee3c gi\u1ea3m gi\u00e1 s\u00e2u! \u0110\u00e2y l\u00e0 d\u1ecbp \u0111\u1ec3 b\u1ea1n n\u00e2ng c\u1ea5p ng\u00f4i nh\u00e0 th\u00f4ng minh v\u1edbi chi ph\u00ed [&hellip;]<\/p>","protected":false},"featured_media":20611,"comment_status":"open","ping_status":"closed","template":"","meta":{"_yoast_wpseo_focuskw":"k\u1ef7 ni\u1ec7m ng\u00e0y sinh nh\u1eadt c\u1ee7a Kawasan","_yoast_wpseo_metadesc":"H\u00e3y c\u00f9ng ch\u00fang t\u00f4i k\u1ef7 ni\u1ec7m ng\u00e0y sinh nh\u1eadt c\u1ee7a Kawasan v\u1edbi h\u00e0ng lo\u1ea1t \u01b0u \u0111\u00e3i kh\u00f4ng th\u1ec3 b\u1ecf l\u1ee1. H\u00e0ng lo\u1ea1t s\u1ea3n ph\u1ea9m c\u00f4ng ngh\u1ec7 hi\u1ec7n \u0111\u1ea1i s\u1ebd \u0111\u01b0\u1ee3c gi\u1ea3m gi\u00e1 s\u00e2u","_yoast_wpseo_focuskeywords":"","_yoast_wpseo_keyword_synonyms":""},"product_cat":[85],"product_tag":[1711,1712,1710,1709],"class_list":["post-20617","product","type-product","status-publish","has-post-thumbnail","hentry","product_cat-hang-khuyen-mai-soc","product_tag-kawasan-17-nam","product_tag-ky-niem-sinh-nhat-lan-thu-17-cua-kawasan","product_tag-sinh-nhat-17-tuoi-kawasan","product_tag-sinh-nhat-kawasan"],"acf":[],"yoast_head":"<!-- This site is optimized with the Yoast SEO Premium plugin v24.9 (Yoast SEO v24.9) - https:\/\/yoast.com\/wordpress\/plugins\/seo\/ -->\n<title>K\u1ef7 Ni\u1ec7m Sinh Nh\u1eadt L\u1ea7n Th\u1ee9 17 Th\u1ebf B\u1ea3o - Kawasan<\/title>\n<meta name=\"description\" content=\"H\u00e3y c\u00f9ng ch\u00fang t\u00f4i k\u1ef7 ni\u1ec7m ng\u00e0y sinh nh\u1eadt c\u1ee7a Kawasan v\u1edbi h\u00e0ng lo\u1ea1t \u01b0u \u0111\u00e3i kh\u00f4ng th\u1ec3 b\u1ecf l\u1ee1. H\u00e0ng lo\u1ea1t s\u1ea3n ph\u1ea9m c\u00f4ng ngh\u1ec7 hi\u1ec7n \u0111\u1ea1i s\u1ebd \u0111\u01b0\u1ee3c gi\u1ea3m gi\u00e1 s\u00e2u\" \/>\n<meta name=\"robots\" content=\"index, follow, max-snippet:-1, max-image-preview:large, max-video-preview:-1\" \/>\n<link rel=\"canonical\" href=\"https:\/\/kawasan.vn\/en\/product\/sinh-nhat-17-tuoi-ka-wa-san\/\" \/>\n<meta property=\"og:locale\" content=\"en_US\" \/>\n<meta property=\"og:type\" content=\"article\" \/>\n<meta property=\"og:title\" content=\"K\u1ef7 Ni\u1ec7m Sinh Nh\u1eadt L\u1ea7n Th\u1ee9 17 Th\u1ebf B\u1ea3o\" \/>\n<meta property=\"og:description\" content=\"H\u00e3y c\u00f9ng ch\u00fang t\u00f4i k\u1ef7 ni\u1ec7m ng\u00e0y sinh nh\u1eadt c\u1ee7a Kawasan v\u1edbi h\u00e0ng lo\u1ea1t \u01b0u \u0111\u00e3i kh\u00f4ng th\u1ec3 b\u1ecf l\u1ee1. H\u00e0ng lo\u1ea1t s\u1ea3n ph\u1ea9m c\u00f4ng ngh\u1ec7 hi\u1ec7n \u0111\u1ea1i s\u1ebd \u0111\u01b0\u1ee3c gi\u1ea3m gi\u00e1 s\u00e2u\" \/>\n<meta property=\"og:url\" content=\"https:\/\/kawasan.vn\/en\/product\/sinh-nhat-17-tuoi-ka-wa-san\/\" \/>\n<meta property=\"og:site_name\" content=\"Kawasan\" \/>\n<meta property=\"article:modified_time\" content=\"2024-10-31T10:48:03+00:00\" \/>\n<meta property=\"og:image\" content=\"https:\/\/kawasan.vn\/wp-content\/uploads\/2024\/10\/banner-km-kh-le-t11.jpg\" \/>\n\t<meta property=\"og:image:width\" content=\"892\" \/>\n\t<meta property=\"og:image:height\" content=\"867\" \/>\n\t<meta property=\"og:image:type\" content=\"image\/jpeg\" \/>\n<meta name=\"twitter:card\" content=\"summary_large_image\" \/>\n<meta name=\"twitter:label1\" content=\"Est. reading time\" \/>\n\t<meta name=\"twitter:data1\" content=\"1 minute\" \/>\n<script type=\"application\/ld+json\" class=\"yoast-schema-graph\">{\"@context\":\"https:\/\/schema.org\",\"@graph\":[{\"@type\":\"WebPage\",\"@id\":\"https:\/\/kawasan.vn\/san-pham\/sinh-nhat-17-tuoi-ka-wa-san\/\",\"url\":\"https:\/\/kawasan.vn\/san-pham\/sinh-nhat-17-tuoi-ka-wa-san\/\",\"name\":\"K\u1ef7 Ni\u1ec7m Sinh Nh\u1eadt L\u1ea7n Th\u1ee9 17 Th\u1ebf B\u1ea3o - Kawasan\",\"isPartOf\":{\"@id\":\"https:\/\/kawasan.vn\/#website\"},\"primaryImageOfPage\":{\"@id\":\"https:\/\/kawasan.vn\/san-pham\/sinh-nhat-17-tuoi-ka-wa-san\/#primaryimage\"},\"image\":{\"@id\":\"https:\/\/kawasan.vn\/san-pham\/sinh-nhat-17-tuoi-ka-wa-san\/#primaryimage\"},\"thumbnailUrl\":\"https:\/\/kawasan.vn\/wp-content\/uploads\/2024\/10\/banner-km-kh-le-t11.jpg\",\"datePublished\":\"2024-10-31T10:44:00+00:00\",\"dateModified\":\"2024-10-31T10:48:03+00:00\",\"description\":\"H\u00e3y c\u00f9ng ch\u00fang t\u00f4i k\u1ef7 ni\u1ec7m ng\u00e0y sinh nh\u1eadt c\u1ee7a Kawasan v\u1edbi h\u00e0ng lo\u1ea1t \u01b0u \u0111\u00e3i kh\u00f4ng th\u1ec3 b\u1ecf l\u1ee1. H\u00e0ng lo\u1ea1t s\u1ea3n ph\u1ea9m c\u00f4ng ngh\u1ec7 hi\u1ec7n \u0111\u1ea1i s\u1ebd \u0111\u01b0\u1ee3c gi\u1ea3m gi\u00e1 s\u00e2u\",\"breadcrumb\":{\"@id\":\"https:\/\/kawasan.vn\/san-pham\/sinh-nhat-17-tuoi-ka-wa-san\/#breadcrumb\"},\"inLanguage\":\"en-US\",\"potentialAction\":[{\"@type\":\"ReadAction\",\"target\":[\"https:\/\/kawasan.vn\/san-pham\/sinh-nhat-17-tuoi-ka-wa-san\/\"]}]},{\"@type\":\"ImageObject\",\"inLanguage\":\"en-US\",\"@id\":\"https:\/\/kawasan.vn\/san-pham\/sinh-nhat-17-tuoi-ka-wa-san\/#primaryimage\",\"url\":\"https:\/\/kawasan.vn\/wp-content\/uploads\/2024\/10\/banner-km-kh-le-t11.jpg\",\"contentUrl\":\"https:\/\/kawasan.vn\/wp-content\/uploads\/2024\/10\/banner-km-kh-le-t11.jpg\",\"width\":892,\"height\":867,\"caption\":\"K\u1ef7 ni\u1ec7m ng\u00e0y sinh nh\u1eadt c\u1ee7a Kawasan\"},{\"@type\":\"BreadcrumbList\",\"@id\":\"https:\/\/kawasan.vn\/san-pham\/sinh-nhat-17-tuoi-ka-wa-san\/#breadcrumb\",\"itemListElement\":[{\"@type\":\"ListItem\",\"position\":1,\"name\":\"Trang ch\u1ee7\",\"item\":\"https:\/\/kawasan.vn\/\"},{\"@type\":\"ListItem\",\"position\":2,\"name\":\"S\u1ea3n ph\u1ea9m\",\"item\":\"https:\/\/kawasan.vn\/san-pham\/\"},{\"@type\":\"ListItem\",\"position\":3,\"name\":\"K\u1ef7 Ni\u1ec7m Sinh Nh\u1eadt L\u1ea7n Th\u1ee9 17 Th\u1ebf B\u1ea3o\"}]},{\"@type\":\"WebSite\",\"@id\":\"https:\/\/kawasan.vn\/#website\",\"url\":\"https:\/\/kawasan.vn\/\",\"name\":\"Kawasan\",\"description\":\"\",\"potentialAction\":[{\"@type\":\"SearchAction\",\"target\":{\"@type\":\"EntryPoint\",\"urlTemplate\":\"https:\/\/kawasan.vn\/?s={search_term_string}\"},\"query-input\":{\"@type\":\"PropertyValueSpecification\",\"valueRequired\":true,\"valueName\":\"search_term_string\"}}],\"inLanguage\":\"en-US\"}]}<\/script>\n<!-- \/ Yoast SEO Premium plugin. -->","yoast_head_json":{"title":"K\u1ef7 Ni\u1ec7m Sinh Nh\u1eadt L\u1ea7n Th\u1ee9 17 Th\u1ebf B\u1ea3o - Kawasan","description":"H\u00e3y c\u00f9ng ch\u00fang t\u00f4i k\u1ef7 ni\u1ec7m ng\u00e0y sinh nh\u1eadt c\u1ee7a Kawasan v\u1edbi h\u00e0ng lo\u1ea1t \u01b0u \u0111\u00e3i kh\u00f4ng th\u1ec3 b\u1ecf l\u1ee1. H\u00e0ng lo\u1ea1t s\u1ea3n ph\u1ea9m c\u00f4ng ngh\u1ec7 hi\u1ec7n \u0111\u1ea1i s\u1ebd \u0111\u01b0\u1ee3c gi\u1ea3m gi\u00e1 s\u00e2u","robots":{"index":"index","follow":"follow","max-snippet":"max-snippet:-1","max-image-preview":"max-image-preview:large","max-video-preview":"max-video-preview:-1"},"canonical":"https:\/\/kawasan.vn\/en\/product\/sinh-nhat-17-tuoi-ka-wa-san\/","og_locale":"en_US","og_type":"article","og_title":"K\u1ef7 Ni\u1ec7m Sinh Nh\u1eadt L\u1ea7n Th\u1ee9 17 Th\u1ebf B\u1ea3o","og_description":"H\u00e3y c\u00f9ng ch\u00fang t\u00f4i k\u1ef7 ni\u1ec7m ng\u00e0y sinh nh\u1eadt c\u1ee7a Kawasan v\u1edbi h\u00e0ng lo\u1ea1t \u01b0u \u0111\u00e3i kh\u00f4ng th\u1ec3 b\u1ecf l\u1ee1. H\u00e0ng lo\u1ea1t s\u1ea3n ph\u1ea9m c\u00f4ng ngh\u1ec7 hi\u1ec7n \u0111\u1ea1i s\u1ebd \u0111\u01b0\u1ee3c gi\u1ea3m gi\u00e1 s\u00e2u","og_url":"https:\/\/kawasan.vn\/en\/product\/sinh-nhat-17-tuoi-ka-wa-san\/","og_site_name":"Kawasan","article_modified_time":"2024-10-31T10:48:03+00:00","og_image":[{"width":892,"height":867,"url":"https:\/\/kawasan.vn\/wp-content\/uploads\/2024\/10\/banner-km-kh-le-t11.jpg","type":"image\/jpeg"}],"twitter_card":"summary_large_image","twitter_misc":{"Est. reading time":"1 minute"},"schema":{"@context":"https:\/\/schema.org","@graph":[{"@type":"WebPage","@id":"https:\/\/kawasan.vn\/san-pham\/sinh-nhat-17-tuoi-ka-wa-san\/","url":"https:\/\/kawasan.vn\/san-pham\/sinh-nhat-17-tuoi-ka-wa-san\/","name":"K\u1ef7 Ni\u1ec7m Sinh Nh\u1eadt L\u1ea7n Th\u1ee9 17 Th\u1ebf B\u1ea3o - Kawasan","isPartOf":{"@id":"https:\/\/kawasan.vn\/#website"},"primaryImageOfPage":{"@id":"https:\/\/kawasan.vn\/san-pham\/sinh-nhat-17-tuoi-ka-wa-san\/#primaryimage"},"image":{"@id":"https:\/\/kawasan.vn\/san-pham\/sinh-nhat-17-tuoi-ka-wa-san\/#primaryimage"},"thumbnailUrl":"https:\/\/kawasan.vn\/wp-content\/uploads\/2024\/10\/banner-km-kh-le-t11.jpg","datePublished":"2024-10-31T10:44:00+00:00","dateModified":"2024-10-31T10:48:03+00:00","description":"H\u00e3y c\u00f9ng ch\u00fang t\u00f4i k\u1ef7 ni\u1ec7m ng\u00e0y sinh nh\u1eadt c\u1ee7a Kawasan v\u1edbi h\u00e0ng lo\u1ea1t \u01b0u \u0111\u00e3i kh\u00f4ng th\u1ec3 b\u1ecf l\u1ee1. H\u00e0ng lo\u1ea1t s\u1ea3n ph\u1ea9m c\u00f4ng ngh\u1ec7 hi\u1ec7n \u0111\u1ea1i s\u1ebd \u0111\u01b0\u1ee3c gi\u1ea3m gi\u00e1 s\u00e2u","breadcrumb":{"@id":"https:\/\/kawasan.vn\/san-pham\/sinh-nhat-17-tuoi-ka-wa-san\/#breadcrumb"},"inLanguage":"en-US","potentialAction":[{"@type":"ReadAction","target":["https:\/\/kawasan.vn\/san-pham\/sinh-nhat-17-tuoi-ka-wa-san\/"]}]},{"@type":"ImageObject","inLanguage":"en-US","@id":"https:\/\/kawasan.vn\/san-pham\/sinh-nhat-17-tuoi-ka-wa-san\/#primaryimage","url":"https:\/\/kawasan.vn\/wp-content\/uploads\/2024\/10\/banner-km-kh-le-t11.jpg","contentUrl":"https:\/\/kawasan.vn\/wp-content\/uploads\/2024\/10\/banner-km-kh-le-t11.jpg","width":892,"height":867,"caption":"K\u1ef7 ni\u1ec7m ng\u00e0y sinh nh\u1eadt c\u1ee7a Kawasan"},{"@type":"BreadcrumbList","@id":"https:\/\/kawasan.vn\/san-pham\/sinh-nhat-17-tuoi-ka-wa-san\/#breadcrumb","itemListElement":[{"@type":"ListItem","position":1,"name":"Trang ch\u1ee7","item":"https:\/\/kawasan.vn\/"},{"@type":"ListItem","position":2,"name":"S\u1ea3n ph\u1ea9m","item":"https:\/\/kawasan.vn\/san-pham\/"},{"@type":"ListItem","position":3,"name":"K\u1ef7 Ni\u1ec7m Sinh Nh\u1eadt L\u1ea7n Th\u1ee9 17 Th\u1ebf B\u1ea3o"}]},{"@type":"WebSite","@id":"https:\/\/kawasan.vn\/#website","url":"https:\/\/kawasan.vn\/","name":"Kawasan","description":"","potentialAction":[{"@type":"SearchAction","target":{"@type":"EntryPoint","urlTemplate":"https:\/\/kawasan.vn\/?s={search_term_string}"},"query-input":{"@type":"PropertyValueSpecification","valueRequired":true,"valueName":"search_term_string"}}],"inLanguage":"en-US"}]}},"_links":{"self":[{"href":"https:\/\/kawasan.vn\/en\/wp-json\/wp\/v2\/product\/20617","targetHints":{"allow":["GET"]}}],"collection":[{"href":"https:\/\/kawasan.vn\/en\/wp-json\/wp\/v2\/product"}],"about":[{"href":"https:\/\/kawasan.vn\/en\/wp-json\/wp\/v2\/types\/product"}],"replies":[{"embeddable":true,"href":"https:\/\/kawasan.vn\/en\/wp-json\/wp\/v2\/comments?post=20617"}],"version-history":[{"count":2,"href":"https:\/\/kawasan.vn\/en\/wp-json\/wp\/v2\/product\/20617\/revisions"}],"predecessor-version":[{"id":20619,"href":"https:\/\/kawasan.vn\/en\/wp-json\/wp\/v2\/product\/20617\/revisions\/20619"}],"wp:featuredmedia":[{"embeddable":true,"href":"https:\/\/kawasan.vn\/en\/wp-json\/wp\/v2\/media\/20611"}],"wp:attachment":[{"href":"https:\/\/kawasan.vn\/en\/wp-json\/wp\/v2\/media?parent=20617"}],"wp:term":[{"taxonomy":"product_cat","embeddable":true,"href":"https:\/\/kawasan.vn\/en\/wp-json\/wp\/v2\/product_cat?post=20617"},{"taxonomy":"product_tag","embeddable":true,"href":"https:\/\/kawasan.vn\/en\/wp-json\/wp\/v2\/product_tag?post=20617"}],"curies":[{"name":"wp","href":"https:\/\/api.w.org\/{rel}","templated":true}]}}