{"id":20019,"date":"2024-08-02T16:24:18","date_gmt":"2024-08-02T09:24:18","guid":{"rendered":"https:\/\/kawasan.vn\/?post_type=product&#038;p=20019"},"modified":"2026-01-13T08:36:53","modified_gmt":"2026-01-13T01:36:53","slug":"pin-alkaline-23a-12v-kawasan","status":"publish","type":"product","link":"https:\/\/kawasan.vn\/en\/product\/pin-alkaline-23a-12v-kawasan\/","title":{"rendered":"Pin Alkaline 23A 12V Kawasan"},"content":{"rendered":"<h2><span class=\"ez-toc-section\" id=\"PIN_ALKALINE_23A_12V_CHINH_HANG_TU_KAWASAN\"><\/span><strong>PIN ALKALINE 23A 12V CH\u00cdNH H\u00c3NG T\u1eea KAWASAN<\/strong><span class=\"ez-toc-section-end\"><\/span><\/h2><div id=\"ez-toc-container\" class=\"ez-toc-v2_0_69_1 counter-hierarchy ez-toc-counter ez-toc-grey ez-toc-container-direction\">\n<div class=\"ez-toc-title-container\">\n<p class=\"ez-toc-title\" >N\u1ed9i Dung B&agrave;i Vi\u1ebft<\/p>\n<span class=\"ez-toc-title-toggle\"><a href=\"#\" class=\"ez-toc-pull-right ez-toc-btn ez-toc-btn-xs ez-toc-btn-default ez-toc-toggle\" aria-label=\"Toggle Table of Content\"><span class=\"ez-toc-js-icon-con\"><span class=\"\"><span class=\"eztoc-hide\" style=\"display:none;\">Toggle<\/span><span class=\"ez-toc-icon-toggle-span\"><svg style=\"fill: #999;color:#999\" xmlns=\"http:\/\/www.w3.org\/2000\/svg\" class=\"list-377408\" width=\"20px\" height=\"20px\" viewbox=\"0 0 24 24\" fill=\"none\"><path d=\"M6 6H4v2h2V6zm14 0H8v2h12V6zM4 11h2v2H4v-2zm16 0H8v2h12v-2zM4 16h2v2H4v-2zm16 0H8v2h12v-2z\" fill=\"currentColor\"><\/path><\/svg><svg style=\"fill: #999;color:#999\" class=\"arrow-unsorted-368013\" xmlns=\"http:\/\/www.w3.org\/2000\/svg\" width=\"10px\" height=\"10px\" viewbox=\"0 0 24 24\" version=\"1.2\" baseprofile=\"tiny\"><path d=\"M18.2 9.3l-6.2-6.3-6.2 6.3c-.2.2-.3.4-.3.7s.1.5.3.7c.2.2.4.3.7.3h11c.3 0 .5-.1.7-.3.2-.2.3-.5.3-.7s-.1-.5-.3-.7zM5.8 14.7l6.2 6.3 6.2-6.3c.2-.2.3-.5.3-.7s-.1-.5-.3-.7c-.2-.2-.4-.3-.7-.3h-11c-.3 0-.5.1-.7.3-.2.2-.3.5-.3.7s.1.5.3.7z\"\/><\/svg><\/span><\/span><\/span><\/a><\/span><\/div>\n<nav><ul class='ez-toc-list ez-toc-list-level-1 eztoc-toggle-hide-by-default' ><li class='ez-toc-page-1 ez-toc-heading-level-2'><a class=\"ez-toc-link ez-toc-heading-1\" href=\"https:\/\/kawasan.vn\/en\/product\/pin-alkaline-23a-12v-kawasan\/#PIN_ALKALINE_23A_12V_CHINH_HANG_TU_KAWASAN\" title=\"PIN ALKALINE 23A 12V CH\u00cdNH H\u00c3NG T\u1eea KAWASAN\">PIN ALKALINE 23A 12V CH\u00cdNH H\u00c3NG T\u1eea KAWASAN<\/a><\/li><li class='ez-toc-page-1 ez-toc-heading-level-2'><a class=\"ez-toc-link ez-toc-heading-2\" href=\"https:\/\/kawasan.vn\/en\/product\/pin-alkaline-23a-12v-kawasan\/#PIN_TIEU_LA_GI\" title=\"PIN TI\u1ec2U L\u00c0 G\u00cc ?\">PIN TI\u1ec2U L\u00c0 G\u00cc ?<\/a><ul class='ez-toc-list-level-4' ><li class='ez-toc-heading-level-4'><ul class='ez-toc-list-level-4' ><li class='ez-toc-heading-level-4'><a class=\"ez-toc-link ez-toc-heading-3\" href=\"https:\/\/kawasan.vn\/en\/product\/pin-alkaline-23a-12v-kawasan\/#Cung_cap_nang_luong_cho_cac_thiet_bi_di_dong_Pin_tieu_thuong_duoc_su_dung_trong_dieu_khien_tu_xa_Dong_ho_treo_tuong_may_anh_do_choi_dien_tu_den_pin_va_nhieu_thiet_bi_dien_tu_khac\" title=\"Cung c\u1ea5p n\u0103ng l\u01b0\u1ee3ng cho c\u00e1c thi\u1ebft b\u1ecb di \u0111\u1ed9ng: Pin ti\u1ec3u th\u01b0\u1eddng \u0111\u01b0\u1ee3c s\u1eed d\u1ee5ng trong \u0111i\u1ec1u khi\u1ec3n t\u1eeb xa. \u0110\u1ed3ng h\u1ed3 treo t\u01b0\u1eddng, m\u00e1y \u1ea3nh, \u0111\u1ed3 ch\u01a1i \u0111i\u1ec7n t\u1eed, \u0111\u00e8n pin, v\u00e0 nhi\u1ec1u thi\u1ebft b\u1ecb \u0111i\u1ec7n t\u1eed kh\u00e1c.\">Cung c\u1ea5p n\u0103ng l\u01b0\u1ee3ng cho c\u00e1c thi\u1ebft b\u1ecb di \u0111\u1ed9ng: Pin ti\u1ec3u th\u01b0\u1eddng \u0111\u01b0\u1ee3c s\u1eed d\u1ee5ng trong \u0111i\u1ec1u khi\u1ec3n t\u1eeb xa. \u0110\u1ed3ng h\u1ed3 treo t\u01b0\u1eddng, m\u00e1y \u1ea3nh, \u0111\u1ed3 ch\u01a1i \u0111i\u1ec7n t\u1eed, \u0111\u00e8n pin, v\u00e0 nhi\u1ec1u thi\u1ebft b\u1ecb \u0111i\u1ec7n t\u1eed kh\u00e1c.<\/a><\/li><\/ul><\/li><\/ul><\/li><\/ul><\/nav><\/div>\n\n<p>Pin Alkaline 23A 12V \u0111\u01b0\u1ee3c g\u1ecdi l\u00e0 pin ki\u1ec1m, <span id=\"___color__suggestion\" class=\"___color_suggestion\">d\u1ea1ng<\/span>\u00a0pin\u00a0<span id=\"___color__suggestion\" class=\"___color_suggestion\">s\u1eed d\u1ee5ng<\/span>\u00a0m\u1ed9t l\u1ea7n. C<span id=\"___color__suggestion\" class=\"___color_suggestion\">ung c\u1ea5p<\/span>\u00a0n\u0103ng l\u01b0\u1ee3ng\u00a0<span id=\"___color__suggestion\" class=\"___color_suggestion\">d\u1ef1a<\/span>\u00a0<span id=\"___color__suggestion\" class=\"___color_suggestion\">tr\u00ean<\/span>\u00a0ph\u1ea3n \u1ee9ng gi\u1eefa Mangan dioxide (MnO<sub>2<\/sub>) v\u00e0 K\u1ebdm (Zn). Ch\u1ea5t ki\u1ec1m Kali Hydroxit\u00a0<span id=\"___color__suggestion\" class=\"___color_suggestion\">k\u1ebft h\u1ee3p<\/span>\u00a0v\u1edbi b\u1ed9t than ho\u1ea1t t\u00ednh,\u00a0nh\u01b0\u00a0<span id=\"___color__suggestion\" class=\"___color_suggestion\">ch\u1ea5t<\/span>\u00a0dung m\u00f4i \u0111i\u1ec7n\u00a0<span id=\"___color__suggestion\" class=\"___color_suggestion\">ph\u00e2n<\/span>, c\u1ef1c \u00e2m l\u00e0 K\u1ebdm\u00a0<span id=\"___color__suggestion\" class=\"___color_suggestion\">and<\/span>\u00a0c\u1ef1c d\u01b0\u01a1ng l\u00e0 MnO<sub>2<\/sub>.<\/p>\n<h2><span class=\"ez-toc-section\" id=\"PIN_TIEU_LA_GI\"><\/span><strong>PIN TI\u1ec2U L\u00c0 G\u00cc ?<\/strong><span class=\"ez-toc-section-end\"><\/span><\/h2>\n<p>Pin ti\u1ec3u (hay c\u00f2n g\u1ecdi l\u00e0 pin AA ho\u1eb7c AAA) l\u00e0 lo\u1ea1i pin ph\u1ed5 bi\u1ebfn. \u0110\u01b0\u1ee3c s\u1eed d\u1ee5ng r\u1ed9ng r\u00e3i trong nhi\u1ec1u thi\u1ebft b\u1ecb \u0111i\u1ec7n t\u1eed gia d\u1ee5ng v\u00e0 c\u1ea7m tay. T\u00e1c d\u1ee5ng ch\u00ednh c\u1ee7a pin ti\u1ec3u l\u00e0 cung c\u1ea5p ngu\u1ed3n n\u0103ng l\u01b0\u1ee3ng \u0111i\u1ec7n cho c\u00e1c thi\u1ebft b\u1ecb ho\u1ea1t \u0111\u1ed9ng m\u00e0 kh\u00f4ng c\u1ea7n k\u1ebft n\u1ed1i tr\u1ef1c ti\u1ebfp v\u1edbi ngu\u1ed3n \u0111i\u1ec7n ch\u00ednh. D\u01b0\u1edbi \u0111\u00e2y l\u00e0 m\u1ed9t s\u1ed1 t\u00e1c d\u1ee5ng c\u1ee5 th\u1ec3 c\u1ee7a pin ti\u1ec3u:<\/p>\n<ol>\n<li>\n<h4><span class=\"ez-toc-section\" id=\"Cung_cap_nang_luong_cho_cac_thiet_bi_di_dong_Pin_tieu_thuong_duoc_su_dung_trong_dieu_khien_tu_xa_Dong_ho_treo_tuong_may_anh_do_choi_dien_tu_den_pin_va_nhieu_thiet_bi_dien_tu_khac\"><\/span><strong>Cung c\u1ea5p n\u0103ng l\u01b0\u1ee3ng cho c\u00e1c thi\u1ebft b\u1ecb di \u0111\u1ed9ng<\/strong>: Pin ti\u1ec3u th\u01b0\u1eddng \u0111\u01b0\u1ee3c s\u1eed d\u1ee5ng trong \u0111i\u1ec1u khi\u1ec3n t\u1eeb xa. \u0110\u1ed3ng h\u1ed3 treo t\u01b0\u1eddng, m\u00e1y \u1ea3nh, \u0111\u1ed3 ch\u01a1i \u0111i\u1ec7n t\u1eed, \u0111\u00e8n pin, v\u00e0 nhi\u1ec1u thi\u1ebft b\u1ecb \u0111i\u1ec7n t\u1eed kh\u00e1c.<span class=\"ez-toc-section-end\"><\/span><\/h4>\n<\/li>\n<li><strong>T\u00ednh di \u0111\u1ed9ng v\u00e0 ti\u1ec7n l\u1ee3i<\/strong>: V\u1edbi k\u00edch th\u01b0\u1edbc nh\u1ecf g\u1ecdn, pin ti\u1ec3u d\u1ec5 d\u00e0ng mang theo v\u00e0 thay th\u1ebf. Gi\u00fap c\u00e1c thi\u1ebft b\u1ecb ho\u1ea1t \u0111\u1ed9ng \u1edf b\u1ea5t k\u1ef3 \u0111\u00e2u m\u00e0 kh\u00f4ng c\u1ea7n \u1ed5 c\u1eafm \u0111i\u1ec7n.<\/li>\n<li><strong>Kh\u1ea3 n\u0103ng cung c\u1ea5p n\u0103ng l\u01b0\u1ee3ng li\u00ean t\u1ee5c trong th\u1eddi gian d\u00e0i<\/strong>: Pin ti\u1ec3u th\u01b0\u1eddng c\u00f3 dung l\u01b0\u1ee3ng kh\u00e1 l\u1edbn, \u0111\u1eb7c bi\u1ec7t l\u00e0 c\u00e1c lo\u1ea1i pin alkaline ho\u1eb7c pin s\u1ea1c. Gi\u00fap thi\u1ebft b\u1ecb ho\u1ea1t \u0111\u1ed9ng li\u00ean t\u1ee5c trong th\u1eddi gian d\u00e0i m\u00e0 kh\u00f4ng c\u1ea7n thay th\u1ebf th\u01b0\u1eddng xuy\u00ean.<\/li>\n<li><strong>D\u1ec5 d\u00e0ng thay th\u1ebf<\/strong>: Pin ti\u1ec3u l\u00e0 lo\u1ea1i pin ti\u00eau chu\u1ea9n v\u00e0 d\u1ec5 d\u00e0ng mua \u1edf h\u1ea7u h\u1ebft c\u00e1c c\u1eeda h\u00e0ng. Gi\u00fap ng\u01b0\u1eddi d\u00f9ng thay th\u1ebf nhanh ch\u00f3ng khi pin h\u1ebft n\u0103ng l\u01b0\u1ee3ng.<\/li>\n<li><strong>\u0110a d\u1ea1ng v\u1ec1 ch\u1ee7ng lo\u1ea1i<\/strong>: C\u00f3 nhi\u1ec1u lo\u1ea1i pin ti\u1ec3u kh\u00e1c nhau nh\u01b0 pin alkaline, pin lithium, v\u00e0 pin s\u1ea1c. Ph\u00f9 h\u1ee3p v\u1edbi nhi\u1ec1u lo\u1ea1i thi\u1ebft b\u1ecb v\u00e0 y\u00eau c\u1ea7u s\u1eed d\u1ee5ng kh\u00e1c nhau.<\/li>\n<\/ol>\n<p>Pin ch\u00ednh h\u00e3ng Kawasan, c\u00f3 kh\u1ea3 n\u0103ng ch\u1ecbu nhi\u1ec7t \u0111\u1ed9 cao &lt;50 \u0111\u1ed9 C v\u1edbi c\u00f4ng ngh\u1ec7 s\u1ea3n xu\u1ea5t hi\u1ec7n \u0111\u1ea1i v\u00e0 <span id=\"___color__suggestion\" class=\"___color_suggestion\">t\u00e2n ti\u1ebfn<\/span>. Chuy\u00ean d\u00f9ng cho n\u00fat b\u1ea5m chu\u00f4ng c\u1eeda kh\u00f4ng d\u00e2y. Remote \u0111i\u1ec1u khi\u1ec3n t\u1eeb xa s\u00f3ng RF, <span id=\"___color__suggestion\" class=\"___color_suggestion\">c\u00f4ng t\u1eafc<\/span>\u00a0c\u1eeda cu\u1ed1n&#8230;Tu\u1ed5i th\u1ecd pin cao,\u00a0<span id=\"___color__suggestion\" class=\"___color_suggestion\">\u0111\u1ed9 \u1ea9m<\/span>\u00a0t\u1ef1 nhi\u00ean c\u1ef1c th\u1ea5p, kh\u00f4ng b\u1ecb ch\u1ea3y n\u01b0\u1edbc khi ti\u00eau th\u1ee5 h\u1ebft \u0111i\u1ec7n n\u0103ng n\u00ean an to\u00e0n cho thi\u1ebft b\u1ecb. Pin kh\u00f4ng ch\u1ee9a thu\u1ef7 ng\u00e2n,\u00a0ch\u1ea5t cadimium v\u00e0 kh\u00f4ng c\u00f3 ch\u1ea5t \u0111\u1ed9c h\u1ea1i g\u00e2y \u1ea3nh h\u01b0\u1edfng cho m\u00f4i tr\u01b0\u1eddng.<\/p>\n<p style=\"text-align: center;\"><img loading=\"lazy\" decoding=\"async\" class=\"aligncenter wp-image-20023 size-large\" src=\"https:\/\/kawasan.vn\/wp-content\/uploads\/2024\/08\/banner-Pin-Kawasan-1024x732.jpg\" alt=\"\" width=\"1024\" height=\"732\" srcset=\"https:\/\/kawasan.vn\/wp-content\/uploads\/2024\/08\/banner-Pin-Kawasan-1024x732.jpg 1024w, https:\/\/kawasan.vn\/wp-content\/uploads\/2024\/08\/banner-Pin-Kawasan-768x549.jpg 768w, https:\/\/kawasan.vn\/wp-content\/uploads\/2024\/08\/banner-Pin-Kawasan-640x457.jpg 640w, https:\/\/kawasan.vn\/wp-content\/uploads\/2024\/08\/banner-Pin-Kawasan-400x286.jpg 400w, https:\/\/kawasan.vn\/wp-content\/uploads\/2024\/08\/banner-Pin-Kawasan-1000x715.jpg 1000w\" sizes=\"auto, (max-width: 1024px) 100vw, 1024px\" \/><\/p>\n<p style=\"text-align: center;\"><img loading=\"lazy\" decoding=\"async\" class=\"size-full wp-image-20022 alignnone\" src=\"https:\/\/kawasan.vn\/wp-content\/uploads\/2024\/08\/Pin-Alkaline-23A-12V-Kawasan-3.png\" alt=\"\" width=\"600\" height=\"600\" srcset=\"https:\/\/kawasan.vn\/wp-content\/uploads\/2024\/08\/Pin-Alkaline-23A-12V-Kawasan-3.png 600w, https:\/\/kawasan.vn\/wp-content\/uploads\/2024\/08\/Pin-Alkaline-23A-12V-Kawasan-3-400x400.png 400w\" sizes=\"auto, (max-width: 600px) 100vw, 600px\" \/><\/p>\n<p style=\"text-align: center;\">\u00a0<img loading=\"lazy\" decoding=\"async\" class=\"size-full wp-image-20021 alignnone\" src=\"https:\/\/kawasan.vn\/wp-content\/uploads\/2024\/08\/Pin-Alkaline-23A-12V-Kawasan-2.png\" alt=\"\" width=\"800\" height=\"800\" srcset=\"https:\/\/kawasan.vn\/wp-content\/uploads\/2024\/08\/Pin-Alkaline-23A-12V-Kawasan-2.png 800w, https:\/\/kawasan.vn\/wp-content\/uploads\/2024\/08\/Pin-Alkaline-23A-12V-Kawasan-2-768x768.png 768w, https:\/\/kawasan.vn\/wp-content\/uploads\/2024\/08\/Pin-Alkaline-23A-12V-Kawasan-2-640x640.png 640w, https:\/\/kawasan.vn\/wp-content\/uploads\/2024\/08\/Pin-Alkaline-23A-12V-Kawasan-2-400x400.png 400w\" sizes=\"auto, (max-width: 800px) 100vw, 800px\" \/><\/p>\n<p>&nbsp;<\/p>\n<p>&nbsp;<\/p>\n<p>&nbsp;<\/p>\n<p><strong>S\u1ea3n ph\u1ea9m li\u00ean quan:\u00a0<\/strong><\/p>\n<p><strong><a href=\"https:\/\/thegioidienthongminh.com\/\"><span style=\"vertical-align: inherit;\"><span style=\"vertical-align: inherit;\">https:\/\/thegioidienthongminh.com\/<\/span><\/span><\/a><\/strong><\/p>\n<p><strong><a href=\"https:\/\/kawasan.vn\/en\/\"><span style=\"vertical-align: inherit;\"><span style=\"vertical-align: inherit;\">https:\/\/kawasan.vn\/<\/span><\/span><\/a><\/strong><\/p>\n<p>&nbsp;<\/p>","protected":false},"excerpt":{"rendered":"<p>PIN ALKALINE 23A 12V CH\u00cdNH H\u00c3NG T\u1eea KAWASAN Pin Alkaline 23A 12V \u0111\u01b0\u1ee3c g\u1ecdi l\u00e0 pin ki\u1ec1m, d\u1ea1ng\u00a0pin\u00a0s\u1eed d\u1ee5ng\u00a0m\u1ed9t l\u1ea7n. Cung c\u1ea5p\u00a0n\u0103ng l\u01b0\u1ee3ng\u00a0d\u1ef1a\u00a0tr\u00ean\u00a0ph\u1ea3n \u1ee9ng gi\u1eefa Mangan dioxide (MnO2) v\u00e0 K\u1ebdm (Zn). Ch\u1ea5t ki\u1ec1m Kali Hydroxit\u00a0k\u1ebft h\u1ee3p\u00a0v\u1edbi b\u1ed9t than ho\u1ea1t t\u00ednh,\u00a0nh\u01b0\u00a0ch\u1ea5t\u00a0dung m\u00f4i \u0111i\u1ec7n\u00a0ph\u00e2n, c\u1ef1c \u00e2m l\u00e0 K\u1ebdm\u00a0v\u00e0\u00a0c\u1ef1c d\u01b0\u01a1ng l\u00e0 MnO2. PIN TI\u1ec2U L\u00c0 G\u00cc ? Pin [&hellip;]<\/p>","protected":false},"featured_media":20020,"comment_status":"open","ping_status":"closed","template":"","meta":{"_yoast_wpseo_focuskw":"Pin Alkaline 23A 12V","_yoast_wpseo_metadesc":"Pin Alkaline 23A 12V th\u01b0\u1eddng \u0111\u01b0\u1ee3c d\u00f9ng cho 1 s\u1ed1 thi\u1ebft b\u1ecb \u0111i\u1ec1u khi\u1ec3n KAWASAN. Ho\u1eb7c c\u00e1c thi\u1ebft b\u1ecb.\u00a0Chu\u1ed9t m\u00e1y t\u00ednh,\u00a0remote \u0111i\u1ec1u khi\u1ec3n, \u0111\u1ed3 ch\u01a1i c\u1ee7a tr\u1ebb em...","_yoast_wpseo_focuskeywords":"","_yoast_wpseo_keyword_synonyms":""},"product_cat":[1119,85],"product_tag":[1303,1126,1301,1294,1316,1310,1290,1122,1305,1291,1292,1293,1308,1121,1304,1123,1313,1306,1314,1315,1120,1125,1299,1302,1124,1311,1309,1307,1298,1295,1296],"class_list":["post-20019","product","type-product","status-publish","has-post-thumbnail","hentry","product_cat-pin-tieu-pin-vuong-kawasan","product_cat-hang-khuyen-mai-soc","product_tag-cac-loai-pin-tieu","product_tag-pin","product_tag-pin-1-5v","product_tag-pin-1-5-v","product_tag-pin-1-5-v-aa","product_tag-pin-1-5-v-aaa","product_tag-pin-12v","product_tag-pin-15v","product_tag-pin-23a","product_tag-pin-23a-12v","product_tag-pin-23a12v","product_tag-pin-23ae-12v","product_tag-pin-27a-12v","product_tag-pin-aa","product_tag-pin-aa-1-5-v","product_tag-pin-aa-15v","product_tag-pin-aa-lr6","product_tag-pin-aaa-1-5-v","product_tag-pin-alkaline-1-5-v","product_tag-pin-alkaline-23a-12v","product_tag-pin-kawasan","product_tag-pin-remote","product_tag-pin-sac-1-5-v","product_tag-pin-sac-aa-1-5-v","product_tag-pin-tieu","product_tag-pin-tieu-12v","product_tag-pin-tieu-2a","product_tag-pin-tieu-3a","product_tag-pin-tieu-aa","product_tag-pin-tieu-aaa","product_tag-pin-tieu-nho"],"acf":[],"yoast_head":"<!-- This site is optimized with the Yoast SEO Premium plugin v24.9 (Yoast SEO v24.9) - https:\/\/yoast.com\/wordpress\/plugins\/seo\/ -->\n<title>Pin Alkaline 23A 12V Kawasan - Kawasan<\/title>\n<meta name=\"description\" content=\"Pin Alkaline 23A 12V th\u01b0\u1eddng \u0111\u01b0\u1ee3c d\u00f9ng cho 1 s\u1ed1 thi\u1ebft b\u1ecb \u0111i\u1ec1u khi\u1ec3n KAWASAN. Ho\u1eb7c c\u00e1c thi\u1ebft b\u1ecb.\u00a0Chu\u1ed9t m\u00e1y t\u00ednh,\u00a0remote \u0111i\u1ec1u khi\u1ec3n, \u0111\u1ed3 ch\u01a1i c\u1ee7a tr\u1ebb em...\" \/>\n<meta name=\"robots\" content=\"index, follow, max-snippet:-1, max-image-preview:large, max-video-preview:-1\" \/>\n<link rel=\"canonical\" href=\"https:\/\/kawasan.vn\/en\/product\/pin-alkaline-23a-12v-kawasan\/\" \/>\n<meta property=\"og:locale\" content=\"en_US\" \/>\n<meta property=\"og:type\" content=\"article\" \/>\n<meta property=\"og:title\" content=\"Pin Alkaline 23A 12V Kawasan\" \/>\n<meta property=\"og:description\" content=\"Pin Alkaline 23A 12V th\u01b0\u1eddng \u0111\u01b0\u1ee3c d\u00f9ng cho 1 s\u1ed1 thi\u1ebft b\u1ecb \u0111i\u1ec1u khi\u1ec3n KAWASAN. Ho\u1eb7c c\u00e1c thi\u1ebft b\u1ecb.\u00a0Chu\u1ed9t m\u00e1y t\u00ednh,\u00a0remote \u0111i\u1ec1u khi\u1ec3n, \u0111\u1ed3 ch\u01a1i c\u1ee7a tr\u1ebb em...\" \/>\n<meta property=\"og:url\" content=\"https:\/\/kawasan.vn\/en\/product\/pin-alkaline-23a-12v-kawasan\/\" \/>\n<meta property=\"og:site_name\" content=\"Kawasan\" \/>\n<meta property=\"article:modified_time\" content=\"2026-01-13T01:36:53+00:00\" \/>\n<meta property=\"og:image\" content=\"https:\/\/kawasan.vn\/wp-content\/uploads\/2024\/08\/Pin-Alkaline-23A-12V-Kawasan-1-600x600-1.png\" \/>\n\t<meta property=\"og:image:width\" content=\"600\" \/>\n\t<meta property=\"og:image:height\" content=\"600\" \/>\n\t<meta property=\"og:image:type\" content=\"image\/png\" \/>\n<meta name=\"twitter:card\" content=\"summary_large_image\" \/>\n<meta name=\"twitter:label1\" content=\"Est. reading time\" \/>\n\t<meta name=\"twitter:data1\" content=\"4 minutes\" \/>\n<script type=\"application\/ld+json\" class=\"yoast-schema-graph\">{\"@context\":\"https:\/\/schema.org\",\"@graph\":[{\"@type\":\"WebPage\",\"@id\":\"https:\/\/kawasan.vn\/san-pham\/pin-alkaline-23a-12v-kawasan\/\",\"url\":\"https:\/\/kawasan.vn\/san-pham\/pin-alkaline-23a-12v-kawasan\/\",\"name\":\"Pin Alkaline 23A 12V Kawasan - Kawasan\",\"isPartOf\":{\"@id\":\"https:\/\/kawasan.vn\/#website\"},\"primaryImageOfPage\":{\"@id\":\"https:\/\/kawasan.vn\/san-pham\/pin-alkaline-23a-12v-kawasan\/#primaryimage\"},\"image\":{\"@id\":\"https:\/\/kawasan.vn\/san-pham\/pin-alkaline-23a-12v-kawasan\/#primaryimage\"},\"thumbnailUrl\":\"https:\/\/kawasan.vn\/wp-content\/uploads\/2024\/08\/Pin-Alkaline-23A-12V-Kawasan-1-600x600-1.png\",\"datePublished\":\"2024-08-02T09:24:18+00:00\",\"dateModified\":\"2026-01-13T01:36:53+00:00\",\"description\":\"Pin Alkaline 23A 12V th\u01b0\u1eddng \u0111\u01b0\u1ee3c d\u00f9ng cho 1 s\u1ed1 thi\u1ebft b\u1ecb \u0111i\u1ec1u khi\u1ec3n KAWASAN. Ho\u1eb7c c\u00e1c thi\u1ebft b\u1ecb.\u00a0Chu\u1ed9t m\u00e1y t\u00ednh,\u00a0remote \u0111i\u1ec1u khi\u1ec3n, \u0111\u1ed3 ch\u01a1i c\u1ee7a tr\u1ebb em...\",\"breadcrumb\":{\"@id\":\"https:\/\/kawasan.vn\/san-pham\/pin-alkaline-23a-12v-kawasan\/#breadcrumb\"},\"inLanguage\":\"en-US\",\"potentialAction\":[{\"@type\":\"ReadAction\",\"target\":[\"https:\/\/kawasan.vn\/san-pham\/pin-alkaline-23a-12v-kawasan\/\"]}]},{\"@type\":\"ImageObject\",\"inLanguage\":\"en-US\",\"@id\":\"https:\/\/kawasan.vn\/san-pham\/pin-alkaline-23a-12v-kawasan\/#primaryimage\",\"url\":\"https:\/\/kawasan.vn\/wp-content\/uploads\/2024\/08\/Pin-Alkaline-23A-12V-Kawasan-1-600x600-1.png\",\"contentUrl\":\"https:\/\/kawasan.vn\/wp-content\/uploads\/2024\/08\/Pin-Alkaline-23A-12V-Kawasan-1-600x600-1.png\",\"width\":600,\"height\":600},{\"@type\":\"BreadcrumbList\",\"@id\":\"https:\/\/kawasan.vn\/san-pham\/pin-alkaline-23a-12v-kawasan\/#breadcrumb\",\"itemListElement\":[{\"@type\":\"ListItem\",\"position\":1,\"name\":\"Trang ch\u1ee7\",\"item\":\"https:\/\/kawasan.vn\/\"},{\"@type\":\"ListItem\",\"position\":2,\"name\":\"S\u1ea3n ph\u1ea9m\",\"item\":\"https:\/\/kawasan.vn\/san-pham\/\"},{\"@type\":\"ListItem\",\"position\":3,\"name\":\"Pin Alkaline 23A 12V Kawasan\"}]},{\"@type\":\"WebSite\",\"@id\":\"https:\/\/kawasan.vn\/#website\",\"url\":\"https:\/\/kawasan.vn\/\",\"name\":\"Kawasan\",\"description\":\"\",\"potentialAction\":[{\"@type\":\"SearchAction\",\"target\":{\"@type\":\"EntryPoint\",\"urlTemplate\":\"https:\/\/kawasan.vn\/?s={search_term_string}\"},\"query-input\":{\"@type\":\"PropertyValueSpecification\",\"valueRequired\":true,\"valueName\":\"search_term_string\"}}],\"inLanguage\":\"en-US\"}]}<\/script>\n<!-- \/ Yoast SEO Premium plugin. -->","yoast_head_json":{"title":"Pin Alkaline 23A 12V Kawasan - Kawasan","description":"Pin Alkaline 23A 12V th\u01b0\u1eddng \u0111\u01b0\u1ee3c d\u00f9ng cho 1 s\u1ed1 thi\u1ebft b\u1ecb \u0111i\u1ec1u khi\u1ec3n KAWASAN. Ho\u1eb7c c\u00e1c thi\u1ebft b\u1ecb.\u00a0Chu\u1ed9t m\u00e1y t\u00ednh,\u00a0remote \u0111i\u1ec1u khi\u1ec3n, \u0111\u1ed3 ch\u01a1i c\u1ee7a tr\u1ebb em...","robots":{"index":"index","follow":"follow","max-snippet":"max-snippet:-1","max-image-preview":"max-image-preview:large","max-video-preview":"max-video-preview:-1"},"canonical":"https:\/\/kawasan.vn\/en\/product\/pin-alkaline-23a-12v-kawasan\/","og_locale":"en_US","og_type":"article","og_title":"Pin Alkaline 23A 12V Kawasan","og_description":"Pin Alkaline 23A 12V th\u01b0\u1eddng \u0111\u01b0\u1ee3c d\u00f9ng cho 1 s\u1ed1 thi\u1ebft b\u1ecb \u0111i\u1ec1u khi\u1ec3n KAWASAN. Ho\u1eb7c c\u00e1c thi\u1ebft b\u1ecb.\u00a0Chu\u1ed9t m\u00e1y t\u00ednh,\u00a0remote \u0111i\u1ec1u khi\u1ec3n, \u0111\u1ed3 ch\u01a1i c\u1ee7a tr\u1ebb em...","og_url":"https:\/\/kawasan.vn\/en\/product\/pin-alkaline-23a-12v-kawasan\/","og_site_name":"Kawasan","article_modified_time":"2026-01-13T01:36:53+00:00","og_image":[{"width":600,"height":600,"url":"https:\/\/kawasan.vn\/wp-content\/uploads\/2024\/08\/Pin-Alkaline-23A-12V-Kawasan-1-600x600-1.png","type":"image\/png"}],"twitter_card":"summary_large_image","twitter_misc":{"Est. reading time":"4 minutes"},"schema":{"@context":"https:\/\/schema.org","@graph":[{"@type":"WebPage","@id":"https:\/\/kawasan.vn\/san-pham\/pin-alkaline-23a-12v-kawasan\/","url":"https:\/\/kawasan.vn\/san-pham\/pin-alkaline-23a-12v-kawasan\/","name":"Pin Alkaline 23A 12V Kawasan - Kawasan","isPartOf":{"@id":"https:\/\/kawasan.vn\/#website"},"primaryImageOfPage":{"@id":"https:\/\/kawasan.vn\/san-pham\/pin-alkaline-23a-12v-kawasan\/#primaryimage"},"image":{"@id":"https:\/\/kawasan.vn\/san-pham\/pin-alkaline-23a-12v-kawasan\/#primaryimage"},"thumbnailUrl":"https:\/\/kawasan.vn\/wp-content\/uploads\/2024\/08\/Pin-Alkaline-23A-12V-Kawasan-1-600x600-1.png","datePublished":"2024-08-02T09:24:18+00:00","dateModified":"2026-01-13T01:36:53+00:00","description":"Pin Alkaline 23A 12V th\u01b0\u1eddng \u0111\u01b0\u1ee3c d\u00f9ng cho 1 s\u1ed1 thi\u1ebft b\u1ecb \u0111i\u1ec1u khi\u1ec3n KAWASAN. Ho\u1eb7c c\u00e1c thi\u1ebft b\u1ecb.\u00a0Chu\u1ed9t m\u00e1y t\u00ednh,\u00a0remote \u0111i\u1ec1u khi\u1ec3n, \u0111\u1ed3 ch\u01a1i c\u1ee7a tr\u1ebb em...","breadcrumb":{"@id":"https:\/\/kawasan.vn\/san-pham\/pin-alkaline-23a-12v-kawasan\/#breadcrumb"},"inLanguage":"en-US","potentialAction":[{"@type":"ReadAction","target":["https:\/\/kawasan.vn\/san-pham\/pin-alkaline-23a-12v-kawasan\/"]}]},{"@type":"ImageObject","inLanguage":"en-US","@id":"https:\/\/kawasan.vn\/san-pham\/pin-alkaline-23a-12v-kawasan\/#primaryimage","url":"https:\/\/kawasan.vn\/wp-content\/uploads\/2024\/08\/Pin-Alkaline-23A-12V-Kawasan-1-600x600-1.png","contentUrl":"https:\/\/kawasan.vn\/wp-content\/uploads\/2024\/08\/Pin-Alkaline-23A-12V-Kawasan-1-600x600-1.png","width":600,"height":600},{"@type":"BreadcrumbList","@id":"https:\/\/kawasan.vn\/san-pham\/pin-alkaline-23a-12v-kawasan\/#breadcrumb","itemListElement":[{"@type":"ListItem","position":1,"name":"Trang ch\u1ee7","item":"https:\/\/kawasan.vn\/"},{"@type":"ListItem","position":2,"name":"S\u1ea3n ph\u1ea9m","item":"https:\/\/kawasan.vn\/san-pham\/"},{"@type":"ListItem","position":3,"name":"Pin Alkaline 23A 12V Kawasan"}]},{"@type":"WebSite","@id":"https:\/\/kawasan.vn\/#website","url":"https:\/\/kawasan.vn\/","name":"Kawasan","description":"","potentialAction":[{"@type":"SearchAction","target":{"@type":"EntryPoint","urlTemplate":"https:\/\/kawasan.vn\/?s={search_term_string}"},"query-input":{"@type":"PropertyValueSpecification","valueRequired":true,"valueName":"search_term_string"}}],"inLanguage":"en-US"}]}},"_links":{"self":[{"href":"https:\/\/kawasan.vn\/en\/wp-json\/wp\/v2\/product\/20019","targetHints":{"allow":["GET"]}}],"collection":[{"href":"https:\/\/kawasan.vn\/en\/wp-json\/wp\/v2\/product"}],"about":[{"href":"https:\/\/kawasan.vn\/en\/wp-json\/wp\/v2\/types\/product"}],"replies":[{"embeddable":true,"href":"https:\/\/kawasan.vn\/en\/wp-json\/wp\/v2\/comments?post=20019"}],"version-history":[{"count":3,"href":"https:\/\/kawasan.vn\/en\/wp-json\/wp\/v2\/product\/20019\/revisions"}],"predecessor-version":[{"id":20190,"href":"https:\/\/kawasan.vn\/en\/wp-json\/wp\/v2\/product\/20019\/revisions\/20190"}],"wp:featuredmedia":[{"embeddable":true,"href":"https:\/\/kawasan.vn\/en\/wp-json\/wp\/v2\/media\/20020"}],"wp:attachment":[{"href":"https:\/\/kawasan.vn\/en\/wp-json\/wp\/v2\/media?parent=20019"}],"wp:term":[{"taxonomy":"product_cat","embeddable":true,"href":"https:\/\/kawasan.vn\/en\/wp-json\/wp\/v2\/product_cat?post=20019"},{"taxonomy":"product_tag","embeddable":true,"href":"https:\/\/kawasan.vn\/en\/wp-json\/wp\/v2\/product_tag?post=20019"}],"curies":[{"name":"wp","href":"https:\/\/api.w.org\/{rel}","templated":true}]}}