{"id":20015,"date":"2024-08-02T16:12:51","date_gmt":"2024-08-02T09:12:51","guid":{"rendered":"https:\/\/kawasan.vn\/?post_type=product&#038;p=20015"},"modified":"2026-01-13T08:36:55","modified_gmt":"2026-01-13T01:36:55","slug":"pin-aaa-1-5v-r03-kawasan","status":"publish","type":"product","link":"https:\/\/kawasan.vn\/en\/product\/pin-aaa-1-5v-r03-kawasan\/","title":{"rendered":"Pin AAA 1.5V R03 Kawasan"},"content":{"rendered":"<h2>Pin AAA 1.5V R03 Kawasan<\/h2>\n<p>Pin AAA 1.5V R03 l\u00e0 d\u00f2ng Pin kh\u00f4ng s\u1ea1c l\u1ea1i. \u0110\u1ed9 b\u1ec1n cao v\u00e0 dung l\u01b0\u1ee3ng Pin l\u01b0u tr\u1eef l\u00ean \u0111\u1ebfn 3 n\u0103m. Pin hi\u1ec7u su\u1ea5t cao,k\u00edch th\u01b0\u1edbc nh\u1ecf h\u01a1n pin AA v\u1edbi chi\u1ec1u d\u00e0i<strong>\u00a044.5mm<\/strong>\u00a0v\u00e0 \u0111\u01b0\u1eddng k\u00ednh\u00a0<strong>10.5mm.<\/strong>\u00a0 Kh\u00f4ng ch\u1ee9a thu\u1ef7 ng\u00e2n v\u00e0 c\u00e1c th\u00e0nh ph\u1ea7n \u0111\u1ed9c h\u1ea1i kh\u00e1c, l\u00e0m \u1ea3nh h\u01b0\u1edfng \u0111\u1ebfn s\u1ee9c kho\u1ebb ng\u01b0\u1eddi d\u00f9ng. kh\u00f4ng b\u1ecb ch\u1ea3y n\u01b0\u1edbc khi ti\u00eau th\u1ee5 h\u1ebft \u0111i\u1ec7n n\u0103ng n\u00ean an to\u00e0n cho thi\u1ebft b\u1ecb.<\/p>\n<p>Hi\u1ec7n nay, lo\u1ea1i pin n\u00e0y th\u01b0\u1eddng \u0111\u01b0\u1ee3c s\u1eed d\u1ee5ng cho c\u00e1c thi\u1ebft b\u1ecb \u0111i\u1ec7n t\u1eed di \u0111\u1ed9ng hay nh\u1eefng thi\u1ebft b\u1ecb chuy\u00ean d\u1ee5ng nh\u01b0: \u0111\u1ed3ng h\u1ed3 treo t\u01b0\u1eddng,\u00a0<a title=\"chu\u1ed9t m\u00e1y t\u00ednh\" href=\"https:\/\/www.dienmayxanh.com\/chuot-may-tinh#c=86&amp;p=52702,134476&amp;o=9&amp;pi=0\" target=\"_blank\" rel=\"dofollow noopener\">c<\/a>hu\u1ed9t m\u00e1y t\u00ednh, m\u00e1y \u1ea3nh,\u00a0remote \u0111i\u1ec1u khi\u1ec3n, \u0111\u1ed3 ch\u01a1i c\u1ee7a tr\u1ebb em,&#8230;<\/p>\n<p><img loading=\"lazy\" decoding=\"async\" class=\"wp-image-20016 size-full aligncenter\" src=\"https:\/\/kawasan.vn\/wp-content\/uploads\/2024\/08\/pin-3a-1.5v-kawasan.png\" alt=\"\" width=\"600\" height=\"600\" srcset=\"https:\/\/kawasan.vn\/wp-content\/uploads\/2024\/08\/pin-3a-1.5v-kawasan.png 600w, https:\/\/kawasan.vn\/wp-content\/uploads\/2024\/08\/pin-3a-1.5v-kawasan-400x400.png 400w\" sizes=\"auto, (max-width: 600px) 100vw, 600px\" \/><\/p>\n<p>&nbsp;<\/p>\n<p style=\"text-align: center;\"><strong>Thank you for trusting Kawasan products!<\/strong><\/p>\n<p style=\"text-align: center;\"><strong>Toll-Free Consulting Hotline:\u00a0<\/strong><strong>1800 0058<\/strong><\/p>\n<p style=\"text-align: center;\" align=\"center\"><strong>Trang web:\u00a0\u00a0<\/strong><a href=\"https:\/\/kawasan.vn\/en\/\"><strong>www.kawasan.vn<\/strong><\/a><\/p>\n<p style=\"text-align: center;\" align=\"center\"><strong>Trang web:\u00a0\u00a0<\/strong><a href=\"https:\/\/kawaled.com.vn\/\"><strong>www.kawaled.com.vn<\/strong><\/a><\/p>","protected":false},"excerpt":{"rendered":"<p>Pin AAA 1.5V R03 Kawasan Pin AAA 1.5V R03 l\u00e0 d\u00f2ng Pin kh\u00f4ng s\u1ea1c l\u1ea1i. \u0110\u1ed9 b\u1ec1n cao v\u00e0 dung l\u01b0\u1ee3ng Pin l\u01b0u tr\u1eef l\u00ean \u0111\u1ebfn 3 n\u0103m. Pin hi\u1ec7u su\u1ea5t cao,k\u00edch th\u01b0\u1edbc nh\u1ecf h\u01a1n pin AA v\u1edbi chi\u1ec1u d\u00e0i\u00a044.5mm\u00a0v\u00e0 \u0111\u01b0\u1eddng k\u00ednh\u00a010.5mm.\u00a0 Kh\u00f4ng ch\u1ee9a thu\u1ef7 ng\u00e2n v\u00e0 c\u00e1c th\u00e0nh ph\u1ea7n \u0111\u1ed9c h\u1ea1i kh\u00e1c, l\u00e0m \u1ea3nh [&hellip;]<\/p>","protected":false},"featured_media":20016,"comment_status":"open","ping_status":"closed","template":"","meta":{"_yoast_wpseo_focuskw":"Pin AAA 1.5V R03","_yoast_wpseo_metadesc":"Pin AAA 1.5V R03 th\u01b0\u1eddng \u0111\u01b0\u1ee3c d\u00f9ng cho 1 s\u1ed1 thi\u1ebft b\u1ecb \u0111i\u1ec1u khi\u1ec3n t\u1eeb xa KAWASAN. Ho\u1eb7c c\u00e1c thi\u1ebft b\u1ecb.\u00a0Chu\u1ed9t m\u00e1y t\u00ednh,\u00a0remote \u0111i\u1ec1u khi\u1ec3n, \u0111\u1ed3 ch\u01a1i c\u1ee7a tr\u1ebb em...","_yoast_wpseo_focuskeywords":"","_yoast_wpseo_keyword_synonyms":""},"product_cat":[1119,85],"product_tag":[1303,1126,1301,1294,1316,1310,1290,1312,1122,1305,1291,1292,1293,1308,1121,1304,1123,1313,1306,1314,1315,1120,1297,1125,1299,1302,1124,1311,1309,1307,1298,1295,1296,1300],"class_list":["post-20015","product","type-product","status-publish","has-post-thumbnail","hentry","product_cat-pin-tieu-pin-vuong-kawasan","product_cat-hang-khuyen-mai-soc","product_tag-cac-loai-pin-tieu","product_tag-pin","product_tag-pin-1-5v","product_tag-pin-1-5-v","product_tag-pin-1-5-v-aa","product_tag-pin-1-5-v-aaa","product_tag-pin-12v","product_tag-pin-12v-may-khoan","product_tag-pin-15v","product_tag-pin-23a","product_tag-pin-23a-12v","product_tag-pin-23a12v","product_tag-pin-23ae-12v","product_tag-pin-27a-12v","product_tag-pin-aa","product_tag-pin-aa-1-5-v","product_tag-pin-aa-15v","product_tag-pin-aa-lr6","product_tag-pin-aaa-1-5-v","product_tag-pin-alkaline-1-5-v","product_tag-pin-alkaline-23a-12v","product_tag-pin-kawasan","product_tag-pin-may-khoan-12v","product_tag-pin-remote","product_tag-pin-sac-1-5-v","product_tag-pin-sac-aa-1-5-v","product_tag-pin-tieu","product_tag-pin-tieu-12v","product_tag-pin-tieu-2a","product_tag-pin-tieu-3a","product_tag-pin-tieu-aa","product_tag-pin-tieu-aaa","product_tag-pin-tieu-nho","product_tag-pin-tieu-panasonic"],"acf":[],"yoast_head":"<!-- This site is optimized with the Yoast SEO Premium plugin v24.9 (Yoast SEO v24.9) - https:\/\/yoast.com\/wordpress\/plugins\/seo\/ -->\n<title>Pin AAA 1.5V R03 Kawasan - Kawasan<\/title>\n<meta name=\"description\" content=\"Pin AAA 1.5V R03 th\u01b0\u1eddng \u0111\u01b0\u1ee3c d\u00f9ng cho 1 s\u1ed1 thi\u1ebft b\u1ecb \u0111i\u1ec1u khi\u1ec3n t\u1eeb xa KAWASAN. Ho\u1eb7c c\u00e1c thi\u1ebft b\u1ecb.\u00a0Chu\u1ed9t m\u00e1y t\u00ednh,\u00a0remote \u0111i\u1ec1u khi\u1ec3n, \u0111\u1ed3 ch\u01a1i c\u1ee7a tr\u1ebb em...\" \/>\n<meta name=\"robots\" content=\"index, follow, max-snippet:-1, max-image-preview:large, max-video-preview:-1\" \/>\n<link rel=\"canonical\" href=\"https:\/\/kawasan.vn\/en\/product\/pin-aaa-1-5v-r03-kawasan\/\" \/>\n<meta property=\"og:locale\" content=\"en_US\" \/>\n<meta property=\"og:type\" content=\"article\" \/>\n<meta property=\"og:title\" content=\"Pin AAA 1.5V R03 Kawasan\" \/>\n<meta property=\"og:description\" content=\"Pin AAA 1.5V R03 th\u01b0\u1eddng \u0111\u01b0\u1ee3c d\u00f9ng cho 1 s\u1ed1 thi\u1ebft b\u1ecb \u0111i\u1ec1u khi\u1ec3n t\u1eeb xa KAWASAN. Ho\u1eb7c c\u00e1c thi\u1ebft b\u1ecb.\u00a0Chu\u1ed9t m\u00e1y t\u00ednh,\u00a0remote \u0111i\u1ec1u khi\u1ec3n, \u0111\u1ed3 ch\u01a1i c\u1ee7a tr\u1ebb em...\" \/>\n<meta property=\"og:url\" content=\"https:\/\/kawasan.vn\/en\/product\/pin-aaa-1-5v-r03-kawasan\/\" \/>\n<meta property=\"og:site_name\" content=\"Kawasan\" \/>\n<meta property=\"article:modified_time\" content=\"2026-01-13T01:36:55+00:00\" \/>\n<meta property=\"og:image\" content=\"https:\/\/kawasan.vn\/wp-content\/uploads\/2024\/08\/pin-3a-1.5v-kawasan.png\" \/>\n\t<meta property=\"og:image:width\" content=\"600\" \/>\n\t<meta property=\"og:image:height\" content=\"600\" \/>\n\t<meta property=\"og:image:type\" content=\"image\/png\" \/>\n<meta name=\"twitter:card\" content=\"summary_large_image\" \/>\n<meta name=\"twitter:label1\" content=\"Est. reading time\" \/>\n\t<meta name=\"twitter:data1\" content=\"2 minutes\" \/>\n<script type=\"application\/ld+json\" class=\"yoast-schema-graph\">{\"@context\":\"https:\/\/schema.org\",\"@graph\":[{\"@type\":\"WebPage\",\"@id\":\"https:\/\/kawasan.vn\/san-pham\/pin-aaa-1-5v-r03-kawasan\/\",\"url\":\"https:\/\/kawasan.vn\/san-pham\/pin-aaa-1-5v-r03-kawasan\/\",\"name\":\"Pin AAA 1.5V R03 Kawasan - Kawasan\",\"isPartOf\":{\"@id\":\"https:\/\/kawasan.vn\/#website\"},\"primaryImageOfPage\":{\"@id\":\"https:\/\/kawasan.vn\/san-pham\/pin-aaa-1-5v-r03-kawasan\/#primaryimage\"},\"image\":{\"@id\":\"https:\/\/kawasan.vn\/san-pham\/pin-aaa-1-5v-r03-kawasan\/#primaryimage\"},\"thumbnailUrl\":\"https:\/\/kawasan.vn\/wp-content\/uploads\/2024\/08\/pin-3a-1.5v-kawasan.png\",\"datePublished\":\"2024-08-02T09:12:51+00:00\",\"dateModified\":\"2026-01-13T01:36:55+00:00\",\"description\":\"Pin AAA 1.5V R03 th\u01b0\u1eddng \u0111\u01b0\u1ee3c d\u00f9ng cho 1 s\u1ed1 thi\u1ebft b\u1ecb \u0111i\u1ec1u khi\u1ec3n t\u1eeb xa KAWASAN. Ho\u1eb7c c\u00e1c thi\u1ebft b\u1ecb.\u00a0Chu\u1ed9t m\u00e1y t\u00ednh,\u00a0remote \u0111i\u1ec1u khi\u1ec3n, \u0111\u1ed3 ch\u01a1i c\u1ee7a tr\u1ebb em...\",\"breadcrumb\":{\"@id\":\"https:\/\/kawasan.vn\/san-pham\/pin-aaa-1-5v-r03-kawasan\/#breadcrumb\"},\"inLanguage\":\"en-US\",\"potentialAction\":[{\"@type\":\"ReadAction\",\"target\":[\"https:\/\/kawasan.vn\/san-pham\/pin-aaa-1-5v-r03-kawasan\/\"]}]},{\"@type\":\"ImageObject\",\"inLanguage\":\"en-US\",\"@id\":\"https:\/\/kawasan.vn\/san-pham\/pin-aaa-1-5v-r03-kawasan\/#primaryimage\",\"url\":\"https:\/\/kawasan.vn\/wp-content\/uploads\/2024\/08\/pin-3a-1.5v-kawasan.png\",\"contentUrl\":\"https:\/\/kawasan.vn\/wp-content\/uploads\/2024\/08\/pin-3a-1.5v-kawasan.png\",\"width\":600,\"height\":600},{\"@type\":\"BreadcrumbList\",\"@id\":\"https:\/\/kawasan.vn\/san-pham\/pin-aaa-1-5v-r03-kawasan\/#breadcrumb\",\"itemListElement\":[{\"@type\":\"ListItem\",\"position\":1,\"name\":\"Trang ch\u1ee7\",\"item\":\"https:\/\/kawasan.vn\/\"},{\"@type\":\"ListItem\",\"position\":2,\"name\":\"S\u1ea3n ph\u1ea9m\",\"item\":\"https:\/\/kawasan.vn\/san-pham\/\"},{\"@type\":\"ListItem\",\"position\":3,\"name\":\"Pin AAA 1.5V R03 Kawasan\"}]},{\"@type\":\"WebSite\",\"@id\":\"https:\/\/kawasan.vn\/#website\",\"url\":\"https:\/\/kawasan.vn\/\",\"name\":\"Kawasan\",\"description\":\"\",\"potentialAction\":[{\"@type\":\"SearchAction\",\"target\":{\"@type\":\"EntryPoint\",\"urlTemplate\":\"https:\/\/kawasan.vn\/?s={search_term_string}\"},\"query-input\":{\"@type\":\"PropertyValueSpecification\",\"valueRequired\":true,\"valueName\":\"search_term_string\"}}],\"inLanguage\":\"en-US\"}]}<\/script>\n<!-- \/ Yoast SEO Premium plugin. -->","yoast_head_json":{"title":"Pin AAA 1.5V R03 Kawasan - Kawasan","description":"Pin AAA 1.5V R03 th\u01b0\u1eddng \u0111\u01b0\u1ee3c d\u00f9ng cho 1 s\u1ed1 thi\u1ebft b\u1ecb \u0111i\u1ec1u khi\u1ec3n t\u1eeb xa KAWASAN. Ho\u1eb7c c\u00e1c thi\u1ebft b\u1ecb.\u00a0Chu\u1ed9t m\u00e1y t\u00ednh,\u00a0remote \u0111i\u1ec1u khi\u1ec3n, \u0111\u1ed3 ch\u01a1i c\u1ee7a tr\u1ebb em...","robots":{"index":"index","follow":"follow","max-snippet":"max-snippet:-1","max-image-preview":"max-image-preview:large","max-video-preview":"max-video-preview:-1"},"canonical":"https:\/\/kawasan.vn\/en\/product\/pin-aaa-1-5v-r03-kawasan\/","og_locale":"en_US","og_type":"article","og_title":"Pin AAA 1.5V R03 Kawasan","og_description":"Pin AAA 1.5V R03 th\u01b0\u1eddng \u0111\u01b0\u1ee3c d\u00f9ng cho 1 s\u1ed1 thi\u1ebft b\u1ecb \u0111i\u1ec1u khi\u1ec3n t\u1eeb xa KAWASAN. Ho\u1eb7c c\u00e1c thi\u1ebft b\u1ecb.\u00a0Chu\u1ed9t m\u00e1y t\u00ednh,\u00a0remote \u0111i\u1ec1u khi\u1ec3n, \u0111\u1ed3 ch\u01a1i c\u1ee7a tr\u1ebb em...","og_url":"https:\/\/kawasan.vn\/en\/product\/pin-aaa-1-5v-r03-kawasan\/","og_site_name":"Kawasan","article_modified_time":"2026-01-13T01:36:55+00:00","og_image":[{"width":600,"height":600,"url":"https:\/\/kawasan.vn\/wp-content\/uploads\/2024\/08\/pin-3a-1.5v-kawasan.png","type":"image\/png"}],"twitter_card":"summary_large_image","twitter_misc":{"Est. reading time":"2 minutes"},"schema":{"@context":"https:\/\/schema.org","@graph":[{"@type":"WebPage","@id":"https:\/\/kawasan.vn\/san-pham\/pin-aaa-1-5v-r03-kawasan\/","url":"https:\/\/kawasan.vn\/san-pham\/pin-aaa-1-5v-r03-kawasan\/","name":"Pin AAA 1.5V R03 Kawasan - Kawasan","isPartOf":{"@id":"https:\/\/kawasan.vn\/#website"},"primaryImageOfPage":{"@id":"https:\/\/kawasan.vn\/san-pham\/pin-aaa-1-5v-r03-kawasan\/#primaryimage"},"image":{"@id":"https:\/\/kawasan.vn\/san-pham\/pin-aaa-1-5v-r03-kawasan\/#primaryimage"},"thumbnailUrl":"https:\/\/kawasan.vn\/wp-content\/uploads\/2024\/08\/pin-3a-1.5v-kawasan.png","datePublished":"2024-08-02T09:12:51+00:00","dateModified":"2026-01-13T01:36:55+00:00","description":"Pin AAA 1.5V R03 th\u01b0\u1eddng \u0111\u01b0\u1ee3c d\u00f9ng cho 1 s\u1ed1 thi\u1ebft b\u1ecb \u0111i\u1ec1u khi\u1ec3n t\u1eeb xa KAWASAN. Ho\u1eb7c c\u00e1c thi\u1ebft b\u1ecb.\u00a0Chu\u1ed9t m\u00e1y t\u00ednh,\u00a0remote \u0111i\u1ec1u khi\u1ec3n, \u0111\u1ed3 ch\u01a1i c\u1ee7a tr\u1ebb em...","breadcrumb":{"@id":"https:\/\/kawasan.vn\/san-pham\/pin-aaa-1-5v-r03-kawasan\/#breadcrumb"},"inLanguage":"en-US","potentialAction":[{"@type":"ReadAction","target":["https:\/\/kawasan.vn\/san-pham\/pin-aaa-1-5v-r03-kawasan\/"]}]},{"@type":"ImageObject","inLanguage":"en-US","@id":"https:\/\/kawasan.vn\/san-pham\/pin-aaa-1-5v-r03-kawasan\/#primaryimage","url":"https:\/\/kawasan.vn\/wp-content\/uploads\/2024\/08\/pin-3a-1.5v-kawasan.png","contentUrl":"https:\/\/kawasan.vn\/wp-content\/uploads\/2024\/08\/pin-3a-1.5v-kawasan.png","width":600,"height":600},{"@type":"BreadcrumbList","@id":"https:\/\/kawasan.vn\/san-pham\/pin-aaa-1-5v-r03-kawasan\/#breadcrumb","itemListElement":[{"@type":"ListItem","position":1,"name":"Trang ch\u1ee7","item":"https:\/\/kawasan.vn\/"},{"@type":"ListItem","position":2,"name":"S\u1ea3n ph\u1ea9m","item":"https:\/\/kawasan.vn\/san-pham\/"},{"@type":"ListItem","position":3,"name":"Pin AAA 1.5V R03 Kawasan"}]},{"@type":"WebSite","@id":"https:\/\/kawasan.vn\/#website","url":"https:\/\/kawasan.vn\/","name":"Kawasan","description":"","potentialAction":[{"@type":"SearchAction","target":{"@type":"EntryPoint","urlTemplate":"https:\/\/kawasan.vn\/?s={search_term_string}"},"query-input":{"@type":"PropertyValueSpecification","valueRequired":true,"valueName":"search_term_string"}}],"inLanguage":"en-US"}]}},"_links":{"self":[{"href":"https:\/\/kawasan.vn\/en\/wp-json\/wp\/v2\/product\/20015","targetHints":{"allow":["GET"]}}],"collection":[{"href":"https:\/\/kawasan.vn\/en\/wp-json\/wp\/v2\/product"}],"about":[{"href":"https:\/\/kawasan.vn\/en\/wp-json\/wp\/v2\/types\/product"}],"replies":[{"embeddable":true,"href":"https:\/\/kawasan.vn\/en\/wp-json\/wp\/v2\/comments?post=20015"}],"version-history":[{"count":4,"href":"https:\/\/kawasan.vn\/en\/wp-json\/wp\/v2\/product\/20015\/revisions"}],"predecessor-version":[{"id":26428,"href":"https:\/\/kawasan.vn\/en\/wp-json\/wp\/v2\/product\/20015\/revisions\/26428"}],"wp:featuredmedia":[{"embeddable":true,"href":"https:\/\/kawasan.vn\/en\/wp-json\/wp\/v2\/media\/20016"}],"wp:attachment":[{"href":"https:\/\/kawasan.vn\/en\/wp-json\/wp\/v2\/media?parent=20015"}],"wp:term":[{"taxonomy":"product_cat","embeddable":true,"href":"https:\/\/kawasan.vn\/en\/wp-json\/wp\/v2\/product_cat?post=20015"},{"taxonomy":"product_tag","embeddable":true,"href":"https:\/\/kawasan.vn\/en\/wp-json\/wp\/v2\/product_tag?post=20015"}],"curies":[{"name":"wp","href":"https:\/\/api.w.org\/{rel}","templated":true}]}}