{"id":20013,"date":"2024-08-02T16:08:08","date_gmt":"2024-08-02T09:08:08","guid":{"rendered":"https:\/\/kawasan.vn\/?post_type=product&#038;p=20013"},"modified":"2026-01-13T08:36:59","modified_gmt":"2026-01-13T01:36:59","slug":"pin-lr03-aaa-1-5v","status":"publish","type":"product","link":"https:\/\/kawasan.vn\/en\/product\/pin-lr03-aaa-1-5v\/","title":{"rendered":"Pin LR03-AAA 1.5v"},"content":{"rendered":"<p>Pin LR03-AAA 1.5v th\u01b0\u1eddng \u0111\u01b0\u1ee3c d\u00f9ng cho 1 s\u1ed1 thi\u1ebft b\u1ecb \u0111i\u1ec1u khi\u1ec3n t\u1eeb xa t\u1ea1i KAWASAN. Ho\u1eb7c c\u00e1c thi\u1ebft b\u1ecb kh\u00e1c. Pin kh\u00f4ng s\u1ea1c l\u1ea1i, \u0111\u1ed9 b\u1ec1n cao v\u00e0 dung l\u01b0\u1ee3ng Pin l\u01b0u tr\u1eef l\u00ean \u0111\u1ebfn 3 n\u0103m. Pin hi\u1ec7u su\u1ea5t cao, kh\u00f4ng b\u1ecb ch\u1ea3y n\u01b0\u1edbc khi ti\u00eau th\u1ee5 h\u1ebft \u0111i\u1ec7n n\u0103ng n\u00ean an to\u00e0n cho thi\u1ebft b\u1ecb. Kh\u00f4ng ch\u1ee9a thu\u1ef7 ng\u00e2n v\u00e0 c\u00e1c th\u00e0nh ph\u1ea7n \u0111\u1ed9c h\u1ea1i kh\u00e1c, l\u00e0m \u1ea3nh h\u01b0\u1edfng \u0111\u1ebfn s\u1ee9c kho\u1ebb ng\u01b0\u1eddi d\u00f9ng.<\/p>\n<p>Hi\u1ec7n nay, lo\u1ea1i pin\u00a0LR03-AAA 1.5v n\u00e0y th\u01b0\u1eddng \u0111\u01b0\u1ee3c s\u1eed d\u1ee5ng cho c\u00e1c thi\u1ebft b\u1ecb \u0111i\u1ec7n t\u1eed di \u0111\u1ed9ng hay nh\u1eefng thi\u1ebft b\u1ecb chuy\u00ean d\u1ee5ng nh\u01b0: \u0111\u1ed3ng h\u1ed3 treo t\u01b0\u1eddng, <a title=\"chu\u1ed9t m\u00e1y t\u00ednh\" href=\"https:\/\/www.dienmayxanh.com\/chuot-may-tinh#c=86&amp;p=52702,134476&amp;o=9&amp;pi=0\" target=\"_blank\" rel=\"dofollow noopener\">c<\/a>hu\u1ed9t m\u00e1y t\u00ednh, m\u00e1y \u1ea3nh,\u00a0remote \u0111i\u1ec1u khi\u1ec3n, \u0111\u1ed3 ch\u01a1i c\u1ee7a tr\u1ebb em,&#8230;<\/p>\n<p style=\"text-align: center;\"><img loading=\"lazy\" decoding=\"async\" class=\"aligncenter wp-image-20006 size-medium\" src=\"https:\/\/kawasan.vn\/wp-content\/uploads\/2024\/08\/z5692217690732_0e2145189f9e8d52d1cabfa6ed21b341-1-300x300.jpg\" alt=\"\" width=\"300\" height=\"300\" \/><\/p>\n<p style=\"text-align: center;\"><strong>Thank you for trusting Kawasan products!<\/strong><\/p>\n<p style=\"text-align: center;\"><strong>Toll-Free Consulting Hotline:\u00a0<\/strong><strong>1800 0058<\/strong><\/p>\n<p style=\"text-align: center;\" align=\"center\"><strong>Trang web:\u00a0\u00a0<\/strong><a href=\"https:\/\/kawasan.vn\/en\/\"><strong>www.kawasan.vn<\/strong><\/a><\/p>\n<p style=\"text-align: center;\" align=\"center\"><strong>Trang web:\u00a0\u00a0<\/strong><a href=\"https:\/\/kawaled.com.vn\/\"><strong>www.kawaled.com.vn<\/strong><\/a><\/p>","protected":false},"excerpt":{"rendered":"<p>Pin LR03-AAA 1.5v th\u01b0\u1eddng \u0111\u01b0\u1ee3c d\u00f9ng cho 1 s\u1ed1 thi\u1ebft b\u1ecb \u0111i\u1ec1u khi\u1ec3n t\u1eeb xa t\u1ea1i KAWASAN. Ho\u1eb7c c\u00e1c thi\u1ebft b\u1ecb kh\u00e1c. Pin kh\u00f4ng s\u1ea1c l\u1ea1i, \u0111\u1ed9 b\u1ec1n cao v\u00e0 dung l\u01b0\u1ee3ng Pin l\u01b0u tr\u1eef l\u00ean \u0111\u1ebfn 3 n\u0103m. Pin hi\u1ec7u su\u1ea5t cao, kh\u00f4ng b\u1ecb ch\u1ea3y n\u01b0\u1edbc khi ti\u00eau th\u1ee5 h\u1ebft \u0111i\u1ec7n n\u0103ng n\u00ean an [&hellip;]<\/p>","protected":false},"featured_media":20006,"comment_status":"open","ping_status":"closed","template":"","meta":{"_yoast_wpseo_focuskw":"Pin LR03-AAA 1.5v","_yoast_wpseo_metadesc":"Pin LR03-AAA 1.5v th\u01b0\u1eddng \u0111\u01b0\u1ee3c d\u00f9ng cho 1 s\u1ed1 thi\u1ebft b\u1ecb \u0111i\u1ec1u khi\u1ec3n t\u1eeb xa KAWASAN. Ho\u1eb7c c\u00e1c thi\u1ebft b\u1ecb.\u00a0Chu\u1ed9t m\u00e1y t\u00ednh,\u00a0remote \u0111i\u1ec1u khi\u1ec3n, \u0111\u1ed3 ch\u01a1i c\u1ee7a tr\u1ebb em...","_yoast_wpseo_focuskeywords":"","_yoast_wpseo_keyword_synonyms":""},"product_cat":[1119,85],"product_tag":[1303,1126,1301,1294,1316,1310,1290,1312,1122,1305,1291,1292,1293,1308,1121,1304,1123,1313,1306,1314,1315,1120,1297,1125,1299,1302,1124,1311,1309,1307,1298,1295,1296,1300],"class_list":["post-20013","product","type-product","status-publish","has-post-thumbnail","hentry","product_cat-pin-tieu-pin-vuong-kawasan","product_cat-hang-khuyen-mai-soc","product_tag-cac-loai-pin-tieu","product_tag-pin","product_tag-pin-1-5v","product_tag-pin-1-5-v","product_tag-pin-1-5-v-aa","product_tag-pin-1-5-v-aaa","product_tag-pin-12v","product_tag-pin-12v-may-khoan","product_tag-pin-15v","product_tag-pin-23a","product_tag-pin-23a-12v","product_tag-pin-23a12v","product_tag-pin-23ae-12v","product_tag-pin-27a-12v","product_tag-pin-aa","product_tag-pin-aa-1-5-v","product_tag-pin-aa-15v","product_tag-pin-aa-lr6","product_tag-pin-aaa-1-5-v","product_tag-pin-alkaline-1-5-v","product_tag-pin-alkaline-23a-12v","product_tag-pin-kawasan","product_tag-pin-may-khoan-12v","product_tag-pin-remote","product_tag-pin-sac-1-5-v","product_tag-pin-sac-aa-1-5-v","product_tag-pin-tieu","product_tag-pin-tieu-12v","product_tag-pin-tieu-2a","product_tag-pin-tieu-3a","product_tag-pin-tieu-aa","product_tag-pin-tieu-aaa","product_tag-pin-tieu-nho","product_tag-pin-tieu-panasonic"],"acf":[],"yoast_head":"<!-- This site is optimized with the Yoast SEO Premium plugin v24.9 (Yoast SEO v24.9) - https:\/\/yoast.com\/wordpress\/plugins\/seo\/ -->\n<title>Pin LR03-AAA 1.5v - Kawasan<\/title>\n<meta name=\"description\" content=\"Pin LR03-AAA 1.5v th\u01b0\u1eddng \u0111\u01b0\u1ee3c d\u00f9ng cho 1 s\u1ed1 thi\u1ebft b\u1ecb \u0111i\u1ec1u khi\u1ec3n t\u1eeb xa KAWASAN. Ho\u1eb7c c\u00e1c thi\u1ebft b\u1ecb.\u00a0Chu\u1ed9t m\u00e1y t\u00ednh,\u00a0remote \u0111i\u1ec1u khi\u1ec3n, \u0111\u1ed3 ch\u01a1i c\u1ee7a tr\u1ebb em...\" \/>\n<meta name=\"robots\" content=\"index, follow, max-snippet:-1, max-image-preview:large, max-video-preview:-1\" \/>\n<link rel=\"canonical\" href=\"https:\/\/kawasan.vn\/en\/product\/pin-lr03-aaa-1-5v\/\" \/>\n<meta property=\"og:locale\" content=\"en_US\" \/>\n<meta property=\"og:type\" content=\"article\" \/>\n<meta property=\"og:title\" content=\"Pin LR03-AAA 1.5v\" \/>\n<meta property=\"og:description\" content=\"Pin LR03-AAA 1.5v th\u01b0\u1eddng \u0111\u01b0\u1ee3c d\u00f9ng cho 1 s\u1ed1 thi\u1ebft b\u1ecb \u0111i\u1ec1u khi\u1ec3n t\u1eeb xa KAWASAN. Ho\u1eb7c c\u00e1c thi\u1ebft b\u1ecb.\u00a0Chu\u1ed9t m\u00e1y t\u00ednh,\u00a0remote \u0111i\u1ec1u khi\u1ec3n, \u0111\u1ed3 ch\u01a1i c\u1ee7a tr\u1ebb em...\" \/>\n<meta property=\"og:url\" content=\"https:\/\/kawasan.vn\/en\/product\/pin-lr03-aaa-1-5v\/\" \/>\n<meta property=\"og:site_name\" content=\"Kawasan\" \/>\n<meta property=\"article:modified_time\" content=\"2026-01-13T01:36:59+00:00\" \/>\n<meta property=\"og:image\" content=\"https:\/\/kawasan.vn\/wp-content\/uploads\/2024\/08\/z5692217690732_0e2145189f9e8d52d1cabfa6ed21b341-1.jpg\" \/>\n\t<meta property=\"og:image:width\" content=\"1000\" \/>\n\t<meta property=\"og:image:height\" content=\"1000\" \/>\n\t<meta property=\"og:image:type\" content=\"image\/jpeg\" \/>\n<meta name=\"twitter:card\" content=\"summary_large_image\" \/>\n<meta name=\"twitter:label1\" content=\"Est. reading time\" \/>\n\t<meta name=\"twitter:data1\" content=\"2 minutes\" \/>\n<script type=\"application\/ld+json\" class=\"yoast-schema-graph\">{\"@context\":\"https:\/\/schema.org\",\"@graph\":[{\"@type\":\"WebPage\",\"@id\":\"https:\/\/kawasan.vn\/san-pham\/pin-lr03-aaa-1-5v\/\",\"url\":\"https:\/\/kawasan.vn\/san-pham\/pin-lr03-aaa-1-5v\/\",\"name\":\"Pin LR03-AAA 1.5v - Kawasan\",\"isPartOf\":{\"@id\":\"https:\/\/kawasan.vn\/#website\"},\"primaryImageOfPage\":{\"@id\":\"https:\/\/kawasan.vn\/san-pham\/pin-lr03-aaa-1-5v\/#primaryimage\"},\"image\":{\"@id\":\"https:\/\/kawasan.vn\/san-pham\/pin-lr03-aaa-1-5v\/#primaryimage\"},\"thumbnailUrl\":\"https:\/\/kawasan.vn\/wp-content\/uploads\/2024\/08\/z5692217690732_0e2145189f9e8d52d1cabfa6ed21b341-1.jpg\",\"datePublished\":\"2024-08-02T09:08:08+00:00\",\"dateModified\":\"2026-01-13T01:36:59+00:00\",\"description\":\"Pin LR03-AAA 1.5v th\u01b0\u1eddng \u0111\u01b0\u1ee3c d\u00f9ng cho 1 s\u1ed1 thi\u1ebft b\u1ecb \u0111i\u1ec1u khi\u1ec3n t\u1eeb xa KAWASAN. Ho\u1eb7c c\u00e1c thi\u1ebft b\u1ecb.\u00a0Chu\u1ed9t m\u00e1y t\u00ednh,\u00a0remote \u0111i\u1ec1u khi\u1ec3n, \u0111\u1ed3 ch\u01a1i c\u1ee7a tr\u1ebb em...\",\"breadcrumb\":{\"@id\":\"https:\/\/kawasan.vn\/san-pham\/pin-lr03-aaa-1-5v\/#breadcrumb\"},\"inLanguage\":\"en-US\",\"potentialAction\":[{\"@type\":\"ReadAction\",\"target\":[\"https:\/\/kawasan.vn\/san-pham\/pin-lr03-aaa-1-5v\/\"]}]},{\"@type\":\"ImageObject\",\"inLanguage\":\"en-US\",\"@id\":\"https:\/\/kawasan.vn\/san-pham\/pin-lr03-aaa-1-5v\/#primaryimage\",\"url\":\"https:\/\/kawasan.vn\/wp-content\/uploads\/2024\/08\/z5692217690732_0e2145189f9e8d52d1cabfa6ed21b341-1.jpg\",\"contentUrl\":\"https:\/\/kawasan.vn\/wp-content\/uploads\/2024\/08\/z5692217690732_0e2145189f9e8d52d1cabfa6ed21b341-1.jpg\",\"width\":1000,\"height\":1000},{\"@type\":\"BreadcrumbList\",\"@id\":\"https:\/\/kawasan.vn\/san-pham\/pin-lr03-aaa-1-5v\/#breadcrumb\",\"itemListElement\":[{\"@type\":\"ListItem\",\"position\":1,\"name\":\"Trang ch\u1ee7\",\"item\":\"https:\/\/kawasan.vn\/\"},{\"@type\":\"ListItem\",\"position\":2,\"name\":\"S\u1ea3n ph\u1ea9m\",\"item\":\"https:\/\/kawasan.vn\/san-pham\/\"},{\"@type\":\"ListItem\",\"position\":3,\"name\":\"Pin LR03-AAA 1.5v\"}]},{\"@type\":\"WebSite\",\"@id\":\"https:\/\/kawasan.vn\/#website\",\"url\":\"https:\/\/kawasan.vn\/\",\"name\":\"Kawasan\",\"description\":\"\",\"potentialAction\":[{\"@type\":\"SearchAction\",\"target\":{\"@type\":\"EntryPoint\",\"urlTemplate\":\"https:\/\/kawasan.vn\/?s={search_term_string}\"},\"query-input\":{\"@type\":\"PropertyValueSpecification\",\"valueRequired\":true,\"valueName\":\"search_term_string\"}}],\"inLanguage\":\"en-US\"}]}<\/script>\n<!-- \/ Yoast SEO Premium plugin. -->","yoast_head_json":{"title":"Pin LR03-AAA 1.5v - Kawasan","description":"Pin LR03-AAA 1.5v th\u01b0\u1eddng \u0111\u01b0\u1ee3c d\u00f9ng cho 1 s\u1ed1 thi\u1ebft b\u1ecb \u0111i\u1ec1u khi\u1ec3n t\u1eeb xa KAWASAN. Ho\u1eb7c c\u00e1c thi\u1ebft b\u1ecb.\u00a0Chu\u1ed9t m\u00e1y t\u00ednh,\u00a0remote \u0111i\u1ec1u khi\u1ec3n, \u0111\u1ed3 ch\u01a1i c\u1ee7a tr\u1ebb em...","robots":{"index":"index","follow":"follow","max-snippet":"max-snippet:-1","max-image-preview":"max-image-preview:large","max-video-preview":"max-video-preview:-1"},"canonical":"https:\/\/kawasan.vn\/en\/product\/pin-lr03-aaa-1-5v\/","og_locale":"en_US","og_type":"article","og_title":"Pin LR03-AAA 1.5v","og_description":"Pin LR03-AAA 1.5v th\u01b0\u1eddng \u0111\u01b0\u1ee3c d\u00f9ng cho 1 s\u1ed1 thi\u1ebft b\u1ecb \u0111i\u1ec1u khi\u1ec3n t\u1eeb xa KAWASAN. Ho\u1eb7c c\u00e1c thi\u1ebft b\u1ecb.\u00a0Chu\u1ed9t m\u00e1y t\u00ednh,\u00a0remote \u0111i\u1ec1u khi\u1ec3n, \u0111\u1ed3 ch\u01a1i c\u1ee7a tr\u1ebb em...","og_url":"https:\/\/kawasan.vn\/en\/product\/pin-lr03-aaa-1-5v\/","og_site_name":"Kawasan","article_modified_time":"2026-01-13T01:36:59+00:00","og_image":[{"width":1000,"height":1000,"url":"https:\/\/kawasan.vn\/wp-content\/uploads\/2024\/08\/z5692217690732_0e2145189f9e8d52d1cabfa6ed21b341-1.jpg","type":"image\/jpeg"}],"twitter_card":"summary_large_image","twitter_misc":{"Est. reading time":"2 minutes"},"schema":{"@context":"https:\/\/schema.org","@graph":[{"@type":"WebPage","@id":"https:\/\/kawasan.vn\/san-pham\/pin-lr03-aaa-1-5v\/","url":"https:\/\/kawasan.vn\/san-pham\/pin-lr03-aaa-1-5v\/","name":"Pin LR03-AAA 1.5v - Kawasan","isPartOf":{"@id":"https:\/\/kawasan.vn\/#website"},"primaryImageOfPage":{"@id":"https:\/\/kawasan.vn\/san-pham\/pin-lr03-aaa-1-5v\/#primaryimage"},"image":{"@id":"https:\/\/kawasan.vn\/san-pham\/pin-lr03-aaa-1-5v\/#primaryimage"},"thumbnailUrl":"https:\/\/kawasan.vn\/wp-content\/uploads\/2024\/08\/z5692217690732_0e2145189f9e8d52d1cabfa6ed21b341-1.jpg","datePublished":"2024-08-02T09:08:08+00:00","dateModified":"2026-01-13T01:36:59+00:00","description":"Pin LR03-AAA 1.5v th\u01b0\u1eddng \u0111\u01b0\u1ee3c d\u00f9ng cho 1 s\u1ed1 thi\u1ebft b\u1ecb \u0111i\u1ec1u khi\u1ec3n t\u1eeb xa KAWASAN. Ho\u1eb7c c\u00e1c thi\u1ebft b\u1ecb.\u00a0Chu\u1ed9t m\u00e1y t\u00ednh,\u00a0remote \u0111i\u1ec1u khi\u1ec3n, \u0111\u1ed3 ch\u01a1i c\u1ee7a tr\u1ebb em...","breadcrumb":{"@id":"https:\/\/kawasan.vn\/san-pham\/pin-lr03-aaa-1-5v\/#breadcrumb"},"inLanguage":"en-US","potentialAction":[{"@type":"ReadAction","target":["https:\/\/kawasan.vn\/san-pham\/pin-lr03-aaa-1-5v\/"]}]},{"@type":"ImageObject","inLanguage":"en-US","@id":"https:\/\/kawasan.vn\/san-pham\/pin-lr03-aaa-1-5v\/#primaryimage","url":"https:\/\/kawasan.vn\/wp-content\/uploads\/2024\/08\/z5692217690732_0e2145189f9e8d52d1cabfa6ed21b341-1.jpg","contentUrl":"https:\/\/kawasan.vn\/wp-content\/uploads\/2024\/08\/z5692217690732_0e2145189f9e8d52d1cabfa6ed21b341-1.jpg","width":1000,"height":1000},{"@type":"BreadcrumbList","@id":"https:\/\/kawasan.vn\/san-pham\/pin-lr03-aaa-1-5v\/#breadcrumb","itemListElement":[{"@type":"ListItem","position":1,"name":"Trang ch\u1ee7","item":"https:\/\/kawasan.vn\/"},{"@type":"ListItem","position":2,"name":"S\u1ea3n ph\u1ea9m","item":"https:\/\/kawasan.vn\/san-pham\/"},{"@type":"ListItem","position":3,"name":"Pin LR03-AAA 1.5v"}]},{"@type":"WebSite","@id":"https:\/\/kawasan.vn\/#website","url":"https:\/\/kawasan.vn\/","name":"Kawasan","description":"","potentialAction":[{"@type":"SearchAction","target":{"@type":"EntryPoint","urlTemplate":"https:\/\/kawasan.vn\/?s={search_term_string}"},"query-input":{"@type":"PropertyValueSpecification","valueRequired":true,"valueName":"search_term_string"}}],"inLanguage":"en-US"}]}},"_links":{"self":[{"href":"https:\/\/kawasan.vn\/en\/wp-json\/wp\/v2\/product\/20013","targetHints":{"allow":["GET"]}}],"collection":[{"href":"https:\/\/kawasan.vn\/en\/wp-json\/wp\/v2\/product"}],"about":[{"href":"https:\/\/kawasan.vn\/en\/wp-json\/wp\/v2\/types\/product"}],"replies":[{"embeddable":true,"href":"https:\/\/kawasan.vn\/en\/wp-json\/wp\/v2\/comments?post=20013"}],"version-history":[{"count":3,"href":"https:\/\/kawasan.vn\/en\/wp-json\/wp\/v2\/product\/20013\/revisions"}],"predecessor-version":[{"id":26430,"href":"https:\/\/kawasan.vn\/en\/wp-json\/wp\/v2\/product\/20013\/revisions\/26430"}],"wp:featuredmedia":[{"embeddable":true,"href":"https:\/\/kawasan.vn\/en\/wp-json\/wp\/v2\/media\/20006"}],"wp:attachment":[{"href":"https:\/\/kawasan.vn\/en\/wp-json\/wp\/v2\/media?parent=20013"}],"wp:term":[{"taxonomy":"product_cat","embeddable":true,"href":"https:\/\/kawasan.vn\/en\/wp-json\/wp\/v2\/product_cat?post=20013"},{"taxonomy":"product_tag","embeddable":true,"href":"https:\/\/kawasan.vn\/en\/wp-json\/wp\/v2\/product_tag?post=20013"}],"curies":[{"name":"wp","href":"https:\/\/api.w.org\/{rel}","templated":true}]}}