{"id":19113,"date":"2024-04-22T13:24:49","date_gmt":"2024-04-22T06:24:49","guid":{"rendered":"https:\/\/kawasan.vn\/?post_type=product&#038;p=19113"},"modified":"2025-08-07T08:50:16","modified_gmt":"2025-08-07T01:50:16","slug":"cong-tac-dieu-khien-tu-xa-01-kenh-co-hen-gio","status":"publish","type":"product","link":"https:\/\/kawasan.vn\/en\/product\/cong-tac-dieu-khien-tu-xa-01-kenh-co-hen-gio\/","title":{"rendered":"Thi\u1ebft B\u1ecb C\u00f4ng T\u1eafc \u0110i\u1ec1u Khi\u1ec3n T\u1eeb Xa 01 K\u00eanh &#8211; C\u00f3 H\u1eb9n Gi\u1edd RF15BT1"},"content":{"rendered":"<h2><\/h2>\n<h2><strong>C\u00d4NG T\u1eaeC \u0110I\u1ec0U KHI\u1ec2N T\u1eea XA 01 K\u00caNH C\u00d3 H\u1eb8N GI\u1edc RF15BT1<\/strong><\/h2>\n<p>&#8211; <a href=\"https:\/\/kawasan.com.vn\/index.php?route=product\/search&amp;search=c%C3%B4ng%20t%E1%BA%AFc%20%C4%91i%E1%BB%81u%20khi%E1%BB%83n%20t%E1%BB%AB%20xa\" target=\"_blank\" rel=\"noopener\">C\u00f4ng t\u1eafc \u0111i\u1ec1u khi\u1ec3n t\u1eeb xa<\/a> 1 k\u00eanh c\u00f3 h\u1eb9n gi\u1edd v\u1edbi ch\u1ee9c n\u0103ng ho\u1ea1t \u0111\u1ed9ng nh\u1eadn t\u00edn hi\u1ec7u s\u00f3ng RF433Mhz t\u1eeb c\u00e1c thi\u1ebft b\u1ecb kh\u00f4ng d\u00e2y. Thi\u1ebft b\u1ecb n\u00e0y c\u00f3 ch\u1ee9c n\u0103ng h\u1eb9n gi\u1edd t\u1eaft tu\u1ef3 ch\u1ecdn th\u1eddi gian linh ho\u1ea1t. Bao g\u1ed3m: m\u1ed1c th\u1eddi gian c\u1ed1 \u0111\u1ecbnh v\u00e0 th\u1eddi gian kh\u00f4ng gi\u1edbi h\u1ea1n b\u1eb1ng \u0111\u00e8n Led.<\/p>\n<p>&#8211; V\u1edbi thi\u1ebft k\u1ebf m\u1edbi kho\u1ea3ng c\u00e1ch nh\u1eadn s\u00f3ng RF433Mhz g\u1ea7n xa tu\u1ef3 v\u00e0o lo\u1ea1i anten s\u1eed d\u1ee5ng v\u00e0 m\u00f4i tr\u01b0\u1eddng v\u1eadt c\u1ea3n.<\/p>\n<p>&#8211; S\u1ea3n ph\u1ea9m t\u00edch h\u1ee3p \u0111\u01b0\u1ee3c 5 <a href=\"https:\/\/kawasan.vn\/en\/product\/remote-dieu-khien-tu-xa-kawasan\/\" target=\"_blank\" rel=\"noopener\">remote<\/a>.<\/p>\n<figure id=\"attachment_20770\" aria-describedby=\"caption-attachment-20770\" style=\"width: 450px\" class=\"wp-caption aligncenter\"><img loading=\"lazy\" decoding=\"async\" class=\"wp-image-20770\" title=\"Thi\u1ebft B\u1ecb C\u00f4ng T\u1eafc \u0110i\u1ec1u Khi\u1ec3n T\u1eeb Xa 01 K\u00eanh - C\u00f3 H\u1eb9n Gi\u1edd RF15BT1\" src=\"https:\/\/kawasan.vn\/wp-content\/uploads\/2024\/04\/z5869093980028_04d4096fe4d1d433d33f9771bc57d85d.png\" alt=\"Thi\u1ebft B\u1ecb C\u00f4ng T\u1eafc \u0110i\u1ec1u Khi\u1ec3n T\u1eeb Xa 01 K\u00eanh - C\u00f3 H\u1eb9n Gi\u1edd RF15BT1\" width=\"450\" height=\"600\" \/><figcaption id=\"caption-attachment-20770\" class=\"wp-caption-text\">Thi\u1ebft B\u1ecb C\u00f4ng T\u1eafc \u0110i\u1ec1u Khi\u1ec3n T\u1eeb Xa 01 K\u00eanh &#8211; C\u00f3 H\u1eb9n Gi\u1edd RF15BT1<\/figcaption><\/figure>\n<h2><b>\u1ee8NG D\u1ee4NG C\u1ee6A THI\u1ebeT B\u1eca \u0110I\u1ec0U KHI\u1ec2N T\u1eea XA<\/b><\/h2>\n<p>&#8211; D\u00f9ng l\u00e0m h\u1eb9n gi\u1edd t\u1eaft cho b\u01a1m t\u01b0\u1edbi trong n\u00f4ng nghi\u1ec7p, h\u1eb9n gi\u1edd t\u1eaft cho h\u1ec7 th\u1ed1ng \u0111\u00e8n chi\u1ebfu s\u00e1ng gia \u0111\u00ecnh v\u00e0 trang tr\u1ea1i&#8230;<\/p>\n<p>&#8211; C\u00f3 4 m\u1ed1c th\u1eddi gian c\u00e0i \u0111\u1eb7t c\u1ed1 \u0111\u1ecbnh (5ph\u00fat, 10ph\u00fat, 20ph\u00fat, 40ph\u00fat). T\u00f9y ch\u1ecdn th\u1eddi gian t\u1eaft ng\u1ecf ra kh\u00f4ng gi\u1edbi h\u1ea1n (OTP). T\u01b0\u01a1ng \u1ee9ng v\u1edbi c\u00e1c s\u1ed1 5, 10, 20, 40 v\u00e0 OTP \u0111\u00e8n led.<\/p>\n<p>TH\u00d4NG S\u1ed0 K\u0128 THU\u1eacT:<\/p>\n<p>&#8211; Ngu\u1ed3n c\u1ea5p: 110 &#8211; 220V.<\/p>\n<p>&#8211; S\u00f3ng Radio: RF433MHz.<\/p>\n<p>&#8211; C\u00f4ng su\u1ea5t t\u1ea3i: 1500W.<\/p>\n<p>&#8211; Ch\u1ee9c n\u0103ng h\u1ecdc l\u1ec7nh nh\u1eadn Remote \u0111i\u1ec1u khi\u1ec3n.<\/p>\n<p>&#8211; Kho\u1ea3ng c\u00e1ch \u0111i\u1ec1u khi\u1ec3n:<\/p>\n<p>100 ~ 300m (kh\u00f4ng v\u1eadt c\u1ea3n).<\/p>\n<p>50 ~ 150m (c\u00f3 v\u1eadt c\u1ea3n).<\/p>","protected":false},"excerpt":{"rendered":"<p>C\u00d4NG T\u1eaeC \u0110I\u1ec0U KHI\u1ec2N T\u1eea XA 01 K\u00caNH C\u00d3 H\u1eb8N GI\u1edc RF15BT1 &#8211; C\u00f4ng t\u1eafc \u0111i\u1ec1u khi\u1ec3n t\u1eeb xa 1 k\u00eanh c\u00f3 h\u1eb9n gi\u1edd v\u1edbi ch\u1ee9c n\u0103ng ho\u1ea1t \u0111\u1ed9ng nh\u1eadn t\u00edn hi\u1ec7u s\u00f3ng RF433Mhz t\u1eeb c\u00e1c thi\u1ebft b\u1ecb kh\u00f4ng d\u00e2y. Thi\u1ebft b\u1ecb n\u00e0y c\u00f3 ch\u1ee9c n\u0103ng h\u1eb9n gi\u1edd t\u1eaft tu\u1ef3 ch\u1ecdn th\u1eddi gian linh ho\u1ea1t. [&hellip;]<\/p>","protected":false},"featured_media":23806,"comment_status":"open","ping_status":"closed","template":"","meta":{"_yoast_wpseo_focuskw":"c\u00f4ng t\u1eafc \u0111i\u1ec1u khi\u1ec3n","_yoast_wpseo_metadesc":"C\u00f4ng t\u1eafc \u0111i\u1ec1u khi\u1ec3n t\u1eeb xa 1 k\u00eanh - c\u00f3 h\u1eb9n gi\u1edd \u1ee9ng d\u1ee5ng h\u1eb9n gi\u1edd t\u1eafc ngu\u1ed3n t\u00f9y ch\u1ecdn linh ho\u1ea1t tr\u00ean chip led hi\u1ec3n th\u1ecb th\u1eddi gian","_yoast_wpseo_focuskeywords":"","_yoast_wpseo_keyword_synonyms":""},"product_cat":[509,63,85],"product_tag":[1138,1248,1135,941,1136,1140,1133,823,730,1139,1134,1137,1131,1132,1249,1250,1142,1141,872],"class_list":["post-19113","product","type-product","status-publish","has-post-thumbnail","hentry","product_cat-cong-tac-dieu-khien-tu-xa-bang-remote","product_cat-cong-tac-dieu-khien-tu-xa","product_cat-hang-khuyen-mai-soc","product_tag-bo-cong-tac-dieu-khien-tu-xa","product_tag-bo-cong-tac-dieu-khien-tu-xa-co-hen-gio","product_tag-bo-dieu-khien-may-bom-tu-xa","product_tag-cong-tac-den-dieu-khien-tu-xa","product_tag-cong-tac-dien-dieu-khien-tu-xa","product_tag-cong-tac-dien-dieu-khien-tu-xa-bang-dien-thoai","product_tag-cong-tac-dien-dieu-khien-tu-xa-bang-remote","product_tag-cong-tac-dieu-khien","product_tag-cong-tac-dieu-khien-tu-xa","product_tag-cong-tac-dieu-khien-tu-xa-12v","product_tag-cong-tac-dieu-khien-tu-xa-220v","product_tag-cong-tac-dieu-khien-tu-xa-bang-dien-thoai","product_tag-cong-tac-dieu-khien-tu-xa-qua-wifi","product_tag-cong-tac-dieu-khien-tu-xa-qua-wifi-3g","product_tag-cong-tac-hen-gio-dieu-khien-tu-xa","product_tag-cong-tac-hen-gio-tu-dong-bat-tat","product_tag-cong-tac-thong-minh-dieu-khien-tu-xa","product_tag-hat-cong-tac-dieu-khien-tu-xa","product_tag-thiet-bi-dieu-khien"],"acf":[],"yoast_head":"<!-- This site is optimized with the Yoast SEO Premium plugin v24.9 (Yoast SEO v24.9) - https:\/\/yoast.com\/wordpress\/plugins\/seo\/ -->\n<title>Thi\u1ebft B\u1ecb C\u00f4ng T\u1eafc \u0110i\u1ec1u Khi\u1ec3n T\u1eeb Xa 01 K\u00eanh - C\u00f3 H\u1eb9n Gi\u1edd RF15BT1 - Kawasan<\/title>\n<meta name=\"description\" content=\"C\u00f4ng t\u1eafc \u0111i\u1ec1u khi\u1ec3n t\u1eeb xa 1 k\u00eanh - c\u00f3 h\u1eb9n gi\u1edd \u1ee9ng d\u1ee5ng h\u1eb9n gi\u1edd t\u1eafc ngu\u1ed3n t\u00f9y ch\u1ecdn linh ho\u1ea1t tr\u00ean chip led hi\u1ec3n th\u1ecb th\u1eddi gian\" \/>\n<meta name=\"robots\" content=\"index, follow, max-snippet:-1, max-image-preview:large, max-video-preview:-1\" \/>\n<link rel=\"canonical\" href=\"https:\/\/kawasan.vn\/en\/product\/cong-tac-dieu-khien-tu-xa-01-kenh-co-hen-gio\/\" \/>\n<meta property=\"og:locale\" content=\"en_US\" \/>\n<meta property=\"og:type\" content=\"article\" \/>\n<meta property=\"og:title\" content=\"Thi\u1ebft B\u1ecb C\u00f4ng T\u1eafc \u0110i\u1ec1u Khi\u1ec3n T\u1eeb Xa 01 K\u00eanh - C\u00f3 H\u1eb9n Gi\u1edd RF15BT1\" \/>\n<meta property=\"og:description\" content=\"C\u00f4ng t\u1eafc \u0111i\u1ec1u khi\u1ec3n t\u1eeb xa 1 k\u00eanh - c\u00f3 h\u1eb9n gi\u1edd \u1ee9ng d\u1ee5ng h\u1eb9n gi\u1edd t\u1eafc ngu\u1ed3n t\u00f9y ch\u1ecdn linh ho\u1ea1t tr\u00ean chip led hi\u1ec3n th\u1ecb th\u1eddi gian\" \/>\n<meta property=\"og:url\" content=\"https:\/\/kawasan.vn\/en\/product\/cong-tac-dieu-khien-tu-xa-01-kenh-co-hen-gio\/\" \/>\n<meta property=\"og:site_name\" content=\"Kawasan\" \/>\n<meta property=\"article:modified_time\" content=\"2025-08-07T01:50:16+00:00\" \/>\n<meta property=\"og:image\" content=\"https:\/\/kawasan.vn\/wp-content\/uploads\/2024\/04\/RF15BT1-2-900x900px.png\" \/>\n\t<meta property=\"og:image:width\" content=\"900\" \/>\n\t<meta property=\"og:image:height\" content=\"900\" \/>\n\t<meta property=\"og:image:type\" content=\"image\/png\" \/>\n<meta name=\"twitter:card\" content=\"summary_large_image\" \/>\n<meta name=\"twitter:label1\" content=\"Est. reading time\" \/>\n\t<meta name=\"twitter:data1\" content=\"2 minutes\" \/>\n<script type=\"application\/ld+json\" class=\"yoast-schema-graph\">{\"@context\":\"https:\/\/schema.org\",\"@graph\":[{\"@type\":\"WebPage\",\"@id\":\"https:\/\/kawasan.vn\/san-pham\/cong-tac-dieu-khien-tu-xa-01-kenh-co-hen-gio\/\",\"url\":\"https:\/\/kawasan.vn\/san-pham\/cong-tac-dieu-khien-tu-xa-01-kenh-co-hen-gio\/\",\"name\":\"Thi\u1ebft B\u1ecb C\u00f4ng T\u1eafc \u0110i\u1ec1u Khi\u1ec3n T\u1eeb Xa 01 K\u00eanh - C\u00f3 H\u1eb9n Gi\u1edd RF15BT1 - Kawasan\",\"isPartOf\":{\"@id\":\"https:\/\/kawasan.vn\/#website\"},\"primaryImageOfPage\":{\"@id\":\"https:\/\/kawasan.vn\/san-pham\/cong-tac-dieu-khien-tu-xa-01-kenh-co-hen-gio\/#primaryimage\"},\"image\":{\"@id\":\"https:\/\/kawasan.vn\/san-pham\/cong-tac-dieu-khien-tu-xa-01-kenh-co-hen-gio\/#primaryimage\"},\"thumbnailUrl\":\"https:\/\/kawasan.vn\/wp-content\/uploads\/2024\/04\/RF15BT1-2-900x900px.png\",\"datePublished\":\"2024-04-22T06:24:49+00:00\",\"dateModified\":\"2025-08-07T01:50:16+00:00\",\"description\":\"C\u00f4ng t\u1eafc \u0111i\u1ec1u khi\u1ec3n t\u1eeb xa 1 k\u00eanh - c\u00f3 h\u1eb9n gi\u1edd \u1ee9ng d\u1ee5ng h\u1eb9n gi\u1edd t\u1eafc ngu\u1ed3n t\u00f9y ch\u1ecdn linh ho\u1ea1t tr\u00ean chip led hi\u1ec3n th\u1ecb th\u1eddi gian\",\"breadcrumb\":{\"@id\":\"https:\/\/kawasan.vn\/san-pham\/cong-tac-dieu-khien-tu-xa-01-kenh-co-hen-gio\/#breadcrumb\"},\"inLanguage\":\"en-US\",\"potentialAction\":[{\"@type\":\"ReadAction\",\"target\":[\"https:\/\/kawasan.vn\/san-pham\/cong-tac-dieu-khien-tu-xa-01-kenh-co-hen-gio\/\"]}]},{\"@type\":\"ImageObject\",\"inLanguage\":\"en-US\",\"@id\":\"https:\/\/kawasan.vn\/san-pham\/cong-tac-dieu-khien-tu-xa-01-kenh-co-hen-gio\/#primaryimage\",\"url\":\"https:\/\/kawasan.vn\/wp-content\/uploads\/2024\/04\/RF15BT1-2-900x900px.png\",\"contentUrl\":\"https:\/\/kawasan.vn\/wp-content\/uploads\/2024\/04\/RF15BT1-2-900x900px.png\",\"width\":900,\"height\":900},{\"@type\":\"BreadcrumbList\",\"@id\":\"https:\/\/kawasan.vn\/san-pham\/cong-tac-dieu-khien-tu-xa-01-kenh-co-hen-gio\/#breadcrumb\",\"itemListElement\":[{\"@type\":\"ListItem\",\"position\":1,\"name\":\"Trang ch\u1ee7\",\"item\":\"https:\/\/kawasan.vn\/\"},{\"@type\":\"ListItem\",\"position\":2,\"name\":\"S\u1ea3n ph\u1ea9m\",\"item\":\"https:\/\/kawasan.vn\/san-pham\/\"},{\"@type\":\"ListItem\",\"position\":3,\"name\":\"Thi\u1ebft B\u1ecb C\u00f4ng T\u1eafc \u0110i\u1ec1u Khi\u1ec3n T\u1eeb Xa 01 K\u00eanh &#8211; C\u00f3 H\u1eb9n Gi\u1edd RF15BT1\"}]},{\"@type\":\"WebSite\",\"@id\":\"https:\/\/kawasan.vn\/#website\",\"url\":\"https:\/\/kawasan.vn\/\",\"name\":\"Kawasan\",\"description\":\"\",\"potentialAction\":[{\"@type\":\"SearchAction\",\"target\":{\"@type\":\"EntryPoint\",\"urlTemplate\":\"https:\/\/kawasan.vn\/?s={search_term_string}\"},\"query-input\":{\"@type\":\"PropertyValueSpecification\",\"valueRequired\":true,\"valueName\":\"search_term_string\"}}],\"inLanguage\":\"en-US\"}]}<\/script>\n<!-- \/ Yoast SEO Premium plugin. -->","yoast_head_json":{"title":"Thi\u1ebft B\u1ecb C\u00f4ng T\u1eafc \u0110i\u1ec1u Khi\u1ec3n T\u1eeb Xa 01 K\u00eanh - C\u00f3 H\u1eb9n Gi\u1edd RF15BT1 - Kawasan","description":"C\u00f4ng t\u1eafc \u0111i\u1ec1u khi\u1ec3n t\u1eeb xa 1 k\u00eanh - c\u00f3 h\u1eb9n gi\u1edd \u1ee9ng d\u1ee5ng h\u1eb9n gi\u1edd t\u1eafc ngu\u1ed3n t\u00f9y ch\u1ecdn linh ho\u1ea1t tr\u00ean chip led hi\u1ec3n th\u1ecb th\u1eddi gian","robots":{"index":"index","follow":"follow","max-snippet":"max-snippet:-1","max-image-preview":"max-image-preview:large","max-video-preview":"max-video-preview:-1"},"canonical":"https:\/\/kawasan.vn\/en\/product\/cong-tac-dieu-khien-tu-xa-01-kenh-co-hen-gio\/","og_locale":"en_US","og_type":"article","og_title":"Thi\u1ebft B\u1ecb C\u00f4ng T\u1eafc \u0110i\u1ec1u Khi\u1ec3n T\u1eeb Xa 01 K\u00eanh - C\u00f3 H\u1eb9n Gi\u1edd RF15BT1","og_description":"C\u00f4ng t\u1eafc \u0111i\u1ec1u khi\u1ec3n t\u1eeb xa 1 k\u00eanh - c\u00f3 h\u1eb9n gi\u1edd \u1ee9ng d\u1ee5ng h\u1eb9n gi\u1edd t\u1eafc ngu\u1ed3n t\u00f9y ch\u1ecdn linh ho\u1ea1t tr\u00ean chip led hi\u1ec3n th\u1ecb th\u1eddi gian","og_url":"https:\/\/kawasan.vn\/en\/product\/cong-tac-dieu-khien-tu-xa-01-kenh-co-hen-gio\/","og_site_name":"Kawasan","article_modified_time":"2025-08-07T01:50:16+00:00","og_image":[{"width":900,"height":900,"url":"https:\/\/kawasan.vn\/wp-content\/uploads\/2024\/04\/RF15BT1-2-900x900px.png","type":"image\/png"}],"twitter_card":"summary_large_image","twitter_misc":{"Est. reading time":"2 minutes"},"schema":{"@context":"https:\/\/schema.org","@graph":[{"@type":"WebPage","@id":"https:\/\/kawasan.vn\/san-pham\/cong-tac-dieu-khien-tu-xa-01-kenh-co-hen-gio\/","url":"https:\/\/kawasan.vn\/san-pham\/cong-tac-dieu-khien-tu-xa-01-kenh-co-hen-gio\/","name":"Thi\u1ebft B\u1ecb C\u00f4ng T\u1eafc \u0110i\u1ec1u Khi\u1ec3n T\u1eeb Xa 01 K\u00eanh - C\u00f3 H\u1eb9n Gi\u1edd RF15BT1 - Kawasan","isPartOf":{"@id":"https:\/\/kawasan.vn\/#website"},"primaryImageOfPage":{"@id":"https:\/\/kawasan.vn\/san-pham\/cong-tac-dieu-khien-tu-xa-01-kenh-co-hen-gio\/#primaryimage"},"image":{"@id":"https:\/\/kawasan.vn\/san-pham\/cong-tac-dieu-khien-tu-xa-01-kenh-co-hen-gio\/#primaryimage"},"thumbnailUrl":"https:\/\/kawasan.vn\/wp-content\/uploads\/2024\/04\/RF15BT1-2-900x900px.png","datePublished":"2024-04-22T06:24:49+00:00","dateModified":"2025-08-07T01:50:16+00:00","description":"C\u00f4ng t\u1eafc \u0111i\u1ec1u khi\u1ec3n t\u1eeb xa 1 k\u00eanh - c\u00f3 h\u1eb9n gi\u1edd \u1ee9ng d\u1ee5ng h\u1eb9n gi\u1edd t\u1eafc ngu\u1ed3n t\u00f9y ch\u1ecdn linh ho\u1ea1t tr\u00ean chip led hi\u1ec3n th\u1ecb th\u1eddi gian","breadcrumb":{"@id":"https:\/\/kawasan.vn\/san-pham\/cong-tac-dieu-khien-tu-xa-01-kenh-co-hen-gio\/#breadcrumb"},"inLanguage":"en-US","potentialAction":[{"@type":"ReadAction","target":["https:\/\/kawasan.vn\/san-pham\/cong-tac-dieu-khien-tu-xa-01-kenh-co-hen-gio\/"]}]},{"@type":"ImageObject","inLanguage":"en-US","@id":"https:\/\/kawasan.vn\/san-pham\/cong-tac-dieu-khien-tu-xa-01-kenh-co-hen-gio\/#primaryimage","url":"https:\/\/kawasan.vn\/wp-content\/uploads\/2024\/04\/RF15BT1-2-900x900px.png","contentUrl":"https:\/\/kawasan.vn\/wp-content\/uploads\/2024\/04\/RF15BT1-2-900x900px.png","width":900,"height":900},{"@type":"BreadcrumbList","@id":"https:\/\/kawasan.vn\/san-pham\/cong-tac-dieu-khien-tu-xa-01-kenh-co-hen-gio\/#breadcrumb","itemListElement":[{"@type":"ListItem","position":1,"name":"Trang ch\u1ee7","item":"https:\/\/kawasan.vn\/"},{"@type":"ListItem","position":2,"name":"S\u1ea3n ph\u1ea9m","item":"https:\/\/kawasan.vn\/san-pham\/"},{"@type":"ListItem","position":3,"name":"Thi\u1ebft B\u1ecb C\u00f4ng T\u1eafc \u0110i\u1ec1u Khi\u1ec3n T\u1eeb Xa 01 K\u00eanh &#8211; C\u00f3 H\u1eb9n Gi\u1edd RF15BT1"}]},{"@type":"WebSite","@id":"https:\/\/kawasan.vn\/#website","url":"https:\/\/kawasan.vn\/","name":"Kawasan","description":"","potentialAction":[{"@type":"SearchAction","target":{"@type":"EntryPoint","urlTemplate":"https:\/\/kawasan.vn\/?s={search_term_string}"},"query-input":{"@type":"PropertyValueSpecification","valueRequired":true,"valueName":"search_term_string"}}],"inLanguage":"en-US"}]}},"_links":{"self":[{"href":"https:\/\/kawasan.vn\/en\/wp-json\/wp\/v2\/product\/19113","targetHints":{"allow":["GET"]}}],"collection":[{"href":"https:\/\/kawasan.vn\/en\/wp-json\/wp\/v2\/product"}],"about":[{"href":"https:\/\/kawasan.vn\/en\/wp-json\/wp\/v2\/types\/product"}],"replies":[{"embeddable":true,"href":"https:\/\/kawasan.vn\/en\/wp-json\/wp\/v2\/comments?post=19113"}],"version-history":[{"count":10,"href":"https:\/\/kawasan.vn\/en\/wp-json\/wp\/v2\/product\/19113\/revisions"}],"predecessor-version":[{"id":24904,"href":"https:\/\/kawasan.vn\/en\/wp-json\/wp\/v2\/product\/19113\/revisions\/24904"}],"wp:featuredmedia":[{"embeddable":true,"href":"https:\/\/kawasan.vn\/en\/wp-json\/wp\/v2\/media\/23806"}],"wp:attachment":[{"href":"https:\/\/kawasan.vn\/en\/wp-json\/wp\/v2\/media?parent=19113"}],"wp:term":[{"taxonomy":"product_cat","embeddable":true,"href":"https:\/\/kawasan.vn\/en\/wp-json\/wp\/v2\/product_cat?post=19113"},{"taxonomy":"product_tag","embeddable":true,"href":"https:\/\/kawasan.vn\/en\/wp-json\/wp\/v2\/product_tag?post=19113"}],"curies":[{"name":"wp","href":"https:\/\/api.w.org\/{rel}","templated":true}]}}