{"id":19035,"date":"2024-04-20T10:58:43","date_gmt":"2024-04-20T03:58:43","guid":{"rendered":"https:\/\/kawasan.vn\/?post_type=product&#038;p=19035"},"modified":"2025-12-09T11:45:08","modified_gmt":"2025-12-09T04:45:08","slug":"remote-dieu-khien-cua-cuon-rmc1","status":"publish","type":"product","link":"https:\/\/kawasan.vn\/en\/product\/remote-dieu-khien-cua-cuon-rmc1\/","title":{"rendered":"Remote \u0110i\u1ec1u Khi\u1ec3n C\u1eeda Cu\u1ed1n RMC1 KAWASAN"},"content":{"rendered":"<h3><strong>GI\u1edaI THI\u1ec6U: Remote C\u1eeda Cu\u1ed1n RMC1<\/strong><\/h3>\n<ul>\n<li>Remote RMC1 \u0111i\u1ec1u khi\u1ec3n t\u1eeb xa cho c\u1eeda cu\u1ed1n<\/li>\n<li>Remote RMC1 \u0111i\u1ec1u khi\u1ec3n t\u1eeb xa\u00a0kho\u1ea3ng c\u00e1ch t\u1eeb 30m &#8211; 100m<\/li>\n<li>Ngo\u00e0i ra Remote c\u00f3 th\u1ec3 d\u00f9ng cho nhi\u1ec1u thi\u1ebft b\u1ecb kh\u00e1c.<\/li>\n<\/ul>\n<h2 class=\"wp-block-heading ftwp-heading\"><strong>\u0110i\u1ec1u khi\u1ec3n thi\u1ebft b\u1ecb \u0111i\u1ec7n b\u1eb1ng remote <\/strong><strong>RMC1<\/strong><strong>\u2013 \u0110i\u1ec1u khi\u1ec3n t\u1eeb xa<\/strong><\/h2>\n<p>\u0110i\u1ec1u khi\u1ec3n c\u00e1c thi\u1ebft b\u1ecb \u0111i\u1ec7n b\u1eb1ng remote hay c\u00f2n g\u1ecdi l\u00e0 \u0111i\u1ec1u khi\u1ec3n t\u1eeb xa. Trong m\u1ed9t ph\u1ea1m vi nh\u1ea5t \u0111\u1ecbnh c\u00e1c b\u1ea1n c\u00f3 th\u1ec3 d\u00f9ng remote \u0111\u1ec3 \u0111i\u1ec1u khi\u1ec3n c\u00e1c thi\u1ebft b\u1ecb \u0111i\u1ec7n ho\u1ea1t \u0111\u1ed9ng theo \u00fd m\u00ecnh nh\u01b0: b\u1eadt ngu\u1ed3n, t\u1eaft ngu\u1ed3n, c\u00f9ng c\u00e1c thao t\u00e1c kh\u00e1c. \u0110\u00e2y l\u00e0 ki\u1ec3u \u0111i\u1ec1u khi\u1ec3n th\u00f4ng d\u1ee5ng \u0111\u01b0\u1ee3c \u00e1p d\u1ee5ng r\u1ea5t r\u1ed9ng r\u00e3i trong \u0111\u1eddi s\u1ed1ng hi\u1ec7n nay.<\/p>\n<p>Nh\u1edd vi\u1ec7c s\u1eed d\u1ee5ng remote \u0111\u1ec3 \u0111i\u1ec1u khi\u1ec3n c\u00e1c thi\u1ebft b\u1ecb \u0111i\u1ec7n gi\u00fap ng\u01b0\u1eddi d\u00f9ng tr\u1ea3i nghi\u1ec7m t\u1ed1t h\u01a1n. C\u00e1c b\u1ea1n kh\u00f4ng c\u1ea7n \u0111i\u1ec1u khi\u1ec3n thi\u1ebft b\u1ecb ho\u1ea1t \u0111\u1ed9ng tr\u1ef1c ti\u1ebfp nh\u1edd c\u00e1c n\u00fat tr\u00ean thi\u1ebft b\u1ecb n\u1eefa. Thay v\u00e0o \u0111\u00f3 ch\u1ec9 c\u1ea7n \u0111\u1ee9ng xa c\u00f3 th\u1ec3 \u0111i\u1ec1u khi\u1ec3n thi\u1ebft b\u1ecb \u0111i\u1ec7n theo nhu c\u1ea7u c\u00e1 nh\u00e2n.<\/p>\n<p>&nbsp;<\/p>\n<p style=\"text-align: center;\"><strong>Thank you for trusting Kawasan products!<\/strong><\/p>\n<p style=\"text-align: center;\"><strong>Toll-Free Consulting Hotline: <span style=\"color: #ff0000;\">1800 0058<\/span><\/strong><\/p>\n<p style=\"text-align: center;\"><strong>Website:<\/strong><strong>\u00a0<a href=\"http:\/\/kawasan.com.vn\/\" data-cke-saved-href=\"http:\/\/kawasan.com.vn\">www.kawasan.com.vn<\/a><\/strong><\/p>\n<p>\u0110\u1eb7t h\u00e0ng tr\u1ef1c tuy\u1ebfn <span style=\"color: #0000ff;\"><a style=\"color: #0000ff;\" href=\"https:\/\/kawasan.vn\/en\/product\/remote-dieu-khien-cua-cuon-rmc1\/\">t\u1ea1i \u0111\u00e2y<\/a><\/span><\/p>\n<p>Xem th\u00eam s\u1ea3n ph\u1ea9m kh\u00e1c <span style=\"color: #0000ff;\"><a style=\"color: #0000ff;\" href=\"https:\/\/thegioidienthongminh.com\/danh-muc\/dieu-khien-tu-xa\/page\/2\/\">t\u1ea1i \u0111\u00e2y<\/a><\/span><\/p>\n<p>&nbsp;<\/p>","protected":false},"excerpt":{"rendered":"<p>GI\u1edaI THI\u1ec6U: Remote C\u1eeda Cu\u1ed1n RMC1 Remote RMC1 \u0111i\u1ec1u khi\u1ec3n t\u1eeb xa cho c\u1eeda cu\u1ed1n Remote RMC1 \u0111i\u1ec1u khi\u1ec3n t\u1eeb xa\u00a0kho\u1ea3ng c\u00e1ch t\u1eeb 30m &#8211; 100m Ngo\u00e0i ra Remote c\u00f3 th\u1ec3 d\u00f9ng cho nhi\u1ec1u thi\u1ebft b\u1ecb kh\u00e1c. \u0110i\u1ec1u khi\u1ec3n thi\u1ebft b\u1ecb \u0111i\u1ec7n b\u1eb1ng remote RMC1\u2013 \u0110i\u1ec1u khi\u1ec3n t\u1eeb xa \u0110i\u1ec1u khi\u1ec3n c\u00e1c thi\u1ebft b\u1ecb \u0111i\u1ec7n [&hellip;]<\/p>","protected":false},"featured_media":19036,"comment_status":"open","ping_status":"closed","template":"","meta":{"_yoast_wpseo_focuskw":"remote RMC1","_yoast_wpseo_metadesc":"Remote c\u1eeda cu\u1ed1n RMC1 c\u00f3 th\u1ec3 \u0111i\u1ec1u khi\u1ec3n \u0111\u01b0\u1ee3c thi\u1ebft b\u1ecb trong ph\u1ea1m v\u1ecb t\u1eeb 30 ~ 100m. Remote \u0111i\u1ec1u khi\u1ec3n c\u00e1c thi\u1ebft b\u1ecb \u0111i\u1ec7n gi\u00fap ng\u01b0\u1eddi d\u00f9ng tr\u1ea3i nghi\u1ec7m t\u1ed1t h\u01a1n","_yoast_wpseo_focuskeywords":"","_yoast_wpseo_keyword_synonyms":""},"product_cat":[15,85],"product_tag":[532,1234,1243,1247,1241,1236,1058,1239,1242,528,1063,1235,1233,599,1240,939,1127,1140,1130,1238,1246,1245,1132,964,1244,603,1142,607,598,1237,867,865,950,949,947,948,866],"class_list":["post-19035","product","type-product","status-publish","has-post-thumbnail","hentry","product_cat-cong-tac-cam-ung-chuyen-dong","product_cat-hang-khuyen-mai-soc","product_tag-cong-tac-cam-bien","product_tag-cong-tac-cam-bien-anh-sang","product_tag-cong-tac-cam-bien-anh-sang-220v","product_tag-cong-tac-cam-bien-bat-tat-den","product_tag-cong-tac-cam-bien-cau-thang","product_tag-cong-tac-cam-bien-chuyen-dong","product_tag-cong-tac-cam-bien-hong-ngoai","product_tag-cong-tac-cam-bien-hong-ngoai-220v","product_tag-cong-tac-cam-bien-nguoi","product_tag-cong-tac-cam-ung","product_tag-cong-tac-cam-ung-thong-minh","product_tag-cong-tac-cua-cuon","product_tag-cong-tac-cua-cuon-thong-minh","product_tag-cong-tac-cua-cuon-wifi","product_tag-cong-tac-den-cau-thang","product_tag-cong-tac-den-thong-minh","product_tag-cong-tac-dien-cam-ung","product_tag-cong-tac-dien-dieu-khien-tu-xa-bang-dien-thoai","product_tag-cong-tac-dien-thong-minh","product_tag-cong-tac-dien-thong-minh-wifi","product_tag-cong-tac-dieu-khien-bang-dien-thoai","product_tag-cong-tac-dieu-khien-tu-xa-qua-dien-thoai","product_tag-cong-tac-dieu-khien-tu-xa-qua-wifi-3g","product_tag-cong-tac-hen-gio-thong-minh","product_tag-cong-tac-hong-ngoai","product_tag-cong-tac-thong-minh","product_tag-cong-tac-thong-minh-dieu-khien-tu-xa","product_tag-cong-tac-thong-minh-wifi","product_tag-cong-tac-wifi","product_tag-cua-cuon-thong-minh","product_tag-remote","product_tag-remote-dieu-khien","product_tag-remote-gia-re","product_tag-remote-gia-tot","product_tag-remote-kawasan","product_tag-remote-thong-minh","product_tag-thiet-bi-dieu-khien-tu-xa-cho-cua-cuon"],"acf":[],"yoast_head":"<!-- This site is optimized with the Yoast SEO Premium plugin v24.9 (Yoast SEO v24.9) - https:\/\/yoast.com\/wordpress\/plugins\/seo\/ -->\n<title>Remote \u0110i\u1ec1u Khi\u1ec3n C\u1eeda Cu\u1ed1n RMC1 KAWASAN - Kawasan<\/title>\n<meta name=\"description\" content=\"Remote c\u1eeda cu\u1ed1n RMC1 c\u00f3 th\u1ec3 \u0111i\u1ec1u khi\u1ec3n \u0111\u01b0\u1ee3c thi\u1ebft b\u1ecb trong ph\u1ea1m v\u1ecb t\u1eeb 30 ~ 100m. Remote \u0111i\u1ec1u khi\u1ec3n c\u00e1c thi\u1ebft b\u1ecb \u0111i\u1ec7n gi\u00fap ng\u01b0\u1eddi d\u00f9ng tr\u1ea3i nghi\u1ec7m t\u1ed1t h\u01a1n\" \/>\n<meta name=\"robots\" content=\"index, follow, max-snippet:-1, max-image-preview:large, max-video-preview:-1\" \/>\n<link rel=\"canonical\" href=\"https:\/\/kawasan.vn\/en\/product\/remote-dieu-khien-cua-cuon-rmc1\/\" \/>\n<meta property=\"og:locale\" content=\"en_US\" \/>\n<meta property=\"og:type\" content=\"article\" \/>\n<meta property=\"og:title\" content=\"Remote \u0110i\u1ec1u Khi\u1ec3n C\u1eeda Cu\u1ed1n RMC1 KAWASAN\" \/>\n<meta property=\"og:description\" content=\"Remote c\u1eeda cu\u1ed1n RMC1 c\u00f3 th\u1ec3 \u0111i\u1ec1u khi\u1ec3n \u0111\u01b0\u1ee3c thi\u1ebft b\u1ecb trong ph\u1ea1m v\u1ecb t\u1eeb 30 ~ 100m. Remote \u0111i\u1ec1u khi\u1ec3n c\u00e1c thi\u1ebft b\u1ecb \u0111i\u1ec7n gi\u00fap ng\u01b0\u1eddi d\u00f9ng tr\u1ea3i nghi\u1ec7m t\u1ed1t h\u01a1n\" \/>\n<meta property=\"og:url\" content=\"https:\/\/kawasan.vn\/en\/product\/remote-dieu-khien-cua-cuon-rmc1\/\" \/>\n<meta property=\"og:site_name\" content=\"Kawasan\" \/>\n<meta property=\"article:modified_time\" content=\"2025-12-09T04:45:08+00:00\" \/>\n<meta property=\"og:image\" content=\"https:\/\/kawasan.vn\/wp-content\/uploads\/2024\/04\/Add-a-heading-13.png\" \/>\n\t<meta property=\"og:image:width\" content=\"600\" \/>\n\t<meta property=\"og:image:height\" content=\"600\" \/>\n\t<meta property=\"og:image:type\" content=\"image\/png\" \/>\n<meta name=\"twitter:card\" content=\"summary_large_image\" \/>\n<meta name=\"twitter:label1\" content=\"Est. reading time\" \/>\n\t<meta name=\"twitter:data1\" content=\"2 minutes\" \/>\n<script type=\"application\/ld+json\" class=\"yoast-schema-graph\">{\"@context\":\"https:\/\/schema.org\",\"@graph\":[{\"@type\":\"WebPage\",\"@id\":\"https:\/\/kawasan.vn\/san-pham\/remote-dieu-khien-cua-cuon-rmc1\/\",\"url\":\"https:\/\/kawasan.vn\/san-pham\/remote-dieu-khien-cua-cuon-rmc1\/\",\"name\":\"Remote \u0110i\u1ec1u Khi\u1ec3n C\u1eeda Cu\u1ed1n RMC1 KAWASAN - Kawasan\",\"isPartOf\":{\"@id\":\"https:\/\/kawasan.vn\/#website\"},\"primaryImageOfPage\":{\"@id\":\"https:\/\/kawasan.vn\/san-pham\/remote-dieu-khien-cua-cuon-rmc1\/#primaryimage\"},\"image\":{\"@id\":\"https:\/\/kawasan.vn\/san-pham\/remote-dieu-khien-cua-cuon-rmc1\/#primaryimage\"},\"thumbnailUrl\":\"https:\/\/kawasan.vn\/wp-content\/uploads\/2024\/04\/Add-a-heading-13.png\",\"datePublished\":\"2024-04-20T03:58:43+00:00\",\"dateModified\":\"2025-12-09T04:45:08+00:00\",\"description\":\"Remote c\u1eeda cu\u1ed1n RMC1 c\u00f3 th\u1ec3 \u0111i\u1ec1u khi\u1ec3n \u0111\u01b0\u1ee3c thi\u1ebft b\u1ecb trong ph\u1ea1m v\u1ecb t\u1eeb 30 ~ 100m. Remote \u0111i\u1ec1u khi\u1ec3n c\u00e1c thi\u1ebft b\u1ecb \u0111i\u1ec7n gi\u00fap ng\u01b0\u1eddi d\u00f9ng tr\u1ea3i nghi\u1ec7m t\u1ed1t h\u01a1n\",\"breadcrumb\":{\"@id\":\"https:\/\/kawasan.vn\/san-pham\/remote-dieu-khien-cua-cuon-rmc1\/#breadcrumb\"},\"inLanguage\":\"en-US\",\"potentialAction\":[{\"@type\":\"ReadAction\",\"target\":[\"https:\/\/kawasan.vn\/san-pham\/remote-dieu-khien-cua-cuon-rmc1\/\"]}]},{\"@type\":\"ImageObject\",\"inLanguage\":\"en-US\",\"@id\":\"https:\/\/kawasan.vn\/san-pham\/remote-dieu-khien-cua-cuon-rmc1\/#primaryimage\",\"url\":\"https:\/\/kawasan.vn\/wp-content\/uploads\/2024\/04\/Add-a-heading-13.png\",\"contentUrl\":\"https:\/\/kawasan.vn\/wp-content\/uploads\/2024\/04\/Add-a-heading-13.png\",\"width\":600,\"height\":600},{\"@type\":\"BreadcrumbList\",\"@id\":\"https:\/\/kawasan.vn\/san-pham\/remote-dieu-khien-cua-cuon-rmc1\/#breadcrumb\",\"itemListElement\":[{\"@type\":\"ListItem\",\"position\":1,\"name\":\"Trang ch\u1ee7\",\"item\":\"https:\/\/kawasan.vn\/\"},{\"@type\":\"ListItem\",\"position\":2,\"name\":\"S\u1ea3n ph\u1ea9m\",\"item\":\"https:\/\/kawasan.vn\/san-pham\/\"},{\"@type\":\"ListItem\",\"position\":3,\"name\":\"Remote \u0110i\u1ec1u Khi\u1ec3n C\u1eeda Cu\u1ed1n RMC1 KAWASAN\"}]},{\"@type\":\"WebSite\",\"@id\":\"https:\/\/kawasan.vn\/#website\",\"url\":\"https:\/\/kawasan.vn\/\",\"name\":\"Kawasan\",\"description\":\"\",\"potentialAction\":[{\"@type\":\"SearchAction\",\"target\":{\"@type\":\"EntryPoint\",\"urlTemplate\":\"https:\/\/kawasan.vn\/?s={search_term_string}\"},\"query-input\":{\"@type\":\"PropertyValueSpecification\",\"valueRequired\":true,\"valueName\":\"search_term_string\"}}],\"inLanguage\":\"en-US\"}]}<\/script>\n<!-- \/ Yoast SEO Premium plugin. -->","yoast_head_json":{"title":"Remote \u0110i\u1ec1u Khi\u1ec3n C\u1eeda Cu\u1ed1n RMC1 KAWASAN - Kawasan","description":"Remote c\u1eeda cu\u1ed1n RMC1 c\u00f3 th\u1ec3 \u0111i\u1ec1u khi\u1ec3n \u0111\u01b0\u1ee3c thi\u1ebft b\u1ecb trong ph\u1ea1m v\u1ecb t\u1eeb 30 ~ 100m. Remote \u0111i\u1ec1u khi\u1ec3n c\u00e1c thi\u1ebft b\u1ecb \u0111i\u1ec7n gi\u00fap ng\u01b0\u1eddi d\u00f9ng tr\u1ea3i nghi\u1ec7m t\u1ed1t h\u01a1n","robots":{"index":"index","follow":"follow","max-snippet":"max-snippet:-1","max-image-preview":"max-image-preview:large","max-video-preview":"max-video-preview:-1"},"canonical":"https:\/\/kawasan.vn\/en\/product\/remote-dieu-khien-cua-cuon-rmc1\/","og_locale":"en_US","og_type":"article","og_title":"Remote \u0110i\u1ec1u Khi\u1ec3n C\u1eeda Cu\u1ed1n RMC1 KAWASAN","og_description":"Remote c\u1eeda cu\u1ed1n RMC1 c\u00f3 th\u1ec3 \u0111i\u1ec1u khi\u1ec3n \u0111\u01b0\u1ee3c thi\u1ebft b\u1ecb trong ph\u1ea1m v\u1ecb t\u1eeb 30 ~ 100m. Remote \u0111i\u1ec1u khi\u1ec3n c\u00e1c thi\u1ebft b\u1ecb \u0111i\u1ec7n gi\u00fap ng\u01b0\u1eddi d\u00f9ng tr\u1ea3i nghi\u1ec7m t\u1ed1t h\u01a1n","og_url":"https:\/\/kawasan.vn\/en\/product\/remote-dieu-khien-cua-cuon-rmc1\/","og_site_name":"Kawasan","article_modified_time":"2025-12-09T04:45:08+00:00","og_image":[{"width":600,"height":600,"url":"https:\/\/kawasan.vn\/wp-content\/uploads\/2024\/04\/Add-a-heading-13.png","type":"image\/png"}],"twitter_card":"summary_large_image","twitter_misc":{"Est. reading time":"2 minutes"},"schema":{"@context":"https:\/\/schema.org","@graph":[{"@type":"WebPage","@id":"https:\/\/kawasan.vn\/san-pham\/remote-dieu-khien-cua-cuon-rmc1\/","url":"https:\/\/kawasan.vn\/san-pham\/remote-dieu-khien-cua-cuon-rmc1\/","name":"Remote \u0110i\u1ec1u Khi\u1ec3n C\u1eeda Cu\u1ed1n RMC1 KAWASAN - Kawasan","isPartOf":{"@id":"https:\/\/kawasan.vn\/#website"},"primaryImageOfPage":{"@id":"https:\/\/kawasan.vn\/san-pham\/remote-dieu-khien-cua-cuon-rmc1\/#primaryimage"},"image":{"@id":"https:\/\/kawasan.vn\/san-pham\/remote-dieu-khien-cua-cuon-rmc1\/#primaryimage"},"thumbnailUrl":"https:\/\/kawasan.vn\/wp-content\/uploads\/2024\/04\/Add-a-heading-13.png","datePublished":"2024-04-20T03:58:43+00:00","dateModified":"2025-12-09T04:45:08+00:00","description":"Remote c\u1eeda cu\u1ed1n RMC1 c\u00f3 th\u1ec3 \u0111i\u1ec1u khi\u1ec3n \u0111\u01b0\u1ee3c thi\u1ebft b\u1ecb trong ph\u1ea1m v\u1ecb t\u1eeb 30 ~ 100m. Remote \u0111i\u1ec1u khi\u1ec3n c\u00e1c thi\u1ebft b\u1ecb \u0111i\u1ec7n gi\u00fap ng\u01b0\u1eddi d\u00f9ng tr\u1ea3i nghi\u1ec7m t\u1ed1t h\u01a1n","breadcrumb":{"@id":"https:\/\/kawasan.vn\/san-pham\/remote-dieu-khien-cua-cuon-rmc1\/#breadcrumb"},"inLanguage":"en-US","potentialAction":[{"@type":"ReadAction","target":["https:\/\/kawasan.vn\/san-pham\/remote-dieu-khien-cua-cuon-rmc1\/"]}]},{"@type":"ImageObject","inLanguage":"en-US","@id":"https:\/\/kawasan.vn\/san-pham\/remote-dieu-khien-cua-cuon-rmc1\/#primaryimage","url":"https:\/\/kawasan.vn\/wp-content\/uploads\/2024\/04\/Add-a-heading-13.png","contentUrl":"https:\/\/kawasan.vn\/wp-content\/uploads\/2024\/04\/Add-a-heading-13.png","width":600,"height":600},{"@type":"BreadcrumbList","@id":"https:\/\/kawasan.vn\/san-pham\/remote-dieu-khien-cua-cuon-rmc1\/#breadcrumb","itemListElement":[{"@type":"ListItem","position":1,"name":"Trang ch\u1ee7","item":"https:\/\/kawasan.vn\/"},{"@type":"ListItem","position":2,"name":"S\u1ea3n ph\u1ea9m","item":"https:\/\/kawasan.vn\/san-pham\/"},{"@type":"ListItem","position":3,"name":"Remote \u0110i\u1ec1u Khi\u1ec3n C\u1eeda Cu\u1ed1n RMC1 KAWASAN"}]},{"@type":"WebSite","@id":"https:\/\/kawasan.vn\/#website","url":"https:\/\/kawasan.vn\/","name":"Kawasan","description":"","potentialAction":[{"@type":"SearchAction","target":{"@type":"EntryPoint","urlTemplate":"https:\/\/kawasan.vn\/?s={search_term_string}"},"query-input":{"@type":"PropertyValueSpecification","valueRequired":true,"valueName":"search_term_string"}}],"inLanguage":"en-US"}]}},"_links":{"self":[{"href":"https:\/\/kawasan.vn\/en\/wp-json\/wp\/v2\/product\/19035","targetHints":{"allow":["GET"]}}],"collection":[{"href":"https:\/\/kawasan.vn\/en\/wp-json\/wp\/v2\/product"}],"about":[{"href":"https:\/\/kawasan.vn\/en\/wp-json\/wp\/v2\/types\/product"}],"replies":[{"embeddable":true,"href":"https:\/\/kawasan.vn\/en\/wp-json\/wp\/v2\/comments?post=19035"}],"version-history":[{"count":3,"href":"https:\/\/kawasan.vn\/en\/wp-json\/wp\/v2\/product\/19035\/revisions"}],"predecessor-version":[{"id":19891,"href":"https:\/\/kawasan.vn\/en\/wp-json\/wp\/v2\/product\/19035\/revisions\/19891"}],"wp:featuredmedia":[{"embeddable":true,"href":"https:\/\/kawasan.vn\/en\/wp-json\/wp\/v2\/media\/19036"}],"wp:attachment":[{"href":"https:\/\/kawasan.vn\/en\/wp-json\/wp\/v2\/media?parent=19035"}],"wp:term":[{"taxonomy":"product_cat","embeddable":true,"href":"https:\/\/kawasan.vn\/en\/wp-json\/wp\/v2\/product_cat?post=19035"},{"taxonomy":"product_tag","embeddable":true,"href":"https:\/\/kawasan.vn\/en\/wp-json\/wp\/v2\/product_tag?post=19035"}],"curies":[{"name":"wp","href":"https:\/\/api.w.org\/{rel}","templated":true}]}}